{"id":285756,"date":"2024-03-06T23:20:13","date_gmt":"2024-03-06T22:20:13","guid":{"rendered":"https:\/\/ecosupplements.be\/product\/ashwagandha-ksm-66-100-comprimes\/"},"modified":"2025-08-27T13:56:11","modified_gmt":"2025-08-27T12:56:11","slug":"ashwagandha-ksm-66-100-comprimes","status":"publish","type":"product","link":"https:\/\/ecosupplements.be\/fr\/produit\/ashwagandha-ksm-66-100-comprimes\/","title":{"rendered":"Ashwagandha KSM-66 &#8211; 100 comprim\u00e9s"},"content":{"rendered":"<h1>Ashwagandha \u200cKSM-66 &#8211; 100 comprim\u00e9s<\/h1>\n<p>L&#8217;Ashwagandha KSM-66 est un compl\u00e9ment alimentaire \u200dde la marque Allnutrition, \u2063originaire de Pologne. Il s&#8217;agit d&#8217;un\u200b produit \u00e0 base d&#8217;Ashwagandha, une plante\u200c utilis\u00e9e depuis\u200c des si\u00e8cles dans la \u200cm\u00e9decine ayurv\u00e9dique pour ses nombreuses propri\u00e9t\u00e9s\u200b b\u00e9n\u00e9fiques pour la sant\u00e9.<\/p>\n<h2>Caract\u00e9ristiques sp\u00e9ciales<\/h2>\n<ul>\n<li>Contient \u2064de l&#8217;Ashwagandha \u2063KSM-66, une forme hautement concentr\u00e9e et brevet\u00e9e de la plante<\/li>\n<li>100 comprim\u00e9s par bo\u00eete, pour une cure de\u200c 50 jours<\/li>\n<li>Fabriqu\u00e9 en Pologne,\u2062 selon des normes strictes de qualit\u00e9<\/li>\n<li>Convient aux v\u00e9g\u00e9tariens et v\u00e9g\u00e9taliens<\/li>\n<\/ul>\n<h2>Ingr\u00e9dients<\/h2>\n<p>Chaque comprim\u00e9 contient 300 mg d&#8217;extrait d&#8217;Ashwagandha KSM-66, ainsi que des excipients \u2062tels que\u2062 le st\u00e9arate de magn\u00e9sium et le dioxyde\u2063 de silicium.<\/p>\n<h2>Avantages uniques<\/h2>\n<p>L&#8217;Ashwagandha KSM-66 est un compl\u00e9ment alimentaire naturel qui peut apporter de nombreux bienfaits\u200c pour la \u2062sant\u00e9, notamment :<\/p>\n<ul>\n<li>Renforce le syst\u00e8me immunitaire<\/li>\n<li>Am\u00e9liore la r\u00e9sistance au stress et \u00e0 l&#8217;anxi\u00e9t\u00e9<\/li>\n<li>Augmente l&#8217;\u00e9nergie et la vitalit\u00e9<\/li>\n<li>Am\u00e9liore \u200dla \u2064qualit\u00e9\u2064 du sommeil<\/li>\n<li>Contribue \u00e0 une meilleure sant\u00e9 mentale et \u00e9motionnelle<\/li>\n<\/ul>\n<h2>Mode d&#8217;emploi<\/h2>\n<p>Il est \u200brecommand\u00e9 \u200cde \u200cprendre 2\u200b comprim\u00e9s par jour, de pr\u00e9f\u00e9rence avec un repas. Ne\u2063 pas d\u00e9passer la dose\u2064 quotidienne recommand\u00e9e.<\/p>\n<p>Il est important de noter que\u2063 les compl\u00e9ments\u2062 alimentaires\u200d ne \u200bdoivent pas \u00eatre utilis\u00e9s comme substituts \u00e0 une alimentation\u2062 \u00e9quilibr\u00e9e et vari\u00e9e, et \u00e0 un mode de \u2063vie \u200csain.<\/p>\n<h2>Pourquoi choisir l&#8217;Ashwagandha\u200b KSM-66 de Allnutrition ?<\/h2>\n<p>L&#8217;Ashwagandha KSM-66 de Allnutrition est un produit de qualit\u00e9 sup\u00e9rieure, fabriqu\u00e9 en Pologne selon des normes strictes de qualit\u00e9. Il contient une forme hautement concentr\u00e9e et brevet\u00e9e d&#8217;Ashwagandha, \u2062pour une\u200b efficacit\u00e9 maximale. \u200bDe plus, il convient aux \u2063v\u00e9g\u00e9tariens et v\u00e9g\u00e9taliens.<\/p>\n<p>Choisir l&#8217;Ashwagandha KSM-66 de Allnutrition, c&#8217;est choisir un compl\u00e9ment alimentaire\u2063 naturel pour am\u00e9liorer \u2064votre bien-\u00eatre et votre sant\u00e9 globale.<\/p>\n","protected":false},"excerpt":{"rendered":"<p>Ashwagandha \u200cKSM-66 &#8211; 100 comprim\u00e9s L&#8217;Ashwagandha KSM-66 est un compl\u00e9ment alimentaire \u200dde la marque Allnutrition, \u2063originaire de Pologne. Il s&#8217;agit d&#8217;un\u200b produit \u00e0 base d&#8217;Ashwagandha, une plante\u200c utilis\u00e9e depuis\u200c des si\u00e8cles dans la \u200cm\u00e9decine ayurv\u00e9dique pour ses nombreuses propri\u00e9t\u00e9s\u200b b\u00e9n\u00e9fiques pour la sant\u00e9. Caract\u00e9ristiques sp\u00e9ciales Contient \u2064de l&#8217;Ashwagandha \u2063KSM-66, une forme hautement concentr\u00e9e et brevet\u00e9e [&#8230;]\n","protected":false},"featured_media":263135,"comment_status":"open","ping_status":"open","template":"","meta":[],"product_brand":[4634],"product_cat":[5052,5053,5161],"product_tag":[],"class_list":{"0":"post-285756","1":"product","2":"type-product","3":"status-publish","4":"has-post-thumbnail","6":"product_brand-allnutrition-2","7":"product_cat-sante-et-bien-etre","8":"product_cat-vitamines-et-mineraux","9":"product_cat-vitamines-pour-hommes","11":"first","12":"instock","13":"taxable","14":"shipping-taxable","15":"purchasable","16":"product-type-simple"},"yoast_head":"<!-- This site is optimized with the Yoast SEO Premium plugin v27.5 (Yoast SEO v27.5) - https:\/\/yoast.com\/product\/yoast-seo-premium-wordpress\/ -->\n<title>Ashwagandha KSM-66 - 100 comprim\u00e9s - ECO Supplements<\/title>\n<meta name=\"description\" content=\"Wij hebben een ruime keuze aan producten van Ashwagandha KSM-66 - 100 comprim\u00e9s . Winkel bij Eco Supplements altijd gratis verzending boven 100\u20ac\" \/>\n<meta name=\"robots\" content=\"index, follow, max-snippet:-1, max-image-preview:large, max-video-preview:-1\" \/>\n<link rel=\"canonical\" href=\"https:\/\/ecosupplements.be\/fr\/produit\/ashwagandha-ksm-66-100-comprimes\/\" \/>\n<meta property=\"og:locale\" content=\"fr_FR\" \/>\n<meta property=\"og:type\" content=\"article\" \/>\n<meta property=\"og:title\" content=\"Ashwagandha KSM-66 - 100 comprim\u00e9s\" \/>\n<meta property=\"og:description\" content=\"Wij hebben een ruime keuze aan producten van Ashwagandha KSM-66 - 100 comprim\u00e9s . Winkel bij Eco Supplements altijd gratis verzending boven 100\u20ac\" \/>\n<meta property=\"og:url\" content=\"https:\/\/ecosupplements.be\/fr\/produit\/ashwagandha-ksm-66-100-comprimes\/\" \/>\n<meta property=\"og:site_name\" content=\"ECO Supplements\" \/>\n<meta property=\"article:modified_time\" content=\"2025-08-27T12:56:11+00:00\" \/>\n<meta property=\"og:image\" content=\"https:\/\/ecosupplements.be\/wp-content\/uploads\/2025\/08\/Ashwagandha-KSM-66-100-tablets-1.jpg\" \/>\n\t<meta property=\"og:image:width\" content=\"500\" \/>\n\t<meta property=\"og:image:height\" content=\"500\" \/>\n\t<meta property=\"og:image:type\" content=\"image\/jpeg\" \/>\n<meta name=\"twitter:card\" content=\"summary_large_image\" \/>\n<meta name=\"twitter:label1\" content=\"Prix\" \/>\n\t<meta name=\"twitter:data1\" content=\"14.30&nbsp;&euro;\" \/>\n\t<meta name=\"twitter:label2\" content=\"Disponibilit\u00e9\" \/>\n\t<meta name=\"twitter:data2\" content=\"En stock\" \/>\n<script type=\"application\/ld+json\" class=\"yoast-schema-graph\">{\"@context\":\"https:\\\/\\\/schema.org\",\"@graph\":[{\"@type\":[\"WebPage\",\"ItemPage\"],\"@id\":\"https:\\\/\\\/ecosupplements.be\\\/fr\\\/produit\\\/ashwagandha-ksm-66-100-comprimes\\\/\",\"url\":\"https:\\\/\\\/ecosupplements.be\\\/fr\\\/produit\\\/ashwagandha-ksm-66-100-comprimes\\\/\",\"name\":\"Ashwagandha KSM-66 - 100 comprim\u00e9s - ECO Supplements\",\"isPartOf\":{\"@id\":\"https:\\\/\\\/ecosupplements.be\\\/fr\\\/#website\"},\"primaryImageOfPage\":{\"@id\":\"https:\\\/\\\/ecosupplements.be\\\/fr\\\/produit\\\/ashwagandha-ksm-66-100-comprimes\\\/#primaryimage\"},\"image\":{\"@id\":\"https:\\\/\\\/ecosupplements.be\\\/fr\\\/produit\\\/ashwagandha-ksm-66-100-comprimes\\\/#primaryimage\"},\"thumbnailUrl\":\"https:\\\/\\\/ecosupplements.be\\\/wp-content\\\/uploads\\\/2025\\\/08\\\/Ashwagandha-KSM-66-100-tablets.jpg\",\"datePublished\":\"2024-03-06T22:20:13+00:00\",\"dateModified\":\"2025-08-27T12:56:11+00:00\",\"description\":\"Wij hebben een ruime keuze aan producten van Ashwagandha KSM-66 - 100 comprim\u00e9s . Winkel bij Eco Supplements altijd gratis verzending boven 100\u20ac\",\"breadcrumb\":{\"@id\":\"https:\\\/\\\/ecosupplements.be\\\/fr\\\/produit\\\/ashwagandha-ksm-66-100-comprimes\\\/#breadcrumb\"},\"inLanguage\":\"fr-FR\",\"potentialAction\":[{\"@type\":\"ReadAction\",\"target\":[\"https:\\\/\\\/ecosupplements.be\\\/fr\\\/produit\\\/ashwagandha-ksm-66-100-comprimes\\\/\"]}]},{\"@type\":\"ImageObject\",\"inLanguage\":\"fr-FR\",\"@id\":\"https:\\\/\\\/ecosupplements.be\\\/fr\\\/produit\\\/ashwagandha-ksm-66-100-comprimes\\\/#primaryimage\",\"url\":\"https:\\\/\\\/ecosupplements.be\\\/wp-content\\\/uploads\\\/2025\\\/08\\\/Ashwagandha-KSM-66-100-tablets.jpg\",\"contentUrl\":\"https:\\\/\\\/ecosupplements.be\\\/wp-content\\\/uploads\\\/2025\\\/08\\\/Ashwagandha-KSM-66-100-tablets.jpg\",\"width\":500,\"height\":500},{\"@type\":\"BreadcrumbList\",\"@id\":\"https:\\\/\\\/ecosupplements.be\\\/fr\\\/produit\\\/ashwagandha-ksm-66-100-comprimes\\\/#breadcrumb\",\"itemListElement\":[{\"@type\":\"ListItem\",\"position\":1,\"name\":\"Home\",\"item\":\"https:\\\/\\\/ecosupplements.be\\\/fr\\\/\"},{\"@type\":\"ListItem\",\"position\":2,\"name\":\"Boutique\",\"item\":\"https:\\\/\\\/ecosupplements.be\\\/fr\\\/boutique\\\/\"},{\"@type\":\"ListItem\",\"position\":3,\"name\":\"Ashwagandha KSM-66 &#8211; 100 comprim\u00e9s\"}]},{\"@type\":\"WebSite\",\"@id\":\"https:\\\/\\\/ecosupplements.be\\\/fr\\\/#website\",\"url\":\"https:\\\/\\\/ecosupplements.be\\\/fr\\\/\",\"name\":\"ECO Supplements\",\"description\":\"Eco Supplements - Gezonde supplementen\",\"publisher\":{\"@id\":\"https:\\\/\\\/ecosupplements.be\\\/fr\\\/#organization\"},\"potentialAction\":[{\"@type\":\"SearchAction\",\"target\":{\"@type\":\"EntryPoint\",\"urlTemplate\":\"https:\\\/\\\/ecosupplements.be\\\/fr\\\/?s={search_term_string}\"},\"query-input\":{\"@type\":\"PropertyValueSpecification\",\"valueRequired\":true,\"valueName\":\"search_term_string\"}}],\"inLanguage\":\"fr-FR\"},{\"@type\":\"Organization\",\"@id\":\"https:\\\/\\\/ecosupplements.be\\\/fr\\\/#organization\",\"name\":\"Eco Supplements\",\"url\":\"https:\\\/\\\/ecosupplements.be\\\/fr\\\/\",\"logo\":{\"@type\":\"ImageObject\",\"inLanguage\":\"fr-FR\",\"@id\":\"https:\\\/\\\/ecosupplements.be\\\/fr\\\/#\\\/schema\\\/logo\\\/image\\\/\",\"url\":\"https:\\\/\\\/ecosupplements.be\\\/wp-content\\\/uploads\\\/2022\\\/06\\\/ecosupplement-family.png\",\"contentUrl\":\"https:\\\/\\\/ecosupplements.be\\\/wp-content\\\/uploads\\\/2022\\\/06\\\/ecosupplement-family.png\",\"width\":593,\"height\":374,\"caption\":\"Eco Supplements\"},\"image\":{\"@id\":\"https:\\\/\\\/ecosupplements.be\\\/fr\\\/#\\\/schema\\\/logo\\\/image\\\/\"}}]}<\/script>\n<meta property=\"product:brand\" content=\"Allnutrition\" \/>\n<meta property=\"product:price:amount\" content=\"14.30\" \/>\n<meta property=\"product:price:currency\" content=\"EUR\" \/>\n<meta property=\"og:availability\" content=\"instock\" \/>\n<meta property=\"product:availability\" content=\"instock\" \/>\n<meta property=\"product:retailer_item_id\" content=\"5902837746883\" \/>\n<meta property=\"product:condition\" content=\"new\" \/>\n<!-- \/ Yoast SEO Premium plugin. -->","yoast_head_json":{"title":"Ashwagandha KSM-66 - 100 comprim\u00e9s - ECO Supplements","description":"Wij hebben een ruime keuze aan producten van Ashwagandha KSM-66 - 100 comprim\u00e9s . Winkel bij Eco Supplements altijd gratis verzending boven 100\u20ac","robots":{"index":"index","follow":"follow","max-snippet":"max-snippet:-1","max-image-preview":"max-image-preview:large","max-video-preview":"max-video-preview:-1"},"canonical":"https:\/\/ecosupplements.be\/fr\/produit\/ashwagandha-ksm-66-100-comprimes\/","og_locale":"fr_FR","og_type":"article","og_title":"Ashwagandha KSM-66 - 100 comprim\u00e9s","og_description":"Wij hebben een ruime keuze aan producten van Ashwagandha KSM-66 - 100 comprim\u00e9s . Winkel bij Eco Supplements altijd gratis verzending boven 100\u20ac","og_url":"https:\/\/ecosupplements.be\/fr\/produit\/ashwagandha-ksm-66-100-comprimes\/","og_site_name":"ECO Supplements","article_modified_time":"2025-08-27T12:56:11+00:00","og_image":[{"width":500,"height":500,"url":"https:\/\/ecosupplements.be\/wp-content\/uploads\/2025\/08\/Ashwagandha-KSM-66-100-tablets-1.jpg","type":"image\/jpeg"}],"twitter_card":"summary_large_image","twitter_misc":{"Prix":"14.30&nbsp;&euro;","Disponibilit\u00e9":"En stock"},"schema":{"@context":"https:\/\/schema.org","@graph":[{"@type":["WebPage","ItemPage"],"@id":"https:\/\/ecosupplements.be\/fr\/produit\/ashwagandha-ksm-66-100-comprimes\/","url":"https:\/\/ecosupplements.be\/fr\/produit\/ashwagandha-ksm-66-100-comprimes\/","name":"Ashwagandha KSM-66 - 100 comprim\u00e9s - ECO Supplements","isPartOf":{"@id":"https:\/\/ecosupplements.be\/fr\/#website"},"primaryImageOfPage":{"@id":"https:\/\/ecosupplements.be\/fr\/produit\/ashwagandha-ksm-66-100-comprimes\/#primaryimage"},"image":{"@id":"https:\/\/ecosupplements.be\/fr\/produit\/ashwagandha-ksm-66-100-comprimes\/#primaryimage"},"thumbnailUrl":"https:\/\/ecosupplements.be\/wp-content\/uploads\/2025\/08\/Ashwagandha-KSM-66-100-tablets.jpg","datePublished":"2024-03-06T22:20:13+00:00","dateModified":"2025-08-27T12:56:11+00:00","description":"Wij hebben een ruime keuze aan producten van Ashwagandha KSM-66 - 100 comprim\u00e9s . Winkel bij Eco Supplements altijd gratis verzending boven 100\u20ac","breadcrumb":{"@id":"https:\/\/ecosupplements.be\/fr\/produit\/ashwagandha-ksm-66-100-comprimes\/#breadcrumb"},"inLanguage":"fr-FR","potentialAction":[{"@type":"ReadAction","target":["https:\/\/ecosupplements.be\/fr\/produit\/ashwagandha-ksm-66-100-comprimes\/"]}]},{"@type":"ImageObject","inLanguage":"fr-FR","@id":"https:\/\/ecosupplements.be\/fr\/produit\/ashwagandha-ksm-66-100-comprimes\/#primaryimage","url":"https:\/\/ecosupplements.be\/wp-content\/uploads\/2025\/08\/Ashwagandha-KSM-66-100-tablets.jpg","contentUrl":"https:\/\/ecosupplements.be\/wp-content\/uploads\/2025\/08\/Ashwagandha-KSM-66-100-tablets.jpg","width":500,"height":500},{"@type":"BreadcrumbList","@id":"https:\/\/ecosupplements.be\/fr\/produit\/ashwagandha-ksm-66-100-comprimes\/#breadcrumb","itemListElement":[{"@type":"ListItem","position":1,"name":"Home","item":"https:\/\/ecosupplements.be\/fr\/"},{"@type":"ListItem","position":2,"name":"Boutique","item":"https:\/\/ecosupplements.be\/fr\/boutique\/"},{"@type":"ListItem","position":3,"name":"Ashwagandha KSM-66 &#8211; 100 comprim\u00e9s"}]},{"@type":"WebSite","@id":"https:\/\/ecosupplements.be\/fr\/#website","url":"https:\/\/ecosupplements.be\/fr\/","name":"ECO Supplements","description":"Eco Supplements - Gezonde supplementen","publisher":{"@id":"https:\/\/ecosupplements.be\/fr\/#organization"},"potentialAction":[{"@type":"SearchAction","target":{"@type":"EntryPoint","urlTemplate":"https:\/\/ecosupplements.be\/fr\/?s={search_term_string}"},"query-input":{"@type":"PropertyValueSpecification","valueRequired":true,"valueName":"search_term_string"}}],"inLanguage":"fr-FR"},{"@type":"Organization","@id":"https:\/\/ecosupplements.be\/fr\/#organization","name":"Eco Supplements","url":"https:\/\/ecosupplements.be\/fr\/","logo":{"@type":"ImageObject","inLanguage":"fr-FR","@id":"https:\/\/ecosupplements.be\/fr\/#\/schema\/logo\/image\/","url":"https:\/\/ecosupplements.be\/wp-content\/uploads\/2022\/06\/ecosupplement-family.png","contentUrl":"https:\/\/ecosupplements.be\/wp-content\/uploads\/2022\/06\/ecosupplement-family.png","width":593,"height":374,"caption":"Eco Supplements"},"image":{"@id":"https:\/\/ecosupplements.be\/fr\/#\/schema\/logo\/image\/"}}]},"product_brand":"Allnutrition","product_price_amount":"14.30","product_price_currency":"EUR","og_availability":"instock","product_availability":"instock","product_retailer_item_id":"5902837746883","product_condition":"new"},"_links":{"self":[{"href":"https:\/\/ecosupplements.be\/fr\/wp-json\/wp\/v2\/product\/285756","targetHints":{"allow":["GET"]}}],"collection":[{"href":"https:\/\/ecosupplements.be\/fr\/wp-json\/wp\/v2\/product"}],"about":[{"href":"https:\/\/ecosupplements.be\/fr\/wp-json\/wp\/v2\/types\/product"}],"replies":[{"embeddable":true,"href":"https:\/\/ecosupplements.be\/fr\/wp-json\/wp\/v2\/comments?post=285756"}],"wp:featuredmedia":[{"embeddable":true,"href":"https:\/\/ecosupplements.be\/fr\/wp-json\/wp\/v2\/media\/263135"}],"wp:attachment":[{"href":"https:\/\/ecosupplements.be\/fr\/wp-json\/wp\/v2\/media?parent=285756"}],"wp:term":[{"taxonomy":"product_brand","embeddable":true,"href":"https:\/\/ecosupplements.be\/fr\/wp-json\/wp\/v2\/product_brand?post=285756"},{"taxonomy":"product_cat","embeddable":true,"href":"https:\/\/ecosupplements.be\/fr\/wp-json\/wp\/v2\/product_cat?post=285756"},{"taxonomy":"product_tag","embeddable":true,"href":"https:\/\/ecosupplements.be\/fr\/wp-json\/wp\/v2\/product_tag?post=285756"}],"curies":[{"name":"wp","href":"https:\/\/api.w.org\/{rel}","templated":true}]}}