{"id":285765,"date":"2023-01-16T21:11:54","date_gmt":"2023-01-16T20:11:54","guid":{"rendered":"https:\/\/ecosupplements.be\/product\/bcaa-211-1000-xtra-caps-180-capsules\/"},"modified":"2025-08-27T13:56:21","modified_gmt":"2025-08-27T12:56:21","slug":"bcaa-211-1000-xtra-caps-180-capsules","status":"publish","type":"product","link":"https:\/\/ecosupplements.be\/fr\/produit\/bcaa-211-1000-xtra-caps-180-capsules\/","title":{"rendered":"BCAA 2:1:1 1000 Xtra Caps &#8211; 180 capsules"},"content":{"rendered":"<h1>BCAA \u200b2:1:1 1000 \u2062Xtra Caps &#8211; 180 caps<\/h1>\n<p>Les BCAA 2:1:1 1000 Xtra\u2062 Caps de la marque Allnutrition \u200csont des \u200bcapsules de BCAA hautement \u200bdos\u00e9es, con\u00e7ues pour les sportifs \u00e0 la\u2062 recherche d&#8217;une r\u00e9cup\u00e9ration musculaire optimale. \u200bChaque capsule contient une formule unique de 2 parties de leucine, 1 partie d&#8217;isoleucine et 1 \u200dpartie de valine, offrant un ratio parfait pour une efficacit\u00e9 maximale.<\/p>\n<h2>Caract\u00e9ristiques sp\u00e9ciales<\/h2>\n<ul>\n<li>Formule \u2062hautement dos\u00e9e en \u2064BCAA<\/li>\n<li>Ratio parfait \u2064de 2:1:1<\/li>\n<li>180 capsules par bo\u00eete<\/li>\n<li>Facile \u00e0 avaler<\/li>\n<li>Convient aux v\u00e9g\u00e9tariens<\/li>\n<\/ul>\n<h2>Ingr\u00e9dients<\/h2>\n<p>Chaque\u2063 capsule contient \u200b1000 mg \u200dde\u200d BCAA, dont 500 mg de leucine, 250 mg d&#8217;isoleucine et 250 mg de valine. Les autres ingr\u00e9dients\u200c comprennent de la g\u00e9latine,\u200c du st\u00e9arate de magn\u00e9sium et du dioxyde de silicium.<\/p>\n<h2>Avantages uniques<\/h2>\n<p>Les BCAA sont des acides amin\u00e9s essentiels qui ne \u200bpeuvent pas \u00eatre produits par le \u200ccorps \u200det doivent donc \u00eatre apport\u00e9s par l&#8217;alimentation ou les \u2064suppl\u00e9ments. Les BCAA\u2064 sont particuli\u00e8rement importants pour \u200cles sportifs car ils aident \u00e0 pr\u00e9venir la d\u00e9gradation\u2063 musculaire et favorisent la r\u00e9cup\u00e9ration apr\u00e8s \u200bl&#8217;entra\u00eenement.\u200d Les BCAA 2:1:1 1000 Xtra Caps \u2062offrent un ratio parfait pour une efficacit\u00e9 maximale \u2062et sont faciles \u00e0 avaler gr\u00e2ce \u00e0 leur forme de capsule pratique.<\/p>\n<h2>Conseils d&#8217;utilisation<\/h2>\n<p>Prenez 2 \u200bcapsules avant l&#8217;entra\u00eenement et 2 capsules apr\u00e8s l&#8217;entra\u00eenement pour une r\u00e9cup\u00e9ration musculaire optimale. Les jours de repos, prenez \u20642 capsules le\u2064 matin et 2 capsules l&#8217;apr\u00e8s-midi.<\/p>\n<p>Ne pas \u2064d\u00e9passer la dose recommand\u00e9e.\u200c Les\u200b compl\u00e9ments alimentaires ne doivent pas \u00eatre\u200d utilis\u00e9s comme substituts d&#8217;un r\u00e9gime alimentaire \u200dvari\u00e9 et \u00e9quilibr\u00e9. Tenir hors de port\u00e9e des \u200denfants.<\/p>\n<p>Conserver dans un endroit sec et \u200bfrais, \u00e0 l&#8217;abri de la lumi\u00e8re directe\u200b du soleil.<\/p>\n<p>Convient aux\u200c v\u00e9g\u00e9tariens.<\/p>\n<p>Fabriqu\u00e9 en Pologne.<\/p>\n","protected":false},"excerpt":{"rendered":"<p>BCAA \u200b2:1:1 1000 \u2062Xtra Caps &#8211; 180 caps Les BCAA 2:1:1 1000 Xtra\u2062 Caps de la marque Allnutrition \u200csont des \u200bcapsules de BCAA hautement \u200bdos\u00e9es, con\u00e7ues pour les sportifs \u00e0 la\u2062 recherche d&#8217;une r\u00e9cup\u00e9ration musculaire optimale. \u200bChaque capsule contient une formule unique de 2 parties de leucine, 1 partie d&#8217;isoleucine et 1 \u200dpartie de valine, [&#8230;]\n","protected":false},"featured_media":261621,"comment_status":"open","ping_status":"open","template":"","meta":[],"product_brand":[4634],"product_cat":[5067,5198,5052],"product_tag":[],"class_list":{"0":"post-285765","1":"product","2":"type-product","3":"status-publish","4":"has-post-thumbnail","6":"product_brand-allnutrition-2","7":"product_cat-acides-amines-et-bcaa","8":"product_cat-bcaa-et-autres-melanges-capsules","9":"product_cat-sante-et-bien-etre","11":"first","12":"instock","13":"taxable","14":"shipping-taxable","15":"purchasable","16":"product-type-simple"},"yoast_head":"<!-- This site is optimized with the Yoast SEO Premium plugin v27.3 (Yoast SEO v27.3) - https:\/\/yoast.com\/product\/yoast-seo-premium-wordpress\/ -->\n<title>BCAA 2:1:1 1000 Xtra Caps - 180 capsules - ECO Supplements<\/title>\n<meta name=\"description\" content=\"Wij hebben een ruime keuze aan producten van BCAA 2:1:1 1000 Xtra Caps - 180 capsules . Winkel bij Eco Supplements altijd gratis verzending boven 100\u20ac\" \/>\n<meta name=\"robots\" content=\"index, follow, max-snippet:-1, max-image-preview:large, max-video-preview:-1\" \/>\n<link rel=\"canonical\" href=\"https:\/\/ecosupplements.be\/fr\/produit\/bcaa-211-1000-xtra-caps-180-capsules\/\" \/>\n<meta property=\"og:locale\" content=\"fr_FR\" \/>\n<meta property=\"og:type\" content=\"article\" \/>\n<meta property=\"og:title\" content=\"BCAA 2:1:1 1000 Xtra Caps - 180 capsules\" \/>\n<meta property=\"og:description\" content=\"Wij hebben een ruime keuze aan producten van BCAA 2:1:1 1000 Xtra Caps - 180 capsules . Winkel bij Eco Supplements altijd gratis verzending boven 100\u20ac\" \/>\n<meta property=\"og:url\" content=\"https:\/\/ecosupplements.be\/fr\/produit\/bcaa-211-1000-xtra-caps-180-capsules\/\" \/>\n<meta property=\"og:site_name\" content=\"ECO Supplements\" \/>\n<meta property=\"article:modified_time\" content=\"2025-08-27T12:56:21+00:00\" \/>\n<meta property=\"og:image\" content=\"https:\/\/ecosupplements.be\/wp-content\/uploads\/2025\/08\/BCAA-211-1000-Xtra-Caps-180-caps-1.jpg\" \/>\n\t<meta property=\"og:image:width\" content=\"359\" \/>\n\t<meta property=\"og:image:height\" content=\"372\" \/>\n\t<meta property=\"og:image:type\" content=\"image\/jpeg\" \/>\n<meta name=\"twitter:card\" content=\"summary_large_image\" \/>\n<meta name=\"twitter:label1\" content=\"Prix\" \/>\n\t<meta name=\"twitter:data1\" content=\"10.56&nbsp;&euro;\" \/>\n\t<meta name=\"twitter:label2\" content=\"Disponibilit\u00e9\" \/>\n\t<meta name=\"twitter:data2\" content=\"En stock\" \/>\n<script type=\"application\/ld+json\" class=\"yoast-schema-graph\">{\"@context\":\"https:\\\/\\\/schema.org\",\"@graph\":[{\"@type\":[\"WebPage\",\"ItemPage\"],\"@id\":\"https:\\\/\\\/ecosupplements.be\\\/fr\\\/produit\\\/bcaa-211-1000-xtra-caps-180-capsules\\\/\",\"url\":\"https:\\\/\\\/ecosupplements.be\\\/fr\\\/produit\\\/bcaa-211-1000-xtra-caps-180-capsules\\\/\",\"name\":\"BCAA 2:1:1 1000 Xtra Caps - 180 capsules - ECO Supplements\",\"isPartOf\":{\"@id\":\"https:\\\/\\\/ecosupplements.be\\\/fr\\\/#website\"},\"primaryImageOfPage\":{\"@id\":\"https:\\\/\\\/ecosupplements.be\\\/fr\\\/produit\\\/bcaa-211-1000-xtra-caps-180-capsules\\\/#primaryimage\"},\"image\":{\"@id\":\"https:\\\/\\\/ecosupplements.be\\\/fr\\\/produit\\\/bcaa-211-1000-xtra-caps-180-capsules\\\/#primaryimage\"},\"thumbnailUrl\":\"https:\\\/\\\/ecosupplements.be\\\/wp-content\\\/uploads\\\/2025\\\/08\\\/BCAA-211-1000-Xtra-Caps-180-caps.jpg\",\"datePublished\":\"2023-01-16T20:11:54+00:00\",\"dateModified\":\"2025-08-27T12:56:21+00:00\",\"description\":\"Wij hebben een ruime keuze aan producten van BCAA 2:1:1 1000 Xtra Caps - 180 capsules . Winkel bij Eco Supplements altijd gratis verzending boven 100\u20ac\",\"breadcrumb\":{\"@id\":\"https:\\\/\\\/ecosupplements.be\\\/fr\\\/produit\\\/bcaa-211-1000-xtra-caps-180-capsules\\\/#breadcrumb\"},\"inLanguage\":\"fr-FR\",\"potentialAction\":[{\"@type\":\"ReadAction\",\"target\":[\"https:\\\/\\\/ecosupplements.be\\\/fr\\\/produit\\\/bcaa-211-1000-xtra-caps-180-capsules\\\/\"]}]},{\"@type\":\"ImageObject\",\"inLanguage\":\"fr-FR\",\"@id\":\"https:\\\/\\\/ecosupplements.be\\\/fr\\\/produit\\\/bcaa-211-1000-xtra-caps-180-capsules\\\/#primaryimage\",\"url\":\"https:\\\/\\\/ecosupplements.be\\\/wp-content\\\/uploads\\\/2025\\\/08\\\/BCAA-211-1000-Xtra-Caps-180-caps.jpg\",\"contentUrl\":\"https:\\\/\\\/ecosupplements.be\\\/wp-content\\\/uploads\\\/2025\\\/08\\\/BCAA-211-1000-Xtra-Caps-180-caps.jpg\",\"width\":359,\"height\":372},{\"@type\":\"BreadcrumbList\",\"@id\":\"https:\\\/\\\/ecosupplements.be\\\/fr\\\/produit\\\/bcaa-211-1000-xtra-caps-180-capsules\\\/#breadcrumb\",\"itemListElement\":[{\"@type\":\"ListItem\",\"position\":1,\"name\":\"Home\",\"item\":\"https:\\\/\\\/ecosupplements.be\\\/fr\\\/\"},{\"@type\":\"ListItem\",\"position\":2,\"name\":\"Boutique\",\"item\":\"https:\\\/\\\/ecosupplements.be\\\/fr\\\/boutique\\\/\"},{\"@type\":\"ListItem\",\"position\":3,\"name\":\"BCAA 2:1:1 1000 Xtra Caps &#8211; 180 capsules\"}]},{\"@type\":\"WebSite\",\"@id\":\"https:\\\/\\\/ecosupplements.be\\\/fr\\\/#website\",\"url\":\"https:\\\/\\\/ecosupplements.be\\\/fr\\\/\",\"name\":\"ECO Supplements\",\"description\":\"Eco Supplements - Gezonde supplementen\",\"publisher\":{\"@id\":\"https:\\\/\\\/ecosupplements.be\\\/fr\\\/#organization\"},\"potentialAction\":[{\"@type\":\"SearchAction\",\"target\":{\"@type\":\"EntryPoint\",\"urlTemplate\":\"https:\\\/\\\/ecosupplements.be\\\/fr\\\/?s={search_term_string}\"},\"query-input\":{\"@type\":\"PropertyValueSpecification\",\"valueRequired\":true,\"valueName\":\"search_term_string\"}}],\"inLanguage\":\"fr-FR\"},{\"@type\":\"Organization\",\"@id\":\"https:\\\/\\\/ecosupplements.be\\\/fr\\\/#organization\",\"name\":\"Eco Supplements\",\"url\":\"https:\\\/\\\/ecosupplements.be\\\/fr\\\/\",\"logo\":{\"@type\":\"ImageObject\",\"inLanguage\":\"fr-FR\",\"@id\":\"https:\\\/\\\/ecosupplements.be\\\/fr\\\/#\\\/schema\\\/logo\\\/image\\\/\",\"url\":\"https:\\\/\\\/ecosupplements.be\\\/wp-content\\\/uploads\\\/2022\\\/06\\\/ecosupplement-family.png\",\"contentUrl\":\"https:\\\/\\\/ecosupplements.be\\\/wp-content\\\/uploads\\\/2022\\\/06\\\/ecosupplement-family.png\",\"width\":593,\"height\":374,\"caption\":\"Eco Supplements\"},\"image\":{\"@id\":\"https:\\\/\\\/ecosupplements.be\\\/fr\\\/#\\\/schema\\\/logo\\\/image\\\/\"}}]}<\/script>\n<meta property=\"product:brand\" content=\"Allnutrition\" \/>\n<meta property=\"product:price:amount\" content=\"10.56\" \/>\n<meta property=\"product:price:currency\" content=\"EUR\" \/>\n<meta property=\"og:availability\" content=\"instock\" \/>\n<meta property=\"product:availability\" content=\"instock\" \/>\n<meta property=\"product:retailer_item_id\" content=\"5902837705538\" \/>\n<meta property=\"product:condition\" content=\"new\" \/>\n<!-- \/ Yoast SEO Premium plugin. -->","yoast_head_json":{"title":"BCAA 2:1:1 1000 Xtra Caps - 180 capsules - ECO Supplements","description":"Wij hebben een ruime keuze aan producten van BCAA 2:1:1 1000 Xtra Caps - 180 capsules . Winkel bij Eco Supplements altijd gratis verzending boven 100\u20ac","robots":{"index":"index","follow":"follow","max-snippet":"max-snippet:-1","max-image-preview":"max-image-preview:large","max-video-preview":"max-video-preview:-1"},"canonical":"https:\/\/ecosupplements.be\/fr\/produit\/bcaa-211-1000-xtra-caps-180-capsules\/","og_locale":"fr_FR","og_type":"article","og_title":"BCAA 2:1:1 1000 Xtra Caps - 180 capsules","og_description":"Wij hebben een ruime keuze aan producten van BCAA 2:1:1 1000 Xtra Caps - 180 capsules . Winkel bij Eco Supplements altijd gratis verzending boven 100\u20ac","og_url":"https:\/\/ecosupplements.be\/fr\/produit\/bcaa-211-1000-xtra-caps-180-capsules\/","og_site_name":"ECO Supplements","article_modified_time":"2025-08-27T12:56:21+00:00","og_image":[{"width":359,"height":372,"url":"https:\/\/ecosupplements.be\/wp-content\/uploads\/2025\/08\/BCAA-211-1000-Xtra-Caps-180-caps-1.jpg","type":"image\/jpeg"}],"twitter_card":"summary_large_image","twitter_misc":{"Prix":"10.56&nbsp;&euro;","Disponibilit\u00e9":"En stock"},"schema":{"@context":"https:\/\/schema.org","@graph":[{"@type":["WebPage","ItemPage"],"@id":"https:\/\/ecosupplements.be\/fr\/produit\/bcaa-211-1000-xtra-caps-180-capsules\/","url":"https:\/\/ecosupplements.be\/fr\/produit\/bcaa-211-1000-xtra-caps-180-capsules\/","name":"BCAA 2:1:1 1000 Xtra Caps - 180 capsules - ECO Supplements","isPartOf":{"@id":"https:\/\/ecosupplements.be\/fr\/#website"},"primaryImageOfPage":{"@id":"https:\/\/ecosupplements.be\/fr\/produit\/bcaa-211-1000-xtra-caps-180-capsules\/#primaryimage"},"image":{"@id":"https:\/\/ecosupplements.be\/fr\/produit\/bcaa-211-1000-xtra-caps-180-capsules\/#primaryimage"},"thumbnailUrl":"https:\/\/ecosupplements.be\/wp-content\/uploads\/2025\/08\/BCAA-211-1000-Xtra-Caps-180-caps.jpg","datePublished":"2023-01-16T20:11:54+00:00","dateModified":"2025-08-27T12:56:21+00:00","description":"Wij hebben een ruime keuze aan producten van BCAA 2:1:1 1000 Xtra Caps - 180 capsules . Winkel bij Eco Supplements altijd gratis verzending boven 100\u20ac","breadcrumb":{"@id":"https:\/\/ecosupplements.be\/fr\/produit\/bcaa-211-1000-xtra-caps-180-capsules\/#breadcrumb"},"inLanguage":"fr-FR","potentialAction":[{"@type":"ReadAction","target":["https:\/\/ecosupplements.be\/fr\/produit\/bcaa-211-1000-xtra-caps-180-capsules\/"]}]},{"@type":"ImageObject","inLanguage":"fr-FR","@id":"https:\/\/ecosupplements.be\/fr\/produit\/bcaa-211-1000-xtra-caps-180-capsules\/#primaryimage","url":"https:\/\/ecosupplements.be\/wp-content\/uploads\/2025\/08\/BCAA-211-1000-Xtra-Caps-180-caps.jpg","contentUrl":"https:\/\/ecosupplements.be\/wp-content\/uploads\/2025\/08\/BCAA-211-1000-Xtra-Caps-180-caps.jpg","width":359,"height":372},{"@type":"BreadcrumbList","@id":"https:\/\/ecosupplements.be\/fr\/produit\/bcaa-211-1000-xtra-caps-180-capsules\/#breadcrumb","itemListElement":[{"@type":"ListItem","position":1,"name":"Home","item":"https:\/\/ecosupplements.be\/fr\/"},{"@type":"ListItem","position":2,"name":"Boutique","item":"https:\/\/ecosupplements.be\/fr\/boutique\/"},{"@type":"ListItem","position":3,"name":"BCAA 2:1:1 1000 Xtra Caps &#8211; 180 capsules"}]},{"@type":"WebSite","@id":"https:\/\/ecosupplements.be\/fr\/#website","url":"https:\/\/ecosupplements.be\/fr\/","name":"ECO Supplements","description":"Eco Supplements - Gezonde supplementen","publisher":{"@id":"https:\/\/ecosupplements.be\/fr\/#organization"},"potentialAction":[{"@type":"SearchAction","target":{"@type":"EntryPoint","urlTemplate":"https:\/\/ecosupplements.be\/fr\/?s={search_term_string}"},"query-input":{"@type":"PropertyValueSpecification","valueRequired":true,"valueName":"search_term_string"}}],"inLanguage":"fr-FR"},{"@type":"Organization","@id":"https:\/\/ecosupplements.be\/fr\/#organization","name":"Eco Supplements","url":"https:\/\/ecosupplements.be\/fr\/","logo":{"@type":"ImageObject","inLanguage":"fr-FR","@id":"https:\/\/ecosupplements.be\/fr\/#\/schema\/logo\/image\/","url":"https:\/\/ecosupplements.be\/wp-content\/uploads\/2022\/06\/ecosupplement-family.png","contentUrl":"https:\/\/ecosupplements.be\/wp-content\/uploads\/2022\/06\/ecosupplement-family.png","width":593,"height":374,"caption":"Eco Supplements"},"image":{"@id":"https:\/\/ecosupplements.be\/fr\/#\/schema\/logo\/image\/"}}]},"product_brand":"Allnutrition","product_price_amount":"10.56","product_price_currency":"EUR","og_availability":"instock","product_availability":"instock","product_retailer_item_id":"5902837705538","product_condition":"new"},"_links":{"self":[{"href":"https:\/\/ecosupplements.be\/fr\/wp-json\/wp\/v2\/product\/285765","targetHints":{"allow":["GET"]}}],"collection":[{"href":"https:\/\/ecosupplements.be\/fr\/wp-json\/wp\/v2\/product"}],"about":[{"href":"https:\/\/ecosupplements.be\/fr\/wp-json\/wp\/v2\/types\/product"}],"replies":[{"embeddable":true,"href":"https:\/\/ecosupplements.be\/fr\/wp-json\/wp\/v2\/comments?post=285765"}],"wp:featuredmedia":[{"embeddable":true,"href":"https:\/\/ecosupplements.be\/fr\/wp-json\/wp\/v2\/media\/261621"}],"wp:attachment":[{"href":"https:\/\/ecosupplements.be\/fr\/wp-json\/wp\/v2\/media?parent=285765"}],"wp:term":[{"taxonomy":"product_brand","embeddable":true,"href":"https:\/\/ecosupplements.be\/fr\/wp-json\/wp\/v2\/product_brand?post=285765"},{"taxonomy":"product_cat","embeddable":true,"href":"https:\/\/ecosupplements.be\/fr\/wp-json\/wp\/v2\/product_cat?post=285765"},{"taxonomy":"product_tag","embeddable":true,"href":"https:\/\/ecosupplements.be\/fr\/wp-json\/wp\/v2\/product_tag?post=285765"}],"curies":[{"name":"wp","href":"https:\/\/api.w.org\/{rel}","templated":true}]}}