{"id":285825,"date":"2023-01-16T21:52:03","date_gmt":"2023-01-16T20:52:03","guid":{"rendered":"https:\/\/ecosupplements.be\/product\/beta-alanine-glace-fraiche-250g\/"},"modified":"2025-08-27T13:57:20","modified_gmt":"2025-08-27T12:57:20","slug":"beta-alanine-glace-fraiche-250g","status":"publish","type":"product","link":"https:\/\/ecosupplements.be\/fr\/produit\/beta-alanine-glace-fraiche-250g\/","title":{"rendered":"Beta Alanine, Glace Fra\u00eeche &#8211; 250g"},"content":{"rendered":"<h1>Beta Alanine, Ice\u200d Fresh -\u200b 250g<\/h1>\n<p>La Beta Alanine,\u2062 Ice \u200cFresh\u2062 de la marque Allnutrition est un compl\u00e9ment alimentaire\u2064 de haute qualit\u00e9 con\u00e7u pour les sportifs \u2063et les personnes actives \u2063\u00e0 la recherche d&#8217;une\u200b am\u00e9lioration\u200d de leurs performances physiques.<\/p>\n<h2>Caract\u00e9ristiques\u200b sp\u00e9ciales:<\/h2>\n<ul>\n<li>Contient \u2063100% de b\u00eata-alanine pure<\/li>\n<li>Saveur rafra\u00eechissante\u200c de menthe glaciale<\/li>\n<li>Formule sans sucre\u200b ajout\u00e9<\/li>\n<li>Convient aux\u200c v\u00e9g\u00e9tariens et \u200cv\u00e9g\u00e9taliens<\/li>\n<\/ul>\n<h2>Ingr\u00e9dients:<\/h2>\n<p>Chaque dose de 5g de Beta Alanine, Ice\u200c Fresh contient \u200c5g de b\u00eata-alanine pure, sans aucun \u2064additif ni\u2062 ingr\u00e9dient superflu. La b\u00eata-alanine est un acide amin\u00e9 non essentiel qui\u200b joue un r\u00f4le\u2062 important dans \u2064la\u2062 production de\u2062 carnosine, \u200bun compos\u00e9 pr\u00e9sent dans les \u200bmuscles qui aide \u00e0 r\u00e9duire\u200c l&#8217;accumulation d&#8217;acide lactique pendant l&#8217;exercice physique intense.<\/p>\n<h2>Avantages uniques:<\/h2>\n<ul>\n<li>Am\u00e9liore \u200bles performances physiques et la r\u00e9sistance \u00e0 l&#8217;effort<\/li>\n<li>Retarde l&#8217;apparition de la \u200dfatigue musculaire<\/li>\n<li>Augmente la\u200b force\u2064 et la puissance musculaire<\/li>\n<li>Contribue \u00e0 la croissance musculaire et \u00e0 la r\u00e9cup\u00e9ration\u2062 apr\u00e8s l&#8217;entra\u00eenement<\/li>\n<\/ul>\n<h2>Mode d&#8217;emploi:<\/h2>\n<p>M\u00e9langez une dose de\u200c 5g (1 cuill\u00e8re \u00e0 caf\u00e9) de poudre avec \u2063200ml\u2062 d&#8217;eau et consommez\u200d 30\u200d minutes avant l&#8217;entra\u00eenement. Pour de meilleurs r\u00e9sultats, il est recommand\u00e9 \u200bde prendre une \u200bdeuxi\u00e8me dose\u200c apr\u00e8s l&#8217;entra\u00eenement.<\/p>\n<p>Il est important de respecter les doses recommand\u00e9es et de \u2064ne pas d\u00e9passer la dose quotidienne \u2062maximale de 10g.<\/p>\n<h2>Pays \u2064d&#8217;origine:<\/h2>\n<p>Fabriqu\u00e9 en Pologne, pays\u2062 r\u00e9put\u00e9\u200d pour \u2063ses\u200d normes strictes en\u2063 mati\u00e8re\u200b de qualit\u00e9\u200d et de s\u00e9curit\u00e9 alimentaire.<\/p>\n<p>Donnez un coup de pouce \u00e0 vos performances physiques avec la Beta Alanine, Ice Fresh de Allnutrition. Essayez-la\u200d d\u00e8s \u2063maintenant et ressentez la\u200b diff\u00e9rence !<\/p>\n","protected":false},"excerpt":{"rendered":"<p>Beta Alanine, Ice\u200d Fresh -\u200b 250g La Beta Alanine,\u2062 Ice \u200cFresh\u2062 de la marque Allnutrition est un compl\u00e9ment alimentaire\u2064 de haute qualit\u00e9 con\u00e7u pour les sportifs \u2063et les personnes actives \u2063\u00e0 la recherche d&#8217;une\u200b am\u00e9lioration\u200d de leurs performances physiques. Caract\u00e9ristiques\u200b sp\u00e9ciales: Contient \u2063100% de b\u00eata-alanine pure Saveur rafra\u00eechissante\u200c de menthe glaciale Formule sans sucre\u200b ajout\u00e9 [&#8230;]\n","protected":false},"featured_media":261687,"comment_status":"open","ping_status":"open","template":"","meta":[],"product_brand":[4634],"product_cat":[5067,5138,5052,5053],"product_tag":[],"class_list":{"0":"post-285825","1":"product","2":"type-product","3":"status-publish","4":"has-post-thumbnail","6":"product_brand-allnutrition-2","7":"product_cat-acides-amines-et-bcaa","8":"product_cat-endurance","9":"product_cat-sante-et-bien-etre","10":"product_cat-vitamines-et-mineraux","12":"first","13":"instock","14":"taxable","15":"shipping-taxable","16":"purchasable","17":"product-type-simple"},"yoast_head":"<!-- This site is optimized with the Yoast SEO Premium plugin v27.3 (Yoast SEO v27.3) - https:\/\/yoast.com\/product\/yoast-seo-premium-wordpress\/ -->\n<title>Beta Alanine, Glace Fra\u00eeche - 250g - ECO Supplements<\/title>\n<meta name=\"description\" content=\"Wij hebben een ruime keuze aan producten van Beta Alanine, Glace Fra\u00eeche - 250g . Winkel bij Eco Supplements altijd gratis verzending boven 100\u20ac\" \/>\n<meta name=\"robots\" content=\"index, follow, max-snippet:-1, max-image-preview:large, max-video-preview:-1\" \/>\n<link rel=\"canonical\" href=\"https:\/\/ecosupplements.be\/fr\/produit\/beta-alanine-glace-fraiche-250g\/\" \/>\n<meta property=\"og:locale\" content=\"fr_FR\" \/>\n<meta property=\"og:type\" content=\"article\" \/>\n<meta property=\"og:title\" content=\"Beta Alanine, Glace Fra\u00eeche - 250g\" \/>\n<meta property=\"og:description\" content=\"Wij hebben een ruime keuze aan producten van Beta Alanine, Glace Fra\u00eeche - 250g . Winkel bij Eco Supplements altijd gratis verzending boven 100\u20ac\" \/>\n<meta property=\"og:url\" content=\"https:\/\/ecosupplements.be\/fr\/produit\/beta-alanine-glace-fraiche-250g\/\" \/>\n<meta property=\"og:site_name\" content=\"ECO Supplements\" \/>\n<meta property=\"article:modified_time\" content=\"2025-08-27T12:57:20+00:00\" \/>\n<meta property=\"og:image\" content=\"https:\/\/ecosupplements.be\/wp-content\/uploads\/2025\/08\/Beta-Alanine-Ice-Fresh-250g-1.jpg\" \/>\n\t<meta property=\"og:image:width\" content=\"702\" \/>\n\t<meta property=\"og:image:height\" content=\"632\" \/>\n\t<meta property=\"og:image:type\" content=\"image\/jpeg\" \/>\n<meta name=\"twitter:card\" content=\"summary_large_image\" \/>\n<meta name=\"twitter:label1\" content=\"Prix\" \/>\n\t<meta name=\"twitter:data1\" content=\"6.87&nbsp;&euro;\" \/>\n\t<meta name=\"twitter:label2\" content=\"Disponibilit\u00e9\" \/>\n\t<meta name=\"twitter:data2\" content=\"En stock\" \/>\n<script type=\"application\/ld+json\" class=\"yoast-schema-graph\">{\"@context\":\"https:\\\/\\\/schema.org\",\"@graph\":[{\"@type\":[\"WebPage\",\"ItemPage\"],\"@id\":\"https:\\\/\\\/ecosupplements.be\\\/fr\\\/produit\\\/beta-alanine-glace-fraiche-250g\\\/\",\"url\":\"https:\\\/\\\/ecosupplements.be\\\/fr\\\/produit\\\/beta-alanine-glace-fraiche-250g\\\/\",\"name\":\"Beta Alanine, Glace Fra\u00eeche - 250g - ECO Supplements\",\"isPartOf\":{\"@id\":\"https:\\\/\\\/ecosupplements.be\\\/fr\\\/#website\"},\"primaryImageOfPage\":{\"@id\":\"https:\\\/\\\/ecosupplements.be\\\/fr\\\/produit\\\/beta-alanine-glace-fraiche-250g\\\/#primaryimage\"},\"image\":{\"@id\":\"https:\\\/\\\/ecosupplements.be\\\/fr\\\/produit\\\/beta-alanine-glace-fraiche-250g\\\/#primaryimage\"},\"thumbnailUrl\":\"https:\\\/\\\/ecosupplements.be\\\/wp-content\\\/uploads\\\/2025\\\/08\\\/Beta-Alanine-Ice-Fresh-250g.jpg\",\"datePublished\":\"2023-01-16T20:52:03+00:00\",\"dateModified\":\"2025-08-27T12:57:20+00:00\",\"description\":\"Wij hebben een ruime keuze aan producten van Beta Alanine, Glace Fra\u00eeche - 250g . Winkel bij Eco Supplements altijd gratis verzending boven 100\u20ac\",\"breadcrumb\":{\"@id\":\"https:\\\/\\\/ecosupplements.be\\\/fr\\\/produit\\\/beta-alanine-glace-fraiche-250g\\\/#breadcrumb\"},\"inLanguage\":\"fr-FR\",\"potentialAction\":[{\"@type\":\"ReadAction\",\"target\":[\"https:\\\/\\\/ecosupplements.be\\\/fr\\\/produit\\\/beta-alanine-glace-fraiche-250g\\\/\"]}]},{\"@type\":\"ImageObject\",\"inLanguage\":\"fr-FR\",\"@id\":\"https:\\\/\\\/ecosupplements.be\\\/fr\\\/produit\\\/beta-alanine-glace-fraiche-250g\\\/#primaryimage\",\"url\":\"https:\\\/\\\/ecosupplements.be\\\/wp-content\\\/uploads\\\/2025\\\/08\\\/Beta-Alanine-Ice-Fresh-250g.jpg\",\"contentUrl\":\"https:\\\/\\\/ecosupplements.be\\\/wp-content\\\/uploads\\\/2025\\\/08\\\/Beta-Alanine-Ice-Fresh-250g.jpg\",\"width\":702,\"height\":632},{\"@type\":\"BreadcrumbList\",\"@id\":\"https:\\\/\\\/ecosupplements.be\\\/fr\\\/produit\\\/beta-alanine-glace-fraiche-250g\\\/#breadcrumb\",\"itemListElement\":[{\"@type\":\"ListItem\",\"position\":1,\"name\":\"Home\",\"item\":\"https:\\\/\\\/ecosupplements.be\\\/fr\\\/\"},{\"@type\":\"ListItem\",\"position\":2,\"name\":\"Boutique\",\"item\":\"https:\\\/\\\/ecosupplements.be\\\/fr\\\/boutique\\\/\"},{\"@type\":\"ListItem\",\"position\":3,\"name\":\"Beta Alanine, Glace Fra\u00eeche &#8211; 250g\"}]},{\"@type\":\"WebSite\",\"@id\":\"https:\\\/\\\/ecosupplements.be\\\/fr\\\/#website\",\"url\":\"https:\\\/\\\/ecosupplements.be\\\/fr\\\/\",\"name\":\"ECO Supplements\",\"description\":\"Eco Supplements - Gezonde supplementen\",\"publisher\":{\"@id\":\"https:\\\/\\\/ecosupplements.be\\\/fr\\\/#organization\"},\"potentialAction\":[{\"@type\":\"SearchAction\",\"target\":{\"@type\":\"EntryPoint\",\"urlTemplate\":\"https:\\\/\\\/ecosupplements.be\\\/fr\\\/?s={search_term_string}\"},\"query-input\":{\"@type\":\"PropertyValueSpecification\",\"valueRequired\":true,\"valueName\":\"search_term_string\"}}],\"inLanguage\":\"fr-FR\"},{\"@type\":\"Organization\",\"@id\":\"https:\\\/\\\/ecosupplements.be\\\/fr\\\/#organization\",\"name\":\"Eco Supplements\",\"url\":\"https:\\\/\\\/ecosupplements.be\\\/fr\\\/\",\"logo\":{\"@type\":\"ImageObject\",\"inLanguage\":\"fr-FR\",\"@id\":\"https:\\\/\\\/ecosupplements.be\\\/fr\\\/#\\\/schema\\\/logo\\\/image\\\/\",\"url\":\"https:\\\/\\\/ecosupplements.be\\\/wp-content\\\/uploads\\\/2022\\\/06\\\/ecosupplement-family.png\",\"contentUrl\":\"https:\\\/\\\/ecosupplements.be\\\/wp-content\\\/uploads\\\/2022\\\/06\\\/ecosupplement-family.png\",\"width\":593,\"height\":374,\"caption\":\"Eco Supplements\"},\"image\":{\"@id\":\"https:\\\/\\\/ecosupplements.be\\\/fr\\\/#\\\/schema\\\/logo\\\/image\\\/\"}}]}<\/script>\n<meta property=\"product:brand\" content=\"Allnutrition\" \/>\n<meta property=\"product:price:amount\" content=\"6.87\" \/>\n<meta property=\"product:price:currency\" content=\"EUR\" \/>\n<meta property=\"og:availability\" content=\"instock\" \/>\n<meta property=\"product:availability\" content=\"instock\" \/>\n<meta property=\"product:retailer_item_id\" content=\"5902837735870\" \/>\n<meta property=\"product:condition\" content=\"new\" \/>\n<!-- \/ Yoast SEO Premium plugin. -->","yoast_head_json":{"title":"Beta Alanine, Glace Fra\u00eeche - 250g - ECO Supplements","description":"Wij hebben een ruime keuze aan producten van Beta Alanine, Glace Fra\u00eeche - 250g . Winkel bij Eco Supplements altijd gratis verzending boven 100\u20ac","robots":{"index":"index","follow":"follow","max-snippet":"max-snippet:-1","max-image-preview":"max-image-preview:large","max-video-preview":"max-video-preview:-1"},"canonical":"https:\/\/ecosupplements.be\/fr\/produit\/beta-alanine-glace-fraiche-250g\/","og_locale":"fr_FR","og_type":"article","og_title":"Beta Alanine, Glace Fra\u00eeche - 250g","og_description":"Wij hebben een ruime keuze aan producten van Beta Alanine, Glace Fra\u00eeche - 250g . Winkel bij Eco Supplements altijd gratis verzending boven 100\u20ac","og_url":"https:\/\/ecosupplements.be\/fr\/produit\/beta-alanine-glace-fraiche-250g\/","og_site_name":"ECO Supplements","article_modified_time":"2025-08-27T12:57:20+00:00","og_image":[{"width":702,"height":632,"url":"https:\/\/ecosupplements.be\/wp-content\/uploads\/2025\/08\/Beta-Alanine-Ice-Fresh-250g-1.jpg","type":"image\/jpeg"}],"twitter_card":"summary_large_image","twitter_misc":{"Prix":"6.87&nbsp;&euro;","Disponibilit\u00e9":"En stock"},"schema":{"@context":"https:\/\/schema.org","@graph":[{"@type":["WebPage","ItemPage"],"@id":"https:\/\/ecosupplements.be\/fr\/produit\/beta-alanine-glace-fraiche-250g\/","url":"https:\/\/ecosupplements.be\/fr\/produit\/beta-alanine-glace-fraiche-250g\/","name":"Beta Alanine, Glace Fra\u00eeche - 250g - ECO Supplements","isPartOf":{"@id":"https:\/\/ecosupplements.be\/fr\/#website"},"primaryImageOfPage":{"@id":"https:\/\/ecosupplements.be\/fr\/produit\/beta-alanine-glace-fraiche-250g\/#primaryimage"},"image":{"@id":"https:\/\/ecosupplements.be\/fr\/produit\/beta-alanine-glace-fraiche-250g\/#primaryimage"},"thumbnailUrl":"https:\/\/ecosupplements.be\/wp-content\/uploads\/2025\/08\/Beta-Alanine-Ice-Fresh-250g.jpg","datePublished":"2023-01-16T20:52:03+00:00","dateModified":"2025-08-27T12:57:20+00:00","description":"Wij hebben een ruime keuze aan producten van Beta Alanine, Glace Fra\u00eeche - 250g . Winkel bij Eco Supplements altijd gratis verzending boven 100\u20ac","breadcrumb":{"@id":"https:\/\/ecosupplements.be\/fr\/produit\/beta-alanine-glace-fraiche-250g\/#breadcrumb"},"inLanguage":"fr-FR","potentialAction":[{"@type":"ReadAction","target":["https:\/\/ecosupplements.be\/fr\/produit\/beta-alanine-glace-fraiche-250g\/"]}]},{"@type":"ImageObject","inLanguage":"fr-FR","@id":"https:\/\/ecosupplements.be\/fr\/produit\/beta-alanine-glace-fraiche-250g\/#primaryimage","url":"https:\/\/ecosupplements.be\/wp-content\/uploads\/2025\/08\/Beta-Alanine-Ice-Fresh-250g.jpg","contentUrl":"https:\/\/ecosupplements.be\/wp-content\/uploads\/2025\/08\/Beta-Alanine-Ice-Fresh-250g.jpg","width":702,"height":632},{"@type":"BreadcrumbList","@id":"https:\/\/ecosupplements.be\/fr\/produit\/beta-alanine-glace-fraiche-250g\/#breadcrumb","itemListElement":[{"@type":"ListItem","position":1,"name":"Home","item":"https:\/\/ecosupplements.be\/fr\/"},{"@type":"ListItem","position":2,"name":"Boutique","item":"https:\/\/ecosupplements.be\/fr\/boutique\/"},{"@type":"ListItem","position":3,"name":"Beta Alanine, Glace Fra\u00eeche &#8211; 250g"}]},{"@type":"WebSite","@id":"https:\/\/ecosupplements.be\/fr\/#website","url":"https:\/\/ecosupplements.be\/fr\/","name":"ECO Supplements","description":"Eco Supplements - Gezonde supplementen","publisher":{"@id":"https:\/\/ecosupplements.be\/fr\/#organization"},"potentialAction":[{"@type":"SearchAction","target":{"@type":"EntryPoint","urlTemplate":"https:\/\/ecosupplements.be\/fr\/?s={search_term_string}"},"query-input":{"@type":"PropertyValueSpecification","valueRequired":true,"valueName":"search_term_string"}}],"inLanguage":"fr-FR"},{"@type":"Organization","@id":"https:\/\/ecosupplements.be\/fr\/#organization","name":"Eco Supplements","url":"https:\/\/ecosupplements.be\/fr\/","logo":{"@type":"ImageObject","inLanguage":"fr-FR","@id":"https:\/\/ecosupplements.be\/fr\/#\/schema\/logo\/image\/","url":"https:\/\/ecosupplements.be\/wp-content\/uploads\/2022\/06\/ecosupplement-family.png","contentUrl":"https:\/\/ecosupplements.be\/wp-content\/uploads\/2022\/06\/ecosupplement-family.png","width":593,"height":374,"caption":"Eco Supplements"},"image":{"@id":"https:\/\/ecosupplements.be\/fr\/#\/schema\/logo\/image\/"}}]},"product_brand":"Allnutrition","product_price_amount":"6.87","product_price_currency":"EUR","og_availability":"instock","product_availability":"instock","product_retailer_item_id":"5902837735870","product_condition":"new"},"_links":{"self":[{"href":"https:\/\/ecosupplements.be\/fr\/wp-json\/wp\/v2\/product\/285825","targetHints":{"allow":["GET"]}}],"collection":[{"href":"https:\/\/ecosupplements.be\/fr\/wp-json\/wp\/v2\/product"}],"about":[{"href":"https:\/\/ecosupplements.be\/fr\/wp-json\/wp\/v2\/types\/product"}],"replies":[{"embeddable":true,"href":"https:\/\/ecosupplements.be\/fr\/wp-json\/wp\/v2\/comments?post=285825"}],"wp:featuredmedia":[{"embeddable":true,"href":"https:\/\/ecosupplements.be\/fr\/wp-json\/wp\/v2\/media\/261687"}],"wp:attachment":[{"href":"https:\/\/ecosupplements.be\/fr\/wp-json\/wp\/v2\/media?parent=285825"}],"wp:term":[{"taxonomy":"product_brand","embeddable":true,"href":"https:\/\/ecosupplements.be\/fr\/wp-json\/wp\/v2\/product_brand?post=285825"},{"taxonomy":"product_cat","embeddable":true,"href":"https:\/\/ecosupplements.be\/fr\/wp-json\/wp\/v2\/product_cat?post=285825"},{"taxonomy":"product_tag","embeddable":true,"href":"https:\/\/ecosupplements.be\/fr\/wp-json\/wp\/v2\/product_tag?post=285825"}],"curies":[{"name":"wp","href":"https:\/\/api.w.org\/{rel}","templated":true}]}}