{"id":285894,"date":"2023-01-16T21:53:38","date_gmt":"2023-01-16T20:53:38","guid":{"rendered":"https:\/\/ecosupplements.be\/product\/ules-3\/"},"modified":"2025-08-27T13:58:46","modified_gmt":"2025-08-27T12:58:46","slug":"ules-3","status":"publish","type":"product","link":"https:\/\/ecosupplements.be\/fr\/produit\/ules-3\/","title":{"rendered":"Ules"},"content":{"rendered":"<h1>Curcuma,\u2063 1000mg &#8211; 90 caps<\/h1>\n<p>Le curcuma \u200dest une \u00e9pice populaire\u200b utilis\u00e9e depuis des si\u00e8cles dans \u2063la m\u00e9decine traditionnelle pour ses nombreux bienfaits pour la sant\u00e9. \u2062Allnutrition a cr\u00e9\u00e9 une formule puissante de curcuma en capsules pour vous permettre \u200bde profiter de tous ses avantages\u2064 de mani\u00e8re pratique et efficace.<\/p>\n<h2>Ingr\u00e9dients de \u2064qualit\u00e9 sup\u00e9rieure<\/h2>\n<p>Nos capsules de curcuma\u200c contiennent 1000mg de curcuma pur par \u200cportion, ce qui en\u200b fait l&#8217;un \u200cdes\u200d suppl\u00e9ments les plus concentr\u00e9s sur\u200b le march\u00e9. Nous utilisons uniquement des ingr\u00e9dients de\u2063 qualit\u00e9 sup\u00e9rieure pour garantir l&#8217;efficacit\u00e9 et\u2064 la s\u00e9curit\u00e9 de nos \u200cproduits.<\/p>\n<h2>Avantages pour la\u2064 sant\u00e9<\/h2>\n<ul>\n<li>Anti-inflammatoire naturel : le curcuma est\u200b connu pour\u200c ses propri\u00e9t\u00e9s anti-inflammatoires qui peuvent aider \u00e0 soulager les douleurs articulaires et musculaires.<\/li>\n<li>Antioxydant puissant \u2064: le curcuma est\u200d riche en \u200dantioxydants qui\u2063 aident \u00e0 prot\u00e9ger les\u2063 cellules \u200bcontre \u2064les dommages caus\u00e9s par les radicaux libres.<\/li>\n<li>Soutien digestif : le curcuma peut aider \u00e0 soulager les\u2064 troubles digestifs tels que les ballonnements, les gaz\u200d et les crampes.<\/li>\n<li>Renforcement\u2064 du syst\u00e8me \u2064immunitaire : gr\u00e2ce \u00e0 ses propri\u00e9t\u00e9s anti-inflammatoires et antioxydantes, le\u2062 curcuma peut aider \u00e0 renforcer le \u2062syst\u00e8me immunitaire et \u00e0 pr\u00e9venir les maladies.<\/li>\n<\/ul>\n<h2>Facile \u00e0 utiliser<\/h2>\n<p>Nos capsules \u2064de curcuma sont faciles \u00e0 int\u00e9grer \u00e0 votre routine quotidienne. Prenez simplement 1 capsule par jour \u200cavec de\u2064 l&#8217;eau\u2062 pour\u200c profiter de tous les bienfaits de cette \u00e9pice \u2064puissante.<\/p>\n<h2>Qualit\u00e9 \u2062garantie<\/h2>\n<p>Tous nos produits sont fabriqu\u00e9s en Pologne selon les normes\u2064 de qualit\u00e9 les plus strictes. Nous nous engageons \u00e0 fournir \u2063des suppl\u00e9ments de haute qualit\u00e9 pour vous aider \u00e0 atteindre vos objectifs de sant\u00e9 et de\u200b bien-\u00eatre.<\/p>\n<p>Profitez\u2062 des nombreux bienfaits du curcuma \u200bavec\u200c les capsules de curcuma Allnutrition. Commandez d\u00e8s maintenant et\u200d d\u00e9couvrez une meilleure \u200dsant\u00e9 et \u2063un bien-\u00eatre \u2062optimal \u200b!<\/p>\n","protected":false},"excerpt":{"rendered":"<p>Curcuma,\u2063 1000mg &#8211; 90 caps Le curcuma \u200dest une \u00e9pice populaire\u200b utilis\u00e9e depuis des si\u00e8cles dans \u2063la m\u00e9decine traditionnelle pour ses nombreux bienfaits pour la sant\u00e9. \u2062Allnutrition a cr\u00e9\u00e9 une formule puissante de curcuma en capsules pour vous permettre \u200bde profiter de tous ses avantages\u2064 de mani\u00e8re pratique et efficace. Ingr\u00e9dients de \u2064qualit\u00e9 sup\u00e9rieure Nos [&#8230;]\n","protected":false},"featured_media":261753,"comment_status":"open","ping_status":"open","template":"","meta":[],"product_brand":[4634],"product_cat":[5098,5052],"product_tag":[],"class_list":{"0":"post-285894","1":"product","2":"type-product","3":"status-publish","4":"has-post-thumbnail","6":"product_brand-allnutrition-2","7":"product_cat-antioxydants","8":"product_cat-sante-et-bien-etre","10":"first","11":"instock","12":"taxable","13":"shipping-taxable","14":"purchasable","15":"product-type-simple"},"yoast_head":"<!-- This site is optimized with the Yoast SEO Premium plugin v27.3 (Yoast SEO v27.3) - https:\/\/yoast.com\/product\/yoast-seo-premium-wordpress\/ -->\n<title>Ules - ECO Supplements<\/title>\n<meta name=\"description\" content=\"Wij hebben een ruime keuze aan producten van Ules . Winkel bij Eco Supplements altijd gratis verzending boven 100\u20ac\" \/>\n<meta name=\"robots\" content=\"index, follow, max-snippet:-1, max-image-preview:large, max-video-preview:-1\" \/>\n<link rel=\"canonical\" href=\"https:\/\/ecosupplements.be\/fr\/produit\/ules-3\/\" \/>\n<meta property=\"og:locale\" content=\"fr_FR\" \/>\n<meta property=\"og:type\" content=\"article\" \/>\n<meta property=\"og:title\" content=\"Ules\" \/>\n<meta property=\"og:description\" content=\"Wij hebben een ruime keuze aan producten van Ules . Winkel bij Eco Supplements altijd gratis verzending boven 100\u20ac\" \/>\n<meta property=\"og:url\" content=\"https:\/\/ecosupplements.be\/fr\/produit\/ules-3\/\" \/>\n<meta property=\"og:site_name\" content=\"ECO Supplements\" \/>\n<meta property=\"article:modified_time\" content=\"2025-08-27T12:58:46+00:00\" \/>\n<meta property=\"og:image\" content=\"https:\/\/ecosupplements.be\/wp-content\/uploads\/2025\/08\/Curcuma-1000mg-90-caps-1.jpg\" \/>\n\t<meta property=\"og:image:width\" content=\"840\" \/>\n\t<meta property=\"og:image:height\" content=\"840\" \/>\n\t<meta property=\"og:image:type\" content=\"image\/jpeg\" \/>\n<meta name=\"twitter:card\" content=\"summary_large_image\" \/>\n<meta name=\"twitter:label1\" content=\"Prix\" \/>\n\t<meta name=\"twitter:data1\" content=\"8.96&nbsp;&euro;\" \/>\n\t<meta name=\"twitter:label2\" content=\"Disponibilit\u00e9\" \/>\n\t<meta name=\"twitter:data2\" content=\"En stock\" \/>\n<script type=\"application\/ld+json\" class=\"yoast-schema-graph\">{\"@context\":\"https:\\\/\\\/schema.org\",\"@graph\":[{\"@type\":[\"WebPage\",\"ItemPage\"],\"@id\":\"https:\\\/\\\/ecosupplements.be\\\/fr\\\/produit\\\/ules-3\\\/\",\"url\":\"https:\\\/\\\/ecosupplements.be\\\/fr\\\/produit\\\/ules-3\\\/\",\"name\":\"Ules - ECO Supplements\",\"isPartOf\":{\"@id\":\"https:\\\/\\\/ecosupplements.be\\\/fr\\\/#website\"},\"primaryImageOfPage\":{\"@id\":\"https:\\\/\\\/ecosupplements.be\\\/fr\\\/produit\\\/ules-3\\\/#primaryimage\"},\"image\":{\"@id\":\"https:\\\/\\\/ecosupplements.be\\\/fr\\\/produit\\\/ules-3\\\/#primaryimage\"},\"thumbnailUrl\":\"https:\\\/\\\/ecosupplements.be\\\/wp-content\\\/uploads\\\/2025\\\/08\\\/Curcuma-1000mg-90-caps.jpg\",\"datePublished\":\"2023-01-16T20:53:38+00:00\",\"dateModified\":\"2025-08-27T12:58:46+00:00\",\"description\":\"Wij hebben een ruime keuze aan producten van Ules . Winkel bij Eco Supplements altijd gratis verzending boven 100\u20ac\",\"breadcrumb\":{\"@id\":\"https:\\\/\\\/ecosupplements.be\\\/fr\\\/produit\\\/ules-3\\\/#breadcrumb\"},\"inLanguage\":\"fr-FR\",\"potentialAction\":[{\"@type\":\"ReadAction\",\"target\":[\"https:\\\/\\\/ecosupplements.be\\\/fr\\\/produit\\\/ules-3\\\/\"]}]},{\"@type\":\"ImageObject\",\"inLanguage\":\"fr-FR\",\"@id\":\"https:\\\/\\\/ecosupplements.be\\\/fr\\\/produit\\\/ules-3\\\/#primaryimage\",\"url\":\"https:\\\/\\\/ecosupplements.be\\\/wp-content\\\/uploads\\\/2025\\\/08\\\/Curcuma-1000mg-90-caps.jpg\",\"contentUrl\":\"https:\\\/\\\/ecosupplements.be\\\/wp-content\\\/uploads\\\/2025\\\/08\\\/Curcuma-1000mg-90-caps.jpg\",\"width\":840,\"height\":840},{\"@type\":\"BreadcrumbList\",\"@id\":\"https:\\\/\\\/ecosupplements.be\\\/fr\\\/produit\\\/ules-3\\\/#breadcrumb\",\"itemListElement\":[{\"@type\":\"ListItem\",\"position\":1,\"name\":\"Home\",\"item\":\"https:\\\/\\\/ecosupplements.be\\\/fr\\\/\"},{\"@type\":\"ListItem\",\"position\":2,\"name\":\"Boutique\",\"item\":\"https:\\\/\\\/ecosupplements.be\\\/fr\\\/boutique\\\/\"},{\"@type\":\"ListItem\",\"position\":3,\"name\":\"Ules\"}]},{\"@type\":\"WebSite\",\"@id\":\"https:\\\/\\\/ecosupplements.be\\\/fr\\\/#website\",\"url\":\"https:\\\/\\\/ecosupplements.be\\\/fr\\\/\",\"name\":\"ECO Supplements\",\"description\":\"Eco Supplements - Gezonde supplementen\",\"publisher\":{\"@id\":\"https:\\\/\\\/ecosupplements.be\\\/fr\\\/#organization\"},\"potentialAction\":[{\"@type\":\"SearchAction\",\"target\":{\"@type\":\"EntryPoint\",\"urlTemplate\":\"https:\\\/\\\/ecosupplements.be\\\/fr\\\/?s={search_term_string}\"},\"query-input\":{\"@type\":\"PropertyValueSpecification\",\"valueRequired\":true,\"valueName\":\"search_term_string\"}}],\"inLanguage\":\"fr-FR\"},{\"@type\":\"Organization\",\"@id\":\"https:\\\/\\\/ecosupplements.be\\\/fr\\\/#organization\",\"name\":\"Eco Supplements\",\"url\":\"https:\\\/\\\/ecosupplements.be\\\/fr\\\/\",\"logo\":{\"@type\":\"ImageObject\",\"inLanguage\":\"fr-FR\",\"@id\":\"https:\\\/\\\/ecosupplements.be\\\/fr\\\/#\\\/schema\\\/logo\\\/image\\\/\",\"url\":\"https:\\\/\\\/ecosupplements.be\\\/wp-content\\\/uploads\\\/2022\\\/06\\\/ecosupplement-family.png\",\"contentUrl\":\"https:\\\/\\\/ecosupplements.be\\\/wp-content\\\/uploads\\\/2022\\\/06\\\/ecosupplement-family.png\",\"width\":593,\"height\":374,\"caption\":\"Eco Supplements\"},\"image\":{\"@id\":\"https:\\\/\\\/ecosupplements.be\\\/fr\\\/#\\\/schema\\\/logo\\\/image\\\/\"}}]}<\/script>\n<meta property=\"product:brand\" content=\"Allnutrition\" \/>\n<meta property=\"product:price:amount\" content=\"8.96\" \/>\n<meta property=\"product:price:currency\" content=\"EUR\" \/>\n<meta property=\"og:availability\" content=\"instock\" \/>\n<meta property=\"product:availability\" content=\"instock\" \/>\n<meta property=\"product:retailer_item_id\" content=\"5902837721316\" \/>\n<meta property=\"product:condition\" content=\"new\" \/>\n<!-- \/ Yoast SEO Premium plugin. -->","yoast_head_json":{"title":"Ules - ECO Supplements","description":"Wij hebben een ruime keuze aan producten van Ules . Winkel bij Eco Supplements altijd gratis verzending boven 100\u20ac","robots":{"index":"index","follow":"follow","max-snippet":"max-snippet:-1","max-image-preview":"max-image-preview:large","max-video-preview":"max-video-preview:-1"},"canonical":"https:\/\/ecosupplements.be\/fr\/produit\/ules-3\/","og_locale":"fr_FR","og_type":"article","og_title":"Ules","og_description":"Wij hebben een ruime keuze aan producten van Ules . Winkel bij Eco Supplements altijd gratis verzending boven 100\u20ac","og_url":"https:\/\/ecosupplements.be\/fr\/produit\/ules-3\/","og_site_name":"ECO Supplements","article_modified_time":"2025-08-27T12:58:46+00:00","og_image":[{"width":840,"height":840,"url":"https:\/\/ecosupplements.be\/wp-content\/uploads\/2025\/08\/Curcuma-1000mg-90-caps-1.jpg","type":"image\/jpeg"}],"twitter_card":"summary_large_image","twitter_misc":{"Prix":"8.96&nbsp;&euro;","Disponibilit\u00e9":"En stock"},"schema":{"@context":"https:\/\/schema.org","@graph":[{"@type":["WebPage","ItemPage"],"@id":"https:\/\/ecosupplements.be\/fr\/produit\/ules-3\/","url":"https:\/\/ecosupplements.be\/fr\/produit\/ules-3\/","name":"Ules - ECO Supplements","isPartOf":{"@id":"https:\/\/ecosupplements.be\/fr\/#website"},"primaryImageOfPage":{"@id":"https:\/\/ecosupplements.be\/fr\/produit\/ules-3\/#primaryimage"},"image":{"@id":"https:\/\/ecosupplements.be\/fr\/produit\/ules-3\/#primaryimage"},"thumbnailUrl":"https:\/\/ecosupplements.be\/wp-content\/uploads\/2025\/08\/Curcuma-1000mg-90-caps.jpg","datePublished":"2023-01-16T20:53:38+00:00","dateModified":"2025-08-27T12:58:46+00:00","description":"Wij hebben een ruime keuze aan producten van Ules . Winkel bij Eco Supplements altijd gratis verzending boven 100\u20ac","breadcrumb":{"@id":"https:\/\/ecosupplements.be\/fr\/produit\/ules-3\/#breadcrumb"},"inLanguage":"fr-FR","potentialAction":[{"@type":"ReadAction","target":["https:\/\/ecosupplements.be\/fr\/produit\/ules-3\/"]}]},{"@type":"ImageObject","inLanguage":"fr-FR","@id":"https:\/\/ecosupplements.be\/fr\/produit\/ules-3\/#primaryimage","url":"https:\/\/ecosupplements.be\/wp-content\/uploads\/2025\/08\/Curcuma-1000mg-90-caps.jpg","contentUrl":"https:\/\/ecosupplements.be\/wp-content\/uploads\/2025\/08\/Curcuma-1000mg-90-caps.jpg","width":840,"height":840},{"@type":"BreadcrumbList","@id":"https:\/\/ecosupplements.be\/fr\/produit\/ules-3\/#breadcrumb","itemListElement":[{"@type":"ListItem","position":1,"name":"Home","item":"https:\/\/ecosupplements.be\/fr\/"},{"@type":"ListItem","position":2,"name":"Boutique","item":"https:\/\/ecosupplements.be\/fr\/boutique\/"},{"@type":"ListItem","position":3,"name":"Ules"}]},{"@type":"WebSite","@id":"https:\/\/ecosupplements.be\/fr\/#website","url":"https:\/\/ecosupplements.be\/fr\/","name":"ECO Supplements","description":"Eco Supplements - Gezonde supplementen","publisher":{"@id":"https:\/\/ecosupplements.be\/fr\/#organization"},"potentialAction":[{"@type":"SearchAction","target":{"@type":"EntryPoint","urlTemplate":"https:\/\/ecosupplements.be\/fr\/?s={search_term_string}"},"query-input":{"@type":"PropertyValueSpecification","valueRequired":true,"valueName":"search_term_string"}}],"inLanguage":"fr-FR"},{"@type":"Organization","@id":"https:\/\/ecosupplements.be\/fr\/#organization","name":"Eco Supplements","url":"https:\/\/ecosupplements.be\/fr\/","logo":{"@type":"ImageObject","inLanguage":"fr-FR","@id":"https:\/\/ecosupplements.be\/fr\/#\/schema\/logo\/image\/","url":"https:\/\/ecosupplements.be\/wp-content\/uploads\/2022\/06\/ecosupplement-family.png","contentUrl":"https:\/\/ecosupplements.be\/wp-content\/uploads\/2022\/06\/ecosupplement-family.png","width":593,"height":374,"caption":"Eco Supplements"},"image":{"@id":"https:\/\/ecosupplements.be\/fr\/#\/schema\/logo\/image\/"}}]},"product_brand":"Allnutrition","product_price_amount":"8.96","product_price_currency":"EUR","og_availability":"instock","product_availability":"instock","product_retailer_item_id":"5902837721316","product_condition":"new"},"_links":{"self":[{"href":"https:\/\/ecosupplements.be\/fr\/wp-json\/wp\/v2\/product\/285894","targetHints":{"allow":["GET"]}}],"collection":[{"href":"https:\/\/ecosupplements.be\/fr\/wp-json\/wp\/v2\/product"}],"about":[{"href":"https:\/\/ecosupplements.be\/fr\/wp-json\/wp\/v2\/types\/product"}],"replies":[{"embeddable":true,"href":"https:\/\/ecosupplements.be\/fr\/wp-json\/wp\/v2\/comments?post=285894"}],"wp:featuredmedia":[{"embeddable":true,"href":"https:\/\/ecosupplements.be\/fr\/wp-json\/wp\/v2\/media\/261753"}],"wp:attachment":[{"href":"https:\/\/ecosupplements.be\/fr\/wp-json\/wp\/v2\/media?parent=285894"}],"wp:term":[{"taxonomy":"product_brand","embeddable":true,"href":"https:\/\/ecosupplements.be\/fr\/wp-json\/wp\/v2\/product_brand?post=285894"},{"taxonomy":"product_cat","embeddable":true,"href":"https:\/\/ecosupplements.be\/fr\/wp-json\/wp\/v2\/product_cat?post=285894"},{"taxonomy":"product_tag","embeddable":true,"href":"https:\/\/ecosupplements.be\/fr\/wp-json\/wp\/v2\/product_tag?post=285894"}],"curies":[{"name":"wp","href":"https:\/\/api.w.org\/{rel}","templated":true}]}}