{"id":285918,"date":"2023-01-16T21:53:38","date_gmt":"2023-01-16T20:53:38","guid":{"rendered":"https:\/\/ecosupplements.be\/product\/fitking-delicieux-cookie-double-chocolat-128g\/"},"modified":"2025-08-27T13:59:11","modified_gmt":"2025-08-27T12:59:11","slug":"fitking-delicieux-cookie-double-chocolat-128g","status":"publish","type":"product","link":"https:\/\/ecosupplements.be\/fr\/produit\/fitking-delicieux-cookie-double-chocolat-128g\/","title":{"rendered":"Fitking D\u00e9licieux Cookie, Double Chocolat &#8211; 128g"},"content":{"rendered":"<h1>Fitking \u200dDelicious Cookie, Double Chocolate -\u200d 128g<\/h1>\n<p>D\u00e9couvrez le d\u00e9licieux cookie double\u200c chocolat de la marque Allnutrition, le Fitking Delicious Cookie. Ce cookie est le choix parfait pour les amateurs \u200bde chocolat qui souhaitent se faire plaisir tout en gardant une alimentation saine et \u00e9quilibr\u00e9e.<\/p>\n<h2>Caract\u00e9ristiques sp\u00e9ciales :<\/h2>\n<ul>\n<li>Ce cookie est\u2062 riche en prot\u00e9ines,\u2062 avec 20g de prot\u00e9ines\u200d par portion\u2062 de\u2064 128g.<\/li>\n<li>Il est \u00e9galement faible en sucre, avec seulement \u20622,5g de sucre par portion.<\/li>\n<li>Il est sans gluten, convient donc \u200caux personnes intol\u00e9rantes au gluten.<\/li>\n<li>Il est fabriqu\u00e9 \u00e0 partir d&#8217;ingr\u00e9dients de haute qualit\u00e9, soigneusement s\u00e9lectionn\u00e9s \u2064pour offrir un go\u00fbt d\u00e9licieux et une texture moelleuse.<\/li>\n<\/ul>\n<h2>Ingr\u00e9dients :<\/h2>\n<p>Farine de bl\u00e9, prot\u00e9ines de lait, \u00e9dulcorant (maltitol), huile\u2064 de palme, cacao en poudre, \u00e9mulsifiant\u2064 (l\u00e9cithine de soja), ar\u00f4me naturel de vanille, poudre \u00e0 \u2063lever (bicarbonate de sodium), sel.<\/p>\n<h2>Avantages uniques :<\/h2>\n<p>Le Fitking Delicious\u2062 Cookie est un en-cas id\u00e9al pour les personnes actives et soucieuses de leur sant\u00e9. Gr\u00e2ce \u00e0\u200d sa\u200b teneur \u00e9lev\u00e9e en prot\u00e9ines, il peut aider \u00e0 maintenir et \u00e0 d\u00e9velopper la masse musculaire. De plus, sa faible \u200dteneur en sucre en fait une\u2062 option \u2064plus \u200csaine pour satisfaire vos envies de sucreries.<\/p>\n<h2>Principales caract\u00e9ristiques :<\/h2>\n<ul>\n<li>Saveur : Double chocolat<\/li>\n<li>Poids : 128g<\/li>\n<li>Portion : 1 cookie<\/li>\n<li>20g \u200cde prot\u00e9ines par \u2063portion<\/li>\n<li>2,5g de sucre par\u2062 portion<\/li>\n<li>Sans gluten<\/li>\n<\/ul>\n<p>Offrez-vous une pause gourmande sans culpabilit\u00e9 avec le Fitking Delicious Cookie, Double Chocolate. Son go\u00fbt d\u00e9licieux et sa\u2063 composition \u200dnutritive en font un choix \u2063parfait pour une collation saine et savoureuse.<\/p>\n","protected":false},"excerpt":{"rendered":"<p>Fitking \u200dDelicious Cookie, Double Chocolate -\u200d 128g D\u00e9couvrez le d\u00e9licieux cookie double\u200c chocolat de la marque Allnutrition, le Fitking Delicious Cookie. Ce cookie est le choix parfait pour les amateurs \u200bde chocolat qui souhaitent se faire plaisir tout en gardant une alimentation saine et \u00e9quilibr\u00e9e. Caract\u00e9ristiques sp\u00e9ciales : Ce cookie est\u2062 riche en prot\u00e9ines,\u2062 avec [&#8230;]\n","protected":false},"featured_media":261783,"comment_status":"open","ping_status":"open","template":"","meta":[],"product_brand":[4634],"product_cat":[5052],"product_tag":[],"class_list":{"0":"post-285918","1":"product","2":"type-product","3":"status-publish","4":"has-post-thumbnail","6":"product_brand-allnutrition-2","7":"product_cat-sante-et-bien-etre","9":"first","10":"instock","11":"taxable","12":"shipping-taxable","13":"purchasable","14":"product-type-simple"},"yoast_head":"<!-- This site is optimized with the Yoast SEO Premium plugin v27.3 (Yoast SEO v27.3) - https:\/\/yoast.com\/product\/yoast-seo-premium-wordpress\/ -->\n<title>Fitking D\u00e9licieux Cookie, Double Chocolat - 128g - ECO Supplements<\/title>\n<meta name=\"description\" content=\"Wij hebben een ruime keuze aan producten van Fitking D\u00e9licieux Cookie, Double Chocolat - 128g . Winkel bij Eco Supplements altijd gratis verzending boven 100\u20ac\" \/>\n<meta name=\"robots\" content=\"index, follow, max-snippet:-1, max-image-preview:large, max-video-preview:-1\" \/>\n<link rel=\"canonical\" href=\"https:\/\/ecosupplements.be\/fr\/produit\/fitking-delicieux-cookie-double-chocolat-128g\/\" \/>\n<meta property=\"og:locale\" content=\"fr_FR\" \/>\n<meta property=\"og:type\" content=\"article\" \/>\n<meta property=\"og:title\" content=\"Fitking D\u00e9licieux Cookie, Double Chocolat - 128g\" \/>\n<meta property=\"og:description\" content=\"Wij hebben een ruime keuze aan producten van Fitking D\u00e9licieux Cookie, Double Chocolat - 128g . Winkel bij Eco Supplements altijd gratis verzending boven 100\u20ac\" \/>\n<meta property=\"og:url\" content=\"https:\/\/ecosupplements.be\/fr\/produit\/fitking-delicieux-cookie-double-chocolat-128g\/\" \/>\n<meta property=\"og:site_name\" content=\"ECO Supplements\" \/>\n<meta property=\"article:modified_time\" content=\"2025-08-27T12:59:11+00:00\" \/>\n<meta property=\"og:image\" content=\"https:\/\/ecosupplements.be\/wp-content\/uploads\/2025\/08\/Fitking-Delicious-Cookie-Double-Chocolate-128g-1.jpg\" \/>\n\t<meta property=\"og:image:width\" content=\"719\" \/>\n\t<meta property=\"og:image:height\" content=\"603\" \/>\n\t<meta property=\"og:image:type\" content=\"image\/jpeg\" \/>\n<meta name=\"twitter:card\" content=\"summary_large_image\" \/>\n<meta name=\"twitter:label1\" content=\"Prix\" \/>\n\t<meta name=\"twitter:data1\" content=\"1.87&nbsp;&euro;\" \/>\n\t<meta name=\"twitter:label2\" content=\"Disponibilit\u00e9\" \/>\n\t<meta name=\"twitter:data2\" content=\"En stock\" \/>\n<script type=\"application\/ld+json\" class=\"yoast-schema-graph\">{\"@context\":\"https:\\\/\\\/schema.org\",\"@graph\":[{\"@type\":[\"WebPage\",\"ItemPage\"],\"@id\":\"https:\\\/\\\/ecosupplements.be\\\/fr\\\/produit\\\/fitking-delicieux-cookie-double-chocolat-128g\\\/\",\"url\":\"https:\\\/\\\/ecosupplements.be\\\/fr\\\/produit\\\/fitking-delicieux-cookie-double-chocolat-128g\\\/\",\"name\":\"Fitking D\u00e9licieux Cookie, Double Chocolat - 128g - ECO Supplements\",\"isPartOf\":{\"@id\":\"https:\\\/\\\/ecosupplements.be\\\/fr\\\/#website\"},\"primaryImageOfPage\":{\"@id\":\"https:\\\/\\\/ecosupplements.be\\\/fr\\\/produit\\\/fitking-delicieux-cookie-double-chocolat-128g\\\/#primaryimage\"},\"image\":{\"@id\":\"https:\\\/\\\/ecosupplements.be\\\/fr\\\/produit\\\/fitking-delicieux-cookie-double-chocolat-128g\\\/#primaryimage\"},\"thumbnailUrl\":\"https:\\\/\\\/ecosupplements.be\\\/wp-content\\\/uploads\\\/2025\\\/08\\\/Fitking-Delicious-Cookie-Double-Chocolate-128g.jpg\",\"datePublished\":\"2023-01-16T20:53:38+00:00\",\"dateModified\":\"2025-08-27T12:59:11+00:00\",\"description\":\"Wij hebben een ruime keuze aan producten van Fitking D\u00e9licieux Cookie, Double Chocolat - 128g . Winkel bij Eco Supplements altijd gratis verzending boven 100\u20ac\",\"breadcrumb\":{\"@id\":\"https:\\\/\\\/ecosupplements.be\\\/fr\\\/produit\\\/fitking-delicieux-cookie-double-chocolat-128g\\\/#breadcrumb\"},\"inLanguage\":\"fr-FR\",\"potentialAction\":[{\"@type\":\"ReadAction\",\"target\":[\"https:\\\/\\\/ecosupplements.be\\\/fr\\\/produit\\\/fitking-delicieux-cookie-double-chocolat-128g\\\/\"]}]},{\"@type\":\"ImageObject\",\"inLanguage\":\"fr-FR\",\"@id\":\"https:\\\/\\\/ecosupplements.be\\\/fr\\\/produit\\\/fitking-delicieux-cookie-double-chocolat-128g\\\/#primaryimage\",\"url\":\"https:\\\/\\\/ecosupplements.be\\\/wp-content\\\/uploads\\\/2025\\\/08\\\/Fitking-Delicious-Cookie-Double-Chocolate-128g.jpg\",\"contentUrl\":\"https:\\\/\\\/ecosupplements.be\\\/wp-content\\\/uploads\\\/2025\\\/08\\\/Fitking-Delicious-Cookie-Double-Chocolate-128g.jpg\",\"width\":719,\"height\":603},{\"@type\":\"BreadcrumbList\",\"@id\":\"https:\\\/\\\/ecosupplements.be\\\/fr\\\/produit\\\/fitking-delicieux-cookie-double-chocolat-128g\\\/#breadcrumb\",\"itemListElement\":[{\"@type\":\"ListItem\",\"position\":1,\"name\":\"Home\",\"item\":\"https:\\\/\\\/ecosupplements.be\\\/fr\\\/\"},{\"@type\":\"ListItem\",\"position\":2,\"name\":\"Boutique\",\"item\":\"https:\\\/\\\/ecosupplements.be\\\/fr\\\/boutique\\\/\"},{\"@type\":\"ListItem\",\"position\":3,\"name\":\"Fitking D\u00e9licieux Cookie, Double Chocolat &#8211; 128g\"}]},{\"@type\":\"WebSite\",\"@id\":\"https:\\\/\\\/ecosupplements.be\\\/fr\\\/#website\",\"url\":\"https:\\\/\\\/ecosupplements.be\\\/fr\\\/\",\"name\":\"ECO Supplements\",\"description\":\"Eco Supplements - Gezonde supplementen\",\"publisher\":{\"@id\":\"https:\\\/\\\/ecosupplements.be\\\/fr\\\/#organization\"},\"potentialAction\":[{\"@type\":\"SearchAction\",\"target\":{\"@type\":\"EntryPoint\",\"urlTemplate\":\"https:\\\/\\\/ecosupplements.be\\\/fr\\\/?s={search_term_string}\"},\"query-input\":{\"@type\":\"PropertyValueSpecification\",\"valueRequired\":true,\"valueName\":\"search_term_string\"}}],\"inLanguage\":\"fr-FR\"},{\"@type\":\"Organization\",\"@id\":\"https:\\\/\\\/ecosupplements.be\\\/fr\\\/#organization\",\"name\":\"Eco Supplements\",\"url\":\"https:\\\/\\\/ecosupplements.be\\\/fr\\\/\",\"logo\":{\"@type\":\"ImageObject\",\"inLanguage\":\"fr-FR\",\"@id\":\"https:\\\/\\\/ecosupplements.be\\\/fr\\\/#\\\/schema\\\/logo\\\/image\\\/\",\"url\":\"https:\\\/\\\/ecosupplements.be\\\/wp-content\\\/uploads\\\/2022\\\/06\\\/ecosupplement-family.png\",\"contentUrl\":\"https:\\\/\\\/ecosupplements.be\\\/wp-content\\\/uploads\\\/2022\\\/06\\\/ecosupplement-family.png\",\"width\":593,\"height\":374,\"caption\":\"Eco Supplements\"},\"image\":{\"@id\":\"https:\\\/\\\/ecosupplements.be\\\/fr\\\/#\\\/schema\\\/logo\\\/image\\\/\"}}]}<\/script>\n<meta property=\"product:brand\" content=\"Allnutrition\" \/>\n<meta property=\"product:price:amount\" content=\"1.87\" \/>\n<meta property=\"product:price:currency\" content=\"EUR\" \/>\n<meta property=\"og:availability\" content=\"instock\" \/>\n<meta property=\"product:availability\" content=\"instock\" \/>\n<meta property=\"product:retailer_item_id\" content=\"5902837740638\" \/>\n<meta property=\"product:condition\" content=\"new\" \/>\n<!-- \/ Yoast SEO Premium plugin. -->","yoast_head_json":{"title":"Fitking D\u00e9licieux Cookie, Double Chocolat - 128g - ECO Supplements","description":"Wij hebben een ruime keuze aan producten van Fitking D\u00e9licieux Cookie, Double Chocolat - 128g . Winkel bij Eco Supplements altijd gratis verzending boven 100\u20ac","robots":{"index":"index","follow":"follow","max-snippet":"max-snippet:-1","max-image-preview":"max-image-preview:large","max-video-preview":"max-video-preview:-1"},"canonical":"https:\/\/ecosupplements.be\/fr\/produit\/fitking-delicieux-cookie-double-chocolat-128g\/","og_locale":"fr_FR","og_type":"article","og_title":"Fitking D\u00e9licieux Cookie, Double Chocolat - 128g","og_description":"Wij hebben een ruime keuze aan producten van Fitking D\u00e9licieux Cookie, Double Chocolat - 128g . Winkel bij Eco Supplements altijd gratis verzending boven 100\u20ac","og_url":"https:\/\/ecosupplements.be\/fr\/produit\/fitking-delicieux-cookie-double-chocolat-128g\/","og_site_name":"ECO Supplements","article_modified_time":"2025-08-27T12:59:11+00:00","og_image":[{"width":719,"height":603,"url":"https:\/\/ecosupplements.be\/wp-content\/uploads\/2025\/08\/Fitking-Delicious-Cookie-Double-Chocolate-128g-1.jpg","type":"image\/jpeg"}],"twitter_card":"summary_large_image","twitter_misc":{"Prix":"1.87&nbsp;&euro;","Disponibilit\u00e9":"En stock"},"schema":{"@context":"https:\/\/schema.org","@graph":[{"@type":["WebPage","ItemPage"],"@id":"https:\/\/ecosupplements.be\/fr\/produit\/fitking-delicieux-cookie-double-chocolat-128g\/","url":"https:\/\/ecosupplements.be\/fr\/produit\/fitking-delicieux-cookie-double-chocolat-128g\/","name":"Fitking D\u00e9licieux Cookie, Double Chocolat - 128g - ECO Supplements","isPartOf":{"@id":"https:\/\/ecosupplements.be\/fr\/#website"},"primaryImageOfPage":{"@id":"https:\/\/ecosupplements.be\/fr\/produit\/fitking-delicieux-cookie-double-chocolat-128g\/#primaryimage"},"image":{"@id":"https:\/\/ecosupplements.be\/fr\/produit\/fitking-delicieux-cookie-double-chocolat-128g\/#primaryimage"},"thumbnailUrl":"https:\/\/ecosupplements.be\/wp-content\/uploads\/2025\/08\/Fitking-Delicious-Cookie-Double-Chocolate-128g.jpg","datePublished":"2023-01-16T20:53:38+00:00","dateModified":"2025-08-27T12:59:11+00:00","description":"Wij hebben een ruime keuze aan producten van Fitking D\u00e9licieux Cookie, Double Chocolat - 128g . Winkel bij Eco Supplements altijd gratis verzending boven 100\u20ac","breadcrumb":{"@id":"https:\/\/ecosupplements.be\/fr\/produit\/fitking-delicieux-cookie-double-chocolat-128g\/#breadcrumb"},"inLanguage":"fr-FR","potentialAction":[{"@type":"ReadAction","target":["https:\/\/ecosupplements.be\/fr\/produit\/fitking-delicieux-cookie-double-chocolat-128g\/"]}]},{"@type":"ImageObject","inLanguage":"fr-FR","@id":"https:\/\/ecosupplements.be\/fr\/produit\/fitking-delicieux-cookie-double-chocolat-128g\/#primaryimage","url":"https:\/\/ecosupplements.be\/wp-content\/uploads\/2025\/08\/Fitking-Delicious-Cookie-Double-Chocolate-128g.jpg","contentUrl":"https:\/\/ecosupplements.be\/wp-content\/uploads\/2025\/08\/Fitking-Delicious-Cookie-Double-Chocolate-128g.jpg","width":719,"height":603},{"@type":"BreadcrumbList","@id":"https:\/\/ecosupplements.be\/fr\/produit\/fitking-delicieux-cookie-double-chocolat-128g\/#breadcrumb","itemListElement":[{"@type":"ListItem","position":1,"name":"Home","item":"https:\/\/ecosupplements.be\/fr\/"},{"@type":"ListItem","position":2,"name":"Boutique","item":"https:\/\/ecosupplements.be\/fr\/boutique\/"},{"@type":"ListItem","position":3,"name":"Fitking D\u00e9licieux Cookie, Double Chocolat &#8211; 128g"}]},{"@type":"WebSite","@id":"https:\/\/ecosupplements.be\/fr\/#website","url":"https:\/\/ecosupplements.be\/fr\/","name":"ECO Supplements","description":"Eco Supplements - Gezonde supplementen","publisher":{"@id":"https:\/\/ecosupplements.be\/fr\/#organization"},"potentialAction":[{"@type":"SearchAction","target":{"@type":"EntryPoint","urlTemplate":"https:\/\/ecosupplements.be\/fr\/?s={search_term_string}"},"query-input":{"@type":"PropertyValueSpecification","valueRequired":true,"valueName":"search_term_string"}}],"inLanguage":"fr-FR"},{"@type":"Organization","@id":"https:\/\/ecosupplements.be\/fr\/#organization","name":"Eco Supplements","url":"https:\/\/ecosupplements.be\/fr\/","logo":{"@type":"ImageObject","inLanguage":"fr-FR","@id":"https:\/\/ecosupplements.be\/fr\/#\/schema\/logo\/image\/","url":"https:\/\/ecosupplements.be\/wp-content\/uploads\/2022\/06\/ecosupplement-family.png","contentUrl":"https:\/\/ecosupplements.be\/wp-content\/uploads\/2022\/06\/ecosupplement-family.png","width":593,"height":374,"caption":"Eco Supplements"},"image":{"@id":"https:\/\/ecosupplements.be\/fr\/#\/schema\/logo\/image\/"}}]},"product_brand":"Allnutrition","product_price_amount":"1.87","product_price_currency":"EUR","og_availability":"instock","product_availability":"instock","product_retailer_item_id":"5902837740638","product_condition":"new"},"_links":{"self":[{"href":"https:\/\/ecosupplements.be\/fr\/wp-json\/wp\/v2\/product\/285918","targetHints":{"allow":["GET"]}}],"collection":[{"href":"https:\/\/ecosupplements.be\/fr\/wp-json\/wp\/v2\/product"}],"about":[{"href":"https:\/\/ecosupplements.be\/fr\/wp-json\/wp\/v2\/types\/product"}],"replies":[{"embeddable":true,"href":"https:\/\/ecosupplements.be\/fr\/wp-json\/wp\/v2\/comments?post=285918"}],"wp:featuredmedia":[{"embeddable":true,"href":"https:\/\/ecosupplements.be\/fr\/wp-json\/wp\/v2\/media\/261783"}],"wp:attachment":[{"href":"https:\/\/ecosupplements.be\/fr\/wp-json\/wp\/v2\/media?parent=285918"}],"wp:term":[{"taxonomy":"product_brand","embeddable":true,"href":"https:\/\/ecosupplements.be\/fr\/wp-json\/wp\/v2\/product_brand?post=285918"},{"taxonomy":"product_cat","embeddable":true,"href":"https:\/\/ecosupplements.be\/fr\/wp-json\/wp\/v2\/product_cat?post=285918"},{"taxonomy":"product_tag","embeddable":true,"href":"https:\/\/ecosupplements.be\/fr\/wp-json\/wp\/v2\/product_tag?post=285918"}],"curies":[{"name":"wp","href":"https:\/\/api.w.org\/{rel}","templated":true}]}}