{"id":285930,"date":"2024-03-06T23:31:25","date_gmt":"2024-03-06T22:31:25","guid":{"rendered":"https:\/\/ecosupplements.be\/product\/fitking-delicieux-cookie-creme-blanche-au-beurre-darachide-128g\/"},"modified":"2025-08-27T13:59:24","modified_gmt":"2025-08-27T12:59:24","slug":"fitking-delicieux-cookie-creme-blanche-au-beurre-darachide-128g","status":"publish","type":"product","link":"https:\/\/ecosupplements.be\/fr\/produit\/fitking-delicieux-cookie-creme-blanche-au-beurre-darachide-128g\/","title":{"rendered":"Fitking D\u00e9licieux Cookie, Cr\u00e8me Blanche au Beurre d&#8217;Arachide &#8211; 128g"},"content":{"rendered":"<h1>Fitking Delicious Cookie, White Creamy Peanut &#8211; 128g<\/h1>\n<p>D\u00e9couvrez le d\u00e9licieux cookie Fitking,\u2063 une collation saine et gourmande qui ravira vos papilles \u200b! Ce cookie est\u2064 sp\u00e9cialement con\u00e7u pour les amateurs \u2063de beurre de cacahu\u00e8te, avec une d\u00e9licieuse cr\u00e8me blanche et cr\u00e9meuse \u00e0 base de cacahu\u00e8tes.<\/p>\n<h2>Caract\u00e9ristiques sp\u00e9ciales :<\/h2>\n<ul>\n<li>Contient de la cr\u00e8me de cacahu\u00e8te blanche et\u200c cr\u00e9meuse<\/li>\n<li>Riches en prot\u00e9ines<\/li>\n<li>Faible teneur en sucre<\/li>\n<li>Sans gluten<\/li>\n<li>Convient aux v\u00e9g\u00e9tariens<\/li>\n<\/ul>\n<h2>Ingr\u00e9dients\u2062 :<\/h2>\n<p>Farine de bl\u00e9, \u00e9dulcorant (maltitol), huile de \u200cpalme, concentr\u00e9 de prot\u00e9ines de lactos\u00e9rum (lait), poudre de cacao, amidon\u200c de bl\u00e9, poudre de lait \u2064\u00e9cr\u00e9m\u00e9, poudre de cacao d\u00e9graiss\u00e9,\u200d \u00e9mulsifiant (l\u00e9cithine de soja), ar\u00f4me\u2064 naturel de vanille, \u00e9dulcorant (sucralose), poudre \u00e0 lever (bicarbonate de\u200c sodium).<\/p>\n<h2>Avantages uniques :<\/h2>\n<p>Le cookie Fitking est une collation id\u00e9ale pour \u2062les personnes actives et soucieuses de leur sant\u00e9. Avec \u200bsa teneur \u00e9lev\u00e9e en prot\u00e9ines et sa faible teneur en sucre, il vous apportera l&#8217;\u00e9nergie n\u00e9cessaire pour vos entra\u00eenements et vous \u200daidera \u00e0 maintenir une alimentation \u00e9quilibr\u00e9e. De plus, sa cr\u00e8me de cacahu\u00e8te blanche et cr\u00e9meuse en fait une \u200dcollation savoureuse et satisfaisante pour les \u200dpetites faims.<\/p>\n<h2>Principales caract\u00e9ristiques :<\/h2>\n<ul>\n<li>128g de d\u00e9licieux cookies<\/li>\n<li>Contient \u200c12g de prot\u00e9ines par portion<\/li>\n<li>Faible\u2062 teneur en sucre (seulement 1,5g par portion)<\/li>\n<li>Sans gluten<\/li>\n<li>Convient\u2064 aux v\u00e9g\u00e9tariens<\/li>\n<\/ul>\n<p>Offrez-vous une pause gourmande et saine avec le cookie Fitking Delicious, et profitez de son go\u00fbt d\u00e9licieux et de ses bienfaits pour votre corps !<\/p>\n","protected":false},"excerpt":{"rendered":"<p>Fitking Delicious Cookie, White Creamy Peanut &#8211; 128g D\u00e9couvrez le d\u00e9licieux cookie Fitking,\u2063 une collation saine et gourmande qui ravira vos papilles \u200b! Ce cookie est\u2064 sp\u00e9cialement con\u00e7u pour les amateurs \u2063de beurre de cacahu\u00e8te, avec une d\u00e9licieuse cr\u00e8me blanche et cr\u00e9meuse \u00e0 base de cacahu\u00e8tes. Caract\u00e9ristiques sp\u00e9ciales : Contient de la cr\u00e8me de cacahu\u00e8te [&#8230;]\n","protected":false},"featured_media":263168,"comment_status":"open","ping_status":"open","template":"","meta":[],"product_brand":[4634],"product_cat":[5052],"product_tag":[],"class_list":{"0":"post-285930","1":"product","2":"type-product","3":"status-publish","4":"has-post-thumbnail","6":"product_brand-allnutrition-2","7":"product_cat-sante-et-bien-etre","9":"first","10":"instock","11":"taxable","12":"shipping-taxable","13":"purchasable","14":"product-type-simple"},"yoast_head":"<!-- This site is optimized with the Yoast SEO Premium plugin v27.3 (Yoast SEO v27.3) - https:\/\/yoast.com\/product\/yoast-seo-premium-wordpress\/ -->\n<title>Fitking D\u00e9licieux Cookie, Cr\u00e8me Blanche au Beurre d&#039;Arachide - 128g - ECO Supplements<\/title>\n<meta name=\"description\" content=\"Wij hebben een ruime keuze aan producten van Fitking D\u00e9licieux Cookie, Cr\u00e8me Blanche au Beurre d&#039;Arachide - 128g . Winkel bij Eco Supplements altijd gratis verzending boven 100\u20ac\" \/>\n<meta name=\"robots\" content=\"index, follow, max-snippet:-1, max-image-preview:large, max-video-preview:-1\" \/>\n<link rel=\"canonical\" href=\"https:\/\/ecosupplements.be\/fr\/produit\/fitking-delicieux-cookie-creme-blanche-au-beurre-darachide-128g\/\" \/>\n<meta property=\"og:locale\" content=\"fr_FR\" \/>\n<meta property=\"og:type\" content=\"article\" \/>\n<meta property=\"og:title\" content=\"Fitking D\u00e9licieux Cookie, Cr\u00e8me Blanche au Beurre d&#039;Arachide - 128g\" \/>\n<meta property=\"og:description\" content=\"Wij hebben een ruime keuze aan producten van Fitking D\u00e9licieux Cookie, Cr\u00e8me Blanche au Beurre d&#039;Arachide - 128g . Winkel bij Eco Supplements altijd gratis verzending boven 100\u20ac\" \/>\n<meta property=\"og:url\" content=\"https:\/\/ecosupplements.be\/fr\/produit\/fitking-delicieux-cookie-creme-blanche-au-beurre-darachide-128g\/\" \/>\n<meta property=\"og:site_name\" content=\"ECO Supplements\" \/>\n<meta property=\"article:modified_time\" content=\"2025-08-27T12:59:24+00:00\" \/>\n<meta property=\"og:image\" content=\"https:\/\/ecosupplements.be\/wp-content\/uploads\/2025\/08\/Fitking-Delicious-Cookie-White-Creamy-Peanut-128g-1.jpg\" \/>\n\t<meta property=\"og:image:width\" content=\"600\" \/>\n\t<meta property=\"og:image:height\" content=\"600\" \/>\n\t<meta property=\"og:image:type\" content=\"image\/jpeg\" \/>\n<meta name=\"twitter:card\" content=\"summary_large_image\" \/>\n<meta name=\"twitter:label1\" content=\"Prix\" \/>\n\t<meta name=\"twitter:data1\" content=\"1.87&nbsp;&euro;\" \/>\n\t<meta name=\"twitter:label2\" content=\"Disponibilit\u00e9\" \/>\n\t<meta name=\"twitter:data2\" content=\"En stock\" \/>\n<script type=\"application\/ld+json\" class=\"yoast-schema-graph\">{\"@context\":\"https:\\\/\\\/schema.org\",\"@graph\":[{\"@type\":[\"WebPage\",\"ItemPage\"],\"@id\":\"https:\\\/\\\/ecosupplements.be\\\/fr\\\/produit\\\/fitking-delicieux-cookie-creme-blanche-au-beurre-darachide-128g\\\/\",\"url\":\"https:\\\/\\\/ecosupplements.be\\\/fr\\\/produit\\\/fitking-delicieux-cookie-creme-blanche-au-beurre-darachide-128g\\\/\",\"name\":\"Fitking D\u00e9licieux Cookie, Cr\u00e8me Blanche au Beurre d'Arachide - 128g - ECO Supplements\",\"isPartOf\":{\"@id\":\"https:\\\/\\\/ecosupplements.be\\\/fr\\\/#website\"},\"primaryImageOfPage\":{\"@id\":\"https:\\\/\\\/ecosupplements.be\\\/fr\\\/produit\\\/fitking-delicieux-cookie-creme-blanche-au-beurre-darachide-128g\\\/#primaryimage\"},\"image\":{\"@id\":\"https:\\\/\\\/ecosupplements.be\\\/fr\\\/produit\\\/fitking-delicieux-cookie-creme-blanche-au-beurre-darachide-128g\\\/#primaryimage\"},\"thumbnailUrl\":\"https:\\\/\\\/ecosupplements.be\\\/wp-content\\\/uploads\\\/2025\\\/08\\\/Fitking-Delicious-Cookie-White-Creamy-Peanut-128g.jpg\",\"datePublished\":\"2024-03-06T22:31:25+00:00\",\"dateModified\":\"2025-08-27T12:59:24+00:00\",\"description\":\"Wij hebben een ruime keuze aan producten van Fitking D\u00e9licieux Cookie, Cr\u00e8me Blanche au Beurre d'Arachide - 128g . Winkel bij Eco Supplements altijd gratis verzending boven 100\u20ac\",\"breadcrumb\":{\"@id\":\"https:\\\/\\\/ecosupplements.be\\\/fr\\\/produit\\\/fitking-delicieux-cookie-creme-blanche-au-beurre-darachide-128g\\\/#breadcrumb\"},\"inLanguage\":\"fr-FR\",\"potentialAction\":[{\"@type\":\"ReadAction\",\"target\":[\"https:\\\/\\\/ecosupplements.be\\\/fr\\\/produit\\\/fitking-delicieux-cookie-creme-blanche-au-beurre-darachide-128g\\\/\"]}]},{\"@type\":\"ImageObject\",\"inLanguage\":\"fr-FR\",\"@id\":\"https:\\\/\\\/ecosupplements.be\\\/fr\\\/produit\\\/fitking-delicieux-cookie-creme-blanche-au-beurre-darachide-128g\\\/#primaryimage\",\"url\":\"https:\\\/\\\/ecosupplements.be\\\/wp-content\\\/uploads\\\/2025\\\/08\\\/Fitking-Delicious-Cookie-White-Creamy-Peanut-128g.jpg\",\"contentUrl\":\"https:\\\/\\\/ecosupplements.be\\\/wp-content\\\/uploads\\\/2025\\\/08\\\/Fitking-Delicious-Cookie-White-Creamy-Peanut-128g.jpg\",\"width\":600,\"height\":600},{\"@type\":\"BreadcrumbList\",\"@id\":\"https:\\\/\\\/ecosupplements.be\\\/fr\\\/produit\\\/fitking-delicieux-cookie-creme-blanche-au-beurre-darachide-128g\\\/#breadcrumb\",\"itemListElement\":[{\"@type\":\"ListItem\",\"position\":1,\"name\":\"Home\",\"item\":\"https:\\\/\\\/ecosupplements.be\\\/fr\\\/\"},{\"@type\":\"ListItem\",\"position\":2,\"name\":\"Boutique\",\"item\":\"https:\\\/\\\/ecosupplements.be\\\/fr\\\/boutique\\\/\"},{\"@type\":\"ListItem\",\"position\":3,\"name\":\"Fitking D\u00e9licieux Cookie, Cr\u00e8me Blanche au Beurre d&#8217;Arachide &#8211; 128g\"}]},{\"@type\":\"WebSite\",\"@id\":\"https:\\\/\\\/ecosupplements.be\\\/fr\\\/#website\",\"url\":\"https:\\\/\\\/ecosupplements.be\\\/fr\\\/\",\"name\":\"ECO Supplements\",\"description\":\"Eco Supplements - Gezonde supplementen\",\"publisher\":{\"@id\":\"https:\\\/\\\/ecosupplements.be\\\/fr\\\/#organization\"},\"potentialAction\":[{\"@type\":\"SearchAction\",\"target\":{\"@type\":\"EntryPoint\",\"urlTemplate\":\"https:\\\/\\\/ecosupplements.be\\\/fr\\\/?s={search_term_string}\"},\"query-input\":{\"@type\":\"PropertyValueSpecification\",\"valueRequired\":true,\"valueName\":\"search_term_string\"}}],\"inLanguage\":\"fr-FR\"},{\"@type\":\"Organization\",\"@id\":\"https:\\\/\\\/ecosupplements.be\\\/fr\\\/#organization\",\"name\":\"Eco Supplements\",\"url\":\"https:\\\/\\\/ecosupplements.be\\\/fr\\\/\",\"logo\":{\"@type\":\"ImageObject\",\"inLanguage\":\"fr-FR\",\"@id\":\"https:\\\/\\\/ecosupplements.be\\\/fr\\\/#\\\/schema\\\/logo\\\/image\\\/\",\"url\":\"https:\\\/\\\/ecosupplements.be\\\/wp-content\\\/uploads\\\/2022\\\/06\\\/ecosupplement-family.png\",\"contentUrl\":\"https:\\\/\\\/ecosupplements.be\\\/wp-content\\\/uploads\\\/2022\\\/06\\\/ecosupplement-family.png\",\"width\":593,\"height\":374,\"caption\":\"Eco Supplements\"},\"image\":{\"@id\":\"https:\\\/\\\/ecosupplements.be\\\/fr\\\/#\\\/schema\\\/logo\\\/image\\\/\"}}]}<\/script>\n<meta property=\"product:brand\" content=\"Allnutrition\" \/>\n<meta property=\"product:price:amount\" content=\"1.87\" \/>\n<meta property=\"product:price:currency\" content=\"EUR\" \/>\n<meta property=\"og:availability\" content=\"instock\" \/>\n<meta property=\"product:availability\" content=\"instock\" \/>\n<meta property=\"product:retailer_item_id\" content=\"5902837741024\" \/>\n<meta property=\"product:condition\" content=\"new\" \/>\n<!-- \/ Yoast SEO Premium plugin. -->","yoast_head_json":{"title":"Fitking D\u00e9licieux Cookie, Cr\u00e8me Blanche au Beurre d'Arachide - 128g - ECO Supplements","description":"Wij hebben een ruime keuze aan producten van Fitking D\u00e9licieux Cookie, Cr\u00e8me Blanche au Beurre d'Arachide - 128g . Winkel bij Eco Supplements altijd gratis verzending boven 100\u20ac","robots":{"index":"index","follow":"follow","max-snippet":"max-snippet:-1","max-image-preview":"max-image-preview:large","max-video-preview":"max-video-preview:-1"},"canonical":"https:\/\/ecosupplements.be\/fr\/produit\/fitking-delicieux-cookie-creme-blanche-au-beurre-darachide-128g\/","og_locale":"fr_FR","og_type":"article","og_title":"Fitking D\u00e9licieux Cookie, Cr\u00e8me Blanche au Beurre d'Arachide - 128g","og_description":"Wij hebben een ruime keuze aan producten van Fitking D\u00e9licieux Cookie, Cr\u00e8me Blanche au Beurre d'Arachide - 128g . Winkel bij Eco Supplements altijd gratis verzending boven 100\u20ac","og_url":"https:\/\/ecosupplements.be\/fr\/produit\/fitking-delicieux-cookie-creme-blanche-au-beurre-darachide-128g\/","og_site_name":"ECO Supplements","article_modified_time":"2025-08-27T12:59:24+00:00","og_image":[{"width":600,"height":600,"url":"https:\/\/ecosupplements.be\/wp-content\/uploads\/2025\/08\/Fitking-Delicious-Cookie-White-Creamy-Peanut-128g-1.jpg","type":"image\/jpeg"}],"twitter_card":"summary_large_image","twitter_misc":{"Prix":"1.87&nbsp;&euro;","Disponibilit\u00e9":"En stock"},"schema":{"@context":"https:\/\/schema.org","@graph":[{"@type":["WebPage","ItemPage"],"@id":"https:\/\/ecosupplements.be\/fr\/produit\/fitking-delicieux-cookie-creme-blanche-au-beurre-darachide-128g\/","url":"https:\/\/ecosupplements.be\/fr\/produit\/fitking-delicieux-cookie-creme-blanche-au-beurre-darachide-128g\/","name":"Fitking D\u00e9licieux Cookie, Cr\u00e8me Blanche au Beurre d'Arachide - 128g - ECO Supplements","isPartOf":{"@id":"https:\/\/ecosupplements.be\/fr\/#website"},"primaryImageOfPage":{"@id":"https:\/\/ecosupplements.be\/fr\/produit\/fitking-delicieux-cookie-creme-blanche-au-beurre-darachide-128g\/#primaryimage"},"image":{"@id":"https:\/\/ecosupplements.be\/fr\/produit\/fitking-delicieux-cookie-creme-blanche-au-beurre-darachide-128g\/#primaryimage"},"thumbnailUrl":"https:\/\/ecosupplements.be\/wp-content\/uploads\/2025\/08\/Fitking-Delicious-Cookie-White-Creamy-Peanut-128g.jpg","datePublished":"2024-03-06T22:31:25+00:00","dateModified":"2025-08-27T12:59:24+00:00","description":"Wij hebben een ruime keuze aan producten van Fitking D\u00e9licieux Cookie, Cr\u00e8me Blanche au Beurre d'Arachide - 128g . Winkel bij Eco Supplements altijd gratis verzending boven 100\u20ac","breadcrumb":{"@id":"https:\/\/ecosupplements.be\/fr\/produit\/fitking-delicieux-cookie-creme-blanche-au-beurre-darachide-128g\/#breadcrumb"},"inLanguage":"fr-FR","potentialAction":[{"@type":"ReadAction","target":["https:\/\/ecosupplements.be\/fr\/produit\/fitking-delicieux-cookie-creme-blanche-au-beurre-darachide-128g\/"]}]},{"@type":"ImageObject","inLanguage":"fr-FR","@id":"https:\/\/ecosupplements.be\/fr\/produit\/fitking-delicieux-cookie-creme-blanche-au-beurre-darachide-128g\/#primaryimage","url":"https:\/\/ecosupplements.be\/wp-content\/uploads\/2025\/08\/Fitking-Delicious-Cookie-White-Creamy-Peanut-128g.jpg","contentUrl":"https:\/\/ecosupplements.be\/wp-content\/uploads\/2025\/08\/Fitking-Delicious-Cookie-White-Creamy-Peanut-128g.jpg","width":600,"height":600},{"@type":"BreadcrumbList","@id":"https:\/\/ecosupplements.be\/fr\/produit\/fitking-delicieux-cookie-creme-blanche-au-beurre-darachide-128g\/#breadcrumb","itemListElement":[{"@type":"ListItem","position":1,"name":"Home","item":"https:\/\/ecosupplements.be\/fr\/"},{"@type":"ListItem","position":2,"name":"Boutique","item":"https:\/\/ecosupplements.be\/fr\/boutique\/"},{"@type":"ListItem","position":3,"name":"Fitking D\u00e9licieux Cookie, Cr\u00e8me Blanche au Beurre d&#8217;Arachide &#8211; 128g"}]},{"@type":"WebSite","@id":"https:\/\/ecosupplements.be\/fr\/#website","url":"https:\/\/ecosupplements.be\/fr\/","name":"ECO Supplements","description":"Eco Supplements - Gezonde supplementen","publisher":{"@id":"https:\/\/ecosupplements.be\/fr\/#organization"},"potentialAction":[{"@type":"SearchAction","target":{"@type":"EntryPoint","urlTemplate":"https:\/\/ecosupplements.be\/fr\/?s={search_term_string}"},"query-input":{"@type":"PropertyValueSpecification","valueRequired":true,"valueName":"search_term_string"}}],"inLanguage":"fr-FR"},{"@type":"Organization","@id":"https:\/\/ecosupplements.be\/fr\/#organization","name":"Eco Supplements","url":"https:\/\/ecosupplements.be\/fr\/","logo":{"@type":"ImageObject","inLanguage":"fr-FR","@id":"https:\/\/ecosupplements.be\/fr\/#\/schema\/logo\/image\/","url":"https:\/\/ecosupplements.be\/wp-content\/uploads\/2022\/06\/ecosupplement-family.png","contentUrl":"https:\/\/ecosupplements.be\/wp-content\/uploads\/2022\/06\/ecosupplement-family.png","width":593,"height":374,"caption":"Eco Supplements"},"image":{"@id":"https:\/\/ecosupplements.be\/fr\/#\/schema\/logo\/image\/"}}]},"product_brand":"Allnutrition","product_price_amount":"1.87","product_price_currency":"EUR","og_availability":"instock","product_availability":"instock","product_retailer_item_id":"5902837741024","product_condition":"new"},"_links":{"self":[{"href":"https:\/\/ecosupplements.be\/fr\/wp-json\/wp\/v2\/product\/285930","targetHints":{"allow":["GET"]}}],"collection":[{"href":"https:\/\/ecosupplements.be\/fr\/wp-json\/wp\/v2\/product"}],"about":[{"href":"https:\/\/ecosupplements.be\/fr\/wp-json\/wp\/v2\/types\/product"}],"replies":[{"embeddable":true,"href":"https:\/\/ecosupplements.be\/fr\/wp-json\/wp\/v2\/comments?post=285930"}],"wp:featuredmedia":[{"embeddable":true,"href":"https:\/\/ecosupplements.be\/fr\/wp-json\/wp\/v2\/media\/263168"}],"wp:attachment":[{"href":"https:\/\/ecosupplements.be\/fr\/wp-json\/wp\/v2\/media?parent=285930"}],"wp:term":[{"taxonomy":"product_brand","embeddable":true,"href":"https:\/\/ecosupplements.be\/fr\/wp-json\/wp\/v2\/product_brand?post=285930"},{"taxonomy":"product_cat","embeddable":true,"href":"https:\/\/ecosupplements.be\/fr\/wp-json\/wp\/v2\/product_cat?post=285930"},{"taxonomy":"product_tag","embeddable":true,"href":"https:\/\/ecosupplements.be\/fr\/wp-json\/wp\/v2\/product_tag?post=285930"}],"curies":[{"name":"wp","href":"https:\/\/api.w.org\/{rel}","templated":true}]}}