{"id":285942,"date":"2024-03-06T23:31:55","date_gmt":"2024-03-06T22:31:55","guid":{"rendered":"https:\/\/ecosupplements.be\/product\/chips-proteinees-delicieuses-fitking-saveur-barbecue-60g\/"},"modified":"2025-08-27T13:59:39","modified_gmt":"2025-08-27T12:59:39","slug":"chips-proteinees-delicieuses-fitking-saveur-barbecue-60g","status":"publish","type":"product","link":"https:\/\/ecosupplements.be\/fr\/produit\/chips-proteinees-delicieuses-fitking-saveur-barbecue-60g\/","title":{"rendered":"Chips prot\u00e9in\u00e9es d\u00e9licieuses Fitking, saveur barbecue &#8211; 60g"},"content":{"rendered":"<h1>Fitking Delicious Protein \u2063Chips, Barbecue &#8211; 60g<\/h1>\n<p>Les Fitking Delicious Protein Chips sont des chips prot\u00e9in\u00e9es d\u00e9licieuses \u200det croustillantes au go\u00fbt barbecue.\u200b Elles sont parfaites pour les personnes soucieuses de leur \u200bsant\u00e9 et de leur forme physique, car elles sont riches en \u2062prot\u00e9ines et faibles en mati\u00e8res \u200bgrasses.<\/p>\n<h2>Caract\u00e9ristiques sp\u00e9ciales :<\/h2>\n<ul>\n<li>Contient 20g de\u200b prot\u00e9ines par portion de 60g<\/li>\n<li>Faible teneur en mati\u00e8res grasses<\/li>\n<li>Saveur barbecue d\u00e9licieuse et authentique<\/li>\n<li>Texture croustillante et l\u00e9g\u00e8re<\/li>\n<li>Id\u00e9al pour les personnes actives et les sportifs<\/li>\n<\/ul>\n<h2>Ingr\u00e9dients :<\/h2>\n<p>Prot\u00e9ines\u200b de lait, farine de bl\u00e9, huile de tournesol, ar\u00f4mes, sel, sucre, \u200dextrait de levure, \u00e9pices, extrait de paprika, extrait \u200bde \u200dromarin.<\/p>\n<h2>Avantages uniques \u2064:<\/h2>\n<p>Ces chips prot\u00e9in\u00e9es sont une alternative saine et savoureuse aux chips \u200dtraditionnelles riches en mati\u00e8res grasses. Elles sont id\u00e9ales pour les personnes qui cherchent \u00e0 augmenter leur apport en prot\u00e9ines tout en\u200d limitant leur\u200b consommation de\u2064 mati\u00e8res grasses. De\u2062 plus, leur\u200b go\u00fbt barbecue \u2063authentique en fait une collation d\u00e9licieuse pour satisfaire les \u200dpetites faims.<\/p>\n<h2>Principales caract\u00e9ristiques :<\/h2>\n<ul>\n<li>Contient des prot\u00e9ines de haute qualit\u00e9\u2062 pour favoriser la construction musculaire<\/li>\n<li>Faible teneur en mati\u00e8res grasses pour une collation plus saine<\/li>\n<li>Texture croustillante et\u200b l\u00e9g\u00e8re pour une exp\u00e9rience gustative agr\u00e9able<\/li>\n<li>Convient aux personnes suivant un r\u00e9gime alimentaire riche en prot\u00e9ines<\/li>\n<li>Parfait pour\u2062 les personnes actives et\u2063 les sportifs qui ont besoin d&#8217;un en-cas riche en prot\u00e9ines<\/li>\n<\/ul>\n<p>Les Fitking Delicious Protein Chips, Barbecue\u200b sont fabriqu\u00e9es en Pologne par la\u2063 marque \u2062Allnutrition, reconnue pour ses produits de qualit\u00e9 \u2063et adapt\u00e9s\u2062 aux besoins des sportifs et des personnes soucieuses \u200dde\u2063 leur sant\u00e9. Alors n&#8217;h\u00e9sitez plus et essayez ces chips prot\u00e9in\u00e9es d\u00e9licieuses pour une\u200d collation saine et savoureuse !<\/p>\n","protected":false},"excerpt":{"rendered":"<p>Fitking Delicious Protein \u2063Chips, Barbecue &#8211; 60g Les Fitking Delicious Protein Chips sont des chips prot\u00e9in\u00e9es d\u00e9licieuses \u200det croustillantes au go\u00fbt barbecue.\u200b Elles sont parfaites pour les personnes soucieuses de leur \u200bsant\u00e9 et de leur forme physique, car elles sont riches en \u2062prot\u00e9ines et faibles en mati\u00e8res \u200bgrasses. Caract\u00e9ristiques sp\u00e9ciales : Contient 20g de\u200b prot\u00e9ines [&#8230;]\n","protected":false},"featured_media":263171,"comment_status":"open","ping_status":"open","template":"","meta":[],"product_brand":[4634],"product_cat":[5054,5055,5052],"product_tag":[],"class_list":{"0":"post-285942","1":"product","2":"type-product","3":"status-publish","4":"has-post-thumbnail","6":"product_brand-allnutrition-2","7":"product_cat-nourriture-saine","8":"product_cat-produits-vegetaliens","9":"product_cat-sante-et-bien-etre","11":"first","12":"instock","13":"taxable","14":"shipping-taxable","15":"purchasable","16":"product-type-simple"},"yoast_head":"<!-- This site is optimized with the Yoast SEO Premium plugin v27.5 (Yoast SEO v27.5) - https:\/\/yoast.com\/product\/yoast-seo-premium-wordpress\/ -->\n<title>Chips prot\u00e9in\u00e9es d\u00e9licieuses Fitking, saveur barbecue - 60g - ECO Supplements<\/title>\n<meta name=\"description\" content=\"Wij hebben een ruime keuze aan producten van Chips prot\u00e9in\u00e9es d\u00e9licieuses Fitking, saveur barbecue - 60g . Winkel bij Eco Supplements altijd gratis verzending boven 100\u20ac\" \/>\n<meta name=\"robots\" content=\"index, follow, max-snippet:-1, max-image-preview:large, max-video-preview:-1\" \/>\n<link rel=\"canonical\" href=\"https:\/\/ecosupplements.be\/fr\/produit\/chips-proteinees-delicieuses-fitking-saveur-barbecue-60g\/\" \/>\n<meta property=\"og:locale\" content=\"fr_FR\" \/>\n<meta property=\"og:type\" content=\"article\" \/>\n<meta property=\"og:title\" content=\"Chips prot\u00e9in\u00e9es d\u00e9licieuses Fitking, saveur barbecue - 60g\" \/>\n<meta property=\"og:description\" content=\"Wij hebben een ruime keuze aan producten van Chips prot\u00e9in\u00e9es d\u00e9licieuses Fitking, saveur barbecue - 60g . Winkel bij Eco Supplements altijd gratis verzending boven 100\u20ac\" \/>\n<meta property=\"og:url\" content=\"https:\/\/ecosupplements.be\/fr\/produit\/chips-proteinees-delicieuses-fitking-saveur-barbecue-60g\/\" \/>\n<meta property=\"og:site_name\" content=\"ECO Supplements\" \/>\n<meta property=\"article:modified_time\" content=\"2025-08-27T12:59:39+00:00\" \/>\n<meta property=\"og:image\" content=\"https:\/\/ecosupplements.be\/wp-content\/uploads\/2025\/08\/Fitking-Delicious-Protein-Chips-Barbecue-60g-1.jpg\" \/>\n\t<meta property=\"og:image:width\" content=\"600\" \/>\n\t<meta property=\"og:image:height\" content=\"600\" \/>\n\t<meta property=\"og:image:type\" content=\"image\/jpeg\" \/>\n<meta name=\"twitter:card\" content=\"summary_large_image\" \/>\n<meta name=\"twitter:label1\" content=\"Prix\" \/>\n\t<meta name=\"twitter:data1\" content=\"2.22&nbsp;&euro;\" \/>\n\t<meta name=\"twitter:label2\" content=\"Disponibilit\u00e9\" \/>\n\t<meta name=\"twitter:data2\" content=\"En stock\" \/>\n<script type=\"application\/ld+json\" class=\"yoast-schema-graph\">{\"@context\":\"https:\\\/\\\/schema.org\",\"@graph\":[{\"@type\":[\"WebPage\",\"ItemPage\"],\"@id\":\"https:\\\/\\\/ecosupplements.be\\\/fr\\\/produit\\\/chips-proteinees-delicieuses-fitking-saveur-barbecue-60g\\\/\",\"url\":\"https:\\\/\\\/ecosupplements.be\\\/fr\\\/produit\\\/chips-proteinees-delicieuses-fitking-saveur-barbecue-60g\\\/\",\"name\":\"Chips prot\u00e9in\u00e9es d\u00e9licieuses Fitking, saveur barbecue - 60g - ECO Supplements\",\"isPartOf\":{\"@id\":\"https:\\\/\\\/ecosupplements.be\\\/fr\\\/#website\"},\"primaryImageOfPage\":{\"@id\":\"https:\\\/\\\/ecosupplements.be\\\/fr\\\/produit\\\/chips-proteinees-delicieuses-fitking-saveur-barbecue-60g\\\/#primaryimage\"},\"image\":{\"@id\":\"https:\\\/\\\/ecosupplements.be\\\/fr\\\/produit\\\/chips-proteinees-delicieuses-fitking-saveur-barbecue-60g\\\/#primaryimage\"},\"thumbnailUrl\":\"https:\\\/\\\/ecosupplements.be\\\/wp-content\\\/uploads\\\/2025\\\/08\\\/Fitking-Delicious-Protein-Chips-Barbecue-60g.jpg\",\"datePublished\":\"2024-03-06T22:31:55+00:00\",\"dateModified\":\"2025-08-27T12:59:39+00:00\",\"description\":\"Wij hebben een ruime keuze aan producten van Chips prot\u00e9in\u00e9es d\u00e9licieuses Fitking, saveur barbecue - 60g . Winkel bij Eco Supplements altijd gratis verzending boven 100\u20ac\",\"breadcrumb\":{\"@id\":\"https:\\\/\\\/ecosupplements.be\\\/fr\\\/produit\\\/chips-proteinees-delicieuses-fitking-saveur-barbecue-60g\\\/#breadcrumb\"},\"inLanguage\":\"fr-FR\",\"potentialAction\":[{\"@type\":\"ReadAction\",\"target\":[\"https:\\\/\\\/ecosupplements.be\\\/fr\\\/produit\\\/chips-proteinees-delicieuses-fitking-saveur-barbecue-60g\\\/\"]}]},{\"@type\":\"ImageObject\",\"inLanguage\":\"fr-FR\",\"@id\":\"https:\\\/\\\/ecosupplements.be\\\/fr\\\/produit\\\/chips-proteinees-delicieuses-fitking-saveur-barbecue-60g\\\/#primaryimage\",\"url\":\"https:\\\/\\\/ecosupplements.be\\\/wp-content\\\/uploads\\\/2025\\\/08\\\/Fitking-Delicious-Protein-Chips-Barbecue-60g.jpg\",\"contentUrl\":\"https:\\\/\\\/ecosupplements.be\\\/wp-content\\\/uploads\\\/2025\\\/08\\\/Fitking-Delicious-Protein-Chips-Barbecue-60g.jpg\",\"width\":600,\"height\":600},{\"@type\":\"BreadcrumbList\",\"@id\":\"https:\\\/\\\/ecosupplements.be\\\/fr\\\/produit\\\/chips-proteinees-delicieuses-fitking-saveur-barbecue-60g\\\/#breadcrumb\",\"itemListElement\":[{\"@type\":\"ListItem\",\"position\":1,\"name\":\"Home\",\"item\":\"https:\\\/\\\/ecosupplements.be\\\/fr\\\/\"},{\"@type\":\"ListItem\",\"position\":2,\"name\":\"Boutique\",\"item\":\"https:\\\/\\\/ecosupplements.be\\\/fr\\\/boutique\\\/\"},{\"@type\":\"ListItem\",\"position\":3,\"name\":\"Chips prot\u00e9in\u00e9es d\u00e9licieuses Fitking, saveur barbecue &#8211; 60g\"}]},{\"@type\":\"WebSite\",\"@id\":\"https:\\\/\\\/ecosupplements.be\\\/fr\\\/#website\",\"url\":\"https:\\\/\\\/ecosupplements.be\\\/fr\\\/\",\"name\":\"ECO Supplements\",\"description\":\"Eco Supplements - Gezonde supplementen\",\"publisher\":{\"@id\":\"https:\\\/\\\/ecosupplements.be\\\/fr\\\/#organization\"},\"potentialAction\":[{\"@type\":\"SearchAction\",\"target\":{\"@type\":\"EntryPoint\",\"urlTemplate\":\"https:\\\/\\\/ecosupplements.be\\\/fr\\\/?s={search_term_string}\"},\"query-input\":{\"@type\":\"PropertyValueSpecification\",\"valueRequired\":true,\"valueName\":\"search_term_string\"}}],\"inLanguage\":\"fr-FR\"},{\"@type\":\"Organization\",\"@id\":\"https:\\\/\\\/ecosupplements.be\\\/fr\\\/#organization\",\"name\":\"Eco Supplements\",\"url\":\"https:\\\/\\\/ecosupplements.be\\\/fr\\\/\",\"logo\":{\"@type\":\"ImageObject\",\"inLanguage\":\"fr-FR\",\"@id\":\"https:\\\/\\\/ecosupplements.be\\\/fr\\\/#\\\/schema\\\/logo\\\/image\\\/\",\"url\":\"https:\\\/\\\/ecosupplements.be\\\/wp-content\\\/uploads\\\/2022\\\/06\\\/ecosupplement-family.png\",\"contentUrl\":\"https:\\\/\\\/ecosupplements.be\\\/wp-content\\\/uploads\\\/2022\\\/06\\\/ecosupplement-family.png\",\"width\":593,\"height\":374,\"caption\":\"Eco Supplements\"},\"image\":{\"@id\":\"https:\\\/\\\/ecosupplements.be\\\/fr\\\/#\\\/schema\\\/logo\\\/image\\\/\"}}]}<\/script>\n<meta property=\"product:brand\" content=\"Allnutrition\" \/>\n<meta property=\"product:price:amount\" content=\"2.22\" \/>\n<meta property=\"product:price:currency\" content=\"EUR\" \/>\n<meta property=\"og:availability\" content=\"instock\" \/>\n<meta property=\"product:availability\" content=\"instock\" \/>\n<meta property=\"product:retailer_item_id\" content=\"5902837746722\" \/>\n<meta property=\"product:condition\" content=\"new\" \/>\n<!-- \/ Yoast SEO Premium plugin. -->","yoast_head_json":{"title":"Chips prot\u00e9in\u00e9es d\u00e9licieuses Fitking, saveur barbecue - 60g - ECO Supplements","description":"Wij hebben een ruime keuze aan producten van Chips prot\u00e9in\u00e9es d\u00e9licieuses Fitking, saveur barbecue - 60g . Winkel bij Eco Supplements altijd gratis verzending boven 100\u20ac","robots":{"index":"index","follow":"follow","max-snippet":"max-snippet:-1","max-image-preview":"max-image-preview:large","max-video-preview":"max-video-preview:-1"},"canonical":"https:\/\/ecosupplements.be\/fr\/produit\/chips-proteinees-delicieuses-fitking-saveur-barbecue-60g\/","og_locale":"fr_FR","og_type":"article","og_title":"Chips prot\u00e9in\u00e9es d\u00e9licieuses Fitking, saveur barbecue - 60g","og_description":"Wij hebben een ruime keuze aan producten van Chips prot\u00e9in\u00e9es d\u00e9licieuses Fitking, saveur barbecue - 60g . Winkel bij Eco Supplements altijd gratis verzending boven 100\u20ac","og_url":"https:\/\/ecosupplements.be\/fr\/produit\/chips-proteinees-delicieuses-fitking-saveur-barbecue-60g\/","og_site_name":"ECO Supplements","article_modified_time":"2025-08-27T12:59:39+00:00","og_image":[{"width":600,"height":600,"url":"https:\/\/ecosupplements.be\/wp-content\/uploads\/2025\/08\/Fitking-Delicious-Protein-Chips-Barbecue-60g-1.jpg","type":"image\/jpeg"}],"twitter_card":"summary_large_image","twitter_misc":{"Prix":"2.22&nbsp;&euro;","Disponibilit\u00e9":"En stock"},"schema":{"@context":"https:\/\/schema.org","@graph":[{"@type":["WebPage","ItemPage"],"@id":"https:\/\/ecosupplements.be\/fr\/produit\/chips-proteinees-delicieuses-fitking-saveur-barbecue-60g\/","url":"https:\/\/ecosupplements.be\/fr\/produit\/chips-proteinees-delicieuses-fitking-saveur-barbecue-60g\/","name":"Chips prot\u00e9in\u00e9es d\u00e9licieuses Fitking, saveur barbecue - 60g - ECO Supplements","isPartOf":{"@id":"https:\/\/ecosupplements.be\/fr\/#website"},"primaryImageOfPage":{"@id":"https:\/\/ecosupplements.be\/fr\/produit\/chips-proteinees-delicieuses-fitking-saveur-barbecue-60g\/#primaryimage"},"image":{"@id":"https:\/\/ecosupplements.be\/fr\/produit\/chips-proteinees-delicieuses-fitking-saveur-barbecue-60g\/#primaryimage"},"thumbnailUrl":"https:\/\/ecosupplements.be\/wp-content\/uploads\/2025\/08\/Fitking-Delicious-Protein-Chips-Barbecue-60g.jpg","datePublished":"2024-03-06T22:31:55+00:00","dateModified":"2025-08-27T12:59:39+00:00","description":"Wij hebben een ruime keuze aan producten van Chips prot\u00e9in\u00e9es d\u00e9licieuses Fitking, saveur barbecue - 60g . Winkel bij Eco Supplements altijd gratis verzending boven 100\u20ac","breadcrumb":{"@id":"https:\/\/ecosupplements.be\/fr\/produit\/chips-proteinees-delicieuses-fitking-saveur-barbecue-60g\/#breadcrumb"},"inLanguage":"fr-FR","potentialAction":[{"@type":"ReadAction","target":["https:\/\/ecosupplements.be\/fr\/produit\/chips-proteinees-delicieuses-fitking-saveur-barbecue-60g\/"]}]},{"@type":"ImageObject","inLanguage":"fr-FR","@id":"https:\/\/ecosupplements.be\/fr\/produit\/chips-proteinees-delicieuses-fitking-saveur-barbecue-60g\/#primaryimage","url":"https:\/\/ecosupplements.be\/wp-content\/uploads\/2025\/08\/Fitking-Delicious-Protein-Chips-Barbecue-60g.jpg","contentUrl":"https:\/\/ecosupplements.be\/wp-content\/uploads\/2025\/08\/Fitking-Delicious-Protein-Chips-Barbecue-60g.jpg","width":600,"height":600},{"@type":"BreadcrumbList","@id":"https:\/\/ecosupplements.be\/fr\/produit\/chips-proteinees-delicieuses-fitking-saveur-barbecue-60g\/#breadcrumb","itemListElement":[{"@type":"ListItem","position":1,"name":"Home","item":"https:\/\/ecosupplements.be\/fr\/"},{"@type":"ListItem","position":2,"name":"Boutique","item":"https:\/\/ecosupplements.be\/fr\/boutique\/"},{"@type":"ListItem","position":3,"name":"Chips prot\u00e9in\u00e9es d\u00e9licieuses Fitking, saveur barbecue &#8211; 60g"}]},{"@type":"WebSite","@id":"https:\/\/ecosupplements.be\/fr\/#website","url":"https:\/\/ecosupplements.be\/fr\/","name":"ECO Supplements","description":"Eco Supplements - Gezonde supplementen","publisher":{"@id":"https:\/\/ecosupplements.be\/fr\/#organization"},"potentialAction":[{"@type":"SearchAction","target":{"@type":"EntryPoint","urlTemplate":"https:\/\/ecosupplements.be\/fr\/?s={search_term_string}"},"query-input":{"@type":"PropertyValueSpecification","valueRequired":true,"valueName":"search_term_string"}}],"inLanguage":"fr-FR"},{"@type":"Organization","@id":"https:\/\/ecosupplements.be\/fr\/#organization","name":"Eco Supplements","url":"https:\/\/ecosupplements.be\/fr\/","logo":{"@type":"ImageObject","inLanguage":"fr-FR","@id":"https:\/\/ecosupplements.be\/fr\/#\/schema\/logo\/image\/","url":"https:\/\/ecosupplements.be\/wp-content\/uploads\/2022\/06\/ecosupplement-family.png","contentUrl":"https:\/\/ecosupplements.be\/wp-content\/uploads\/2022\/06\/ecosupplement-family.png","width":593,"height":374,"caption":"Eco Supplements"},"image":{"@id":"https:\/\/ecosupplements.be\/fr\/#\/schema\/logo\/image\/"}}]},"product_brand":"Allnutrition","product_price_amount":"2.22","product_price_currency":"EUR","og_availability":"instock","product_availability":"instock","product_retailer_item_id":"5902837746722","product_condition":"new"},"_links":{"self":[{"href":"https:\/\/ecosupplements.be\/fr\/wp-json\/wp\/v2\/product\/285942","targetHints":{"allow":["GET"]}}],"collection":[{"href":"https:\/\/ecosupplements.be\/fr\/wp-json\/wp\/v2\/product"}],"about":[{"href":"https:\/\/ecosupplements.be\/fr\/wp-json\/wp\/v2\/types\/product"}],"replies":[{"embeddable":true,"href":"https:\/\/ecosupplements.be\/fr\/wp-json\/wp\/v2\/comments?post=285942"}],"wp:featuredmedia":[{"embeddable":true,"href":"https:\/\/ecosupplements.be\/fr\/wp-json\/wp\/v2\/media\/263171"}],"wp:attachment":[{"href":"https:\/\/ecosupplements.be\/fr\/wp-json\/wp\/v2\/media?parent=285942"}],"wp:term":[{"taxonomy":"product_brand","embeddable":true,"href":"https:\/\/ecosupplements.be\/fr\/wp-json\/wp\/v2\/product_brand?post=285942"},{"taxonomy":"product_cat","embeddable":true,"href":"https:\/\/ecosupplements.be\/fr\/wp-json\/wp\/v2\/product_cat?post=285942"},{"taxonomy":"product_tag","embeddable":true,"href":"https:\/\/ecosupplements.be\/fr\/wp-json\/wp\/v2\/product_tag?post=285942"}],"curies":[{"name":"wp","href":"https:\/\/api.w.org\/{rel}","templated":true}]}}