{"id":286002,"date":"2024-03-06T23:38:43","date_gmt":"2024-03-06T22:38:43","guid":{"rendered":"https:\/\/ecosupplements.be\/product\/frulove-en-gelee-kiwi-fraise-500g\/"},"modified":"2025-08-27T14:00:43","modified_gmt":"2025-08-27T13:00:43","slug":"frulove-en-gelee-kiwi-fraise-500g","status":"publish","type":"product","link":"https:\/\/ecosupplements.be\/fr\/produit\/frulove-en-gelee-kiwi-fraise-500g\/","title":{"rendered":"Frulove en gel\u00e9e, Kiwi &#038; Fraise &#8211; 500g"},"content":{"rendered":"<h1>D\u00e9couvrez le d\u00e9licieux Frulove In Jelly, Kiwi &#038; \u200cStrawberry &#8211; 500g de la marque Allnutrition !<\/h1>\n<p>Originaire de\u200c Pologne, ce produit est un v\u00e9ritable concentr\u00e9 de saveurs fruit\u00e9es. Le Frulove In Jelly, Kiwi &#038; \u200dStrawberry est un m\u00e9lange de gel\u00e9e \u200dde kiwi et de fraise, parfait pour \u200cles amateurs de fruits.<\/p>\n<h2>Caract\u00e9ristiques \u200dsp\u00e9ciales :<\/h2>\n<ul>\n<li>M\u00e9lange de \u2062gel\u00e9e \u2064de kiwi et\u2062 de \u2064fraise<\/li>\n<li>500g de produit<\/li>\n<li>Saveurs fruit\u00e9es intenses<\/li>\n<li>Produit de \u2064qualit\u00e9 sup\u00e9rieure<\/li>\n<li>Convient\u200d aux v\u00e9g\u00e9tariens<\/li>\n<\/ul>\n<h2>Ingr\u00e9dients :<\/h2>\n<p>Sirop de glucose, sucre, eau, g\u00e9latine, \u2063acidifiant : acide citrique, ar\u00f4mes, \u200dcolorants : E100, E120, E141, E160a, E163,\u200c E171, huile v\u00e9g\u00e9tale (palme), agent d&#8217;enrobage : cire d&#8217;abeille, cire de carnauba.<\/p>\n<h2>Avantages\u200c uniques :<\/h2>\n<ul>\n<li>Produit de qualit\u00e9 sup\u00e9rieure<\/li>\n<li>Saveurs fruit\u00e9es intenses<\/li>\n<li>Convient\u2063 aux v\u00e9g\u00e9tariens<\/li>\n<li>500g de produit pour\u2063 une utilisation prolong\u00e9e<\/li>\n<li>Parfait pour les\u200b collations ou \u200dles desserts<\/li>\n<\/ul>\n<h2>Principales caract\u00e9ristiques :<\/h2>\n<ul>\n<li>M\u00e9lange de gel\u00e9e de \u2064kiwi et de \u200bfraise<\/li>\n<li>Convient aux\u2063 v\u00e9g\u00e9tariens<\/li>\n<li>Produit de qualit\u00e9 sup\u00e9rieure<\/li>\n<li>Saveurs \u200bfruit\u00e9es intenses<\/li>\n<li>500g de produit<\/li>\n<\/ul>\n<p>Offrez-vous une \u2064explosion de saveurs fruit\u00e9es avec le Frulove \u2064In\u200d Jelly, Kiwi &#038; Strawberry &#8211; 500g de la\u2064 marque Allnutrition. Parfait pour les collations ou les desserts, ce produit de \u2062qualit\u00e9 sup\u00e9rieure conviendra aux v\u00e9g\u00e9tariens et ravira les papilles des amateurs de fruits. Ne \u2063r\u00e9sistez plus et laissez-vous tenter par ce\u200d d\u00e9licieux m\u00e9lange de gel\u00e9e de kiwi et de \u2063fraise !<\/p>\n","protected":false},"excerpt":{"rendered":"<p>D\u00e9couvrez le d\u00e9licieux Frulove In Jelly, Kiwi &#038; \u200cStrawberry &#8211; 500g de la marque Allnutrition ! Originaire de\u200c Pologne, ce produit est un v\u00e9ritable concentr\u00e9 de saveurs fruit\u00e9es. Le Frulove In Jelly, Kiwi &#038; \u200dStrawberry est un m\u00e9lange de gel\u00e9e \u200dde kiwi et de fraise, parfait pour \u200cles amateurs de fruits. Caract\u00e9ristiques \u200dsp\u00e9ciales : M\u00e9lange [&#8230;]\n","protected":false},"featured_media":263192,"comment_status":"open","ping_status":"open","template":"","meta":[],"product_brand":[4634],"product_cat":[5054,5055,5052],"product_tag":[],"class_list":{"0":"post-286002","1":"product","2":"type-product","3":"status-publish","4":"has-post-thumbnail","6":"product_brand-allnutrition-2","7":"product_cat-nourriture-saine","8":"product_cat-produits-vegetaliens","9":"product_cat-sante-et-bien-etre","11":"first","12":"outofstock","13":"sale","14":"taxable","15":"shipping-taxable","16":"purchasable","17":"product-type-simple"},"yoast_head":"<!-- This site is optimized with the Yoast SEO Premium plugin v27.3 (Yoast SEO v27.3) - https:\/\/yoast.com\/product\/yoast-seo-premium-wordpress\/ -->\n<title>Frulove en gel\u00e9e, Kiwi &amp; Fraise - 500g - ECO Supplements<\/title>\n<meta name=\"description\" content=\"Wij hebben een ruime keuze aan producten van Frulove en gel\u00e9e, Kiwi &amp; Fraise - 500g . Winkel bij Eco Supplements altijd gratis verzending boven 100\u20ac\" \/>\n<meta name=\"robots\" content=\"index, follow, max-snippet:-1, max-image-preview:large, max-video-preview:-1\" \/>\n<link rel=\"canonical\" href=\"https:\/\/ecosupplements.be\/fr\/produit\/frulove-en-gelee-kiwi-fraise-500g\/\" \/>\n<meta property=\"og:locale\" content=\"fr_FR\" \/>\n<meta property=\"og:type\" content=\"article\" \/>\n<meta property=\"og:title\" content=\"Frulove en gel\u00e9e, Kiwi &amp; Fraise - 500g\" \/>\n<meta property=\"og:description\" content=\"Wij hebben een ruime keuze aan producten van Frulove en gel\u00e9e, Kiwi &amp; Fraise - 500g . Winkel bij Eco Supplements altijd gratis verzending boven 100\u20ac\" \/>\n<meta property=\"og:url\" content=\"https:\/\/ecosupplements.be\/fr\/produit\/frulove-en-gelee-kiwi-fraise-500g\/\" \/>\n<meta property=\"og:site_name\" content=\"ECO Supplements\" \/>\n<meta property=\"article:modified_time\" content=\"2025-08-27T13:00:43+00:00\" \/>\n<meta property=\"og:image\" content=\"https:\/\/ecosupplements.be\/wp-content\/uploads\/2025\/08\/Frulove-In-Jelly-Kiwi-Strawberry-500g-1.jpg\" \/>\n\t<meta property=\"og:image:width\" content=\"450\" \/>\n\t<meta property=\"og:image:height\" content=\"450\" \/>\n\t<meta property=\"og:image:type\" content=\"image\/jpeg\" \/>\n<meta name=\"twitter:card\" content=\"summary_large_image\" \/>\n<meta name=\"twitter:label1\" content=\"Prix\" \/>\n\t<meta name=\"twitter:data1\" content=\"6.14&nbsp;&euro;\" \/>\n\t<meta name=\"twitter:label2\" content=\"Disponibilit\u00e9\" \/>\n\t<meta name=\"twitter:data2\" content=\"Rupture de stock\" \/>\n<script type=\"application\/ld+json\" class=\"yoast-schema-graph\">{\"@context\":\"https:\\\/\\\/schema.org\",\"@graph\":[{\"@type\":[\"WebPage\",\"ItemPage\"],\"@id\":\"https:\\\/\\\/ecosupplements.be\\\/fr\\\/produit\\\/frulove-en-gelee-kiwi-fraise-500g\\\/\",\"url\":\"https:\\\/\\\/ecosupplements.be\\\/fr\\\/produit\\\/frulove-en-gelee-kiwi-fraise-500g\\\/\",\"name\":\"Frulove en gel\u00e9e, Kiwi & Fraise - 500g - ECO Supplements\",\"isPartOf\":{\"@id\":\"https:\\\/\\\/ecosupplements.be\\\/fr\\\/#website\"},\"primaryImageOfPage\":{\"@id\":\"https:\\\/\\\/ecosupplements.be\\\/fr\\\/produit\\\/frulove-en-gelee-kiwi-fraise-500g\\\/#primaryimage\"},\"image\":{\"@id\":\"https:\\\/\\\/ecosupplements.be\\\/fr\\\/produit\\\/frulove-en-gelee-kiwi-fraise-500g\\\/#primaryimage\"},\"thumbnailUrl\":\"https:\\\/\\\/ecosupplements.be\\\/wp-content\\\/uploads\\\/2025\\\/08\\\/Frulove-In-Jelly-Kiwi-Strawberry-500g.jpg\",\"datePublished\":\"2024-03-06T22:38:43+00:00\",\"dateModified\":\"2025-08-27T13:00:43+00:00\",\"description\":\"Wij hebben een ruime keuze aan producten van Frulove en gel\u00e9e, Kiwi & Fraise - 500g . Winkel bij Eco Supplements altijd gratis verzending boven 100\u20ac\",\"breadcrumb\":{\"@id\":\"https:\\\/\\\/ecosupplements.be\\\/fr\\\/produit\\\/frulove-en-gelee-kiwi-fraise-500g\\\/#breadcrumb\"},\"inLanguage\":\"fr-FR\",\"potentialAction\":[{\"@type\":\"ReadAction\",\"target\":[\"https:\\\/\\\/ecosupplements.be\\\/fr\\\/produit\\\/frulove-en-gelee-kiwi-fraise-500g\\\/\"]}]},{\"@type\":\"ImageObject\",\"inLanguage\":\"fr-FR\",\"@id\":\"https:\\\/\\\/ecosupplements.be\\\/fr\\\/produit\\\/frulove-en-gelee-kiwi-fraise-500g\\\/#primaryimage\",\"url\":\"https:\\\/\\\/ecosupplements.be\\\/wp-content\\\/uploads\\\/2025\\\/08\\\/Frulove-In-Jelly-Kiwi-Strawberry-500g.jpg\",\"contentUrl\":\"https:\\\/\\\/ecosupplements.be\\\/wp-content\\\/uploads\\\/2025\\\/08\\\/Frulove-In-Jelly-Kiwi-Strawberry-500g.jpg\",\"width\":450,\"height\":450},{\"@type\":\"BreadcrumbList\",\"@id\":\"https:\\\/\\\/ecosupplements.be\\\/fr\\\/produit\\\/frulove-en-gelee-kiwi-fraise-500g\\\/#breadcrumb\",\"itemListElement\":[{\"@type\":\"ListItem\",\"position\":1,\"name\":\"Home\",\"item\":\"https:\\\/\\\/ecosupplements.be\\\/fr\\\/\"},{\"@type\":\"ListItem\",\"position\":2,\"name\":\"Boutique\",\"item\":\"https:\\\/\\\/ecosupplements.be\\\/fr\\\/boutique\\\/\"},{\"@type\":\"ListItem\",\"position\":3,\"name\":\"Frulove en gel\u00e9e, Kiwi &#038; Fraise &#8211; 500g\"}]},{\"@type\":\"WebSite\",\"@id\":\"https:\\\/\\\/ecosupplements.be\\\/fr\\\/#website\",\"url\":\"https:\\\/\\\/ecosupplements.be\\\/fr\\\/\",\"name\":\"ECO Supplements\",\"description\":\"Eco Supplements - Gezonde supplementen\",\"publisher\":{\"@id\":\"https:\\\/\\\/ecosupplements.be\\\/fr\\\/#organization\"},\"potentialAction\":[{\"@type\":\"SearchAction\",\"target\":{\"@type\":\"EntryPoint\",\"urlTemplate\":\"https:\\\/\\\/ecosupplements.be\\\/fr\\\/?s={search_term_string}\"},\"query-input\":{\"@type\":\"PropertyValueSpecification\",\"valueRequired\":true,\"valueName\":\"search_term_string\"}}],\"inLanguage\":\"fr-FR\"},{\"@type\":\"Organization\",\"@id\":\"https:\\\/\\\/ecosupplements.be\\\/fr\\\/#organization\",\"name\":\"Eco Supplements\",\"url\":\"https:\\\/\\\/ecosupplements.be\\\/fr\\\/\",\"logo\":{\"@type\":\"ImageObject\",\"inLanguage\":\"fr-FR\",\"@id\":\"https:\\\/\\\/ecosupplements.be\\\/fr\\\/#\\\/schema\\\/logo\\\/image\\\/\",\"url\":\"https:\\\/\\\/ecosupplements.be\\\/wp-content\\\/uploads\\\/2022\\\/06\\\/ecosupplement-family.png\",\"contentUrl\":\"https:\\\/\\\/ecosupplements.be\\\/wp-content\\\/uploads\\\/2022\\\/06\\\/ecosupplement-family.png\",\"width\":593,\"height\":374,\"caption\":\"Eco Supplements\"},\"image\":{\"@id\":\"https:\\\/\\\/ecosupplements.be\\\/fr\\\/#\\\/schema\\\/logo\\\/image\\\/\"}}]}<\/script>\n<meta property=\"product:brand\" content=\"Allnutrition\" \/>\n<meta property=\"product:price:amount\" content=\"6.14\" \/>\n<meta property=\"product:price:currency\" content=\"EUR\" \/>\n<meta property=\"og:availability\" content=\"out of stock\" \/>\n<meta property=\"product:availability\" content=\"out of stock\" \/>\n<meta property=\"product:retailer_item_id\" content=\"5902837743325\" \/>\n<meta property=\"product:condition\" content=\"new\" \/>\n<!-- \/ Yoast SEO Premium plugin. -->","yoast_head_json":{"title":"Frulove en gel\u00e9e, Kiwi & Fraise - 500g - ECO Supplements","description":"Wij hebben een ruime keuze aan producten van Frulove en gel\u00e9e, Kiwi & Fraise - 500g . Winkel bij Eco Supplements altijd gratis verzending boven 100\u20ac","robots":{"index":"index","follow":"follow","max-snippet":"max-snippet:-1","max-image-preview":"max-image-preview:large","max-video-preview":"max-video-preview:-1"},"canonical":"https:\/\/ecosupplements.be\/fr\/produit\/frulove-en-gelee-kiwi-fraise-500g\/","og_locale":"fr_FR","og_type":"article","og_title":"Frulove en gel\u00e9e, Kiwi & Fraise - 500g","og_description":"Wij hebben een ruime keuze aan producten van Frulove en gel\u00e9e, Kiwi & Fraise - 500g . Winkel bij Eco Supplements altijd gratis verzending boven 100\u20ac","og_url":"https:\/\/ecosupplements.be\/fr\/produit\/frulove-en-gelee-kiwi-fraise-500g\/","og_site_name":"ECO Supplements","article_modified_time":"2025-08-27T13:00:43+00:00","og_image":[{"width":450,"height":450,"url":"https:\/\/ecosupplements.be\/wp-content\/uploads\/2025\/08\/Frulove-In-Jelly-Kiwi-Strawberry-500g-1.jpg","type":"image\/jpeg"}],"twitter_card":"summary_large_image","twitter_misc":{"Prix":"6.14&nbsp;&euro;","Disponibilit\u00e9":"Rupture de stock"},"schema":{"@context":"https:\/\/schema.org","@graph":[{"@type":["WebPage","ItemPage"],"@id":"https:\/\/ecosupplements.be\/fr\/produit\/frulove-en-gelee-kiwi-fraise-500g\/","url":"https:\/\/ecosupplements.be\/fr\/produit\/frulove-en-gelee-kiwi-fraise-500g\/","name":"Frulove en gel\u00e9e, Kiwi & Fraise - 500g - ECO Supplements","isPartOf":{"@id":"https:\/\/ecosupplements.be\/fr\/#website"},"primaryImageOfPage":{"@id":"https:\/\/ecosupplements.be\/fr\/produit\/frulove-en-gelee-kiwi-fraise-500g\/#primaryimage"},"image":{"@id":"https:\/\/ecosupplements.be\/fr\/produit\/frulove-en-gelee-kiwi-fraise-500g\/#primaryimage"},"thumbnailUrl":"https:\/\/ecosupplements.be\/wp-content\/uploads\/2025\/08\/Frulove-In-Jelly-Kiwi-Strawberry-500g.jpg","datePublished":"2024-03-06T22:38:43+00:00","dateModified":"2025-08-27T13:00:43+00:00","description":"Wij hebben een ruime keuze aan producten van Frulove en gel\u00e9e, Kiwi & Fraise - 500g . Winkel bij Eco Supplements altijd gratis verzending boven 100\u20ac","breadcrumb":{"@id":"https:\/\/ecosupplements.be\/fr\/produit\/frulove-en-gelee-kiwi-fraise-500g\/#breadcrumb"},"inLanguage":"fr-FR","potentialAction":[{"@type":"ReadAction","target":["https:\/\/ecosupplements.be\/fr\/produit\/frulove-en-gelee-kiwi-fraise-500g\/"]}]},{"@type":"ImageObject","inLanguage":"fr-FR","@id":"https:\/\/ecosupplements.be\/fr\/produit\/frulove-en-gelee-kiwi-fraise-500g\/#primaryimage","url":"https:\/\/ecosupplements.be\/wp-content\/uploads\/2025\/08\/Frulove-In-Jelly-Kiwi-Strawberry-500g.jpg","contentUrl":"https:\/\/ecosupplements.be\/wp-content\/uploads\/2025\/08\/Frulove-In-Jelly-Kiwi-Strawberry-500g.jpg","width":450,"height":450},{"@type":"BreadcrumbList","@id":"https:\/\/ecosupplements.be\/fr\/produit\/frulove-en-gelee-kiwi-fraise-500g\/#breadcrumb","itemListElement":[{"@type":"ListItem","position":1,"name":"Home","item":"https:\/\/ecosupplements.be\/fr\/"},{"@type":"ListItem","position":2,"name":"Boutique","item":"https:\/\/ecosupplements.be\/fr\/boutique\/"},{"@type":"ListItem","position":3,"name":"Frulove en gel\u00e9e, Kiwi &#038; Fraise &#8211; 500g"}]},{"@type":"WebSite","@id":"https:\/\/ecosupplements.be\/fr\/#website","url":"https:\/\/ecosupplements.be\/fr\/","name":"ECO Supplements","description":"Eco Supplements - Gezonde supplementen","publisher":{"@id":"https:\/\/ecosupplements.be\/fr\/#organization"},"potentialAction":[{"@type":"SearchAction","target":{"@type":"EntryPoint","urlTemplate":"https:\/\/ecosupplements.be\/fr\/?s={search_term_string}"},"query-input":{"@type":"PropertyValueSpecification","valueRequired":true,"valueName":"search_term_string"}}],"inLanguage":"fr-FR"},{"@type":"Organization","@id":"https:\/\/ecosupplements.be\/fr\/#organization","name":"Eco Supplements","url":"https:\/\/ecosupplements.be\/fr\/","logo":{"@type":"ImageObject","inLanguage":"fr-FR","@id":"https:\/\/ecosupplements.be\/fr\/#\/schema\/logo\/image\/","url":"https:\/\/ecosupplements.be\/wp-content\/uploads\/2022\/06\/ecosupplement-family.png","contentUrl":"https:\/\/ecosupplements.be\/wp-content\/uploads\/2022\/06\/ecosupplement-family.png","width":593,"height":374,"caption":"Eco Supplements"},"image":{"@id":"https:\/\/ecosupplements.be\/fr\/#\/schema\/logo\/image\/"}}]},"product_brand":"Allnutrition","product_price_amount":"6.14","product_price_currency":"EUR","og_availability":"out of stock","product_availability":"out of stock","product_retailer_item_id":"5902837743325","product_condition":"new"},"_links":{"self":[{"href":"https:\/\/ecosupplements.be\/fr\/wp-json\/wp\/v2\/product\/286002","targetHints":{"allow":["GET"]}}],"collection":[{"href":"https:\/\/ecosupplements.be\/fr\/wp-json\/wp\/v2\/product"}],"about":[{"href":"https:\/\/ecosupplements.be\/fr\/wp-json\/wp\/v2\/types\/product"}],"replies":[{"embeddable":true,"href":"https:\/\/ecosupplements.be\/fr\/wp-json\/wp\/v2\/comments?post=286002"}],"wp:featuredmedia":[{"embeddable":true,"href":"https:\/\/ecosupplements.be\/fr\/wp-json\/wp\/v2\/media\/263192"}],"wp:attachment":[{"href":"https:\/\/ecosupplements.be\/fr\/wp-json\/wp\/v2\/media?parent=286002"}],"wp:term":[{"taxonomy":"product_brand","embeddable":true,"href":"https:\/\/ecosupplements.be\/fr\/wp-json\/wp\/v2\/product_brand?post=286002"},{"taxonomy":"product_cat","embeddable":true,"href":"https:\/\/ecosupplements.be\/fr\/wp-json\/wp\/v2\/product_cat?post=286002"},{"taxonomy":"product_tag","embeddable":true,"href":"https:\/\/ecosupplements.be\/fr\/wp-json\/wp\/v2\/product_tag?post=286002"}],"curies":[{"name":"wp","href":"https:\/\/api.w.org\/{rel}","templated":true}]}}