{"id":286056,"date":"2024-03-06T23:44:18","date_gmt":"2024-03-06T22:44:18","guid":{"rendered":"https:\/\/ecosupplements.be\/product\/barre-de-muesli-abricot-28-barres\/"},"modified":"2025-08-27T14:01:37","modified_gmt":"2025-08-27T13:01:37","slug":"barre-de-muesli-abricot-28-barres","status":"publish","type":"product","link":"https:\/\/ecosupplements.be\/fr\/produit\/barre-de-muesli-abricot-28-barres\/","title":{"rendered":"Barre de muesli, abricot &#8211; 28 barres"},"content":{"rendered":"<h1>Muesli\u200c Bar, Apricot &#8211; 28 bars<\/h1>\n<p>D\u00e9couvrez notre d\u00e9licieux Muesli \u2063Bar \u00e0 l&#8217;abricot, un en-cas sain et \u00e9nerg\u00e9tique parfait pour une \u200dpause gourmande \u00e0 tout moment de la journ\u00e9e. Fabriqu\u00e9 par la marque Allnutrition en Pologne, ce produit \u2064est le choix id\u00e9al pour les personnes \u200cactives et soucieuses de leur \u200bsant\u00e9.<\/p>\n<h2>Caract\u00e9ristiques sp\u00e9ciales<\/h2>\n<ul>\n<li>28 barres de muesli \u00e0 l&#8217;abricot dans chaque paquet<\/li>\n<li>En-cas sain et \u00e9nerg\u00e9tique<\/li>\n<li>Parfait \u200bpour une pause \u2063gourmande \u00e0 tout moment de la\u200d journ\u00e9e<\/li>\n<li>Fabriqu\u00e9 par\u200c la marque Allnutrition en\u2063 Pologne<\/li>\n<li>Convient aux personnes actives et soucieuses de leur sant\u00e9<\/li>\n<\/ul>\n<h2>Ingr\u00e9dients<\/h2>\n<p>Ces barres de muesli sont compos\u00e9es d&#8217;ingr\u00e9dients de qualit\u00e9 sup\u00e9rieure, soigneusement s\u00e9lectionn\u00e9s \u200bpour offrir une saveur d\u00e9licieuse et une valeur nutritionnelle optimale. Les principaux \u2062ingr\u00e9dients sont :<\/p>\n<ul>\n<li>Flocons d&#8217;avoine<\/li>\n<li>Abricots s\u00e9ch\u00e9s<\/li>\n<li>Sirop de glucose<\/li>\n<li>Sirop de sucre inverti<\/li>\n<li>Graines \u2064de \u2063tournesol<\/li>\n<li>Graines de \u200dcitrouille<\/li>\n<li>Amandes<\/li>\n<li>Graines\u2063 de lin<\/li>\n<li>Extrait\u200d de malt d&#8217;orge<\/li>\n<li>Ar\u00f4me \u200dnaturel d&#8217;abricot<\/li>\n<\/ul>\n<h2>Avantages\u200d uniques<\/h2>\n<p>Ces barres\u200d de muesli\u2062 \u00e0 l&#8217;abricot sont\u2062 riches\u200b en \u200cfibres, en\u2064 prot\u00e9ines\u200c et en nutriments essentiels pour vous aider \u00e0 maintenir une alimentation \u00e9quilibr\u00e9e \u200bet\u200c saine. Elles sont \u00e9galement une excellente source d&#8217;\u00e9nergie pour vous accompagner tout au long de la journ\u00e9e. De plus, \u200belles sont sans gluten et conviennent \u200cdonc\u200d aux personnes suivant un r\u00e9gime sans\u2062 gluten.<\/p>\n<h2>Principales caract\u00e9ristiques<\/h2>\n<ul>\n<li>Riches en fibres, en prot\u00e9ines et en nutriments essentiels<\/li>\n<li>Excellente source d&#8217;\u00e9nergie<\/li>\n<li>Sans gluten<\/li>\n<li>Convient aux \u200bpersonnes suivant un r\u00e9gime sans gluten<\/li>\n<li>D\u00e9licieuses et faciles \u200d\u00e0 emporter partout avec vous<\/li>\n<\/ul>\n<p>Offrez-vous une pause gourmande saine\u2063 et savoureuse \u200cavec nos barres\u2062 de muesli \u00e0 \u200bl&#8217;abricot Allnutrition. Elles sont parfaites pour les \u2064personnes actives et soucieuses de leur sant\u00e9, et vous\u2064 apporteront l&#8217;\u00e9nergie n\u00e9cessaire pour affronter votre journ\u00e9e avec\u2064 enthousiasme et vitalit\u00e9 !<\/p>\n","protected":false},"excerpt":{"rendered":"<p>Muesli\u200c Bar, Apricot &#8211; 28 bars D\u00e9couvrez notre d\u00e9licieux Muesli \u2063Bar \u00e0 l&#8217;abricot, un en-cas sain et \u00e9nerg\u00e9tique parfait pour une \u200dpause gourmande \u00e0 tout moment de la journ\u00e9e. Fabriqu\u00e9 par la marque Allnutrition en Pologne, ce produit \u2064est le choix id\u00e9al pour les personnes \u200cactives et soucieuses de leur \u200bsant\u00e9. Caract\u00e9ristiques sp\u00e9ciales 28 barres [&#8230;]\n","protected":false},"featured_media":263210,"comment_status":"open","ping_status":"open","template":"","meta":[],"product_brand":[4634],"product_cat":[5048,5072,5057,5052],"product_tag":[],"class_list":{"0":"post-286056","1":"product","2":"type-product","3":"status-publish","4":"has-post-thumbnail","6":"product_brand-allnutrition-2","7":"product_cat-aptitude","8":"product_cat-barres-proteinees","9":"product_cat-proteines","10":"product_cat-sante-et-bien-etre","12":"first","13":"instock","14":"taxable","15":"shipping-taxable","16":"purchasable","17":"product-type-simple"},"yoast_head":"<!-- This site is optimized with the Yoast SEO Premium plugin v27.3 (Yoast SEO v27.3) - https:\/\/yoast.com\/product\/yoast-seo-premium-wordpress\/ -->\n<title>Barre de muesli, abricot - 28 barres - ECO Supplements<\/title>\n<meta name=\"description\" content=\"Wij hebben een ruime keuze aan producten van Barre de muesli, abricot - 28 barres . Winkel bij Eco Supplements altijd gratis verzending boven 100\u20ac\" \/>\n<meta name=\"robots\" content=\"index, follow, max-snippet:-1, max-image-preview:large, max-video-preview:-1\" \/>\n<link rel=\"canonical\" href=\"https:\/\/ecosupplements.be\/fr\/produit\/barre-de-muesli-abricot-28-barres\/\" \/>\n<meta property=\"og:locale\" content=\"fr_FR\" \/>\n<meta property=\"og:type\" content=\"article\" \/>\n<meta property=\"og:title\" content=\"Barre de muesli, abricot - 28 barres\" \/>\n<meta property=\"og:description\" content=\"Wij hebben een ruime keuze aan producten van Barre de muesli, abricot - 28 barres . Winkel bij Eco Supplements altijd gratis verzending boven 100\u20ac\" \/>\n<meta property=\"og:url\" content=\"https:\/\/ecosupplements.be\/fr\/produit\/barre-de-muesli-abricot-28-barres\/\" \/>\n<meta property=\"og:site_name\" content=\"ECO Supplements\" \/>\n<meta property=\"article:modified_time\" content=\"2025-08-27T13:01:37+00:00\" \/>\n<meta property=\"og:image\" content=\"https:\/\/ecosupplements.be\/wp-content\/uploads\/2025\/08\/Muesli-Bar-Apricot-28-bars-1.jpg\" \/>\n\t<meta property=\"og:image:width\" content=\"764\" \/>\n\t<meta property=\"og:image:height\" content=\"385\" \/>\n\t<meta property=\"og:image:type\" content=\"image\/jpeg\" \/>\n<meta name=\"twitter:card\" content=\"summary_large_image\" \/>\n<meta name=\"twitter:label1\" content=\"Prix\" \/>\n\t<meta name=\"twitter:data1\" content=\"16.40&nbsp;&euro;\" \/>\n\t<meta name=\"twitter:label2\" content=\"Disponibilit\u00e9\" \/>\n\t<meta name=\"twitter:data2\" content=\"En stock\" \/>\n<script type=\"application\/ld+json\" class=\"yoast-schema-graph\">{\"@context\":\"https:\\\/\\\/schema.org\",\"@graph\":[{\"@type\":[\"WebPage\",\"ItemPage\"],\"@id\":\"https:\\\/\\\/ecosupplements.be\\\/fr\\\/produit\\\/barre-de-muesli-abricot-28-barres\\\/\",\"url\":\"https:\\\/\\\/ecosupplements.be\\\/fr\\\/produit\\\/barre-de-muesli-abricot-28-barres\\\/\",\"name\":\"Barre de muesli, abricot - 28 barres - ECO Supplements\",\"isPartOf\":{\"@id\":\"https:\\\/\\\/ecosupplements.be\\\/fr\\\/#website\"},\"primaryImageOfPage\":{\"@id\":\"https:\\\/\\\/ecosupplements.be\\\/fr\\\/produit\\\/barre-de-muesli-abricot-28-barres\\\/#primaryimage\"},\"image\":{\"@id\":\"https:\\\/\\\/ecosupplements.be\\\/fr\\\/produit\\\/barre-de-muesli-abricot-28-barres\\\/#primaryimage\"},\"thumbnailUrl\":\"https:\\\/\\\/ecosupplements.be\\\/wp-content\\\/uploads\\\/2025\\\/08\\\/Muesli-Bar-Apricot-28-bars.jpg\",\"datePublished\":\"2024-03-06T22:44:18+00:00\",\"dateModified\":\"2025-08-27T13:01:37+00:00\",\"description\":\"Wij hebben een ruime keuze aan producten van Barre de muesli, abricot - 28 barres . Winkel bij Eco Supplements altijd gratis verzending boven 100\u20ac\",\"breadcrumb\":{\"@id\":\"https:\\\/\\\/ecosupplements.be\\\/fr\\\/produit\\\/barre-de-muesli-abricot-28-barres\\\/#breadcrumb\"},\"inLanguage\":\"fr-FR\",\"potentialAction\":[{\"@type\":\"ReadAction\",\"target\":[\"https:\\\/\\\/ecosupplements.be\\\/fr\\\/produit\\\/barre-de-muesli-abricot-28-barres\\\/\"]}]},{\"@type\":\"ImageObject\",\"inLanguage\":\"fr-FR\",\"@id\":\"https:\\\/\\\/ecosupplements.be\\\/fr\\\/produit\\\/barre-de-muesli-abricot-28-barres\\\/#primaryimage\",\"url\":\"https:\\\/\\\/ecosupplements.be\\\/wp-content\\\/uploads\\\/2025\\\/08\\\/Muesli-Bar-Apricot-28-bars.jpg\",\"contentUrl\":\"https:\\\/\\\/ecosupplements.be\\\/wp-content\\\/uploads\\\/2025\\\/08\\\/Muesli-Bar-Apricot-28-bars.jpg\",\"width\":764,\"height\":385},{\"@type\":\"BreadcrumbList\",\"@id\":\"https:\\\/\\\/ecosupplements.be\\\/fr\\\/produit\\\/barre-de-muesli-abricot-28-barres\\\/#breadcrumb\",\"itemListElement\":[{\"@type\":\"ListItem\",\"position\":1,\"name\":\"Home\",\"item\":\"https:\\\/\\\/ecosupplements.be\\\/fr\\\/\"},{\"@type\":\"ListItem\",\"position\":2,\"name\":\"Boutique\",\"item\":\"https:\\\/\\\/ecosupplements.be\\\/fr\\\/boutique\\\/\"},{\"@type\":\"ListItem\",\"position\":3,\"name\":\"Barre de muesli, abricot &#8211; 28 barres\"}]},{\"@type\":\"WebSite\",\"@id\":\"https:\\\/\\\/ecosupplements.be\\\/fr\\\/#website\",\"url\":\"https:\\\/\\\/ecosupplements.be\\\/fr\\\/\",\"name\":\"ECO Supplements\",\"description\":\"Eco Supplements - Gezonde supplementen\",\"publisher\":{\"@id\":\"https:\\\/\\\/ecosupplements.be\\\/fr\\\/#organization\"},\"potentialAction\":[{\"@type\":\"SearchAction\",\"target\":{\"@type\":\"EntryPoint\",\"urlTemplate\":\"https:\\\/\\\/ecosupplements.be\\\/fr\\\/?s={search_term_string}\"},\"query-input\":{\"@type\":\"PropertyValueSpecification\",\"valueRequired\":true,\"valueName\":\"search_term_string\"}}],\"inLanguage\":\"fr-FR\"},{\"@type\":\"Organization\",\"@id\":\"https:\\\/\\\/ecosupplements.be\\\/fr\\\/#organization\",\"name\":\"Eco Supplements\",\"url\":\"https:\\\/\\\/ecosupplements.be\\\/fr\\\/\",\"logo\":{\"@type\":\"ImageObject\",\"inLanguage\":\"fr-FR\",\"@id\":\"https:\\\/\\\/ecosupplements.be\\\/fr\\\/#\\\/schema\\\/logo\\\/image\\\/\",\"url\":\"https:\\\/\\\/ecosupplements.be\\\/wp-content\\\/uploads\\\/2022\\\/06\\\/ecosupplement-family.png\",\"contentUrl\":\"https:\\\/\\\/ecosupplements.be\\\/wp-content\\\/uploads\\\/2022\\\/06\\\/ecosupplement-family.png\",\"width\":593,\"height\":374,\"caption\":\"Eco Supplements\"},\"image\":{\"@id\":\"https:\\\/\\\/ecosupplements.be\\\/fr\\\/#\\\/schema\\\/logo\\\/image\\\/\"}}]}<\/script>\n<meta property=\"product:brand\" content=\"Allnutrition\" \/>\n<meta property=\"product:price:amount\" content=\"16.40\" \/>\n<meta property=\"product:price:currency\" content=\"EUR\" \/>\n<meta property=\"og:availability\" content=\"instock\" \/>\n<meta property=\"product:availability\" content=\"instock\" \/>\n<meta property=\"product:retailer_item_id\" content=\"5902837728940\" \/>\n<meta property=\"product:condition\" content=\"new\" \/>\n<!-- \/ Yoast SEO Premium plugin. -->","yoast_head_json":{"title":"Barre de muesli, abricot - 28 barres - ECO Supplements","description":"Wij hebben een ruime keuze aan producten van Barre de muesli, abricot - 28 barres . Winkel bij Eco Supplements altijd gratis verzending boven 100\u20ac","robots":{"index":"index","follow":"follow","max-snippet":"max-snippet:-1","max-image-preview":"max-image-preview:large","max-video-preview":"max-video-preview:-1"},"canonical":"https:\/\/ecosupplements.be\/fr\/produit\/barre-de-muesli-abricot-28-barres\/","og_locale":"fr_FR","og_type":"article","og_title":"Barre de muesli, abricot - 28 barres","og_description":"Wij hebben een ruime keuze aan producten van Barre de muesli, abricot - 28 barres . Winkel bij Eco Supplements altijd gratis verzending boven 100\u20ac","og_url":"https:\/\/ecosupplements.be\/fr\/produit\/barre-de-muesli-abricot-28-barres\/","og_site_name":"ECO Supplements","article_modified_time":"2025-08-27T13:01:37+00:00","og_image":[{"width":764,"height":385,"url":"https:\/\/ecosupplements.be\/wp-content\/uploads\/2025\/08\/Muesli-Bar-Apricot-28-bars-1.jpg","type":"image\/jpeg"}],"twitter_card":"summary_large_image","twitter_misc":{"Prix":"16.40&nbsp;&euro;","Disponibilit\u00e9":"En stock"},"schema":{"@context":"https:\/\/schema.org","@graph":[{"@type":["WebPage","ItemPage"],"@id":"https:\/\/ecosupplements.be\/fr\/produit\/barre-de-muesli-abricot-28-barres\/","url":"https:\/\/ecosupplements.be\/fr\/produit\/barre-de-muesli-abricot-28-barres\/","name":"Barre de muesli, abricot - 28 barres - ECO Supplements","isPartOf":{"@id":"https:\/\/ecosupplements.be\/fr\/#website"},"primaryImageOfPage":{"@id":"https:\/\/ecosupplements.be\/fr\/produit\/barre-de-muesli-abricot-28-barres\/#primaryimage"},"image":{"@id":"https:\/\/ecosupplements.be\/fr\/produit\/barre-de-muesli-abricot-28-barres\/#primaryimage"},"thumbnailUrl":"https:\/\/ecosupplements.be\/wp-content\/uploads\/2025\/08\/Muesli-Bar-Apricot-28-bars.jpg","datePublished":"2024-03-06T22:44:18+00:00","dateModified":"2025-08-27T13:01:37+00:00","description":"Wij hebben een ruime keuze aan producten van Barre de muesli, abricot - 28 barres . Winkel bij Eco Supplements altijd gratis verzending boven 100\u20ac","breadcrumb":{"@id":"https:\/\/ecosupplements.be\/fr\/produit\/barre-de-muesli-abricot-28-barres\/#breadcrumb"},"inLanguage":"fr-FR","potentialAction":[{"@type":"ReadAction","target":["https:\/\/ecosupplements.be\/fr\/produit\/barre-de-muesli-abricot-28-barres\/"]}]},{"@type":"ImageObject","inLanguage":"fr-FR","@id":"https:\/\/ecosupplements.be\/fr\/produit\/barre-de-muesli-abricot-28-barres\/#primaryimage","url":"https:\/\/ecosupplements.be\/wp-content\/uploads\/2025\/08\/Muesli-Bar-Apricot-28-bars.jpg","contentUrl":"https:\/\/ecosupplements.be\/wp-content\/uploads\/2025\/08\/Muesli-Bar-Apricot-28-bars.jpg","width":764,"height":385},{"@type":"BreadcrumbList","@id":"https:\/\/ecosupplements.be\/fr\/produit\/barre-de-muesli-abricot-28-barres\/#breadcrumb","itemListElement":[{"@type":"ListItem","position":1,"name":"Home","item":"https:\/\/ecosupplements.be\/fr\/"},{"@type":"ListItem","position":2,"name":"Boutique","item":"https:\/\/ecosupplements.be\/fr\/boutique\/"},{"@type":"ListItem","position":3,"name":"Barre de muesli, abricot &#8211; 28 barres"}]},{"@type":"WebSite","@id":"https:\/\/ecosupplements.be\/fr\/#website","url":"https:\/\/ecosupplements.be\/fr\/","name":"ECO Supplements","description":"Eco Supplements - Gezonde supplementen","publisher":{"@id":"https:\/\/ecosupplements.be\/fr\/#organization"},"potentialAction":[{"@type":"SearchAction","target":{"@type":"EntryPoint","urlTemplate":"https:\/\/ecosupplements.be\/fr\/?s={search_term_string}"},"query-input":{"@type":"PropertyValueSpecification","valueRequired":true,"valueName":"search_term_string"}}],"inLanguage":"fr-FR"},{"@type":"Organization","@id":"https:\/\/ecosupplements.be\/fr\/#organization","name":"Eco Supplements","url":"https:\/\/ecosupplements.be\/fr\/","logo":{"@type":"ImageObject","inLanguage":"fr-FR","@id":"https:\/\/ecosupplements.be\/fr\/#\/schema\/logo\/image\/","url":"https:\/\/ecosupplements.be\/wp-content\/uploads\/2022\/06\/ecosupplement-family.png","contentUrl":"https:\/\/ecosupplements.be\/wp-content\/uploads\/2022\/06\/ecosupplement-family.png","width":593,"height":374,"caption":"Eco Supplements"},"image":{"@id":"https:\/\/ecosupplements.be\/fr\/#\/schema\/logo\/image\/"}}]},"product_brand":"Allnutrition","product_price_amount":"16.40","product_price_currency":"EUR","og_availability":"instock","product_availability":"instock","product_retailer_item_id":"5902837728940","product_condition":"new"},"_links":{"self":[{"href":"https:\/\/ecosupplements.be\/fr\/wp-json\/wp\/v2\/product\/286056","targetHints":{"allow":["GET"]}}],"collection":[{"href":"https:\/\/ecosupplements.be\/fr\/wp-json\/wp\/v2\/product"}],"about":[{"href":"https:\/\/ecosupplements.be\/fr\/wp-json\/wp\/v2\/types\/product"}],"replies":[{"embeddable":true,"href":"https:\/\/ecosupplements.be\/fr\/wp-json\/wp\/v2\/comments?post=286056"}],"wp:featuredmedia":[{"embeddable":true,"href":"https:\/\/ecosupplements.be\/fr\/wp-json\/wp\/v2\/media\/263210"}],"wp:attachment":[{"href":"https:\/\/ecosupplements.be\/fr\/wp-json\/wp\/v2\/media?parent=286056"}],"wp:term":[{"taxonomy":"product_brand","embeddable":true,"href":"https:\/\/ecosupplements.be\/fr\/wp-json\/wp\/v2\/product_brand?post=286056"},{"taxonomy":"product_cat","embeddable":true,"href":"https:\/\/ecosupplements.be\/fr\/wp-json\/wp\/v2\/product_cat?post=286056"},{"taxonomy":"product_tag","embeddable":true,"href":"https:\/\/ecosupplements.be\/fr\/wp-json\/wp\/v2\/product_tag?post=286056"}],"curies":[{"name":"wp","href":"https:\/\/api.w.org\/{rel}","templated":true}]}}