{"id":286068,"date":"2024-03-06T23:48:07","date_gmt":"2024-03-06T22:48:07","guid":{"rendered":"https:\/\/ecosupplements.be\/product\/sauce-nutlove-cookie-croustillant-280-ml\/"},"modified":"2025-08-27T14:01:54","modified_gmt":"2025-08-27T13:01:54","slug":"sauce-nutlove-cookie-croustillant-280-ml","status":"publish","type":"product","link":"https:\/\/ecosupplements.be\/fr\/produit\/sauce-nutlove-cookie-croustillant-280-ml\/","title":{"rendered":"Sauce Nutlove, Cookie Croustillant &#8211; 280 ml"},"content":{"rendered":"<h1>Nutlove Sauce, Crispy Cookie &#8211; 280 \u2062ml<\/h1>\n<p>D\u00e9couvrez la d\u00e9licieuse\u200d Nutlove Sauce, Crispy Cookie &#8211; 280 ml, \u200dune sauce gourmande et croquante qui ravira \u200cvos papilles ! Fabriqu\u00e9e en Pologne par la marque Allnutrition, cette sauce est le compl\u00e9ment parfait pour vos desserts, \u2062collations ou tout simplement pour\u200c satisfaire vos envies de sucr\u00e9.<\/p>\n<h2>Caract\u00e9ristiques sp\u00e9ciales<\/h2>\n<ul>\n<li>Sauce gourmande et croquante<\/li>\n<li>Parfaite pour accompagner vos desserts et collations<\/li>\n<li>Fabriqu\u00e9e en Pologne<\/li>\n<li>Contient 280 ml de sauce<\/li>\n<\/ul>\n<h2>Ingr\u00e9dients<\/h2>\n<p>Cette sauce est compos\u00e9e d&#8217;ingr\u00e9dients de\u200d qualit\u00e9, soigneusement s\u00e9lectionn\u00e9s pour \u200bvous offrir une exp\u00e9rience gustative unique :<\/p>\n<ul>\n<li>Beurre \u200cde cacahu\u00e8te<\/li>\n<li>Chocolat \u200dnoir<\/li>\n<li>\u00c9dulcorant<\/li>\n<li>Prot\u00e9ines de lactos\u00e9rum<\/li>\n<li>Farine de noix de coco<\/li>\n<li>\u00c9mulsifiant<\/li>\n<li>Ar\u00f4mes naturels<\/li>\n<\/ul>\n<h2>Avantages uniques<\/h2>\n<p>La\u2063 Nutlove \u200dSauce, Crispy Cookie &#8211; 280 ml est bien plus qu&#8217;une simple sauce. Elle\u2062 offre \u00e9galement de nombreux avantages pour votre sant\u00e9 et votre bien-\u00eatre :<\/p>\n<ul>\n<li>Source \u200cde prot\u00e9ines<\/li>\n<li>Faible teneur en sucre<\/li>\n<li>Sans gluten<\/li>\n<li>Sans huile de palme<\/li>\n<li>Convient aux v\u00e9g\u00e9tariens<\/li>\n<\/ul>\n<h2>Principales caract\u00e9ristiques<\/h2>\n<p>En plus de ses ingr\u00e9dients de qualit\u00e9 et de ses avantages uniques, la Nutlove Sauce, Crispy Cookie &#8211; 280 \u200bml\u200c se distingue par ses principales caract\u00e9ristiques :<\/p>\n<ul>\n<li>Texture croquante et onctueuse<\/li>\n<li>Go\u00fbt d\u00e9licieux de beurre de cacahu\u00e8te\u2064 et de chocolat noir<\/li>\n<li>Facile \u00e0 \u00e9taler et \u00e0 m\u00e9langer<\/li>\n<li>Parfaite pour les r\u00e9gimes alimentaires sp\u00e9cifiques<\/li>\n<\/ul>\n<p>Ne r\u00e9sistez plus \u00e0 la tentation et ajoutez d\u00e8s maintenant\u200d la Nutlove Sauce, Crispy Cookie &#8211; 280 ml \u00e0 votre panier pour une touche de gourmandise dans \u200bvos repas !<\/p>\n","protected":false},"excerpt":{"rendered":"<p>Nutlove Sauce, Crispy Cookie &#8211; 280 \u2062ml D\u00e9couvrez la d\u00e9licieuse\u200d Nutlove Sauce, Crispy Cookie &#8211; 280 ml, \u200dune sauce gourmande et croquante qui ravira \u200cvos papilles ! Fabriqu\u00e9e en Pologne par la marque Allnutrition, cette sauce est le compl\u00e9ment parfait pour vos desserts, \u2062collations ou tout simplement pour\u200c satisfaire vos envies de sucr\u00e9. Caract\u00e9ristiques sp\u00e9ciales [&#8230;]\n","protected":false},"featured_media":263228,"comment_status":"open","ping_status":"open","template":"","meta":[],"product_brand":[4634],"product_cat":[5054,5052,5269],"product_tag":[],"class_list":{"0":"post-286068","1":"product","2":"type-product","3":"status-publish","4":"has-post-thumbnail","6":"product_brand-allnutrition-2","7":"product_cat-nourriture-saine","8":"product_cat-sante-et-bien-etre","9":"product_cat-sauces","11":"first","12":"instock","13":"taxable","14":"shipping-taxable","15":"purchasable","16":"product-type-simple"},"yoast_head":"<!-- This site is optimized with the Yoast SEO Premium plugin v27.5 (Yoast SEO v27.5) - https:\/\/yoast.com\/product\/yoast-seo-premium-wordpress\/ -->\n<title>Sauce Nutlove, Cookie Croustillant - 280 ml - ECO Supplements<\/title>\n<meta name=\"description\" content=\"Wij hebben een ruime keuze aan producten van Sauce Nutlove, Cookie Croustillant - 280 ml . Winkel bij Eco Supplements altijd gratis verzending boven 100\u20ac\" \/>\n<meta name=\"robots\" content=\"index, follow, max-snippet:-1, max-image-preview:large, max-video-preview:-1\" \/>\n<link rel=\"canonical\" href=\"https:\/\/ecosupplements.be\/fr\/produit\/sauce-nutlove-cookie-croustillant-280-ml\/\" \/>\n<meta property=\"og:locale\" content=\"fr_FR\" \/>\n<meta property=\"og:type\" content=\"article\" \/>\n<meta property=\"og:title\" content=\"Sauce Nutlove, Cookie Croustillant - 280 ml\" \/>\n<meta property=\"og:description\" content=\"Wij hebben een ruime keuze aan producten van Sauce Nutlove, Cookie Croustillant - 280 ml . Winkel bij Eco Supplements altijd gratis verzending boven 100\u20ac\" \/>\n<meta property=\"og:url\" content=\"https:\/\/ecosupplements.be\/fr\/produit\/sauce-nutlove-cookie-croustillant-280-ml\/\" \/>\n<meta property=\"og:site_name\" content=\"ECO Supplements\" \/>\n<meta property=\"article:modified_time\" content=\"2025-08-27T13:01:54+00:00\" \/>\n<meta property=\"og:image\" content=\"https:\/\/ecosupplements.be\/wp-content\/uploads\/2025\/08\/Nutlove-Sauce-Crispy-Cookie-280-ml-1.jpg\" \/>\n\t<meta property=\"og:image:width\" content=\"600\" \/>\n\t<meta property=\"og:image:height\" content=\"600\" \/>\n\t<meta property=\"og:image:type\" content=\"image\/jpeg\" \/>\n<meta name=\"twitter:card\" content=\"summary_large_image\" \/>\n<meta name=\"twitter:label1\" content=\"Prix\" \/>\n\t<meta name=\"twitter:data1\" content=\"6.35&nbsp;&euro;\" \/>\n\t<meta name=\"twitter:label2\" content=\"Disponibilit\u00e9\" \/>\n\t<meta name=\"twitter:data2\" content=\"En stock\" \/>\n<script type=\"application\/ld+json\" class=\"yoast-schema-graph\">{\"@context\":\"https:\\\/\\\/schema.org\",\"@graph\":[{\"@type\":[\"WebPage\",\"ItemPage\"],\"@id\":\"https:\\\/\\\/ecosupplements.be\\\/fr\\\/produit\\\/sauce-nutlove-cookie-croustillant-280-ml\\\/\",\"url\":\"https:\\\/\\\/ecosupplements.be\\\/fr\\\/produit\\\/sauce-nutlove-cookie-croustillant-280-ml\\\/\",\"name\":\"Sauce Nutlove, Cookie Croustillant - 280 ml - ECO Supplements\",\"isPartOf\":{\"@id\":\"https:\\\/\\\/ecosupplements.be\\\/fr\\\/#website\"},\"primaryImageOfPage\":{\"@id\":\"https:\\\/\\\/ecosupplements.be\\\/fr\\\/produit\\\/sauce-nutlove-cookie-croustillant-280-ml\\\/#primaryimage\"},\"image\":{\"@id\":\"https:\\\/\\\/ecosupplements.be\\\/fr\\\/produit\\\/sauce-nutlove-cookie-croustillant-280-ml\\\/#primaryimage\"},\"thumbnailUrl\":\"https:\\\/\\\/ecosupplements.be\\\/wp-content\\\/uploads\\\/2025\\\/08\\\/Nutlove-Sauce-Crispy-Cookie-280-ml.jpg\",\"datePublished\":\"2024-03-06T22:48:07+00:00\",\"dateModified\":\"2025-08-27T13:01:54+00:00\",\"description\":\"Wij hebben een ruime keuze aan producten van Sauce Nutlove, Cookie Croustillant - 280 ml . Winkel bij Eco Supplements altijd gratis verzending boven 100\u20ac\",\"breadcrumb\":{\"@id\":\"https:\\\/\\\/ecosupplements.be\\\/fr\\\/produit\\\/sauce-nutlove-cookie-croustillant-280-ml\\\/#breadcrumb\"},\"inLanguage\":\"fr-FR\",\"potentialAction\":[{\"@type\":\"ReadAction\",\"target\":[\"https:\\\/\\\/ecosupplements.be\\\/fr\\\/produit\\\/sauce-nutlove-cookie-croustillant-280-ml\\\/\"]}]},{\"@type\":\"ImageObject\",\"inLanguage\":\"fr-FR\",\"@id\":\"https:\\\/\\\/ecosupplements.be\\\/fr\\\/produit\\\/sauce-nutlove-cookie-croustillant-280-ml\\\/#primaryimage\",\"url\":\"https:\\\/\\\/ecosupplements.be\\\/wp-content\\\/uploads\\\/2025\\\/08\\\/Nutlove-Sauce-Crispy-Cookie-280-ml.jpg\",\"contentUrl\":\"https:\\\/\\\/ecosupplements.be\\\/wp-content\\\/uploads\\\/2025\\\/08\\\/Nutlove-Sauce-Crispy-Cookie-280-ml.jpg\",\"width\":600,\"height\":600},{\"@type\":\"BreadcrumbList\",\"@id\":\"https:\\\/\\\/ecosupplements.be\\\/fr\\\/produit\\\/sauce-nutlove-cookie-croustillant-280-ml\\\/#breadcrumb\",\"itemListElement\":[{\"@type\":\"ListItem\",\"position\":1,\"name\":\"Home\",\"item\":\"https:\\\/\\\/ecosupplements.be\\\/fr\\\/\"},{\"@type\":\"ListItem\",\"position\":2,\"name\":\"Boutique\",\"item\":\"https:\\\/\\\/ecosupplements.be\\\/fr\\\/boutique\\\/\"},{\"@type\":\"ListItem\",\"position\":3,\"name\":\"Sauce Nutlove, Cookie Croustillant &#8211; 280 ml\"}]},{\"@type\":\"WebSite\",\"@id\":\"https:\\\/\\\/ecosupplements.be\\\/fr\\\/#website\",\"url\":\"https:\\\/\\\/ecosupplements.be\\\/fr\\\/\",\"name\":\"ECO Supplements\",\"description\":\"Eco Supplements - Gezonde supplementen\",\"publisher\":{\"@id\":\"https:\\\/\\\/ecosupplements.be\\\/fr\\\/#organization\"},\"potentialAction\":[{\"@type\":\"SearchAction\",\"target\":{\"@type\":\"EntryPoint\",\"urlTemplate\":\"https:\\\/\\\/ecosupplements.be\\\/fr\\\/?s={search_term_string}\"},\"query-input\":{\"@type\":\"PropertyValueSpecification\",\"valueRequired\":true,\"valueName\":\"search_term_string\"}}],\"inLanguage\":\"fr-FR\"},{\"@type\":\"Organization\",\"@id\":\"https:\\\/\\\/ecosupplements.be\\\/fr\\\/#organization\",\"name\":\"Eco Supplements\",\"url\":\"https:\\\/\\\/ecosupplements.be\\\/fr\\\/\",\"logo\":{\"@type\":\"ImageObject\",\"inLanguage\":\"fr-FR\",\"@id\":\"https:\\\/\\\/ecosupplements.be\\\/fr\\\/#\\\/schema\\\/logo\\\/image\\\/\",\"url\":\"https:\\\/\\\/ecosupplements.be\\\/wp-content\\\/uploads\\\/2022\\\/06\\\/ecosupplement-family.png\",\"contentUrl\":\"https:\\\/\\\/ecosupplements.be\\\/wp-content\\\/uploads\\\/2022\\\/06\\\/ecosupplement-family.png\",\"width\":593,\"height\":374,\"caption\":\"Eco Supplements\"},\"image\":{\"@id\":\"https:\\\/\\\/ecosupplements.be\\\/fr\\\/#\\\/schema\\\/logo\\\/image\\\/\"}}]}<\/script>\n<meta property=\"product:brand\" content=\"Allnutrition\" \/>\n<meta property=\"product:price:amount\" content=\"6.35\" \/>\n<meta property=\"product:price:currency\" content=\"EUR\" \/>\n<meta property=\"og:availability\" content=\"instock\" \/>\n<meta property=\"product:availability\" content=\"instock\" \/>\n<meta property=\"product:retailer_item_id\" content=\"5902837743172\" \/>\n<meta property=\"product:condition\" content=\"new\" \/>\n<!-- \/ Yoast SEO Premium plugin. -->","yoast_head_json":{"title":"Sauce Nutlove, Cookie Croustillant - 280 ml - ECO Supplements","description":"Wij hebben een ruime keuze aan producten van Sauce Nutlove, Cookie Croustillant - 280 ml . Winkel bij Eco Supplements altijd gratis verzending boven 100\u20ac","robots":{"index":"index","follow":"follow","max-snippet":"max-snippet:-1","max-image-preview":"max-image-preview:large","max-video-preview":"max-video-preview:-1"},"canonical":"https:\/\/ecosupplements.be\/fr\/produit\/sauce-nutlove-cookie-croustillant-280-ml\/","og_locale":"fr_FR","og_type":"article","og_title":"Sauce Nutlove, Cookie Croustillant - 280 ml","og_description":"Wij hebben een ruime keuze aan producten van Sauce Nutlove, Cookie Croustillant - 280 ml . Winkel bij Eco Supplements altijd gratis verzending boven 100\u20ac","og_url":"https:\/\/ecosupplements.be\/fr\/produit\/sauce-nutlove-cookie-croustillant-280-ml\/","og_site_name":"ECO Supplements","article_modified_time":"2025-08-27T13:01:54+00:00","og_image":[{"width":600,"height":600,"url":"https:\/\/ecosupplements.be\/wp-content\/uploads\/2025\/08\/Nutlove-Sauce-Crispy-Cookie-280-ml-1.jpg","type":"image\/jpeg"}],"twitter_card":"summary_large_image","twitter_misc":{"Prix":"6.35&nbsp;&euro;","Disponibilit\u00e9":"En stock"},"schema":{"@context":"https:\/\/schema.org","@graph":[{"@type":["WebPage","ItemPage"],"@id":"https:\/\/ecosupplements.be\/fr\/produit\/sauce-nutlove-cookie-croustillant-280-ml\/","url":"https:\/\/ecosupplements.be\/fr\/produit\/sauce-nutlove-cookie-croustillant-280-ml\/","name":"Sauce Nutlove, Cookie Croustillant - 280 ml - ECO Supplements","isPartOf":{"@id":"https:\/\/ecosupplements.be\/fr\/#website"},"primaryImageOfPage":{"@id":"https:\/\/ecosupplements.be\/fr\/produit\/sauce-nutlove-cookie-croustillant-280-ml\/#primaryimage"},"image":{"@id":"https:\/\/ecosupplements.be\/fr\/produit\/sauce-nutlove-cookie-croustillant-280-ml\/#primaryimage"},"thumbnailUrl":"https:\/\/ecosupplements.be\/wp-content\/uploads\/2025\/08\/Nutlove-Sauce-Crispy-Cookie-280-ml.jpg","datePublished":"2024-03-06T22:48:07+00:00","dateModified":"2025-08-27T13:01:54+00:00","description":"Wij hebben een ruime keuze aan producten van Sauce Nutlove, Cookie Croustillant - 280 ml . Winkel bij Eco Supplements altijd gratis verzending boven 100\u20ac","breadcrumb":{"@id":"https:\/\/ecosupplements.be\/fr\/produit\/sauce-nutlove-cookie-croustillant-280-ml\/#breadcrumb"},"inLanguage":"fr-FR","potentialAction":[{"@type":"ReadAction","target":["https:\/\/ecosupplements.be\/fr\/produit\/sauce-nutlove-cookie-croustillant-280-ml\/"]}]},{"@type":"ImageObject","inLanguage":"fr-FR","@id":"https:\/\/ecosupplements.be\/fr\/produit\/sauce-nutlove-cookie-croustillant-280-ml\/#primaryimage","url":"https:\/\/ecosupplements.be\/wp-content\/uploads\/2025\/08\/Nutlove-Sauce-Crispy-Cookie-280-ml.jpg","contentUrl":"https:\/\/ecosupplements.be\/wp-content\/uploads\/2025\/08\/Nutlove-Sauce-Crispy-Cookie-280-ml.jpg","width":600,"height":600},{"@type":"BreadcrumbList","@id":"https:\/\/ecosupplements.be\/fr\/produit\/sauce-nutlove-cookie-croustillant-280-ml\/#breadcrumb","itemListElement":[{"@type":"ListItem","position":1,"name":"Home","item":"https:\/\/ecosupplements.be\/fr\/"},{"@type":"ListItem","position":2,"name":"Boutique","item":"https:\/\/ecosupplements.be\/fr\/boutique\/"},{"@type":"ListItem","position":3,"name":"Sauce Nutlove, Cookie Croustillant &#8211; 280 ml"}]},{"@type":"WebSite","@id":"https:\/\/ecosupplements.be\/fr\/#website","url":"https:\/\/ecosupplements.be\/fr\/","name":"ECO Supplements","description":"Eco Supplements - Gezonde supplementen","publisher":{"@id":"https:\/\/ecosupplements.be\/fr\/#organization"},"potentialAction":[{"@type":"SearchAction","target":{"@type":"EntryPoint","urlTemplate":"https:\/\/ecosupplements.be\/fr\/?s={search_term_string}"},"query-input":{"@type":"PropertyValueSpecification","valueRequired":true,"valueName":"search_term_string"}}],"inLanguage":"fr-FR"},{"@type":"Organization","@id":"https:\/\/ecosupplements.be\/fr\/#organization","name":"Eco Supplements","url":"https:\/\/ecosupplements.be\/fr\/","logo":{"@type":"ImageObject","inLanguage":"fr-FR","@id":"https:\/\/ecosupplements.be\/fr\/#\/schema\/logo\/image\/","url":"https:\/\/ecosupplements.be\/wp-content\/uploads\/2022\/06\/ecosupplement-family.png","contentUrl":"https:\/\/ecosupplements.be\/wp-content\/uploads\/2022\/06\/ecosupplement-family.png","width":593,"height":374,"caption":"Eco Supplements"},"image":{"@id":"https:\/\/ecosupplements.be\/fr\/#\/schema\/logo\/image\/"}}]},"product_brand":"Allnutrition","product_price_amount":"6.35","product_price_currency":"EUR","og_availability":"instock","product_availability":"instock","product_retailer_item_id":"5902837743172","product_condition":"new"},"_links":{"self":[{"href":"https:\/\/ecosupplements.be\/fr\/wp-json\/wp\/v2\/product\/286068","targetHints":{"allow":["GET"]}}],"collection":[{"href":"https:\/\/ecosupplements.be\/fr\/wp-json\/wp\/v2\/product"}],"about":[{"href":"https:\/\/ecosupplements.be\/fr\/wp-json\/wp\/v2\/types\/product"}],"replies":[{"embeddable":true,"href":"https:\/\/ecosupplements.be\/fr\/wp-json\/wp\/v2\/comments?post=286068"}],"wp:featuredmedia":[{"embeddable":true,"href":"https:\/\/ecosupplements.be\/fr\/wp-json\/wp\/v2\/media\/263228"}],"wp:attachment":[{"href":"https:\/\/ecosupplements.be\/fr\/wp-json\/wp\/v2\/media?parent=286068"}],"wp:term":[{"taxonomy":"product_brand","embeddable":true,"href":"https:\/\/ecosupplements.be\/fr\/wp-json\/wp\/v2\/product_brand?post=286068"},{"taxonomy":"product_cat","embeddable":true,"href":"https:\/\/ecosupplements.be\/fr\/wp-json\/wp\/v2\/product_cat?post=286068"},{"taxonomy":"product_tag","embeddable":true,"href":"https:\/\/ecosupplements.be\/fr\/wp-json\/wp\/v2\/product_tag?post=286068"}],"curies":[{"name":"wp","href":"https:\/\/api.w.org\/{rel}","templated":true}]}}