{"id":286080,"date":"2024-03-06T23:50:55","date_gmt":"2024-03-06T22:50:55","guid":{"rendered":"https:\/\/ecosupplements.be\/product\/nutlove-noix-entieres-amandes-en-chocolat-au-lait-300g\/"},"modified":"2025-08-27T14:02:09","modified_gmt":"2025-08-27T13:02:09","slug":"nutlove-noix-entieres-amandes-en-chocolat-au-lait-300g","status":"publish","type":"product","link":"https:\/\/ecosupplements.be\/fr\/produit\/nutlove-noix-entieres-amandes-en-chocolat-au-lait-300g\/","title":{"rendered":"Nutlove Noix Enti\u00e8res, Amandes en Chocolat au Lait &#8211; 300g"},"content":{"rendered":"<h1>Nutlove Whole Nuts, Amandes en Chocolat au Lait &#8211; 300g<\/h1>\n<p>D\u00e9couvrez le d\u00e9licieux m\u00e9lange de noix enti\u00e8res\u2064 et de chocolat \u2064au lait avec Nutlove Whole Nuts, Amandes en Chocolat \u200bau \u2064Lait. Ce\u2063 produit est\u200c fabriqu\u00e9 par la marque Allnutrition, une entreprise\u2062 polonaise sp\u00e9cialis\u00e9e dans les\u200d aliments sains\u200b et nutritifs.<\/p>\n<h2>Caract\u00e9ristiques sp\u00e9ciales<\/h2>\n<ul>\n<li>M\u00e9lange de noix enti\u00e8res et de chocolat au lait<\/li>\n<li>Fabriqu\u00e9 avec des ingr\u00e9dients de haute qualit\u00e9<\/li>\n<li>Riches en nutriments essentiels<\/li>\n<li>Convient aux v\u00e9g\u00e9tariens<\/li>\n<li>Emballage \u200cpratique de 300g<\/li>\n<\/ul>\n<h2>Ingr\u00e9dients<\/h2>\n<p>Chocolat au lait (sucre, beurre de cacao, lait \u2063entier en poudre,\u200d p\u00e2te de cacao, \u200b\u00e9mulsifiant :\u200c l\u00e9cithine de soja, ar\u00f4me naturel de\u200d vanille), amandes (25%).<\/p>\n<h2>Avantages\u200b uniques<\/h2>\n<p>Les amandes sont riches en acides \u2064gras insatur\u00e9s, en \u200dfibres, en vitamines et en min\u00e9raux, \u200dce qui en fait une collation saine \u200det\u2064 nutritive. Le chocolat au lait ajoute\u200c une touche de douceur \u200bet de gourmandise \u00e0\u2064 cette combinaison, en plus d&#8217;\u00eatre une source d&#8217;antioxydants.<\/p>\n<h2>Principales caract\u00e9ristiques<\/h2>\n<ul>\n<li>Texture \u2063croquante et fondante<\/li>\n<li>Go\u00fbt \u00e9quilibr\u00e9 entre le chocolat au lait et les\u200c amandes<\/li>\n<li>Source \u2062de nutriments essentiels<\/li>\n<li>Id\u00e9al pour une collation saine et gourmande<\/li>\n<li>Convient aux personnes suivant un r\u00e9gime v\u00e9g\u00e9tarien<\/li>\n<\/ul>\n<p>Offrez-vous une pause gourmande et\u200d nutritive avec Nutlove\u2062 Whole\u200b Nuts, Amandes en Chocolat au Lait.\u2063 Savourez\u2062 le mariage parfait entre les noix et le chocolat au lait,\u200c tout en b\u00e9n\u00e9ficiant des bienfaits pour la sant\u00e9 des \u2063amandes. Commandez \u2063d\u00e8s maintenant et \u2063d\u00e9couvrez pourquoi ce\u200d produit est si populaire en Pologne et dans le\u200c monde \u200dentier !<\/p>\n","protected":false},"excerpt":{"rendered":"<p>Nutlove Whole Nuts, Amandes en Chocolat au Lait &#8211; 300g D\u00e9couvrez le d\u00e9licieux m\u00e9lange de noix enti\u00e8res\u2064 et de chocolat \u2064au lait avec Nutlove Whole Nuts, Amandes en Chocolat \u200bau \u2064Lait. Ce\u2063 produit est\u200c fabriqu\u00e9 par la marque Allnutrition, une entreprise\u2062 polonaise sp\u00e9cialis\u00e9e dans les\u200d aliments sains\u200b et nutritifs. Caract\u00e9ristiques sp\u00e9ciales M\u00e9lange de noix enti\u00e8res [&#8230;]\n","protected":false},"featured_media":263240,"comment_status":"open","ping_status":"open","template":"","meta":[],"product_brand":[4634],"product_cat":[5052],"product_tag":[],"class_list":{"0":"post-286080","1":"product","2":"type-product","3":"status-publish","4":"has-post-thumbnail","6":"product_brand-allnutrition-2","7":"product_cat-sante-et-bien-etre","9":"first","10":"outofstock","11":"taxable","12":"shipping-taxable","13":"purchasable","14":"product-type-simple"},"yoast_head":"<!-- This site is optimized with the Yoast SEO Premium plugin v27.3 (Yoast SEO v27.3) - https:\/\/yoast.com\/product\/yoast-seo-premium-wordpress\/ -->\n<title>Nutlove Noix Enti\u00e8res, Amandes en Chocolat au Lait - 300g - ECO Supplements<\/title>\n<meta name=\"description\" content=\"Wij hebben een ruime keuze aan producten van Nutlove Noix Enti\u00e8res, Amandes en Chocolat au Lait - 300g . Winkel bij Eco Supplements altijd gratis verzending boven 100\u20ac\" \/>\n<meta name=\"robots\" content=\"index, follow, max-snippet:-1, max-image-preview:large, max-video-preview:-1\" \/>\n<link rel=\"canonical\" href=\"https:\/\/ecosupplements.be\/fr\/produit\/nutlove-noix-entieres-amandes-en-chocolat-au-lait-300g\/\" \/>\n<meta property=\"og:locale\" content=\"fr_FR\" \/>\n<meta property=\"og:type\" content=\"article\" \/>\n<meta property=\"og:title\" content=\"Nutlove Noix Enti\u00e8res, Amandes en Chocolat au Lait - 300g\" \/>\n<meta property=\"og:description\" content=\"Wij hebben een ruime keuze aan producten van Nutlove Noix Enti\u00e8res, Amandes en Chocolat au Lait - 300g . Winkel bij Eco Supplements altijd gratis verzending boven 100\u20ac\" \/>\n<meta property=\"og:url\" content=\"https:\/\/ecosupplements.be\/fr\/produit\/nutlove-noix-entieres-amandes-en-chocolat-au-lait-300g\/\" \/>\n<meta property=\"og:site_name\" content=\"ECO Supplements\" \/>\n<meta property=\"article:modified_time\" content=\"2025-08-27T13:02:09+00:00\" \/>\n<meta property=\"og:image\" content=\"https:\/\/ecosupplements.be\/wp-content\/uploads\/2025\/08\/Nutlove-Whole-Nuts-Almonds-in-Milk-Chocolate-300g-1.jpg\" \/>\n\t<meta property=\"og:image:width\" content=\"600\" \/>\n\t<meta property=\"og:image:height\" content=\"600\" \/>\n\t<meta property=\"og:image:type\" content=\"image\/jpeg\" \/>\n<meta name=\"twitter:card\" content=\"summary_large_image\" \/>\n<meta name=\"twitter:label1\" content=\"Prix\" \/>\n\t<meta name=\"twitter:data1\" content=\"12.96&nbsp;&euro;\" \/>\n\t<meta name=\"twitter:label2\" content=\"Disponibilit\u00e9\" \/>\n\t<meta name=\"twitter:data2\" content=\"Rupture de stock\" \/>\n<script type=\"application\/ld+json\" class=\"yoast-schema-graph\">{\"@context\":\"https:\\\/\\\/schema.org\",\"@graph\":[{\"@type\":[\"WebPage\",\"ItemPage\"],\"@id\":\"https:\\\/\\\/ecosupplements.be\\\/fr\\\/produit\\\/nutlove-noix-entieres-amandes-en-chocolat-au-lait-300g\\\/\",\"url\":\"https:\\\/\\\/ecosupplements.be\\\/fr\\\/produit\\\/nutlove-noix-entieres-amandes-en-chocolat-au-lait-300g\\\/\",\"name\":\"Nutlove Noix Enti\u00e8res, Amandes en Chocolat au Lait - 300g - ECO Supplements\",\"isPartOf\":{\"@id\":\"https:\\\/\\\/ecosupplements.be\\\/fr\\\/#website\"},\"primaryImageOfPage\":{\"@id\":\"https:\\\/\\\/ecosupplements.be\\\/fr\\\/produit\\\/nutlove-noix-entieres-amandes-en-chocolat-au-lait-300g\\\/#primaryimage\"},\"image\":{\"@id\":\"https:\\\/\\\/ecosupplements.be\\\/fr\\\/produit\\\/nutlove-noix-entieres-amandes-en-chocolat-au-lait-300g\\\/#primaryimage\"},\"thumbnailUrl\":\"https:\\\/\\\/ecosupplements.be\\\/wp-content\\\/uploads\\\/2025\\\/08\\\/Nutlove-Whole-Nuts-Almonds-in-Milk-Chocolate-300g.jpg\",\"datePublished\":\"2024-03-06T22:50:55+00:00\",\"dateModified\":\"2025-08-27T13:02:09+00:00\",\"description\":\"Wij hebben een ruime keuze aan producten van Nutlove Noix Enti\u00e8res, Amandes en Chocolat au Lait - 300g . Winkel bij Eco Supplements altijd gratis verzending boven 100\u20ac\",\"breadcrumb\":{\"@id\":\"https:\\\/\\\/ecosupplements.be\\\/fr\\\/produit\\\/nutlove-noix-entieres-amandes-en-chocolat-au-lait-300g\\\/#breadcrumb\"},\"inLanguage\":\"fr-FR\",\"potentialAction\":[{\"@type\":\"ReadAction\",\"target\":[\"https:\\\/\\\/ecosupplements.be\\\/fr\\\/produit\\\/nutlove-noix-entieres-amandes-en-chocolat-au-lait-300g\\\/\"]}]},{\"@type\":\"ImageObject\",\"inLanguage\":\"fr-FR\",\"@id\":\"https:\\\/\\\/ecosupplements.be\\\/fr\\\/produit\\\/nutlove-noix-entieres-amandes-en-chocolat-au-lait-300g\\\/#primaryimage\",\"url\":\"https:\\\/\\\/ecosupplements.be\\\/wp-content\\\/uploads\\\/2025\\\/08\\\/Nutlove-Whole-Nuts-Almonds-in-Milk-Chocolate-300g.jpg\",\"contentUrl\":\"https:\\\/\\\/ecosupplements.be\\\/wp-content\\\/uploads\\\/2025\\\/08\\\/Nutlove-Whole-Nuts-Almonds-in-Milk-Chocolate-300g.jpg\",\"width\":600,\"height\":600},{\"@type\":\"BreadcrumbList\",\"@id\":\"https:\\\/\\\/ecosupplements.be\\\/fr\\\/produit\\\/nutlove-noix-entieres-amandes-en-chocolat-au-lait-300g\\\/#breadcrumb\",\"itemListElement\":[{\"@type\":\"ListItem\",\"position\":1,\"name\":\"Home\",\"item\":\"https:\\\/\\\/ecosupplements.be\\\/fr\\\/\"},{\"@type\":\"ListItem\",\"position\":2,\"name\":\"Boutique\",\"item\":\"https:\\\/\\\/ecosupplements.be\\\/fr\\\/boutique\\\/\"},{\"@type\":\"ListItem\",\"position\":3,\"name\":\"Nutlove Noix Enti\u00e8res, Amandes en Chocolat au Lait &#8211; 300g\"}]},{\"@type\":\"WebSite\",\"@id\":\"https:\\\/\\\/ecosupplements.be\\\/fr\\\/#website\",\"url\":\"https:\\\/\\\/ecosupplements.be\\\/fr\\\/\",\"name\":\"ECO Supplements\",\"description\":\"Eco Supplements - Gezonde supplementen\",\"publisher\":{\"@id\":\"https:\\\/\\\/ecosupplements.be\\\/fr\\\/#organization\"},\"potentialAction\":[{\"@type\":\"SearchAction\",\"target\":{\"@type\":\"EntryPoint\",\"urlTemplate\":\"https:\\\/\\\/ecosupplements.be\\\/fr\\\/?s={search_term_string}\"},\"query-input\":{\"@type\":\"PropertyValueSpecification\",\"valueRequired\":true,\"valueName\":\"search_term_string\"}}],\"inLanguage\":\"fr-FR\"},{\"@type\":\"Organization\",\"@id\":\"https:\\\/\\\/ecosupplements.be\\\/fr\\\/#organization\",\"name\":\"Eco Supplements\",\"url\":\"https:\\\/\\\/ecosupplements.be\\\/fr\\\/\",\"logo\":{\"@type\":\"ImageObject\",\"inLanguage\":\"fr-FR\",\"@id\":\"https:\\\/\\\/ecosupplements.be\\\/fr\\\/#\\\/schema\\\/logo\\\/image\\\/\",\"url\":\"https:\\\/\\\/ecosupplements.be\\\/wp-content\\\/uploads\\\/2022\\\/06\\\/ecosupplement-family.png\",\"contentUrl\":\"https:\\\/\\\/ecosupplements.be\\\/wp-content\\\/uploads\\\/2022\\\/06\\\/ecosupplement-family.png\",\"width\":593,\"height\":374,\"caption\":\"Eco Supplements\"},\"image\":{\"@id\":\"https:\\\/\\\/ecosupplements.be\\\/fr\\\/#\\\/schema\\\/logo\\\/image\\\/\"}}]}<\/script>\n<meta property=\"product:brand\" content=\"Allnutrition\" \/>\n<meta property=\"product:price:amount\" content=\"12.96\" \/>\n<meta property=\"product:price:currency\" content=\"EUR\" \/>\n<meta property=\"og:availability\" content=\"out of stock\" \/>\n<meta property=\"product:availability\" content=\"out of stock\" \/>\n<meta property=\"product:retailer_item_id\" content=\"5902837736822\" \/>\n<meta property=\"product:condition\" content=\"new\" \/>\n<!-- \/ Yoast SEO Premium plugin. -->","yoast_head_json":{"title":"Nutlove Noix Enti\u00e8res, Amandes en Chocolat au Lait - 300g - ECO Supplements","description":"Wij hebben een ruime keuze aan producten van Nutlove Noix Enti\u00e8res, Amandes en Chocolat au Lait - 300g . Winkel bij Eco Supplements altijd gratis verzending boven 100\u20ac","robots":{"index":"index","follow":"follow","max-snippet":"max-snippet:-1","max-image-preview":"max-image-preview:large","max-video-preview":"max-video-preview:-1"},"canonical":"https:\/\/ecosupplements.be\/fr\/produit\/nutlove-noix-entieres-amandes-en-chocolat-au-lait-300g\/","og_locale":"fr_FR","og_type":"article","og_title":"Nutlove Noix Enti\u00e8res, Amandes en Chocolat au Lait - 300g","og_description":"Wij hebben een ruime keuze aan producten van Nutlove Noix Enti\u00e8res, Amandes en Chocolat au Lait - 300g . Winkel bij Eco Supplements altijd gratis verzending boven 100\u20ac","og_url":"https:\/\/ecosupplements.be\/fr\/produit\/nutlove-noix-entieres-amandes-en-chocolat-au-lait-300g\/","og_site_name":"ECO Supplements","article_modified_time":"2025-08-27T13:02:09+00:00","og_image":[{"width":600,"height":600,"url":"https:\/\/ecosupplements.be\/wp-content\/uploads\/2025\/08\/Nutlove-Whole-Nuts-Almonds-in-Milk-Chocolate-300g-1.jpg","type":"image\/jpeg"}],"twitter_card":"summary_large_image","twitter_misc":{"Prix":"12.96&nbsp;&euro;","Disponibilit\u00e9":"Rupture de stock"},"schema":{"@context":"https:\/\/schema.org","@graph":[{"@type":["WebPage","ItemPage"],"@id":"https:\/\/ecosupplements.be\/fr\/produit\/nutlove-noix-entieres-amandes-en-chocolat-au-lait-300g\/","url":"https:\/\/ecosupplements.be\/fr\/produit\/nutlove-noix-entieres-amandes-en-chocolat-au-lait-300g\/","name":"Nutlove Noix Enti\u00e8res, Amandes en Chocolat au Lait - 300g - ECO Supplements","isPartOf":{"@id":"https:\/\/ecosupplements.be\/fr\/#website"},"primaryImageOfPage":{"@id":"https:\/\/ecosupplements.be\/fr\/produit\/nutlove-noix-entieres-amandes-en-chocolat-au-lait-300g\/#primaryimage"},"image":{"@id":"https:\/\/ecosupplements.be\/fr\/produit\/nutlove-noix-entieres-amandes-en-chocolat-au-lait-300g\/#primaryimage"},"thumbnailUrl":"https:\/\/ecosupplements.be\/wp-content\/uploads\/2025\/08\/Nutlove-Whole-Nuts-Almonds-in-Milk-Chocolate-300g.jpg","datePublished":"2024-03-06T22:50:55+00:00","dateModified":"2025-08-27T13:02:09+00:00","description":"Wij hebben een ruime keuze aan producten van Nutlove Noix Enti\u00e8res, Amandes en Chocolat au Lait - 300g . Winkel bij Eco Supplements altijd gratis verzending boven 100\u20ac","breadcrumb":{"@id":"https:\/\/ecosupplements.be\/fr\/produit\/nutlove-noix-entieres-amandes-en-chocolat-au-lait-300g\/#breadcrumb"},"inLanguage":"fr-FR","potentialAction":[{"@type":"ReadAction","target":["https:\/\/ecosupplements.be\/fr\/produit\/nutlove-noix-entieres-amandes-en-chocolat-au-lait-300g\/"]}]},{"@type":"ImageObject","inLanguage":"fr-FR","@id":"https:\/\/ecosupplements.be\/fr\/produit\/nutlove-noix-entieres-amandes-en-chocolat-au-lait-300g\/#primaryimage","url":"https:\/\/ecosupplements.be\/wp-content\/uploads\/2025\/08\/Nutlove-Whole-Nuts-Almonds-in-Milk-Chocolate-300g.jpg","contentUrl":"https:\/\/ecosupplements.be\/wp-content\/uploads\/2025\/08\/Nutlove-Whole-Nuts-Almonds-in-Milk-Chocolate-300g.jpg","width":600,"height":600},{"@type":"BreadcrumbList","@id":"https:\/\/ecosupplements.be\/fr\/produit\/nutlove-noix-entieres-amandes-en-chocolat-au-lait-300g\/#breadcrumb","itemListElement":[{"@type":"ListItem","position":1,"name":"Home","item":"https:\/\/ecosupplements.be\/fr\/"},{"@type":"ListItem","position":2,"name":"Boutique","item":"https:\/\/ecosupplements.be\/fr\/boutique\/"},{"@type":"ListItem","position":3,"name":"Nutlove Noix Enti\u00e8res, Amandes en Chocolat au Lait &#8211; 300g"}]},{"@type":"WebSite","@id":"https:\/\/ecosupplements.be\/fr\/#website","url":"https:\/\/ecosupplements.be\/fr\/","name":"ECO Supplements","description":"Eco Supplements - Gezonde supplementen","publisher":{"@id":"https:\/\/ecosupplements.be\/fr\/#organization"},"potentialAction":[{"@type":"SearchAction","target":{"@type":"EntryPoint","urlTemplate":"https:\/\/ecosupplements.be\/fr\/?s={search_term_string}"},"query-input":{"@type":"PropertyValueSpecification","valueRequired":true,"valueName":"search_term_string"}}],"inLanguage":"fr-FR"},{"@type":"Organization","@id":"https:\/\/ecosupplements.be\/fr\/#organization","name":"Eco Supplements","url":"https:\/\/ecosupplements.be\/fr\/","logo":{"@type":"ImageObject","inLanguage":"fr-FR","@id":"https:\/\/ecosupplements.be\/fr\/#\/schema\/logo\/image\/","url":"https:\/\/ecosupplements.be\/wp-content\/uploads\/2022\/06\/ecosupplement-family.png","contentUrl":"https:\/\/ecosupplements.be\/wp-content\/uploads\/2022\/06\/ecosupplement-family.png","width":593,"height":374,"caption":"Eco Supplements"},"image":{"@id":"https:\/\/ecosupplements.be\/fr\/#\/schema\/logo\/image\/"}}]},"product_brand":"Allnutrition","product_price_amount":"12.96","product_price_currency":"EUR","og_availability":"out of stock","product_availability":"out of stock","product_retailer_item_id":"5902837736822","product_condition":"new"},"_links":{"self":[{"href":"https:\/\/ecosupplements.be\/fr\/wp-json\/wp\/v2\/product\/286080","targetHints":{"allow":["GET"]}}],"collection":[{"href":"https:\/\/ecosupplements.be\/fr\/wp-json\/wp\/v2\/product"}],"about":[{"href":"https:\/\/ecosupplements.be\/fr\/wp-json\/wp\/v2\/types\/product"}],"replies":[{"embeddable":true,"href":"https:\/\/ecosupplements.be\/fr\/wp-json\/wp\/v2\/comments?post=286080"}],"wp:featuredmedia":[{"embeddable":true,"href":"https:\/\/ecosupplements.be\/fr\/wp-json\/wp\/v2\/media\/263240"}],"wp:attachment":[{"href":"https:\/\/ecosupplements.be\/fr\/wp-json\/wp\/v2\/media?parent=286080"}],"wp:term":[{"taxonomy":"product_brand","embeddable":true,"href":"https:\/\/ecosupplements.be\/fr\/wp-json\/wp\/v2\/product_brand?post=286080"},{"taxonomy":"product_cat","embeddable":true,"href":"https:\/\/ecosupplements.be\/fr\/wp-json\/wp\/v2\/product_cat?post=286080"},{"taxonomy":"product_tag","embeddable":true,"href":"https:\/\/ecosupplements.be\/fr\/wp-json\/wp\/v2\/product_tag?post=286080"}],"curies":[{"name":"wp","href":"https:\/\/api.w.org\/{rel}","templated":true}]}}