{"id":286101,"date":"2024-03-06T23:55:42","date_gmt":"2024-03-06T22:55:42","guid":{"rendered":"https:\/\/ecosupplements.be\/product\/nutlove-noisettes-croustillantes-500g\/"},"modified":"2025-08-27T14:02:30","modified_gmt":"2025-08-27T13:02:30","slug":"nutlove-noisettes-croustillantes-500g","status":"publish","type":"product","link":"https:\/\/ecosupplements.be\/fr\/produit\/nutlove-noisettes-croustillantes-500g\/","title":{"rendered":"Nutlove, Noisettes Croustillantes &#8211; 500g"},"content":{"rendered":"<h1>Nutlove, Crispy Hazelnut &#8211; 500g<\/h1>\n<p>D\u00e9couvrez le d\u00e9licieux Nutlove, Crispy Hazelnut &#8211; 500g de la marque Allnutrition. Ce produit est fabriqu\u00e9 en Pologne et est parfait pour les amateurs \u200bde noisettes croustillantes.<\/p>\n<h2>Caract\u00e9ristiques \u2064sp\u00e9ciales<\/h2>\n<ul>\n<li>Contient de v\u00e9ritables morceaux de noisettes croustillantes<\/li>\n<li>Texture cr\u00e9meuse et onctueuse<\/li>\n<li>Sans huile\u200c de palme<\/li>\n<li>Fabriqu\u00e9 avec des ingr\u00e9dients de haute qualit\u00e9<\/li>\n<\/ul>\n<h2>Ingr\u00e9dients<\/h2>\n<p>Ce\u200b pot de 500g de Nutlove, Crispy Hazelnut est rempli d&#8217;une d\u00e9licieuse p\u00e2te \u00e0 tartiner \u00e0 base de noisettes, de sucre,\u2064 de lait en poudre, de beurre de\u200b cacao et d&#8217;huile de tournesol. Tous les ingr\u00e9dients sont soigneusement s\u00e9lectionn\u00e9s pour offrir une saveur et une texture parfaites.<\/p>\n<h2>Avantages uniques<\/h2>\n<p>En plus de \u200bson go\u00fbt d\u00e9licieux, Nutlove, Crispy Hazelnut offre \u00e9galement de nombreux avantages uniques. Il est riche\u200d en \u200dacides gras \u200cinsatur\u00e9s, en\u200b vitamines et en min\u00e9raux, ce qui en fait \u200cun choix sain pour votre petit-d\u00e9jeuner ou votre collation. De plus, il est sans huile de palme, ce qui en fait un choix respectueux de l&#8217;environnement.<\/p>\n<h2>Principales caract\u00e9ristiques<\/h2>\n<ul>\n<li>P\u00e2te \u00e0 tartiner \u00e0 base de noisettes croustillantes<\/li>\n<li>Pot de 500g<\/li>\n<li>Fabriqu\u00e9 en Pologne<\/li>\n<li>Texture cr\u00e9meuse et onctueuse<\/li>\n<li>Sans \u2063huile de palme<\/li>\n<li>Riche en acides gras insatur\u00e9s, vitamines et min\u00e9raux<\/li>\n<\/ul>\n<p>Offrez-vous une exp\u00e9rience gustative unique\u200b avec \u2063Nutlove, Crispy Hazelnut &#8211; 500g. Parfait pour les petits-d\u00e9jeuners, les \u2064collations ou m\u00eame pour accompagner vos desserts, cette p\u00e2te \u00e0 tartiner saura\u2064 ravir vos papilles avec ses morceaux \u200cde noisettes croustillantes\u200d et sa \u200dtexture cr\u00e9meuse. Essayez-la d\u00e8s maintenant et\u200b laissez-vous \u200cs\u00e9duire par son go\u00fbt d\u00e9licieux et ses nombreux avantages pour la sant\u00e9.<\/p>\n","protected":false},"excerpt":{"rendered":"<p>Nutlove, Crispy Hazelnut &#8211; 500g D\u00e9couvrez le d\u00e9licieux Nutlove, Crispy Hazelnut &#8211; 500g de la marque Allnutrition. Ce produit est fabriqu\u00e9 en Pologne et est parfait pour les amateurs \u200bde noisettes croustillantes. Caract\u00e9ristiques \u2064sp\u00e9ciales Contient de v\u00e9ritables morceaux de noisettes croustillantes Texture cr\u00e9meuse et onctueuse Sans huile\u200c de palme Fabriqu\u00e9 avec des ingr\u00e9dients de haute [&#8230;]\n","protected":false},"featured_media":263258,"comment_status":"open","ping_status":"open","template":"","meta":[],"product_brand":[4634],"product_cat":[5052],"product_tag":[],"class_list":{"0":"post-286101","1":"product","2":"type-product","3":"status-publish","4":"has-post-thumbnail","6":"product_brand-allnutrition-2","7":"product_cat-sante-et-bien-etre","9":"first","10":"instock","11":"taxable","12":"shipping-taxable","13":"purchasable","14":"product-type-simple"},"yoast_head":"<!-- This site is optimized with the Yoast SEO Premium plugin v27.3 (Yoast SEO v27.3) - https:\/\/yoast.com\/product\/yoast-seo-premium-wordpress\/ -->\n<title>Nutlove, Noisettes Croustillantes - 500g - ECO Supplements<\/title>\n<meta name=\"description\" content=\"Wij hebben een ruime keuze aan producten van Nutlove, Noisettes Croustillantes - 500g . Winkel bij Eco Supplements altijd gratis verzending boven 100\u20ac\" \/>\n<meta name=\"robots\" content=\"index, follow, max-snippet:-1, max-image-preview:large, max-video-preview:-1\" \/>\n<link rel=\"canonical\" href=\"https:\/\/ecosupplements.be\/fr\/produit\/nutlove-noisettes-croustillantes-500g\/\" \/>\n<meta property=\"og:locale\" content=\"fr_FR\" \/>\n<meta property=\"og:type\" content=\"article\" \/>\n<meta property=\"og:title\" content=\"Nutlove, Noisettes Croustillantes - 500g\" \/>\n<meta property=\"og:description\" content=\"Wij hebben een ruime keuze aan producten van Nutlove, Noisettes Croustillantes - 500g . Winkel bij Eco Supplements altijd gratis verzending boven 100\u20ac\" \/>\n<meta property=\"og:url\" content=\"https:\/\/ecosupplements.be\/fr\/produit\/nutlove-noisettes-croustillantes-500g\/\" \/>\n<meta property=\"og:site_name\" content=\"ECO Supplements\" \/>\n<meta property=\"article:modified_time\" content=\"2025-08-27T13:02:30+00:00\" \/>\n<meta property=\"og:image\" content=\"https:\/\/ecosupplements.be\/wp-content\/uploads\/2025\/08\/Nutlove-Crispy-Hazelnut-500g-1.jpg\" \/>\n\t<meta property=\"og:image:width\" content=\"648\" \/>\n\t<meta property=\"og:image:height\" content=\"648\" \/>\n\t<meta property=\"og:image:type\" content=\"image\/jpeg\" \/>\n<meta name=\"twitter:card\" content=\"summary_large_image\" \/>\n<meta name=\"twitter:label1\" content=\"Prix\" \/>\n\t<meta name=\"twitter:data1\" content=\"10.71&nbsp;&euro;\" \/>\n\t<meta name=\"twitter:label2\" content=\"Disponibilit\u00e9\" \/>\n\t<meta name=\"twitter:data2\" content=\"En stock\" \/>\n<script type=\"application\/ld+json\" class=\"yoast-schema-graph\">{\"@context\":\"https:\\\/\\\/schema.org\",\"@graph\":[{\"@type\":[\"WebPage\",\"ItemPage\"],\"@id\":\"https:\\\/\\\/ecosupplements.be\\\/fr\\\/produit\\\/nutlove-noisettes-croustillantes-500g\\\/\",\"url\":\"https:\\\/\\\/ecosupplements.be\\\/fr\\\/produit\\\/nutlove-noisettes-croustillantes-500g\\\/\",\"name\":\"Nutlove, Noisettes Croustillantes - 500g - ECO Supplements\",\"isPartOf\":{\"@id\":\"https:\\\/\\\/ecosupplements.be\\\/fr\\\/#website\"},\"primaryImageOfPage\":{\"@id\":\"https:\\\/\\\/ecosupplements.be\\\/fr\\\/produit\\\/nutlove-noisettes-croustillantes-500g\\\/#primaryimage\"},\"image\":{\"@id\":\"https:\\\/\\\/ecosupplements.be\\\/fr\\\/produit\\\/nutlove-noisettes-croustillantes-500g\\\/#primaryimage\"},\"thumbnailUrl\":\"https:\\\/\\\/ecosupplements.be\\\/wp-content\\\/uploads\\\/2025\\\/08\\\/Nutlove-Crispy-Hazelnut-500g.jpg\",\"datePublished\":\"2024-03-06T22:55:42+00:00\",\"dateModified\":\"2025-08-27T13:02:30+00:00\",\"description\":\"Wij hebben een ruime keuze aan producten van Nutlove, Noisettes Croustillantes - 500g . Winkel bij Eco Supplements altijd gratis verzending boven 100\u20ac\",\"breadcrumb\":{\"@id\":\"https:\\\/\\\/ecosupplements.be\\\/fr\\\/produit\\\/nutlove-noisettes-croustillantes-500g\\\/#breadcrumb\"},\"inLanguage\":\"fr-FR\",\"potentialAction\":[{\"@type\":\"ReadAction\",\"target\":[\"https:\\\/\\\/ecosupplements.be\\\/fr\\\/produit\\\/nutlove-noisettes-croustillantes-500g\\\/\"]}]},{\"@type\":\"ImageObject\",\"inLanguage\":\"fr-FR\",\"@id\":\"https:\\\/\\\/ecosupplements.be\\\/fr\\\/produit\\\/nutlove-noisettes-croustillantes-500g\\\/#primaryimage\",\"url\":\"https:\\\/\\\/ecosupplements.be\\\/wp-content\\\/uploads\\\/2025\\\/08\\\/Nutlove-Crispy-Hazelnut-500g.jpg\",\"contentUrl\":\"https:\\\/\\\/ecosupplements.be\\\/wp-content\\\/uploads\\\/2025\\\/08\\\/Nutlove-Crispy-Hazelnut-500g.jpg\",\"width\":648,\"height\":648},{\"@type\":\"BreadcrumbList\",\"@id\":\"https:\\\/\\\/ecosupplements.be\\\/fr\\\/produit\\\/nutlove-noisettes-croustillantes-500g\\\/#breadcrumb\",\"itemListElement\":[{\"@type\":\"ListItem\",\"position\":1,\"name\":\"Home\",\"item\":\"https:\\\/\\\/ecosupplements.be\\\/fr\\\/\"},{\"@type\":\"ListItem\",\"position\":2,\"name\":\"Boutique\",\"item\":\"https:\\\/\\\/ecosupplements.be\\\/fr\\\/boutique\\\/\"},{\"@type\":\"ListItem\",\"position\":3,\"name\":\"Nutlove, Noisettes Croustillantes &#8211; 500g\"}]},{\"@type\":\"WebSite\",\"@id\":\"https:\\\/\\\/ecosupplements.be\\\/fr\\\/#website\",\"url\":\"https:\\\/\\\/ecosupplements.be\\\/fr\\\/\",\"name\":\"ECO Supplements\",\"description\":\"Eco Supplements - Gezonde supplementen\",\"publisher\":{\"@id\":\"https:\\\/\\\/ecosupplements.be\\\/fr\\\/#organization\"},\"potentialAction\":[{\"@type\":\"SearchAction\",\"target\":{\"@type\":\"EntryPoint\",\"urlTemplate\":\"https:\\\/\\\/ecosupplements.be\\\/fr\\\/?s={search_term_string}\"},\"query-input\":{\"@type\":\"PropertyValueSpecification\",\"valueRequired\":true,\"valueName\":\"search_term_string\"}}],\"inLanguage\":\"fr-FR\"},{\"@type\":\"Organization\",\"@id\":\"https:\\\/\\\/ecosupplements.be\\\/fr\\\/#organization\",\"name\":\"Eco Supplements\",\"url\":\"https:\\\/\\\/ecosupplements.be\\\/fr\\\/\",\"logo\":{\"@type\":\"ImageObject\",\"inLanguage\":\"fr-FR\",\"@id\":\"https:\\\/\\\/ecosupplements.be\\\/fr\\\/#\\\/schema\\\/logo\\\/image\\\/\",\"url\":\"https:\\\/\\\/ecosupplements.be\\\/wp-content\\\/uploads\\\/2022\\\/06\\\/ecosupplement-family.png\",\"contentUrl\":\"https:\\\/\\\/ecosupplements.be\\\/wp-content\\\/uploads\\\/2022\\\/06\\\/ecosupplement-family.png\",\"width\":593,\"height\":374,\"caption\":\"Eco Supplements\"},\"image\":{\"@id\":\"https:\\\/\\\/ecosupplements.be\\\/fr\\\/#\\\/schema\\\/logo\\\/image\\\/\"}}]}<\/script>\n<meta property=\"product:brand\" content=\"Allnutrition\" \/>\n<meta property=\"product:price:amount\" content=\"10.71\" \/>\n<meta property=\"product:price:currency\" content=\"EUR\" \/>\n<meta property=\"og:availability\" content=\"instock\" \/>\n<meta property=\"product:availability\" content=\"instock\" \/>\n<meta property=\"product:retailer_item_id\" content=\"5902837736730\" \/>\n<meta property=\"product:condition\" content=\"new\" \/>\n<!-- \/ Yoast SEO Premium plugin. -->","yoast_head_json":{"title":"Nutlove, Noisettes Croustillantes - 500g - ECO Supplements","description":"Wij hebben een ruime keuze aan producten van Nutlove, Noisettes Croustillantes - 500g . Winkel bij Eco Supplements altijd gratis verzending boven 100\u20ac","robots":{"index":"index","follow":"follow","max-snippet":"max-snippet:-1","max-image-preview":"max-image-preview:large","max-video-preview":"max-video-preview:-1"},"canonical":"https:\/\/ecosupplements.be\/fr\/produit\/nutlove-noisettes-croustillantes-500g\/","og_locale":"fr_FR","og_type":"article","og_title":"Nutlove, Noisettes Croustillantes - 500g","og_description":"Wij hebben een ruime keuze aan producten van Nutlove, Noisettes Croustillantes - 500g . Winkel bij Eco Supplements altijd gratis verzending boven 100\u20ac","og_url":"https:\/\/ecosupplements.be\/fr\/produit\/nutlove-noisettes-croustillantes-500g\/","og_site_name":"ECO Supplements","article_modified_time":"2025-08-27T13:02:30+00:00","og_image":[{"width":648,"height":648,"url":"https:\/\/ecosupplements.be\/wp-content\/uploads\/2025\/08\/Nutlove-Crispy-Hazelnut-500g-1.jpg","type":"image\/jpeg"}],"twitter_card":"summary_large_image","twitter_misc":{"Prix":"10.71&nbsp;&euro;","Disponibilit\u00e9":"En stock"},"schema":{"@context":"https:\/\/schema.org","@graph":[{"@type":["WebPage","ItemPage"],"@id":"https:\/\/ecosupplements.be\/fr\/produit\/nutlove-noisettes-croustillantes-500g\/","url":"https:\/\/ecosupplements.be\/fr\/produit\/nutlove-noisettes-croustillantes-500g\/","name":"Nutlove, Noisettes Croustillantes - 500g - ECO Supplements","isPartOf":{"@id":"https:\/\/ecosupplements.be\/fr\/#website"},"primaryImageOfPage":{"@id":"https:\/\/ecosupplements.be\/fr\/produit\/nutlove-noisettes-croustillantes-500g\/#primaryimage"},"image":{"@id":"https:\/\/ecosupplements.be\/fr\/produit\/nutlove-noisettes-croustillantes-500g\/#primaryimage"},"thumbnailUrl":"https:\/\/ecosupplements.be\/wp-content\/uploads\/2025\/08\/Nutlove-Crispy-Hazelnut-500g.jpg","datePublished":"2024-03-06T22:55:42+00:00","dateModified":"2025-08-27T13:02:30+00:00","description":"Wij hebben een ruime keuze aan producten van Nutlove, Noisettes Croustillantes - 500g . Winkel bij Eco Supplements altijd gratis verzending boven 100\u20ac","breadcrumb":{"@id":"https:\/\/ecosupplements.be\/fr\/produit\/nutlove-noisettes-croustillantes-500g\/#breadcrumb"},"inLanguage":"fr-FR","potentialAction":[{"@type":"ReadAction","target":["https:\/\/ecosupplements.be\/fr\/produit\/nutlove-noisettes-croustillantes-500g\/"]}]},{"@type":"ImageObject","inLanguage":"fr-FR","@id":"https:\/\/ecosupplements.be\/fr\/produit\/nutlove-noisettes-croustillantes-500g\/#primaryimage","url":"https:\/\/ecosupplements.be\/wp-content\/uploads\/2025\/08\/Nutlove-Crispy-Hazelnut-500g.jpg","contentUrl":"https:\/\/ecosupplements.be\/wp-content\/uploads\/2025\/08\/Nutlove-Crispy-Hazelnut-500g.jpg","width":648,"height":648},{"@type":"BreadcrumbList","@id":"https:\/\/ecosupplements.be\/fr\/produit\/nutlove-noisettes-croustillantes-500g\/#breadcrumb","itemListElement":[{"@type":"ListItem","position":1,"name":"Home","item":"https:\/\/ecosupplements.be\/fr\/"},{"@type":"ListItem","position":2,"name":"Boutique","item":"https:\/\/ecosupplements.be\/fr\/boutique\/"},{"@type":"ListItem","position":3,"name":"Nutlove, Noisettes Croustillantes &#8211; 500g"}]},{"@type":"WebSite","@id":"https:\/\/ecosupplements.be\/fr\/#website","url":"https:\/\/ecosupplements.be\/fr\/","name":"ECO Supplements","description":"Eco Supplements - Gezonde supplementen","publisher":{"@id":"https:\/\/ecosupplements.be\/fr\/#organization"},"potentialAction":[{"@type":"SearchAction","target":{"@type":"EntryPoint","urlTemplate":"https:\/\/ecosupplements.be\/fr\/?s={search_term_string}"},"query-input":{"@type":"PropertyValueSpecification","valueRequired":true,"valueName":"search_term_string"}}],"inLanguage":"fr-FR"},{"@type":"Organization","@id":"https:\/\/ecosupplements.be\/fr\/#organization","name":"Eco Supplements","url":"https:\/\/ecosupplements.be\/fr\/","logo":{"@type":"ImageObject","inLanguage":"fr-FR","@id":"https:\/\/ecosupplements.be\/fr\/#\/schema\/logo\/image\/","url":"https:\/\/ecosupplements.be\/wp-content\/uploads\/2022\/06\/ecosupplement-family.png","contentUrl":"https:\/\/ecosupplements.be\/wp-content\/uploads\/2022\/06\/ecosupplement-family.png","width":593,"height":374,"caption":"Eco Supplements"},"image":{"@id":"https:\/\/ecosupplements.be\/fr\/#\/schema\/logo\/image\/"}}]},"product_brand":"Allnutrition","product_price_amount":"10.71","product_price_currency":"EUR","og_availability":"instock","product_availability":"instock","product_retailer_item_id":"5902837736730","product_condition":"new"},"_links":{"self":[{"href":"https:\/\/ecosupplements.be\/fr\/wp-json\/wp\/v2\/product\/286101","targetHints":{"allow":["GET"]}}],"collection":[{"href":"https:\/\/ecosupplements.be\/fr\/wp-json\/wp\/v2\/product"}],"about":[{"href":"https:\/\/ecosupplements.be\/fr\/wp-json\/wp\/v2\/types\/product"}],"replies":[{"embeddable":true,"href":"https:\/\/ecosupplements.be\/fr\/wp-json\/wp\/v2\/comments?post=286101"}],"wp:featuredmedia":[{"embeddable":true,"href":"https:\/\/ecosupplements.be\/fr\/wp-json\/wp\/v2\/media\/263258"}],"wp:attachment":[{"href":"https:\/\/ecosupplements.be\/fr\/wp-json\/wp\/v2\/media?parent=286101"}],"wp:term":[{"taxonomy":"product_brand","embeddable":true,"href":"https:\/\/ecosupplements.be\/fr\/wp-json\/wp\/v2\/product_brand?post=286101"},{"taxonomy":"product_cat","embeddable":true,"href":"https:\/\/ecosupplements.be\/fr\/wp-json\/wp\/v2\/product_cat?post=286101"},{"taxonomy":"product_tag","embeddable":true,"href":"https:\/\/ecosupplements.be\/fr\/wp-json\/wp\/v2\/product_tag?post=286101"}],"curies":[{"name":"wp","href":"https:\/\/api.w.org\/{rel}","templated":true}]}}