{"id":286107,"date":"2024-03-06T23:56:43","date_gmt":"2024-03-06T22:56:43","guid":{"rendered":"https:\/\/ecosupplements.be\/product\/nutlove-chocolat-blanc-et-arachide-500g\/"},"modified":"2025-08-27T14:02:35","modified_gmt":"2025-08-27T13:02:35","slug":"nutlove-chocolat-blanc-et-arachide-500g","status":"publish","type":"product","link":"https:\/\/ecosupplements.be\/fr\/produit\/nutlove-chocolat-blanc-et-arachide-500g\/","title":{"rendered":"Nutlove, Chocolat Blanc et Arachide &#8211; 500g"},"content":{"rendered":"<h1>Nutlove, White Choco Peanut &#8211; 500g<\/h1>\n<p>D\u00e9couvrez le d\u00e9licieux Nutlove,\u2062 White Choco Peanut &#8211; 500g \u200bde la\u200d marque Allnutrition, en provenance de \u200cPologne. Ce produit est\u200b un v\u00e9ritable d\u00e9lice pour les\u2063 amateurs de chocolat blanc et de cacahu\u00e8tes.<\/p>\n<h2>Caract\u00e9ristiques sp\u00e9ciales<\/h2>\n<ul>\n<li>Contient du chocolat \u2062blanc\u200b et \u2062des morceaux\u2062 de cacahu\u00e8tes croquants<\/li>\n<li>Texture cr\u00e9meuse\u2064 et \u2064fondante<\/li>\n<li>500g de pur plaisir<\/li>\n<li>Id\u00e9al pour les collations \u2064ou pour accompagner vos desserts<\/li>\n<\/ul>\n<h2>Ingr\u00e9dients<\/h2>\n<p>Ce pot de Nutlove,\u200b White Choco Peanut &#8211; 500g contient les ingr\u00e9dients\u200b suivants :<\/p>\n<ul>\n<li>Chocolat blanc<\/li>\n<li>Cacahu\u00e8tes<\/li>\n<li>Sucre<\/li>\n<li>Huile de palme<\/li>\n<li>Lait en poudre<\/li>\n<li>Beurre\u200b de\u2064 cacao<\/li>\n<li>\u00c9mulsifiant : l\u00e9cithine de soja<\/li>\n<li>Ar\u00f4me naturel\u2063 de vanille<\/li>\n<\/ul>\n<h2>Avantages uniques<\/h2>\n<p>Le Nutlove,\u200b White Choco\u2062 Peanut &#8211; 500g \u200best un produit\u200b unique en son genre. Sa combinaison de\u200b chocolat blanc et de cacahu\u00e8tes \u200cen fait un produit savoureux et original. De plus, \u200dil est fabriqu\u00e9 avec des ingr\u00e9dients de qualit\u00e9 et sans\u2064 additifs artificiels.<\/p>\n<h2>Principales caract\u00e9ristiques<\/h2>\n<ul>\n<li>Produit de qualit\u00e9\u200b en\u200b provenance de \u200cPologne<\/li>\n<li>Chocolat blanc et cacahu\u00e8tes pour\u2063 une saveur unique<\/li>\n<li>Texture\u2062 cr\u00e9meuse et fondante<\/li>\n<li>500g de pur plaisir<\/li>\n<li>Sans additifs artificiels<\/li>\n<\/ul>\n<p>Offrez-vous \u200bun moment de gourmandise\u2064 avec \u2064le\u200b Nutlove, White Choco Peanut &#8211; 500g \u2063de la marque Allnutrition. Son go\u00fbt d\u00e9licieux\u200c et sa texture fondante en font un produit incontournable\u200c pour \u200btous les amateurs\u2062 de chocolat blanc et de cacahu\u00e8tes. \u00c0 d\u00e9guster \u200ben collation ou pour accompagner vos \u200cdesserts pr\u00e9f\u00e9r\u00e9s !<\/p>\n","protected":false},"excerpt":{"rendered":"<p>Nutlove, White Choco Peanut &#8211; 500g D\u00e9couvrez le d\u00e9licieux Nutlove,\u2062 White Choco Peanut &#8211; 500g \u200bde la\u200d marque Allnutrition, en provenance de \u200cPologne. Ce produit est\u200b un v\u00e9ritable d\u00e9lice pour les\u2063 amateurs de chocolat blanc et de cacahu\u00e8tes. Caract\u00e9ristiques sp\u00e9ciales Contient du chocolat \u2062blanc\u200b et \u2062des morceaux\u2062 de cacahu\u00e8tes croquants Texture cr\u00e9meuse\u2064 et \u2064fondante 500g [&#8230;]\n","protected":false},"featured_media":263264,"comment_status":"open","ping_status":"open","template":"","meta":[],"product_brand":[4634],"product_cat":[5163,5054,5052],"product_tag":[],"class_list":{"0":"post-286107","1":"product","2":"type-product","3":"status-publish","4":"has-post-thumbnail","6":"product_brand-allnutrition-2","7":"product_cat-beurres-de-noix","8":"product_cat-nourriture-saine","9":"product_cat-sante-et-bien-etre","11":"first","12":"instock","13":"taxable","14":"shipping-taxable","15":"purchasable","16":"product-type-simple"},"yoast_head":"<!-- This site is optimized with the Yoast SEO Premium plugin v27.3 (Yoast SEO v27.3) - https:\/\/yoast.com\/product\/yoast-seo-premium-wordpress\/ -->\n<title>Nutlove, Chocolat Blanc et Arachide - 500g - ECO Supplements<\/title>\n<meta name=\"description\" content=\"Wij hebben een ruime keuze aan producten van Nutlove, Chocolat Blanc et Arachide - 500g . Winkel bij Eco Supplements altijd gratis verzending boven 100\u20ac\" \/>\n<meta name=\"robots\" content=\"index, follow, max-snippet:-1, max-image-preview:large, max-video-preview:-1\" \/>\n<link rel=\"canonical\" href=\"https:\/\/ecosupplements.be\/fr\/produit\/nutlove-chocolat-blanc-et-arachide-500g\/\" \/>\n<meta property=\"og:locale\" content=\"fr_FR\" \/>\n<meta property=\"og:type\" content=\"article\" \/>\n<meta property=\"og:title\" content=\"Nutlove, Chocolat Blanc et Arachide - 500g\" \/>\n<meta property=\"og:description\" content=\"Wij hebben een ruime keuze aan producten van Nutlove, Chocolat Blanc et Arachide - 500g . Winkel bij Eco Supplements altijd gratis verzending boven 100\u20ac\" \/>\n<meta property=\"og:url\" content=\"https:\/\/ecosupplements.be\/fr\/produit\/nutlove-chocolat-blanc-et-arachide-500g\/\" \/>\n<meta property=\"og:site_name\" content=\"ECO Supplements\" \/>\n<meta property=\"article:modified_time\" content=\"2025-08-27T13:02:35+00:00\" \/>\n<meta property=\"og:image\" content=\"https:\/\/ecosupplements.be\/wp-content\/uploads\/2025\/08\/Nutlove-White-Choco-Peanut-500g-1.jpg\" \/>\n\t<meta property=\"og:image:width\" content=\"648\" \/>\n\t<meta property=\"og:image:height\" content=\"648\" \/>\n\t<meta property=\"og:image:type\" content=\"image\/jpeg\" \/>\n<meta name=\"twitter:card\" content=\"summary_large_image\" \/>\n<meta name=\"twitter:label1\" content=\"Prix\" \/>\n\t<meta name=\"twitter:data1\" content=\"8.78&nbsp;&euro;\" \/>\n\t<meta name=\"twitter:label2\" content=\"Disponibilit\u00e9\" \/>\n\t<meta name=\"twitter:data2\" content=\"En stock\" \/>\n<script type=\"application\/ld+json\" class=\"yoast-schema-graph\">{\"@context\":\"https:\\\/\\\/schema.org\",\"@graph\":[{\"@type\":[\"WebPage\",\"ItemPage\"],\"@id\":\"https:\\\/\\\/ecosupplements.be\\\/fr\\\/produit\\\/nutlove-chocolat-blanc-et-arachide-500g\\\/\",\"url\":\"https:\\\/\\\/ecosupplements.be\\\/fr\\\/produit\\\/nutlove-chocolat-blanc-et-arachide-500g\\\/\",\"name\":\"Nutlove, Chocolat Blanc et Arachide - 500g - ECO Supplements\",\"isPartOf\":{\"@id\":\"https:\\\/\\\/ecosupplements.be\\\/fr\\\/#website\"},\"primaryImageOfPage\":{\"@id\":\"https:\\\/\\\/ecosupplements.be\\\/fr\\\/produit\\\/nutlove-chocolat-blanc-et-arachide-500g\\\/#primaryimage\"},\"image\":{\"@id\":\"https:\\\/\\\/ecosupplements.be\\\/fr\\\/produit\\\/nutlove-chocolat-blanc-et-arachide-500g\\\/#primaryimage\"},\"thumbnailUrl\":\"https:\\\/\\\/ecosupplements.be\\\/wp-content\\\/uploads\\\/2025\\\/08\\\/Nutlove-White-Choco-Peanut-500g.jpg\",\"datePublished\":\"2024-03-06T22:56:43+00:00\",\"dateModified\":\"2025-08-27T13:02:35+00:00\",\"description\":\"Wij hebben een ruime keuze aan producten van Nutlove, Chocolat Blanc et Arachide - 500g . Winkel bij Eco Supplements altijd gratis verzending boven 100\u20ac\",\"breadcrumb\":{\"@id\":\"https:\\\/\\\/ecosupplements.be\\\/fr\\\/produit\\\/nutlove-chocolat-blanc-et-arachide-500g\\\/#breadcrumb\"},\"inLanguage\":\"fr-FR\",\"potentialAction\":[{\"@type\":\"ReadAction\",\"target\":[\"https:\\\/\\\/ecosupplements.be\\\/fr\\\/produit\\\/nutlove-chocolat-blanc-et-arachide-500g\\\/\"]}]},{\"@type\":\"ImageObject\",\"inLanguage\":\"fr-FR\",\"@id\":\"https:\\\/\\\/ecosupplements.be\\\/fr\\\/produit\\\/nutlove-chocolat-blanc-et-arachide-500g\\\/#primaryimage\",\"url\":\"https:\\\/\\\/ecosupplements.be\\\/wp-content\\\/uploads\\\/2025\\\/08\\\/Nutlove-White-Choco-Peanut-500g.jpg\",\"contentUrl\":\"https:\\\/\\\/ecosupplements.be\\\/wp-content\\\/uploads\\\/2025\\\/08\\\/Nutlove-White-Choco-Peanut-500g.jpg\",\"width\":648,\"height\":648},{\"@type\":\"BreadcrumbList\",\"@id\":\"https:\\\/\\\/ecosupplements.be\\\/fr\\\/produit\\\/nutlove-chocolat-blanc-et-arachide-500g\\\/#breadcrumb\",\"itemListElement\":[{\"@type\":\"ListItem\",\"position\":1,\"name\":\"Home\",\"item\":\"https:\\\/\\\/ecosupplements.be\\\/fr\\\/\"},{\"@type\":\"ListItem\",\"position\":2,\"name\":\"Boutique\",\"item\":\"https:\\\/\\\/ecosupplements.be\\\/fr\\\/boutique\\\/\"},{\"@type\":\"ListItem\",\"position\":3,\"name\":\"Nutlove, Chocolat Blanc et Arachide &#8211; 500g\"}]},{\"@type\":\"WebSite\",\"@id\":\"https:\\\/\\\/ecosupplements.be\\\/fr\\\/#website\",\"url\":\"https:\\\/\\\/ecosupplements.be\\\/fr\\\/\",\"name\":\"ECO Supplements\",\"description\":\"Eco Supplements - Gezonde supplementen\",\"publisher\":{\"@id\":\"https:\\\/\\\/ecosupplements.be\\\/fr\\\/#organization\"},\"potentialAction\":[{\"@type\":\"SearchAction\",\"target\":{\"@type\":\"EntryPoint\",\"urlTemplate\":\"https:\\\/\\\/ecosupplements.be\\\/fr\\\/?s={search_term_string}\"},\"query-input\":{\"@type\":\"PropertyValueSpecification\",\"valueRequired\":true,\"valueName\":\"search_term_string\"}}],\"inLanguage\":\"fr-FR\"},{\"@type\":\"Organization\",\"@id\":\"https:\\\/\\\/ecosupplements.be\\\/fr\\\/#organization\",\"name\":\"Eco Supplements\",\"url\":\"https:\\\/\\\/ecosupplements.be\\\/fr\\\/\",\"logo\":{\"@type\":\"ImageObject\",\"inLanguage\":\"fr-FR\",\"@id\":\"https:\\\/\\\/ecosupplements.be\\\/fr\\\/#\\\/schema\\\/logo\\\/image\\\/\",\"url\":\"https:\\\/\\\/ecosupplements.be\\\/wp-content\\\/uploads\\\/2022\\\/06\\\/ecosupplement-family.png\",\"contentUrl\":\"https:\\\/\\\/ecosupplements.be\\\/wp-content\\\/uploads\\\/2022\\\/06\\\/ecosupplement-family.png\",\"width\":593,\"height\":374,\"caption\":\"Eco Supplements\"},\"image\":{\"@id\":\"https:\\\/\\\/ecosupplements.be\\\/fr\\\/#\\\/schema\\\/logo\\\/image\\\/\"}}]}<\/script>\n<meta property=\"product:brand\" content=\"Allnutrition\" \/>\n<meta property=\"product:price:amount\" content=\"8.78\" \/>\n<meta property=\"product:price:currency\" content=\"EUR\" \/>\n<meta property=\"og:availability\" content=\"instock\" \/>\n<meta property=\"product:availability\" content=\"instock\" \/>\n<meta property=\"product:retailer_item_id\" content=\"5902837738406\" \/>\n<meta property=\"product:condition\" content=\"new\" \/>\n<!-- \/ Yoast SEO Premium plugin. -->","yoast_head_json":{"title":"Nutlove, Chocolat Blanc et Arachide - 500g - ECO Supplements","description":"Wij hebben een ruime keuze aan producten van Nutlove, Chocolat Blanc et Arachide - 500g . Winkel bij Eco Supplements altijd gratis verzending boven 100\u20ac","robots":{"index":"index","follow":"follow","max-snippet":"max-snippet:-1","max-image-preview":"max-image-preview:large","max-video-preview":"max-video-preview:-1"},"canonical":"https:\/\/ecosupplements.be\/fr\/produit\/nutlove-chocolat-blanc-et-arachide-500g\/","og_locale":"fr_FR","og_type":"article","og_title":"Nutlove, Chocolat Blanc et Arachide - 500g","og_description":"Wij hebben een ruime keuze aan producten van Nutlove, Chocolat Blanc et Arachide - 500g . Winkel bij Eco Supplements altijd gratis verzending boven 100\u20ac","og_url":"https:\/\/ecosupplements.be\/fr\/produit\/nutlove-chocolat-blanc-et-arachide-500g\/","og_site_name":"ECO Supplements","article_modified_time":"2025-08-27T13:02:35+00:00","og_image":[{"width":648,"height":648,"url":"https:\/\/ecosupplements.be\/wp-content\/uploads\/2025\/08\/Nutlove-White-Choco-Peanut-500g-1.jpg","type":"image\/jpeg"}],"twitter_card":"summary_large_image","twitter_misc":{"Prix":"8.78&nbsp;&euro;","Disponibilit\u00e9":"En stock"},"schema":{"@context":"https:\/\/schema.org","@graph":[{"@type":["WebPage","ItemPage"],"@id":"https:\/\/ecosupplements.be\/fr\/produit\/nutlove-chocolat-blanc-et-arachide-500g\/","url":"https:\/\/ecosupplements.be\/fr\/produit\/nutlove-chocolat-blanc-et-arachide-500g\/","name":"Nutlove, Chocolat Blanc et Arachide - 500g - ECO Supplements","isPartOf":{"@id":"https:\/\/ecosupplements.be\/fr\/#website"},"primaryImageOfPage":{"@id":"https:\/\/ecosupplements.be\/fr\/produit\/nutlove-chocolat-blanc-et-arachide-500g\/#primaryimage"},"image":{"@id":"https:\/\/ecosupplements.be\/fr\/produit\/nutlove-chocolat-blanc-et-arachide-500g\/#primaryimage"},"thumbnailUrl":"https:\/\/ecosupplements.be\/wp-content\/uploads\/2025\/08\/Nutlove-White-Choco-Peanut-500g.jpg","datePublished":"2024-03-06T22:56:43+00:00","dateModified":"2025-08-27T13:02:35+00:00","description":"Wij hebben een ruime keuze aan producten van Nutlove, Chocolat Blanc et Arachide - 500g . Winkel bij Eco Supplements altijd gratis verzending boven 100\u20ac","breadcrumb":{"@id":"https:\/\/ecosupplements.be\/fr\/produit\/nutlove-chocolat-blanc-et-arachide-500g\/#breadcrumb"},"inLanguage":"fr-FR","potentialAction":[{"@type":"ReadAction","target":["https:\/\/ecosupplements.be\/fr\/produit\/nutlove-chocolat-blanc-et-arachide-500g\/"]}]},{"@type":"ImageObject","inLanguage":"fr-FR","@id":"https:\/\/ecosupplements.be\/fr\/produit\/nutlove-chocolat-blanc-et-arachide-500g\/#primaryimage","url":"https:\/\/ecosupplements.be\/wp-content\/uploads\/2025\/08\/Nutlove-White-Choco-Peanut-500g.jpg","contentUrl":"https:\/\/ecosupplements.be\/wp-content\/uploads\/2025\/08\/Nutlove-White-Choco-Peanut-500g.jpg","width":648,"height":648},{"@type":"BreadcrumbList","@id":"https:\/\/ecosupplements.be\/fr\/produit\/nutlove-chocolat-blanc-et-arachide-500g\/#breadcrumb","itemListElement":[{"@type":"ListItem","position":1,"name":"Home","item":"https:\/\/ecosupplements.be\/fr\/"},{"@type":"ListItem","position":2,"name":"Boutique","item":"https:\/\/ecosupplements.be\/fr\/boutique\/"},{"@type":"ListItem","position":3,"name":"Nutlove, Chocolat Blanc et Arachide &#8211; 500g"}]},{"@type":"WebSite","@id":"https:\/\/ecosupplements.be\/fr\/#website","url":"https:\/\/ecosupplements.be\/fr\/","name":"ECO Supplements","description":"Eco Supplements - Gezonde supplementen","publisher":{"@id":"https:\/\/ecosupplements.be\/fr\/#organization"},"potentialAction":[{"@type":"SearchAction","target":{"@type":"EntryPoint","urlTemplate":"https:\/\/ecosupplements.be\/fr\/?s={search_term_string}"},"query-input":{"@type":"PropertyValueSpecification","valueRequired":true,"valueName":"search_term_string"}}],"inLanguage":"fr-FR"},{"@type":"Organization","@id":"https:\/\/ecosupplements.be\/fr\/#organization","name":"Eco Supplements","url":"https:\/\/ecosupplements.be\/fr\/","logo":{"@type":"ImageObject","inLanguage":"fr-FR","@id":"https:\/\/ecosupplements.be\/fr\/#\/schema\/logo\/image\/","url":"https:\/\/ecosupplements.be\/wp-content\/uploads\/2022\/06\/ecosupplement-family.png","contentUrl":"https:\/\/ecosupplements.be\/wp-content\/uploads\/2022\/06\/ecosupplement-family.png","width":593,"height":374,"caption":"Eco Supplements"},"image":{"@id":"https:\/\/ecosupplements.be\/fr\/#\/schema\/logo\/image\/"}}]},"product_brand":"Allnutrition","product_price_amount":"8.78","product_price_currency":"EUR","og_availability":"instock","product_availability":"instock","product_retailer_item_id":"5902837738406","product_condition":"new"},"_links":{"self":[{"href":"https:\/\/ecosupplements.be\/fr\/wp-json\/wp\/v2\/product\/286107","targetHints":{"allow":["GET"]}}],"collection":[{"href":"https:\/\/ecosupplements.be\/fr\/wp-json\/wp\/v2\/product"}],"about":[{"href":"https:\/\/ecosupplements.be\/fr\/wp-json\/wp\/v2\/types\/product"}],"replies":[{"embeddable":true,"href":"https:\/\/ecosupplements.be\/fr\/wp-json\/wp\/v2\/comments?post=286107"}],"wp:featuredmedia":[{"embeddable":true,"href":"https:\/\/ecosupplements.be\/fr\/wp-json\/wp\/v2\/media\/263264"}],"wp:attachment":[{"href":"https:\/\/ecosupplements.be\/fr\/wp-json\/wp\/v2\/media?parent=286107"}],"wp:term":[{"taxonomy":"product_brand","embeddable":true,"href":"https:\/\/ecosupplements.be\/fr\/wp-json\/wp\/v2\/product_brand?post=286107"},{"taxonomy":"product_cat","embeddable":true,"href":"https:\/\/ecosupplements.be\/fr\/wp-json\/wp\/v2\/product_cat?post=286107"},{"taxonomy":"product_tag","embeddable":true,"href":"https:\/\/ecosupplements.be\/fr\/wp-json\/wp\/v2\/product_tag?post=286107"}],"curies":[{"name":"wp","href":"https:\/\/api.w.org\/{rel}","templated":true}]}}