{"id":286113,"date":"2023-01-16T21:56:36","date_gmt":"2023-01-16T20:56:36","guid":{"rendered":"https:\/\/ecosupplements.be\/product\/ulesomega-3-90-capsules\/"},"modified":"2025-08-27T14:02:41","modified_gmt":"2025-08-27T13:02:41","slug":"ulesomega-3-90-capsules","status":"publish","type":"product","link":"https:\/\/ecosupplements.be\/fr\/produit\/ulesomega-3-90-capsules\/","title":{"rendered":"Ules\n\nOm\u00e9ga 3 &#8211; 90 capsules"},"content":{"rendered":"<h1> \u2064Omega 3 &#8211; 90 \u2062caps \u2064 <\/h1>\n<p>  Les capsules Omega 3 \u200bde la marque\u2062 Allnutrition sont un compl\u00e9ment alimentaire\u200c de haute qualit\u00e9, con\u00e7u\u2064 pour\u200c apporter \u00e0\u200c votre corps les acides gras essentiels dont il a besoin pour fonctionner correctement. Chaque capsule contient \u20631000 mg d&#8217;huile de poisson riche en om\u00e9ga 3, dont 180 mg d&#8217;EPA (acide eicosapenta\u00e9no\u00efque) et 120 mg \u2064de DHA (acide docosahexa\u00e9no\u00efque). Ces acides gras sont essentiels pour \u2063maintenir\u2064 une bonne sant\u00e9 et sont souvent absents de notre alimentation quotidienne. <\/p>\n<h2>  Ingr\u00e9dients <\/h2>\n<ul>\n<li>  Huile de poisson \u200d <\/li>\n<li>  \u2063G\u00e9latine <\/li>\n<li>  Glyc\u00e9rol <\/li>\n<li>  \u200bEau purifi\u00e9e <\/li>\n<li>  Vitamine E <\/li>\n<\/ul>\n<p>  Les capsules sont\u2064 fabriqu\u00e9es \u00e0\u200d partir\u200c d&#8217;huile de poisson de qualit\u00e9\u200c sup\u00e9rieure,\u2064 provenant de \u200csources durables et\u200b contr\u00f4l\u00e9es. Elles sont \u00e9galement enrichies en \u200cvitamine\u200c E, un\u2063 antioxydant naturel qui aide \u00e0\u200b prot\u00e9ger les\u200b acides gras de l&#8217;oxydation. Les capsules sont faciles \u00e0 avaler et ne laissent pas de\u2062 go\u00fbt d\u00e9sagr\u00e9able en bouche. <\/p>\n<h2>  Avantages uniques <\/h2>\n<ul>\n<li>  Apporte des acides gras \u2063essentiels om\u00e9ga 3 <\/li>\n<li>  \u200cContribue \u00e0 maintenir une bonne sant\u00e9 cardiovasculaire <\/li>\n<li>  \u2063 Favorise une bonne\u200d sant\u00e9 c\u00e9r\u00e9brale et cognitive <\/li>\n<li>  Renforce le syst\u00e8me immunitaire <\/li>\n<li>  Am\u00e9liore \u200bla sant\u00e9 des articulations et des os <\/li>\n<\/ul>\n<p>  Les acides gras\u200d om\u00e9ga \u20623 \u2062sont essentiels pour de nombreuses fonctions de notre corps, \u2064notamment pour \u200cla\u2062 sant\u00e9 cardiovasculaire, le fonctionnement du cerveau et du syst\u00e8me nerveux, ainsi que pour le \u200csyst\u00e8me immunitaire. Ils sont \u00e9galement \u2062b\u00e9n\u00e9fiques pour la sant\u00e9 des articulations et des \u200bos, en \u200caidant\u200b \u00e0 r\u00e9duire l&#8217;inflammation et \u00e0 maintenir une bonne densit\u00e9 osseuse. <\/p>\n<h2>  Conseils d&#8217;utilisation <\/h2>\n<p>  Prenez 1\u200c \u00e0 2 capsules par jour, \u2063de pr\u00e9f\u00e9rence pendant un repas. Ne\u200b pas d\u00e9passer la dose \u200crecommand\u00e9e. Ce compl\u00e9ment alimentaire ne doit\u2062 pas \u00eatre \u2064utilis\u00e9 comme substitut \u00e0 une alimentation \u2062vari\u00e9e et \u00e9quilibr\u00e9e. Tenir hors\u2063 de port\u00e9e des enfants. <\/p>\n<p>  Avec les capsules Omega 3 \u200cde Allnutrition, vous pouvez \u00eatre s\u00fbr de fournir \u00e0 votre corps les acides gras essentiels dont il a besoin pour fonctionner au mieux. N&#8217;attendez plus \u200cet ajoutez-les \u200cd\u00e8s aujourd&#8217;hui \u00e0 votre \u2063routine quotidienne pour \u200bune sant\u00e9 optimale ! <\/p>\n","protected":false},"excerpt":{"rendered":"<p>\u2064Omega 3 &#8211; 90 \u2062caps \u2064 Les capsules Omega 3 \u200bde la marque\u2062 Allnutrition sont un compl\u00e9ment alimentaire\u200c de haute qualit\u00e9, con\u00e7u\u2064 pour\u200c apporter \u00e0\u200c votre corps les acides gras essentiels dont il a besoin pour fonctionner correctement. Chaque capsule contient \u20631000 mg d&#8217;huile de poisson riche en om\u00e9ga 3, dont 180 mg d&#8217;EPA (acide [&#8230;]\n","protected":false},"featured_media":286114,"comment_status":"open","ping_status":"open","template":"","meta":[],"product_brand":[4634],"product_cat":[5052],"product_tag":[],"class_list":{"0":"post-286113","1":"product","2":"type-product","3":"status-publish","4":"has-post-thumbnail","6":"product_brand-allnutrition-2","7":"product_cat-sante-et-bien-etre","9":"first","10":"instock","11":"taxable","12":"shipping-taxable","13":"purchasable","14":"product-type-simple"},"yoast_head":"<!-- This site is optimized with the Yoast SEO Premium plugin v27.3 (Yoast SEO v27.3) - https:\/\/yoast.com\/product\/yoast-seo-premium-wordpress\/ -->\n<title>Ules Om\u00e9ga 3 - 90 capsules - ECO Supplements<\/title>\n<meta name=\"description\" content=\"Wij hebben een ruime keuze aan producten van Ules Om\u00e9ga 3 - 90 capsules . Winkel bij Eco Supplements altijd gratis verzending boven 100\u20ac\" \/>\n<meta name=\"robots\" content=\"index, follow, max-snippet:-1, max-image-preview:large, max-video-preview:-1\" \/>\n<link rel=\"canonical\" href=\"https:\/\/ecosupplements.be\/fr\/produit\/ulesomega-3-90-capsules\/\" \/>\n<meta property=\"og:locale\" content=\"fr_FR\" \/>\n<meta property=\"og:type\" content=\"article\" \/>\n<meta property=\"og:title\" content=\"Ules Om\u00e9ga 3 - 90 capsules\" \/>\n<meta property=\"og:description\" content=\"Wij hebben een ruime keuze aan producten van Ules Om\u00e9ga 3 - 90 capsules . Winkel bij Eco Supplements altijd gratis verzending boven 100\u20ac\" \/>\n<meta property=\"og:url\" content=\"https:\/\/ecosupplements.be\/fr\/produit\/ulesomega-3-90-capsules\/\" \/>\n<meta property=\"og:site_name\" content=\"ECO Supplements\" \/>\n<meta property=\"article:modified_time\" content=\"2025-08-27T13:02:41+00:00\" \/>\n<meta property=\"og:image\" content=\"https:\/\/ecosupplements.be\/wp-content\/uploads\/2025\/08\/Omega-3-90-caps-4.jpg\" \/>\n\t<meta property=\"og:image:width\" content=\"600\" \/>\n\t<meta property=\"og:image:height\" content=\"600\" \/>\n\t<meta property=\"og:image:type\" content=\"image\/jpeg\" \/>\n<meta name=\"twitter:card\" content=\"summary_large_image\" \/>\n<meta name=\"twitter:label1\" content=\"Prix\" \/>\n\t<meta name=\"twitter:data1\" content=\"6.96&nbsp;&euro;\" \/>\n\t<meta name=\"twitter:label2\" content=\"Disponibilit\u00e9\" \/>\n\t<meta name=\"twitter:data2\" content=\"En stock\" \/>\n<script type=\"application\/ld+json\" class=\"yoast-schema-graph\">{\"@context\":\"https:\\\/\\\/schema.org\",\"@graph\":[{\"@type\":[\"WebPage\",\"ItemPage\"],\"@id\":\"https:\\\/\\\/ecosupplements.be\\\/fr\\\/produit\\\/ulesomega-3-90-capsules\\\/\",\"url\":\"https:\\\/\\\/ecosupplements.be\\\/fr\\\/produit\\\/ulesomega-3-90-capsules\\\/\",\"name\":\"Ules Om\u00e9ga 3 - 90 capsules - ECO Supplements\",\"isPartOf\":{\"@id\":\"https:\\\/\\\/ecosupplements.be\\\/fr\\\/#website\"},\"primaryImageOfPage\":{\"@id\":\"https:\\\/\\\/ecosupplements.be\\\/fr\\\/produit\\\/ulesomega-3-90-capsules\\\/#primaryimage\"},\"image\":{\"@id\":\"https:\\\/\\\/ecosupplements.be\\\/fr\\\/produit\\\/ulesomega-3-90-capsules\\\/#primaryimage\"},\"thumbnailUrl\":\"https:\\\/\\\/ecosupplements.be\\\/wp-content\\\/uploads\\\/2025\\\/08\\\/Omega-3-90-caps-4.jpg\",\"datePublished\":\"2023-01-16T20:56:36+00:00\",\"dateModified\":\"2025-08-27T13:02:41+00:00\",\"description\":\"Wij hebben een ruime keuze aan producten van Ules Om\u00e9ga 3 - 90 capsules . Winkel bij Eco Supplements altijd gratis verzending boven 100\u20ac\",\"breadcrumb\":{\"@id\":\"https:\\\/\\\/ecosupplements.be\\\/fr\\\/produit\\\/ulesomega-3-90-capsules\\\/#breadcrumb\"},\"inLanguage\":\"fr-FR\",\"potentialAction\":[{\"@type\":\"ReadAction\",\"target\":[\"https:\\\/\\\/ecosupplements.be\\\/fr\\\/produit\\\/ulesomega-3-90-capsules\\\/\"]}]},{\"@type\":\"ImageObject\",\"inLanguage\":\"fr-FR\",\"@id\":\"https:\\\/\\\/ecosupplements.be\\\/fr\\\/produit\\\/ulesomega-3-90-capsules\\\/#primaryimage\",\"url\":\"https:\\\/\\\/ecosupplements.be\\\/wp-content\\\/uploads\\\/2025\\\/08\\\/Omega-3-90-caps-4.jpg\",\"contentUrl\":\"https:\\\/\\\/ecosupplements.be\\\/wp-content\\\/uploads\\\/2025\\\/08\\\/Omega-3-90-caps-4.jpg\",\"width\":600,\"height\":600},{\"@type\":\"BreadcrumbList\",\"@id\":\"https:\\\/\\\/ecosupplements.be\\\/fr\\\/produit\\\/ulesomega-3-90-capsules\\\/#breadcrumb\",\"itemListElement\":[{\"@type\":\"ListItem\",\"position\":1,\"name\":\"Home\",\"item\":\"https:\\\/\\\/ecosupplements.be\\\/fr\\\/\"},{\"@type\":\"ListItem\",\"position\":2,\"name\":\"Boutique\",\"item\":\"https:\\\/\\\/ecosupplements.be\\\/fr\\\/boutique\\\/\"},{\"@type\":\"ListItem\",\"position\":3,\"name\":\"Ules Om\u00e9ga 3 &#8211; 90 capsules\"}]},{\"@type\":\"WebSite\",\"@id\":\"https:\\\/\\\/ecosupplements.be\\\/fr\\\/#website\",\"url\":\"https:\\\/\\\/ecosupplements.be\\\/fr\\\/\",\"name\":\"ECO Supplements\",\"description\":\"Eco Supplements - Gezonde supplementen\",\"publisher\":{\"@id\":\"https:\\\/\\\/ecosupplements.be\\\/fr\\\/#organization\"},\"potentialAction\":[{\"@type\":\"SearchAction\",\"target\":{\"@type\":\"EntryPoint\",\"urlTemplate\":\"https:\\\/\\\/ecosupplements.be\\\/fr\\\/?s={search_term_string}\"},\"query-input\":{\"@type\":\"PropertyValueSpecification\",\"valueRequired\":true,\"valueName\":\"search_term_string\"}}],\"inLanguage\":\"fr-FR\"},{\"@type\":\"Organization\",\"@id\":\"https:\\\/\\\/ecosupplements.be\\\/fr\\\/#organization\",\"name\":\"Eco Supplements\",\"url\":\"https:\\\/\\\/ecosupplements.be\\\/fr\\\/\",\"logo\":{\"@type\":\"ImageObject\",\"inLanguage\":\"fr-FR\",\"@id\":\"https:\\\/\\\/ecosupplements.be\\\/fr\\\/#\\\/schema\\\/logo\\\/image\\\/\",\"url\":\"https:\\\/\\\/ecosupplements.be\\\/wp-content\\\/uploads\\\/2022\\\/06\\\/ecosupplement-family.png\",\"contentUrl\":\"https:\\\/\\\/ecosupplements.be\\\/wp-content\\\/uploads\\\/2022\\\/06\\\/ecosupplement-family.png\",\"width\":593,\"height\":374,\"caption\":\"Eco Supplements\"},\"image\":{\"@id\":\"https:\\\/\\\/ecosupplements.be\\\/fr\\\/#\\\/schema\\\/logo\\\/image\\\/\"}}]}<\/script>\n<meta property=\"product:brand\" content=\"Allnutrition\" \/>\n<meta property=\"product:price:amount\" content=\"6.96\" \/>\n<meta property=\"product:price:currency\" content=\"EUR\" \/>\n<meta property=\"og:availability\" content=\"instock\" \/>\n<meta property=\"product:availability\" content=\"instock\" \/>\n<meta property=\"product:retailer_item_id\" content=\"5902837718491\" \/>\n<meta property=\"product:condition\" content=\"new\" \/>\n<!-- \/ Yoast SEO Premium plugin. -->","yoast_head_json":{"title":"Ules Om\u00e9ga 3 - 90 capsules - ECO Supplements","description":"Wij hebben een ruime keuze aan producten van Ules Om\u00e9ga 3 - 90 capsules . Winkel bij Eco Supplements altijd gratis verzending boven 100\u20ac","robots":{"index":"index","follow":"follow","max-snippet":"max-snippet:-1","max-image-preview":"max-image-preview:large","max-video-preview":"max-video-preview:-1"},"canonical":"https:\/\/ecosupplements.be\/fr\/produit\/ulesomega-3-90-capsules\/","og_locale":"fr_FR","og_type":"article","og_title":"Ules Om\u00e9ga 3 - 90 capsules","og_description":"Wij hebben een ruime keuze aan producten van Ules Om\u00e9ga 3 - 90 capsules . Winkel bij Eco Supplements altijd gratis verzending boven 100\u20ac","og_url":"https:\/\/ecosupplements.be\/fr\/produit\/ulesomega-3-90-capsules\/","og_site_name":"ECO Supplements","article_modified_time":"2025-08-27T13:02:41+00:00","og_image":[{"width":600,"height":600,"url":"https:\/\/ecosupplements.be\/wp-content\/uploads\/2025\/08\/Omega-3-90-caps-4.jpg","type":"image\/jpeg"}],"twitter_card":"summary_large_image","twitter_misc":{"Prix":"6.96&nbsp;&euro;","Disponibilit\u00e9":"En stock"},"schema":{"@context":"https:\/\/schema.org","@graph":[{"@type":["WebPage","ItemPage"],"@id":"https:\/\/ecosupplements.be\/fr\/produit\/ulesomega-3-90-capsules\/","url":"https:\/\/ecosupplements.be\/fr\/produit\/ulesomega-3-90-capsules\/","name":"Ules Om\u00e9ga 3 - 90 capsules - ECO Supplements","isPartOf":{"@id":"https:\/\/ecosupplements.be\/fr\/#website"},"primaryImageOfPage":{"@id":"https:\/\/ecosupplements.be\/fr\/produit\/ulesomega-3-90-capsules\/#primaryimage"},"image":{"@id":"https:\/\/ecosupplements.be\/fr\/produit\/ulesomega-3-90-capsules\/#primaryimage"},"thumbnailUrl":"https:\/\/ecosupplements.be\/wp-content\/uploads\/2025\/08\/Omega-3-90-caps-4.jpg","datePublished":"2023-01-16T20:56:36+00:00","dateModified":"2025-08-27T13:02:41+00:00","description":"Wij hebben een ruime keuze aan producten van Ules Om\u00e9ga 3 - 90 capsules . Winkel bij Eco Supplements altijd gratis verzending boven 100\u20ac","breadcrumb":{"@id":"https:\/\/ecosupplements.be\/fr\/produit\/ulesomega-3-90-capsules\/#breadcrumb"},"inLanguage":"fr-FR","potentialAction":[{"@type":"ReadAction","target":["https:\/\/ecosupplements.be\/fr\/produit\/ulesomega-3-90-capsules\/"]}]},{"@type":"ImageObject","inLanguage":"fr-FR","@id":"https:\/\/ecosupplements.be\/fr\/produit\/ulesomega-3-90-capsules\/#primaryimage","url":"https:\/\/ecosupplements.be\/wp-content\/uploads\/2025\/08\/Omega-3-90-caps-4.jpg","contentUrl":"https:\/\/ecosupplements.be\/wp-content\/uploads\/2025\/08\/Omega-3-90-caps-4.jpg","width":600,"height":600},{"@type":"BreadcrumbList","@id":"https:\/\/ecosupplements.be\/fr\/produit\/ulesomega-3-90-capsules\/#breadcrumb","itemListElement":[{"@type":"ListItem","position":1,"name":"Home","item":"https:\/\/ecosupplements.be\/fr\/"},{"@type":"ListItem","position":2,"name":"Boutique","item":"https:\/\/ecosupplements.be\/fr\/boutique\/"},{"@type":"ListItem","position":3,"name":"Ules Om\u00e9ga 3 &#8211; 90 capsules"}]},{"@type":"WebSite","@id":"https:\/\/ecosupplements.be\/fr\/#website","url":"https:\/\/ecosupplements.be\/fr\/","name":"ECO Supplements","description":"Eco Supplements - Gezonde supplementen","publisher":{"@id":"https:\/\/ecosupplements.be\/fr\/#organization"},"potentialAction":[{"@type":"SearchAction","target":{"@type":"EntryPoint","urlTemplate":"https:\/\/ecosupplements.be\/fr\/?s={search_term_string}"},"query-input":{"@type":"PropertyValueSpecification","valueRequired":true,"valueName":"search_term_string"}}],"inLanguage":"fr-FR"},{"@type":"Organization","@id":"https:\/\/ecosupplements.be\/fr\/#organization","name":"Eco Supplements","url":"https:\/\/ecosupplements.be\/fr\/","logo":{"@type":"ImageObject","inLanguage":"fr-FR","@id":"https:\/\/ecosupplements.be\/fr\/#\/schema\/logo\/image\/","url":"https:\/\/ecosupplements.be\/wp-content\/uploads\/2022\/06\/ecosupplement-family.png","contentUrl":"https:\/\/ecosupplements.be\/wp-content\/uploads\/2022\/06\/ecosupplement-family.png","width":593,"height":374,"caption":"Eco Supplements"},"image":{"@id":"https:\/\/ecosupplements.be\/fr\/#\/schema\/logo\/image\/"}}]},"product_brand":"Allnutrition","product_price_amount":"6.96","product_price_currency":"EUR","og_availability":"instock","product_availability":"instock","product_retailer_item_id":"5902837718491","product_condition":"new"},"_links":{"self":[{"href":"https:\/\/ecosupplements.be\/fr\/wp-json\/wp\/v2\/product\/286113","targetHints":{"allow":["GET"]}}],"collection":[{"href":"https:\/\/ecosupplements.be\/fr\/wp-json\/wp\/v2\/product"}],"about":[{"href":"https:\/\/ecosupplements.be\/fr\/wp-json\/wp\/v2\/types\/product"}],"replies":[{"embeddable":true,"href":"https:\/\/ecosupplements.be\/fr\/wp-json\/wp\/v2\/comments?post=286113"}],"wp:featuredmedia":[{"embeddable":true,"href":"https:\/\/ecosupplements.be\/fr\/wp-json\/wp\/v2\/media\/286114"}],"wp:attachment":[{"href":"https:\/\/ecosupplements.be\/fr\/wp-json\/wp\/v2\/media?parent=286113"}],"wp:term":[{"taxonomy":"product_brand","embeddable":true,"href":"https:\/\/ecosupplements.be\/fr\/wp-json\/wp\/v2\/product_brand?post=286113"},{"taxonomy":"product_cat","embeddable":true,"href":"https:\/\/ecosupplements.be\/fr\/wp-json\/wp\/v2\/product_cat?post=286113"},{"taxonomy":"product_tag","embeddable":true,"href":"https:\/\/ecosupplements.be\/fr\/wp-json\/wp\/v2\/product_tag?post=286113"}],"curies":[{"name":"wp","href":"https:\/\/api.w.org\/{rel}","templated":true}]}}