{"id":286119,"date":"2024-03-06T23:57:18","date_gmt":"2024-03-06T22:57:18","guid":{"rendered":"https:\/\/ecosupplements.be\/product\/poudre-de-cacahuete-chocolat-200g\/"},"modified":"2025-08-27T14:02:50","modified_gmt":"2025-08-27T13:02:50","slug":"poudre-de-cacahuete-chocolat-200g","status":"publish","type":"product","link":"https:\/\/ecosupplements.be\/fr\/produit\/poudre-de-cacahuete-chocolat-200g\/","title":{"rendered":"Poudre de cacahu\u00e8te, chocolat &#8211; 200g"},"content":{"rendered":"<h1>Peanut Powder, Chocolate &#8211; 200g<\/h1>\n<p>D\u00e9couvrez le d\u00e9licieux Peanut \u200dPowder, Chocolate de la marque Allnutrition. Ce produit est \u200bun m\u00e9lange de poudre de cacahu\u00e8te et de cacao, id\u00e9al pour les amateurs de beurre de cacahu\u00e8te et de chocolat.<\/p>\n<h2>Caract\u00e9ristiques sp\u00e9ciales<\/h2>\n<ul>\n<li>M\u00e9lange de\u200b poudre de cacahu\u00e8te et de cacao<\/li>\n<li>200g de produit<\/li>\n<li>Id\u00e9al pour les amateurs \u200bde beurre de cacahu\u00e8te et de chocolat<\/li>\n<li>Facile \u00e0 utiliser et \u00e0 \u200cm\u00e9langer<\/li>\n<li>Convient aux v\u00e9g\u00e9tariens\u2063 et aux v\u00e9g\u00e9taliens<\/li>\n<\/ul>\n<h2>Ingr\u00e9dients<\/h2>\n<p>Ce Peanut Powder,\u2064 Chocolate est compos\u00e9 d&#8217;ingr\u00e9dients de qualit\u00e9 sup\u00e9rieure, soigneusement s\u00e9lectionn\u00e9s pour\u200b offrir un produit savoureux et sain. Les ingr\u00e9dients principaux sont :<\/p>\n<ul>\n<li>Poudre de cacahu\u00e8te<\/li>\n<li>Cacao en poudre<\/li>\n<li>\u00c9dulcorant naturel<\/li>\n<li>Ar\u00f4mes\u2064 naturels<\/li>\n<\/ul>\n<h2>Avantages uniques<\/h2>\n<p>Ce Peanut Powder, Chocolate est une alternative saine et \u200cd\u00e9licieuse au\u200b beurre de cacahu\u00e8te\u200b traditionnel. Il\u200c est riche en prot\u00e9ines et en fibres, ce qui en fait un excellent choix pour les personnes \u200dactives et soucieuses de \u2062leur sant\u00e9. De plus, il est sans \u2064sucre ajout\u00e9 \u200bet\u2062 convient aux r\u00e9gimes\u200d v\u00e9g\u00e9tariens et v\u00e9g\u00e9taliens.<\/p>\n<h2>Principales caract\u00e9ristiques<\/h2>\n<ul>\n<li>M\u00e9lange de poudre de cacahu\u00e8te\u2064 et de cacao<\/li>\n<li>200g de produit<\/li>\n<li>Riche en prot\u00e9ines et en fibres<\/li>\n<li>Sans sucre ajout\u00e9<\/li>\n<li>Convient aux v\u00e9g\u00e9tariens et aux\u2062 v\u00e9g\u00e9taliens<\/li>\n<\/ul>\n<p>Offrez-vous une d\u00e9licieuse \u200bet saine collation avec le Peanut Powder, \u2064Chocolate\u2062 de\u200b Allnutrition. Ajoutez-le\u200d \u00e0 vos \u2063smoothies, yaourts,\u2064 cr\u00eapes ou tout simplement \u00e0 de l&#8217;eau \u200dpour un en-cas rapide et savoureux. Commandez d\u00e8s maintenant et profitez de cette d\u00e9licieuse combinaison de cacahu\u00e8te et \u200cde chocolat !<\/p>\n","protected":false},"excerpt":{"rendered":"<p>Peanut Powder, Chocolate &#8211; 200g D\u00e9couvrez le d\u00e9licieux Peanut \u200dPowder, Chocolate de la marque Allnutrition. Ce produit est \u200bun m\u00e9lange de poudre de cacahu\u00e8te et de cacao, id\u00e9al pour les amateurs de beurre de cacahu\u00e8te et de chocolat. Caract\u00e9ristiques sp\u00e9ciales M\u00e9lange de\u200b poudre de cacahu\u00e8te et de cacao 200g de produit Id\u00e9al pour les amateurs [&#8230;]\n","protected":false},"featured_media":263267,"comment_status":"open","ping_status":"open","template":"","meta":[],"product_brand":[4634],"product_cat":[5163,5054,5052],"product_tag":[],"class_list":{"0":"post-286119","1":"product","2":"type-product","3":"status-publish","4":"has-post-thumbnail","6":"product_brand-allnutrition-2","7":"product_cat-beurres-de-noix","8":"product_cat-nourriture-saine","9":"product_cat-sante-et-bien-etre","11":"first","12":"outofstock","13":"taxable","14":"shipping-taxable","15":"purchasable","16":"product-type-simple"},"yoast_head":"<!-- This site is optimized with the Yoast SEO Premium plugin v27.3 (Yoast SEO v27.3) - https:\/\/yoast.com\/product\/yoast-seo-premium-wordpress\/ -->\n<title>Poudre de cacahu\u00e8te, chocolat - 200g - ECO Supplements<\/title>\n<meta name=\"description\" content=\"Wij hebben een ruime keuze aan producten van Poudre de cacahu\u00e8te, chocolat - 200g . Winkel bij Eco Supplements altijd gratis verzending boven 100\u20ac\" \/>\n<meta name=\"robots\" content=\"index, follow, max-snippet:-1, max-image-preview:large, max-video-preview:-1\" \/>\n<link rel=\"canonical\" href=\"https:\/\/ecosupplements.be\/fr\/produit\/poudre-de-cacahuete-chocolat-200g\/\" \/>\n<meta property=\"og:locale\" content=\"fr_FR\" \/>\n<meta property=\"og:type\" content=\"article\" \/>\n<meta property=\"og:title\" content=\"Poudre de cacahu\u00e8te, chocolat - 200g\" \/>\n<meta property=\"og:description\" content=\"Wij hebben een ruime keuze aan producten van Poudre de cacahu\u00e8te, chocolat - 200g . Winkel bij Eco Supplements altijd gratis verzending boven 100\u20ac\" \/>\n<meta property=\"og:url\" content=\"https:\/\/ecosupplements.be\/fr\/produit\/poudre-de-cacahuete-chocolat-200g\/\" \/>\n<meta property=\"og:site_name\" content=\"ECO Supplements\" \/>\n<meta property=\"article:modified_time\" content=\"2025-08-27T13:02:50+00:00\" \/>\n<meta property=\"og:image\" content=\"https:\/\/ecosupplements.be\/wp-content\/uploads\/2025\/08\/Peanut-Powder-Chocolate-200g-1.jpg\" \/>\n\t<meta property=\"og:image:width\" content=\"588\" \/>\n\t<meta property=\"og:image:height\" content=\"588\" \/>\n\t<meta property=\"og:image:type\" content=\"image\/jpeg\" \/>\n<meta name=\"twitter:card\" content=\"summary_large_image\" \/>\n<meta name=\"twitter:label1\" content=\"Prix\" \/>\n\t<meta name=\"twitter:data1\" content=\"4.51&nbsp;&euro;\" \/>\n\t<meta name=\"twitter:label2\" content=\"Disponibilit\u00e9\" \/>\n\t<meta name=\"twitter:data2\" content=\"Rupture de stock\" \/>\n<script type=\"application\/ld+json\" class=\"yoast-schema-graph\">{\"@context\":\"https:\\\/\\\/schema.org\",\"@graph\":[{\"@type\":[\"WebPage\",\"ItemPage\"],\"@id\":\"https:\\\/\\\/ecosupplements.be\\\/fr\\\/produit\\\/poudre-de-cacahuete-chocolat-200g\\\/\",\"url\":\"https:\\\/\\\/ecosupplements.be\\\/fr\\\/produit\\\/poudre-de-cacahuete-chocolat-200g\\\/\",\"name\":\"Poudre de cacahu\u00e8te, chocolat - 200g - ECO Supplements\",\"isPartOf\":{\"@id\":\"https:\\\/\\\/ecosupplements.be\\\/fr\\\/#website\"},\"primaryImageOfPage\":{\"@id\":\"https:\\\/\\\/ecosupplements.be\\\/fr\\\/produit\\\/poudre-de-cacahuete-chocolat-200g\\\/#primaryimage\"},\"image\":{\"@id\":\"https:\\\/\\\/ecosupplements.be\\\/fr\\\/produit\\\/poudre-de-cacahuete-chocolat-200g\\\/#primaryimage\"},\"thumbnailUrl\":\"https:\\\/\\\/ecosupplements.be\\\/wp-content\\\/uploads\\\/2025\\\/08\\\/Peanut-Powder-Chocolate-200g.jpg\",\"datePublished\":\"2024-03-06T22:57:18+00:00\",\"dateModified\":\"2025-08-27T13:02:50+00:00\",\"description\":\"Wij hebben een ruime keuze aan producten van Poudre de cacahu\u00e8te, chocolat - 200g . Winkel bij Eco Supplements altijd gratis verzending boven 100\u20ac\",\"breadcrumb\":{\"@id\":\"https:\\\/\\\/ecosupplements.be\\\/fr\\\/produit\\\/poudre-de-cacahuete-chocolat-200g\\\/#breadcrumb\"},\"inLanguage\":\"fr-FR\",\"potentialAction\":[{\"@type\":\"ReadAction\",\"target\":[\"https:\\\/\\\/ecosupplements.be\\\/fr\\\/produit\\\/poudre-de-cacahuete-chocolat-200g\\\/\"]}]},{\"@type\":\"ImageObject\",\"inLanguage\":\"fr-FR\",\"@id\":\"https:\\\/\\\/ecosupplements.be\\\/fr\\\/produit\\\/poudre-de-cacahuete-chocolat-200g\\\/#primaryimage\",\"url\":\"https:\\\/\\\/ecosupplements.be\\\/wp-content\\\/uploads\\\/2025\\\/08\\\/Peanut-Powder-Chocolate-200g.jpg\",\"contentUrl\":\"https:\\\/\\\/ecosupplements.be\\\/wp-content\\\/uploads\\\/2025\\\/08\\\/Peanut-Powder-Chocolate-200g.jpg\",\"width\":588,\"height\":588},{\"@type\":\"BreadcrumbList\",\"@id\":\"https:\\\/\\\/ecosupplements.be\\\/fr\\\/produit\\\/poudre-de-cacahuete-chocolat-200g\\\/#breadcrumb\",\"itemListElement\":[{\"@type\":\"ListItem\",\"position\":1,\"name\":\"Home\",\"item\":\"https:\\\/\\\/ecosupplements.be\\\/fr\\\/\"},{\"@type\":\"ListItem\",\"position\":2,\"name\":\"Boutique\",\"item\":\"https:\\\/\\\/ecosupplements.be\\\/fr\\\/boutique\\\/\"},{\"@type\":\"ListItem\",\"position\":3,\"name\":\"Poudre de cacahu\u00e8te, chocolat &#8211; 200g\"}]},{\"@type\":\"WebSite\",\"@id\":\"https:\\\/\\\/ecosupplements.be\\\/fr\\\/#website\",\"url\":\"https:\\\/\\\/ecosupplements.be\\\/fr\\\/\",\"name\":\"ECO Supplements\",\"description\":\"Eco Supplements - Gezonde supplementen\",\"publisher\":{\"@id\":\"https:\\\/\\\/ecosupplements.be\\\/fr\\\/#organization\"},\"potentialAction\":[{\"@type\":\"SearchAction\",\"target\":{\"@type\":\"EntryPoint\",\"urlTemplate\":\"https:\\\/\\\/ecosupplements.be\\\/fr\\\/?s={search_term_string}\"},\"query-input\":{\"@type\":\"PropertyValueSpecification\",\"valueRequired\":true,\"valueName\":\"search_term_string\"}}],\"inLanguage\":\"fr-FR\"},{\"@type\":\"Organization\",\"@id\":\"https:\\\/\\\/ecosupplements.be\\\/fr\\\/#organization\",\"name\":\"Eco Supplements\",\"url\":\"https:\\\/\\\/ecosupplements.be\\\/fr\\\/\",\"logo\":{\"@type\":\"ImageObject\",\"inLanguage\":\"fr-FR\",\"@id\":\"https:\\\/\\\/ecosupplements.be\\\/fr\\\/#\\\/schema\\\/logo\\\/image\\\/\",\"url\":\"https:\\\/\\\/ecosupplements.be\\\/wp-content\\\/uploads\\\/2022\\\/06\\\/ecosupplement-family.png\",\"contentUrl\":\"https:\\\/\\\/ecosupplements.be\\\/wp-content\\\/uploads\\\/2022\\\/06\\\/ecosupplement-family.png\",\"width\":593,\"height\":374,\"caption\":\"Eco Supplements\"},\"image\":{\"@id\":\"https:\\\/\\\/ecosupplements.be\\\/fr\\\/#\\\/schema\\\/logo\\\/image\\\/\"}}]}<\/script>\n<meta property=\"product:brand\" content=\"Allnutrition\" \/>\n<meta property=\"product:price:amount\" content=\"4.51\" \/>\n<meta property=\"product:price:currency\" content=\"EUR\" \/>\n<meta property=\"og:availability\" content=\"out of stock\" \/>\n<meta property=\"product:availability\" content=\"out of stock\" \/>\n<meta property=\"product:retailer_item_id\" content=\"5902837737355\" \/>\n<meta property=\"product:condition\" content=\"new\" \/>\n<!-- \/ Yoast SEO Premium plugin. -->","yoast_head_json":{"title":"Poudre de cacahu\u00e8te, chocolat - 200g - ECO Supplements","description":"Wij hebben een ruime keuze aan producten van Poudre de cacahu\u00e8te, chocolat - 200g . Winkel bij Eco Supplements altijd gratis verzending boven 100\u20ac","robots":{"index":"index","follow":"follow","max-snippet":"max-snippet:-1","max-image-preview":"max-image-preview:large","max-video-preview":"max-video-preview:-1"},"canonical":"https:\/\/ecosupplements.be\/fr\/produit\/poudre-de-cacahuete-chocolat-200g\/","og_locale":"fr_FR","og_type":"article","og_title":"Poudre de cacahu\u00e8te, chocolat - 200g","og_description":"Wij hebben een ruime keuze aan producten van Poudre de cacahu\u00e8te, chocolat - 200g . Winkel bij Eco Supplements altijd gratis verzending boven 100\u20ac","og_url":"https:\/\/ecosupplements.be\/fr\/produit\/poudre-de-cacahuete-chocolat-200g\/","og_site_name":"ECO Supplements","article_modified_time":"2025-08-27T13:02:50+00:00","og_image":[{"width":588,"height":588,"url":"https:\/\/ecosupplements.be\/wp-content\/uploads\/2025\/08\/Peanut-Powder-Chocolate-200g-1.jpg","type":"image\/jpeg"}],"twitter_card":"summary_large_image","twitter_misc":{"Prix":"4.51&nbsp;&euro;","Disponibilit\u00e9":"Rupture de stock"},"schema":{"@context":"https:\/\/schema.org","@graph":[{"@type":["WebPage","ItemPage"],"@id":"https:\/\/ecosupplements.be\/fr\/produit\/poudre-de-cacahuete-chocolat-200g\/","url":"https:\/\/ecosupplements.be\/fr\/produit\/poudre-de-cacahuete-chocolat-200g\/","name":"Poudre de cacahu\u00e8te, chocolat - 200g - ECO Supplements","isPartOf":{"@id":"https:\/\/ecosupplements.be\/fr\/#website"},"primaryImageOfPage":{"@id":"https:\/\/ecosupplements.be\/fr\/produit\/poudre-de-cacahuete-chocolat-200g\/#primaryimage"},"image":{"@id":"https:\/\/ecosupplements.be\/fr\/produit\/poudre-de-cacahuete-chocolat-200g\/#primaryimage"},"thumbnailUrl":"https:\/\/ecosupplements.be\/wp-content\/uploads\/2025\/08\/Peanut-Powder-Chocolate-200g.jpg","datePublished":"2024-03-06T22:57:18+00:00","dateModified":"2025-08-27T13:02:50+00:00","description":"Wij hebben een ruime keuze aan producten van Poudre de cacahu\u00e8te, chocolat - 200g . Winkel bij Eco Supplements altijd gratis verzending boven 100\u20ac","breadcrumb":{"@id":"https:\/\/ecosupplements.be\/fr\/produit\/poudre-de-cacahuete-chocolat-200g\/#breadcrumb"},"inLanguage":"fr-FR","potentialAction":[{"@type":"ReadAction","target":["https:\/\/ecosupplements.be\/fr\/produit\/poudre-de-cacahuete-chocolat-200g\/"]}]},{"@type":"ImageObject","inLanguage":"fr-FR","@id":"https:\/\/ecosupplements.be\/fr\/produit\/poudre-de-cacahuete-chocolat-200g\/#primaryimage","url":"https:\/\/ecosupplements.be\/wp-content\/uploads\/2025\/08\/Peanut-Powder-Chocolate-200g.jpg","contentUrl":"https:\/\/ecosupplements.be\/wp-content\/uploads\/2025\/08\/Peanut-Powder-Chocolate-200g.jpg","width":588,"height":588},{"@type":"BreadcrumbList","@id":"https:\/\/ecosupplements.be\/fr\/produit\/poudre-de-cacahuete-chocolat-200g\/#breadcrumb","itemListElement":[{"@type":"ListItem","position":1,"name":"Home","item":"https:\/\/ecosupplements.be\/fr\/"},{"@type":"ListItem","position":2,"name":"Boutique","item":"https:\/\/ecosupplements.be\/fr\/boutique\/"},{"@type":"ListItem","position":3,"name":"Poudre de cacahu\u00e8te, chocolat &#8211; 200g"}]},{"@type":"WebSite","@id":"https:\/\/ecosupplements.be\/fr\/#website","url":"https:\/\/ecosupplements.be\/fr\/","name":"ECO Supplements","description":"Eco Supplements - Gezonde supplementen","publisher":{"@id":"https:\/\/ecosupplements.be\/fr\/#organization"},"potentialAction":[{"@type":"SearchAction","target":{"@type":"EntryPoint","urlTemplate":"https:\/\/ecosupplements.be\/fr\/?s={search_term_string}"},"query-input":{"@type":"PropertyValueSpecification","valueRequired":true,"valueName":"search_term_string"}}],"inLanguage":"fr-FR"},{"@type":"Organization","@id":"https:\/\/ecosupplements.be\/fr\/#organization","name":"Eco Supplements","url":"https:\/\/ecosupplements.be\/fr\/","logo":{"@type":"ImageObject","inLanguage":"fr-FR","@id":"https:\/\/ecosupplements.be\/fr\/#\/schema\/logo\/image\/","url":"https:\/\/ecosupplements.be\/wp-content\/uploads\/2022\/06\/ecosupplement-family.png","contentUrl":"https:\/\/ecosupplements.be\/wp-content\/uploads\/2022\/06\/ecosupplement-family.png","width":593,"height":374,"caption":"Eco Supplements"},"image":{"@id":"https:\/\/ecosupplements.be\/fr\/#\/schema\/logo\/image\/"}}]},"product_brand":"Allnutrition","product_price_amount":"4.51","product_price_currency":"EUR","og_availability":"out of stock","product_availability":"out of stock","product_retailer_item_id":"5902837737355","product_condition":"new"},"_links":{"self":[{"href":"https:\/\/ecosupplements.be\/fr\/wp-json\/wp\/v2\/product\/286119","targetHints":{"allow":["GET"]}}],"collection":[{"href":"https:\/\/ecosupplements.be\/fr\/wp-json\/wp\/v2\/product"}],"about":[{"href":"https:\/\/ecosupplements.be\/fr\/wp-json\/wp\/v2\/types\/product"}],"replies":[{"embeddable":true,"href":"https:\/\/ecosupplements.be\/fr\/wp-json\/wp\/v2\/comments?post=286119"}],"wp:featuredmedia":[{"embeddable":true,"href":"https:\/\/ecosupplements.be\/fr\/wp-json\/wp\/v2\/media\/263267"}],"wp:attachment":[{"href":"https:\/\/ecosupplements.be\/fr\/wp-json\/wp\/v2\/media?parent=286119"}],"wp:term":[{"taxonomy":"product_brand","embeddable":true,"href":"https:\/\/ecosupplements.be\/fr\/wp-json\/wp\/v2\/product_brand?post=286119"},{"taxonomy":"product_cat","embeddable":true,"href":"https:\/\/ecosupplements.be\/fr\/wp-json\/wp\/v2\/product_cat?post=286119"},{"taxonomy":"product_tag","embeddable":true,"href":"https:\/\/ecosupplements.be\/fr\/wp-json\/wp\/v2\/product_tag?post=286119"}],"curies":[{"name":"wp","href":"https:\/\/api.w.org\/{rel}","templated":true}]}}