{"id":286176,"date":"2024-03-07T00:03:29","date_gmt":"2024-03-06T23:03:29","guid":{"rendered":"https:\/\/ecosupplements.be\/product\/proteine-de-pois-vegetal-chocolat-500g\/"},"modified":"2025-08-27T14:03:43","modified_gmt":"2025-08-27T13:03:43","slug":"proteine-de-pois-vegetal-chocolat-500g","status":"publish","type":"product","link":"https:\/\/ecosupplements.be\/fr\/produit\/proteine-de-pois-vegetal-chocolat-500g\/","title":{"rendered":"Prot\u00e9ine de pois v\u00e9g\u00e9tal, chocolat &#8211; 500g"},"content":{"rendered":"<h1>Vegan Pea\u2062 Protein, Chocolate &#8211; 500g<\/h1>\n<p>Le Vegan Pea Protein de la marque \u2062Allnutrition est une poudre \u2063de prot\u00e9ines \u200dv\u00e9g\u00e9tales de \u2064haute qualit\u00e9, id\u00e9ale pour les personnes suivant \u2062un r\u00e9gime v\u00e9g\u00e9tarien \u200dou v\u00e9g\u00e9talien. Cette\u200d poudre \u2062est\u200b sp\u00e9cialement con\u00e7ue\u2062 pour r\u00e9pondre aux\u2063 besoins nutritionnels des sportifs et \u200bdes personnes actives, en leur\u200d fournissant une source de prot\u00e9ines compl\u00e8te et facilement digestible.<\/p>\n<h2>Caract\u00e9ristiques sp\u00e9ciales<\/h2>\n<ul>\n<li>Contient\u2064 80% de prot\u00e9ines de pois<\/li>\n<li>Saveur d\u00e9licieuse\u200c de chocolat<\/li>\n<li>Convient\u200d aux r\u00e9gimes \u2063v\u00e9g\u00e9tariens \u2064et v\u00e9g\u00e9taliens<\/li>\n<li>Facilement digestible<\/li>\n<li>Ne contient pas de lactose ni \u200cde gluten<\/li>\n<\/ul>\n<h2>Ingr\u00e9dients<\/h2>\n<p>Isolat de prot\u00e9ines de \u200bpois, cacao en \u200cpoudre, ar\u00f4mes naturels, \u200d\u00e9dulcorant (glycosides de st\u00e9viol).<\/p>\n<h2>Avantages\u2062 uniques<\/h2>\n<p>Le Vegan Pea Protein est \u200cune\u200c source de prot\u00e9ines compl\u00e8te,\u2064 contenant tous les acides amin\u00e9s essentiels\u200b n\u00e9cessaires \u00e0 la construction et \u00e0 la r\u00e9paration des tissus musculaires. De plus, \u200bcette\u200d poudre\u200d est facilement digestible, ce qui\u2063 la rend id\u00e9ale pour les personnes ayant des\u2064 sensibilit\u00e9s alimentaires ou des probl\u00e8mes digestifs. \u2062Enfin, elle est \u00e9galement exempte de lactose\u2063 et de gluten, \u200dce \u200bqui en fait un choix \u200bparfait \u2063pour \u2063les personnes suivant un r\u00e9gime sans ces ingr\u00e9dients.<\/p>\n<h2>Principales caract\u00e9ristiques<\/h2>\n<ul>\n<li>500g de poudre\u200c de\u2062 prot\u00e9ines\u200b v\u00e9g\u00e9tales<\/li>\n<li>80% de prot\u00e9ines de pois<\/li>\n<li>Saveur de\u2062 chocolat d\u00e9licieuse<\/li>\n<li>Convient aux r\u00e9gimes v\u00e9g\u00e9tariens et v\u00e9g\u00e9taliens<\/li>\n<li>Facilement digestible<\/li>\n<li>Sans lactose ni gluten<\/li>\n<\/ul>\n<p>Ajoutez le Vegan \u2062Pea Protein de Allnutrition \u2063\u00e0 \u200cvotre alimentation pour augmenter votre apport en prot\u00e9ines et soutenir vos objectifs\u2062 de remise en forme et de sant\u00e9.\u2064 Que vous soyez un athl\u00e8te, un v\u00e9g\u00e9tarien ou simplement \u2064\u00e0 \u200cla \u2062recherche\u200d d&#8217;une alternative\u2062 saine \u200baux prot\u00e9ines animales, cette poudre de\u200c prot\u00e9ines v\u00e9g\u00e9tales est un excellent choix \u200bpour vous \u200caider \u00e0 atteindre vos objectifs\u200c nutritionnels.<\/p>\n","protected":false},"excerpt":{"rendered":"<p>Vegan Pea\u2062 Protein, Chocolate &#8211; 500g Le Vegan Pea Protein de la marque \u2062Allnutrition est une poudre \u2063de prot\u00e9ines \u200dv\u00e9g\u00e9tales de \u2064haute qualit\u00e9, id\u00e9ale pour les personnes suivant \u2062un r\u00e9gime v\u00e9g\u00e9tarien \u200dou v\u00e9g\u00e9talien. Cette\u200d poudre \u2062est\u200b sp\u00e9cialement con\u00e7ue\u2062 pour r\u00e9pondre aux\u2063 besoins nutritionnels des sportifs et \u200bdes personnes actives, en leur\u200d fournissant une source de [&#8230;]\n","protected":false},"featured_media":263291,"comment_status":"open","ping_status":"open","template":"","meta":[],"product_brand":[4634],"product_cat":[5054,5055,5056,5052],"product_tag":[],"class_list":{"0":"post-286176","1":"product","2":"type-product","3":"status-publish","4":"has-post-thumbnail","6":"product_brand-allnutrition-2","7":"product_cat-nourriture-saine","8":"product_cat-produits-vegetaliens","9":"product_cat-proteine","10":"product_cat-sante-et-bien-etre","12":"first","13":"instock","14":"sale","15":"taxable","16":"shipping-taxable","17":"purchasable","18":"product-type-simple"},"yoast_head":"<!-- This site is optimized with the Yoast SEO Premium plugin v27.3 (Yoast SEO v27.3) - https:\/\/yoast.com\/product\/yoast-seo-premium-wordpress\/ -->\n<title>Prot\u00e9ine de pois v\u00e9g\u00e9tal, chocolat - 500g - ECO Supplements<\/title>\n<meta name=\"description\" content=\"Wij hebben een ruime keuze aan producten van Prot\u00e9ine de pois v\u00e9g\u00e9tal, chocolat - 500g . Winkel bij Eco Supplements altijd gratis verzending boven 100\u20ac\" \/>\n<meta name=\"robots\" content=\"index, follow, max-snippet:-1, max-image-preview:large, max-video-preview:-1\" \/>\n<link rel=\"canonical\" href=\"https:\/\/ecosupplements.be\/fr\/produit\/proteine-de-pois-vegetal-chocolat-500g\/\" \/>\n<meta property=\"og:locale\" content=\"fr_FR\" \/>\n<meta property=\"og:type\" content=\"article\" \/>\n<meta property=\"og:title\" content=\"Prot\u00e9ine de pois v\u00e9g\u00e9tal, chocolat - 500g\" \/>\n<meta property=\"og:description\" content=\"Wij hebben een ruime keuze aan producten van Prot\u00e9ine de pois v\u00e9g\u00e9tal, chocolat - 500g . Winkel bij Eco Supplements altijd gratis verzending boven 100\u20ac\" \/>\n<meta property=\"og:url\" content=\"https:\/\/ecosupplements.be\/fr\/produit\/proteine-de-pois-vegetal-chocolat-500g\/\" \/>\n<meta property=\"og:site_name\" content=\"ECO Supplements\" \/>\n<meta property=\"article:modified_time\" content=\"2025-08-27T13:03:43+00:00\" \/>\n<meta property=\"og:image\" content=\"https:\/\/ecosupplements.be\/wp-content\/uploads\/2025\/08\/Vegan-Pea-Protein-Chocolate-500g-1.jpg\" \/>\n\t<meta property=\"og:image:width\" content=\"600\" \/>\n\t<meta property=\"og:image:height\" content=\"600\" \/>\n\t<meta property=\"og:image:type\" content=\"image\/jpeg\" \/>\n<meta name=\"twitter:card\" content=\"summary_large_image\" \/>\n<meta name=\"twitter:label1\" content=\"Prix\" \/>\n\t<meta name=\"twitter:data1\" content=\"13.09&nbsp;&euro;\" \/>\n\t<meta name=\"twitter:label2\" content=\"Disponibilit\u00e9\" \/>\n\t<meta name=\"twitter:data2\" content=\"En stock\" \/>\n<script type=\"application\/ld+json\" class=\"yoast-schema-graph\">{\"@context\":\"https:\\\/\\\/schema.org\",\"@graph\":[{\"@type\":[\"WebPage\",\"ItemPage\"],\"@id\":\"https:\\\/\\\/ecosupplements.be\\\/fr\\\/produit\\\/proteine-de-pois-vegetal-chocolat-500g\\\/\",\"url\":\"https:\\\/\\\/ecosupplements.be\\\/fr\\\/produit\\\/proteine-de-pois-vegetal-chocolat-500g\\\/\",\"name\":\"Prot\u00e9ine de pois v\u00e9g\u00e9tal, chocolat - 500g - ECO Supplements\",\"isPartOf\":{\"@id\":\"https:\\\/\\\/ecosupplements.be\\\/fr\\\/#website\"},\"primaryImageOfPage\":{\"@id\":\"https:\\\/\\\/ecosupplements.be\\\/fr\\\/produit\\\/proteine-de-pois-vegetal-chocolat-500g\\\/#primaryimage\"},\"image\":{\"@id\":\"https:\\\/\\\/ecosupplements.be\\\/fr\\\/produit\\\/proteine-de-pois-vegetal-chocolat-500g\\\/#primaryimage\"},\"thumbnailUrl\":\"https:\\\/\\\/ecosupplements.be\\\/wp-content\\\/uploads\\\/2025\\\/08\\\/Vegan-Pea-Protein-Chocolate-500g.jpg\",\"datePublished\":\"2024-03-06T23:03:29+00:00\",\"dateModified\":\"2025-08-27T13:03:43+00:00\",\"description\":\"Wij hebben een ruime keuze aan producten van Prot\u00e9ine de pois v\u00e9g\u00e9tal, chocolat - 500g . Winkel bij Eco Supplements altijd gratis verzending boven 100\u20ac\",\"breadcrumb\":{\"@id\":\"https:\\\/\\\/ecosupplements.be\\\/fr\\\/produit\\\/proteine-de-pois-vegetal-chocolat-500g\\\/#breadcrumb\"},\"inLanguage\":\"fr-FR\",\"potentialAction\":[{\"@type\":\"ReadAction\",\"target\":[\"https:\\\/\\\/ecosupplements.be\\\/fr\\\/produit\\\/proteine-de-pois-vegetal-chocolat-500g\\\/\"]}]},{\"@type\":\"ImageObject\",\"inLanguage\":\"fr-FR\",\"@id\":\"https:\\\/\\\/ecosupplements.be\\\/fr\\\/produit\\\/proteine-de-pois-vegetal-chocolat-500g\\\/#primaryimage\",\"url\":\"https:\\\/\\\/ecosupplements.be\\\/wp-content\\\/uploads\\\/2025\\\/08\\\/Vegan-Pea-Protein-Chocolate-500g.jpg\",\"contentUrl\":\"https:\\\/\\\/ecosupplements.be\\\/wp-content\\\/uploads\\\/2025\\\/08\\\/Vegan-Pea-Protein-Chocolate-500g.jpg\",\"width\":600,\"height\":600},{\"@type\":\"BreadcrumbList\",\"@id\":\"https:\\\/\\\/ecosupplements.be\\\/fr\\\/produit\\\/proteine-de-pois-vegetal-chocolat-500g\\\/#breadcrumb\",\"itemListElement\":[{\"@type\":\"ListItem\",\"position\":1,\"name\":\"Home\",\"item\":\"https:\\\/\\\/ecosupplements.be\\\/fr\\\/\"},{\"@type\":\"ListItem\",\"position\":2,\"name\":\"Boutique\",\"item\":\"https:\\\/\\\/ecosupplements.be\\\/fr\\\/boutique\\\/\"},{\"@type\":\"ListItem\",\"position\":3,\"name\":\"Prot\u00e9ine de pois v\u00e9g\u00e9tal, chocolat &#8211; 500g\"}]},{\"@type\":\"WebSite\",\"@id\":\"https:\\\/\\\/ecosupplements.be\\\/fr\\\/#website\",\"url\":\"https:\\\/\\\/ecosupplements.be\\\/fr\\\/\",\"name\":\"ECO Supplements\",\"description\":\"Eco Supplements - Gezonde supplementen\",\"publisher\":{\"@id\":\"https:\\\/\\\/ecosupplements.be\\\/fr\\\/#organization\"},\"potentialAction\":[{\"@type\":\"SearchAction\",\"target\":{\"@type\":\"EntryPoint\",\"urlTemplate\":\"https:\\\/\\\/ecosupplements.be\\\/fr\\\/?s={search_term_string}\"},\"query-input\":{\"@type\":\"PropertyValueSpecification\",\"valueRequired\":true,\"valueName\":\"search_term_string\"}}],\"inLanguage\":\"fr-FR\"},{\"@type\":\"Organization\",\"@id\":\"https:\\\/\\\/ecosupplements.be\\\/fr\\\/#organization\",\"name\":\"Eco Supplements\",\"url\":\"https:\\\/\\\/ecosupplements.be\\\/fr\\\/\",\"logo\":{\"@type\":\"ImageObject\",\"inLanguage\":\"fr-FR\",\"@id\":\"https:\\\/\\\/ecosupplements.be\\\/fr\\\/#\\\/schema\\\/logo\\\/image\\\/\",\"url\":\"https:\\\/\\\/ecosupplements.be\\\/wp-content\\\/uploads\\\/2022\\\/06\\\/ecosupplement-family.png\",\"contentUrl\":\"https:\\\/\\\/ecosupplements.be\\\/wp-content\\\/uploads\\\/2022\\\/06\\\/ecosupplement-family.png\",\"width\":593,\"height\":374,\"caption\":\"Eco Supplements\"},\"image\":{\"@id\":\"https:\\\/\\\/ecosupplements.be\\\/fr\\\/#\\\/schema\\\/logo\\\/image\\\/\"}}]}<\/script>\n<meta property=\"product:brand\" content=\"Allnutrition\" \/>\n<meta property=\"product:price:amount\" content=\"13.09\" \/>\n<meta property=\"product:price:currency\" content=\"EUR\" \/>\n<meta property=\"og:availability\" content=\"instock\" \/>\n<meta property=\"product:availability\" content=\"instock\" \/>\n<meta property=\"product:retailer_item_id\" content=\"5902837735610\" \/>\n<meta property=\"product:condition\" content=\"new\" \/>\n<!-- \/ Yoast SEO Premium plugin. -->","yoast_head_json":{"title":"Prot\u00e9ine de pois v\u00e9g\u00e9tal, chocolat - 500g - ECO Supplements","description":"Wij hebben een ruime keuze aan producten van Prot\u00e9ine de pois v\u00e9g\u00e9tal, chocolat - 500g . Winkel bij Eco Supplements altijd gratis verzending boven 100\u20ac","robots":{"index":"index","follow":"follow","max-snippet":"max-snippet:-1","max-image-preview":"max-image-preview:large","max-video-preview":"max-video-preview:-1"},"canonical":"https:\/\/ecosupplements.be\/fr\/produit\/proteine-de-pois-vegetal-chocolat-500g\/","og_locale":"fr_FR","og_type":"article","og_title":"Prot\u00e9ine de pois v\u00e9g\u00e9tal, chocolat - 500g","og_description":"Wij hebben een ruime keuze aan producten van Prot\u00e9ine de pois v\u00e9g\u00e9tal, chocolat - 500g . Winkel bij Eco Supplements altijd gratis verzending boven 100\u20ac","og_url":"https:\/\/ecosupplements.be\/fr\/produit\/proteine-de-pois-vegetal-chocolat-500g\/","og_site_name":"ECO Supplements","article_modified_time":"2025-08-27T13:03:43+00:00","og_image":[{"width":600,"height":600,"url":"https:\/\/ecosupplements.be\/wp-content\/uploads\/2025\/08\/Vegan-Pea-Protein-Chocolate-500g-1.jpg","type":"image\/jpeg"}],"twitter_card":"summary_large_image","twitter_misc":{"Prix":"13.09&nbsp;&euro;","Disponibilit\u00e9":"En stock"},"schema":{"@context":"https:\/\/schema.org","@graph":[{"@type":["WebPage","ItemPage"],"@id":"https:\/\/ecosupplements.be\/fr\/produit\/proteine-de-pois-vegetal-chocolat-500g\/","url":"https:\/\/ecosupplements.be\/fr\/produit\/proteine-de-pois-vegetal-chocolat-500g\/","name":"Prot\u00e9ine de pois v\u00e9g\u00e9tal, chocolat - 500g - ECO Supplements","isPartOf":{"@id":"https:\/\/ecosupplements.be\/fr\/#website"},"primaryImageOfPage":{"@id":"https:\/\/ecosupplements.be\/fr\/produit\/proteine-de-pois-vegetal-chocolat-500g\/#primaryimage"},"image":{"@id":"https:\/\/ecosupplements.be\/fr\/produit\/proteine-de-pois-vegetal-chocolat-500g\/#primaryimage"},"thumbnailUrl":"https:\/\/ecosupplements.be\/wp-content\/uploads\/2025\/08\/Vegan-Pea-Protein-Chocolate-500g.jpg","datePublished":"2024-03-06T23:03:29+00:00","dateModified":"2025-08-27T13:03:43+00:00","description":"Wij hebben een ruime keuze aan producten van Prot\u00e9ine de pois v\u00e9g\u00e9tal, chocolat - 500g . Winkel bij Eco Supplements altijd gratis verzending boven 100\u20ac","breadcrumb":{"@id":"https:\/\/ecosupplements.be\/fr\/produit\/proteine-de-pois-vegetal-chocolat-500g\/#breadcrumb"},"inLanguage":"fr-FR","potentialAction":[{"@type":"ReadAction","target":["https:\/\/ecosupplements.be\/fr\/produit\/proteine-de-pois-vegetal-chocolat-500g\/"]}]},{"@type":"ImageObject","inLanguage":"fr-FR","@id":"https:\/\/ecosupplements.be\/fr\/produit\/proteine-de-pois-vegetal-chocolat-500g\/#primaryimage","url":"https:\/\/ecosupplements.be\/wp-content\/uploads\/2025\/08\/Vegan-Pea-Protein-Chocolate-500g.jpg","contentUrl":"https:\/\/ecosupplements.be\/wp-content\/uploads\/2025\/08\/Vegan-Pea-Protein-Chocolate-500g.jpg","width":600,"height":600},{"@type":"BreadcrumbList","@id":"https:\/\/ecosupplements.be\/fr\/produit\/proteine-de-pois-vegetal-chocolat-500g\/#breadcrumb","itemListElement":[{"@type":"ListItem","position":1,"name":"Home","item":"https:\/\/ecosupplements.be\/fr\/"},{"@type":"ListItem","position":2,"name":"Boutique","item":"https:\/\/ecosupplements.be\/fr\/boutique\/"},{"@type":"ListItem","position":3,"name":"Prot\u00e9ine de pois v\u00e9g\u00e9tal, chocolat &#8211; 500g"}]},{"@type":"WebSite","@id":"https:\/\/ecosupplements.be\/fr\/#website","url":"https:\/\/ecosupplements.be\/fr\/","name":"ECO Supplements","description":"Eco Supplements - Gezonde supplementen","publisher":{"@id":"https:\/\/ecosupplements.be\/fr\/#organization"},"potentialAction":[{"@type":"SearchAction","target":{"@type":"EntryPoint","urlTemplate":"https:\/\/ecosupplements.be\/fr\/?s={search_term_string}"},"query-input":{"@type":"PropertyValueSpecification","valueRequired":true,"valueName":"search_term_string"}}],"inLanguage":"fr-FR"},{"@type":"Organization","@id":"https:\/\/ecosupplements.be\/fr\/#organization","name":"Eco Supplements","url":"https:\/\/ecosupplements.be\/fr\/","logo":{"@type":"ImageObject","inLanguage":"fr-FR","@id":"https:\/\/ecosupplements.be\/fr\/#\/schema\/logo\/image\/","url":"https:\/\/ecosupplements.be\/wp-content\/uploads\/2022\/06\/ecosupplement-family.png","contentUrl":"https:\/\/ecosupplements.be\/wp-content\/uploads\/2022\/06\/ecosupplement-family.png","width":593,"height":374,"caption":"Eco Supplements"},"image":{"@id":"https:\/\/ecosupplements.be\/fr\/#\/schema\/logo\/image\/"}}]},"product_brand":"Allnutrition","product_price_amount":"13.09","product_price_currency":"EUR","og_availability":"instock","product_availability":"instock","product_retailer_item_id":"5902837735610","product_condition":"new"},"_links":{"self":[{"href":"https:\/\/ecosupplements.be\/fr\/wp-json\/wp\/v2\/product\/286176","targetHints":{"allow":["GET"]}}],"collection":[{"href":"https:\/\/ecosupplements.be\/fr\/wp-json\/wp\/v2\/product"}],"about":[{"href":"https:\/\/ecosupplements.be\/fr\/wp-json\/wp\/v2\/types\/product"}],"replies":[{"embeddable":true,"href":"https:\/\/ecosupplements.be\/fr\/wp-json\/wp\/v2\/comments?post=286176"}],"wp:featuredmedia":[{"embeddable":true,"href":"https:\/\/ecosupplements.be\/fr\/wp-json\/wp\/v2\/media\/263291"}],"wp:attachment":[{"href":"https:\/\/ecosupplements.be\/fr\/wp-json\/wp\/v2\/media?parent=286176"}],"wp:term":[{"taxonomy":"product_brand","embeddable":true,"href":"https:\/\/ecosupplements.be\/fr\/wp-json\/wp\/v2\/product_brand?post=286176"},{"taxonomy":"product_cat","embeddable":true,"href":"https:\/\/ecosupplements.be\/fr\/wp-json\/wp\/v2\/product_cat?post=286176"},{"taxonomy":"product_tag","embeddable":true,"href":"https:\/\/ecosupplements.be\/fr\/wp-json\/wp\/v2\/product_tag?post=286176"}],"curies":[{"name":"wp","href":"https:\/\/api.w.org\/{rel}","templated":true}]}}