{"id":286188,"date":"2024-03-06T21:29:39","date_gmt":"2024-03-06T20:29:39","guid":{"rendered":"https:\/\/ecosupplements.be\/product\/proteine-vegetalienne-cookie-500g\/"},"modified":"2025-08-27T14:03:56","modified_gmt":"2025-08-27T13:03:56","slug":"proteine-vegetalienne-cookie-500g","status":"publish","type":"product","link":"https:\/\/ecosupplements.be\/fr\/produit\/proteine-vegetalienne-cookie-500g\/","title":{"rendered":"Prot\u00e9ine V\u00e9g\u00e9talienne, Cookie &#8211; 500g"},"content":{"rendered":"<h1>Vegan Protein, Cookie &#8211; 500g<\/h1>\n<p>D\u00e9couvrez notre d\u00e9licieuse Vegan Protein, Cookie &#8211; 500g, une poudre\u2062 de prot\u00e9ines v\u00e9g\u00e9tales de\u2063 haute qualit\u00e9 qui vous aidera\u2063 \u00e0 atteindre vos objectifs de remise en forme tout en respectant votre r\u00e9gime alimentaire v\u00e9g\u00e9talien.<\/p>\n<h2>Caract\u00e9ristiques sp\u00e9ciales:<\/h2>\n<ul>\n<li>Contient 100% de prot\u00e9ines v\u00e9g\u00e9tales<\/li>\n<li>Formule sans lactose,\u200d sans gluten et sans soja<\/li>\n<li>Convient aux r\u00e9gimes v\u00e9g\u00e9taliens et v\u00e9g\u00e9tariens<\/li>\n<li>Facilement \u2062digestible<\/li>\n<li>Go\u00fbt d\u00e9licieux de cookie<\/li>\n<\/ul>\n<h2>Ingr\u00e9dients:<\/h2>\n<p>Notre Vegan Protein, Cookie \u200c- 500g est compos\u00e9 d&#8217;un m\u00e9lange de prot\u00e9ines v\u00e9g\u00e9tales de haute qualit\u00e9, notamment\u2063 de pois, de riz et de chanvre. Nous utilisons \u00e9galement des \u00e9dulcorants naturels \u200dtels que la st\u00e9via et le sucre de coco pour un go\u00fbt sucr\u00e9 sans ajout de sucre raffin\u00e9.<\/p>\n<h2>Avantages uniques:<\/h2>\n<ul>\n<li>Apporte\u200c 20g de prot\u00e9ines par\u2064 portion<\/li>\n<li>Contribue \u00e0 la croissance et au maintien de la masse\u2064 musculaire<\/li>\n<li>Id\u00e9al pour les personnes suivant un r\u00e9gime v\u00e9g\u00e9talien ou v\u00e9g\u00e9tarien<\/li>\n<li>Convient \u00e9galement aux personnes intol\u00e9rantes au lactose ou au gluten<\/li>\n<li>Facile \u00e0 m\u00e9langer et \u00e0 dig\u00e9rer<\/li>\n<\/ul>\n<h2>Principales caract\u00e9ristiques:<\/h2>\n<ul>\n<li>Poids: 500g<\/li>\n<li>Saveur: Cookie<\/li>\n<li>Contient \u200d25 portions par pot<\/li>\n<li>Convient aux hommes et \u200daux \u2062femmes<\/li>\n<li>Id\u00e9al pour\u2063 une utilisation avant ou apr\u00e8s l&#8217;entra\u00eenement<\/li>\n<\/ul>\n<p>En r\u00e9sum\u00e9, \u200dnotre Vegan Protein, Cookie &#8211; 500g \u2062est le choix parfait pour \u200dtous ceux qui cherchent \u00e0 augmenter\u2063 leur apport en prot\u00e9ines tout en suivant un r\u00e9gime v\u00e9g\u00e9talien ou v\u00e9g\u00e9tarien. Avec \u2062sa formule \u200bde \u2063haute qualit\u00e9, son go\u00fbt d\u00e9licieux et ses nombreux avantages, il est le compl\u00e9ment id\u00e9al pour\u200d vous aider \u00e0 atteindre vos objectifs de \u2062remise en forme.<\/p>\n","protected":false},"excerpt":{"rendered":"<p>Vegan Protein, Cookie &#8211; 500g D\u00e9couvrez notre d\u00e9licieuse Vegan Protein, Cookie &#8211; 500g, une poudre\u2062 de prot\u00e9ines v\u00e9g\u00e9tales de\u2063 haute qualit\u00e9 qui vous aidera\u2063 \u00e0 atteindre vos objectifs de remise en forme tout en respectant votre r\u00e9gime alimentaire v\u00e9g\u00e9talien. Caract\u00e9ristiques sp\u00e9ciales: Contient 100% de prot\u00e9ines v\u00e9g\u00e9tales Formule sans lactose,\u200d sans gluten et sans soja Convient [&#8230;]\n","protected":false},"featured_media":262713,"comment_status":"open","ping_status":"open","template":"","meta":[],"product_brand":[4634],"product_cat":[5054,5055,5056,5052],"product_tag":[],"class_list":{"0":"post-286188","1":"product","2":"type-product","3":"status-publish","4":"has-post-thumbnail","6":"product_brand-allnutrition-2","7":"product_cat-nourriture-saine","8":"product_cat-produits-vegetaliens","9":"product_cat-proteine","10":"product_cat-sante-et-bien-etre","12":"first","13":"instock","14":"taxable","15":"shipping-taxable","16":"purchasable","17":"product-type-simple"},"yoast_head":"<!-- This site is optimized with the Yoast SEO Premium plugin v27.3 (Yoast SEO v27.3) - https:\/\/yoast.com\/product\/yoast-seo-premium-wordpress\/ -->\n<title>Prot\u00e9ine V\u00e9g\u00e9talienne, Cookie - 500g - ECO Supplements<\/title>\n<meta name=\"description\" content=\"Wij hebben een ruime keuze aan producten van Prot\u00e9ine V\u00e9g\u00e9talienne, Cookie - 500g . Winkel bij Eco Supplements altijd gratis verzending boven 100\u20ac\" \/>\n<meta name=\"robots\" content=\"index, follow, max-snippet:-1, max-image-preview:large, max-video-preview:-1\" \/>\n<link rel=\"canonical\" href=\"https:\/\/ecosupplements.be\/fr\/produit\/proteine-vegetalienne-cookie-500g\/\" \/>\n<meta property=\"og:locale\" content=\"fr_FR\" \/>\n<meta property=\"og:type\" content=\"article\" \/>\n<meta property=\"og:title\" content=\"Prot\u00e9ine V\u00e9g\u00e9talienne, Cookie - 500g\" \/>\n<meta property=\"og:description\" content=\"Wij hebben een ruime keuze aan producten van Prot\u00e9ine V\u00e9g\u00e9talienne, Cookie - 500g . Winkel bij Eco Supplements altijd gratis verzending boven 100\u20ac\" \/>\n<meta property=\"og:url\" content=\"https:\/\/ecosupplements.be\/fr\/produit\/proteine-vegetalienne-cookie-500g\/\" \/>\n<meta property=\"og:site_name\" content=\"ECO Supplements\" \/>\n<meta property=\"article:modified_time\" content=\"2025-08-27T13:03:56+00:00\" \/>\n<meta property=\"og:image\" content=\"https:\/\/ecosupplements.be\/wp-content\/uploads\/2025\/08\/Vegan-Protein-Cookie-500g-1.jpg\" \/>\n\t<meta property=\"og:image:width\" content=\"512\" \/>\n\t<meta property=\"og:image:height\" content=\"384\" \/>\n\t<meta property=\"og:image:type\" content=\"image\/jpeg\" \/>\n<meta name=\"twitter:card\" content=\"summary_large_image\" \/>\n<meta name=\"twitter:label1\" content=\"Prix\" \/>\n\t<meta name=\"twitter:data1\" content=\"13.19&nbsp;&euro;\" \/>\n\t<meta name=\"twitter:label2\" content=\"Disponibilit\u00e9\" \/>\n\t<meta name=\"twitter:data2\" content=\"En stock\" \/>\n<script type=\"application\/ld+json\" class=\"yoast-schema-graph\">{\"@context\":\"https:\\\/\\\/schema.org\",\"@graph\":[{\"@type\":[\"WebPage\",\"ItemPage\"],\"@id\":\"https:\\\/\\\/ecosupplements.be\\\/fr\\\/produit\\\/proteine-vegetalienne-cookie-500g\\\/\",\"url\":\"https:\\\/\\\/ecosupplements.be\\\/fr\\\/produit\\\/proteine-vegetalienne-cookie-500g\\\/\",\"name\":\"Prot\u00e9ine V\u00e9g\u00e9talienne, Cookie - 500g - ECO Supplements\",\"isPartOf\":{\"@id\":\"https:\\\/\\\/ecosupplements.be\\\/fr\\\/#website\"},\"primaryImageOfPage\":{\"@id\":\"https:\\\/\\\/ecosupplements.be\\\/fr\\\/produit\\\/proteine-vegetalienne-cookie-500g\\\/#primaryimage\"},\"image\":{\"@id\":\"https:\\\/\\\/ecosupplements.be\\\/fr\\\/produit\\\/proteine-vegetalienne-cookie-500g\\\/#primaryimage\"},\"thumbnailUrl\":\"https:\\\/\\\/ecosupplements.be\\\/wp-content\\\/uploads\\\/2025\\\/08\\\/Vegan-Protein-Cookie-500g.jpg\",\"datePublished\":\"2024-03-06T20:29:39+00:00\",\"dateModified\":\"2025-08-27T13:03:56+00:00\",\"description\":\"Wij hebben een ruime keuze aan producten van Prot\u00e9ine V\u00e9g\u00e9talienne, Cookie - 500g . Winkel bij Eco Supplements altijd gratis verzending boven 100\u20ac\",\"breadcrumb\":{\"@id\":\"https:\\\/\\\/ecosupplements.be\\\/fr\\\/produit\\\/proteine-vegetalienne-cookie-500g\\\/#breadcrumb\"},\"inLanguage\":\"fr-FR\",\"potentialAction\":[{\"@type\":\"ReadAction\",\"target\":[\"https:\\\/\\\/ecosupplements.be\\\/fr\\\/produit\\\/proteine-vegetalienne-cookie-500g\\\/\"]}]},{\"@type\":\"ImageObject\",\"inLanguage\":\"fr-FR\",\"@id\":\"https:\\\/\\\/ecosupplements.be\\\/fr\\\/produit\\\/proteine-vegetalienne-cookie-500g\\\/#primaryimage\",\"url\":\"https:\\\/\\\/ecosupplements.be\\\/wp-content\\\/uploads\\\/2025\\\/08\\\/Vegan-Protein-Cookie-500g.jpg\",\"contentUrl\":\"https:\\\/\\\/ecosupplements.be\\\/wp-content\\\/uploads\\\/2025\\\/08\\\/Vegan-Protein-Cookie-500g.jpg\",\"width\":512,\"height\":384},{\"@type\":\"BreadcrumbList\",\"@id\":\"https:\\\/\\\/ecosupplements.be\\\/fr\\\/produit\\\/proteine-vegetalienne-cookie-500g\\\/#breadcrumb\",\"itemListElement\":[{\"@type\":\"ListItem\",\"position\":1,\"name\":\"Home\",\"item\":\"https:\\\/\\\/ecosupplements.be\\\/fr\\\/\"},{\"@type\":\"ListItem\",\"position\":2,\"name\":\"Boutique\",\"item\":\"https:\\\/\\\/ecosupplements.be\\\/fr\\\/boutique\\\/\"},{\"@type\":\"ListItem\",\"position\":3,\"name\":\"Prot\u00e9ine V\u00e9g\u00e9talienne, Cookie &#8211; 500g\"}]},{\"@type\":\"WebSite\",\"@id\":\"https:\\\/\\\/ecosupplements.be\\\/fr\\\/#website\",\"url\":\"https:\\\/\\\/ecosupplements.be\\\/fr\\\/\",\"name\":\"ECO Supplements\",\"description\":\"Eco Supplements - Gezonde supplementen\",\"publisher\":{\"@id\":\"https:\\\/\\\/ecosupplements.be\\\/fr\\\/#organization\"},\"potentialAction\":[{\"@type\":\"SearchAction\",\"target\":{\"@type\":\"EntryPoint\",\"urlTemplate\":\"https:\\\/\\\/ecosupplements.be\\\/fr\\\/?s={search_term_string}\"},\"query-input\":{\"@type\":\"PropertyValueSpecification\",\"valueRequired\":true,\"valueName\":\"search_term_string\"}}],\"inLanguage\":\"fr-FR\"},{\"@type\":\"Organization\",\"@id\":\"https:\\\/\\\/ecosupplements.be\\\/fr\\\/#organization\",\"name\":\"Eco Supplements\",\"url\":\"https:\\\/\\\/ecosupplements.be\\\/fr\\\/\",\"logo\":{\"@type\":\"ImageObject\",\"inLanguage\":\"fr-FR\",\"@id\":\"https:\\\/\\\/ecosupplements.be\\\/fr\\\/#\\\/schema\\\/logo\\\/image\\\/\",\"url\":\"https:\\\/\\\/ecosupplements.be\\\/wp-content\\\/uploads\\\/2022\\\/06\\\/ecosupplement-family.png\",\"contentUrl\":\"https:\\\/\\\/ecosupplements.be\\\/wp-content\\\/uploads\\\/2022\\\/06\\\/ecosupplement-family.png\",\"width\":593,\"height\":374,\"caption\":\"Eco Supplements\"},\"image\":{\"@id\":\"https:\\\/\\\/ecosupplements.be\\\/fr\\\/#\\\/schema\\\/logo\\\/image\\\/\"}}]}<\/script>\n<meta property=\"product:brand\" content=\"Allnutrition\" \/>\n<meta property=\"product:price:amount\" content=\"13.19\" \/>\n<meta property=\"product:price:currency\" content=\"EUR\" \/>\n<meta property=\"og:availability\" content=\"instock\" \/>\n<meta property=\"product:availability\" content=\"instock\" \/>\n<meta property=\"product:retailer_item_id\" content=\"5902837748191\" \/>\n<meta property=\"product:condition\" content=\"new\" \/>\n<!-- \/ Yoast SEO Premium plugin. -->","yoast_head_json":{"title":"Prot\u00e9ine V\u00e9g\u00e9talienne, Cookie - 500g - ECO Supplements","description":"Wij hebben een ruime keuze aan producten van Prot\u00e9ine V\u00e9g\u00e9talienne, Cookie - 500g . Winkel bij Eco Supplements altijd gratis verzending boven 100\u20ac","robots":{"index":"index","follow":"follow","max-snippet":"max-snippet:-1","max-image-preview":"max-image-preview:large","max-video-preview":"max-video-preview:-1"},"canonical":"https:\/\/ecosupplements.be\/fr\/produit\/proteine-vegetalienne-cookie-500g\/","og_locale":"fr_FR","og_type":"article","og_title":"Prot\u00e9ine V\u00e9g\u00e9talienne, Cookie - 500g","og_description":"Wij hebben een ruime keuze aan producten van Prot\u00e9ine V\u00e9g\u00e9talienne, Cookie - 500g . Winkel bij Eco Supplements altijd gratis verzending boven 100\u20ac","og_url":"https:\/\/ecosupplements.be\/fr\/produit\/proteine-vegetalienne-cookie-500g\/","og_site_name":"ECO Supplements","article_modified_time":"2025-08-27T13:03:56+00:00","og_image":[{"width":512,"height":384,"url":"https:\/\/ecosupplements.be\/wp-content\/uploads\/2025\/08\/Vegan-Protein-Cookie-500g-1.jpg","type":"image\/jpeg"}],"twitter_card":"summary_large_image","twitter_misc":{"Prix":"13.19&nbsp;&euro;","Disponibilit\u00e9":"En stock"},"schema":{"@context":"https:\/\/schema.org","@graph":[{"@type":["WebPage","ItemPage"],"@id":"https:\/\/ecosupplements.be\/fr\/produit\/proteine-vegetalienne-cookie-500g\/","url":"https:\/\/ecosupplements.be\/fr\/produit\/proteine-vegetalienne-cookie-500g\/","name":"Prot\u00e9ine V\u00e9g\u00e9talienne, Cookie - 500g - ECO Supplements","isPartOf":{"@id":"https:\/\/ecosupplements.be\/fr\/#website"},"primaryImageOfPage":{"@id":"https:\/\/ecosupplements.be\/fr\/produit\/proteine-vegetalienne-cookie-500g\/#primaryimage"},"image":{"@id":"https:\/\/ecosupplements.be\/fr\/produit\/proteine-vegetalienne-cookie-500g\/#primaryimage"},"thumbnailUrl":"https:\/\/ecosupplements.be\/wp-content\/uploads\/2025\/08\/Vegan-Protein-Cookie-500g.jpg","datePublished":"2024-03-06T20:29:39+00:00","dateModified":"2025-08-27T13:03:56+00:00","description":"Wij hebben een ruime keuze aan producten van Prot\u00e9ine V\u00e9g\u00e9talienne, Cookie - 500g . Winkel bij Eco Supplements altijd gratis verzending boven 100\u20ac","breadcrumb":{"@id":"https:\/\/ecosupplements.be\/fr\/produit\/proteine-vegetalienne-cookie-500g\/#breadcrumb"},"inLanguage":"fr-FR","potentialAction":[{"@type":"ReadAction","target":["https:\/\/ecosupplements.be\/fr\/produit\/proteine-vegetalienne-cookie-500g\/"]}]},{"@type":"ImageObject","inLanguage":"fr-FR","@id":"https:\/\/ecosupplements.be\/fr\/produit\/proteine-vegetalienne-cookie-500g\/#primaryimage","url":"https:\/\/ecosupplements.be\/wp-content\/uploads\/2025\/08\/Vegan-Protein-Cookie-500g.jpg","contentUrl":"https:\/\/ecosupplements.be\/wp-content\/uploads\/2025\/08\/Vegan-Protein-Cookie-500g.jpg","width":512,"height":384},{"@type":"BreadcrumbList","@id":"https:\/\/ecosupplements.be\/fr\/produit\/proteine-vegetalienne-cookie-500g\/#breadcrumb","itemListElement":[{"@type":"ListItem","position":1,"name":"Home","item":"https:\/\/ecosupplements.be\/fr\/"},{"@type":"ListItem","position":2,"name":"Boutique","item":"https:\/\/ecosupplements.be\/fr\/boutique\/"},{"@type":"ListItem","position":3,"name":"Prot\u00e9ine V\u00e9g\u00e9talienne, Cookie &#8211; 500g"}]},{"@type":"WebSite","@id":"https:\/\/ecosupplements.be\/fr\/#website","url":"https:\/\/ecosupplements.be\/fr\/","name":"ECO Supplements","description":"Eco Supplements - Gezonde supplementen","publisher":{"@id":"https:\/\/ecosupplements.be\/fr\/#organization"},"potentialAction":[{"@type":"SearchAction","target":{"@type":"EntryPoint","urlTemplate":"https:\/\/ecosupplements.be\/fr\/?s={search_term_string}"},"query-input":{"@type":"PropertyValueSpecification","valueRequired":true,"valueName":"search_term_string"}}],"inLanguage":"fr-FR"},{"@type":"Organization","@id":"https:\/\/ecosupplements.be\/fr\/#organization","name":"Eco Supplements","url":"https:\/\/ecosupplements.be\/fr\/","logo":{"@type":"ImageObject","inLanguage":"fr-FR","@id":"https:\/\/ecosupplements.be\/fr\/#\/schema\/logo\/image\/","url":"https:\/\/ecosupplements.be\/wp-content\/uploads\/2022\/06\/ecosupplement-family.png","contentUrl":"https:\/\/ecosupplements.be\/wp-content\/uploads\/2022\/06\/ecosupplement-family.png","width":593,"height":374,"caption":"Eco Supplements"},"image":{"@id":"https:\/\/ecosupplements.be\/fr\/#\/schema\/logo\/image\/"}}]},"product_brand":"Allnutrition","product_price_amount":"13.19","product_price_currency":"EUR","og_availability":"instock","product_availability":"instock","product_retailer_item_id":"5902837748191","product_condition":"new"},"_links":{"self":[{"href":"https:\/\/ecosupplements.be\/fr\/wp-json\/wp\/v2\/product\/286188","targetHints":{"allow":["GET"]}}],"collection":[{"href":"https:\/\/ecosupplements.be\/fr\/wp-json\/wp\/v2\/product"}],"about":[{"href":"https:\/\/ecosupplements.be\/fr\/wp-json\/wp\/v2\/types\/product"}],"replies":[{"embeddable":true,"href":"https:\/\/ecosupplements.be\/fr\/wp-json\/wp\/v2\/comments?post=286188"}],"wp:featuredmedia":[{"embeddable":true,"href":"https:\/\/ecosupplements.be\/fr\/wp-json\/wp\/v2\/media\/262713"}],"wp:attachment":[{"href":"https:\/\/ecosupplements.be\/fr\/wp-json\/wp\/v2\/media?parent=286188"}],"wp:term":[{"taxonomy":"product_brand","embeddable":true,"href":"https:\/\/ecosupplements.be\/fr\/wp-json\/wp\/v2\/product_brand?post=286188"},{"taxonomy":"product_cat","embeddable":true,"href":"https:\/\/ecosupplements.be\/fr\/wp-json\/wp\/v2\/product_cat?post=286188"},{"taxonomy":"product_tag","embeddable":true,"href":"https:\/\/ecosupplements.be\/fr\/wp-json\/wp\/v2\/product_tag?post=286188"}],"curies":[{"name":"wp","href":"https:\/\/api.w.org\/{rel}","templated":true}]}}