{"id":286191,"date":"2024-03-06T21:30:26","date_gmt":"2024-03-06T20:30:26","guid":{"rendered":"https:\/\/ecosupplements.be\/product\/proteine-vegetalienne-pistache-500g\/"},"modified":"2025-08-27T14:03:59","modified_gmt":"2025-08-27T13:03:59","slug":"proteine-vegetalienne-pistache-500g","status":"publish","type":"product","link":"https:\/\/ecosupplements.be\/fr\/produit\/proteine-vegetalienne-pistache-500g\/","title":{"rendered":"Prot\u00e9ine V\u00e9g\u00e9talienne, Pistache &#8211; 500g"},"content":{"rendered":"<h1>Vegan Protein, Pistachio &#8211; 500g<\/h1>\n<p>D\u00e9couvrez notre d\u00e9licieuse\u200d Vegan Protein \u00e0 la pistache, un m\u00e9lange\u2063 de prot\u00e9ines v\u00e9g\u00e9tales de haute qualit\u00e9 pour vous aider \u00e0 atteindre vos objectifs de \u200bremise en forme tout en \u2064respectant \u2064votre r\u00e9gime alimentaire v\u00e9g\u00e9talien.<\/p>\n<p>Cette \u2062poudre de prot\u00e9ines est fabriqu\u00e9e par la marque Allnutrition, une entreprise polonaise sp\u00e9cialis\u00e9e dans les compl\u00e9ments alimentaires de qualit\u00e9 sup\u00e9rieure. Tous nos produits sont fabriqu\u00e9s avec des ingr\u00e9dients soigneusement s\u00e9lectionn\u00e9s pour vous offrir des\u2064 produits sains et efficaces.<\/p>\n<h2>Ingr\u00e9dients\u200c naturels et de qualit\u00e9<\/h2>\n<p>Notre Vegan Protein \u00e0 la \u200dpistache est\u2063 compos\u00e9e d&#8217;un m\u00e9lange de prot\u00e9ines \u200dv\u00e9g\u00e9tales de haute\u2062 qualit\u00e9, notamment de pois, de \u2064riz et de chanvre.\u2064 Ces ingr\u00e9dients sont riches en acides amin\u00e9s essentiels et en nutriments pour vous aider \u00e0 \u200dmaintenir\u2064 une\u2064 bonne sant\u00e9\u200b et \u00e0 d\u00e9velopper vos muscles.<\/p>\n<p>Nous utilisons \u00e9galement des ar\u00f4mes naturels pour donner \u00e0 notre poudre de prot\u00e9ines un go\u00fbt d\u00e9licieux de pistache, sans ajout de sucre ou d&#8217;\u00e9dulcorants artificiels.<\/p>\n<h2>Avantages\u200d uniques<\/h2>\n<ul>\n<li>Convient aux r\u00e9gimes v\u00e9g\u00e9taliens et v\u00e9g\u00e9tariens<\/li>\n<li>Haute teneur en prot\u00e9ines v\u00e9g\u00e9tales<\/li>\n<li>Source d&#8217;acides amin\u00e9s essentiels<\/li>\n<li>Ar\u00f4mes naturels<\/li>\n<li>Sans sucre ajout\u00e9<\/li>\n<li>Fabriqu\u00e9\u200c avec \u2064des ingr\u00e9dients de qualit\u00e9\u200b sup\u00e9rieure<\/li>\n<\/ul>\n<h2>Comment utiliser<\/h2>\n<p>M\u00e9langez une portion (30g) de poudre avec\u200d 200-250ml \u2062d&#8217;eau ou de lait v\u00e9g\u00e9tal dans un shaker ou un \u2063mixeur. Vous\u2063 pouvez \u2064\u00e9galement \u200bajouter des fruits ou des l\u00e9gumes pour cr\u00e9er un smoothie prot\u00e9in\u00e9 \u2064d\u00e9licieux et nutritif.<\/p>\n<p>Consommez une \u00e0 deux portions par jour, de pr\u00e9f\u00e9rence apr\u00e8s l&#8217;entra\u00eenement ou en tant que collation saine entre les repas.<\/p>\n<h2>Essayez d\u00e8s maintenant notre Vegan \u200dProtein \u00e0 la pistache et profitez d&#8217;une source de prot\u00e9ines v\u00e9g\u00e9tales de qualit\u00e9 pour vous aider \u00e0 \u2063atteindre vos objectifs de remise en forme tout en respectant votre r\u00e9gime alimentaire v\u00e9g\u00e9talien !<\/h2>\n","protected":false},"excerpt":{"rendered":"<p>Vegan Protein, Pistachio &#8211; 500g D\u00e9couvrez notre d\u00e9licieuse\u200d Vegan Protein \u00e0 la pistache, un m\u00e9lange\u2063 de prot\u00e9ines v\u00e9g\u00e9tales de haute qualit\u00e9 pour vous aider \u00e0 atteindre vos objectifs de \u200bremise en forme tout en \u2064respectant \u2064votre r\u00e9gime alimentaire v\u00e9g\u00e9talien. Cette \u2062poudre de prot\u00e9ines est fabriqu\u00e9e par la marque Allnutrition, une entreprise polonaise sp\u00e9cialis\u00e9e dans les [&#8230;]\n","protected":false},"featured_media":262716,"comment_status":"open","ping_status":"open","template":"","meta":[],"product_brand":[4634],"product_cat":[5054,5055,5056,5052],"product_tag":[],"class_list":{"0":"post-286191","1":"product","2":"type-product","3":"status-publish","4":"has-post-thumbnail","6":"product_brand-allnutrition-2","7":"product_cat-nourriture-saine","8":"product_cat-produits-vegetaliens","9":"product_cat-proteine","10":"product_cat-sante-et-bien-etre","12":"first","13":"instock","14":"taxable","15":"shipping-taxable","16":"purchasable","17":"product-type-simple"},"yoast_head":"<!-- This site is optimized with the Yoast SEO Premium plugin v27.3 (Yoast SEO v27.3) - https:\/\/yoast.com\/product\/yoast-seo-premium-wordpress\/ -->\n<title>Prot\u00e9ine V\u00e9g\u00e9talienne, Pistache - 500g - ECO Supplements<\/title>\n<meta name=\"description\" content=\"Wij hebben een ruime keuze aan producten van Prot\u00e9ine V\u00e9g\u00e9talienne, Pistache - 500g . Winkel bij Eco Supplements altijd gratis verzending boven 100\u20ac\" \/>\n<meta name=\"robots\" content=\"index, follow, max-snippet:-1, max-image-preview:large, max-video-preview:-1\" \/>\n<link rel=\"canonical\" href=\"https:\/\/ecosupplements.be\/fr\/produit\/proteine-vegetalienne-pistache-500g\/\" \/>\n<meta property=\"og:locale\" content=\"fr_FR\" \/>\n<meta property=\"og:type\" content=\"article\" \/>\n<meta property=\"og:title\" content=\"Prot\u00e9ine V\u00e9g\u00e9talienne, Pistache - 500g\" \/>\n<meta property=\"og:description\" content=\"Wij hebben een ruime keuze aan producten van Prot\u00e9ine V\u00e9g\u00e9talienne, Pistache - 500g . Winkel bij Eco Supplements altijd gratis verzending boven 100\u20ac\" \/>\n<meta property=\"og:url\" content=\"https:\/\/ecosupplements.be\/fr\/produit\/proteine-vegetalienne-pistache-500g\/\" \/>\n<meta property=\"og:site_name\" content=\"ECO Supplements\" \/>\n<meta property=\"article:modified_time\" content=\"2025-08-27T13:03:59+00:00\" \/>\n<meta property=\"og:image\" content=\"https:\/\/ecosupplements.be\/wp-content\/uploads\/2025\/08\/Vegan-Protein-Pistachio-500g-1.jpg\" \/>\n\t<meta property=\"og:image:width\" content=\"600\" \/>\n\t<meta property=\"og:image:height\" content=\"600\" \/>\n\t<meta property=\"og:image:type\" content=\"image\/jpeg\" \/>\n<meta name=\"twitter:card\" content=\"summary_large_image\" \/>\n<meta name=\"twitter:label1\" content=\"Prix\" \/>\n\t<meta name=\"twitter:data1\" content=\"13.19&nbsp;&euro;\" \/>\n\t<meta name=\"twitter:label2\" content=\"Disponibilit\u00e9\" \/>\n\t<meta name=\"twitter:data2\" content=\"En stock\" \/>\n<script type=\"application\/ld+json\" class=\"yoast-schema-graph\">{\"@context\":\"https:\\\/\\\/schema.org\",\"@graph\":[{\"@type\":[\"WebPage\",\"ItemPage\"],\"@id\":\"https:\\\/\\\/ecosupplements.be\\\/fr\\\/produit\\\/proteine-vegetalienne-pistache-500g\\\/\",\"url\":\"https:\\\/\\\/ecosupplements.be\\\/fr\\\/produit\\\/proteine-vegetalienne-pistache-500g\\\/\",\"name\":\"Prot\u00e9ine V\u00e9g\u00e9talienne, Pistache - 500g - ECO Supplements\",\"isPartOf\":{\"@id\":\"https:\\\/\\\/ecosupplements.be\\\/fr\\\/#website\"},\"primaryImageOfPage\":{\"@id\":\"https:\\\/\\\/ecosupplements.be\\\/fr\\\/produit\\\/proteine-vegetalienne-pistache-500g\\\/#primaryimage\"},\"image\":{\"@id\":\"https:\\\/\\\/ecosupplements.be\\\/fr\\\/produit\\\/proteine-vegetalienne-pistache-500g\\\/#primaryimage\"},\"thumbnailUrl\":\"https:\\\/\\\/ecosupplements.be\\\/wp-content\\\/uploads\\\/2025\\\/08\\\/Vegan-Protein-Pistachio-500g.jpg\",\"datePublished\":\"2024-03-06T20:30:26+00:00\",\"dateModified\":\"2025-08-27T13:03:59+00:00\",\"description\":\"Wij hebben een ruime keuze aan producten van Prot\u00e9ine V\u00e9g\u00e9talienne, Pistache - 500g . Winkel bij Eco Supplements altijd gratis verzending boven 100\u20ac\",\"breadcrumb\":{\"@id\":\"https:\\\/\\\/ecosupplements.be\\\/fr\\\/produit\\\/proteine-vegetalienne-pistache-500g\\\/#breadcrumb\"},\"inLanguage\":\"fr-FR\",\"potentialAction\":[{\"@type\":\"ReadAction\",\"target\":[\"https:\\\/\\\/ecosupplements.be\\\/fr\\\/produit\\\/proteine-vegetalienne-pistache-500g\\\/\"]}]},{\"@type\":\"ImageObject\",\"inLanguage\":\"fr-FR\",\"@id\":\"https:\\\/\\\/ecosupplements.be\\\/fr\\\/produit\\\/proteine-vegetalienne-pistache-500g\\\/#primaryimage\",\"url\":\"https:\\\/\\\/ecosupplements.be\\\/wp-content\\\/uploads\\\/2025\\\/08\\\/Vegan-Protein-Pistachio-500g.jpg\",\"contentUrl\":\"https:\\\/\\\/ecosupplements.be\\\/wp-content\\\/uploads\\\/2025\\\/08\\\/Vegan-Protein-Pistachio-500g.jpg\",\"width\":600,\"height\":600},{\"@type\":\"BreadcrumbList\",\"@id\":\"https:\\\/\\\/ecosupplements.be\\\/fr\\\/produit\\\/proteine-vegetalienne-pistache-500g\\\/#breadcrumb\",\"itemListElement\":[{\"@type\":\"ListItem\",\"position\":1,\"name\":\"Home\",\"item\":\"https:\\\/\\\/ecosupplements.be\\\/fr\\\/\"},{\"@type\":\"ListItem\",\"position\":2,\"name\":\"Boutique\",\"item\":\"https:\\\/\\\/ecosupplements.be\\\/fr\\\/boutique\\\/\"},{\"@type\":\"ListItem\",\"position\":3,\"name\":\"Prot\u00e9ine V\u00e9g\u00e9talienne, Pistache &#8211; 500g\"}]},{\"@type\":\"WebSite\",\"@id\":\"https:\\\/\\\/ecosupplements.be\\\/fr\\\/#website\",\"url\":\"https:\\\/\\\/ecosupplements.be\\\/fr\\\/\",\"name\":\"ECO Supplements\",\"description\":\"Eco Supplements - Gezonde supplementen\",\"publisher\":{\"@id\":\"https:\\\/\\\/ecosupplements.be\\\/fr\\\/#organization\"},\"potentialAction\":[{\"@type\":\"SearchAction\",\"target\":{\"@type\":\"EntryPoint\",\"urlTemplate\":\"https:\\\/\\\/ecosupplements.be\\\/fr\\\/?s={search_term_string}\"},\"query-input\":{\"@type\":\"PropertyValueSpecification\",\"valueRequired\":true,\"valueName\":\"search_term_string\"}}],\"inLanguage\":\"fr-FR\"},{\"@type\":\"Organization\",\"@id\":\"https:\\\/\\\/ecosupplements.be\\\/fr\\\/#organization\",\"name\":\"Eco Supplements\",\"url\":\"https:\\\/\\\/ecosupplements.be\\\/fr\\\/\",\"logo\":{\"@type\":\"ImageObject\",\"inLanguage\":\"fr-FR\",\"@id\":\"https:\\\/\\\/ecosupplements.be\\\/fr\\\/#\\\/schema\\\/logo\\\/image\\\/\",\"url\":\"https:\\\/\\\/ecosupplements.be\\\/wp-content\\\/uploads\\\/2022\\\/06\\\/ecosupplement-family.png\",\"contentUrl\":\"https:\\\/\\\/ecosupplements.be\\\/wp-content\\\/uploads\\\/2022\\\/06\\\/ecosupplement-family.png\",\"width\":593,\"height\":374,\"caption\":\"Eco Supplements\"},\"image\":{\"@id\":\"https:\\\/\\\/ecosupplements.be\\\/fr\\\/#\\\/schema\\\/logo\\\/image\\\/\"}}]}<\/script>\n<meta property=\"product:brand\" content=\"Allnutrition\" \/>\n<meta property=\"product:price:amount\" content=\"13.19\" \/>\n<meta property=\"product:price:currency\" content=\"EUR\" \/>\n<meta property=\"og:availability\" content=\"instock\" \/>\n<meta property=\"product:availability\" content=\"instock\" \/>\n<meta property=\"product:retailer_item_id\" content=\"5902837748207\" \/>\n<meta property=\"product:condition\" content=\"new\" \/>\n<!-- \/ Yoast SEO Premium plugin. -->","yoast_head_json":{"title":"Prot\u00e9ine V\u00e9g\u00e9talienne, Pistache - 500g - ECO Supplements","description":"Wij hebben een ruime keuze aan producten van Prot\u00e9ine V\u00e9g\u00e9talienne, Pistache - 500g . Winkel bij Eco Supplements altijd gratis verzending boven 100\u20ac","robots":{"index":"index","follow":"follow","max-snippet":"max-snippet:-1","max-image-preview":"max-image-preview:large","max-video-preview":"max-video-preview:-1"},"canonical":"https:\/\/ecosupplements.be\/fr\/produit\/proteine-vegetalienne-pistache-500g\/","og_locale":"fr_FR","og_type":"article","og_title":"Prot\u00e9ine V\u00e9g\u00e9talienne, Pistache - 500g","og_description":"Wij hebben een ruime keuze aan producten van Prot\u00e9ine V\u00e9g\u00e9talienne, Pistache - 500g . Winkel bij Eco Supplements altijd gratis verzending boven 100\u20ac","og_url":"https:\/\/ecosupplements.be\/fr\/produit\/proteine-vegetalienne-pistache-500g\/","og_site_name":"ECO Supplements","article_modified_time":"2025-08-27T13:03:59+00:00","og_image":[{"width":600,"height":600,"url":"https:\/\/ecosupplements.be\/wp-content\/uploads\/2025\/08\/Vegan-Protein-Pistachio-500g-1.jpg","type":"image\/jpeg"}],"twitter_card":"summary_large_image","twitter_misc":{"Prix":"13.19&nbsp;&euro;","Disponibilit\u00e9":"En stock"},"schema":{"@context":"https:\/\/schema.org","@graph":[{"@type":["WebPage","ItemPage"],"@id":"https:\/\/ecosupplements.be\/fr\/produit\/proteine-vegetalienne-pistache-500g\/","url":"https:\/\/ecosupplements.be\/fr\/produit\/proteine-vegetalienne-pistache-500g\/","name":"Prot\u00e9ine V\u00e9g\u00e9talienne, Pistache - 500g - ECO Supplements","isPartOf":{"@id":"https:\/\/ecosupplements.be\/fr\/#website"},"primaryImageOfPage":{"@id":"https:\/\/ecosupplements.be\/fr\/produit\/proteine-vegetalienne-pistache-500g\/#primaryimage"},"image":{"@id":"https:\/\/ecosupplements.be\/fr\/produit\/proteine-vegetalienne-pistache-500g\/#primaryimage"},"thumbnailUrl":"https:\/\/ecosupplements.be\/wp-content\/uploads\/2025\/08\/Vegan-Protein-Pistachio-500g.jpg","datePublished":"2024-03-06T20:30:26+00:00","dateModified":"2025-08-27T13:03:59+00:00","description":"Wij hebben een ruime keuze aan producten van Prot\u00e9ine V\u00e9g\u00e9talienne, Pistache - 500g . Winkel bij Eco Supplements altijd gratis verzending boven 100\u20ac","breadcrumb":{"@id":"https:\/\/ecosupplements.be\/fr\/produit\/proteine-vegetalienne-pistache-500g\/#breadcrumb"},"inLanguage":"fr-FR","potentialAction":[{"@type":"ReadAction","target":["https:\/\/ecosupplements.be\/fr\/produit\/proteine-vegetalienne-pistache-500g\/"]}]},{"@type":"ImageObject","inLanguage":"fr-FR","@id":"https:\/\/ecosupplements.be\/fr\/produit\/proteine-vegetalienne-pistache-500g\/#primaryimage","url":"https:\/\/ecosupplements.be\/wp-content\/uploads\/2025\/08\/Vegan-Protein-Pistachio-500g.jpg","contentUrl":"https:\/\/ecosupplements.be\/wp-content\/uploads\/2025\/08\/Vegan-Protein-Pistachio-500g.jpg","width":600,"height":600},{"@type":"BreadcrumbList","@id":"https:\/\/ecosupplements.be\/fr\/produit\/proteine-vegetalienne-pistache-500g\/#breadcrumb","itemListElement":[{"@type":"ListItem","position":1,"name":"Home","item":"https:\/\/ecosupplements.be\/fr\/"},{"@type":"ListItem","position":2,"name":"Boutique","item":"https:\/\/ecosupplements.be\/fr\/boutique\/"},{"@type":"ListItem","position":3,"name":"Prot\u00e9ine V\u00e9g\u00e9talienne, Pistache &#8211; 500g"}]},{"@type":"WebSite","@id":"https:\/\/ecosupplements.be\/fr\/#website","url":"https:\/\/ecosupplements.be\/fr\/","name":"ECO Supplements","description":"Eco Supplements - Gezonde supplementen","publisher":{"@id":"https:\/\/ecosupplements.be\/fr\/#organization"},"potentialAction":[{"@type":"SearchAction","target":{"@type":"EntryPoint","urlTemplate":"https:\/\/ecosupplements.be\/fr\/?s={search_term_string}"},"query-input":{"@type":"PropertyValueSpecification","valueRequired":true,"valueName":"search_term_string"}}],"inLanguage":"fr-FR"},{"@type":"Organization","@id":"https:\/\/ecosupplements.be\/fr\/#organization","name":"Eco Supplements","url":"https:\/\/ecosupplements.be\/fr\/","logo":{"@type":"ImageObject","inLanguage":"fr-FR","@id":"https:\/\/ecosupplements.be\/fr\/#\/schema\/logo\/image\/","url":"https:\/\/ecosupplements.be\/wp-content\/uploads\/2022\/06\/ecosupplement-family.png","contentUrl":"https:\/\/ecosupplements.be\/wp-content\/uploads\/2022\/06\/ecosupplement-family.png","width":593,"height":374,"caption":"Eco Supplements"},"image":{"@id":"https:\/\/ecosupplements.be\/fr\/#\/schema\/logo\/image\/"}}]},"product_brand":"Allnutrition","product_price_amount":"13.19","product_price_currency":"EUR","og_availability":"instock","product_availability":"instock","product_retailer_item_id":"5902837748207","product_condition":"new"},"_links":{"self":[{"href":"https:\/\/ecosupplements.be\/fr\/wp-json\/wp\/v2\/product\/286191","targetHints":{"allow":["GET"]}}],"collection":[{"href":"https:\/\/ecosupplements.be\/fr\/wp-json\/wp\/v2\/product"}],"about":[{"href":"https:\/\/ecosupplements.be\/fr\/wp-json\/wp\/v2\/types\/product"}],"replies":[{"embeddable":true,"href":"https:\/\/ecosupplements.be\/fr\/wp-json\/wp\/v2\/comments?post=286191"}],"wp:featuredmedia":[{"embeddable":true,"href":"https:\/\/ecosupplements.be\/fr\/wp-json\/wp\/v2\/media\/262716"}],"wp:attachment":[{"href":"https:\/\/ecosupplements.be\/fr\/wp-json\/wp\/v2\/media?parent=286191"}],"wp:term":[{"taxonomy":"product_brand","embeddable":true,"href":"https:\/\/ecosupplements.be\/fr\/wp-json\/wp\/v2\/product_brand?post=286191"},{"taxonomy":"product_cat","embeddable":true,"href":"https:\/\/ecosupplements.be\/fr\/wp-json\/wp\/v2\/product_cat?post=286191"},{"taxonomy":"product_tag","embeddable":true,"href":"https:\/\/ecosupplements.be\/fr\/wp-json\/wp\/v2\/product_tag?post=286191"}],"curies":[{"name":"wp","href":"https:\/\/api.w.org\/{rel}","templated":true}]}}