{"id":286194,"date":"2024-03-07T00:06:03","date_gmt":"2024-03-06T23:06:03","guid":{"rendered":"https:\/\/ecosupplements.be\/product\/proteine-vegetalienne-caramel-sale-500g\/"},"modified":"2025-08-27T14:04:02","modified_gmt":"2025-08-27T13:04:02","slug":"proteine-vegetalienne-caramel-sale-500g","status":"publish","type":"product","link":"https:\/\/ecosupplements.be\/fr\/produit\/proteine-vegetalienne-caramel-sale-500g\/","title":{"rendered":"Prot\u00e9ine V\u00e9g\u00e9talienne, Caramel Sal\u00e9 &#8211; 500g"},"content":{"rendered":"<h1>Vegan\u200c Protein, Salted Caramel &#8211; 500g<\/h1>\n<p>D\u00e9couvrez notre d\u00e9licieuse Vegan Protein\u2062 au go\u00fbt de caramel\u200c sal\u00e9, sp\u00e9cialement con\u00e7ue \u2062pour\u2063 les \u200bpersonnes suivant un r\u00e9gime v\u00e9g\u00e9talien \u200bou v\u00e9g\u00e9tarien. Cette \u2063poudre de prot\u00e9ines de haute qualit\u00e9 est\u200b fabriqu\u00e9e\u200c par la marque Allnutrition, originaire de Pologne.<\/p>\n<h2>Caract\u00e9ristiques sp\u00e9ciales<\/h2>\n<ul>\n<li>Convient aux r\u00e9gimes v\u00e9g\u00e9taliens et\u2064 v\u00e9g\u00e9tariens<\/li>\n<li>Contient 21g de prot\u00e9ines par portion<\/li>\n<li>Saveur d\u00e9licieuse de caramel \u2062sal\u00e9<\/li>\n<li>Fabriqu\u00e9 \u00e0 partir d&#8217;ingr\u00e9dients naturels<\/li>\n<li>Facile \u00e0 dig\u00e9rer<\/li>\n<\/ul>\n<h2>Ingr\u00e9dients<\/h2>\n<p>Cette poudre de prot\u00e9ines est compos\u00e9e d&#8217;un m\u00e9lange de\u2063 prot\u00e9ines v\u00e9g\u00e9tales de haute qualit\u00e9,\u2062 notamment de pois, de riz et de chanvre. Elle\u2064 est \u00e9galement enrichie \u2064en vitamines et min\u00e9raux essentiels pour une nutrition optimale.<\/p>\n<h2>Avantages \u200duniques<\/h2>\n<p>Notre Vegan\u200d Protein, Salted Caramel est une excellente alternative aux \u200dprot\u00e9ines animales \u200cpour \u200cles personnes suivant \u2063un r\u00e9gime v\u00e9g\u00e9talien\u2063 ou v\u00e9g\u00e9tarien.\u200d Elle est \u00e9galement id\u00e9ale pour les personnes souffrant d&#8217;intol\u00e9rances ou d&#8217;allergies \u200calimentaires, car\u2062 elle\u200d ne contient pas de lactose, de gluten ou de soja.<\/p>\n<h2>Principales caract\u00e9ristiques<\/h2>\n<ul>\n<li>500g de poudre de prot\u00e9ines<\/li>\n<li>Saveur de caramel \u2064sal\u00e9<\/li>\n<li>21g de prot\u00e9ines par\u2063 portion<\/li>\n<li>Convient aux\u2062 r\u00e9gimes v\u00e9g\u00e9taliens et v\u00e9g\u00e9tariens<\/li>\n<li>Facile \u00e0\u2064 dig\u00e9rer<\/li>\n<li>Enrichi\u200c en vitamines\u200b et min\u00e9raux<\/li>\n<\/ul>\n<p>Ajoutez notre\u2064 Vegan Protein, Salted Caramel \u2062\u00e0 vos \u2064smoothies, shakes ou recettes de p\u00e2tisserie pour un apport en\u200b prot\u00e9ines sain et d\u00e9licieux. Commandez d\u00e8s maintenant et d\u00e9couvrez par \u200bvous-m\u00eame \u2062pourquoi notre \u200dVegan \u2063Protein est si populaire aupr\u00e8s des amateurs de fitness et de\u2064 nutrition.<\/p>\n","protected":false},"excerpt":{"rendered":"<p>Vegan\u200c Protein, Salted Caramel &#8211; 500g D\u00e9couvrez notre d\u00e9licieuse Vegan Protein\u2062 au go\u00fbt de caramel\u200c sal\u00e9, sp\u00e9cialement con\u00e7ue \u2062pour\u2063 les \u200bpersonnes suivant un r\u00e9gime v\u00e9g\u00e9talien \u200bou v\u00e9g\u00e9tarien. Cette \u2063poudre de prot\u00e9ines de haute qualit\u00e9 est\u200b fabriqu\u00e9e\u200c par la marque Allnutrition, originaire de Pologne. Caract\u00e9ristiques sp\u00e9ciales Convient aux r\u00e9gimes v\u00e9g\u00e9taliens et\u2064 v\u00e9g\u00e9tariens Contient 21g de prot\u00e9ines [&#8230;]\n","protected":false},"featured_media":263303,"comment_status":"open","ping_status":"open","template":"","meta":[],"product_brand":[4634],"product_cat":[5054,5055,5056,5052],"product_tag":[],"class_list":{"0":"post-286194","1":"product","2":"type-product","3":"status-publish","4":"has-post-thumbnail","6":"product_brand-allnutrition-2","7":"product_cat-nourriture-saine","8":"product_cat-produits-vegetaliens","9":"product_cat-proteine","10":"product_cat-sante-et-bien-etre","12":"first","13":"instock","14":"taxable","15":"shipping-taxable","16":"purchasable","17":"product-type-simple"},"yoast_head":"<!-- This site is optimized with the Yoast SEO Premium plugin v27.3 (Yoast SEO v27.3) - https:\/\/yoast.com\/product\/yoast-seo-premium-wordpress\/ -->\n<title>Prot\u00e9ine V\u00e9g\u00e9talienne, Caramel Sal\u00e9 - 500g - ECO Supplements<\/title>\n<meta name=\"description\" content=\"Wij hebben een ruime keuze aan producten van Prot\u00e9ine V\u00e9g\u00e9talienne, Caramel Sal\u00e9 - 500g . Winkel bij Eco Supplements altijd gratis verzending boven 100\u20ac\" \/>\n<meta name=\"robots\" content=\"index, follow, max-snippet:-1, max-image-preview:large, max-video-preview:-1\" \/>\n<link rel=\"canonical\" href=\"https:\/\/ecosupplements.be\/fr\/produit\/proteine-vegetalienne-caramel-sale-500g\/\" \/>\n<meta property=\"og:locale\" content=\"fr_FR\" \/>\n<meta property=\"og:type\" content=\"article\" \/>\n<meta property=\"og:title\" content=\"Prot\u00e9ine V\u00e9g\u00e9talienne, Caramel Sal\u00e9 - 500g\" \/>\n<meta property=\"og:description\" content=\"Wij hebben een ruime keuze aan producten van Prot\u00e9ine V\u00e9g\u00e9talienne, Caramel Sal\u00e9 - 500g . Winkel bij Eco Supplements altijd gratis verzending boven 100\u20ac\" \/>\n<meta property=\"og:url\" content=\"https:\/\/ecosupplements.be\/fr\/produit\/proteine-vegetalienne-caramel-sale-500g\/\" \/>\n<meta property=\"og:site_name\" content=\"ECO Supplements\" \/>\n<meta property=\"article:modified_time\" content=\"2025-08-27T13:04:02+00:00\" \/>\n<meta property=\"og:image\" content=\"https:\/\/ecosupplements.be\/wp-content\/uploads\/2025\/08\/Vegan-Protein-Salted-Caramel-500g-1.jpg\" \/>\n\t<meta property=\"og:image:width\" content=\"648\" \/>\n\t<meta property=\"og:image:height\" content=\"648\" \/>\n\t<meta property=\"og:image:type\" content=\"image\/jpeg\" \/>\n<meta name=\"twitter:card\" content=\"summary_large_image\" \/>\n<meta name=\"twitter:label1\" content=\"Prix\" \/>\n\t<meta name=\"twitter:data1\" content=\"13.19&nbsp;&euro;\" \/>\n\t<meta name=\"twitter:label2\" content=\"Disponibilit\u00e9\" \/>\n\t<meta name=\"twitter:data2\" content=\"En stock\" \/>\n<script type=\"application\/ld+json\" class=\"yoast-schema-graph\">{\"@context\":\"https:\\\/\\\/schema.org\",\"@graph\":[{\"@type\":[\"WebPage\",\"ItemPage\"],\"@id\":\"https:\\\/\\\/ecosupplements.be\\\/fr\\\/produit\\\/proteine-vegetalienne-caramel-sale-500g\\\/\",\"url\":\"https:\\\/\\\/ecosupplements.be\\\/fr\\\/produit\\\/proteine-vegetalienne-caramel-sale-500g\\\/\",\"name\":\"Prot\u00e9ine V\u00e9g\u00e9talienne, Caramel Sal\u00e9 - 500g - ECO Supplements\",\"isPartOf\":{\"@id\":\"https:\\\/\\\/ecosupplements.be\\\/fr\\\/#website\"},\"primaryImageOfPage\":{\"@id\":\"https:\\\/\\\/ecosupplements.be\\\/fr\\\/produit\\\/proteine-vegetalienne-caramel-sale-500g\\\/#primaryimage\"},\"image\":{\"@id\":\"https:\\\/\\\/ecosupplements.be\\\/fr\\\/produit\\\/proteine-vegetalienne-caramel-sale-500g\\\/#primaryimage\"},\"thumbnailUrl\":\"https:\\\/\\\/ecosupplements.be\\\/wp-content\\\/uploads\\\/2025\\\/08\\\/Vegan-Protein-Salted-Caramel-500g.jpg\",\"datePublished\":\"2024-03-06T23:06:03+00:00\",\"dateModified\":\"2025-08-27T13:04:02+00:00\",\"description\":\"Wij hebben een ruime keuze aan producten van Prot\u00e9ine V\u00e9g\u00e9talienne, Caramel Sal\u00e9 - 500g . Winkel bij Eco Supplements altijd gratis verzending boven 100\u20ac\",\"breadcrumb\":{\"@id\":\"https:\\\/\\\/ecosupplements.be\\\/fr\\\/produit\\\/proteine-vegetalienne-caramel-sale-500g\\\/#breadcrumb\"},\"inLanguage\":\"fr-FR\",\"potentialAction\":[{\"@type\":\"ReadAction\",\"target\":[\"https:\\\/\\\/ecosupplements.be\\\/fr\\\/produit\\\/proteine-vegetalienne-caramel-sale-500g\\\/\"]}]},{\"@type\":\"ImageObject\",\"inLanguage\":\"fr-FR\",\"@id\":\"https:\\\/\\\/ecosupplements.be\\\/fr\\\/produit\\\/proteine-vegetalienne-caramel-sale-500g\\\/#primaryimage\",\"url\":\"https:\\\/\\\/ecosupplements.be\\\/wp-content\\\/uploads\\\/2025\\\/08\\\/Vegan-Protein-Salted-Caramel-500g.jpg\",\"contentUrl\":\"https:\\\/\\\/ecosupplements.be\\\/wp-content\\\/uploads\\\/2025\\\/08\\\/Vegan-Protein-Salted-Caramel-500g.jpg\",\"width\":648,\"height\":648},{\"@type\":\"BreadcrumbList\",\"@id\":\"https:\\\/\\\/ecosupplements.be\\\/fr\\\/produit\\\/proteine-vegetalienne-caramel-sale-500g\\\/#breadcrumb\",\"itemListElement\":[{\"@type\":\"ListItem\",\"position\":1,\"name\":\"Home\",\"item\":\"https:\\\/\\\/ecosupplements.be\\\/fr\\\/\"},{\"@type\":\"ListItem\",\"position\":2,\"name\":\"Boutique\",\"item\":\"https:\\\/\\\/ecosupplements.be\\\/fr\\\/boutique\\\/\"},{\"@type\":\"ListItem\",\"position\":3,\"name\":\"Prot\u00e9ine V\u00e9g\u00e9talienne, Caramel Sal\u00e9 &#8211; 500g\"}]},{\"@type\":\"WebSite\",\"@id\":\"https:\\\/\\\/ecosupplements.be\\\/fr\\\/#website\",\"url\":\"https:\\\/\\\/ecosupplements.be\\\/fr\\\/\",\"name\":\"ECO Supplements\",\"description\":\"Eco Supplements - Gezonde supplementen\",\"publisher\":{\"@id\":\"https:\\\/\\\/ecosupplements.be\\\/fr\\\/#organization\"},\"potentialAction\":[{\"@type\":\"SearchAction\",\"target\":{\"@type\":\"EntryPoint\",\"urlTemplate\":\"https:\\\/\\\/ecosupplements.be\\\/fr\\\/?s={search_term_string}\"},\"query-input\":{\"@type\":\"PropertyValueSpecification\",\"valueRequired\":true,\"valueName\":\"search_term_string\"}}],\"inLanguage\":\"fr-FR\"},{\"@type\":\"Organization\",\"@id\":\"https:\\\/\\\/ecosupplements.be\\\/fr\\\/#organization\",\"name\":\"Eco Supplements\",\"url\":\"https:\\\/\\\/ecosupplements.be\\\/fr\\\/\",\"logo\":{\"@type\":\"ImageObject\",\"inLanguage\":\"fr-FR\",\"@id\":\"https:\\\/\\\/ecosupplements.be\\\/fr\\\/#\\\/schema\\\/logo\\\/image\\\/\",\"url\":\"https:\\\/\\\/ecosupplements.be\\\/wp-content\\\/uploads\\\/2022\\\/06\\\/ecosupplement-family.png\",\"contentUrl\":\"https:\\\/\\\/ecosupplements.be\\\/wp-content\\\/uploads\\\/2022\\\/06\\\/ecosupplement-family.png\",\"width\":593,\"height\":374,\"caption\":\"Eco Supplements\"},\"image\":{\"@id\":\"https:\\\/\\\/ecosupplements.be\\\/fr\\\/#\\\/schema\\\/logo\\\/image\\\/\"}}]}<\/script>\n<meta property=\"product:brand\" content=\"Allnutrition\" \/>\n<meta property=\"product:price:amount\" content=\"13.19\" \/>\n<meta property=\"product:price:currency\" content=\"EUR\" \/>\n<meta property=\"og:availability\" content=\"instock\" \/>\n<meta property=\"product:availability\" content=\"instock\" \/>\n<meta property=\"product:retailer_item_id\" content=\"5902837733609\" \/>\n<meta property=\"product:condition\" content=\"new\" \/>\n<!-- \/ Yoast SEO Premium plugin. -->","yoast_head_json":{"title":"Prot\u00e9ine V\u00e9g\u00e9talienne, Caramel Sal\u00e9 - 500g - ECO Supplements","description":"Wij hebben een ruime keuze aan producten van Prot\u00e9ine V\u00e9g\u00e9talienne, Caramel Sal\u00e9 - 500g . Winkel bij Eco Supplements altijd gratis verzending boven 100\u20ac","robots":{"index":"index","follow":"follow","max-snippet":"max-snippet:-1","max-image-preview":"max-image-preview:large","max-video-preview":"max-video-preview:-1"},"canonical":"https:\/\/ecosupplements.be\/fr\/produit\/proteine-vegetalienne-caramel-sale-500g\/","og_locale":"fr_FR","og_type":"article","og_title":"Prot\u00e9ine V\u00e9g\u00e9talienne, Caramel Sal\u00e9 - 500g","og_description":"Wij hebben een ruime keuze aan producten van Prot\u00e9ine V\u00e9g\u00e9talienne, Caramel Sal\u00e9 - 500g . Winkel bij Eco Supplements altijd gratis verzending boven 100\u20ac","og_url":"https:\/\/ecosupplements.be\/fr\/produit\/proteine-vegetalienne-caramel-sale-500g\/","og_site_name":"ECO Supplements","article_modified_time":"2025-08-27T13:04:02+00:00","og_image":[{"width":648,"height":648,"url":"https:\/\/ecosupplements.be\/wp-content\/uploads\/2025\/08\/Vegan-Protein-Salted-Caramel-500g-1.jpg","type":"image\/jpeg"}],"twitter_card":"summary_large_image","twitter_misc":{"Prix":"13.19&nbsp;&euro;","Disponibilit\u00e9":"En stock"},"schema":{"@context":"https:\/\/schema.org","@graph":[{"@type":["WebPage","ItemPage"],"@id":"https:\/\/ecosupplements.be\/fr\/produit\/proteine-vegetalienne-caramel-sale-500g\/","url":"https:\/\/ecosupplements.be\/fr\/produit\/proteine-vegetalienne-caramel-sale-500g\/","name":"Prot\u00e9ine V\u00e9g\u00e9talienne, Caramel Sal\u00e9 - 500g - ECO Supplements","isPartOf":{"@id":"https:\/\/ecosupplements.be\/fr\/#website"},"primaryImageOfPage":{"@id":"https:\/\/ecosupplements.be\/fr\/produit\/proteine-vegetalienne-caramel-sale-500g\/#primaryimage"},"image":{"@id":"https:\/\/ecosupplements.be\/fr\/produit\/proteine-vegetalienne-caramel-sale-500g\/#primaryimage"},"thumbnailUrl":"https:\/\/ecosupplements.be\/wp-content\/uploads\/2025\/08\/Vegan-Protein-Salted-Caramel-500g.jpg","datePublished":"2024-03-06T23:06:03+00:00","dateModified":"2025-08-27T13:04:02+00:00","description":"Wij hebben een ruime keuze aan producten van Prot\u00e9ine V\u00e9g\u00e9talienne, Caramel Sal\u00e9 - 500g . Winkel bij Eco Supplements altijd gratis verzending boven 100\u20ac","breadcrumb":{"@id":"https:\/\/ecosupplements.be\/fr\/produit\/proteine-vegetalienne-caramel-sale-500g\/#breadcrumb"},"inLanguage":"fr-FR","potentialAction":[{"@type":"ReadAction","target":["https:\/\/ecosupplements.be\/fr\/produit\/proteine-vegetalienne-caramel-sale-500g\/"]}]},{"@type":"ImageObject","inLanguage":"fr-FR","@id":"https:\/\/ecosupplements.be\/fr\/produit\/proteine-vegetalienne-caramel-sale-500g\/#primaryimage","url":"https:\/\/ecosupplements.be\/wp-content\/uploads\/2025\/08\/Vegan-Protein-Salted-Caramel-500g.jpg","contentUrl":"https:\/\/ecosupplements.be\/wp-content\/uploads\/2025\/08\/Vegan-Protein-Salted-Caramel-500g.jpg","width":648,"height":648},{"@type":"BreadcrumbList","@id":"https:\/\/ecosupplements.be\/fr\/produit\/proteine-vegetalienne-caramel-sale-500g\/#breadcrumb","itemListElement":[{"@type":"ListItem","position":1,"name":"Home","item":"https:\/\/ecosupplements.be\/fr\/"},{"@type":"ListItem","position":2,"name":"Boutique","item":"https:\/\/ecosupplements.be\/fr\/boutique\/"},{"@type":"ListItem","position":3,"name":"Prot\u00e9ine V\u00e9g\u00e9talienne, Caramel Sal\u00e9 &#8211; 500g"}]},{"@type":"WebSite","@id":"https:\/\/ecosupplements.be\/fr\/#website","url":"https:\/\/ecosupplements.be\/fr\/","name":"ECO Supplements","description":"Eco Supplements - Gezonde supplementen","publisher":{"@id":"https:\/\/ecosupplements.be\/fr\/#organization"},"potentialAction":[{"@type":"SearchAction","target":{"@type":"EntryPoint","urlTemplate":"https:\/\/ecosupplements.be\/fr\/?s={search_term_string}"},"query-input":{"@type":"PropertyValueSpecification","valueRequired":true,"valueName":"search_term_string"}}],"inLanguage":"fr-FR"},{"@type":"Organization","@id":"https:\/\/ecosupplements.be\/fr\/#organization","name":"Eco Supplements","url":"https:\/\/ecosupplements.be\/fr\/","logo":{"@type":"ImageObject","inLanguage":"fr-FR","@id":"https:\/\/ecosupplements.be\/fr\/#\/schema\/logo\/image\/","url":"https:\/\/ecosupplements.be\/wp-content\/uploads\/2022\/06\/ecosupplement-family.png","contentUrl":"https:\/\/ecosupplements.be\/wp-content\/uploads\/2022\/06\/ecosupplement-family.png","width":593,"height":374,"caption":"Eco Supplements"},"image":{"@id":"https:\/\/ecosupplements.be\/fr\/#\/schema\/logo\/image\/"}}]},"product_brand":"Allnutrition","product_price_amount":"13.19","product_price_currency":"EUR","og_availability":"instock","product_availability":"instock","product_retailer_item_id":"5902837733609","product_condition":"new"},"_links":{"self":[{"href":"https:\/\/ecosupplements.be\/fr\/wp-json\/wp\/v2\/product\/286194","targetHints":{"allow":["GET"]}}],"collection":[{"href":"https:\/\/ecosupplements.be\/fr\/wp-json\/wp\/v2\/product"}],"about":[{"href":"https:\/\/ecosupplements.be\/fr\/wp-json\/wp\/v2\/types\/product"}],"replies":[{"embeddable":true,"href":"https:\/\/ecosupplements.be\/fr\/wp-json\/wp\/v2\/comments?post=286194"}],"wp:featuredmedia":[{"embeddable":true,"href":"https:\/\/ecosupplements.be\/fr\/wp-json\/wp\/v2\/media\/263303"}],"wp:attachment":[{"href":"https:\/\/ecosupplements.be\/fr\/wp-json\/wp\/v2\/media?parent=286194"}],"wp:term":[{"taxonomy":"product_brand","embeddable":true,"href":"https:\/\/ecosupplements.be\/fr\/wp-json\/wp\/v2\/product_brand?post=286194"},{"taxonomy":"product_cat","embeddable":true,"href":"https:\/\/ecosupplements.be\/fr\/wp-json\/wp\/v2\/product_cat?post=286194"},{"taxonomy":"product_tag","embeddable":true,"href":"https:\/\/ecosupplements.be\/fr\/wp-json\/wp\/v2\/product_tag?post=286194"}],"curies":[{"name":"wp","href":"https:\/\/api.w.org\/{rel}","templated":true}]}}