{"id":286197,"date":"2024-03-07T00:06:34","date_gmt":"2024-03-06T23:06:34","guid":{"rendered":"https:\/\/ecosupplements.be\/product\/proteine-vegetalienne-fraise-500g\/"},"modified":"2025-08-27T14:04:05","modified_gmt":"2025-08-27T13:04:05","slug":"proteine-vegetalienne-fraise-500g","status":"publish","type":"product","link":"https:\/\/ecosupplements.be\/fr\/produit\/proteine-vegetalienne-fraise-500g\/","title":{"rendered":"Prot\u00e9ine V\u00e9g\u00e9talienne, Fraise &#8211; 500g"},"content":{"rendered":"<h1>Vegan Protein, Strawberry &#8211; 500g<\/h1>\n<p>D\u00e9couvrez notre d\u00e9licieuse\u200b prot\u00e9ine \u200bv\u00e9g\u00e9tale \u00e0 la fraise, sp\u00e9cialement \u200ccon\u00e7ue pour les\u2062 personnes suivant\u2064 un r\u00e9gime v\u00e9g\u00e9tarien ou v\u00e9g\u00e9talien. Fabriqu\u00e9e par la\u200b marque Allnutrition, cette prot\u00e9ine est\u200b un choix parfait\u200c pour ceux qui \u200dcherchent \u00e0 augmenter leur apport en prot\u00e9ines tout \u2062en respectant leur mode de vie.<\/p>\n<h2>Caract\u00e9ristiques \u200csp\u00e9ciales<\/h2>\n<ul>\n<li>Prot\u00e9ine v\u00e9g\u00e9tale \u00e0 base de pois et de riz<\/li>\n<li>Saveur\u200d fraise d\u00e9licieuse et naturelle<\/li>\n<li>Convient aux r\u00e9gimes v\u00e9g\u00e9tariens et v\u00e9g\u00e9taliens<\/li>\n<li>Contient \u200d21g de prot\u00e9ines par portion de 30g<\/li>\n<li>Sans gluten et \u200bsans lactose<\/li>\n<\/ul>\n<h2>Ingr\u00e9dients<\/h2>\n<p>Cette prot\u00e9ine\u200d v\u00e9g\u00e9tale est compos\u00e9e d&#8217;un m\u00e9lange de prot\u00e9ines \u2062de\u2064 pois et de riz, ainsi que d&#8217;ar\u00f4mes naturels\u2064 de fraise. Elle ne \u2063contient aucun ingr\u00e9dient d&#8217;origine animale, ce qui en fait un choix id\u00e9al pour les personnes suivant un\u2064 r\u00e9gime v\u00e9g\u00e9tarien ou v\u00e9g\u00e9talien.<\/p>\n<h2>Avantages uniques<\/h2>\n<p>En \u200bplus d&#8217;\u00eatre une source de prot\u00e9ines v\u00e9g\u00e9tales\u200c de haute qualit\u00e9, \u200dnotre Vegan Protein \u00e0 la fraise offre \u00e9galement d&#8217;autres avantages uniques. Elle est riche en acides amin\u00e9s essentiels, en fibres et en vitamines et min\u00e9raux essentiels pour une sant\u00e9 optimale. De plus, elle \u200best facile \u00e0 \u2062dig\u00e9rer et ne\u2062 contient pas de sucres ajout\u00e9s.<\/p>\n<h2>Principales caract\u00e9ristiques<\/h2>\n<ul>\n<li>500g de poudre de prot\u00e9ine v\u00e9g\u00e9tale<\/li>\n<li>Saveur fraise d\u00e9licieuse et naturelle<\/li>\n<li>21g de prot\u00e9ines par portion de\u2063 30g<\/li>\n<li>Convient aux r\u00e9gimes\u2062 v\u00e9g\u00e9tariens et v\u00e9g\u00e9taliens<\/li>\n<li>Sans gluten et sans lactose<\/li>\n<li>Facile \u00e0 dig\u00e9rer<\/li>\n<li>Riche en acides amin\u00e9s essentiels, en fibres et \u2063en vitamines et min\u00e9raux<\/li>\n<\/ul>\n<p>Ajoutez notre Vegan Protein,\u2063 Strawberry &#8211; 500g \u00e0 votre alimentation pour augmenter votre apport en prot\u00e9ines et profiter de ses nombreux\u200b avantages pour la sant\u00e9. Commandez d\u00e8s maintenant et d\u00e9couvrez par vous-m\u00eame pourquoi cette prot\u00e9ine v\u00e9g\u00e9tale\u200d est si populaire parmi \u200dles personnes suivant un r\u00e9gime\u2064 v\u00e9g\u00e9tarien ou v\u00e9g\u00e9talien.<\/p>\n","protected":false},"excerpt":{"rendered":"<p>Vegan Protein, Strawberry &#8211; 500g D\u00e9couvrez notre d\u00e9licieuse\u200b prot\u00e9ine \u200bv\u00e9g\u00e9tale \u00e0 la fraise, sp\u00e9cialement \u200ccon\u00e7ue pour les\u2062 personnes suivant\u2064 un r\u00e9gime v\u00e9g\u00e9tarien ou v\u00e9g\u00e9talien. Fabriqu\u00e9e par la\u200b marque Allnutrition, cette prot\u00e9ine est\u200b un choix parfait\u200c pour ceux qui \u200dcherchent \u00e0 augmenter leur apport en prot\u00e9ines tout \u2062en respectant leur mode de vie. Caract\u00e9ristiques \u200csp\u00e9ciales Prot\u00e9ine [&#8230;]\n","protected":false},"featured_media":263306,"comment_status":"open","ping_status":"open","template":"","meta":[],"product_brand":[4634],"product_cat":[5054,5055,5056,5052],"product_tag":[],"class_list":{"0":"post-286197","1":"product","2":"type-product","3":"status-publish","4":"has-post-thumbnail","6":"product_brand-allnutrition-2","7":"product_cat-nourriture-saine","8":"product_cat-produits-vegetaliens","9":"product_cat-proteine","10":"product_cat-sante-et-bien-etre","12":"first","13":"instock","14":"taxable","15":"shipping-taxable","16":"purchasable","17":"product-type-simple"},"yoast_head":"<!-- This site is optimized with the Yoast SEO Premium plugin v27.3 (Yoast SEO v27.3) - https:\/\/yoast.com\/product\/yoast-seo-premium-wordpress\/ -->\n<title>Prot\u00e9ine V\u00e9g\u00e9talienne, Fraise - 500g - ECO Supplements<\/title>\n<meta name=\"description\" content=\"Wij hebben een ruime keuze aan producten van Prot\u00e9ine V\u00e9g\u00e9talienne, Fraise - 500g . Winkel bij Eco Supplements altijd gratis verzending boven 100\u20ac\" \/>\n<meta name=\"robots\" content=\"index, follow, max-snippet:-1, max-image-preview:large, max-video-preview:-1\" \/>\n<link rel=\"canonical\" href=\"https:\/\/ecosupplements.be\/fr\/produit\/proteine-vegetalienne-fraise-500g\/\" \/>\n<meta property=\"og:locale\" content=\"fr_FR\" \/>\n<meta property=\"og:type\" content=\"article\" \/>\n<meta property=\"og:title\" content=\"Prot\u00e9ine V\u00e9g\u00e9talienne, Fraise - 500g\" \/>\n<meta property=\"og:description\" content=\"Wij hebben een ruime keuze aan producten van Prot\u00e9ine V\u00e9g\u00e9talienne, Fraise - 500g . Winkel bij Eco Supplements altijd gratis verzending boven 100\u20ac\" \/>\n<meta property=\"og:url\" content=\"https:\/\/ecosupplements.be\/fr\/produit\/proteine-vegetalienne-fraise-500g\/\" \/>\n<meta property=\"og:site_name\" content=\"ECO Supplements\" \/>\n<meta property=\"article:modified_time\" content=\"2025-08-27T13:04:05+00:00\" \/>\n<meta property=\"og:image\" content=\"https:\/\/ecosupplements.be\/wp-content\/uploads\/2025\/08\/Vegan-Protein-Strawberry-500g-1.jpg\" \/>\n\t<meta property=\"og:image:width\" content=\"602\" \/>\n\t<meta property=\"og:image:height\" content=\"773\" \/>\n\t<meta property=\"og:image:type\" content=\"image\/jpeg\" \/>\n<meta name=\"twitter:card\" content=\"summary_large_image\" \/>\n<meta name=\"twitter:label1\" content=\"Prix\" \/>\n\t<meta name=\"twitter:data1\" content=\"13.19&nbsp;&euro;\" \/>\n\t<meta name=\"twitter:label2\" content=\"Disponibilit\u00e9\" \/>\n\t<meta name=\"twitter:data2\" content=\"En stock\" \/>\n<script type=\"application\/ld+json\" class=\"yoast-schema-graph\">{\"@context\":\"https:\\\/\\\/schema.org\",\"@graph\":[{\"@type\":[\"WebPage\",\"ItemPage\"],\"@id\":\"https:\\\/\\\/ecosupplements.be\\\/fr\\\/produit\\\/proteine-vegetalienne-fraise-500g\\\/\",\"url\":\"https:\\\/\\\/ecosupplements.be\\\/fr\\\/produit\\\/proteine-vegetalienne-fraise-500g\\\/\",\"name\":\"Prot\u00e9ine V\u00e9g\u00e9talienne, Fraise - 500g - ECO Supplements\",\"isPartOf\":{\"@id\":\"https:\\\/\\\/ecosupplements.be\\\/fr\\\/#website\"},\"primaryImageOfPage\":{\"@id\":\"https:\\\/\\\/ecosupplements.be\\\/fr\\\/produit\\\/proteine-vegetalienne-fraise-500g\\\/#primaryimage\"},\"image\":{\"@id\":\"https:\\\/\\\/ecosupplements.be\\\/fr\\\/produit\\\/proteine-vegetalienne-fraise-500g\\\/#primaryimage\"},\"thumbnailUrl\":\"https:\\\/\\\/ecosupplements.be\\\/wp-content\\\/uploads\\\/2025\\\/08\\\/Vegan-Protein-Strawberry-500g.jpg\",\"datePublished\":\"2024-03-06T23:06:34+00:00\",\"dateModified\":\"2025-08-27T13:04:05+00:00\",\"description\":\"Wij hebben een ruime keuze aan producten van Prot\u00e9ine V\u00e9g\u00e9talienne, Fraise - 500g . Winkel bij Eco Supplements altijd gratis verzending boven 100\u20ac\",\"breadcrumb\":{\"@id\":\"https:\\\/\\\/ecosupplements.be\\\/fr\\\/produit\\\/proteine-vegetalienne-fraise-500g\\\/#breadcrumb\"},\"inLanguage\":\"fr-FR\",\"potentialAction\":[{\"@type\":\"ReadAction\",\"target\":[\"https:\\\/\\\/ecosupplements.be\\\/fr\\\/produit\\\/proteine-vegetalienne-fraise-500g\\\/\"]}]},{\"@type\":\"ImageObject\",\"inLanguage\":\"fr-FR\",\"@id\":\"https:\\\/\\\/ecosupplements.be\\\/fr\\\/produit\\\/proteine-vegetalienne-fraise-500g\\\/#primaryimage\",\"url\":\"https:\\\/\\\/ecosupplements.be\\\/wp-content\\\/uploads\\\/2025\\\/08\\\/Vegan-Protein-Strawberry-500g.jpg\",\"contentUrl\":\"https:\\\/\\\/ecosupplements.be\\\/wp-content\\\/uploads\\\/2025\\\/08\\\/Vegan-Protein-Strawberry-500g.jpg\",\"width\":602,\"height\":773},{\"@type\":\"BreadcrumbList\",\"@id\":\"https:\\\/\\\/ecosupplements.be\\\/fr\\\/produit\\\/proteine-vegetalienne-fraise-500g\\\/#breadcrumb\",\"itemListElement\":[{\"@type\":\"ListItem\",\"position\":1,\"name\":\"Home\",\"item\":\"https:\\\/\\\/ecosupplements.be\\\/fr\\\/\"},{\"@type\":\"ListItem\",\"position\":2,\"name\":\"Boutique\",\"item\":\"https:\\\/\\\/ecosupplements.be\\\/fr\\\/boutique\\\/\"},{\"@type\":\"ListItem\",\"position\":3,\"name\":\"Prot\u00e9ine V\u00e9g\u00e9talienne, Fraise &#8211; 500g\"}]},{\"@type\":\"WebSite\",\"@id\":\"https:\\\/\\\/ecosupplements.be\\\/fr\\\/#website\",\"url\":\"https:\\\/\\\/ecosupplements.be\\\/fr\\\/\",\"name\":\"ECO Supplements\",\"description\":\"Eco Supplements - Gezonde supplementen\",\"publisher\":{\"@id\":\"https:\\\/\\\/ecosupplements.be\\\/fr\\\/#organization\"},\"potentialAction\":[{\"@type\":\"SearchAction\",\"target\":{\"@type\":\"EntryPoint\",\"urlTemplate\":\"https:\\\/\\\/ecosupplements.be\\\/fr\\\/?s={search_term_string}\"},\"query-input\":{\"@type\":\"PropertyValueSpecification\",\"valueRequired\":true,\"valueName\":\"search_term_string\"}}],\"inLanguage\":\"fr-FR\"},{\"@type\":\"Organization\",\"@id\":\"https:\\\/\\\/ecosupplements.be\\\/fr\\\/#organization\",\"name\":\"Eco Supplements\",\"url\":\"https:\\\/\\\/ecosupplements.be\\\/fr\\\/\",\"logo\":{\"@type\":\"ImageObject\",\"inLanguage\":\"fr-FR\",\"@id\":\"https:\\\/\\\/ecosupplements.be\\\/fr\\\/#\\\/schema\\\/logo\\\/image\\\/\",\"url\":\"https:\\\/\\\/ecosupplements.be\\\/wp-content\\\/uploads\\\/2022\\\/06\\\/ecosupplement-family.png\",\"contentUrl\":\"https:\\\/\\\/ecosupplements.be\\\/wp-content\\\/uploads\\\/2022\\\/06\\\/ecosupplement-family.png\",\"width\":593,\"height\":374,\"caption\":\"Eco Supplements\"},\"image\":{\"@id\":\"https:\\\/\\\/ecosupplements.be\\\/fr\\\/#\\\/schema\\\/logo\\\/image\\\/\"}}]}<\/script>\n<meta property=\"product:brand\" content=\"Allnutrition\" \/>\n<meta property=\"product:price:amount\" content=\"13.19\" \/>\n<meta property=\"product:price:currency\" content=\"EUR\" \/>\n<meta property=\"og:availability\" content=\"instock\" \/>\n<meta property=\"product:availability\" content=\"instock\" \/>\n<meta property=\"product:retailer_item_id\" content=\"5902837731247\" \/>\n<meta property=\"product:condition\" content=\"new\" \/>\n<!-- \/ Yoast SEO Premium plugin. -->","yoast_head_json":{"title":"Prot\u00e9ine V\u00e9g\u00e9talienne, Fraise - 500g - ECO Supplements","description":"Wij hebben een ruime keuze aan producten van Prot\u00e9ine V\u00e9g\u00e9talienne, Fraise - 500g . Winkel bij Eco Supplements altijd gratis verzending boven 100\u20ac","robots":{"index":"index","follow":"follow","max-snippet":"max-snippet:-1","max-image-preview":"max-image-preview:large","max-video-preview":"max-video-preview:-1"},"canonical":"https:\/\/ecosupplements.be\/fr\/produit\/proteine-vegetalienne-fraise-500g\/","og_locale":"fr_FR","og_type":"article","og_title":"Prot\u00e9ine V\u00e9g\u00e9talienne, Fraise - 500g","og_description":"Wij hebben een ruime keuze aan producten van Prot\u00e9ine V\u00e9g\u00e9talienne, Fraise - 500g . Winkel bij Eco Supplements altijd gratis verzending boven 100\u20ac","og_url":"https:\/\/ecosupplements.be\/fr\/produit\/proteine-vegetalienne-fraise-500g\/","og_site_name":"ECO Supplements","article_modified_time":"2025-08-27T13:04:05+00:00","og_image":[{"width":602,"height":773,"url":"https:\/\/ecosupplements.be\/wp-content\/uploads\/2025\/08\/Vegan-Protein-Strawberry-500g-1.jpg","type":"image\/jpeg"}],"twitter_card":"summary_large_image","twitter_misc":{"Prix":"13.19&nbsp;&euro;","Disponibilit\u00e9":"En stock"},"schema":{"@context":"https:\/\/schema.org","@graph":[{"@type":["WebPage","ItemPage"],"@id":"https:\/\/ecosupplements.be\/fr\/produit\/proteine-vegetalienne-fraise-500g\/","url":"https:\/\/ecosupplements.be\/fr\/produit\/proteine-vegetalienne-fraise-500g\/","name":"Prot\u00e9ine V\u00e9g\u00e9talienne, Fraise - 500g - ECO Supplements","isPartOf":{"@id":"https:\/\/ecosupplements.be\/fr\/#website"},"primaryImageOfPage":{"@id":"https:\/\/ecosupplements.be\/fr\/produit\/proteine-vegetalienne-fraise-500g\/#primaryimage"},"image":{"@id":"https:\/\/ecosupplements.be\/fr\/produit\/proteine-vegetalienne-fraise-500g\/#primaryimage"},"thumbnailUrl":"https:\/\/ecosupplements.be\/wp-content\/uploads\/2025\/08\/Vegan-Protein-Strawberry-500g.jpg","datePublished":"2024-03-06T23:06:34+00:00","dateModified":"2025-08-27T13:04:05+00:00","description":"Wij hebben een ruime keuze aan producten van Prot\u00e9ine V\u00e9g\u00e9talienne, Fraise - 500g . Winkel bij Eco Supplements altijd gratis verzending boven 100\u20ac","breadcrumb":{"@id":"https:\/\/ecosupplements.be\/fr\/produit\/proteine-vegetalienne-fraise-500g\/#breadcrumb"},"inLanguage":"fr-FR","potentialAction":[{"@type":"ReadAction","target":["https:\/\/ecosupplements.be\/fr\/produit\/proteine-vegetalienne-fraise-500g\/"]}]},{"@type":"ImageObject","inLanguage":"fr-FR","@id":"https:\/\/ecosupplements.be\/fr\/produit\/proteine-vegetalienne-fraise-500g\/#primaryimage","url":"https:\/\/ecosupplements.be\/wp-content\/uploads\/2025\/08\/Vegan-Protein-Strawberry-500g.jpg","contentUrl":"https:\/\/ecosupplements.be\/wp-content\/uploads\/2025\/08\/Vegan-Protein-Strawberry-500g.jpg","width":602,"height":773},{"@type":"BreadcrumbList","@id":"https:\/\/ecosupplements.be\/fr\/produit\/proteine-vegetalienne-fraise-500g\/#breadcrumb","itemListElement":[{"@type":"ListItem","position":1,"name":"Home","item":"https:\/\/ecosupplements.be\/fr\/"},{"@type":"ListItem","position":2,"name":"Boutique","item":"https:\/\/ecosupplements.be\/fr\/boutique\/"},{"@type":"ListItem","position":3,"name":"Prot\u00e9ine V\u00e9g\u00e9talienne, Fraise &#8211; 500g"}]},{"@type":"WebSite","@id":"https:\/\/ecosupplements.be\/fr\/#website","url":"https:\/\/ecosupplements.be\/fr\/","name":"ECO Supplements","description":"Eco Supplements - Gezonde supplementen","publisher":{"@id":"https:\/\/ecosupplements.be\/fr\/#organization"},"potentialAction":[{"@type":"SearchAction","target":{"@type":"EntryPoint","urlTemplate":"https:\/\/ecosupplements.be\/fr\/?s={search_term_string}"},"query-input":{"@type":"PropertyValueSpecification","valueRequired":true,"valueName":"search_term_string"}}],"inLanguage":"fr-FR"},{"@type":"Organization","@id":"https:\/\/ecosupplements.be\/fr\/#organization","name":"Eco Supplements","url":"https:\/\/ecosupplements.be\/fr\/","logo":{"@type":"ImageObject","inLanguage":"fr-FR","@id":"https:\/\/ecosupplements.be\/fr\/#\/schema\/logo\/image\/","url":"https:\/\/ecosupplements.be\/wp-content\/uploads\/2022\/06\/ecosupplement-family.png","contentUrl":"https:\/\/ecosupplements.be\/wp-content\/uploads\/2022\/06\/ecosupplement-family.png","width":593,"height":374,"caption":"Eco Supplements"},"image":{"@id":"https:\/\/ecosupplements.be\/fr\/#\/schema\/logo\/image\/"}}]},"product_brand":"Allnutrition","product_price_amount":"13.19","product_price_currency":"EUR","og_availability":"instock","product_availability":"instock","product_retailer_item_id":"5902837731247","product_condition":"new"},"_links":{"self":[{"href":"https:\/\/ecosupplements.be\/fr\/wp-json\/wp\/v2\/product\/286197","targetHints":{"allow":["GET"]}}],"collection":[{"href":"https:\/\/ecosupplements.be\/fr\/wp-json\/wp\/v2\/product"}],"about":[{"href":"https:\/\/ecosupplements.be\/fr\/wp-json\/wp\/v2\/types\/product"}],"replies":[{"embeddable":true,"href":"https:\/\/ecosupplements.be\/fr\/wp-json\/wp\/v2\/comments?post=286197"}],"wp:featuredmedia":[{"embeddable":true,"href":"https:\/\/ecosupplements.be\/fr\/wp-json\/wp\/v2\/media\/263306"}],"wp:attachment":[{"href":"https:\/\/ecosupplements.be\/fr\/wp-json\/wp\/v2\/media?parent=286197"}],"wp:term":[{"taxonomy":"product_brand","embeddable":true,"href":"https:\/\/ecosupplements.be\/fr\/wp-json\/wp\/v2\/product_brand?post=286197"},{"taxonomy":"product_cat","embeddable":true,"href":"https:\/\/ecosupplements.be\/fr\/wp-json\/wp\/v2\/product_cat?post=286197"},{"taxonomy":"product_tag","embeddable":true,"href":"https:\/\/ecosupplements.be\/fr\/wp-json\/wp\/v2\/product_tag?post=286197"}],"curies":[{"name":"wp","href":"https:\/\/api.w.org\/{rel}","templated":true}]}}