{"id":286209,"date":"2023-01-16T21:58:30","date_gmt":"2023-01-16T20:58:30","guid":{"rendered":"https:\/\/ecosupplements.be\/product\/vitamine-d3-2000-2000-ui-60-capsules\/"},"modified":"2025-08-27T14:04:18","modified_gmt":"2025-08-27T13:04:18","slug":"vitamine-d3-2000-2000-ui-60-capsules","status":"publish","type":"product","link":"https:\/\/ecosupplements.be\/fr\/produit\/vitamine-d3-2000-2000-ui-60-capsules\/","title":{"rendered":"Vitamine D3 2000, 2000 UI &#8211; 60 capsules"},"content":{"rendered":"<h1>Vit D3 2000, 2000 IU &#8211; 60 caps<\/h1>\n<p>La vitamine D3 \u200dest un nutriment essentiel pour notre corps, mais il peut \u00eatre difficile d&#8217;en obtenir \u200csuffisamment par notre alimentation seule. C&#8217;est pourquoi Allnutrition a cr\u00e9\u00e9 Vit D3 2000, une formule pratique et efficace pour vous\u200d aider \u00e0 atteindre vos besoins quotidiens en vitamine D3.<\/p>\n<h2>Caract\u00e9ristiques \u2062sp\u00e9ciales:<\/h2>\n<ul>\n<li>2000 \u200dIU de vitamine \u2064D3 par capsule<\/li>\n<li>60 capsules \u2064par bouteille<\/li>\n<li>Facile \u00e0 avaler<\/li>\n<li>Formule hautement biodisponible<\/li>\n<li>Fabriqu\u00e9 en Pologne<\/li>\n<\/ul>\n<h2>Ingr\u00e9dients:<\/h2>\n<p>Chaque\u2062 capsule de Vit D3 2000 contient 2000\u200d IU de vitamine D3, \u00e9galement connue sous le nom de chol\u00e9calcif\u00e9rol. Ce nutriment\u200c est essentiel pour la sant\u00e9 des os, des dents et du syst\u00e8me immunitaire. La\u200c vitamine D3 est \u2062\u00e9galement impliqu\u00e9e dans \u200dla r\u00e9gulation de l&#8217;humeur et du m\u00e9tabolisme.<\/p>\n<h2>Avantages uniques:<\/h2>\n<p>En plus de\u2064 soutenir la sant\u00e9 des os et du \u2062syst\u00e8me immunitaire, la vitamine \u2063D3 peut \u00e9galement aider \u2063\u00e0 am\u00e9liorer l&#8217;absorption du calcium et du phosphore, ce qui est\u200c important pour la sant\u00e9 des\u2063 os. Elle peut \u00e9galement aider \u00e0\u2062 r\u00e9duire le risque de maladies chroniques \u200dtelles \u2063que l&#8217;ost\u00e9oporose et \u2063les maladies cardiovasculaires.<\/p>\n<h2>Principales caract\u00e9ristiques:<\/h2>\n<ul>\n<li>Facile \u00e0 int\u00e9grer dans votre routine quotidienne<\/li>\n<li>Convient aux v\u00e9g\u00e9tariens<\/li>\n<li>Ne contient pas de gluten, de lactose ou d&#8217;OGM<\/li>\n<li>Peut \u00eatre pris toute l&#8217;ann\u00e9e \u200cpour maintenir des niveaux ad\u00e9quats de vitamine D3<\/li>\n<\/ul>\n<p>Donnez \u00e0 votre corps \u2062le soutien \u2064dont il a besoin avec Vit D3 2000 de Allnutrition. Commandez d\u00e8s maintenant et \u200dprofitez \u200ddes bienfaits de la vitamine \u200dD3 \u2064pour votre\u200c sant\u00e9 et votre bien-\u00eatre.<\/p>\n","protected":false},"excerpt":{"rendered":"<p>Vit D3 2000, 2000 IU &#8211; 60 caps La vitamine D3 \u200dest un nutriment essentiel pour notre corps, mais il peut \u00eatre difficile d&#8217;en obtenir \u200csuffisamment par notre alimentation seule. C&#8217;est pourquoi Allnutrition a cr\u00e9\u00e9 Vit D3 2000, une formule pratique et efficace pour vous\u200d aider \u00e0 atteindre vos besoins quotidiens en vitamine D3. Caract\u00e9ristiques [&#8230;]\n","protected":false},"featured_media":261941,"comment_status":"open","ping_status":"open","template":"","meta":[],"product_brand":[4634],"product_cat":[5052,5053],"product_tag":[],"class_list":{"0":"post-286209","1":"product","2":"type-product","3":"status-publish","4":"has-post-thumbnail","6":"product_brand-allnutrition-2","7":"product_cat-sante-et-bien-etre","8":"product_cat-vitamines-et-mineraux","10":"first","11":"instock","12":"taxable","13":"shipping-taxable","14":"purchasable","15":"product-type-simple"},"yoast_head":"<!-- This site is optimized with the Yoast SEO Premium plugin v27.3 (Yoast SEO v27.3) - https:\/\/yoast.com\/product\/yoast-seo-premium-wordpress\/ -->\n<title>Vitamine D3 2000, 2000 UI - 60 capsules - ECO Supplements<\/title>\n<meta name=\"description\" content=\"Wij hebben een ruime keuze aan producten van Vitamine D3 2000, 2000 UI - 60 capsules . Winkel bij Eco Supplements altijd gratis verzending boven 100\u20ac\" \/>\n<meta name=\"robots\" content=\"index, follow, max-snippet:-1, max-image-preview:large, max-video-preview:-1\" \/>\n<link rel=\"canonical\" href=\"https:\/\/ecosupplements.be\/fr\/produit\/vitamine-d3-2000-2000-ui-60-capsules\/\" \/>\n<meta property=\"og:locale\" content=\"fr_FR\" \/>\n<meta property=\"og:type\" content=\"article\" \/>\n<meta property=\"og:title\" content=\"Vitamine D3 2000, 2000 UI - 60 capsules\" \/>\n<meta property=\"og:description\" content=\"Wij hebben een ruime keuze aan producten van Vitamine D3 2000, 2000 UI - 60 capsules . Winkel bij Eco Supplements altijd gratis verzending boven 100\u20ac\" \/>\n<meta property=\"og:url\" content=\"https:\/\/ecosupplements.be\/fr\/produit\/vitamine-d3-2000-2000-ui-60-capsules\/\" \/>\n<meta property=\"og:site_name\" content=\"ECO Supplements\" \/>\n<meta property=\"article:modified_time\" content=\"2025-08-27T13:04:18+00:00\" \/>\n<meta property=\"og:image\" content=\"https:\/\/ecosupplements.be\/wp-content\/uploads\/2025\/08\/Vit-D3-2000-IU-60-caps-1.jpg\" \/>\n\t<meta property=\"og:image:width\" content=\"576\" \/>\n\t<meta property=\"og:image:height\" content=\"576\" \/>\n\t<meta property=\"og:image:type\" content=\"image\/jpeg\" \/>\n<meta name=\"twitter:card\" content=\"summary_large_image\" \/>\n<meta name=\"twitter:label1\" content=\"Prix\" \/>\n\t<meta name=\"twitter:data1\" content=\"2.67&nbsp;&euro;\" \/>\n\t<meta name=\"twitter:label2\" content=\"Disponibilit\u00e9\" \/>\n\t<meta name=\"twitter:data2\" content=\"En stock\" \/>\n<script type=\"application\/ld+json\" class=\"yoast-schema-graph\">{\"@context\":\"https:\\\/\\\/schema.org\",\"@graph\":[{\"@type\":[\"WebPage\",\"ItemPage\"],\"@id\":\"https:\\\/\\\/ecosupplements.be\\\/fr\\\/produit\\\/vitamine-d3-2000-2000-ui-60-capsules\\\/\",\"url\":\"https:\\\/\\\/ecosupplements.be\\\/fr\\\/produit\\\/vitamine-d3-2000-2000-ui-60-capsules\\\/\",\"name\":\"Vitamine D3 2000, 2000 UI - 60 capsules - ECO Supplements\",\"isPartOf\":{\"@id\":\"https:\\\/\\\/ecosupplements.be\\\/fr\\\/#website\"},\"primaryImageOfPage\":{\"@id\":\"https:\\\/\\\/ecosupplements.be\\\/fr\\\/produit\\\/vitamine-d3-2000-2000-ui-60-capsules\\\/#primaryimage\"},\"image\":{\"@id\":\"https:\\\/\\\/ecosupplements.be\\\/fr\\\/produit\\\/vitamine-d3-2000-2000-ui-60-capsules\\\/#primaryimage\"},\"thumbnailUrl\":\"https:\\\/\\\/ecosupplements.be\\\/wp-content\\\/uploads\\\/2025\\\/08\\\/Vit-D3-2000-IU-60-caps.jpg\",\"datePublished\":\"2023-01-16T20:58:30+00:00\",\"dateModified\":\"2025-08-27T13:04:18+00:00\",\"description\":\"Wij hebben een ruime keuze aan producten van Vitamine D3 2000, 2000 UI - 60 capsules . Winkel bij Eco Supplements altijd gratis verzending boven 100\u20ac\",\"breadcrumb\":{\"@id\":\"https:\\\/\\\/ecosupplements.be\\\/fr\\\/produit\\\/vitamine-d3-2000-2000-ui-60-capsules\\\/#breadcrumb\"},\"inLanguage\":\"fr-FR\",\"potentialAction\":[{\"@type\":\"ReadAction\",\"target\":[\"https:\\\/\\\/ecosupplements.be\\\/fr\\\/produit\\\/vitamine-d3-2000-2000-ui-60-capsules\\\/\"]}]},{\"@type\":\"ImageObject\",\"inLanguage\":\"fr-FR\",\"@id\":\"https:\\\/\\\/ecosupplements.be\\\/fr\\\/produit\\\/vitamine-d3-2000-2000-ui-60-capsules\\\/#primaryimage\",\"url\":\"https:\\\/\\\/ecosupplements.be\\\/wp-content\\\/uploads\\\/2025\\\/08\\\/Vit-D3-2000-IU-60-caps.jpg\",\"contentUrl\":\"https:\\\/\\\/ecosupplements.be\\\/wp-content\\\/uploads\\\/2025\\\/08\\\/Vit-D3-2000-IU-60-caps.jpg\",\"width\":576,\"height\":576},{\"@type\":\"BreadcrumbList\",\"@id\":\"https:\\\/\\\/ecosupplements.be\\\/fr\\\/produit\\\/vitamine-d3-2000-2000-ui-60-capsules\\\/#breadcrumb\",\"itemListElement\":[{\"@type\":\"ListItem\",\"position\":1,\"name\":\"Home\",\"item\":\"https:\\\/\\\/ecosupplements.be\\\/fr\\\/\"},{\"@type\":\"ListItem\",\"position\":2,\"name\":\"Boutique\",\"item\":\"https:\\\/\\\/ecosupplements.be\\\/fr\\\/boutique\\\/\"},{\"@type\":\"ListItem\",\"position\":3,\"name\":\"Vitamine D3 2000, 2000 UI &#8211; 60 capsules\"}]},{\"@type\":\"WebSite\",\"@id\":\"https:\\\/\\\/ecosupplements.be\\\/fr\\\/#website\",\"url\":\"https:\\\/\\\/ecosupplements.be\\\/fr\\\/\",\"name\":\"ECO Supplements\",\"description\":\"Eco Supplements - Gezonde supplementen\",\"publisher\":{\"@id\":\"https:\\\/\\\/ecosupplements.be\\\/fr\\\/#organization\"},\"potentialAction\":[{\"@type\":\"SearchAction\",\"target\":{\"@type\":\"EntryPoint\",\"urlTemplate\":\"https:\\\/\\\/ecosupplements.be\\\/fr\\\/?s={search_term_string}\"},\"query-input\":{\"@type\":\"PropertyValueSpecification\",\"valueRequired\":true,\"valueName\":\"search_term_string\"}}],\"inLanguage\":\"fr-FR\"},{\"@type\":\"Organization\",\"@id\":\"https:\\\/\\\/ecosupplements.be\\\/fr\\\/#organization\",\"name\":\"Eco Supplements\",\"url\":\"https:\\\/\\\/ecosupplements.be\\\/fr\\\/\",\"logo\":{\"@type\":\"ImageObject\",\"inLanguage\":\"fr-FR\",\"@id\":\"https:\\\/\\\/ecosupplements.be\\\/fr\\\/#\\\/schema\\\/logo\\\/image\\\/\",\"url\":\"https:\\\/\\\/ecosupplements.be\\\/wp-content\\\/uploads\\\/2022\\\/06\\\/ecosupplement-family.png\",\"contentUrl\":\"https:\\\/\\\/ecosupplements.be\\\/wp-content\\\/uploads\\\/2022\\\/06\\\/ecosupplement-family.png\",\"width\":593,\"height\":374,\"caption\":\"Eco Supplements\"},\"image\":{\"@id\":\"https:\\\/\\\/ecosupplements.be\\\/fr\\\/#\\\/schema\\\/logo\\\/image\\\/\"}}]}<\/script>\n<meta property=\"product:brand\" content=\"Allnutrition\" \/>\n<meta property=\"product:price:amount\" content=\"2.67\" \/>\n<meta property=\"product:price:currency\" content=\"EUR\" \/>\n<meta property=\"og:availability\" content=\"instock\" \/>\n<meta property=\"product:availability\" content=\"instock\" \/>\n<meta property=\"product:retailer_item_id\" content=\"5902837709567\" \/>\n<meta property=\"product:condition\" content=\"new\" \/>\n<!-- \/ Yoast SEO Premium plugin. -->","yoast_head_json":{"title":"Vitamine D3 2000, 2000 UI - 60 capsules - ECO Supplements","description":"Wij hebben een ruime keuze aan producten van Vitamine D3 2000, 2000 UI - 60 capsules . Winkel bij Eco Supplements altijd gratis verzending boven 100\u20ac","robots":{"index":"index","follow":"follow","max-snippet":"max-snippet:-1","max-image-preview":"max-image-preview:large","max-video-preview":"max-video-preview:-1"},"canonical":"https:\/\/ecosupplements.be\/fr\/produit\/vitamine-d3-2000-2000-ui-60-capsules\/","og_locale":"fr_FR","og_type":"article","og_title":"Vitamine D3 2000, 2000 UI - 60 capsules","og_description":"Wij hebben een ruime keuze aan producten van Vitamine D3 2000, 2000 UI - 60 capsules . Winkel bij Eco Supplements altijd gratis verzending boven 100\u20ac","og_url":"https:\/\/ecosupplements.be\/fr\/produit\/vitamine-d3-2000-2000-ui-60-capsules\/","og_site_name":"ECO Supplements","article_modified_time":"2025-08-27T13:04:18+00:00","og_image":[{"width":576,"height":576,"url":"https:\/\/ecosupplements.be\/wp-content\/uploads\/2025\/08\/Vit-D3-2000-IU-60-caps-1.jpg","type":"image\/jpeg"}],"twitter_card":"summary_large_image","twitter_misc":{"Prix":"2.67&nbsp;&euro;","Disponibilit\u00e9":"En stock"},"schema":{"@context":"https:\/\/schema.org","@graph":[{"@type":["WebPage","ItemPage"],"@id":"https:\/\/ecosupplements.be\/fr\/produit\/vitamine-d3-2000-2000-ui-60-capsules\/","url":"https:\/\/ecosupplements.be\/fr\/produit\/vitamine-d3-2000-2000-ui-60-capsules\/","name":"Vitamine D3 2000, 2000 UI - 60 capsules - ECO Supplements","isPartOf":{"@id":"https:\/\/ecosupplements.be\/fr\/#website"},"primaryImageOfPage":{"@id":"https:\/\/ecosupplements.be\/fr\/produit\/vitamine-d3-2000-2000-ui-60-capsules\/#primaryimage"},"image":{"@id":"https:\/\/ecosupplements.be\/fr\/produit\/vitamine-d3-2000-2000-ui-60-capsules\/#primaryimage"},"thumbnailUrl":"https:\/\/ecosupplements.be\/wp-content\/uploads\/2025\/08\/Vit-D3-2000-IU-60-caps.jpg","datePublished":"2023-01-16T20:58:30+00:00","dateModified":"2025-08-27T13:04:18+00:00","description":"Wij hebben een ruime keuze aan producten van Vitamine D3 2000, 2000 UI - 60 capsules . Winkel bij Eco Supplements altijd gratis verzending boven 100\u20ac","breadcrumb":{"@id":"https:\/\/ecosupplements.be\/fr\/produit\/vitamine-d3-2000-2000-ui-60-capsules\/#breadcrumb"},"inLanguage":"fr-FR","potentialAction":[{"@type":"ReadAction","target":["https:\/\/ecosupplements.be\/fr\/produit\/vitamine-d3-2000-2000-ui-60-capsules\/"]}]},{"@type":"ImageObject","inLanguage":"fr-FR","@id":"https:\/\/ecosupplements.be\/fr\/produit\/vitamine-d3-2000-2000-ui-60-capsules\/#primaryimage","url":"https:\/\/ecosupplements.be\/wp-content\/uploads\/2025\/08\/Vit-D3-2000-IU-60-caps.jpg","contentUrl":"https:\/\/ecosupplements.be\/wp-content\/uploads\/2025\/08\/Vit-D3-2000-IU-60-caps.jpg","width":576,"height":576},{"@type":"BreadcrumbList","@id":"https:\/\/ecosupplements.be\/fr\/produit\/vitamine-d3-2000-2000-ui-60-capsules\/#breadcrumb","itemListElement":[{"@type":"ListItem","position":1,"name":"Home","item":"https:\/\/ecosupplements.be\/fr\/"},{"@type":"ListItem","position":2,"name":"Boutique","item":"https:\/\/ecosupplements.be\/fr\/boutique\/"},{"@type":"ListItem","position":3,"name":"Vitamine D3 2000, 2000 UI &#8211; 60 capsules"}]},{"@type":"WebSite","@id":"https:\/\/ecosupplements.be\/fr\/#website","url":"https:\/\/ecosupplements.be\/fr\/","name":"ECO Supplements","description":"Eco Supplements - Gezonde supplementen","publisher":{"@id":"https:\/\/ecosupplements.be\/fr\/#organization"},"potentialAction":[{"@type":"SearchAction","target":{"@type":"EntryPoint","urlTemplate":"https:\/\/ecosupplements.be\/fr\/?s={search_term_string}"},"query-input":{"@type":"PropertyValueSpecification","valueRequired":true,"valueName":"search_term_string"}}],"inLanguage":"fr-FR"},{"@type":"Organization","@id":"https:\/\/ecosupplements.be\/fr\/#organization","name":"Eco Supplements","url":"https:\/\/ecosupplements.be\/fr\/","logo":{"@type":"ImageObject","inLanguage":"fr-FR","@id":"https:\/\/ecosupplements.be\/fr\/#\/schema\/logo\/image\/","url":"https:\/\/ecosupplements.be\/wp-content\/uploads\/2022\/06\/ecosupplement-family.png","contentUrl":"https:\/\/ecosupplements.be\/wp-content\/uploads\/2022\/06\/ecosupplement-family.png","width":593,"height":374,"caption":"Eco Supplements"},"image":{"@id":"https:\/\/ecosupplements.be\/fr\/#\/schema\/logo\/image\/"}}]},"product_brand":"Allnutrition","product_price_amount":"2.67","product_price_currency":"EUR","og_availability":"instock","product_availability":"instock","product_retailer_item_id":"5902837709567","product_condition":"new"},"_links":{"self":[{"href":"https:\/\/ecosupplements.be\/fr\/wp-json\/wp\/v2\/product\/286209","targetHints":{"allow":["GET"]}}],"collection":[{"href":"https:\/\/ecosupplements.be\/fr\/wp-json\/wp\/v2\/product"}],"about":[{"href":"https:\/\/ecosupplements.be\/fr\/wp-json\/wp\/v2\/types\/product"}],"replies":[{"embeddable":true,"href":"https:\/\/ecosupplements.be\/fr\/wp-json\/wp\/v2\/comments?post=286209"}],"wp:featuredmedia":[{"embeddable":true,"href":"https:\/\/ecosupplements.be\/fr\/wp-json\/wp\/v2\/media\/261941"}],"wp:attachment":[{"href":"https:\/\/ecosupplements.be\/fr\/wp-json\/wp\/v2\/media?parent=286209"}],"wp:term":[{"taxonomy":"product_brand","embeddable":true,"href":"https:\/\/ecosupplements.be\/fr\/wp-json\/wp\/v2\/product_brand?post=286209"},{"taxonomy":"product_cat","embeddable":true,"href":"https:\/\/ecosupplements.be\/fr\/wp-json\/wp\/v2\/product_cat?post=286209"},{"taxonomy":"product_tag","embeddable":true,"href":"https:\/\/ecosupplements.be\/fr\/wp-json\/wp\/v2\/product_tag?post=286209"}],"curies":[{"name":"wp","href":"https:\/\/api.w.org\/{rel}","templated":true}]}}