{"id":286221,"date":"2024-03-07T00:09:49","date_gmt":"2024-03-06T23:09:49","guid":{"rendered":"https:\/\/ecosupplements.be\/product\/vitamine-d3-4000-4000-ui-60-capsules\/"},"modified":"2025-08-27T14:04:29","modified_gmt":"2025-08-27T13:04:29","slug":"vitamine-d3-4000-4000-ui-60-capsules","status":"publish","type":"product","link":"https:\/\/ecosupplements.be\/fr\/produit\/vitamine-d3-4000-4000-ui-60-capsules\/","title":{"rendered":"Vitamine D3 4000, 4000 UI &#8211; 60 capsules"},"content":{"rendered":"<h1>Vit D3 4000, 4000 IU &#8211; \u200d60 caps<\/h1>\n<p>La vitamine D3 est un nutriment essentiel pour \u200bnotre corps, mais il peut \u00eatre difficile d&#8217;en obtenir suffisamment par notre alimentation seule. C&#8217;est \u2063pourquoi\u2063 Allnutrition a cr\u00e9\u00e9 \u200cVit D3 \u200b4000, une formule \u2064puissante qui fournit 4000 UI de vitamine D3 par capsule pour \u2062r\u00e9pondre \u00e0 vos besoins quotidiens.<\/p>\n<h2>Caract\u00e9ristiques sp\u00e9ciales:<\/h2>\n<ul>\n<li>4000 UI de vitamine D3 par capsule<\/li>\n<li>60 capsules par \u2064bouteille<\/li>\n<li>Facile \u00e0 avaler<\/li>\n<li>Formule hautement\u200b dos\u00e9e<\/li>\n<li>Convient aux \u200cv\u00e9g\u00e9tariens<\/li>\n<\/ul>\n<h2>Ingr\u00e9dients:<\/h2>\n<p>Chaque capsule de Vit\u2062 D3 \u20644000 \u2064contient 100 mcg de vitamine D3 (chol\u00e9calcif\u00e9rol) provenant de la lanoline, une source naturelle de vitamine D. Les \u2063autres ingr\u00e9dients comprennent\u200b de l&#8217;huile de soja, de la \u2064g\u00e9latine et de la glyc\u00e9rine.<\/p>\n<h2>Avantages uniques:<\/h2>\n<p>La vitamine\u2062 D3 est essentielle pour la sant\u00e9 de nos os, de\u200c nos dents et de notre syst\u00e8me immunitaire. Elle \u2062aide \u00e9galement \u00e0 r\u00e9guler notre taux de \u200ccalcium\u200b et de phosphore dans le sang. En plus\u2062 de ces bienfaits, Vit D3 4000 offre \u2062\u00e9galement \u200bles avantages suivants:<\/p>\n<ul>\n<li>Am\u00e9liore l&#8217;absorption du calcium et du phosphore<\/li>\n<li>Renforce la sant\u00e9 des os et des dents<\/li>\n<li>Soutient la fonction immunitaire<\/li>\n<li>Contribue \u00e0 la sant\u00e9 cardiovasculaire<\/li>\n<li>Peut aider \u00e0 pr\u00e9venir les carences \u2062en vitamine D<\/li>\n<\/ul>\n<h2>Mode d&#8217;emploi:<\/h2>\n<p>Prenez une capsule par jour avec un repas et\u200b un \u200bverre d&#8217;eau. Ne pas\u2062 d\u00e9passer\u2063 la dose recommand\u00e9e.<\/p>\n<p>Stockez \u2062dans un endroit \u2062frais et\u200c sec, \u00e0 l&#8217;abri de la lumi\u00e8re directe du soleil.<\/p>\n<p>Si vous \u00eates enceinte, allaitez ou prenez des m\u00e9dicaments, veuillez consulter votre\u200c m\u00e9decin avant de prendre ce produit.<\/p>\n<p>Convient\u200d aux adultes et \u200caux adolescents de \u200cplus de 12\u2064 ans.<\/p>\n<p>Ne pas utiliser si le sceau de s\u00e9curit\u00e9 est endommag\u00e9 \u200dou manquant.<\/p>\n<p>Conserver \u2064hors de port\u00e9e des \u2064enfants.<\/p>\n<p>En tant que compl\u00e9ment alimentaire, Vit D3 \u20624000\u200b peut \u00eatre utilis\u00e9 en combinaison avec \u200cune\u2062 alimentation \u00e9quilibr\u00e9e et un mode de vie sain pour\u200b maintenir une bonne sant\u00e9.<\/p>\n<p>Ne contient pas \u2062de\u2064 gluten, de\u2063 lactose, de soja, de colorants artificiels ou d&#8217;ar\u00f4mes.<\/p>\n<p>Produit en Pologne.<\/p>\n","protected":false},"excerpt":{"rendered":"<p>Vit D3 4000, 4000 IU &#8211; \u200d60 caps La vitamine D3 est un nutriment essentiel pour \u200bnotre corps, mais il peut \u00eatre difficile d&#8217;en obtenir suffisamment par notre alimentation seule. C&#8217;est \u2063pourquoi\u2063 Allnutrition a cr\u00e9\u00e9 \u200cVit D3 \u200b4000, une formule \u2064puissante qui fournit 4000 UI de vitamine D3 par capsule pour \u2062r\u00e9pondre \u00e0 vos besoins [&#8230;]\n","protected":false},"featured_media":263321,"comment_status":"open","ping_status":"open","template":"","meta":[],"product_brand":[4634],"product_cat":[5052,5053],"product_tag":[],"class_list":{"0":"post-286221","1":"product","2":"type-product","3":"status-publish","4":"has-post-thumbnail","6":"product_brand-allnutrition-2","7":"product_cat-sante-et-bien-etre","8":"product_cat-vitamines-et-mineraux","10":"first","11":"instock","12":"taxable","13":"shipping-taxable","14":"purchasable","15":"product-type-simple"},"yoast_head":"<!-- This site is optimized with the Yoast SEO Premium plugin v27.3 (Yoast SEO v27.3) - https:\/\/yoast.com\/product\/yoast-seo-premium-wordpress\/ -->\n<title>Vitamine D3 4000, 4000 UI - 60 capsules - ECO Supplements<\/title>\n<meta name=\"description\" content=\"Wij hebben een ruime keuze aan producten van Vitamine D3 4000, 4000 UI - 60 capsules . Winkel bij Eco Supplements altijd gratis verzending boven 100\u20ac\" \/>\n<meta name=\"robots\" content=\"index, follow, max-snippet:-1, max-image-preview:large, max-video-preview:-1\" \/>\n<link rel=\"canonical\" href=\"https:\/\/ecosupplements.be\/fr\/produit\/vitamine-d3-4000-4000-ui-60-capsules\/\" \/>\n<meta property=\"og:locale\" content=\"fr_FR\" \/>\n<meta property=\"og:type\" content=\"article\" \/>\n<meta property=\"og:title\" content=\"Vitamine D3 4000, 4000 UI - 60 capsules\" \/>\n<meta property=\"og:description\" content=\"Wij hebben een ruime keuze aan producten van Vitamine D3 4000, 4000 UI - 60 capsules . Winkel bij Eco Supplements altijd gratis verzending boven 100\u20ac\" \/>\n<meta property=\"og:url\" content=\"https:\/\/ecosupplements.be\/fr\/produit\/vitamine-d3-4000-4000-ui-60-capsules\/\" \/>\n<meta property=\"og:site_name\" content=\"ECO Supplements\" \/>\n<meta property=\"article:modified_time\" content=\"2025-08-27T13:04:29+00:00\" \/>\n<meta property=\"og:image\" content=\"https:\/\/ecosupplements.be\/wp-content\/uploads\/2025\/08\/Vit-D3-4000-4000-IU-60-caps-1.jpg\" \/>\n\t<meta property=\"og:image:width\" content=\"405\" \/>\n\t<meta property=\"og:image:height\" content=\"500\" \/>\n\t<meta property=\"og:image:type\" content=\"image\/jpeg\" \/>\n<meta name=\"twitter:card\" content=\"summary_large_image\" \/>\n<meta name=\"twitter:label1\" content=\"Prix\" \/>\n\t<meta name=\"twitter:data1\" content=\"3.15&nbsp;&euro;\" \/>\n\t<meta name=\"twitter:label2\" content=\"Disponibilit\u00e9\" \/>\n\t<meta name=\"twitter:data2\" content=\"En stock\" \/>\n<script type=\"application\/ld+json\" class=\"yoast-schema-graph\">{\"@context\":\"https:\\\/\\\/schema.org\",\"@graph\":[{\"@type\":[\"WebPage\",\"ItemPage\"],\"@id\":\"https:\\\/\\\/ecosupplements.be\\\/fr\\\/produit\\\/vitamine-d3-4000-4000-ui-60-capsules\\\/\",\"url\":\"https:\\\/\\\/ecosupplements.be\\\/fr\\\/produit\\\/vitamine-d3-4000-4000-ui-60-capsules\\\/\",\"name\":\"Vitamine D3 4000, 4000 UI - 60 capsules - ECO Supplements\",\"isPartOf\":{\"@id\":\"https:\\\/\\\/ecosupplements.be\\\/fr\\\/#website\"},\"primaryImageOfPage\":{\"@id\":\"https:\\\/\\\/ecosupplements.be\\\/fr\\\/produit\\\/vitamine-d3-4000-4000-ui-60-capsules\\\/#primaryimage\"},\"image\":{\"@id\":\"https:\\\/\\\/ecosupplements.be\\\/fr\\\/produit\\\/vitamine-d3-4000-4000-ui-60-capsules\\\/#primaryimage\"},\"thumbnailUrl\":\"https:\\\/\\\/ecosupplements.be\\\/wp-content\\\/uploads\\\/2025\\\/08\\\/Vit-D3-4000-4000-IU-60-caps.jpg\",\"datePublished\":\"2024-03-06T23:09:49+00:00\",\"dateModified\":\"2025-08-27T13:04:29+00:00\",\"description\":\"Wij hebben een ruime keuze aan producten van Vitamine D3 4000, 4000 UI - 60 capsules . Winkel bij Eco Supplements altijd gratis verzending boven 100\u20ac\",\"breadcrumb\":{\"@id\":\"https:\\\/\\\/ecosupplements.be\\\/fr\\\/produit\\\/vitamine-d3-4000-4000-ui-60-capsules\\\/#breadcrumb\"},\"inLanguage\":\"fr-FR\",\"potentialAction\":[{\"@type\":\"ReadAction\",\"target\":[\"https:\\\/\\\/ecosupplements.be\\\/fr\\\/produit\\\/vitamine-d3-4000-4000-ui-60-capsules\\\/\"]}]},{\"@type\":\"ImageObject\",\"inLanguage\":\"fr-FR\",\"@id\":\"https:\\\/\\\/ecosupplements.be\\\/fr\\\/produit\\\/vitamine-d3-4000-4000-ui-60-capsules\\\/#primaryimage\",\"url\":\"https:\\\/\\\/ecosupplements.be\\\/wp-content\\\/uploads\\\/2025\\\/08\\\/Vit-D3-4000-4000-IU-60-caps.jpg\",\"contentUrl\":\"https:\\\/\\\/ecosupplements.be\\\/wp-content\\\/uploads\\\/2025\\\/08\\\/Vit-D3-4000-4000-IU-60-caps.jpg\",\"width\":405,\"height\":500},{\"@type\":\"BreadcrumbList\",\"@id\":\"https:\\\/\\\/ecosupplements.be\\\/fr\\\/produit\\\/vitamine-d3-4000-4000-ui-60-capsules\\\/#breadcrumb\",\"itemListElement\":[{\"@type\":\"ListItem\",\"position\":1,\"name\":\"Home\",\"item\":\"https:\\\/\\\/ecosupplements.be\\\/fr\\\/\"},{\"@type\":\"ListItem\",\"position\":2,\"name\":\"Boutique\",\"item\":\"https:\\\/\\\/ecosupplements.be\\\/fr\\\/boutique\\\/\"},{\"@type\":\"ListItem\",\"position\":3,\"name\":\"Vitamine D3 4000, 4000 UI &#8211; 60 capsules\"}]},{\"@type\":\"WebSite\",\"@id\":\"https:\\\/\\\/ecosupplements.be\\\/fr\\\/#website\",\"url\":\"https:\\\/\\\/ecosupplements.be\\\/fr\\\/\",\"name\":\"ECO Supplements\",\"description\":\"Eco Supplements - Gezonde supplementen\",\"publisher\":{\"@id\":\"https:\\\/\\\/ecosupplements.be\\\/fr\\\/#organization\"},\"potentialAction\":[{\"@type\":\"SearchAction\",\"target\":{\"@type\":\"EntryPoint\",\"urlTemplate\":\"https:\\\/\\\/ecosupplements.be\\\/fr\\\/?s={search_term_string}\"},\"query-input\":{\"@type\":\"PropertyValueSpecification\",\"valueRequired\":true,\"valueName\":\"search_term_string\"}}],\"inLanguage\":\"fr-FR\"},{\"@type\":\"Organization\",\"@id\":\"https:\\\/\\\/ecosupplements.be\\\/fr\\\/#organization\",\"name\":\"Eco Supplements\",\"url\":\"https:\\\/\\\/ecosupplements.be\\\/fr\\\/\",\"logo\":{\"@type\":\"ImageObject\",\"inLanguage\":\"fr-FR\",\"@id\":\"https:\\\/\\\/ecosupplements.be\\\/fr\\\/#\\\/schema\\\/logo\\\/image\\\/\",\"url\":\"https:\\\/\\\/ecosupplements.be\\\/wp-content\\\/uploads\\\/2022\\\/06\\\/ecosupplement-family.png\",\"contentUrl\":\"https:\\\/\\\/ecosupplements.be\\\/wp-content\\\/uploads\\\/2022\\\/06\\\/ecosupplement-family.png\",\"width\":593,\"height\":374,\"caption\":\"Eco Supplements\"},\"image\":{\"@id\":\"https:\\\/\\\/ecosupplements.be\\\/fr\\\/#\\\/schema\\\/logo\\\/image\\\/\"}}]}<\/script>\n<meta property=\"product:brand\" content=\"Allnutrition\" \/>\n<meta property=\"product:price:amount\" content=\"3.15\" \/>\n<meta property=\"product:price:currency\" content=\"EUR\" \/>\n<meta property=\"og:availability\" content=\"instock\" \/>\n<meta property=\"product:availability\" content=\"instock\" \/>\n<meta property=\"product:retailer_item_id\" content=\"5902837740744\" \/>\n<meta property=\"product:condition\" content=\"new\" \/>\n<!-- \/ Yoast SEO Premium plugin. -->","yoast_head_json":{"title":"Vitamine D3 4000, 4000 UI - 60 capsules - ECO Supplements","description":"Wij hebben een ruime keuze aan producten van Vitamine D3 4000, 4000 UI - 60 capsules . Winkel bij Eco Supplements altijd gratis verzending boven 100\u20ac","robots":{"index":"index","follow":"follow","max-snippet":"max-snippet:-1","max-image-preview":"max-image-preview:large","max-video-preview":"max-video-preview:-1"},"canonical":"https:\/\/ecosupplements.be\/fr\/produit\/vitamine-d3-4000-4000-ui-60-capsules\/","og_locale":"fr_FR","og_type":"article","og_title":"Vitamine D3 4000, 4000 UI - 60 capsules","og_description":"Wij hebben een ruime keuze aan producten van Vitamine D3 4000, 4000 UI - 60 capsules . Winkel bij Eco Supplements altijd gratis verzending boven 100\u20ac","og_url":"https:\/\/ecosupplements.be\/fr\/produit\/vitamine-d3-4000-4000-ui-60-capsules\/","og_site_name":"ECO Supplements","article_modified_time":"2025-08-27T13:04:29+00:00","og_image":[{"width":405,"height":500,"url":"https:\/\/ecosupplements.be\/wp-content\/uploads\/2025\/08\/Vit-D3-4000-4000-IU-60-caps-1.jpg","type":"image\/jpeg"}],"twitter_card":"summary_large_image","twitter_misc":{"Prix":"3.15&nbsp;&euro;","Disponibilit\u00e9":"En stock"},"schema":{"@context":"https:\/\/schema.org","@graph":[{"@type":["WebPage","ItemPage"],"@id":"https:\/\/ecosupplements.be\/fr\/produit\/vitamine-d3-4000-4000-ui-60-capsules\/","url":"https:\/\/ecosupplements.be\/fr\/produit\/vitamine-d3-4000-4000-ui-60-capsules\/","name":"Vitamine D3 4000, 4000 UI - 60 capsules - ECO Supplements","isPartOf":{"@id":"https:\/\/ecosupplements.be\/fr\/#website"},"primaryImageOfPage":{"@id":"https:\/\/ecosupplements.be\/fr\/produit\/vitamine-d3-4000-4000-ui-60-capsules\/#primaryimage"},"image":{"@id":"https:\/\/ecosupplements.be\/fr\/produit\/vitamine-d3-4000-4000-ui-60-capsules\/#primaryimage"},"thumbnailUrl":"https:\/\/ecosupplements.be\/wp-content\/uploads\/2025\/08\/Vit-D3-4000-4000-IU-60-caps.jpg","datePublished":"2024-03-06T23:09:49+00:00","dateModified":"2025-08-27T13:04:29+00:00","description":"Wij hebben een ruime keuze aan producten van Vitamine D3 4000, 4000 UI - 60 capsules . Winkel bij Eco Supplements altijd gratis verzending boven 100\u20ac","breadcrumb":{"@id":"https:\/\/ecosupplements.be\/fr\/produit\/vitamine-d3-4000-4000-ui-60-capsules\/#breadcrumb"},"inLanguage":"fr-FR","potentialAction":[{"@type":"ReadAction","target":["https:\/\/ecosupplements.be\/fr\/produit\/vitamine-d3-4000-4000-ui-60-capsules\/"]}]},{"@type":"ImageObject","inLanguage":"fr-FR","@id":"https:\/\/ecosupplements.be\/fr\/produit\/vitamine-d3-4000-4000-ui-60-capsules\/#primaryimage","url":"https:\/\/ecosupplements.be\/wp-content\/uploads\/2025\/08\/Vit-D3-4000-4000-IU-60-caps.jpg","contentUrl":"https:\/\/ecosupplements.be\/wp-content\/uploads\/2025\/08\/Vit-D3-4000-4000-IU-60-caps.jpg","width":405,"height":500},{"@type":"BreadcrumbList","@id":"https:\/\/ecosupplements.be\/fr\/produit\/vitamine-d3-4000-4000-ui-60-capsules\/#breadcrumb","itemListElement":[{"@type":"ListItem","position":1,"name":"Home","item":"https:\/\/ecosupplements.be\/fr\/"},{"@type":"ListItem","position":2,"name":"Boutique","item":"https:\/\/ecosupplements.be\/fr\/boutique\/"},{"@type":"ListItem","position":3,"name":"Vitamine D3 4000, 4000 UI &#8211; 60 capsules"}]},{"@type":"WebSite","@id":"https:\/\/ecosupplements.be\/fr\/#website","url":"https:\/\/ecosupplements.be\/fr\/","name":"ECO Supplements","description":"Eco Supplements - Gezonde supplementen","publisher":{"@id":"https:\/\/ecosupplements.be\/fr\/#organization"},"potentialAction":[{"@type":"SearchAction","target":{"@type":"EntryPoint","urlTemplate":"https:\/\/ecosupplements.be\/fr\/?s={search_term_string}"},"query-input":{"@type":"PropertyValueSpecification","valueRequired":true,"valueName":"search_term_string"}}],"inLanguage":"fr-FR"},{"@type":"Organization","@id":"https:\/\/ecosupplements.be\/fr\/#organization","name":"Eco Supplements","url":"https:\/\/ecosupplements.be\/fr\/","logo":{"@type":"ImageObject","inLanguage":"fr-FR","@id":"https:\/\/ecosupplements.be\/fr\/#\/schema\/logo\/image\/","url":"https:\/\/ecosupplements.be\/wp-content\/uploads\/2022\/06\/ecosupplement-family.png","contentUrl":"https:\/\/ecosupplements.be\/wp-content\/uploads\/2022\/06\/ecosupplement-family.png","width":593,"height":374,"caption":"Eco Supplements"},"image":{"@id":"https:\/\/ecosupplements.be\/fr\/#\/schema\/logo\/image\/"}}]},"product_brand":"Allnutrition","product_price_amount":"3.15","product_price_currency":"EUR","og_availability":"instock","product_availability":"instock","product_retailer_item_id":"5902837740744","product_condition":"new"},"_links":{"self":[{"href":"https:\/\/ecosupplements.be\/fr\/wp-json\/wp\/v2\/product\/286221","targetHints":{"allow":["GET"]}}],"collection":[{"href":"https:\/\/ecosupplements.be\/fr\/wp-json\/wp\/v2\/product"}],"about":[{"href":"https:\/\/ecosupplements.be\/fr\/wp-json\/wp\/v2\/types\/product"}],"replies":[{"embeddable":true,"href":"https:\/\/ecosupplements.be\/fr\/wp-json\/wp\/v2\/comments?post=286221"}],"wp:featuredmedia":[{"embeddable":true,"href":"https:\/\/ecosupplements.be\/fr\/wp-json\/wp\/v2\/media\/263321"}],"wp:attachment":[{"href":"https:\/\/ecosupplements.be\/fr\/wp-json\/wp\/v2\/media?parent=286221"}],"wp:term":[{"taxonomy":"product_brand","embeddable":true,"href":"https:\/\/ecosupplements.be\/fr\/wp-json\/wp\/v2\/product_brand?post=286221"},{"taxonomy":"product_cat","embeddable":true,"href":"https:\/\/ecosupplements.be\/fr\/wp-json\/wp\/v2\/product_cat?post=286221"},{"taxonomy":"product_tag","embeddable":true,"href":"https:\/\/ecosupplements.be\/fr\/wp-json\/wp\/v2\/product_tag?post=286221"}],"curies":[{"name":"wp","href":"https:\/\/api.w.org\/{rel}","templated":true}]}}