{"id":286236,"date":"2023-01-16T21:59:14","date_gmt":"2023-01-16T20:59:14","guid":{"rendered":"https:\/\/ecosupplements.be\/product\/choc-de-vitamines-12-x-80-ml\/"},"modified":"2025-08-27T14:04:43","modified_gmt":"2025-08-27T13:04:43","slug":"choc-de-vitamines-12-x-80-ml","status":"publish","type":"product","link":"https:\/\/ecosupplements.be\/fr\/produit\/choc-de-vitamines-12-x-80-ml\/","title":{"rendered":"Choc de vitamines &#8211; 12 x 80 ml"},"content":{"rendered":"<h1>Vitamin Shock &#8211; 12\u2064 x 80 ml.<\/h1>\n<p>Offrez \u00e0 votre corps un v\u00e9ritable coup\u2064 de fouet avec Vitamin Shock\u2064 de la marque Allnutrition. Ce produit est un concentr\u00e9 de vitamines et\u200d de\u2062 min\u00e9raux essentiels pour maintenir une bonne sant\u00e9 et un mode de vie actif.<\/p>\n<h2>Caract\u00e9ristiques sp\u00e9ciales\u2062 :<\/h2>\n<ul>\n<li>Contient\u200c 12 bouteilles de 80 ml chacune<\/li>\n<li>Formule hautement concentr\u00e9e en vitamines et min\u00e9raux<\/li>\n<li>Facile \u00e0 emporter et \u00e0\u200b consommer en d\u00e9placement<\/li>\n<li>Saveur rafra\u00eechissante et d\u00e9licieuse<\/li>\n<li>Convient \u2064aux \u2062v\u00e9g\u00e9tariens et \u2064v\u00e9g\u00e9taliens<\/li>\n<\/ul>\n<h2>Ingr\u00e9dients :<\/h2>\n<p>Chaque bouteille de Vitamin Shock\u200c contient un m\u00e9lange unique de vitamines et de min\u00e9raux, notamment :<\/p>\n<ul>\n<li>Vitamine\u2063 C : renforce le syst\u00e8me immunitaire et favorise\u200b la\u2062 sant\u00e9 de la peau<\/li>\n<li>Vitamine B6 : aide \u00e0 r\u00e9guler le m\u00e9tabolisme et \u00e0 maintenir un bon niveau d&#8217;\u00e9nergie<\/li>\n<li>Vitamine B12 \u2062: essentielle\u2064 pour la production de globules rouges et le bon fonctionnement du syst\u00e8me nerveux<\/li>\n<li>Magn\u00e9sium : contribue \u00e0 la sant\u00e9 des os \u2063et des muscles<\/li>\n<li>Zinc : soutient le\u2062 syst\u00e8me immunitaire et favorise la\u200c sant\u00e9 de la peau et des cheveux<\/li>\n<\/ul>\n<h2>Avantages uniques :<\/h2>\n<p>En plus de fournir une dose quotidienne de vitamines et de min\u00e9raux essentiels, Vitamin Shock offre \u00e9galement d&#8217;autres avantages uniques\u2062 :<\/p>\n<ul>\n<li>Am\u00e9liore la\u200c concentration et la m\u00e9moire<\/li>\n<li>Renforce le syst\u00e8me immunitaire pour mieux lutter contre les maladies<\/li>\n<li>Augmente les niveaux d&#8217;\u00e9nergie et\u2062 de vitalit\u00e9<\/li>\n<li>Contribue \u00e0 une peau, des cheveux et des ongles sains<\/li>\n<li>Id\u00e9al pour les personnes actives et les sportifs<\/li>\n<\/ul>\n<h2>Mode d&#8217;emploi :<\/h2>\n<p>Agitez bien\u2064 avant\u200b utilisation. Prenez une bouteille de Vitamin \u200cShock\u200d chaque jour, de pr\u00e9f\u00e9rence le\u2062 matin, pour un effet\u2063 optimal. Vous pouvez \u00e9galement le consommer avant ou apr\u00e8s une s\u00e9ance \u200dd&#8217;entra\u00eenement pour recharger votre corps\u200c en vitamines et en min\u00e9raux.<\/p>\n<p>Ne pas d\u00e9passer la dose recommand\u00e9e.\u200d Tenir hors de port\u00e9e des enfants.\u2064 \u00c0 conserver \u200ddans un endroit \u2064frais et sec.<\/p>\n<p>Offrez \u00e0\u200c votre corps le coup \u200dde fouet dont il \u2062a besoin avec Vitamin\u2064 Shock de Allnutrition. Commandez d\u00e8s maintenant et profitez d&#8217;une\u2064 sant\u00e9 optimale et d&#8217;un mode de vie actif !<\/p>\n","protected":false},"excerpt":{"rendered":"<p>Vitamin Shock &#8211; 12\u2064 x 80 ml. Offrez \u00e0 votre corps un v\u00e9ritable coup\u2064 de fouet avec Vitamin Shock\u2064 de la marque Allnutrition. Ce produit est un concentr\u00e9 de vitamines et\u200d de\u2062 min\u00e9raux essentiels pour maintenir une bonne sant\u00e9 et un mode de vie actif. Caract\u00e9ristiques sp\u00e9ciales\u2062 : Contient\u200c 12 bouteilles de 80 ml chacune [&#8230;]\n","protected":false},"featured_media":261956,"comment_status":"open","ping_status":"open","template":"","meta":[],"product_brand":[4634],"product_cat":[5052,5053],"product_tag":[],"class_list":{"0":"post-286236","1":"product","2":"type-product","3":"status-publish","4":"has-post-thumbnail","6":"product_brand-allnutrition-2","7":"product_cat-sante-et-bien-etre","8":"product_cat-vitamines-et-mineraux","10":"first","11":"instock","12":"taxable","13":"shipping-taxable","14":"purchasable","15":"product-type-simple"},"yoast_head":"<!-- This site is optimized with the Yoast SEO Premium plugin v27.5 (Yoast SEO v27.5) - https:\/\/yoast.com\/product\/yoast-seo-premium-wordpress\/ -->\n<title>Choc de vitamines - 12 x 80 ml - ECO Supplements<\/title>\n<meta name=\"description\" content=\"Wij hebben een ruime keuze aan producten van Choc de vitamines - 12 x 80 ml . Winkel bij Eco Supplements altijd gratis verzending boven 100\u20ac\" \/>\n<meta name=\"robots\" content=\"index, follow, max-snippet:-1, max-image-preview:large, max-video-preview:-1\" \/>\n<link rel=\"canonical\" href=\"https:\/\/ecosupplements.be\/fr\/produit\/choc-de-vitamines-12-x-80-ml\/\" \/>\n<meta property=\"og:locale\" content=\"fr_FR\" \/>\n<meta property=\"og:type\" content=\"article\" \/>\n<meta property=\"og:title\" content=\"Choc de vitamines - 12 x 80 ml\" \/>\n<meta property=\"og:description\" content=\"Wij hebben een ruime keuze aan producten van Choc de vitamines - 12 x 80 ml . Winkel bij Eco Supplements altijd gratis verzending boven 100\u20ac\" \/>\n<meta property=\"og:url\" content=\"https:\/\/ecosupplements.be\/fr\/produit\/choc-de-vitamines-12-x-80-ml\/\" \/>\n<meta property=\"og:site_name\" content=\"ECO Supplements\" \/>\n<meta property=\"article:modified_time\" content=\"2025-08-27T13:04:43+00:00\" \/>\n<meta property=\"og:image\" content=\"https:\/\/ecosupplements.be\/wp-content\/uploads\/2025\/08\/Vitamin-Shock-12-x-80-ml-1.jpg\" \/>\n\t<meta property=\"og:image:width\" content=\"820\" \/>\n\t<meta property=\"og:image:height\" content=\"615\" \/>\n\t<meta property=\"og:image:type\" content=\"image\/jpeg\" \/>\n<meta name=\"twitter:card\" content=\"summary_large_image\" \/>\n<meta name=\"twitter:label1\" content=\"Prix\" \/>\n\t<meta name=\"twitter:data1\" content=\"10.62&nbsp;&euro;\" \/>\n\t<meta name=\"twitter:label2\" content=\"Disponibilit\u00e9\" \/>\n\t<meta name=\"twitter:data2\" content=\"En stock\" \/>\n<script type=\"application\/ld+json\" class=\"yoast-schema-graph\">{\"@context\":\"https:\\\/\\\/schema.org\",\"@graph\":[{\"@type\":[\"WebPage\",\"ItemPage\"],\"@id\":\"https:\\\/\\\/ecosupplements.be\\\/fr\\\/produit\\\/choc-de-vitamines-12-x-80-ml\\\/\",\"url\":\"https:\\\/\\\/ecosupplements.be\\\/fr\\\/produit\\\/choc-de-vitamines-12-x-80-ml\\\/\",\"name\":\"Choc de vitamines - 12 x 80 ml - ECO Supplements\",\"isPartOf\":{\"@id\":\"https:\\\/\\\/ecosupplements.be\\\/fr\\\/#website\"},\"primaryImageOfPage\":{\"@id\":\"https:\\\/\\\/ecosupplements.be\\\/fr\\\/produit\\\/choc-de-vitamines-12-x-80-ml\\\/#primaryimage\"},\"image\":{\"@id\":\"https:\\\/\\\/ecosupplements.be\\\/fr\\\/produit\\\/choc-de-vitamines-12-x-80-ml\\\/#primaryimage\"},\"thumbnailUrl\":\"https:\\\/\\\/ecosupplements.be\\\/wp-content\\\/uploads\\\/2025\\\/08\\\/Vitamin-Shock-12-x-80-ml.jpg\",\"datePublished\":\"2023-01-16T20:59:14+00:00\",\"dateModified\":\"2025-08-27T13:04:43+00:00\",\"description\":\"Wij hebben een ruime keuze aan producten van Choc de vitamines - 12 x 80 ml . Winkel bij Eco Supplements altijd gratis verzending boven 100\u20ac\",\"breadcrumb\":{\"@id\":\"https:\\\/\\\/ecosupplements.be\\\/fr\\\/produit\\\/choc-de-vitamines-12-x-80-ml\\\/#breadcrumb\"},\"inLanguage\":\"fr-FR\",\"potentialAction\":[{\"@type\":\"ReadAction\",\"target\":[\"https:\\\/\\\/ecosupplements.be\\\/fr\\\/produit\\\/choc-de-vitamines-12-x-80-ml\\\/\"]}]},{\"@type\":\"ImageObject\",\"inLanguage\":\"fr-FR\",\"@id\":\"https:\\\/\\\/ecosupplements.be\\\/fr\\\/produit\\\/choc-de-vitamines-12-x-80-ml\\\/#primaryimage\",\"url\":\"https:\\\/\\\/ecosupplements.be\\\/wp-content\\\/uploads\\\/2025\\\/08\\\/Vitamin-Shock-12-x-80-ml.jpg\",\"contentUrl\":\"https:\\\/\\\/ecosupplements.be\\\/wp-content\\\/uploads\\\/2025\\\/08\\\/Vitamin-Shock-12-x-80-ml.jpg\",\"width\":820,\"height\":615},{\"@type\":\"BreadcrumbList\",\"@id\":\"https:\\\/\\\/ecosupplements.be\\\/fr\\\/produit\\\/choc-de-vitamines-12-x-80-ml\\\/#breadcrumb\",\"itemListElement\":[{\"@type\":\"ListItem\",\"position\":1,\"name\":\"Home\",\"item\":\"https:\\\/\\\/ecosupplements.be\\\/fr\\\/\"},{\"@type\":\"ListItem\",\"position\":2,\"name\":\"Boutique\",\"item\":\"https:\\\/\\\/ecosupplements.be\\\/fr\\\/boutique\\\/\"},{\"@type\":\"ListItem\",\"position\":3,\"name\":\"Choc de vitamines &#8211; 12 x 80 ml\"}]},{\"@type\":\"WebSite\",\"@id\":\"https:\\\/\\\/ecosupplements.be\\\/fr\\\/#website\",\"url\":\"https:\\\/\\\/ecosupplements.be\\\/fr\\\/\",\"name\":\"ECO Supplements\",\"description\":\"Eco Supplements - Gezonde supplementen\",\"publisher\":{\"@id\":\"https:\\\/\\\/ecosupplements.be\\\/fr\\\/#organization\"},\"potentialAction\":[{\"@type\":\"SearchAction\",\"target\":{\"@type\":\"EntryPoint\",\"urlTemplate\":\"https:\\\/\\\/ecosupplements.be\\\/fr\\\/?s={search_term_string}\"},\"query-input\":{\"@type\":\"PropertyValueSpecification\",\"valueRequired\":true,\"valueName\":\"search_term_string\"}}],\"inLanguage\":\"fr-FR\"},{\"@type\":\"Organization\",\"@id\":\"https:\\\/\\\/ecosupplements.be\\\/fr\\\/#organization\",\"name\":\"Eco Supplements\",\"url\":\"https:\\\/\\\/ecosupplements.be\\\/fr\\\/\",\"logo\":{\"@type\":\"ImageObject\",\"inLanguage\":\"fr-FR\",\"@id\":\"https:\\\/\\\/ecosupplements.be\\\/fr\\\/#\\\/schema\\\/logo\\\/image\\\/\",\"url\":\"https:\\\/\\\/ecosupplements.be\\\/wp-content\\\/uploads\\\/2022\\\/06\\\/ecosupplement-family.png\",\"contentUrl\":\"https:\\\/\\\/ecosupplements.be\\\/wp-content\\\/uploads\\\/2022\\\/06\\\/ecosupplement-family.png\",\"width\":593,\"height\":374,\"caption\":\"Eco Supplements\"},\"image\":{\"@id\":\"https:\\\/\\\/ecosupplements.be\\\/fr\\\/#\\\/schema\\\/logo\\\/image\\\/\"}}]}<\/script>\n<meta property=\"product:brand\" content=\"Allnutrition\" \/>\n<meta property=\"product:price:amount\" content=\"10.62\" \/>\n<meta property=\"product:price:currency\" content=\"EUR\" \/>\n<meta property=\"og:availability\" content=\"instock\" \/>\n<meta property=\"product:availability\" content=\"instock\" \/>\n<meta property=\"product:retailer_item_id\" content=\"5902837735313\" \/>\n<meta property=\"product:condition\" content=\"new\" \/>\n<!-- \/ Yoast SEO Premium plugin. -->","yoast_head_json":{"title":"Choc de vitamines - 12 x 80 ml - ECO Supplements","description":"Wij hebben een ruime keuze aan producten van Choc de vitamines - 12 x 80 ml . Winkel bij Eco Supplements altijd gratis verzending boven 100\u20ac","robots":{"index":"index","follow":"follow","max-snippet":"max-snippet:-1","max-image-preview":"max-image-preview:large","max-video-preview":"max-video-preview:-1"},"canonical":"https:\/\/ecosupplements.be\/fr\/produit\/choc-de-vitamines-12-x-80-ml\/","og_locale":"fr_FR","og_type":"article","og_title":"Choc de vitamines - 12 x 80 ml","og_description":"Wij hebben een ruime keuze aan producten van Choc de vitamines - 12 x 80 ml . Winkel bij Eco Supplements altijd gratis verzending boven 100\u20ac","og_url":"https:\/\/ecosupplements.be\/fr\/produit\/choc-de-vitamines-12-x-80-ml\/","og_site_name":"ECO Supplements","article_modified_time":"2025-08-27T13:04:43+00:00","og_image":[{"width":820,"height":615,"url":"https:\/\/ecosupplements.be\/wp-content\/uploads\/2025\/08\/Vitamin-Shock-12-x-80-ml-1.jpg","type":"image\/jpeg"}],"twitter_card":"summary_large_image","twitter_misc":{"Prix":"10.62&nbsp;&euro;","Disponibilit\u00e9":"En stock"},"schema":{"@context":"https:\/\/schema.org","@graph":[{"@type":["WebPage","ItemPage"],"@id":"https:\/\/ecosupplements.be\/fr\/produit\/choc-de-vitamines-12-x-80-ml\/","url":"https:\/\/ecosupplements.be\/fr\/produit\/choc-de-vitamines-12-x-80-ml\/","name":"Choc de vitamines - 12 x 80 ml - ECO Supplements","isPartOf":{"@id":"https:\/\/ecosupplements.be\/fr\/#website"},"primaryImageOfPage":{"@id":"https:\/\/ecosupplements.be\/fr\/produit\/choc-de-vitamines-12-x-80-ml\/#primaryimage"},"image":{"@id":"https:\/\/ecosupplements.be\/fr\/produit\/choc-de-vitamines-12-x-80-ml\/#primaryimage"},"thumbnailUrl":"https:\/\/ecosupplements.be\/wp-content\/uploads\/2025\/08\/Vitamin-Shock-12-x-80-ml.jpg","datePublished":"2023-01-16T20:59:14+00:00","dateModified":"2025-08-27T13:04:43+00:00","description":"Wij hebben een ruime keuze aan producten van Choc de vitamines - 12 x 80 ml . Winkel bij Eco Supplements altijd gratis verzending boven 100\u20ac","breadcrumb":{"@id":"https:\/\/ecosupplements.be\/fr\/produit\/choc-de-vitamines-12-x-80-ml\/#breadcrumb"},"inLanguage":"fr-FR","potentialAction":[{"@type":"ReadAction","target":["https:\/\/ecosupplements.be\/fr\/produit\/choc-de-vitamines-12-x-80-ml\/"]}]},{"@type":"ImageObject","inLanguage":"fr-FR","@id":"https:\/\/ecosupplements.be\/fr\/produit\/choc-de-vitamines-12-x-80-ml\/#primaryimage","url":"https:\/\/ecosupplements.be\/wp-content\/uploads\/2025\/08\/Vitamin-Shock-12-x-80-ml.jpg","contentUrl":"https:\/\/ecosupplements.be\/wp-content\/uploads\/2025\/08\/Vitamin-Shock-12-x-80-ml.jpg","width":820,"height":615},{"@type":"BreadcrumbList","@id":"https:\/\/ecosupplements.be\/fr\/produit\/choc-de-vitamines-12-x-80-ml\/#breadcrumb","itemListElement":[{"@type":"ListItem","position":1,"name":"Home","item":"https:\/\/ecosupplements.be\/fr\/"},{"@type":"ListItem","position":2,"name":"Boutique","item":"https:\/\/ecosupplements.be\/fr\/boutique\/"},{"@type":"ListItem","position":3,"name":"Choc de vitamines &#8211; 12 x 80 ml"}]},{"@type":"WebSite","@id":"https:\/\/ecosupplements.be\/fr\/#website","url":"https:\/\/ecosupplements.be\/fr\/","name":"ECO Supplements","description":"Eco Supplements - Gezonde supplementen","publisher":{"@id":"https:\/\/ecosupplements.be\/fr\/#organization"},"potentialAction":[{"@type":"SearchAction","target":{"@type":"EntryPoint","urlTemplate":"https:\/\/ecosupplements.be\/fr\/?s={search_term_string}"},"query-input":{"@type":"PropertyValueSpecification","valueRequired":true,"valueName":"search_term_string"}}],"inLanguage":"fr-FR"},{"@type":"Organization","@id":"https:\/\/ecosupplements.be\/fr\/#organization","name":"Eco Supplements","url":"https:\/\/ecosupplements.be\/fr\/","logo":{"@type":"ImageObject","inLanguage":"fr-FR","@id":"https:\/\/ecosupplements.be\/fr\/#\/schema\/logo\/image\/","url":"https:\/\/ecosupplements.be\/wp-content\/uploads\/2022\/06\/ecosupplement-family.png","contentUrl":"https:\/\/ecosupplements.be\/wp-content\/uploads\/2022\/06\/ecosupplement-family.png","width":593,"height":374,"caption":"Eco Supplements"},"image":{"@id":"https:\/\/ecosupplements.be\/fr\/#\/schema\/logo\/image\/"}}]},"product_brand":"Allnutrition","product_price_amount":"10.62","product_price_currency":"EUR","og_availability":"instock","product_availability":"instock","product_retailer_item_id":"5902837735313","product_condition":"new"},"_links":{"self":[{"href":"https:\/\/ecosupplements.be\/fr\/wp-json\/wp\/v2\/product\/286236","targetHints":{"allow":["GET"]}}],"collection":[{"href":"https:\/\/ecosupplements.be\/fr\/wp-json\/wp\/v2\/product"}],"about":[{"href":"https:\/\/ecosupplements.be\/fr\/wp-json\/wp\/v2\/types\/product"}],"replies":[{"embeddable":true,"href":"https:\/\/ecosupplements.be\/fr\/wp-json\/wp\/v2\/comments?post=286236"}],"wp:featuredmedia":[{"embeddable":true,"href":"https:\/\/ecosupplements.be\/fr\/wp-json\/wp\/v2\/media\/261956"}],"wp:attachment":[{"href":"https:\/\/ecosupplements.be\/fr\/wp-json\/wp\/v2\/media?parent=286236"}],"wp:term":[{"taxonomy":"product_brand","embeddable":true,"href":"https:\/\/ecosupplements.be\/fr\/wp-json\/wp\/v2\/product_brand?post=286236"},{"taxonomy":"product_cat","embeddable":true,"href":"https:\/\/ecosupplements.be\/fr\/wp-json\/wp\/v2\/product_cat?post=286236"},{"taxonomy":"product_tag","embeddable":true,"href":"https:\/\/ecosupplements.be\/fr\/wp-json\/wp\/v2\/product_tag?post=286236"}],"curies":[{"name":"wp","href":"https:\/\/api.w.org\/{rel}","templated":true}]}}