{"id":286266,"date":"2024-03-07T00:23:27","date_gmt":"2024-03-06T23:23:27","guid":{"rendered":"https:\/\/ecosupplements.be\/product\/critical-verts-citron-et-lime-150g\/"},"modified":"2025-08-27T14:05:13","modified_gmt":"2025-08-27T13:05:13","slug":"critical-verts-citron-et-lime-150g","status":"publish","type":"product","link":"https:\/\/ecosupplements.be\/fr\/produit\/critical-verts-citron-et-lime-150g\/","title":{"rendered":"Critical Verts, Citron et Lime &#8211; 150g"},"content":{"rendered":"<h1>Critical Greens, \u2063Lemon &#038; Lime &#8211; \u200d150g<\/h1>\n<p>Les Critical Greens de la marque Applied Nutrition sont un m\u00e9lange unique de super-aliments, de vitamines et de min\u00e9raux essentiels pour une sant\u00e9 \u200coptimale. Cette formule en poudre est sp\u00e9cialement con\u00e7ue pour fournir \u00e0 votre corps \u2062tous\u2064 les nutriments dont il\u200b a besoin pour fonctionner de mani\u00e8re optimale.<\/p>\n<h2>Caract\u00e9ristiques sp\u00e9ciales:<\/h2>\n<ul>\n<li>M\u00e9lange de super-aliments<\/li>\n<li>Contient des vitamines\u2063 et des \u2063min\u00e9raux essentiels<\/li>\n<li>Formule en \u200dpoudre facile \u200b\u00e0 m\u00e9langer<\/li>\n<li>Saveur rafra\u00eechissante de citron et de lime<\/li>\n<li>Convient aux v\u00e9g\u00e9tariens et aux \u200cv\u00e9g\u00e9taliens<\/li>\n<\/ul>\n<h2>Ingr\u00e9dients cl\u00e9s:<\/h2>\n<p>Les Critical\u2064 Greens contiennent un m\u00e9lange de \u2062super-aliments tels que la\u200d spiruline, la chlorella, le brocoli et le th\u00e9 vert, qui sont riches en antioxydants et en nutriments essentiels.\u200d Ils sont \u00e9galement \u200cenrichis en\u200d vitamines et en min\u00e9raux tels que la vitamine C,\u200c le fer et le zinc pour soutenir la sant\u00e9\u2063 globale du corps.<\/p>\n<h2>Avantages uniques:<\/h2>\n<ul>\n<li>Renforce le \u2062syst\u00e8me\u2062 immunitaire<\/li>\n<li>Am\u00e9liore la digestion et \u200bl&#8217;absorption des nutriments<\/li>\n<li>Augmente les niveaux\u2062 d&#8217;\u00e9nergie<\/li>\n<li>Contribue \u00e0 \u2064une peau, des cheveux et \u2063des \u200congles sains<\/li>\n<li>Facilite la d\u00e9toxification \u200ddu corps<\/li>\n<\/ul>\n<h2>Mode d&#8217;emploi:<\/h2>\n<p>M\u00e9langez\u200d une \u2063cuill\u00e8re \u00e0 caf\u00e9 (5g) de poudre avec \u2064250ml d&#8217;eau\u200b ou de jus de fruits. \u2062Consommez une fois par jour pour\u200c des r\u00e9sultats optimaux.<\/p>\n<p>Les \u2062Critical Greens sont disponibles en pot de \u200d150g, ce qui \u00e9quivaut \u00e0 30 portions.<\/p>\n<p>Ne pas d\u00e9passer la dose recommand\u00e9e.\u2063 Ce produit ne doit pas \u00eatre utilis\u00e9 comme substitut\u200c \u00e0 une alimentation \u00e9quilibr\u00e9e \u2062et\u200b vari\u00e9e. \u200dTenir hors de port\u00e9e des enfants.<\/p>\n<p>Produit fabriqu\u00e9 \u2062au Royaume-Uni.<\/p>\n<p>Offrez \u00e0 votre\u2063 corps les \u200dnutriments dont il \u200da besoin pour fonctionner de mani\u00e8re optimale avec les Critical Greens de Applied Nutrition. Commandez d\u00e8s \u2062maintenant et ressentez la diff\u00e9rence!<\/p>\n","protected":false},"excerpt":{"rendered":"<p>Critical Greens, \u2063Lemon &#038; Lime &#8211; \u200d150g Les Critical Greens de la marque Applied Nutrition sont un m\u00e9lange unique de super-aliments, de vitamines et de min\u00e9raux essentiels pour une sant\u00e9 \u200coptimale. Cette formule en poudre est sp\u00e9cialement con\u00e7ue pour fournir \u00e0 votre corps \u2062tous\u2064 les nutriments dont il\u200b a besoin pour fonctionner de mani\u00e8re optimale. [&#8230;]\n","protected":false},"featured_media":263372,"comment_status":"open","ping_status":"open","template":"","meta":[],"product_brand":[4651],"product_cat":[5054,5055,5052],"product_tag":[],"class_list":{"0":"post-286266","1":"product","2":"type-product","3":"status-publish","4":"has-post-thumbnail","6":"product_brand-applied-nutrition-2","7":"product_cat-nourriture-saine","8":"product_cat-produits-vegetaliens","9":"product_cat-sante-et-bien-etre","11":"first","12":"instock","13":"taxable","14":"shipping-taxable","15":"purchasable","16":"product-type-simple"},"yoast_head":"<!-- This site is optimized with the Yoast SEO Premium plugin v27.3 (Yoast SEO v27.3) - https:\/\/yoast.com\/product\/yoast-seo-premium-wordpress\/ -->\n<title>Critical Verts, Citron et Lime - 150g - ECO Supplements<\/title>\n<meta name=\"description\" content=\"Wij hebben een ruime keuze aan producten van Critical Verts, Citron et Lime - 150g . Winkel bij Eco Supplements altijd gratis verzending boven 100\u20ac\" \/>\n<meta name=\"robots\" content=\"index, follow, max-snippet:-1, max-image-preview:large, max-video-preview:-1\" \/>\n<link rel=\"canonical\" href=\"https:\/\/ecosupplements.be\/fr\/produit\/critical-verts-citron-et-lime-150g\/\" \/>\n<meta property=\"og:locale\" content=\"fr_FR\" \/>\n<meta property=\"og:type\" content=\"article\" \/>\n<meta property=\"og:title\" content=\"Critical Verts, Citron et Lime - 150g\" \/>\n<meta property=\"og:description\" content=\"Wij hebben een ruime keuze aan producten van Critical Verts, Citron et Lime - 150g . Winkel bij Eco Supplements altijd gratis verzending boven 100\u20ac\" \/>\n<meta property=\"og:url\" content=\"https:\/\/ecosupplements.be\/fr\/produit\/critical-verts-citron-et-lime-150g\/\" \/>\n<meta property=\"og:site_name\" content=\"ECO Supplements\" \/>\n<meta property=\"article:modified_time\" content=\"2025-08-27T13:05:13+00:00\" \/>\n<meta property=\"og:image\" content=\"https:\/\/ecosupplements.be\/wp-content\/uploads\/2025\/08\/Critical-Greens-Lemon-Lime-150g-1.jpg\" \/>\n\t<meta property=\"og:image:width\" content=\"500\" \/>\n\t<meta property=\"og:image:height\" content=\"500\" \/>\n\t<meta property=\"og:image:type\" content=\"image\/jpeg\" \/>\n<meta name=\"twitter:card\" content=\"summary_large_image\" \/>\n<meta name=\"twitter:label1\" content=\"Prix\" \/>\n\t<meta name=\"twitter:data1\" content=\"17.57&nbsp;&euro;\" \/>\n\t<meta name=\"twitter:label2\" content=\"Disponibilit\u00e9\" \/>\n\t<meta name=\"twitter:data2\" content=\"En stock\" \/>\n<script type=\"application\/ld+json\" class=\"yoast-schema-graph\">{\"@context\":\"https:\\\/\\\/schema.org\",\"@graph\":[{\"@type\":[\"WebPage\",\"ItemPage\"],\"@id\":\"https:\\\/\\\/ecosupplements.be\\\/fr\\\/produit\\\/critical-verts-citron-et-lime-150g\\\/\",\"url\":\"https:\\\/\\\/ecosupplements.be\\\/fr\\\/produit\\\/critical-verts-citron-et-lime-150g\\\/\",\"name\":\"Critical Verts, Citron et Lime - 150g - ECO Supplements\",\"isPartOf\":{\"@id\":\"https:\\\/\\\/ecosupplements.be\\\/fr\\\/#website\"},\"primaryImageOfPage\":{\"@id\":\"https:\\\/\\\/ecosupplements.be\\\/fr\\\/produit\\\/critical-verts-citron-et-lime-150g\\\/#primaryimage\"},\"image\":{\"@id\":\"https:\\\/\\\/ecosupplements.be\\\/fr\\\/produit\\\/critical-verts-citron-et-lime-150g\\\/#primaryimage\"},\"thumbnailUrl\":\"https:\\\/\\\/ecosupplements.be\\\/wp-content\\\/uploads\\\/2025\\\/08\\\/Critical-Greens-Lemon-Lime-150g.jpg\",\"datePublished\":\"2024-03-06T23:23:27+00:00\",\"dateModified\":\"2025-08-27T13:05:13+00:00\",\"description\":\"Wij hebben een ruime keuze aan producten van Critical Verts, Citron et Lime - 150g . Winkel bij Eco Supplements altijd gratis verzending boven 100\u20ac\",\"breadcrumb\":{\"@id\":\"https:\\\/\\\/ecosupplements.be\\\/fr\\\/produit\\\/critical-verts-citron-et-lime-150g\\\/#breadcrumb\"},\"inLanguage\":\"fr-FR\",\"potentialAction\":[{\"@type\":\"ReadAction\",\"target\":[\"https:\\\/\\\/ecosupplements.be\\\/fr\\\/produit\\\/critical-verts-citron-et-lime-150g\\\/\"]}]},{\"@type\":\"ImageObject\",\"inLanguage\":\"fr-FR\",\"@id\":\"https:\\\/\\\/ecosupplements.be\\\/fr\\\/produit\\\/critical-verts-citron-et-lime-150g\\\/#primaryimage\",\"url\":\"https:\\\/\\\/ecosupplements.be\\\/wp-content\\\/uploads\\\/2025\\\/08\\\/Critical-Greens-Lemon-Lime-150g.jpg\",\"contentUrl\":\"https:\\\/\\\/ecosupplements.be\\\/wp-content\\\/uploads\\\/2025\\\/08\\\/Critical-Greens-Lemon-Lime-150g.jpg\",\"width\":500,\"height\":500},{\"@type\":\"BreadcrumbList\",\"@id\":\"https:\\\/\\\/ecosupplements.be\\\/fr\\\/produit\\\/critical-verts-citron-et-lime-150g\\\/#breadcrumb\",\"itemListElement\":[{\"@type\":\"ListItem\",\"position\":1,\"name\":\"Home\",\"item\":\"https:\\\/\\\/ecosupplements.be\\\/fr\\\/\"},{\"@type\":\"ListItem\",\"position\":2,\"name\":\"Boutique\",\"item\":\"https:\\\/\\\/ecosupplements.be\\\/fr\\\/boutique\\\/\"},{\"@type\":\"ListItem\",\"position\":3,\"name\":\"Critical Verts, Citron et Lime &#8211; 150g\"}]},{\"@type\":\"WebSite\",\"@id\":\"https:\\\/\\\/ecosupplements.be\\\/fr\\\/#website\",\"url\":\"https:\\\/\\\/ecosupplements.be\\\/fr\\\/\",\"name\":\"ECO Supplements\",\"description\":\"Eco Supplements - Gezonde supplementen\",\"publisher\":{\"@id\":\"https:\\\/\\\/ecosupplements.be\\\/fr\\\/#organization\"},\"potentialAction\":[{\"@type\":\"SearchAction\",\"target\":{\"@type\":\"EntryPoint\",\"urlTemplate\":\"https:\\\/\\\/ecosupplements.be\\\/fr\\\/?s={search_term_string}\"},\"query-input\":{\"@type\":\"PropertyValueSpecification\",\"valueRequired\":true,\"valueName\":\"search_term_string\"}}],\"inLanguage\":\"fr-FR\"},{\"@type\":\"Organization\",\"@id\":\"https:\\\/\\\/ecosupplements.be\\\/fr\\\/#organization\",\"name\":\"Eco Supplements\",\"url\":\"https:\\\/\\\/ecosupplements.be\\\/fr\\\/\",\"logo\":{\"@type\":\"ImageObject\",\"inLanguage\":\"fr-FR\",\"@id\":\"https:\\\/\\\/ecosupplements.be\\\/fr\\\/#\\\/schema\\\/logo\\\/image\\\/\",\"url\":\"https:\\\/\\\/ecosupplements.be\\\/wp-content\\\/uploads\\\/2022\\\/06\\\/ecosupplement-family.png\",\"contentUrl\":\"https:\\\/\\\/ecosupplements.be\\\/wp-content\\\/uploads\\\/2022\\\/06\\\/ecosupplement-family.png\",\"width\":593,\"height\":374,\"caption\":\"Eco Supplements\"},\"image\":{\"@id\":\"https:\\\/\\\/ecosupplements.be\\\/fr\\\/#\\\/schema\\\/logo\\\/image\\\/\"}}]}<\/script>\n<meta property=\"product:brand\" content=\"Applied Nutrition\" \/>\n<meta property=\"product:price:amount\" content=\"17.57\" \/>\n<meta property=\"product:price:currency\" content=\"EUR\" \/>\n<meta property=\"og:availability\" content=\"instock\" \/>\n<meta property=\"product:availability\" content=\"instock\" \/>\n<meta property=\"product:retailer_item_id\" content=\"5056555203736\" \/>\n<meta property=\"product:condition\" content=\"new\" \/>\n<!-- \/ Yoast SEO Premium plugin. -->","yoast_head_json":{"title":"Critical Verts, Citron et Lime - 150g - ECO Supplements","description":"Wij hebben een ruime keuze aan producten van Critical Verts, Citron et Lime - 150g . Winkel bij Eco Supplements altijd gratis verzending boven 100\u20ac","robots":{"index":"index","follow":"follow","max-snippet":"max-snippet:-1","max-image-preview":"max-image-preview:large","max-video-preview":"max-video-preview:-1"},"canonical":"https:\/\/ecosupplements.be\/fr\/produit\/critical-verts-citron-et-lime-150g\/","og_locale":"fr_FR","og_type":"article","og_title":"Critical Verts, Citron et Lime - 150g","og_description":"Wij hebben een ruime keuze aan producten van Critical Verts, Citron et Lime - 150g . Winkel bij Eco Supplements altijd gratis verzending boven 100\u20ac","og_url":"https:\/\/ecosupplements.be\/fr\/produit\/critical-verts-citron-et-lime-150g\/","og_site_name":"ECO Supplements","article_modified_time":"2025-08-27T13:05:13+00:00","og_image":[{"width":500,"height":500,"url":"https:\/\/ecosupplements.be\/wp-content\/uploads\/2025\/08\/Critical-Greens-Lemon-Lime-150g-1.jpg","type":"image\/jpeg"}],"twitter_card":"summary_large_image","twitter_misc":{"Prix":"17.57&nbsp;&euro;","Disponibilit\u00e9":"En stock"},"schema":{"@context":"https:\/\/schema.org","@graph":[{"@type":["WebPage","ItemPage"],"@id":"https:\/\/ecosupplements.be\/fr\/produit\/critical-verts-citron-et-lime-150g\/","url":"https:\/\/ecosupplements.be\/fr\/produit\/critical-verts-citron-et-lime-150g\/","name":"Critical Verts, Citron et Lime - 150g - ECO Supplements","isPartOf":{"@id":"https:\/\/ecosupplements.be\/fr\/#website"},"primaryImageOfPage":{"@id":"https:\/\/ecosupplements.be\/fr\/produit\/critical-verts-citron-et-lime-150g\/#primaryimage"},"image":{"@id":"https:\/\/ecosupplements.be\/fr\/produit\/critical-verts-citron-et-lime-150g\/#primaryimage"},"thumbnailUrl":"https:\/\/ecosupplements.be\/wp-content\/uploads\/2025\/08\/Critical-Greens-Lemon-Lime-150g.jpg","datePublished":"2024-03-06T23:23:27+00:00","dateModified":"2025-08-27T13:05:13+00:00","description":"Wij hebben een ruime keuze aan producten van Critical Verts, Citron et Lime - 150g . Winkel bij Eco Supplements altijd gratis verzending boven 100\u20ac","breadcrumb":{"@id":"https:\/\/ecosupplements.be\/fr\/produit\/critical-verts-citron-et-lime-150g\/#breadcrumb"},"inLanguage":"fr-FR","potentialAction":[{"@type":"ReadAction","target":["https:\/\/ecosupplements.be\/fr\/produit\/critical-verts-citron-et-lime-150g\/"]}]},{"@type":"ImageObject","inLanguage":"fr-FR","@id":"https:\/\/ecosupplements.be\/fr\/produit\/critical-verts-citron-et-lime-150g\/#primaryimage","url":"https:\/\/ecosupplements.be\/wp-content\/uploads\/2025\/08\/Critical-Greens-Lemon-Lime-150g.jpg","contentUrl":"https:\/\/ecosupplements.be\/wp-content\/uploads\/2025\/08\/Critical-Greens-Lemon-Lime-150g.jpg","width":500,"height":500},{"@type":"BreadcrumbList","@id":"https:\/\/ecosupplements.be\/fr\/produit\/critical-verts-citron-et-lime-150g\/#breadcrumb","itemListElement":[{"@type":"ListItem","position":1,"name":"Home","item":"https:\/\/ecosupplements.be\/fr\/"},{"@type":"ListItem","position":2,"name":"Boutique","item":"https:\/\/ecosupplements.be\/fr\/boutique\/"},{"@type":"ListItem","position":3,"name":"Critical Verts, Citron et Lime &#8211; 150g"}]},{"@type":"WebSite","@id":"https:\/\/ecosupplements.be\/fr\/#website","url":"https:\/\/ecosupplements.be\/fr\/","name":"ECO Supplements","description":"Eco Supplements - Gezonde supplementen","publisher":{"@id":"https:\/\/ecosupplements.be\/fr\/#organization"},"potentialAction":[{"@type":"SearchAction","target":{"@type":"EntryPoint","urlTemplate":"https:\/\/ecosupplements.be\/fr\/?s={search_term_string}"},"query-input":{"@type":"PropertyValueSpecification","valueRequired":true,"valueName":"search_term_string"}}],"inLanguage":"fr-FR"},{"@type":"Organization","@id":"https:\/\/ecosupplements.be\/fr\/#organization","name":"Eco Supplements","url":"https:\/\/ecosupplements.be\/fr\/","logo":{"@type":"ImageObject","inLanguage":"fr-FR","@id":"https:\/\/ecosupplements.be\/fr\/#\/schema\/logo\/image\/","url":"https:\/\/ecosupplements.be\/wp-content\/uploads\/2022\/06\/ecosupplement-family.png","contentUrl":"https:\/\/ecosupplements.be\/wp-content\/uploads\/2022\/06\/ecosupplement-family.png","width":593,"height":374,"caption":"Eco Supplements"},"image":{"@id":"https:\/\/ecosupplements.be\/fr\/#\/schema\/logo\/image\/"}}]},"product_brand":"Applied Nutrition","product_price_amount":"17.57","product_price_currency":"EUR","og_availability":"instock","product_availability":"instock","product_retailer_item_id":"5056555203736","product_condition":"new"},"_links":{"self":[{"href":"https:\/\/ecosupplements.be\/fr\/wp-json\/wp\/v2\/product\/286266","targetHints":{"allow":["GET"]}}],"collection":[{"href":"https:\/\/ecosupplements.be\/fr\/wp-json\/wp\/v2\/product"}],"about":[{"href":"https:\/\/ecosupplements.be\/fr\/wp-json\/wp\/v2\/types\/product"}],"replies":[{"embeddable":true,"href":"https:\/\/ecosupplements.be\/fr\/wp-json\/wp\/v2\/comments?post=286266"}],"wp:featuredmedia":[{"embeddable":true,"href":"https:\/\/ecosupplements.be\/fr\/wp-json\/wp\/v2\/media\/263372"}],"wp:attachment":[{"href":"https:\/\/ecosupplements.be\/fr\/wp-json\/wp\/v2\/media?parent=286266"}],"wp:term":[{"taxonomy":"product_brand","embeddable":true,"href":"https:\/\/ecosupplements.be\/fr\/wp-json\/wp\/v2\/product_brand?post=286266"},{"taxonomy":"product_cat","embeddable":true,"href":"https:\/\/ecosupplements.be\/fr\/wp-json\/wp\/v2\/product_cat?post=286266"},{"taxonomy":"product_tag","embeddable":true,"href":"https:\/\/ecosupplements.be\/fr\/wp-json\/wp\/v2\/product_tag?post=286266"}],"curies":[{"name":"wp","href":"https:\/\/api.w.org\/{rel}","templated":true}]}}