{"id":286299,"date":"2022-09-15T13:31:09","date_gmt":"2022-09-15T12:31:09","guid":{"rendered":"https:\/\/ecosupplements.be\/product\/ulescheveux-peau-et-ongles-60-capsules\/"},"modified":"2025-08-27T14:05:47","modified_gmt":"2025-08-27T13:05:47","slug":"ulescheveux-peau-et-ongles-60-capsules","status":"publish","type":"product","link":"https:\/\/ecosupplements.be\/fr\/produit\/ulescheveux-peau-et-ongles-60-capsules\/","title":{"rendered":"Ules\n\nCheveux, Peau et Ongles &#8211; 60 capsules"},"content":{"rendered":"<h1>Hair, Skin &#038; Nails &#8211; 60 caps<\/h1>\n<p>Obtenez des cheveux,\u200d une peau \u2064et des ongles sains et \u00e9clatants avec les\u200b capsules \u2063Hair, Skin &#038; \u2062Nails de la marque Applied \u200bNutrition. Cette formule sp\u00e9ciale contient un m\u00e9lange unique d&#8217;ingr\u00e9dients \u2063pour \u2063nourrir et renforcer vos cheveux, votre peau \u200cet vos ongles de l&#8217;int\u00e9rieur.<\/p>\n<h2>Caract\u00e9ristiques sp\u00e9ciales:<\/h2>\n<ul>\n<li>Contient de la\u2063 biotine, de la vitamine C et du \u2063zinc pour favoriser la\u2064 croissance des cheveux et des ongles<\/li>\n<li>Enrichi en collag\u00e8ne pour am\u00e9liorer l&#8217;\u00e9lasticit\u00e9 de\u200b la peau et r\u00e9duire les signes de vieillissement<\/li>\n<li>Formule \u2063compl\u00e8te avec des vitamines et\u200c des \u2062min\u00e9raux essentiels\u2063 pour une\u2064 sant\u00e9 globale<\/li>\n<li>Facile \u00e0 prendre\u200c avec seulement 2 capsules par jour<\/li>\n<\/ul>\n<h2>Ingr\u00e9dients cl\u00e9s:<\/h2>\n<p>Chaque capsule contient:<\/p>\n<ul>\n<li>5000 mcg\u200d de biotine\u2064 &#8211; un nutriment essentiel pour la sant\u00e9\u200d des cheveux, de la peau\u200b et des ongles<\/li>\n<li>80 mg de vitamine C &#8211; un antioxydant\u200d puissant pour prot\u00e9ger la peau contre les\u2063 dommages caus\u00e9s par les radicaux libres<\/li>\n<li>15 mg de zinc &#8211; un min\u00e9ral\u200c important pour la\u2064 croissance et la r\u00e9paration des tissus<\/li>\n<li>100\u200b mg \u2062de collag\u00e8ne &#8211; \u2062une prot\u00e9ine qui maintient la peau ferme et \u00e9lastique<\/li>\n<\/ul>\n<h2>Avantages uniques:<\/h2>\n<ul>\n<li>Am\u00e9liore la sant\u00e9 et l&#8217;apparence des cheveux, de la peau et des\u200d ongles<\/li>\n<li>Aide \u00e0 r\u00e9duire les signes de vieillissement tels que les rides et les ridules<\/li>\n<li>Renforce les ongles et favorise leur croissance<\/li>\n<li>Contribue \u00e0 une peau plus ferme \u200det\u2062 plus \u00e9lastique<\/li>\n<li>Formule compl\u00e8te pour une \u2063sant\u00e9\u2063 globale<\/li>\n<\/ul>\n<h2>Mode d&#8217;emploi:<\/h2>\n<p>Prenez 2 capsules par jour\u2063 avec de l&#8217;eau, de pr\u00e9f\u00e9rence pendant \u200bun repas.<\/p>\n<p>Ne pas d\u00e9passer la dose recommand\u00e9e. Ce produit ne doit pas\u200c \u00eatre utilis\u00e9 comme substitut \u00e0 une alimentation \u00e9quilibr\u00e9e et \u00e0 un mode de vie \u200csain. Tenir \u2062hors de \u200dport\u00e9e des \u2062enfants.<\/p>\n<p>Convient aux \u200dv\u00e9g\u00e9tariens et\u2063 aux v\u00e9g\u00e9taliens.<\/p>\n<p>Conservez\u2063 dans un endroit frais et sec, \u00e0 l&#8217;abri de la lumi\u00e8re directe du soleil.<\/p>\n<p>Si vous\u2062 \u00eates enceinte, allaitez ou prenez\u200d des\u2063 m\u00e9dicaments, veuillez consulter votre m\u00e9decin avant de prendre ce produit.<\/p>\n<p>Ne convient pas aux personnes de \u2063moins de 18 ans.<\/p>\n<p>Ne\u2062 pas\u2064 utiliser si le sceau de \u200ds\u00e9curit\u00e9 est endommag\u00e9 ou manquant.<\/p>\n<p>Pour de meilleurs r\u00e9sultats, utilisez en combinaison avec une alimentation \u00e9quilibr\u00e9e et un mode de vie sain.<\/p>\n<p>Offrez \u00e0 vos \u200bcheveux, votre peau et vos ongles \u200dles nutriments dont ils\u2063 ont besoin pour \u00eatre\u200d en pleine sant\u00e9 avec les\u2063 capsules Hair, \u2064Skin &#038;\u200b Nails de Applied Nutrition.<\/p>\n","protected":false},"excerpt":{"rendered":"<p>Hair, Skin &#038; Nails &#8211; 60 caps Obtenez des cheveux,\u200d une peau \u2064et des ongles sains et \u00e9clatants avec les\u200b capsules \u2063Hair, Skin &#038; \u2062Nails de la marque Applied \u200bNutrition. Cette formule sp\u00e9ciale contient un m\u00e9lange unique d&#8217;ingr\u00e9dients \u2063pour \u2063nourrir et renforcer vos cheveux, votre peau \u200cet vos ongles de l&#8217;int\u00e9rieur. Caract\u00e9ristiques sp\u00e9ciales: Contient de [&#8230;]\n","protected":false},"featured_media":260782,"comment_status":"open","ping_status":"open","template":"","meta":[],"product_brand":[4651],"product_cat":[5114,5090,5052],"product_tag":[],"class_list":{"0":"post-286299","1":"product","2":"type-product","3":"status-publish","4":"has-post-thumbnail","6":"product_brand-applied-nutrition-2","7":"product_cat-beaute","8":"product_cat-cheveux-et-ongles","9":"product_cat-sante-et-bien-etre","11":"first","12":"instock","13":"sale","14":"taxable","15":"shipping-taxable","16":"purchasable","17":"product-type-simple"},"yoast_head":"<!-- This site is optimized with the Yoast SEO Premium plugin v27.3 (Yoast SEO v27.3) - https:\/\/yoast.com\/product\/yoast-seo-premium-wordpress\/ -->\n<title>Ules Cheveux, Peau et Ongles - 60 capsules - ECO Supplements<\/title>\n<meta name=\"description\" content=\"Wij hebben een ruime keuze aan producten van Ules Cheveux, Peau et Ongles - 60 capsules . Winkel bij Eco Supplements altijd gratis verzending boven 100\u20ac\" \/>\n<meta name=\"robots\" content=\"index, follow, max-snippet:-1, max-image-preview:large, max-video-preview:-1\" \/>\n<link rel=\"canonical\" href=\"https:\/\/ecosupplements.be\/fr\/produit\/ulescheveux-peau-et-ongles-60-capsules\/\" \/>\n<meta property=\"og:locale\" content=\"fr_FR\" \/>\n<meta property=\"og:type\" content=\"article\" \/>\n<meta property=\"og:title\" content=\"Ules Cheveux, Peau et Ongles - 60 capsules\" \/>\n<meta property=\"og:description\" content=\"Wij hebben een ruime keuze aan producten van Ules Cheveux, Peau et Ongles - 60 capsules . Winkel bij Eco Supplements altijd gratis verzending boven 100\u20ac\" \/>\n<meta property=\"og:url\" content=\"https:\/\/ecosupplements.be\/fr\/produit\/ulescheveux-peau-et-ongles-60-capsules\/\" \/>\n<meta property=\"og:site_name\" content=\"ECO Supplements\" \/>\n<meta property=\"article:modified_time\" content=\"2025-08-27T13:05:47+00:00\" \/>\n<meta property=\"og:image\" content=\"https:\/\/ecosupplements.be\/wp-content\/uploads\/2025\/08\/Hair-Skin-Nails-60-caps-1.jpg\" \/>\n\t<meta property=\"og:image:width\" content=\"283\" \/>\n\t<meta property=\"og:image:height\" content=\"600\" \/>\n\t<meta property=\"og:image:type\" content=\"image\/jpeg\" \/>\n<meta name=\"twitter:card\" content=\"summary_large_image\" \/>\n<meta name=\"twitter:label1\" content=\"Prix\" \/>\n\t<meta name=\"twitter:data1\" content=\"20.70&nbsp;&euro;\" \/>\n\t<meta name=\"twitter:label2\" content=\"Disponibilit\u00e9\" \/>\n\t<meta name=\"twitter:data2\" content=\"En stock\" \/>\n<script type=\"application\/ld+json\" class=\"yoast-schema-graph\">{\"@context\":\"https:\\\/\\\/schema.org\",\"@graph\":[{\"@type\":[\"WebPage\",\"ItemPage\"],\"@id\":\"https:\\\/\\\/ecosupplements.be\\\/fr\\\/produit\\\/ulescheveux-peau-et-ongles-60-capsules\\\/\",\"url\":\"https:\\\/\\\/ecosupplements.be\\\/fr\\\/produit\\\/ulescheveux-peau-et-ongles-60-capsules\\\/\",\"name\":\"Ules Cheveux, Peau et Ongles - 60 capsules - ECO Supplements\",\"isPartOf\":{\"@id\":\"https:\\\/\\\/ecosupplements.be\\\/fr\\\/#website\"},\"primaryImageOfPage\":{\"@id\":\"https:\\\/\\\/ecosupplements.be\\\/fr\\\/produit\\\/ulescheveux-peau-et-ongles-60-capsules\\\/#primaryimage\"},\"image\":{\"@id\":\"https:\\\/\\\/ecosupplements.be\\\/fr\\\/produit\\\/ulescheveux-peau-et-ongles-60-capsules\\\/#primaryimage\"},\"thumbnailUrl\":\"https:\\\/\\\/ecosupplements.be\\\/wp-content\\\/uploads\\\/2025\\\/08\\\/Hair-Skin-Nails-60-caps.jpg\",\"datePublished\":\"2022-09-15T12:31:09+00:00\",\"dateModified\":\"2025-08-27T13:05:47+00:00\",\"description\":\"Wij hebben een ruime keuze aan producten van Ules Cheveux, Peau et Ongles - 60 capsules . Winkel bij Eco Supplements altijd gratis verzending boven 100\u20ac\",\"breadcrumb\":{\"@id\":\"https:\\\/\\\/ecosupplements.be\\\/fr\\\/produit\\\/ulescheveux-peau-et-ongles-60-capsules\\\/#breadcrumb\"},\"inLanguage\":\"fr-FR\",\"potentialAction\":[{\"@type\":\"ReadAction\",\"target\":[\"https:\\\/\\\/ecosupplements.be\\\/fr\\\/produit\\\/ulescheveux-peau-et-ongles-60-capsules\\\/\"]}]},{\"@type\":\"ImageObject\",\"inLanguage\":\"fr-FR\",\"@id\":\"https:\\\/\\\/ecosupplements.be\\\/fr\\\/produit\\\/ulescheveux-peau-et-ongles-60-capsules\\\/#primaryimage\",\"url\":\"https:\\\/\\\/ecosupplements.be\\\/wp-content\\\/uploads\\\/2025\\\/08\\\/Hair-Skin-Nails-60-caps.jpg\",\"contentUrl\":\"https:\\\/\\\/ecosupplements.be\\\/wp-content\\\/uploads\\\/2025\\\/08\\\/Hair-Skin-Nails-60-caps.jpg\",\"width\":283,\"height\":600},{\"@type\":\"BreadcrumbList\",\"@id\":\"https:\\\/\\\/ecosupplements.be\\\/fr\\\/produit\\\/ulescheveux-peau-et-ongles-60-capsules\\\/#breadcrumb\",\"itemListElement\":[{\"@type\":\"ListItem\",\"position\":1,\"name\":\"Home\",\"item\":\"https:\\\/\\\/ecosupplements.be\\\/fr\\\/\"},{\"@type\":\"ListItem\",\"position\":2,\"name\":\"Boutique\",\"item\":\"https:\\\/\\\/ecosupplements.be\\\/fr\\\/boutique\\\/\"},{\"@type\":\"ListItem\",\"position\":3,\"name\":\"Ules Cheveux, Peau et Ongles &#8211; 60 capsules\"}]},{\"@type\":\"WebSite\",\"@id\":\"https:\\\/\\\/ecosupplements.be\\\/fr\\\/#website\",\"url\":\"https:\\\/\\\/ecosupplements.be\\\/fr\\\/\",\"name\":\"ECO Supplements\",\"description\":\"Eco Supplements - Gezonde supplementen\",\"publisher\":{\"@id\":\"https:\\\/\\\/ecosupplements.be\\\/fr\\\/#organization\"},\"potentialAction\":[{\"@type\":\"SearchAction\",\"target\":{\"@type\":\"EntryPoint\",\"urlTemplate\":\"https:\\\/\\\/ecosupplements.be\\\/fr\\\/?s={search_term_string}\"},\"query-input\":{\"@type\":\"PropertyValueSpecification\",\"valueRequired\":true,\"valueName\":\"search_term_string\"}}],\"inLanguage\":\"fr-FR\"},{\"@type\":\"Organization\",\"@id\":\"https:\\\/\\\/ecosupplements.be\\\/fr\\\/#organization\",\"name\":\"Eco Supplements\",\"url\":\"https:\\\/\\\/ecosupplements.be\\\/fr\\\/\",\"logo\":{\"@type\":\"ImageObject\",\"inLanguage\":\"fr-FR\",\"@id\":\"https:\\\/\\\/ecosupplements.be\\\/fr\\\/#\\\/schema\\\/logo\\\/image\\\/\",\"url\":\"https:\\\/\\\/ecosupplements.be\\\/wp-content\\\/uploads\\\/2022\\\/06\\\/ecosupplement-family.png\",\"contentUrl\":\"https:\\\/\\\/ecosupplements.be\\\/wp-content\\\/uploads\\\/2022\\\/06\\\/ecosupplement-family.png\",\"width\":593,\"height\":374,\"caption\":\"Eco Supplements\"},\"image\":{\"@id\":\"https:\\\/\\\/ecosupplements.be\\\/fr\\\/#\\\/schema\\\/logo\\\/image\\\/\"}}]}<\/script>\n<meta property=\"product:brand\" content=\"Applied Nutrition\" \/>\n<meta property=\"product:price:amount\" content=\"20.70\" \/>\n<meta property=\"product:price:currency\" content=\"EUR\" \/>\n<meta property=\"og:availability\" content=\"instock\" \/>\n<meta property=\"product:availability\" content=\"instock\" \/>\n<meta property=\"product:retailer_item_id\" content=\"5056555200551\" \/>\n<meta property=\"product:condition\" content=\"new\" \/>\n<!-- \/ Yoast SEO Premium plugin. -->","yoast_head_json":{"title":"Ules Cheveux, Peau et Ongles - 60 capsules - ECO Supplements","description":"Wij hebben een ruime keuze aan producten van Ules Cheveux, Peau et Ongles - 60 capsules . Winkel bij Eco Supplements altijd gratis verzending boven 100\u20ac","robots":{"index":"index","follow":"follow","max-snippet":"max-snippet:-1","max-image-preview":"max-image-preview:large","max-video-preview":"max-video-preview:-1"},"canonical":"https:\/\/ecosupplements.be\/fr\/produit\/ulescheveux-peau-et-ongles-60-capsules\/","og_locale":"fr_FR","og_type":"article","og_title":"Ules Cheveux, Peau et Ongles - 60 capsules","og_description":"Wij hebben een ruime keuze aan producten van Ules Cheveux, Peau et Ongles - 60 capsules . Winkel bij Eco Supplements altijd gratis verzending boven 100\u20ac","og_url":"https:\/\/ecosupplements.be\/fr\/produit\/ulescheveux-peau-et-ongles-60-capsules\/","og_site_name":"ECO Supplements","article_modified_time":"2025-08-27T13:05:47+00:00","og_image":[{"width":283,"height":600,"url":"https:\/\/ecosupplements.be\/wp-content\/uploads\/2025\/08\/Hair-Skin-Nails-60-caps-1.jpg","type":"image\/jpeg"}],"twitter_card":"summary_large_image","twitter_misc":{"Prix":"20.70&nbsp;&euro;","Disponibilit\u00e9":"En stock"},"schema":{"@context":"https:\/\/schema.org","@graph":[{"@type":["WebPage","ItemPage"],"@id":"https:\/\/ecosupplements.be\/fr\/produit\/ulescheveux-peau-et-ongles-60-capsules\/","url":"https:\/\/ecosupplements.be\/fr\/produit\/ulescheveux-peau-et-ongles-60-capsules\/","name":"Ules Cheveux, Peau et Ongles - 60 capsules - ECO Supplements","isPartOf":{"@id":"https:\/\/ecosupplements.be\/fr\/#website"},"primaryImageOfPage":{"@id":"https:\/\/ecosupplements.be\/fr\/produit\/ulescheveux-peau-et-ongles-60-capsules\/#primaryimage"},"image":{"@id":"https:\/\/ecosupplements.be\/fr\/produit\/ulescheveux-peau-et-ongles-60-capsules\/#primaryimage"},"thumbnailUrl":"https:\/\/ecosupplements.be\/wp-content\/uploads\/2025\/08\/Hair-Skin-Nails-60-caps.jpg","datePublished":"2022-09-15T12:31:09+00:00","dateModified":"2025-08-27T13:05:47+00:00","description":"Wij hebben een ruime keuze aan producten van Ules Cheveux, Peau et Ongles - 60 capsules . Winkel bij Eco Supplements altijd gratis verzending boven 100\u20ac","breadcrumb":{"@id":"https:\/\/ecosupplements.be\/fr\/produit\/ulescheveux-peau-et-ongles-60-capsules\/#breadcrumb"},"inLanguage":"fr-FR","potentialAction":[{"@type":"ReadAction","target":["https:\/\/ecosupplements.be\/fr\/produit\/ulescheveux-peau-et-ongles-60-capsules\/"]}]},{"@type":"ImageObject","inLanguage":"fr-FR","@id":"https:\/\/ecosupplements.be\/fr\/produit\/ulescheveux-peau-et-ongles-60-capsules\/#primaryimage","url":"https:\/\/ecosupplements.be\/wp-content\/uploads\/2025\/08\/Hair-Skin-Nails-60-caps.jpg","contentUrl":"https:\/\/ecosupplements.be\/wp-content\/uploads\/2025\/08\/Hair-Skin-Nails-60-caps.jpg","width":283,"height":600},{"@type":"BreadcrumbList","@id":"https:\/\/ecosupplements.be\/fr\/produit\/ulescheveux-peau-et-ongles-60-capsules\/#breadcrumb","itemListElement":[{"@type":"ListItem","position":1,"name":"Home","item":"https:\/\/ecosupplements.be\/fr\/"},{"@type":"ListItem","position":2,"name":"Boutique","item":"https:\/\/ecosupplements.be\/fr\/boutique\/"},{"@type":"ListItem","position":3,"name":"Ules Cheveux, Peau et Ongles &#8211; 60 capsules"}]},{"@type":"WebSite","@id":"https:\/\/ecosupplements.be\/fr\/#website","url":"https:\/\/ecosupplements.be\/fr\/","name":"ECO Supplements","description":"Eco Supplements - Gezonde supplementen","publisher":{"@id":"https:\/\/ecosupplements.be\/fr\/#organization"},"potentialAction":[{"@type":"SearchAction","target":{"@type":"EntryPoint","urlTemplate":"https:\/\/ecosupplements.be\/fr\/?s={search_term_string}"},"query-input":{"@type":"PropertyValueSpecification","valueRequired":true,"valueName":"search_term_string"}}],"inLanguage":"fr-FR"},{"@type":"Organization","@id":"https:\/\/ecosupplements.be\/fr\/#organization","name":"Eco Supplements","url":"https:\/\/ecosupplements.be\/fr\/","logo":{"@type":"ImageObject","inLanguage":"fr-FR","@id":"https:\/\/ecosupplements.be\/fr\/#\/schema\/logo\/image\/","url":"https:\/\/ecosupplements.be\/wp-content\/uploads\/2022\/06\/ecosupplement-family.png","contentUrl":"https:\/\/ecosupplements.be\/wp-content\/uploads\/2022\/06\/ecosupplement-family.png","width":593,"height":374,"caption":"Eco Supplements"},"image":{"@id":"https:\/\/ecosupplements.be\/fr\/#\/schema\/logo\/image\/"}}]},"product_brand":"Applied Nutrition","product_price_amount":"20.70","product_price_currency":"EUR","og_availability":"instock","product_availability":"instock","product_retailer_item_id":"5056555200551","product_condition":"new"},"_links":{"self":[{"href":"https:\/\/ecosupplements.be\/fr\/wp-json\/wp\/v2\/product\/286299","targetHints":{"allow":["GET"]}}],"collection":[{"href":"https:\/\/ecosupplements.be\/fr\/wp-json\/wp\/v2\/product"}],"about":[{"href":"https:\/\/ecosupplements.be\/fr\/wp-json\/wp\/v2\/types\/product"}],"replies":[{"embeddable":true,"href":"https:\/\/ecosupplements.be\/fr\/wp-json\/wp\/v2\/comments?post=286299"}],"wp:featuredmedia":[{"embeddable":true,"href":"https:\/\/ecosupplements.be\/fr\/wp-json\/wp\/v2\/media\/260782"}],"wp:attachment":[{"href":"https:\/\/ecosupplements.be\/fr\/wp-json\/wp\/v2\/media?parent=286299"}],"wp:term":[{"taxonomy":"product_brand","embeddable":true,"href":"https:\/\/ecosupplements.be\/fr\/wp-json\/wp\/v2\/product_brand?post=286299"},{"taxonomy":"product_cat","embeddable":true,"href":"https:\/\/ecosupplements.be\/fr\/wp-json\/wp\/v2\/product_cat?post=286299"},{"taxonomy":"product_tag","embeddable":true,"href":"https:\/\/ecosupplements.be\/fr\/wp-json\/wp\/v2\/product_tag?post=286299"}],"curies":[{"name":"wp","href":"https:\/\/api.w.org\/{rel}","templated":true}]}}