{"id":286311,"date":"2024-04-24T02:31:33","date_gmt":"2024-04-24T01:31:33","guid":{"rendered":"https:\/\/ecosupplements.be\/product\/chardon-marie-90-comprimes-ean-5056555205389\/"},"modified":"2025-08-27T14:05:58","modified_gmt":"2025-08-27T13:05:58","slug":"chardon-marie-90-comprimes-ean-5056555205389","status":"publish","type":"product","link":"https:\/\/ecosupplements.be\/fr\/produit\/chardon-marie-90-comprimes-ean-5056555205389\/","title":{"rendered":"Chardon-Marie &#8211; 90 comprim\u00e9s (EAN 5056555205389)"},"content":{"rendered":"<h1>Milk Thistle &#8211; 90 comprim\u00e9s<\/h1>\n<p>Le Milk \u2064Thistle est \u2063un compl\u00e9ment\u200d alimentaire de haute \u200dqualit\u00e9 de \u200dla marque Applied Nutrition. Chaque bo\u00eete contient 90 comprim\u00e9s, ce\u200c qui \u00e9quivaut \u00e0 un approvisionnement de\u200d 30 jours.<\/p>\n<h2>Caract\u00e9ristiques \u2064sp\u00e9ciales:<\/h2>\n<ul>\n<li>Contient 90 comprim\u00e9s par bo\u00eete<\/li>\n<li>Chaque comprim\u00e9 contient 1000 mg de Milk Thistle<\/li>\n<li>Convient\u2064 aux\u200b v\u00e9g\u00e9tariens et v\u00e9g\u00e9taliens<\/li>\n<li>Sans gluten et sans lactose<\/li>\n<li>Fabriqu\u00e9 au Royaume-Uni selon les normes \u200dde qualit\u00e9 les plus\u200d strictes<\/li>\n<\/ul>\n<h2>Ingr\u00e9dients:<\/h2>\n<p>Chaque comprim\u00e9 contient 1000 \u2064mg de Milk Thistle (Silybum marianum) sous forme\u2062 d&#8217;extrait de graines standardis\u00e9 \u00e0 \u206380% de \u2064silymarine. Les \u2062autres ingr\u00e9dients comprennent le\u200c phosphate dicalcique, la cellulose microcristalline, le st\u00e9arate de magn\u00e9sium et le dioxyde de silicium.<\/p>\n<h2>Avantages uniques:<\/h2>\n<p>Le Milk Thistle est une plante \u2064utilis\u00e9e \u200bdepuis des\u200b si\u00e8cles\u200d pour ses propri\u00e9t\u00e9s b\u00e9n\u00e9fiques pour\u200c la sant\u00e9. Il est \u200dprincipalement connu pour son \u2064soutien \u00e0 la sant\u00e9 du foie,\u200d mais il peut \u00e9galement \u200cavoir d&#8217;autres avantages pour la \u200csant\u00e9, notamment:<\/p>\n<ul>\n<li>Prot\u00e8ge\u2064 le foie contre les toxines \u2063et les dommages<\/li>\n<li>Am\u00e9liore la fonction \u2062h\u00e9patique et la\u200c d\u00e9toxification<\/li>\n<li>Renforce le syst\u00e8me immunitaire<\/li>\n<li>Antioxydant puissant pour lutter contre les radicaux\u2063 libres<\/li>\n<li>Peut aider \u2062\u00e0 r\u00e9duire \u2062l&#8217;inflammation<\/li>\n<\/ul>\n<h2>Mode d&#8217;emploi:<\/h2>\n<p>Prenez 1 comprim\u00e9 par jour avec de l&#8217;eau, de\u2064 pr\u00e9f\u00e9rence pendant un repas.<\/p>\n<p>Il\u2062 est recommand\u00e9 de ne pas d\u00e9passer la dose quotidienne \u200crecommand\u00e9e. Ce produit ne\u2064 doit pas \u00eatre utilis\u00e9 comme substitut \u00e0 une alimentation \u2064\u00e9quilibr\u00e9e et vari\u00e9e. \u2062Si vous\u2063 \u00eates enceinte, allaitez ou prenez des m\u00e9dicaments, \u2063veuillez consulter votre m\u00e9decin avant de prendre ce compl\u00e9ment alimentaire.<\/p>\n<p>Conservez dans un endroit\u2062 frais et sec, \u00e0 l&#8217;abri de la lumi\u00e8re directe du soleil. Tenir hors de port\u00e9e des\u200b enfants.<\/p>\n<p>Si vous avez des questions ou des pr\u00e9occupations concernant ce produit, veuillez contacter le service client d&#8217;Applied Nutrition pour obtenir de l&#8217;aide.<\/p>\n<p>Ne manquez pas \u200bl&#8217;occasion de prendre soin \u2063de \u2064votre foie\u2063 et de votre sant\u00e9 globale\u200c avec le Milk\u2064 Thistle d&#8217;Applied Nutrition. Commandez d\u00e8s maintenant et \u200cprofitez des\u2062 bienfaits de cette plante puissante et naturelle.<\/p>\n","protected":false},"excerpt":{"rendered":"<p>Milk Thistle &#8211; 90 comprim\u00e9s Le Milk \u2064Thistle est \u2063un compl\u00e9ment\u200d alimentaire de haute \u200dqualit\u00e9 de \u200dla marque Applied Nutrition. Chaque bo\u00eete contient 90 comprim\u00e9s, ce\u200c qui \u00e9quivaut \u00e0 un approvisionnement de\u200d 30 jours. Caract\u00e9ristiques \u2064sp\u00e9ciales: Contient 90 comprim\u00e9s par bo\u00eete Chaque comprim\u00e9 contient 1000 mg de Milk Thistle Convient\u2064 aux\u200b v\u00e9g\u00e9tariens et v\u00e9g\u00e9taliens Sans [&#8230;]\n","protected":false},"featured_media":265418,"comment_status":"open","ping_status":"open","template":"","meta":[],"product_brand":[4651],"product_cat":[5052,5153],"product_tag":[],"class_list":{"0":"post-286311","1":"product","2":"type-product","3":"status-publish","4":"has-post-thumbnail","6":"product_brand-applied-nutrition-2","7":"product_cat-sante-et-bien-etre","8":"product_cat-soutien-du-foie","10":"first","11":"instock","12":"taxable","13":"shipping-taxable","14":"purchasable","15":"product-type-simple"},"yoast_head":"<!-- This site is optimized with the Yoast SEO Premium plugin v27.3 (Yoast SEO v27.3) - https:\/\/yoast.com\/product\/yoast-seo-premium-wordpress\/ -->\n<title>Chardon-Marie - 90 comprim\u00e9s (EAN 5056555205389) - ECO Supplements<\/title>\n<meta name=\"description\" content=\"Wij hebben een ruime keuze aan producten van Chardon-Marie - 90 comprim\u00e9s (EAN 5056555205389) . Winkel bij Eco Supplements altijd gratis verzending boven 100\u20ac\" \/>\n<meta name=\"robots\" content=\"index, follow, max-snippet:-1, max-image-preview:large, max-video-preview:-1\" \/>\n<link rel=\"canonical\" href=\"https:\/\/ecosupplements.be\/fr\/produit\/chardon-marie-90-comprimes-ean-5056555205389\/\" \/>\n<meta property=\"og:locale\" content=\"fr_FR\" \/>\n<meta property=\"og:type\" content=\"article\" \/>\n<meta property=\"og:title\" content=\"Chardon-Marie - 90 comprim\u00e9s (EAN 5056555205389)\" \/>\n<meta property=\"og:description\" content=\"Wij hebben een ruime keuze aan producten van Chardon-Marie - 90 comprim\u00e9s (EAN 5056555205389) . Winkel bij Eco Supplements altijd gratis verzending boven 100\u20ac\" \/>\n<meta property=\"og:url\" content=\"https:\/\/ecosupplements.be\/fr\/produit\/chardon-marie-90-comprimes-ean-5056555205389\/\" \/>\n<meta property=\"og:site_name\" content=\"ECO Supplements\" \/>\n<meta property=\"article:modified_time\" content=\"2025-08-27T13:05:58+00:00\" \/>\n<meta property=\"og:image\" content=\"https:\/\/ecosupplements.be\/wp-content\/uploads\/2025\/08\/Milk-Thistle-90-tablets-EAN-5056555205389-1.jpg\" \/>\n\t<meta property=\"og:image:width\" content=\"500\" \/>\n\t<meta property=\"og:image:height\" content=\"500\" \/>\n\t<meta property=\"og:image:type\" content=\"image\/jpeg\" \/>\n<meta name=\"twitter:card\" content=\"summary_large_image\" \/>\n<meta name=\"twitter:label1\" content=\"Prix\" \/>\n\t<meta name=\"twitter:data1\" content=\"13.48&nbsp;&euro;\" \/>\n\t<meta name=\"twitter:label2\" content=\"Disponibilit\u00e9\" \/>\n\t<meta name=\"twitter:data2\" content=\"En stock\" \/>\n<script type=\"application\/ld+json\" class=\"yoast-schema-graph\">{\"@context\":\"https:\\\/\\\/schema.org\",\"@graph\":[{\"@type\":[\"WebPage\",\"ItemPage\"],\"@id\":\"https:\\\/\\\/ecosupplements.be\\\/fr\\\/produit\\\/chardon-marie-90-comprimes-ean-5056555205389\\\/\",\"url\":\"https:\\\/\\\/ecosupplements.be\\\/fr\\\/produit\\\/chardon-marie-90-comprimes-ean-5056555205389\\\/\",\"name\":\"Chardon-Marie - 90 comprim\u00e9s (EAN 5056555205389) - ECO Supplements\",\"isPartOf\":{\"@id\":\"https:\\\/\\\/ecosupplements.be\\\/fr\\\/#website\"},\"primaryImageOfPage\":{\"@id\":\"https:\\\/\\\/ecosupplements.be\\\/fr\\\/produit\\\/chardon-marie-90-comprimes-ean-5056555205389\\\/#primaryimage\"},\"image\":{\"@id\":\"https:\\\/\\\/ecosupplements.be\\\/fr\\\/produit\\\/chardon-marie-90-comprimes-ean-5056555205389\\\/#primaryimage\"},\"thumbnailUrl\":\"https:\\\/\\\/ecosupplements.be\\\/wp-content\\\/uploads\\\/2025\\\/08\\\/Milk-Thistle-90-tablets-EAN-5056555205389.jpg\",\"datePublished\":\"2024-04-24T01:31:33+00:00\",\"dateModified\":\"2025-08-27T13:05:58+00:00\",\"description\":\"Wij hebben een ruime keuze aan producten van Chardon-Marie - 90 comprim\u00e9s (EAN 5056555205389) . Winkel bij Eco Supplements altijd gratis verzending boven 100\u20ac\",\"breadcrumb\":{\"@id\":\"https:\\\/\\\/ecosupplements.be\\\/fr\\\/produit\\\/chardon-marie-90-comprimes-ean-5056555205389\\\/#breadcrumb\"},\"inLanguage\":\"fr-FR\",\"potentialAction\":[{\"@type\":\"ReadAction\",\"target\":[\"https:\\\/\\\/ecosupplements.be\\\/fr\\\/produit\\\/chardon-marie-90-comprimes-ean-5056555205389\\\/\"]}]},{\"@type\":\"ImageObject\",\"inLanguage\":\"fr-FR\",\"@id\":\"https:\\\/\\\/ecosupplements.be\\\/fr\\\/produit\\\/chardon-marie-90-comprimes-ean-5056555205389\\\/#primaryimage\",\"url\":\"https:\\\/\\\/ecosupplements.be\\\/wp-content\\\/uploads\\\/2025\\\/08\\\/Milk-Thistle-90-tablets-EAN-5056555205389.jpg\",\"contentUrl\":\"https:\\\/\\\/ecosupplements.be\\\/wp-content\\\/uploads\\\/2025\\\/08\\\/Milk-Thistle-90-tablets-EAN-5056555205389.jpg\",\"width\":500,\"height\":500},{\"@type\":\"BreadcrumbList\",\"@id\":\"https:\\\/\\\/ecosupplements.be\\\/fr\\\/produit\\\/chardon-marie-90-comprimes-ean-5056555205389\\\/#breadcrumb\",\"itemListElement\":[{\"@type\":\"ListItem\",\"position\":1,\"name\":\"Home\",\"item\":\"https:\\\/\\\/ecosupplements.be\\\/fr\\\/\"},{\"@type\":\"ListItem\",\"position\":2,\"name\":\"Boutique\",\"item\":\"https:\\\/\\\/ecosupplements.be\\\/fr\\\/boutique\\\/\"},{\"@type\":\"ListItem\",\"position\":3,\"name\":\"Chardon-Marie &#8211; 90 comprim\u00e9s (EAN 5056555205389)\"}]},{\"@type\":\"WebSite\",\"@id\":\"https:\\\/\\\/ecosupplements.be\\\/fr\\\/#website\",\"url\":\"https:\\\/\\\/ecosupplements.be\\\/fr\\\/\",\"name\":\"ECO Supplements\",\"description\":\"Eco Supplements - Gezonde supplementen\",\"publisher\":{\"@id\":\"https:\\\/\\\/ecosupplements.be\\\/fr\\\/#organization\"},\"potentialAction\":[{\"@type\":\"SearchAction\",\"target\":{\"@type\":\"EntryPoint\",\"urlTemplate\":\"https:\\\/\\\/ecosupplements.be\\\/fr\\\/?s={search_term_string}\"},\"query-input\":{\"@type\":\"PropertyValueSpecification\",\"valueRequired\":true,\"valueName\":\"search_term_string\"}}],\"inLanguage\":\"fr-FR\"},{\"@type\":\"Organization\",\"@id\":\"https:\\\/\\\/ecosupplements.be\\\/fr\\\/#organization\",\"name\":\"Eco Supplements\",\"url\":\"https:\\\/\\\/ecosupplements.be\\\/fr\\\/\",\"logo\":{\"@type\":\"ImageObject\",\"inLanguage\":\"fr-FR\",\"@id\":\"https:\\\/\\\/ecosupplements.be\\\/fr\\\/#\\\/schema\\\/logo\\\/image\\\/\",\"url\":\"https:\\\/\\\/ecosupplements.be\\\/wp-content\\\/uploads\\\/2022\\\/06\\\/ecosupplement-family.png\",\"contentUrl\":\"https:\\\/\\\/ecosupplements.be\\\/wp-content\\\/uploads\\\/2022\\\/06\\\/ecosupplement-family.png\",\"width\":593,\"height\":374,\"caption\":\"Eco Supplements\"},\"image\":{\"@id\":\"https:\\\/\\\/ecosupplements.be\\\/fr\\\/#\\\/schema\\\/logo\\\/image\\\/\"}}]}<\/script>\n<meta property=\"product:brand\" content=\"Applied Nutrition\" \/>\n<meta property=\"product:price:amount\" content=\"13.48\" \/>\n<meta property=\"product:price:currency\" content=\"EUR\" \/>\n<meta property=\"og:availability\" content=\"instock\" \/>\n<meta property=\"product:availability\" content=\"instock\" \/>\n<meta property=\"product:retailer_item_id\" content=\"5056555205389\" \/>\n<meta property=\"product:condition\" content=\"new\" \/>\n<!-- \/ Yoast SEO Premium plugin. -->","yoast_head_json":{"title":"Chardon-Marie - 90 comprim\u00e9s (EAN 5056555205389) - ECO Supplements","description":"Wij hebben een ruime keuze aan producten van Chardon-Marie - 90 comprim\u00e9s (EAN 5056555205389) . Winkel bij Eco Supplements altijd gratis verzending boven 100\u20ac","robots":{"index":"index","follow":"follow","max-snippet":"max-snippet:-1","max-image-preview":"max-image-preview:large","max-video-preview":"max-video-preview:-1"},"canonical":"https:\/\/ecosupplements.be\/fr\/produit\/chardon-marie-90-comprimes-ean-5056555205389\/","og_locale":"fr_FR","og_type":"article","og_title":"Chardon-Marie - 90 comprim\u00e9s (EAN 5056555205389)","og_description":"Wij hebben een ruime keuze aan producten van Chardon-Marie - 90 comprim\u00e9s (EAN 5056555205389) . Winkel bij Eco Supplements altijd gratis verzending boven 100\u20ac","og_url":"https:\/\/ecosupplements.be\/fr\/produit\/chardon-marie-90-comprimes-ean-5056555205389\/","og_site_name":"ECO Supplements","article_modified_time":"2025-08-27T13:05:58+00:00","og_image":[{"width":500,"height":500,"url":"https:\/\/ecosupplements.be\/wp-content\/uploads\/2025\/08\/Milk-Thistle-90-tablets-EAN-5056555205389-1.jpg","type":"image\/jpeg"}],"twitter_card":"summary_large_image","twitter_misc":{"Prix":"13.48&nbsp;&euro;","Disponibilit\u00e9":"En stock"},"schema":{"@context":"https:\/\/schema.org","@graph":[{"@type":["WebPage","ItemPage"],"@id":"https:\/\/ecosupplements.be\/fr\/produit\/chardon-marie-90-comprimes-ean-5056555205389\/","url":"https:\/\/ecosupplements.be\/fr\/produit\/chardon-marie-90-comprimes-ean-5056555205389\/","name":"Chardon-Marie - 90 comprim\u00e9s (EAN 5056555205389) - ECO Supplements","isPartOf":{"@id":"https:\/\/ecosupplements.be\/fr\/#website"},"primaryImageOfPage":{"@id":"https:\/\/ecosupplements.be\/fr\/produit\/chardon-marie-90-comprimes-ean-5056555205389\/#primaryimage"},"image":{"@id":"https:\/\/ecosupplements.be\/fr\/produit\/chardon-marie-90-comprimes-ean-5056555205389\/#primaryimage"},"thumbnailUrl":"https:\/\/ecosupplements.be\/wp-content\/uploads\/2025\/08\/Milk-Thistle-90-tablets-EAN-5056555205389.jpg","datePublished":"2024-04-24T01:31:33+00:00","dateModified":"2025-08-27T13:05:58+00:00","description":"Wij hebben een ruime keuze aan producten van Chardon-Marie - 90 comprim\u00e9s (EAN 5056555205389) . Winkel bij Eco Supplements altijd gratis verzending boven 100\u20ac","breadcrumb":{"@id":"https:\/\/ecosupplements.be\/fr\/produit\/chardon-marie-90-comprimes-ean-5056555205389\/#breadcrumb"},"inLanguage":"fr-FR","potentialAction":[{"@type":"ReadAction","target":["https:\/\/ecosupplements.be\/fr\/produit\/chardon-marie-90-comprimes-ean-5056555205389\/"]}]},{"@type":"ImageObject","inLanguage":"fr-FR","@id":"https:\/\/ecosupplements.be\/fr\/produit\/chardon-marie-90-comprimes-ean-5056555205389\/#primaryimage","url":"https:\/\/ecosupplements.be\/wp-content\/uploads\/2025\/08\/Milk-Thistle-90-tablets-EAN-5056555205389.jpg","contentUrl":"https:\/\/ecosupplements.be\/wp-content\/uploads\/2025\/08\/Milk-Thistle-90-tablets-EAN-5056555205389.jpg","width":500,"height":500},{"@type":"BreadcrumbList","@id":"https:\/\/ecosupplements.be\/fr\/produit\/chardon-marie-90-comprimes-ean-5056555205389\/#breadcrumb","itemListElement":[{"@type":"ListItem","position":1,"name":"Home","item":"https:\/\/ecosupplements.be\/fr\/"},{"@type":"ListItem","position":2,"name":"Boutique","item":"https:\/\/ecosupplements.be\/fr\/boutique\/"},{"@type":"ListItem","position":3,"name":"Chardon-Marie &#8211; 90 comprim\u00e9s (EAN 5056555205389)"}]},{"@type":"WebSite","@id":"https:\/\/ecosupplements.be\/fr\/#website","url":"https:\/\/ecosupplements.be\/fr\/","name":"ECO Supplements","description":"Eco Supplements - Gezonde supplementen","publisher":{"@id":"https:\/\/ecosupplements.be\/fr\/#organization"},"potentialAction":[{"@type":"SearchAction","target":{"@type":"EntryPoint","urlTemplate":"https:\/\/ecosupplements.be\/fr\/?s={search_term_string}"},"query-input":{"@type":"PropertyValueSpecification","valueRequired":true,"valueName":"search_term_string"}}],"inLanguage":"fr-FR"},{"@type":"Organization","@id":"https:\/\/ecosupplements.be\/fr\/#organization","name":"Eco Supplements","url":"https:\/\/ecosupplements.be\/fr\/","logo":{"@type":"ImageObject","inLanguage":"fr-FR","@id":"https:\/\/ecosupplements.be\/fr\/#\/schema\/logo\/image\/","url":"https:\/\/ecosupplements.be\/wp-content\/uploads\/2022\/06\/ecosupplement-family.png","contentUrl":"https:\/\/ecosupplements.be\/wp-content\/uploads\/2022\/06\/ecosupplement-family.png","width":593,"height":374,"caption":"Eco Supplements"},"image":{"@id":"https:\/\/ecosupplements.be\/fr\/#\/schema\/logo\/image\/"}}]},"product_brand":"Applied Nutrition","product_price_amount":"13.48","product_price_currency":"EUR","og_availability":"instock","product_availability":"instock","product_retailer_item_id":"5056555205389","product_condition":"new"},"_links":{"self":[{"href":"https:\/\/ecosupplements.be\/fr\/wp-json\/wp\/v2\/product\/286311","targetHints":{"allow":["GET"]}}],"collection":[{"href":"https:\/\/ecosupplements.be\/fr\/wp-json\/wp\/v2\/product"}],"about":[{"href":"https:\/\/ecosupplements.be\/fr\/wp-json\/wp\/v2\/types\/product"}],"replies":[{"embeddable":true,"href":"https:\/\/ecosupplements.be\/fr\/wp-json\/wp\/v2\/comments?post=286311"}],"wp:featuredmedia":[{"embeddable":true,"href":"https:\/\/ecosupplements.be\/fr\/wp-json\/wp\/v2\/media\/265418"}],"wp:attachment":[{"href":"https:\/\/ecosupplements.be\/fr\/wp-json\/wp\/v2\/media?parent=286311"}],"wp:term":[{"taxonomy":"product_brand","embeddable":true,"href":"https:\/\/ecosupplements.be\/fr\/wp-json\/wp\/v2\/product_brand?post=286311"},{"taxonomy":"product_cat","embeddable":true,"href":"https:\/\/ecosupplements.be\/fr\/wp-json\/wp\/v2\/product_cat?post=286311"},{"taxonomy":"product_tag","embeddable":true,"href":"https:\/\/ecosupplements.be\/fr\/wp-json\/wp\/v2\/product_tag?post=286311"}],"curies":[{"name":"wp","href":"https:\/\/api.w.org\/{rel}","templated":true}]}}