{"id":286326,"date":"2022-06-28T10:05:23","date_gmt":"2022-06-28T09:05:23","guid":{"rendered":"https:\/\/ecosupplements.be\/product\/probiotique-60-capsules\/"},"modified":"2025-08-27T14:06:12","modified_gmt":"2025-08-27T13:06:12","slug":"probiotique-60-capsules","status":"publish","type":"product","link":"https:\/\/ecosupplements.be\/fr\/produit\/probiotique-60-capsules\/","title":{"rendered":"Probiotique &#8211; 60 capsules"},"content":{"rendered":"<h1>Probiotic &#8211; 60 caps<\/h1>\n<p>Le probiotique Applied Nutrition est un compl\u00e9ment alimentaire \u2063de qualit\u00e9\u200c sup\u00e9rieure \u2062con\u00e7u \u2064pour \u200bsoutenir la \u200csant\u00e9 \u200bdigestive \u2063et immunitaire. Chaque \u2062capsule contient un m\u00e9lange \u200cunique de\u200b probiotiques b\u00e9n\u00e9fiques pour\u2063 favoriser l&#8217;\u00e9quilibre \u200dde la flore intestinale et am\u00e9liorer la digestion.<\/p>\n<h2>Caract\u00e9ristiques \u200csp\u00e9ciales:<\/h2>\n<ul>\n<li>Contient 10 milliards d&#8217;UFC (unit\u00e9s \u200bformant colonie) \u2064de probiotiques par capsule<\/li>\n<li>Formule \u00e0 lib\u00e9ration prolong\u00e9e pour une\u2063 efficacit\u00e9 maximale<\/li>\n<li>Contient 5 souches diff\u00e9rentes de probiotiques pour une action synergique<\/li>\n<li>Facile \u00e0 \u2062prendre,\u200c une\u2062 seule capsule par jour suffit<\/li>\n<\/ul>\n<h2>Ingr\u00e9dients cl\u00e9s:<\/h2>\n<p>Chaque capsule contient un m\u00e9lange de 5 \u2062souches de probiotiques b\u00e9n\u00e9fiques, notamment \u2064Lactobacillus acidophilus, Bifidobacterium lactis, Lactobacillus plantarum, Lactobacillus\u200c rhamnosus et\u200d Bifidobacterium bifidum. Ces souches \u2063ont \u00e9t\u00e9 soigneusement\u200d s\u00e9lectionn\u00e9es\u200c pour leur capacit\u00e9\u200b \u00e0 am\u00e9liorer la sant\u00e9 digestive et immunitaire.<\/p>\n<h2>Avantages uniques:<\/h2>\n<ul>\n<li>Am\u00e9liore la digestion et l&#8217;absorption des nutriments<\/li>\n<li>Soutient la \u2062sant\u00e9 intestinale en favorisant\u2062 l&#8217;\u00e9quilibre de la \u2064flore intestinale<\/li>\n<li>Renforce le syst\u00e8me immunitaire en augmentant \u2063la pr\u00e9sence\u200d de bonnes bact\u00e9ries dans le corps<\/li>\n<li>Peut aider \u00e0 \u2064r\u00e9duire les ballonnements, les gaz\u200d et les troubles digestifs<\/li>\n<li>Convient aux v\u00e9g\u00e9tariens\u200d et ne contient\u200c pas \u2062de gluten<\/li>\n<\/ul>\n<h2>Mode d&#8217;emploi:<\/h2>\n<p>Prenez une capsule par jour avec de l&#8217;eau, de pr\u00e9f\u00e9rence le matin\u2062 \u00e0 jeun ou selon les recommandations d&#8217;un professionnel de\u2062 la sant\u00e9.<\/p>\n<p>Ne pas d\u00e9passer la \u200ddose recommand\u00e9e. Ce produit ne doit\u2063 pas \u00eatre utilis\u00e9 comme substitut \u200b\u00e0 une alimentation \u00e9quilibr\u00e9e et \u200c\u00e0 un mode de vie\u200d sain. Tenir hors\u2064 de port\u00e9e\u2064 des enfants.<\/p>\n<p>Conservez dans un endroit \u200dfrais et sec, \u00e0 l&#8217;abri de la lumi\u00e8re directe du\u2063 soleil.<\/p>\n<p>Si vous \u00eates\u2062 enceinte, allaitez ou prenez des m\u00e9dicaments,\u2064 veuillez consulter votre m\u00e9decin avant de prendre ce \u2062produit.<\/p>\n<p>Convient aux v\u00e9g\u00e9tariens. Sans gluten.<\/p>\n<p>Ne contient pas \u2063de colorants artificiels,\u200b de conservateurs, de \u200blactose, de soja, de sucre ou de sel.<\/p>\n<p>60 capsules par bouteille &#8211; 60 jours d&#8217;approvisionnement.<\/p>\n<p>Marque:\u200b Applied Nutrition<\/p>\n<p>Pays d&#8217;origine: Royaume-Uni<\/p>\n","protected":false},"excerpt":{"rendered":"<p>Probiotic &#8211; 60 caps Le probiotique Applied Nutrition est un compl\u00e9ment alimentaire \u2063de qualit\u00e9\u200c sup\u00e9rieure \u2062con\u00e7u \u2064pour \u200bsoutenir la \u200csant\u00e9 \u200bdigestive \u2063et immunitaire. Chaque \u2062capsule contient un m\u00e9lange \u200cunique de\u200b probiotiques b\u00e9n\u00e9fiques pour\u2063 favoriser l&#8217;\u00e9quilibre \u200dde la flore intestinale et am\u00e9liorer la digestion. Caract\u00e9ristiques \u200csp\u00e9ciales: Contient 10 milliards d&#8217;UFC (unit\u00e9s \u200bformant colonie) \u2064de probiotiques par [&#8230;]\n","protected":false},"featured_media":241803,"comment_status":"open","ping_status":"open","template":"","meta":[],"product_brand":[4651],"product_cat":[5054,5055,5052],"product_tag":[],"class_list":{"0":"post-286326","1":"product","2":"type-product","3":"status-publish","4":"has-post-thumbnail","6":"product_brand-applied-nutrition-2","7":"product_cat-nourriture-saine","8":"product_cat-produits-vegetaliens","9":"product_cat-sante-et-bien-etre","11":"first","12":"instock","13":"taxable","14":"shipping-taxable","15":"purchasable","16":"product-type-simple"},"yoast_head":"<!-- This site is optimized with the Yoast SEO Premium plugin v27.5 (Yoast SEO v27.5) - https:\/\/yoast.com\/product\/yoast-seo-premium-wordpress\/ -->\n<title>Probiotique - 60 capsules - ECO Supplements<\/title>\n<meta name=\"description\" content=\"Wij hebben een ruime keuze aan producten van Probiotique - 60 capsules . Winkel bij Eco Supplements altijd gratis verzending boven 100\u20ac\" \/>\n<meta name=\"robots\" content=\"index, follow, max-snippet:-1, max-image-preview:large, max-video-preview:-1\" \/>\n<link rel=\"canonical\" href=\"https:\/\/ecosupplements.be\/fr\/produit\/probiotique-60-capsules\/\" \/>\n<meta property=\"og:locale\" content=\"fr_FR\" \/>\n<meta property=\"og:type\" content=\"article\" \/>\n<meta property=\"og:title\" content=\"Probiotique - 60 capsules\" \/>\n<meta property=\"og:description\" content=\"Wij hebben een ruime keuze aan producten van Probiotique - 60 capsules . Winkel bij Eco Supplements altijd gratis verzending boven 100\u20ac\" \/>\n<meta property=\"og:url\" content=\"https:\/\/ecosupplements.be\/fr\/produit\/probiotique-60-capsules\/\" \/>\n<meta property=\"og:site_name\" content=\"ECO Supplements\" \/>\n<meta property=\"article:modified_time\" content=\"2025-08-27T13:06:12+00:00\" \/>\n<meta property=\"og:image\" content=\"https:\/\/ecosupplements.be\/wp-content\/uploads\/2025\/08\/Probiotic-60-caps-1.jpg\" \/>\n\t<meta property=\"og:image:width\" content=\"600\" \/>\n\t<meta property=\"og:image:height\" content=\"600\" \/>\n\t<meta property=\"og:image:type\" content=\"image\/jpeg\" \/>\n<meta name=\"twitter:card\" content=\"summary_large_image\" \/>\n<meta name=\"twitter:label1\" content=\"Prix\" \/>\n\t<meta name=\"twitter:data1\" content=\"18.88&nbsp;&euro;\" \/>\n\t<meta name=\"twitter:label2\" content=\"Disponibilit\u00e9\" \/>\n\t<meta name=\"twitter:data2\" content=\"En stock\" \/>\n<script type=\"application\/ld+json\" class=\"yoast-schema-graph\">{\"@context\":\"https:\\\/\\\/schema.org\",\"@graph\":[{\"@type\":[\"WebPage\",\"ItemPage\"],\"@id\":\"https:\\\/\\\/ecosupplements.be\\\/fr\\\/produit\\\/probiotique-60-capsules\\\/\",\"url\":\"https:\\\/\\\/ecosupplements.be\\\/fr\\\/produit\\\/probiotique-60-capsules\\\/\",\"name\":\"Probiotique - 60 capsules - ECO Supplements\",\"isPartOf\":{\"@id\":\"https:\\\/\\\/ecosupplements.be\\\/fr\\\/#website\"},\"primaryImageOfPage\":{\"@id\":\"https:\\\/\\\/ecosupplements.be\\\/fr\\\/produit\\\/probiotique-60-capsules\\\/#primaryimage\"},\"image\":{\"@id\":\"https:\\\/\\\/ecosupplements.be\\\/fr\\\/produit\\\/probiotique-60-capsules\\\/#primaryimage\"},\"thumbnailUrl\":\"https:\\\/\\\/ecosupplements.be\\\/wp-content\\\/uploads\\\/2025\\\/08\\\/Probiotic-60-caps.jpg\",\"datePublished\":\"2022-06-28T09:05:23+00:00\",\"dateModified\":\"2025-08-27T13:06:12+00:00\",\"description\":\"Wij hebben een ruime keuze aan producten van Probiotique - 60 capsules . Winkel bij Eco Supplements altijd gratis verzending boven 100\u20ac\",\"breadcrumb\":{\"@id\":\"https:\\\/\\\/ecosupplements.be\\\/fr\\\/produit\\\/probiotique-60-capsules\\\/#breadcrumb\"},\"inLanguage\":\"fr-FR\",\"potentialAction\":[{\"@type\":\"ReadAction\",\"target\":[\"https:\\\/\\\/ecosupplements.be\\\/fr\\\/produit\\\/probiotique-60-capsules\\\/\"]}]},{\"@type\":\"ImageObject\",\"inLanguage\":\"fr-FR\",\"@id\":\"https:\\\/\\\/ecosupplements.be\\\/fr\\\/produit\\\/probiotique-60-capsules\\\/#primaryimage\",\"url\":\"https:\\\/\\\/ecosupplements.be\\\/wp-content\\\/uploads\\\/2025\\\/08\\\/Probiotic-60-caps.jpg\",\"contentUrl\":\"https:\\\/\\\/ecosupplements.be\\\/wp-content\\\/uploads\\\/2025\\\/08\\\/Probiotic-60-caps.jpg\",\"width\":600,\"height\":600},{\"@type\":\"BreadcrumbList\",\"@id\":\"https:\\\/\\\/ecosupplements.be\\\/fr\\\/produit\\\/probiotique-60-capsules\\\/#breadcrumb\",\"itemListElement\":[{\"@type\":\"ListItem\",\"position\":1,\"name\":\"Home\",\"item\":\"https:\\\/\\\/ecosupplements.be\\\/fr\\\/\"},{\"@type\":\"ListItem\",\"position\":2,\"name\":\"Boutique\",\"item\":\"https:\\\/\\\/ecosupplements.be\\\/fr\\\/boutique\\\/\"},{\"@type\":\"ListItem\",\"position\":3,\"name\":\"Probiotique &#8211; 60 capsules\"}]},{\"@type\":\"WebSite\",\"@id\":\"https:\\\/\\\/ecosupplements.be\\\/fr\\\/#website\",\"url\":\"https:\\\/\\\/ecosupplements.be\\\/fr\\\/\",\"name\":\"ECO Supplements\",\"description\":\"Eco Supplements - Gezonde supplementen\",\"publisher\":{\"@id\":\"https:\\\/\\\/ecosupplements.be\\\/fr\\\/#organization\"},\"potentialAction\":[{\"@type\":\"SearchAction\",\"target\":{\"@type\":\"EntryPoint\",\"urlTemplate\":\"https:\\\/\\\/ecosupplements.be\\\/fr\\\/?s={search_term_string}\"},\"query-input\":{\"@type\":\"PropertyValueSpecification\",\"valueRequired\":true,\"valueName\":\"search_term_string\"}}],\"inLanguage\":\"fr-FR\"},{\"@type\":\"Organization\",\"@id\":\"https:\\\/\\\/ecosupplements.be\\\/fr\\\/#organization\",\"name\":\"Eco Supplements\",\"url\":\"https:\\\/\\\/ecosupplements.be\\\/fr\\\/\",\"logo\":{\"@type\":\"ImageObject\",\"inLanguage\":\"fr-FR\",\"@id\":\"https:\\\/\\\/ecosupplements.be\\\/fr\\\/#\\\/schema\\\/logo\\\/image\\\/\",\"url\":\"https:\\\/\\\/ecosupplements.be\\\/wp-content\\\/uploads\\\/2022\\\/06\\\/ecosupplement-family.png\",\"contentUrl\":\"https:\\\/\\\/ecosupplements.be\\\/wp-content\\\/uploads\\\/2022\\\/06\\\/ecosupplement-family.png\",\"width\":593,\"height\":374,\"caption\":\"Eco Supplements\"},\"image\":{\"@id\":\"https:\\\/\\\/ecosupplements.be\\\/fr\\\/#\\\/schema\\\/logo\\\/image\\\/\"}}]}<\/script>\n<meta property=\"product:brand\" content=\"Applied Nutrition\" \/>\n<meta property=\"product:price:amount\" content=\"18.88\" \/>\n<meta property=\"product:price:currency\" content=\"EUR\" \/>\n<meta property=\"og:availability\" content=\"instock\" \/>\n<meta property=\"product:availability\" content=\"instock\" \/>\n<meta property=\"product:retailer_item_id\" content=\"5056555200100\" \/>\n<meta property=\"product:condition\" content=\"new\" \/>\n<!-- \/ Yoast SEO Premium plugin. -->","yoast_head_json":{"title":"Probiotique - 60 capsules - ECO Supplements","description":"Wij hebben een ruime keuze aan producten van Probiotique - 60 capsules . Winkel bij Eco Supplements altijd gratis verzending boven 100\u20ac","robots":{"index":"index","follow":"follow","max-snippet":"max-snippet:-1","max-image-preview":"max-image-preview:large","max-video-preview":"max-video-preview:-1"},"canonical":"https:\/\/ecosupplements.be\/fr\/produit\/probiotique-60-capsules\/","og_locale":"fr_FR","og_type":"article","og_title":"Probiotique - 60 capsules","og_description":"Wij hebben een ruime keuze aan producten van Probiotique - 60 capsules . Winkel bij Eco Supplements altijd gratis verzending boven 100\u20ac","og_url":"https:\/\/ecosupplements.be\/fr\/produit\/probiotique-60-capsules\/","og_site_name":"ECO Supplements","article_modified_time":"2025-08-27T13:06:12+00:00","og_image":[{"width":600,"height":600,"url":"https:\/\/ecosupplements.be\/wp-content\/uploads\/2025\/08\/Probiotic-60-caps-1.jpg","type":"image\/jpeg"}],"twitter_card":"summary_large_image","twitter_misc":{"Prix":"18.88&nbsp;&euro;","Disponibilit\u00e9":"En stock"},"schema":{"@context":"https:\/\/schema.org","@graph":[{"@type":["WebPage","ItemPage"],"@id":"https:\/\/ecosupplements.be\/fr\/produit\/probiotique-60-capsules\/","url":"https:\/\/ecosupplements.be\/fr\/produit\/probiotique-60-capsules\/","name":"Probiotique - 60 capsules - ECO Supplements","isPartOf":{"@id":"https:\/\/ecosupplements.be\/fr\/#website"},"primaryImageOfPage":{"@id":"https:\/\/ecosupplements.be\/fr\/produit\/probiotique-60-capsules\/#primaryimage"},"image":{"@id":"https:\/\/ecosupplements.be\/fr\/produit\/probiotique-60-capsules\/#primaryimage"},"thumbnailUrl":"https:\/\/ecosupplements.be\/wp-content\/uploads\/2025\/08\/Probiotic-60-caps.jpg","datePublished":"2022-06-28T09:05:23+00:00","dateModified":"2025-08-27T13:06:12+00:00","description":"Wij hebben een ruime keuze aan producten van Probiotique - 60 capsules . Winkel bij Eco Supplements altijd gratis verzending boven 100\u20ac","breadcrumb":{"@id":"https:\/\/ecosupplements.be\/fr\/produit\/probiotique-60-capsules\/#breadcrumb"},"inLanguage":"fr-FR","potentialAction":[{"@type":"ReadAction","target":["https:\/\/ecosupplements.be\/fr\/produit\/probiotique-60-capsules\/"]}]},{"@type":"ImageObject","inLanguage":"fr-FR","@id":"https:\/\/ecosupplements.be\/fr\/produit\/probiotique-60-capsules\/#primaryimage","url":"https:\/\/ecosupplements.be\/wp-content\/uploads\/2025\/08\/Probiotic-60-caps.jpg","contentUrl":"https:\/\/ecosupplements.be\/wp-content\/uploads\/2025\/08\/Probiotic-60-caps.jpg","width":600,"height":600},{"@type":"BreadcrumbList","@id":"https:\/\/ecosupplements.be\/fr\/produit\/probiotique-60-capsules\/#breadcrumb","itemListElement":[{"@type":"ListItem","position":1,"name":"Home","item":"https:\/\/ecosupplements.be\/fr\/"},{"@type":"ListItem","position":2,"name":"Boutique","item":"https:\/\/ecosupplements.be\/fr\/boutique\/"},{"@type":"ListItem","position":3,"name":"Probiotique &#8211; 60 capsules"}]},{"@type":"WebSite","@id":"https:\/\/ecosupplements.be\/fr\/#website","url":"https:\/\/ecosupplements.be\/fr\/","name":"ECO Supplements","description":"Eco Supplements - Gezonde supplementen","publisher":{"@id":"https:\/\/ecosupplements.be\/fr\/#organization"},"potentialAction":[{"@type":"SearchAction","target":{"@type":"EntryPoint","urlTemplate":"https:\/\/ecosupplements.be\/fr\/?s={search_term_string}"},"query-input":{"@type":"PropertyValueSpecification","valueRequired":true,"valueName":"search_term_string"}}],"inLanguage":"fr-FR"},{"@type":"Organization","@id":"https:\/\/ecosupplements.be\/fr\/#organization","name":"Eco Supplements","url":"https:\/\/ecosupplements.be\/fr\/","logo":{"@type":"ImageObject","inLanguage":"fr-FR","@id":"https:\/\/ecosupplements.be\/fr\/#\/schema\/logo\/image\/","url":"https:\/\/ecosupplements.be\/wp-content\/uploads\/2022\/06\/ecosupplement-family.png","contentUrl":"https:\/\/ecosupplements.be\/wp-content\/uploads\/2022\/06\/ecosupplement-family.png","width":593,"height":374,"caption":"Eco Supplements"},"image":{"@id":"https:\/\/ecosupplements.be\/fr\/#\/schema\/logo\/image\/"}}]},"product_brand":"Applied Nutrition","product_price_amount":"18.88","product_price_currency":"EUR","og_availability":"instock","product_availability":"instock","product_retailer_item_id":"5056555200100","product_condition":"new"},"_links":{"self":[{"href":"https:\/\/ecosupplements.be\/fr\/wp-json\/wp\/v2\/product\/286326","targetHints":{"allow":["GET"]}}],"collection":[{"href":"https:\/\/ecosupplements.be\/fr\/wp-json\/wp\/v2\/product"}],"about":[{"href":"https:\/\/ecosupplements.be\/fr\/wp-json\/wp\/v2\/types\/product"}],"replies":[{"embeddable":true,"href":"https:\/\/ecosupplements.be\/fr\/wp-json\/wp\/v2\/comments?post=286326"}],"wp:featuredmedia":[{"embeddable":true,"href":"https:\/\/ecosupplements.be\/fr\/wp-json\/wp\/v2\/media\/241803"}],"wp:attachment":[{"href":"https:\/\/ecosupplements.be\/fr\/wp-json\/wp\/v2\/media?parent=286326"}],"wp:term":[{"taxonomy":"product_brand","embeddable":true,"href":"https:\/\/ecosupplements.be\/fr\/wp-json\/wp\/v2\/product_brand?post=286326"},{"taxonomy":"product_cat","embeddable":true,"href":"https:\/\/ecosupplements.be\/fr\/wp-json\/wp\/v2\/product_cat?post=286326"},{"taxonomy":"product_tag","embeddable":true,"href":"https:\/\/ecosupplements.be\/fr\/wp-json\/wp\/v2\/product_tag?post=286326"}],"curies":[{"name":"wp","href":"https:\/\/api.w.org\/{rel}","templated":true}]}}