{"id":286329,"date":"2024-03-07T00:29:31","date_gmt":"2024-03-06T23:29:31","guid":{"rendered":"https:\/\/ecosupplements.be\/product\/bombe-de-sexe-pour-elle-120-gelules-ean-5056555205327\/"},"modified":"2025-08-27T14:06:15","modified_gmt":"2025-08-27T13:06:15","slug":"bombe-de-sexe-pour-elle-120-gelules-ean-5056555205327","status":"publish","type":"product","link":"https:\/\/ecosupplements.be\/fr\/produit\/bombe-de-sexe-pour-elle-120-gelules-ean-5056555205327\/","title":{"rendered":"Bombe de Sexe Pour Elle &#8211; 120 g\u00e9lules (EAN 5056555205327)"},"content":{"rendered":"<p>La Sex Bomb For Her de la marque Applied Nutrition est un compl\u00e9ment\u2064 alimentaire sp\u00e9cialement con\u00e7u\u200d pour les femmes. Avec ses 120 capsules, ce produit est \u200bid\u00e9al pour une utilisation quotidienne\u200d et pour une cure\u200b de plusieurs mois.<\/p>\n<p>Cette formule unique contient une combinaison d&#8217;ingr\u00e9dients naturels\u200d soigneusement s\u00e9lectionn\u00e9s pour aider \u00e0 am\u00e9liorer\u200b la libido et la \u2064sant\u00e9 sexuelle f\u00e9minine. Parmi\u200c ces \u200dingr\u00e9dients, on retrouve\u2063 notamment du maca, \u2063de la L-arginine, du ginseng et du tribulus\u200c terrestris. Ces ingr\u00e9dients sont\u200d connus pour leurs propri\u00e9t\u00e9s stimulantes et aphrodisiaques, \u2064et peuvent aider \u00e0 augmenter le \u2062d\u00e9sir sexuel, \u00e0 am\u00e9liorer la \u2062circulation sanguine et \u00e0 favoriser l&#8217;\u00e9quilibre hormonal.<\/p>\n<p>La Sex Bomb For Her est \u00e9galement enrichie en\u2063 vitamines et min\u00e9raux essentiels pour \u200csoutenir la sant\u00e9 \u200bglobale des femmes. Elle \u200dcontient \u200cnotamment de\u2062 la \u2062vitamine B6, du zinc et du fer, qui contribuent \u00e0 \u2064r\u00e9duire la fatigue\u2064 et \u00e0 maintenir un\u200d m\u00e9tabolisme \u00e9nerg\u00e9tique normal.<\/p>\n<p>Ce compl\u00e9ment alimentaire est fabriqu\u00e9 au Royaume-Uni selon les normes de qualit\u00e9 les plus strictes.\u2064 Il\u200c convient aux v\u00e9g\u00e9tariens et ne \u2064contient aucun ingr\u00e9dient artificiel, colorant ou\u2062 conservateur.<\/p>\n<p>En plus de ses bienfaits pour \u2062la sant\u00e9 sexuelle, la Sex Bomb For\u2063 Her peut \u200b\u00e9galement aider \u00e0 am\u00e9liorer l&#8217;humeur et \u00e0 r\u00e9duire le stress gr\u00e2ce \u00e0 ses ingr\u00e9dients naturels. Elle peut donc \u00eatre b\u00e9n\u00e9fique pour la sant\u00e9\u2063 mentale et \u00e9motionnelle des femmes.<\/p>\n<p>Ajoutez la Sex\u2063 Bomb For Her \u00e0 votre routine quotidienne pour booster votre libido et am\u00e9liorer votre bien-\u00eatre g\u00e9n\u00e9ral.\u200b Commandez d\u00e8s maintenant et d\u00e9couvrez \u200dles bienfaits de ce compl\u00e9ment alimentaire pour les femmes.<\/p>\n","protected":false},"excerpt":{"rendered":"<p>La Sex Bomb For Her de la marque Applied Nutrition est un compl\u00e9ment\u2064 alimentaire sp\u00e9cialement con\u00e7u\u200d pour les femmes. Avec ses 120 capsules, ce produit est \u200bid\u00e9al pour une utilisation quotidienne\u200d et pour une cure\u200b de plusieurs mois. Cette formule unique contient une combinaison d&#8217;ingr\u00e9dients naturels\u200d soigneusement s\u00e9lectionn\u00e9s pour aider \u00e0 am\u00e9liorer\u200b la libido et [&#8230;]\n","protected":false},"featured_media":263396,"comment_status":"open","ping_status":"open","template":"","meta":[],"product_brand":[4651],"product_cat":[5089,5052,5122,5053],"product_tag":[],"class_list":{"0":"post-286329","1":"product","2":"type-product","3":"status-publish","4":"has-post-thumbnail","6":"product_brand-applied-nutrition-2","7":"product_cat-complements-alimentaires-pour-femmes","8":"product_cat-sante-et-bien-etre","9":"product_cat-sante-sexuelle","10":"product_cat-vitamines-et-mineraux","12":"first","13":"instock","14":"taxable","15":"shipping-taxable","16":"purchasable","17":"product-type-simple"},"yoast_head":"<!-- This site is optimized with the Yoast SEO Premium plugin v27.3 (Yoast SEO v27.3) - https:\/\/yoast.com\/product\/yoast-seo-premium-wordpress\/ -->\n<title>Bombe de Sexe Pour Elle - 120 g\u00e9lules (EAN 5056555205327) - ECO Supplements<\/title>\n<meta name=\"description\" content=\"Wij hebben een ruime keuze aan producten van Bombe de Sexe Pour Elle - 120 g\u00e9lules (EAN 5056555205327) . Winkel bij Eco Supplements altijd gratis verzending boven 100\u20ac\" \/>\n<meta name=\"robots\" content=\"index, follow, max-snippet:-1, max-image-preview:large, max-video-preview:-1\" \/>\n<link rel=\"canonical\" href=\"https:\/\/ecosupplements.be\/fr\/produit\/bombe-de-sexe-pour-elle-120-gelules-ean-5056555205327\/\" \/>\n<meta property=\"og:locale\" content=\"fr_FR\" \/>\n<meta property=\"og:type\" content=\"article\" \/>\n<meta property=\"og:title\" content=\"Bombe de Sexe Pour Elle - 120 g\u00e9lules (EAN 5056555205327)\" \/>\n<meta property=\"og:description\" content=\"Wij hebben een ruime keuze aan producten van Bombe de Sexe Pour Elle - 120 g\u00e9lules (EAN 5056555205327) . Winkel bij Eco Supplements altijd gratis verzending boven 100\u20ac\" \/>\n<meta property=\"og:url\" content=\"https:\/\/ecosupplements.be\/fr\/produit\/bombe-de-sexe-pour-elle-120-gelules-ean-5056555205327\/\" \/>\n<meta property=\"og:site_name\" content=\"ECO Supplements\" \/>\n<meta property=\"article:modified_time\" content=\"2025-08-27T13:06:15+00:00\" \/>\n<meta property=\"og:image\" content=\"https:\/\/ecosupplements.be\/wp-content\/uploads\/2025\/08\/Sex-Bomb-For-Her-120-vcaps-EAN-5056555205327-1.jpg\" \/>\n\t<meta property=\"og:image:width\" content=\"720\" \/>\n\t<meta property=\"og:image:height\" content=\"720\" \/>\n\t<meta property=\"og:image:type\" content=\"image\/jpeg\" \/>\n<meta name=\"twitter:card\" content=\"summary_large_image\" \/>\n<meta name=\"twitter:label1\" content=\"Prix\" \/>\n\t<meta name=\"twitter:data1\" content=\"17.81&nbsp;&euro;\" \/>\n\t<meta name=\"twitter:label2\" content=\"Disponibilit\u00e9\" \/>\n\t<meta name=\"twitter:data2\" content=\"En stock\" \/>\n<script type=\"application\/ld+json\" class=\"yoast-schema-graph\">{\"@context\":\"https:\\\/\\\/schema.org\",\"@graph\":[{\"@type\":[\"WebPage\",\"ItemPage\"],\"@id\":\"https:\\\/\\\/ecosupplements.be\\\/fr\\\/produit\\\/bombe-de-sexe-pour-elle-120-gelules-ean-5056555205327\\\/\",\"url\":\"https:\\\/\\\/ecosupplements.be\\\/fr\\\/produit\\\/bombe-de-sexe-pour-elle-120-gelules-ean-5056555205327\\\/\",\"name\":\"Bombe de Sexe Pour Elle - 120 g\u00e9lules (EAN 5056555205327) - ECO Supplements\",\"isPartOf\":{\"@id\":\"https:\\\/\\\/ecosupplements.be\\\/fr\\\/#website\"},\"primaryImageOfPage\":{\"@id\":\"https:\\\/\\\/ecosupplements.be\\\/fr\\\/produit\\\/bombe-de-sexe-pour-elle-120-gelules-ean-5056555205327\\\/#primaryimage\"},\"image\":{\"@id\":\"https:\\\/\\\/ecosupplements.be\\\/fr\\\/produit\\\/bombe-de-sexe-pour-elle-120-gelules-ean-5056555205327\\\/#primaryimage\"},\"thumbnailUrl\":\"https:\\\/\\\/ecosupplements.be\\\/wp-content\\\/uploads\\\/2025\\\/08\\\/Sex-Bomb-For-Her-120-vcaps-EAN-5056555205327.jpg\",\"datePublished\":\"2024-03-06T23:29:31+00:00\",\"dateModified\":\"2025-08-27T13:06:15+00:00\",\"description\":\"Wij hebben een ruime keuze aan producten van Bombe de Sexe Pour Elle - 120 g\u00e9lules (EAN 5056555205327) . Winkel bij Eco Supplements altijd gratis verzending boven 100\u20ac\",\"breadcrumb\":{\"@id\":\"https:\\\/\\\/ecosupplements.be\\\/fr\\\/produit\\\/bombe-de-sexe-pour-elle-120-gelules-ean-5056555205327\\\/#breadcrumb\"},\"inLanguage\":\"fr-FR\",\"potentialAction\":[{\"@type\":\"ReadAction\",\"target\":[\"https:\\\/\\\/ecosupplements.be\\\/fr\\\/produit\\\/bombe-de-sexe-pour-elle-120-gelules-ean-5056555205327\\\/\"]}]},{\"@type\":\"ImageObject\",\"inLanguage\":\"fr-FR\",\"@id\":\"https:\\\/\\\/ecosupplements.be\\\/fr\\\/produit\\\/bombe-de-sexe-pour-elle-120-gelules-ean-5056555205327\\\/#primaryimage\",\"url\":\"https:\\\/\\\/ecosupplements.be\\\/wp-content\\\/uploads\\\/2025\\\/08\\\/Sex-Bomb-For-Her-120-vcaps-EAN-5056555205327.jpg\",\"contentUrl\":\"https:\\\/\\\/ecosupplements.be\\\/wp-content\\\/uploads\\\/2025\\\/08\\\/Sex-Bomb-For-Her-120-vcaps-EAN-5056555205327.jpg\",\"width\":720,\"height\":720},{\"@type\":\"BreadcrumbList\",\"@id\":\"https:\\\/\\\/ecosupplements.be\\\/fr\\\/produit\\\/bombe-de-sexe-pour-elle-120-gelules-ean-5056555205327\\\/#breadcrumb\",\"itemListElement\":[{\"@type\":\"ListItem\",\"position\":1,\"name\":\"Home\",\"item\":\"https:\\\/\\\/ecosupplements.be\\\/fr\\\/\"},{\"@type\":\"ListItem\",\"position\":2,\"name\":\"Boutique\",\"item\":\"https:\\\/\\\/ecosupplements.be\\\/fr\\\/boutique\\\/\"},{\"@type\":\"ListItem\",\"position\":3,\"name\":\"Bombe de Sexe Pour Elle &#8211; 120 g\u00e9lules (EAN 5056555205327)\"}]},{\"@type\":\"WebSite\",\"@id\":\"https:\\\/\\\/ecosupplements.be\\\/fr\\\/#website\",\"url\":\"https:\\\/\\\/ecosupplements.be\\\/fr\\\/\",\"name\":\"ECO Supplements\",\"description\":\"Eco Supplements - Gezonde supplementen\",\"publisher\":{\"@id\":\"https:\\\/\\\/ecosupplements.be\\\/fr\\\/#organization\"},\"potentialAction\":[{\"@type\":\"SearchAction\",\"target\":{\"@type\":\"EntryPoint\",\"urlTemplate\":\"https:\\\/\\\/ecosupplements.be\\\/fr\\\/?s={search_term_string}\"},\"query-input\":{\"@type\":\"PropertyValueSpecification\",\"valueRequired\":true,\"valueName\":\"search_term_string\"}}],\"inLanguage\":\"fr-FR\"},{\"@type\":\"Organization\",\"@id\":\"https:\\\/\\\/ecosupplements.be\\\/fr\\\/#organization\",\"name\":\"Eco Supplements\",\"url\":\"https:\\\/\\\/ecosupplements.be\\\/fr\\\/\",\"logo\":{\"@type\":\"ImageObject\",\"inLanguage\":\"fr-FR\",\"@id\":\"https:\\\/\\\/ecosupplements.be\\\/fr\\\/#\\\/schema\\\/logo\\\/image\\\/\",\"url\":\"https:\\\/\\\/ecosupplements.be\\\/wp-content\\\/uploads\\\/2022\\\/06\\\/ecosupplement-family.png\",\"contentUrl\":\"https:\\\/\\\/ecosupplements.be\\\/wp-content\\\/uploads\\\/2022\\\/06\\\/ecosupplement-family.png\",\"width\":593,\"height\":374,\"caption\":\"Eco Supplements\"},\"image\":{\"@id\":\"https:\\\/\\\/ecosupplements.be\\\/fr\\\/#\\\/schema\\\/logo\\\/image\\\/\"}}]}<\/script>\n<meta property=\"product:brand\" content=\"Applied Nutrition\" \/>\n<meta property=\"product:price:amount\" content=\"17.81\" \/>\n<meta property=\"product:price:currency\" content=\"EUR\" \/>\n<meta property=\"og:availability\" content=\"instock\" \/>\n<meta property=\"product:availability\" content=\"instock\" \/>\n<meta property=\"product:retailer_item_id\" content=\"5056555205327\" \/>\n<meta property=\"product:condition\" content=\"new\" \/>\n<!-- \/ Yoast SEO Premium plugin. -->","yoast_head_json":{"title":"Bombe de Sexe Pour Elle - 120 g\u00e9lules (EAN 5056555205327) - ECO Supplements","description":"Wij hebben een ruime keuze aan producten van Bombe de Sexe Pour Elle - 120 g\u00e9lules (EAN 5056555205327) . Winkel bij Eco Supplements altijd gratis verzending boven 100\u20ac","robots":{"index":"index","follow":"follow","max-snippet":"max-snippet:-1","max-image-preview":"max-image-preview:large","max-video-preview":"max-video-preview:-1"},"canonical":"https:\/\/ecosupplements.be\/fr\/produit\/bombe-de-sexe-pour-elle-120-gelules-ean-5056555205327\/","og_locale":"fr_FR","og_type":"article","og_title":"Bombe de Sexe Pour Elle - 120 g\u00e9lules (EAN 5056555205327)","og_description":"Wij hebben een ruime keuze aan producten van Bombe de Sexe Pour Elle - 120 g\u00e9lules (EAN 5056555205327) . Winkel bij Eco Supplements altijd gratis verzending boven 100\u20ac","og_url":"https:\/\/ecosupplements.be\/fr\/produit\/bombe-de-sexe-pour-elle-120-gelules-ean-5056555205327\/","og_site_name":"ECO Supplements","article_modified_time":"2025-08-27T13:06:15+00:00","og_image":[{"width":720,"height":720,"url":"https:\/\/ecosupplements.be\/wp-content\/uploads\/2025\/08\/Sex-Bomb-For-Her-120-vcaps-EAN-5056555205327-1.jpg","type":"image\/jpeg"}],"twitter_card":"summary_large_image","twitter_misc":{"Prix":"17.81&nbsp;&euro;","Disponibilit\u00e9":"En stock"},"schema":{"@context":"https:\/\/schema.org","@graph":[{"@type":["WebPage","ItemPage"],"@id":"https:\/\/ecosupplements.be\/fr\/produit\/bombe-de-sexe-pour-elle-120-gelules-ean-5056555205327\/","url":"https:\/\/ecosupplements.be\/fr\/produit\/bombe-de-sexe-pour-elle-120-gelules-ean-5056555205327\/","name":"Bombe de Sexe Pour Elle - 120 g\u00e9lules (EAN 5056555205327) - ECO Supplements","isPartOf":{"@id":"https:\/\/ecosupplements.be\/fr\/#website"},"primaryImageOfPage":{"@id":"https:\/\/ecosupplements.be\/fr\/produit\/bombe-de-sexe-pour-elle-120-gelules-ean-5056555205327\/#primaryimage"},"image":{"@id":"https:\/\/ecosupplements.be\/fr\/produit\/bombe-de-sexe-pour-elle-120-gelules-ean-5056555205327\/#primaryimage"},"thumbnailUrl":"https:\/\/ecosupplements.be\/wp-content\/uploads\/2025\/08\/Sex-Bomb-For-Her-120-vcaps-EAN-5056555205327.jpg","datePublished":"2024-03-06T23:29:31+00:00","dateModified":"2025-08-27T13:06:15+00:00","description":"Wij hebben een ruime keuze aan producten van Bombe de Sexe Pour Elle - 120 g\u00e9lules (EAN 5056555205327) . Winkel bij Eco Supplements altijd gratis verzending boven 100\u20ac","breadcrumb":{"@id":"https:\/\/ecosupplements.be\/fr\/produit\/bombe-de-sexe-pour-elle-120-gelules-ean-5056555205327\/#breadcrumb"},"inLanguage":"fr-FR","potentialAction":[{"@type":"ReadAction","target":["https:\/\/ecosupplements.be\/fr\/produit\/bombe-de-sexe-pour-elle-120-gelules-ean-5056555205327\/"]}]},{"@type":"ImageObject","inLanguage":"fr-FR","@id":"https:\/\/ecosupplements.be\/fr\/produit\/bombe-de-sexe-pour-elle-120-gelules-ean-5056555205327\/#primaryimage","url":"https:\/\/ecosupplements.be\/wp-content\/uploads\/2025\/08\/Sex-Bomb-For-Her-120-vcaps-EAN-5056555205327.jpg","contentUrl":"https:\/\/ecosupplements.be\/wp-content\/uploads\/2025\/08\/Sex-Bomb-For-Her-120-vcaps-EAN-5056555205327.jpg","width":720,"height":720},{"@type":"BreadcrumbList","@id":"https:\/\/ecosupplements.be\/fr\/produit\/bombe-de-sexe-pour-elle-120-gelules-ean-5056555205327\/#breadcrumb","itemListElement":[{"@type":"ListItem","position":1,"name":"Home","item":"https:\/\/ecosupplements.be\/fr\/"},{"@type":"ListItem","position":2,"name":"Boutique","item":"https:\/\/ecosupplements.be\/fr\/boutique\/"},{"@type":"ListItem","position":3,"name":"Bombe de Sexe Pour Elle &#8211; 120 g\u00e9lules (EAN 5056555205327)"}]},{"@type":"WebSite","@id":"https:\/\/ecosupplements.be\/fr\/#website","url":"https:\/\/ecosupplements.be\/fr\/","name":"ECO Supplements","description":"Eco Supplements - Gezonde supplementen","publisher":{"@id":"https:\/\/ecosupplements.be\/fr\/#organization"},"potentialAction":[{"@type":"SearchAction","target":{"@type":"EntryPoint","urlTemplate":"https:\/\/ecosupplements.be\/fr\/?s={search_term_string}"},"query-input":{"@type":"PropertyValueSpecification","valueRequired":true,"valueName":"search_term_string"}}],"inLanguage":"fr-FR"},{"@type":"Organization","@id":"https:\/\/ecosupplements.be\/fr\/#organization","name":"Eco Supplements","url":"https:\/\/ecosupplements.be\/fr\/","logo":{"@type":"ImageObject","inLanguage":"fr-FR","@id":"https:\/\/ecosupplements.be\/fr\/#\/schema\/logo\/image\/","url":"https:\/\/ecosupplements.be\/wp-content\/uploads\/2022\/06\/ecosupplement-family.png","contentUrl":"https:\/\/ecosupplements.be\/wp-content\/uploads\/2022\/06\/ecosupplement-family.png","width":593,"height":374,"caption":"Eco Supplements"},"image":{"@id":"https:\/\/ecosupplements.be\/fr\/#\/schema\/logo\/image\/"}}]},"product_brand":"Applied Nutrition","product_price_amount":"17.81","product_price_currency":"EUR","og_availability":"instock","product_availability":"instock","product_retailer_item_id":"5056555205327","product_condition":"new"},"_links":{"self":[{"href":"https:\/\/ecosupplements.be\/fr\/wp-json\/wp\/v2\/product\/286329","targetHints":{"allow":["GET"]}}],"collection":[{"href":"https:\/\/ecosupplements.be\/fr\/wp-json\/wp\/v2\/product"}],"about":[{"href":"https:\/\/ecosupplements.be\/fr\/wp-json\/wp\/v2\/types\/product"}],"replies":[{"embeddable":true,"href":"https:\/\/ecosupplements.be\/fr\/wp-json\/wp\/v2\/comments?post=286329"}],"wp:featuredmedia":[{"embeddable":true,"href":"https:\/\/ecosupplements.be\/fr\/wp-json\/wp\/v2\/media\/263396"}],"wp:attachment":[{"href":"https:\/\/ecosupplements.be\/fr\/wp-json\/wp\/v2\/media?parent=286329"}],"wp:term":[{"taxonomy":"product_brand","embeddable":true,"href":"https:\/\/ecosupplements.be\/fr\/wp-json\/wp\/v2\/product_brand?post=286329"},{"taxonomy":"product_cat","embeddable":true,"href":"https:\/\/ecosupplements.be\/fr\/wp-json\/wp\/v2\/product_cat?post=286329"},{"taxonomy":"product_tag","embeddable":true,"href":"https:\/\/ecosupplements.be\/fr\/wp-json\/wp\/v2\/product_tag?post=286329"}],"curies":[{"name":"wp","href":"https:\/\/api.w.org\/{rel}","templated":true}]}}