{"id":286353,"date":"2022-06-28T10:05:42","date_gmt":"2022-06-28T09:05:42","guid":{"rendered":"https:\/\/ecosupplements.be\/product\/flocons-de-magnesium-revive-750g\/"},"modified":"2025-08-27T14:06:34","modified_gmt":"2025-08-27T13:06:34","slug":"flocons-de-magnesium-revive-750g","status":"publish","type":"product","link":"https:\/\/ecosupplements.be\/fr\/produit\/flocons-de-magnesium-revive-750g\/","title":{"rendered":"Flocons de magn\u00e9sium Revive &#8211; 750g"},"content":{"rendered":"<h1>Magnesium\u200c Flakes Revive &#8211; 750g<\/h1>\n<p>Les Magnesium Flakes Revive de BetterYou sont \u200bun moyen\u2062 naturel\u200d et efficace de recharger votre corps en\u2064 magn\u00e9sium. Ces flocons de magn\u00e9sium purs\u200b et naturels\u2062 sont extraits de \u2064la mer de\u2063 Zechstein, une source \u2064naturelle et non contamin\u00e9e \u200csitu\u00e9e \u00e0 plus de 1 600 m\u00e8tres \u2063sous la \u200csurface\u200c de la Terre.<\/p>\n<h2>Caract\u00e9ristiques sp\u00e9ciales<\/h2>\n<ul>\n<li>Contient 100%\u200b de flocons de magn\u00e9sium purs et naturels<\/li>\n<li>Extrait de la mer de Zechstein, une source naturelle et non contamin\u00e9e<\/li>\n<li>Facilement \u2064absorb\u00e9 \u2062par \u200cla \u200bpeau pour une efficacit\u00e9 maximale<\/li>\n<li>Convient aux v\u00e9g\u00e9tariens\u200d et v\u00e9g\u00e9taliens<\/li>\n<li>Ne contient\u2063 aucun additif ou conservateur\u2062 artificiel<\/li>\n<\/ul>\n<h2>Ingr\u00e9dients<\/h2>\n<p>100% \u2063de flocons de magn\u00e9sium purs \u2063et \u2062naturels provenant de la mer de Zechstein.<\/p>\n<h2>Avantages uniques<\/h2>\n<p>Le magn\u00e9sium est un min\u00e9ral essentiel pour notre corps, mais de nombreux facteurs tels que le stress, l&#8217;alimentation et le \u2062mode de\u200b vie peuvent entra\u00eener une carence en magn\u00e9sium. Les Magnesium\u200b Flakes Revive de \u200bBetterYou sont une solution naturelle pour recharger votre corps en magn\u00e9sium et profiter de ses nombreux bienfaits, tels que :<\/p>\n<ul>\n<li>Am\u00e9lioration de la qualit\u00e9 du sommeil<\/li>\n<li>R\u00e9duction du stress et \u200dde l&#8217;anxi\u00e9t\u00e9<\/li>\n<li>Renforcement du syst\u00e8me immunitaire<\/li>\n<li>Am\u00e9lioration de la sant\u00e9 cardiovasculaire<\/li>\n<li>Am\u00e9lioration de la sant\u00e9 musculaire et osseuse<\/li>\n<\/ul>\n<h2>Mode d&#8217;emploi<\/h2>\n<p>Versez 250g de Magnesium\u200d Flakes Revive \u200ddans un\u2062 bain\u200b chaud et remuez jusqu&#8217;\u00e0 dissolution compl\u00e8te. Plongez-vous dans le bain pendant 20 minutes pour une absorption maximale. Pour une utilisation en tant que gommage corporel,\u2062 m\u00e9langez une \u2064poign\u00e9e de flocons avec de l&#8217;eau pour former\u2063 une p\u00e2te\u200d et massez sur la peau.<\/p>\n<p>Vous pouvez \u00e9galement \u2063utiliser les Magnesium Flakes Revive en tant que spray en les diluant avec de l&#8217;eau dans un\u2062 flacon pulv\u00e9risateur. Vaporisez sur la peau et massez \u2063pour\u200c une absorption rapide.<\/p>\n<h2>Origine<\/h2>\n<p>Les Magnesium\u200b Flakes Revive de BetterYou sont fabriqu\u00e9s au Royaume-Uni \u00e0 partir de flocons de magn\u00e9sium extraits de la mer de Zechstein, une source naturelle et\u2064 non contamin\u00e9e situ\u00e9e \u00e0 plus de 1 600\u2062 m\u00e8tres sous la \u200csurface de la Terre.<\/p>\n<p>Rechargez votre corps en magn\u00e9sium\u200c avec les Magnesium Flakes Revive de BetterYou \u2063et profitez de ses nombreux bienfaits pour votre\u2064 sant\u00e9 \u2063et votre bien-\u00eatre.<\/p>\n","protected":false},"excerpt":{"rendered":"<p>Magnesium\u200c Flakes Revive &#8211; 750g Les Magnesium Flakes Revive de BetterYou sont \u200bun moyen\u2062 naturel\u200d et efficace de recharger votre corps en\u2064 magn\u00e9sium. Ces flocons de magn\u00e9sium purs\u200b et naturels\u2062 sont extraits de \u2064la mer de\u2063 Zechstein, une source \u2064naturelle et non contamin\u00e9e \u200csitu\u00e9e \u00e0 plus de 1 600 m\u00e8tres \u2063sous la \u200csurface\u200c de la [&#8230;]\n","protected":false},"featured_media":241943,"comment_status":"open","ping_status":"open","template":"","meta":[],"product_brand":[4663],"product_cat":[5064,5052,5053],"product_tag":[],"class_list":{"0":"post-286353","1":"product","2":"type-product","3":"status-publish","4":"has-post-thumbnail","6":"product_brand-betteryou-2","7":"product_cat-mineraux-simples","8":"product_cat-sante-et-bien-etre","9":"product_cat-vitamines-et-mineraux","11":"first","12":"instock","13":"taxable","14":"shipping-taxable","15":"purchasable","16":"product-type-simple"},"yoast_head":"<!-- This site is optimized with the Yoast SEO Premium plugin v27.3 (Yoast SEO v27.3) - https:\/\/yoast.com\/product\/yoast-seo-premium-wordpress\/ -->\n<title>Flocons de magn\u00e9sium Revive - 750g - ECO Supplements<\/title>\n<meta name=\"description\" content=\"Wij hebben een ruime keuze aan producten van Flocons de magn\u00e9sium Revive - 750g . Winkel bij Eco Supplements altijd gratis verzending boven 100\u20ac\" \/>\n<meta name=\"robots\" content=\"index, follow, max-snippet:-1, max-image-preview:large, max-video-preview:-1\" \/>\n<link rel=\"canonical\" href=\"https:\/\/ecosupplements.be\/fr\/produit\/flocons-de-magnesium-revive-750g\/\" \/>\n<meta property=\"og:locale\" content=\"fr_FR\" \/>\n<meta property=\"og:type\" content=\"article\" \/>\n<meta property=\"og:title\" content=\"Flocons de magn\u00e9sium Revive - 750g\" \/>\n<meta property=\"og:description\" content=\"Wij hebben een ruime keuze aan producten van Flocons de magn\u00e9sium Revive - 750g . Winkel bij Eco Supplements altijd gratis verzending boven 100\u20ac\" \/>\n<meta property=\"og:url\" content=\"https:\/\/ecosupplements.be\/fr\/produit\/flocons-de-magnesium-revive-750g\/\" \/>\n<meta property=\"og:site_name\" content=\"ECO Supplements\" \/>\n<meta property=\"article:modified_time\" content=\"2025-08-27T13:06:34+00:00\" \/>\n<meta property=\"og:image\" content=\"https:\/\/ecosupplements.be\/wp-content\/uploads\/2025\/08\/Magnesium-Flakes-Revive-750g.jpg\" \/>\n\t<meta property=\"og:image:width\" content=\"600\" \/>\n\t<meta property=\"og:image:height\" content=\"600\" \/>\n\t<meta property=\"og:image:type\" content=\"image\/jpeg\" \/>\n<meta name=\"twitter:card\" content=\"summary_large_image\" \/>\n<meta name=\"twitter:label1\" content=\"Prix\" \/>\n\t<meta name=\"twitter:data1\" content=\"9.78&nbsp;&euro;\" \/>\n\t<meta name=\"twitter:label2\" content=\"Disponibilit\u00e9\" \/>\n\t<meta name=\"twitter:data2\" content=\"En stock\" \/>\n<script type=\"application\/ld+json\" class=\"yoast-schema-graph\">{\"@context\":\"https:\\\/\\\/schema.org\",\"@graph\":[{\"@type\":[\"WebPage\",\"ItemPage\"],\"@id\":\"https:\\\/\\\/ecosupplements.be\\\/fr\\\/produit\\\/flocons-de-magnesium-revive-750g\\\/\",\"url\":\"https:\\\/\\\/ecosupplements.be\\\/fr\\\/produit\\\/flocons-de-magnesium-revive-750g\\\/\",\"name\":\"Flocons de magn\u00e9sium Revive - 750g - ECO Supplements\",\"isPartOf\":{\"@id\":\"https:\\\/\\\/ecosupplements.be\\\/fr\\\/#website\"},\"primaryImageOfPage\":{\"@id\":\"https:\\\/\\\/ecosupplements.be\\\/fr\\\/produit\\\/flocons-de-magnesium-revive-750g\\\/#primaryimage\"},\"image\":{\"@id\":\"https:\\\/\\\/ecosupplements.be\\\/fr\\\/produit\\\/flocons-de-magnesium-revive-750g\\\/#primaryimage\"},\"thumbnailUrl\":\"https:\\\/\\\/ecosupplements.be\\\/wp-content\\\/uploads\\\/2025\\\/08\\\/Magnesiumflingor-Revive-750g.jpg\",\"datePublished\":\"2022-06-28T09:05:42+00:00\",\"dateModified\":\"2025-08-27T13:06:34+00:00\",\"description\":\"Wij hebben een ruime keuze aan producten van Flocons de magn\u00e9sium Revive - 750g . Winkel bij Eco Supplements altijd gratis verzending boven 100\u20ac\",\"breadcrumb\":{\"@id\":\"https:\\\/\\\/ecosupplements.be\\\/fr\\\/produit\\\/flocons-de-magnesium-revive-750g\\\/#breadcrumb\"},\"inLanguage\":\"fr-FR\",\"potentialAction\":[{\"@type\":\"ReadAction\",\"target\":[\"https:\\\/\\\/ecosupplements.be\\\/fr\\\/produit\\\/flocons-de-magnesium-revive-750g\\\/\"]}]},{\"@type\":\"ImageObject\",\"inLanguage\":\"fr-FR\",\"@id\":\"https:\\\/\\\/ecosupplements.be\\\/fr\\\/produit\\\/flocons-de-magnesium-revive-750g\\\/#primaryimage\",\"url\":\"https:\\\/\\\/ecosupplements.be\\\/wp-content\\\/uploads\\\/2025\\\/08\\\/Magnesiumflingor-Revive-750g.jpg\",\"contentUrl\":\"https:\\\/\\\/ecosupplements.be\\\/wp-content\\\/uploads\\\/2025\\\/08\\\/Magnesiumflingor-Revive-750g.jpg\",\"width\":600,\"height\":600},{\"@type\":\"BreadcrumbList\",\"@id\":\"https:\\\/\\\/ecosupplements.be\\\/fr\\\/produit\\\/flocons-de-magnesium-revive-750g\\\/#breadcrumb\",\"itemListElement\":[{\"@type\":\"ListItem\",\"position\":1,\"name\":\"Home\",\"item\":\"https:\\\/\\\/ecosupplements.be\\\/fr\\\/\"},{\"@type\":\"ListItem\",\"position\":2,\"name\":\"Boutique\",\"item\":\"https:\\\/\\\/ecosupplements.be\\\/fr\\\/boutique\\\/\"},{\"@type\":\"ListItem\",\"position\":3,\"name\":\"Flocons de magn\u00e9sium Revive &#8211; 750g\"}]},{\"@type\":\"WebSite\",\"@id\":\"https:\\\/\\\/ecosupplements.be\\\/fr\\\/#website\",\"url\":\"https:\\\/\\\/ecosupplements.be\\\/fr\\\/\",\"name\":\"ECO Supplements\",\"description\":\"Eco Supplements - Gezonde supplementen\",\"publisher\":{\"@id\":\"https:\\\/\\\/ecosupplements.be\\\/fr\\\/#organization\"},\"potentialAction\":[{\"@type\":\"SearchAction\",\"target\":{\"@type\":\"EntryPoint\",\"urlTemplate\":\"https:\\\/\\\/ecosupplements.be\\\/fr\\\/?s={search_term_string}\"},\"query-input\":{\"@type\":\"PropertyValueSpecification\",\"valueRequired\":true,\"valueName\":\"search_term_string\"}}],\"inLanguage\":\"fr-FR\"},{\"@type\":\"Organization\",\"@id\":\"https:\\\/\\\/ecosupplements.be\\\/fr\\\/#organization\",\"name\":\"Eco Supplements\",\"url\":\"https:\\\/\\\/ecosupplements.be\\\/fr\\\/\",\"logo\":{\"@type\":\"ImageObject\",\"inLanguage\":\"fr-FR\",\"@id\":\"https:\\\/\\\/ecosupplements.be\\\/fr\\\/#\\\/schema\\\/logo\\\/image\\\/\",\"url\":\"https:\\\/\\\/ecosupplements.be\\\/wp-content\\\/uploads\\\/2022\\\/06\\\/ecosupplement-family.png\",\"contentUrl\":\"https:\\\/\\\/ecosupplements.be\\\/wp-content\\\/uploads\\\/2022\\\/06\\\/ecosupplement-family.png\",\"width\":593,\"height\":374,\"caption\":\"Eco Supplements\"},\"image\":{\"@id\":\"https:\\\/\\\/ecosupplements.be\\\/fr\\\/#\\\/schema\\\/logo\\\/image\\\/\"}}]}<\/script>\n<meta property=\"product:brand\" content=\"BetterYou\" \/>\n<meta property=\"product:price:amount\" content=\"9.78\" \/>\n<meta property=\"product:price:currency\" content=\"EUR\" \/>\n<meta property=\"og:availability\" content=\"instock\" \/>\n<meta property=\"product:availability\" content=\"instock\" \/>\n<meta property=\"product:retailer_item_id\" content=\"5060148523545\" \/>\n<meta property=\"product:condition\" content=\"new\" \/>\n<!-- \/ Yoast SEO Premium plugin. -->","yoast_head_json":{"title":"Flocons de magn\u00e9sium Revive - 750g - ECO Supplements","description":"Wij hebben een ruime keuze aan producten van Flocons de magn\u00e9sium Revive - 750g . Winkel bij Eco Supplements altijd gratis verzending boven 100\u20ac","robots":{"index":"index","follow":"follow","max-snippet":"max-snippet:-1","max-image-preview":"max-image-preview:large","max-video-preview":"max-video-preview:-1"},"canonical":"https:\/\/ecosupplements.be\/fr\/produit\/flocons-de-magnesium-revive-750g\/","og_locale":"fr_FR","og_type":"article","og_title":"Flocons de magn\u00e9sium Revive - 750g","og_description":"Wij hebben een ruime keuze aan producten van Flocons de magn\u00e9sium Revive - 750g . Winkel bij Eco Supplements altijd gratis verzending boven 100\u20ac","og_url":"https:\/\/ecosupplements.be\/fr\/produit\/flocons-de-magnesium-revive-750g\/","og_site_name":"ECO Supplements","article_modified_time":"2025-08-27T13:06:34+00:00","og_image":[{"width":600,"height":600,"url":"https:\/\/ecosupplements.be\/wp-content\/uploads\/2025\/08\/Magnesium-Flakes-Revive-750g.jpg","type":"image\/jpeg"}],"twitter_card":"summary_large_image","twitter_misc":{"Prix":"9.78&nbsp;&euro;","Disponibilit\u00e9":"En stock"},"schema":{"@context":"https:\/\/schema.org","@graph":[{"@type":["WebPage","ItemPage"],"@id":"https:\/\/ecosupplements.be\/fr\/produit\/flocons-de-magnesium-revive-750g\/","url":"https:\/\/ecosupplements.be\/fr\/produit\/flocons-de-magnesium-revive-750g\/","name":"Flocons de magn\u00e9sium Revive - 750g - ECO Supplements","isPartOf":{"@id":"https:\/\/ecosupplements.be\/fr\/#website"},"primaryImageOfPage":{"@id":"https:\/\/ecosupplements.be\/fr\/produit\/flocons-de-magnesium-revive-750g\/#primaryimage"},"image":{"@id":"https:\/\/ecosupplements.be\/fr\/produit\/flocons-de-magnesium-revive-750g\/#primaryimage"},"thumbnailUrl":"https:\/\/ecosupplements.be\/wp-content\/uploads\/2025\/08\/Magnesiumflingor-Revive-750g.jpg","datePublished":"2022-06-28T09:05:42+00:00","dateModified":"2025-08-27T13:06:34+00:00","description":"Wij hebben een ruime keuze aan producten van Flocons de magn\u00e9sium Revive - 750g . Winkel bij Eco Supplements altijd gratis verzending boven 100\u20ac","breadcrumb":{"@id":"https:\/\/ecosupplements.be\/fr\/produit\/flocons-de-magnesium-revive-750g\/#breadcrumb"},"inLanguage":"fr-FR","potentialAction":[{"@type":"ReadAction","target":["https:\/\/ecosupplements.be\/fr\/produit\/flocons-de-magnesium-revive-750g\/"]}]},{"@type":"ImageObject","inLanguage":"fr-FR","@id":"https:\/\/ecosupplements.be\/fr\/produit\/flocons-de-magnesium-revive-750g\/#primaryimage","url":"https:\/\/ecosupplements.be\/wp-content\/uploads\/2025\/08\/Magnesiumflingor-Revive-750g.jpg","contentUrl":"https:\/\/ecosupplements.be\/wp-content\/uploads\/2025\/08\/Magnesiumflingor-Revive-750g.jpg","width":600,"height":600},{"@type":"BreadcrumbList","@id":"https:\/\/ecosupplements.be\/fr\/produit\/flocons-de-magnesium-revive-750g\/#breadcrumb","itemListElement":[{"@type":"ListItem","position":1,"name":"Home","item":"https:\/\/ecosupplements.be\/fr\/"},{"@type":"ListItem","position":2,"name":"Boutique","item":"https:\/\/ecosupplements.be\/fr\/boutique\/"},{"@type":"ListItem","position":3,"name":"Flocons de magn\u00e9sium Revive &#8211; 750g"}]},{"@type":"WebSite","@id":"https:\/\/ecosupplements.be\/fr\/#website","url":"https:\/\/ecosupplements.be\/fr\/","name":"ECO Supplements","description":"Eco Supplements - Gezonde supplementen","publisher":{"@id":"https:\/\/ecosupplements.be\/fr\/#organization"},"potentialAction":[{"@type":"SearchAction","target":{"@type":"EntryPoint","urlTemplate":"https:\/\/ecosupplements.be\/fr\/?s={search_term_string}"},"query-input":{"@type":"PropertyValueSpecification","valueRequired":true,"valueName":"search_term_string"}}],"inLanguage":"fr-FR"},{"@type":"Organization","@id":"https:\/\/ecosupplements.be\/fr\/#organization","name":"Eco Supplements","url":"https:\/\/ecosupplements.be\/fr\/","logo":{"@type":"ImageObject","inLanguage":"fr-FR","@id":"https:\/\/ecosupplements.be\/fr\/#\/schema\/logo\/image\/","url":"https:\/\/ecosupplements.be\/wp-content\/uploads\/2022\/06\/ecosupplement-family.png","contentUrl":"https:\/\/ecosupplements.be\/wp-content\/uploads\/2022\/06\/ecosupplement-family.png","width":593,"height":374,"caption":"Eco Supplements"},"image":{"@id":"https:\/\/ecosupplements.be\/fr\/#\/schema\/logo\/image\/"}}]},"product_brand":"BetterYou","product_price_amount":"9.78","product_price_currency":"EUR","og_availability":"instock","product_availability":"instock","product_retailer_item_id":"5060148523545","product_condition":"new"},"_links":{"self":[{"href":"https:\/\/ecosupplements.be\/fr\/wp-json\/wp\/v2\/product\/286353","targetHints":{"allow":["GET"]}}],"collection":[{"href":"https:\/\/ecosupplements.be\/fr\/wp-json\/wp\/v2\/product"}],"about":[{"href":"https:\/\/ecosupplements.be\/fr\/wp-json\/wp\/v2\/types\/product"}],"replies":[{"embeddable":true,"href":"https:\/\/ecosupplements.be\/fr\/wp-json\/wp\/v2\/comments?post=286353"}],"wp:featuredmedia":[{"embeddable":true,"href":"https:\/\/ecosupplements.be\/fr\/wp-json\/wp\/v2\/media\/241943"}],"wp:attachment":[{"href":"https:\/\/ecosupplements.be\/fr\/wp-json\/wp\/v2\/media?parent=286353"}],"wp:term":[{"taxonomy":"product_brand","embeddable":true,"href":"https:\/\/ecosupplements.be\/fr\/wp-json\/wp\/v2\/product_brand?post=286353"},{"taxonomy":"product_cat","embeddable":true,"href":"https:\/\/ecosupplements.be\/fr\/wp-json\/wp\/v2\/product_cat?post=286353"},{"taxonomy":"product_tag","embeddable":true,"href":"https:\/\/ecosupplements.be\/fr\/wp-json\/wp\/v2\/product_tag?post=286353"}],"curies":[{"name":"wp","href":"https:\/\/api.w.org\/{rel}","templated":true}]}}