{"id":286365,"date":"2022-10-11T00:29:47","date_gmt":"2022-10-10T23:29:47","guid":{"rendered":"https:\/\/ecosupplements.be\/product\/spray-oral-quotidien-multivitamine-pour-enfants-chocolat-et-guimauve-25-ml\/"},"modified":"2025-08-27T14:06:47","modified_gmt":"2025-08-27T13:06:47","slug":"spray-oral-quotidien-multivitamine-pour-enfants-chocolat-et-guimauve-25-ml","status":"publish","type":"product","link":"https:\/\/ecosupplements.be\/fr\/produit\/spray-oral-quotidien-multivitamine-pour-enfants-chocolat-et-guimauve-25-ml\/","title":{"rendered":"Spray Oral Quotidien Multivitamin\u00e9 pour Enfants, Chocolat et Guimauve &#8211; 25 ml"},"content":{"rendered":"<h1>Multivitamin Kids&#8217; Daily Oral Spray, Chocolate and Marshmallow \u2062- 25 ml<\/h1>\n<p>Offrez \u00e0 vos enfants\u200c une dose quotidienne de vitamines avec le spray oral multivitamin\u00e9 pour enfants de BetterYou.\u200b Ce spray pratique et d\u00e9licieux est sp\u00e9cialement con\u00e7u pour \u200dles \u200cenfants et contient une combinaison unique de vitamines et de min\u00e9raux essentiels pour soutenir leur croissance et leur d\u00e9veloppement.<\/p>\n<h2>Caract\u00e9ristiques sp\u00e9ciales:<\/h2>\n<ul>\n<li>Formule sp\u00e9cialement con\u00e7ue pour\u2062 les enfants<\/li>\n<li>Contient une combinaison unique de vitamines et de min\u00e9raux essentiels<\/li>\n<li>Spray oral pratique et facile \u00e0 utiliser<\/li>\n<li>Saveur \u2063d\u00e9licieuse de chocolat et de guimauve<\/li>\n<li>25 ml de produit par bouteille<\/li>\n<\/ul>\n<h2>Ingr\u00e9dients cl\u00e9s:<\/h2>\n<p>Ce spray oral contient une combinaison de vitamines et\u2063 de min\u00e9raux soigneusement \u2062s\u00e9lectionn\u00e9s pour r\u00e9pondre aux\u200b besoins nutritionnels des enfants en pleine croissance.\u200b Parmi les ingr\u00e9dients cl\u00e9s, on retrouve:<\/p>\n<ul>\n<li>Vitamine D -\u200b pour soutenir la croissance osseuse et le syst\u00e8me \u200cimmunitaire<\/li>\n<li>Vitamine \u2063C &#8211; pour renforcer le syst\u00e8me immunitaire \u2062et favoriser la sant\u00e9 des gencives<\/li>\n<li>Vitamine B12 &#8211; pour soutenir la production\u200b d&#8217;\u00e9nergie \u200bet le d\u00e9veloppement du syst\u00e8me nerveux<\/li>\n<li>Calcium\u2062 -\u2064 pour des os et des dents forts<\/li>\n<li>Zinc &#8211; pour soutenir\u2062 la croissance et la fonction cognitive<\/li>\n<\/ul>\n<h2>Avantages uniques:<\/h2>\n<p>Le spray oral multivitamin\u00e9 pour enfants de BetterYou offre une alternative pratique et d\u00e9licieuse aux comprim\u00e9s et aux g\u00e9lules \u200ctraditionnels. En utilisant la technologie de la micro-\u00e9mulsion,\u200c les \u2062vitamines et les min\u00e9raux sont absorb\u00e9s directement dans la circulation sanguine, offrant une \u200cabsorption maximale et \u2063une efficacit\u00e9\u2063 optimale.<\/p>\n<p>De plus, la saveur de chocolat et\u2062 de guimauve rend la prise de vitamines amusante pour les enfants,\u2063 ce \u200bqui en \u2062fait un compl\u00e9ment alimentaire quotidien facile \u00e0 int\u00e9grer dans leur routine.<\/p>\n<h2>Conseils \u2063d&#8217;utilisation:<\/h2>\n<p>Agitez \u200dbien avant utilisation. Vaporisez directement dans la bouche de votre enfant, en \u00e9vitant les\u2063 l\u00e8vres et les gencives. Utilisez\u200d une fois par jour ou selon les recommandations d&#8217;un\u200d professionnel de la sant\u00e9.<\/p>\n<p>Convient aux enfants de 3 ans et plus. Pour les enfants de moins de \u20643 ans,\u200d consultez un professionnel de \u2063la \u200dsant\u00e9 avant utilisation.<\/p>\n<p>Ne pas d\u00e9passer la dose quotidienne recommand\u00e9e. Ce produit ne doit pas \u00eatre utilis\u00e9 comme substitut \u00e0 une alimentation vari\u00e9e\u2063 et \u00e9quilibr\u00e9e et \u00e0 \u2062un mode de vie sain.<\/p>\n<p>Conserver dans \u200dun \u200bendroit \u200bfrais et sec, \u2063\u00e0 l&#8217;abri de\u2064 la lumi\u00e8re directe du soleil. Tenir hors de port\u00e9e des enfants.<\/p>\n<p>Offrez \u00e0 vos enfants une dose quotidienne de vitamines avec le\u2064 spray oral multivitamin\u00e9 pour enfants \u2064de \u2062BetterYou. Commandez d\u00e8s maintenant et aidez vos enfants \u00e0 grandir en bonne sant\u00e9 et en pleine forme\u200c !<\/p>\n","protected":false},"excerpt":{"rendered":"<p>Multivitamin Kids&#8217; Daily Oral Spray, Chocolate and Marshmallow \u2062- 25 ml Offrez \u00e0 vos enfants\u200c une dose quotidienne de vitamines avec le spray oral multivitamin\u00e9 pour enfants de BetterYou.\u200b Ce spray pratique et d\u00e9licieux est sp\u00e9cialement con\u00e7u pour \u200dles \u200cenfants et contient une combinaison unique de vitamines et de min\u00e9raux essentiels pour soutenir leur croissance [&#8230;]\n","protected":false},"featured_media":261001,"comment_status":"open","ping_status":"open","template":"","meta":[],"product_brand":[4663],"product_cat":[5075,5052,5053],"product_tag":[],"class_list":{"0":"post-286365","1":"product","2":"type-product","3":"status-publish","4":"has-post-thumbnail","6":"product_brand-betteryou-2","7":"product_cat-la-sante-des-enfants","8":"product_cat-sante-et-bien-etre","9":"product_cat-vitamines-et-mineraux","11":"first","12":"instock","13":"taxable","14":"shipping-taxable","15":"purchasable","16":"product-type-simple"},"yoast_head":"<!-- This site is optimized with the Yoast SEO Premium plugin v27.3 (Yoast SEO v27.3) - https:\/\/yoast.com\/product\/yoast-seo-premium-wordpress\/ -->\n<title>Spray Oral Quotidien Multivitamin\u00e9 pour Enfants, Chocolat et Guimauve - 25 ml - ECO Supplements<\/title>\n<meta name=\"description\" content=\"Wij hebben een ruime keuze aan producten van Spray Oral Quotidien Multivitamin\u00e9 pour Enfants, Chocolat et Guimauve - 25 ml . Winkel bij Eco Supplements altijd gratis verzending boven 100\u20ac\" \/>\n<meta name=\"robots\" content=\"index, follow, max-snippet:-1, max-image-preview:large, max-video-preview:-1\" \/>\n<link rel=\"canonical\" href=\"https:\/\/ecosupplements.be\/fr\/produit\/spray-oral-quotidien-multivitamine-pour-enfants-chocolat-et-guimauve-25-ml\/\" \/>\n<meta property=\"og:locale\" content=\"fr_FR\" \/>\n<meta property=\"og:type\" content=\"article\" \/>\n<meta property=\"og:title\" content=\"Spray Oral Quotidien Multivitamin\u00e9 pour Enfants, Chocolat et Guimauve - 25 ml\" \/>\n<meta property=\"og:description\" content=\"Wij hebben een ruime keuze aan producten van Spray Oral Quotidien Multivitamin\u00e9 pour Enfants, Chocolat et Guimauve - 25 ml . Winkel bij Eco Supplements altijd gratis verzending boven 100\u20ac\" \/>\n<meta property=\"og:url\" content=\"https:\/\/ecosupplements.be\/fr\/produit\/spray-oral-quotidien-multivitamine-pour-enfants-chocolat-et-guimauve-25-ml\/\" \/>\n<meta property=\"og:site_name\" content=\"ECO Supplements\" \/>\n<meta property=\"article:modified_time\" content=\"2025-08-27T13:06:47+00:00\" \/>\n<meta property=\"og:image\" content=\"https:\/\/ecosupplements.be\/wp-content\/uploads\/2025\/08\/Multivitamin-Kids-Daily-Oral-Spray-Chocolate-and-Marshmallow-25-ml.jpg\" \/>\n\t<meta property=\"og:image:width\" content=\"640\" \/>\n\t<meta property=\"og:image:height\" content=\"640\" \/>\n\t<meta property=\"og:image:type\" content=\"image\/jpeg\" \/>\n<meta name=\"twitter:card\" content=\"summary_large_image\" \/>\n<meta name=\"twitter:label1\" content=\"Prix\" \/>\n\t<meta name=\"twitter:data1\" content=\"10.45&nbsp;&euro;\" \/>\n\t<meta name=\"twitter:label2\" content=\"Disponibilit\u00e9\" \/>\n\t<meta name=\"twitter:data2\" content=\"En stock\" \/>\n<script type=\"application\/ld+json\" class=\"yoast-schema-graph\">{\"@context\":\"https:\\\/\\\/schema.org\",\"@graph\":[{\"@type\":[\"WebPage\",\"ItemPage\"],\"@id\":\"https:\\\/\\\/ecosupplements.be\\\/fr\\\/produit\\\/spray-oral-quotidien-multivitamine-pour-enfants-chocolat-et-guimauve-25-ml\\\/\",\"url\":\"https:\\\/\\\/ecosupplements.be\\\/fr\\\/produit\\\/spray-oral-quotidien-multivitamine-pour-enfants-chocolat-et-guimauve-25-ml\\\/\",\"name\":\"Spray Oral Quotidien Multivitamin\u00e9 pour Enfants, Chocolat et Guimauve - 25 ml - ECO Supplements\",\"isPartOf\":{\"@id\":\"https:\\\/\\\/ecosupplements.be\\\/fr\\\/#website\"},\"primaryImageOfPage\":{\"@id\":\"https:\\\/\\\/ecosupplements.be\\\/fr\\\/produit\\\/spray-oral-quotidien-multivitamine-pour-enfants-chocolat-et-guimauve-25-ml\\\/#primaryimage\"},\"image\":{\"@id\":\"https:\\\/\\\/ecosupplements.be\\\/fr\\\/produit\\\/spray-oral-quotidien-multivitamine-pour-enfants-chocolat-et-guimauve-25-ml\\\/#primaryimage\"},\"thumbnailUrl\":\"https:\\\/\\\/ecosupplements.be\\\/wp-content\\\/uploads\\\/2025\\\/08\\\/Multivit-Junior-Oral-Spray-25-ml.jpg\",\"datePublished\":\"2022-10-10T23:29:47+00:00\",\"dateModified\":\"2025-08-27T13:06:47+00:00\",\"description\":\"Wij hebben een ruime keuze aan producten van Spray Oral Quotidien Multivitamin\u00e9 pour Enfants, Chocolat et Guimauve - 25 ml . Winkel bij Eco Supplements altijd gratis verzending boven 100\u20ac\",\"breadcrumb\":{\"@id\":\"https:\\\/\\\/ecosupplements.be\\\/fr\\\/produit\\\/spray-oral-quotidien-multivitamine-pour-enfants-chocolat-et-guimauve-25-ml\\\/#breadcrumb\"},\"inLanguage\":\"fr-FR\",\"potentialAction\":[{\"@type\":\"ReadAction\",\"target\":[\"https:\\\/\\\/ecosupplements.be\\\/fr\\\/produit\\\/spray-oral-quotidien-multivitamine-pour-enfants-chocolat-et-guimauve-25-ml\\\/\"]}]},{\"@type\":\"ImageObject\",\"inLanguage\":\"fr-FR\",\"@id\":\"https:\\\/\\\/ecosupplements.be\\\/fr\\\/produit\\\/spray-oral-quotidien-multivitamine-pour-enfants-chocolat-et-guimauve-25-ml\\\/#primaryimage\",\"url\":\"https:\\\/\\\/ecosupplements.be\\\/wp-content\\\/uploads\\\/2025\\\/08\\\/Multivit-Junior-Oral-Spray-25-ml.jpg\",\"contentUrl\":\"https:\\\/\\\/ecosupplements.be\\\/wp-content\\\/uploads\\\/2025\\\/08\\\/Multivit-Junior-Oral-Spray-25-ml.jpg\",\"width\":425,\"height\":777},{\"@type\":\"BreadcrumbList\",\"@id\":\"https:\\\/\\\/ecosupplements.be\\\/fr\\\/produit\\\/spray-oral-quotidien-multivitamine-pour-enfants-chocolat-et-guimauve-25-ml\\\/#breadcrumb\",\"itemListElement\":[{\"@type\":\"ListItem\",\"position\":1,\"name\":\"Home\",\"item\":\"https:\\\/\\\/ecosupplements.be\\\/fr\\\/\"},{\"@type\":\"ListItem\",\"position\":2,\"name\":\"Boutique\",\"item\":\"https:\\\/\\\/ecosupplements.be\\\/fr\\\/boutique\\\/\"},{\"@type\":\"ListItem\",\"position\":3,\"name\":\"Spray Oral Quotidien Multivitamin\u00e9 pour Enfants, Chocolat et Guimauve &#8211; 25 ml\"}]},{\"@type\":\"WebSite\",\"@id\":\"https:\\\/\\\/ecosupplements.be\\\/fr\\\/#website\",\"url\":\"https:\\\/\\\/ecosupplements.be\\\/fr\\\/\",\"name\":\"ECO Supplements\",\"description\":\"Eco Supplements - Gezonde supplementen\",\"publisher\":{\"@id\":\"https:\\\/\\\/ecosupplements.be\\\/fr\\\/#organization\"},\"potentialAction\":[{\"@type\":\"SearchAction\",\"target\":{\"@type\":\"EntryPoint\",\"urlTemplate\":\"https:\\\/\\\/ecosupplements.be\\\/fr\\\/?s={search_term_string}\"},\"query-input\":{\"@type\":\"PropertyValueSpecification\",\"valueRequired\":true,\"valueName\":\"search_term_string\"}}],\"inLanguage\":\"fr-FR\"},{\"@type\":\"Organization\",\"@id\":\"https:\\\/\\\/ecosupplements.be\\\/fr\\\/#organization\",\"name\":\"Eco Supplements\",\"url\":\"https:\\\/\\\/ecosupplements.be\\\/fr\\\/\",\"logo\":{\"@type\":\"ImageObject\",\"inLanguage\":\"fr-FR\",\"@id\":\"https:\\\/\\\/ecosupplements.be\\\/fr\\\/#\\\/schema\\\/logo\\\/image\\\/\",\"url\":\"https:\\\/\\\/ecosupplements.be\\\/wp-content\\\/uploads\\\/2022\\\/06\\\/ecosupplement-family.png\",\"contentUrl\":\"https:\\\/\\\/ecosupplements.be\\\/wp-content\\\/uploads\\\/2022\\\/06\\\/ecosupplement-family.png\",\"width\":593,\"height\":374,\"caption\":\"Eco Supplements\"},\"image\":{\"@id\":\"https:\\\/\\\/ecosupplements.be\\\/fr\\\/#\\\/schema\\\/logo\\\/image\\\/\"}}]}<\/script>\n<meta property=\"product:brand\" content=\"BetterYou\" \/>\n<meta property=\"product:price:amount\" content=\"10.45\" \/>\n<meta property=\"product:price:currency\" content=\"EUR\" \/>\n<meta property=\"og:availability\" content=\"instock\" \/>\n<meta property=\"product:availability\" content=\"instock\" \/>\n<meta property=\"product:retailer_item_id\" content=\"96180396\" \/>\n<meta property=\"product:condition\" content=\"new\" \/>\n<!-- \/ Yoast SEO Premium plugin. -->","yoast_head_json":{"title":"Spray Oral Quotidien Multivitamin\u00e9 pour Enfants, Chocolat et Guimauve - 25 ml - ECO Supplements","description":"Wij hebben een ruime keuze aan producten van Spray Oral Quotidien Multivitamin\u00e9 pour Enfants, Chocolat et Guimauve - 25 ml . Winkel bij Eco Supplements altijd gratis verzending boven 100\u20ac","robots":{"index":"index","follow":"follow","max-snippet":"max-snippet:-1","max-image-preview":"max-image-preview:large","max-video-preview":"max-video-preview:-1"},"canonical":"https:\/\/ecosupplements.be\/fr\/produit\/spray-oral-quotidien-multivitamine-pour-enfants-chocolat-et-guimauve-25-ml\/","og_locale":"fr_FR","og_type":"article","og_title":"Spray Oral Quotidien Multivitamin\u00e9 pour Enfants, Chocolat et Guimauve - 25 ml","og_description":"Wij hebben een ruime keuze aan producten van Spray Oral Quotidien Multivitamin\u00e9 pour Enfants, Chocolat et Guimauve - 25 ml . Winkel bij Eco Supplements altijd gratis verzending boven 100\u20ac","og_url":"https:\/\/ecosupplements.be\/fr\/produit\/spray-oral-quotidien-multivitamine-pour-enfants-chocolat-et-guimauve-25-ml\/","og_site_name":"ECO Supplements","article_modified_time":"2025-08-27T13:06:47+00:00","og_image":[{"width":640,"height":640,"url":"https:\/\/ecosupplements.be\/wp-content\/uploads\/2025\/08\/Multivitamin-Kids-Daily-Oral-Spray-Chocolate-and-Marshmallow-25-ml.jpg","type":"image\/jpeg"}],"twitter_card":"summary_large_image","twitter_misc":{"Prix":"10.45&nbsp;&euro;","Disponibilit\u00e9":"En stock"},"schema":{"@context":"https:\/\/schema.org","@graph":[{"@type":["WebPage","ItemPage"],"@id":"https:\/\/ecosupplements.be\/fr\/produit\/spray-oral-quotidien-multivitamine-pour-enfants-chocolat-et-guimauve-25-ml\/","url":"https:\/\/ecosupplements.be\/fr\/produit\/spray-oral-quotidien-multivitamine-pour-enfants-chocolat-et-guimauve-25-ml\/","name":"Spray Oral Quotidien Multivitamin\u00e9 pour Enfants, Chocolat et Guimauve - 25 ml - ECO Supplements","isPartOf":{"@id":"https:\/\/ecosupplements.be\/fr\/#website"},"primaryImageOfPage":{"@id":"https:\/\/ecosupplements.be\/fr\/produit\/spray-oral-quotidien-multivitamine-pour-enfants-chocolat-et-guimauve-25-ml\/#primaryimage"},"image":{"@id":"https:\/\/ecosupplements.be\/fr\/produit\/spray-oral-quotidien-multivitamine-pour-enfants-chocolat-et-guimauve-25-ml\/#primaryimage"},"thumbnailUrl":"https:\/\/ecosupplements.be\/wp-content\/uploads\/2025\/08\/Multivit-Junior-Oral-Spray-25-ml.jpg","datePublished":"2022-10-10T23:29:47+00:00","dateModified":"2025-08-27T13:06:47+00:00","description":"Wij hebben een ruime keuze aan producten van Spray Oral Quotidien Multivitamin\u00e9 pour Enfants, Chocolat et Guimauve - 25 ml . Winkel bij Eco Supplements altijd gratis verzending boven 100\u20ac","breadcrumb":{"@id":"https:\/\/ecosupplements.be\/fr\/produit\/spray-oral-quotidien-multivitamine-pour-enfants-chocolat-et-guimauve-25-ml\/#breadcrumb"},"inLanguage":"fr-FR","potentialAction":[{"@type":"ReadAction","target":["https:\/\/ecosupplements.be\/fr\/produit\/spray-oral-quotidien-multivitamine-pour-enfants-chocolat-et-guimauve-25-ml\/"]}]},{"@type":"ImageObject","inLanguage":"fr-FR","@id":"https:\/\/ecosupplements.be\/fr\/produit\/spray-oral-quotidien-multivitamine-pour-enfants-chocolat-et-guimauve-25-ml\/#primaryimage","url":"https:\/\/ecosupplements.be\/wp-content\/uploads\/2025\/08\/Multivit-Junior-Oral-Spray-25-ml.jpg","contentUrl":"https:\/\/ecosupplements.be\/wp-content\/uploads\/2025\/08\/Multivit-Junior-Oral-Spray-25-ml.jpg","width":425,"height":777},{"@type":"BreadcrumbList","@id":"https:\/\/ecosupplements.be\/fr\/produit\/spray-oral-quotidien-multivitamine-pour-enfants-chocolat-et-guimauve-25-ml\/#breadcrumb","itemListElement":[{"@type":"ListItem","position":1,"name":"Home","item":"https:\/\/ecosupplements.be\/fr\/"},{"@type":"ListItem","position":2,"name":"Boutique","item":"https:\/\/ecosupplements.be\/fr\/boutique\/"},{"@type":"ListItem","position":3,"name":"Spray Oral Quotidien Multivitamin\u00e9 pour Enfants, Chocolat et Guimauve &#8211; 25 ml"}]},{"@type":"WebSite","@id":"https:\/\/ecosupplements.be\/fr\/#website","url":"https:\/\/ecosupplements.be\/fr\/","name":"ECO Supplements","description":"Eco Supplements - Gezonde supplementen","publisher":{"@id":"https:\/\/ecosupplements.be\/fr\/#organization"},"potentialAction":[{"@type":"SearchAction","target":{"@type":"EntryPoint","urlTemplate":"https:\/\/ecosupplements.be\/fr\/?s={search_term_string}"},"query-input":{"@type":"PropertyValueSpecification","valueRequired":true,"valueName":"search_term_string"}}],"inLanguage":"fr-FR"},{"@type":"Organization","@id":"https:\/\/ecosupplements.be\/fr\/#organization","name":"Eco Supplements","url":"https:\/\/ecosupplements.be\/fr\/","logo":{"@type":"ImageObject","inLanguage":"fr-FR","@id":"https:\/\/ecosupplements.be\/fr\/#\/schema\/logo\/image\/","url":"https:\/\/ecosupplements.be\/wp-content\/uploads\/2022\/06\/ecosupplement-family.png","contentUrl":"https:\/\/ecosupplements.be\/wp-content\/uploads\/2022\/06\/ecosupplement-family.png","width":593,"height":374,"caption":"Eco Supplements"},"image":{"@id":"https:\/\/ecosupplements.be\/fr\/#\/schema\/logo\/image\/"}}]},"product_brand":"BetterYou","product_price_amount":"10.45","product_price_currency":"EUR","og_availability":"instock","product_availability":"instock","product_retailer_item_id":"96180396","product_condition":"new"},"_links":{"self":[{"href":"https:\/\/ecosupplements.be\/fr\/wp-json\/wp\/v2\/product\/286365","targetHints":{"allow":["GET"]}}],"collection":[{"href":"https:\/\/ecosupplements.be\/fr\/wp-json\/wp\/v2\/product"}],"about":[{"href":"https:\/\/ecosupplements.be\/fr\/wp-json\/wp\/v2\/types\/product"}],"replies":[{"embeddable":true,"href":"https:\/\/ecosupplements.be\/fr\/wp-json\/wp\/v2\/comments?post=286365"}],"wp:featuredmedia":[{"embeddable":true,"href":"https:\/\/ecosupplements.be\/fr\/wp-json\/wp\/v2\/media\/261001"}],"wp:attachment":[{"href":"https:\/\/ecosupplements.be\/fr\/wp-json\/wp\/v2\/media?parent=286365"}],"wp:term":[{"taxonomy":"product_brand","embeddable":true,"href":"https:\/\/ecosupplements.be\/fr\/wp-json\/wp\/v2\/product_brand?post=286365"},{"taxonomy":"product_cat","embeddable":true,"href":"https:\/\/ecosupplements.be\/fr\/wp-json\/wp\/v2\/product_cat?post=286365"},{"taxonomy":"product_tag","embeddable":true,"href":"https:\/\/ecosupplements.be\/fr\/wp-json\/wp\/v2\/product_tag?post=286365"}],"curies":[{"name":"wp","href":"https:\/\/api.w.org\/{rel}","templated":true}]}}