{"id":286368,"date":"2022-06-28T10:05:57","date_gmt":"2022-06-28T09:05:57","guid":{"rendered":"https:\/\/ecosupplements.be\/product\/spray-oral-quotidien-a-la-vitamine-c-cerise-naturelle-et-grenade-50-ml\/"},"modified":"2025-08-27T14:06:49","modified_gmt":"2025-08-27T13:06:49","slug":"spray-oral-quotidien-a-la-vitamine-c-cerise-naturelle-et-grenade-50-ml","status":"publish","type":"product","link":"https:\/\/ecosupplements.be\/fr\/produit\/spray-oral-quotidien-a-la-vitamine-c-cerise-naturelle-et-grenade-50-ml\/","title":{"rendered":"Spray Oral Quotidien \u00e0 la Vitamine C, Cerise Naturelle et Grenade &#8211; 50 ml"},"content":{"rendered":"<h1>Vitamin C Daily Oral Spray, Natural Cherry and Pomegranate &#8211; 50 ml<\/h1>\n<p>Obtenez votre dose quotidienne\u2064 de vitamine \u2062C de mani\u00e8re \u2062pratique et d\u00e9licieuse avec le spray oral quotidien Vitamin C de \u2064BetterYou. Ce spray \u2062innovant utilise une \u2062formule \u00e0 absorption rapide \u2063pour fournir une dose puissante de vitamine C \u200ddirectement dans votre bouche, sans avoir besoin\u2063 de comprim\u00e9s ou de capsules.<\/p>\n<h2>Caract\u00e9ristiques sp\u00e9ciales:<\/h2>\n<ul>\n<li>Formule \u00e0 absorption rapide pour une efficacit\u00e9 \u2063maximale<\/li>\n<li>Saveur naturelle de cerise\u2063 et de grenade \u2063pour \u200cune\u200c exp\u00e9rience gustative agr\u00e9able<\/li>\n<li>Facile \u00e0 utiliser, il suffit de vaporiser directement\u200c dans la\u200b bouche<\/li>\n<li>Convient aux v\u00e9g\u00e9tariens\u200b et v\u00e9g\u00e9taliens<\/li>\n<li>Ne contient pas de gluten,\u200b de lactose ou de soja<\/li>\n<\/ul>\n<h2>Ingr\u00e9dients cl\u00e9s:<\/h2>\n<p>Ce spray oral contient une \u200cforme hautement biodisponible de vitamine\u2064 C, appel\u00e9e acide ascorbique, qui\u2064 est facilement absorb\u00e9e par le corps. \u200bIl est \u00e9galement enrichi en extraits naturels de cerise et\u200c de grenade pour une saveur d\u00e9licieuse et des\u2063 bienfaits antioxydants suppl\u00e9mentaires.<\/p>\n<h2>Avantages \u200buniques:<\/h2>\n<ul>\n<li>Renforce le syst\u00e8me immunitaire \u2064pour vous prot\u00e9ger contre les maladies et les infections<\/li>\n<li>Contribue\u200d \u00e0 la formation \u200dde collag\u00e8ne pour \u200dune peau, \u2063des cheveux \u2063et des ongles \u2063sains<\/li>\n<li>Aide \u00e0 \u2062r\u00e9duire la fatigue et l&#8217;\u00e9puisement pour une\u2063 \u00e9nergie et \u200cune vitalit\u00e9 accrues<\/li>\n<li>Prot\u00e8ge les \u200dcellules contre les\u2063 dommages\u2062 caus\u00e9s par \u2062les radicaux \u200dlibres gr\u00e2ce \u00e0 ses propri\u00e9t\u00e9s antioxydantes<\/li>\n<\/ul>\n<h2>Mode d&#8217;emploi:<\/h2>\n<p>Agitez bien avant utilisation. Vaporisez 4 fois directement dans la bouche, de pr\u00e9f\u00e9rence sur la face interne de \u2062la\u200c joue.\u2064 Utilisez quotidiennement ou selon les recommandations d&#8217;un professionnel de la\u2062 sant\u00e9.<\/p>\n<p>Ne pas d\u00e9passer la dose quotidienne recommand\u00e9e. Tenir hors de port\u00e9e\u2062 des enfants. Si vous \u00eates enceinte, allaitez ou \u200bprenez des m\u00e9dicaments, consultez un\u2062 professionnel de la \u200dsant\u00e9 \u2064avant utilisation.<\/p>\n<p>Offrez \u00e0\u200c votre corps une dose quotidienne de vitamine C avec le spray oral quotidien\u200c Vitamin C de BetterYou.\u200c Commandez d\u00e8s maintenant et profitez d&#8217;une sant\u00e9 optimale et\u200c d&#8217;un go\u00fbt d\u00e9licieux\u2063 en un seul produit\u200b pratique.<\/p>\n","protected":false},"excerpt":{"rendered":"<p>Vitamin C Daily Oral Spray, Natural Cherry and Pomegranate &#8211; 50 ml Obtenez votre dose quotidienne\u2064 de vitamine \u2062C de mani\u00e8re \u2062pratique et d\u00e9licieuse avec le spray oral quotidien Vitamin C de \u2064BetterYou. Ce spray \u2062innovant utilise une \u2062formule \u00e0 absorption rapide \u2063pour fournir une dose puissante de vitamine C \u200ddirectement dans votre bouche, sans [&#8230;]\n","protected":false},"featured_media":242027,"comment_status":"open","ping_status":"open","template":"","meta":[],"product_brand":[4663],"product_cat":[5076,5052,5053,5059],"product_tag":[],"class_list":{"0":"post-286368","1":"product","2":"type-product","3":"status-publish","4":"has-post-thumbnail","6":"product_brand-betteryou-2","7":"product_cat-complements-en-spray","8":"product_cat-sante-et-bien-etre","9":"product_cat-vitamines-et-mineraux","10":"product_cat-vitamines-simples","12":"first","13":"instock","14":"taxable","15":"shipping-taxable","16":"purchasable","17":"product-type-simple"},"yoast_head":"<!-- This site is optimized with the Yoast SEO Premium plugin v27.5 (Yoast SEO v27.5) - https:\/\/yoast.com\/product\/yoast-seo-premium-wordpress\/ -->\n<title>Spray Oral Quotidien \u00e0 la Vitamine C, Cerise Naturelle et Grenade - 50 ml - ECO Supplements<\/title>\n<meta name=\"description\" content=\"Wij hebben een ruime keuze aan producten van Spray Oral Quotidien \u00e0 la Vitamine C, Cerise Naturelle et Grenade - 50 ml . Winkel bij Eco Supplements altijd gratis verzending boven 100\u20ac\" \/>\n<meta name=\"robots\" content=\"index, follow, max-snippet:-1, max-image-preview:large, max-video-preview:-1\" \/>\n<link rel=\"canonical\" href=\"https:\/\/ecosupplements.be\/fr\/produit\/spray-oral-quotidien-a-la-vitamine-c-cerise-naturelle-et-grenade-50-ml\/\" \/>\n<meta property=\"og:locale\" content=\"fr_FR\" \/>\n<meta property=\"og:type\" content=\"article\" \/>\n<meta property=\"og:title\" content=\"Spray Oral Quotidien \u00e0 la Vitamine C, Cerise Naturelle et Grenade - 50 ml\" \/>\n<meta property=\"og:description\" content=\"Wij hebben een ruime keuze aan producten van Spray Oral Quotidien \u00e0 la Vitamine C, Cerise Naturelle et Grenade - 50 ml . Winkel bij Eco Supplements altijd gratis verzending boven 100\u20ac\" \/>\n<meta property=\"og:url\" content=\"https:\/\/ecosupplements.be\/fr\/produit\/spray-oral-quotidien-a-la-vitamine-c-cerise-naturelle-et-grenade-50-ml\/\" \/>\n<meta property=\"og:site_name\" content=\"ECO Supplements\" \/>\n<meta property=\"article:modified_time\" content=\"2025-08-27T13:06:49+00:00\" \/>\n<meta property=\"og:image\" content=\"https:\/\/ecosupplements.be\/wp-content\/uploads\/2025\/08\/Vitamin-C-Daily-Oral-Spray-Natural-Cherry-and-Pomegranate-50-ml-1.jpg\" \/>\n\t<meta property=\"og:image:width\" content=\"540\" \/>\n\t<meta property=\"og:image:height\" content=\"879\" \/>\n\t<meta property=\"og:image:type\" content=\"image\/jpeg\" \/>\n<meta name=\"twitter:card\" content=\"summary_large_image\" \/>\n<meta name=\"twitter:label1\" content=\"Prix\" \/>\n\t<meta name=\"twitter:data1\" content=\"12.52&nbsp;&euro;\" \/>\n\t<meta name=\"twitter:label2\" content=\"Disponibilit\u00e9\" \/>\n\t<meta name=\"twitter:data2\" content=\"En stock\" \/>\n<script type=\"application\/ld+json\" class=\"yoast-schema-graph\">{\"@context\":\"https:\\\/\\\/schema.org\",\"@graph\":[{\"@type\":[\"WebPage\",\"ItemPage\"],\"@id\":\"https:\\\/\\\/ecosupplements.be\\\/fr\\\/produit\\\/spray-oral-quotidien-a-la-vitamine-c-cerise-naturelle-et-grenade-50-ml\\\/\",\"url\":\"https:\\\/\\\/ecosupplements.be\\\/fr\\\/produit\\\/spray-oral-quotidien-a-la-vitamine-c-cerise-naturelle-et-grenade-50-ml\\\/\",\"name\":\"Spray Oral Quotidien \u00e0 la Vitamine C, Cerise Naturelle et Grenade - 50 ml - ECO Supplements\",\"isPartOf\":{\"@id\":\"https:\\\/\\\/ecosupplements.be\\\/fr\\\/#website\"},\"primaryImageOfPage\":{\"@id\":\"https:\\\/\\\/ecosupplements.be\\\/fr\\\/produit\\\/spray-oral-quotidien-a-la-vitamine-c-cerise-naturelle-et-grenade-50-ml\\\/#primaryimage\"},\"image\":{\"@id\":\"https:\\\/\\\/ecosupplements.be\\\/fr\\\/produit\\\/spray-oral-quotidien-a-la-vitamine-c-cerise-naturelle-et-grenade-50-ml\\\/#primaryimage\"},\"thumbnailUrl\":\"https:\\\/\\\/ecosupplements.be\\\/wp-content\\\/uploads\\\/2025\\\/08\\\/Vitamin-C-Daily-Oral-Spray-Natural-Cherry-and-Pomegranate-50-ml.jpg\",\"datePublished\":\"2022-06-28T09:05:57+00:00\",\"dateModified\":\"2025-08-27T13:06:49+00:00\",\"description\":\"Wij hebben een ruime keuze aan producten van Spray Oral Quotidien \u00e0 la Vitamine C, Cerise Naturelle et Grenade - 50 ml . Winkel bij Eco Supplements altijd gratis verzending boven 100\u20ac\",\"breadcrumb\":{\"@id\":\"https:\\\/\\\/ecosupplements.be\\\/fr\\\/produit\\\/spray-oral-quotidien-a-la-vitamine-c-cerise-naturelle-et-grenade-50-ml\\\/#breadcrumb\"},\"inLanguage\":\"fr-FR\",\"potentialAction\":[{\"@type\":\"ReadAction\",\"target\":[\"https:\\\/\\\/ecosupplements.be\\\/fr\\\/produit\\\/spray-oral-quotidien-a-la-vitamine-c-cerise-naturelle-et-grenade-50-ml\\\/\"]}]},{\"@type\":\"ImageObject\",\"inLanguage\":\"fr-FR\",\"@id\":\"https:\\\/\\\/ecosupplements.be\\\/fr\\\/produit\\\/spray-oral-quotidien-a-la-vitamine-c-cerise-naturelle-et-grenade-50-ml\\\/#primaryimage\",\"url\":\"https:\\\/\\\/ecosupplements.be\\\/wp-content\\\/uploads\\\/2025\\\/08\\\/Vitamin-C-Daily-Oral-Spray-Natural-Cherry-and-Pomegranate-50-ml.jpg\",\"contentUrl\":\"https:\\\/\\\/ecosupplements.be\\\/wp-content\\\/uploads\\\/2025\\\/08\\\/Vitamin-C-Daily-Oral-Spray-Natural-Cherry-and-Pomegranate-50-ml.jpg\",\"width\":540,\"height\":879},{\"@type\":\"BreadcrumbList\",\"@id\":\"https:\\\/\\\/ecosupplements.be\\\/fr\\\/produit\\\/spray-oral-quotidien-a-la-vitamine-c-cerise-naturelle-et-grenade-50-ml\\\/#breadcrumb\",\"itemListElement\":[{\"@type\":\"ListItem\",\"position\":1,\"name\":\"Home\",\"item\":\"https:\\\/\\\/ecosupplements.be\\\/fr\\\/\"},{\"@type\":\"ListItem\",\"position\":2,\"name\":\"Boutique\",\"item\":\"https:\\\/\\\/ecosupplements.be\\\/fr\\\/boutique\\\/\"},{\"@type\":\"ListItem\",\"position\":3,\"name\":\"Spray Oral Quotidien \u00e0 la Vitamine C, Cerise Naturelle et Grenade &#8211; 50 ml\"}]},{\"@type\":\"WebSite\",\"@id\":\"https:\\\/\\\/ecosupplements.be\\\/fr\\\/#website\",\"url\":\"https:\\\/\\\/ecosupplements.be\\\/fr\\\/\",\"name\":\"ECO Supplements\",\"description\":\"Eco Supplements - Gezonde supplementen\",\"publisher\":{\"@id\":\"https:\\\/\\\/ecosupplements.be\\\/fr\\\/#organization\"},\"potentialAction\":[{\"@type\":\"SearchAction\",\"target\":{\"@type\":\"EntryPoint\",\"urlTemplate\":\"https:\\\/\\\/ecosupplements.be\\\/fr\\\/?s={search_term_string}\"},\"query-input\":{\"@type\":\"PropertyValueSpecification\",\"valueRequired\":true,\"valueName\":\"search_term_string\"}}],\"inLanguage\":\"fr-FR\"},{\"@type\":\"Organization\",\"@id\":\"https:\\\/\\\/ecosupplements.be\\\/fr\\\/#organization\",\"name\":\"Eco Supplements\",\"url\":\"https:\\\/\\\/ecosupplements.be\\\/fr\\\/\",\"logo\":{\"@type\":\"ImageObject\",\"inLanguage\":\"fr-FR\",\"@id\":\"https:\\\/\\\/ecosupplements.be\\\/fr\\\/#\\\/schema\\\/logo\\\/image\\\/\",\"url\":\"https:\\\/\\\/ecosupplements.be\\\/wp-content\\\/uploads\\\/2022\\\/06\\\/ecosupplement-family.png\",\"contentUrl\":\"https:\\\/\\\/ecosupplements.be\\\/wp-content\\\/uploads\\\/2022\\\/06\\\/ecosupplement-family.png\",\"width\":593,\"height\":374,\"caption\":\"Eco Supplements\"},\"image\":{\"@id\":\"https:\\\/\\\/ecosupplements.be\\\/fr\\\/#\\\/schema\\\/logo\\\/image\\\/\"}}]}<\/script>\n<meta property=\"product:brand\" content=\"BetterYou\" \/>\n<meta property=\"product:price:amount\" content=\"12.52\" \/>\n<meta property=\"product:price:currency\" content=\"EUR\" \/>\n<meta property=\"og:availability\" content=\"instock\" \/>\n<meta property=\"product:availability\" content=\"instock\" \/>\n<meta property=\"product:retailer_item_id\" content=\"96202463\" \/>\n<meta property=\"product:condition\" content=\"new\" \/>\n<!-- \/ Yoast SEO Premium plugin. -->","yoast_head_json":{"title":"Spray Oral Quotidien \u00e0 la Vitamine C, Cerise Naturelle et Grenade - 50 ml - ECO Supplements","description":"Wij hebben een ruime keuze aan producten van Spray Oral Quotidien \u00e0 la Vitamine C, Cerise Naturelle et Grenade - 50 ml . Winkel bij Eco Supplements altijd gratis verzending boven 100\u20ac","robots":{"index":"index","follow":"follow","max-snippet":"max-snippet:-1","max-image-preview":"max-image-preview:large","max-video-preview":"max-video-preview:-1"},"canonical":"https:\/\/ecosupplements.be\/fr\/produit\/spray-oral-quotidien-a-la-vitamine-c-cerise-naturelle-et-grenade-50-ml\/","og_locale":"fr_FR","og_type":"article","og_title":"Spray Oral Quotidien \u00e0 la Vitamine C, Cerise Naturelle et Grenade - 50 ml","og_description":"Wij hebben een ruime keuze aan producten van Spray Oral Quotidien \u00e0 la Vitamine C, Cerise Naturelle et Grenade - 50 ml . Winkel bij Eco Supplements altijd gratis verzending boven 100\u20ac","og_url":"https:\/\/ecosupplements.be\/fr\/produit\/spray-oral-quotidien-a-la-vitamine-c-cerise-naturelle-et-grenade-50-ml\/","og_site_name":"ECO Supplements","article_modified_time":"2025-08-27T13:06:49+00:00","og_image":[{"width":540,"height":879,"url":"https:\/\/ecosupplements.be\/wp-content\/uploads\/2025\/08\/Vitamin-C-Daily-Oral-Spray-Natural-Cherry-and-Pomegranate-50-ml-1.jpg","type":"image\/jpeg"}],"twitter_card":"summary_large_image","twitter_misc":{"Prix":"12.52&nbsp;&euro;","Disponibilit\u00e9":"En stock"},"schema":{"@context":"https:\/\/schema.org","@graph":[{"@type":["WebPage","ItemPage"],"@id":"https:\/\/ecosupplements.be\/fr\/produit\/spray-oral-quotidien-a-la-vitamine-c-cerise-naturelle-et-grenade-50-ml\/","url":"https:\/\/ecosupplements.be\/fr\/produit\/spray-oral-quotidien-a-la-vitamine-c-cerise-naturelle-et-grenade-50-ml\/","name":"Spray Oral Quotidien \u00e0 la Vitamine C, Cerise Naturelle et Grenade - 50 ml - ECO Supplements","isPartOf":{"@id":"https:\/\/ecosupplements.be\/fr\/#website"},"primaryImageOfPage":{"@id":"https:\/\/ecosupplements.be\/fr\/produit\/spray-oral-quotidien-a-la-vitamine-c-cerise-naturelle-et-grenade-50-ml\/#primaryimage"},"image":{"@id":"https:\/\/ecosupplements.be\/fr\/produit\/spray-oral-quotidien-a-la-vitamine-c-cerise-naturelle-et-grenade-50-ml\/#primaryimage"},"thumbnailUrl":"https:\/\/ecosupplements.be\/wp-content\/uploads\/2025\/08\/Vitamin-C-Daily-Oral-Spray-Natural-Cherry-and-Pomegranate-50-ml.jpg","datePublished":"2022-06-28T09:05:57+00:00","dateModified":"2025-08-27T13:06:49+00:00","description":"Wij hebben een ruime keuze aan producten van Spray Oral Quotidien \u00e0 la Vitamine C, Cerise Naturelle et Grenade - 50 ml . Winkel bij Eco Supplements altijd gratis verzending boven 100\u20ac","breadcrumb":{"@id":"https:\/\/ecosupplements.be\/fr\/produit\/spray-oral-quotidien-a-la-vitamine-c-cerise-naturelle-et-grenade-50-ml\/#breadcrumb"},"inLanguage":"fr-FR","potentialAction":[{"@type":"ReadAction","target":["https:\/\/ecosupplements.be\/fr\/produit\/spray-oral-quotidien-a-la-vitamine-c-cerise-naturelle-et-grenade-50-ml\/"]}]},{"@type":"ImageObject","inLanguage":"fr-FR","@id":"https:\/\/ecosupplements.be\/fr\/produit\/spray-oral-quotidien-a-la-vitamine-c-cerise-naturelle-et-grenade-50-ml\/#primaryimage","url":"https:\/\/ecosupplements.be\/wp-content\/uploads\/2025\/08\/Vitamin-C-Daily-Oral-Spray-Natural-Cherry-and-Pomegranate-50-ml.jpg","contentUrl":"https:\/\/ecosupplements.be\/wp-content\/uploads\/2025\/08\/Vitamin-C-Daily-Oral-Spray-Natural-Cherry-and-Pomegranate-50-ml.jpg","width":540,"height":879},{"@type":"BreadcrumbList","@id":"https:\/\/ecosupplements.be\/fr\/produit\/spray-oral-quotidien-a-la-vitamine-c-cerise-naturelle-et-grenade-50-ml\/#breadcrumb","itemListElement":[{"@type":"ListItem","position":1,"name":"Home","item":"https:\/\/ecosupplements.be\/fr\/"},{"@type":"ListItem","position":2,"name":"Boutique","item":"https:\/\/ecosupplements.be\/fr\/boutique\/"},{"@type":"ListItem","position":3,"name":"Spray Oral Quotidien \u00e0 la Vitamine C, Cerise Naturelle et Grenade &#8211; 50 ml"}]},{"@type":"WebSite","@id":"https:\/\/ecosupplements.be\/fr\/#website","url":"https:\/\/ecosupplements.be\/fr\/","name":"ECO Supplements","description":"Eco Supplements - Gezonde supplementen","publisher":{"@id":"https:\/\/ecosupplements.be\/fr\/#organization"},"potentialAction":[{"@type":"SearchAction","target":{"@type":"EntryPoint","urlTemplate":"https:\/\/ecosupplements.be\/fr\/?s={search_term_string}"},"query-input":{"@type":"PropertyValueSpecification","valueRequired":true,"valueName":"search_term_string"}}],"inLanguage":"fr-FR"},{"@type":"Organization","@id":"https:\/\/ecosupplements.be\/fr\/#organization","name":"Eco Supplements","url":"https:\/\/ecosupplements.be\/fr\/","logo":{"@type":"ImageObject","inLanguage":"fr-FR","@id":"https:\/\/ecosupplements.be\/fr\/#\/schema\/logo\/image\/","url":"https:\/\/ecosupplements.be\/wp-content\/uploads\/2022\/06\/ecosupplement-family.png","contentUrl":"https:\/\/ecosupplements.be\/wp-content\/uploads\/2022\/06\/ecosupplement-family.png","width":593,"height":374,"caption":"Eco Supplements"},"image":{"@id":"https:\/\/ecosupplements.be\/fr\/#\/schema\/logo\/image\/"}}]},"product_brand":"BetterYou","product_price_amount":"12.52","product_price_currency":"EUR","og_availability":"instock","product_availability":"instock","product_retailer_item_id":"96202463","product_condition":"new"},"_links":{"self":[{"href":"https:\/\/ecosupplements.be\/fr\/wp-json\/wp\/v2\/product\/286368","targetHints":{"allow":["GET"]}}],"collection":[{"href":"https:\/\/ecosupplements.be\/fr\/wp-json\/wp\/v2\/product"}],"about":[{"href":"https:\/\/ecosupplements.be\/fr\/wp-json\/wp\/v2\/types\/product"}],"replies":[{"embeddable":true,"href":"https:\/\/ecosupplements.be\/fr\/wp-json\/wp\/v2\/comments?post=286368"}],"wp:featuredmedia":[{"embeddable":true,"href":"https:\/\/ecosupplements.be\/fr\/wp-json\/wp\/v2\/media\/242027"}],"wp:attachment":[{"href":"https:\/\/ecosupplements.be\/fr\/wp-json\/wp\/v2\/media?parent=286368"}],"wp:term":[{"taxonomy":"product_brand","embeddable":true,"href":"https:\/\/ecosupplements.be\/fr\/wp-json\/wp\/v2\/product_brand?post=286368"},{"taxonomy":"product_cat","embeddable":true,"href":"https:\/\/ecosupplements.be\/fr\/wp-json\/wp\/v2\/product_cat?post=286368"},{"taxonomy":"product_tag","embeddable":true,"href":"https:\/\/ecosupplements.be\/fr\/wp-json\/wp\/v2\/product_tag?post=286368"}],"curies":[{"name":"wp","href":"https:\/\/api.w.org\/{rel}","templated":true}]}}