{"id":286725,"date":"2024-03-07T09:31:09","date_gmt":"2024-03-07T08:31:09","guid":{"rendered":"https:\/\/ecosupplements.be\/product\/super-d3-quotidien-pour-bebe-400-ui-254-ml\/"},"modified":"2025-08-27T14:12:27","modified_gmt":"2025-08-27T13:12:27","slug":"super-d3-quotidien-pour-bebe-400-ui-254-ml","status":"publish","type":"product","link":"https:\/\/ecosupplements.be\/fr\/produit\/super-d3-quotidien-pour-bebe-400-ui-254-ml\/","title":{"rendered":"Super D3 quotidien pour b\u00e9b\u00e9, 400 UI &#8211; 2,54 ml"},"content":{"rendered":"<h1>Description du produit:<\/h1>\n<p>Le Baby&#8217;s\u2063 Super\u200c Daily D3 de Carlson\u200b Labs est un\u200b compl\u00e9ment alimentaire sp\u00e9cialement \u200bcon\u00e7u pour les\u200c b\u00e9b\u00e9s et les jeunes enfants. \u2063Chaque dose de \u200b2.54 ml \u2063fournit 400 UI de\u200b vitamine D3, une\u200b vitamine essentielle pour la croissance et le d\u00e9veloppement des os \u200cet des dents.<\/p>\n<p>Ce produit est fabriqu\u00e9 aux \u00c9tats-Unis avec des ingr\u00e9dients de haute qualit\u00e9 et sans colorants artificiels, conservateurs ou ar\u00f4mes. Il est \u00e9galement sans gluten et sans OGM, ce qui\u200d en \u2063fait un choix s\u00fbr pour les b\u00e9b\u00e9s\u200d et les jeunes enfants.<\/p>\n<h2>Caract\u00e9ristiques sp\u00e9ciales:<\/h2>\n<ul>\n<li>400 UI de vitamine D3 par dose de 2.54 \u2063ml<\/li>\n<li>Sp\u00e9cialement con\u00e7u pour les b\u00e9b\u00e9s et les jeunes\u2062 enfants<\/li>\n<li>Fabriqu\u00e9 aux \u00c9tats-Unis avec des ingr\u00e9dients de haute qualit\u00e9<\/li>\n<li>Sans colorants artificiels, \u200dconservateurs\u200b ou \u200dar\u00f4mes<\/li>\n<li>Sans gluten et sans OGM<\/li>\n<\/ul>\n<h2>Ingr\u00e9dients:<\/h2>\n<p>Huile de tournesol, vitamine D3 (chol\u00e9calcif\u00e9rol).<\/p>\n<h2>Avantages uniques:<\/h2>\n<p>La vitamine D3 est essentielle pour \u2062la croissance et le \u200cd\u00e9veloppement des os et des dents chez les b\u00e9b\u00e9s\u200c et les \u2064jeunes enfants. Elle aide \u00e9galement \u00e0 \u2064renforcer le syst\u00e8me immunitaire et \u00e0 maintenir une bonne\u2063 sant\u00e9 g\u00e9n\u00e9rale.<\/p>\n<p>Le Baby&#8217;s Super Daily D3 de Carlson \u2063Labs \u2064est une fa\u00e7on pratique et s\u00fbre de s&#8217;assurer que \u2062votre b\u00e9b\u00e9 re\u00e7oit\u200d suffisamment \u2062de vitamine D3 pour\u2064 soutenir sa croissance et son\u200b d\u00e9veloppement.<\/p>\n<h2>Principales caract\u00e9ristiques:<\/h2>\n<ul>\n<li>Compl\u00e9ment alimentaire pour\u2063 b\u00e9b\u00e9s \u200cet jeunes enfants<\/li>\n<li>400 UI de vitamine D3 par dose de 2.54\u2063 ml<\/li>\n<li>Fabriqu\u00e9 aux \u00c9tats-Unis avec des ingr\u00e9dients de haute qualit\u00e9<\/li>\n<li>Sans colorants artificiels, conservateurs ou ar\u00f4mes<\/li>\n<li>Sans gluten et sans OGM<\/li>\n<li>Contribue \u00e0 la croissance \u200cet au d\u00e9veloppement des os et des dents<\/li>\n<li>Aide\u2062 \u00e0 renforcer le\u200c syst\u00e8me immunitaire<\/li>\n<\/ul>\n<p>Donnez \u00e0 votre b\u00e9b\u00e9 le meilleur\u200c d\u00e9part possible avec\u200c le Baby&#8217;s Super Daily D3 de Carlson\u2064 Labs. Commandez d\u00e8s \u2062maintenant et offrez \u2064\u00e0 votre enfant les bienfaits de la vitamine D3 pour \u200cune sant\u00e9 optimale.<\/p>\n","protected":false},"excerpt":{"rendered":"<p>Description du produit: Le Baby&#8217;s\u2063 Super\u200c Daily D3 de Carlson\u200b Labs est un\u200b compl\u00e9ment alimentaire sp\u00e9cialement \u200bcon\u00e7u pour les\u200c b\u00e9b\u00e9s et les jeunes enfants. \u2063Chaque dose de \u200b2.54 ml \u2063fournit 400 UI de\u200b vitamine D3, une\u200b vitamine essentielle pour la croissance et le d\u00e9veloppement des os \u200cet des dents. Ce produit est fabriqu\u00e9 aux \u00c9tats-Unis [&#8230;]\n","protected":false},"featured_media":263679,"comment_status":"open","ping_status":"open","template":"","meta":[],"product_brand":[4671],"product_cat":[5116,5052],"product_tag":[],"class_list":{"0":"post-286725","1":"product","2":"type-product","3":"status-publish","4":"has-post-thumbnail","6":"product_brand-carlson-labs-2","7":"product_cat-sante-des-enfants","8":"product_cat-sante-et-bien-etre","10":"first","11":"instock","12":"sale","13":"taxable","14":"shipping-taxable","15":"purchasable","16":"product-type-simple"},"yoast_head":"<!-- This site is optimized with the Yoast SEO Premium plugin v27.3 (Yoast SEO v27.3) - https:\/\/yoast.com\/product\/yoast-seo-premium-wordpress\/ -->\n<title>Super D3 quotidien pour b\u00e9b\u00e9, 400 UI - 2,54 ml - ECO Supplements<\/title>\n<meta name=\"description\" content=\"Wij hebben een ruime keuze aan producten van Super D3 quotidien pour b\u00e9b\u00e9, 400 UI - 2,54 ml . Winkel bij Eco Supplements altijd gratis verzending boven 100\u20ac\" \/>\n<meta name=\"robots\" content=\"index, follow, max-snippet:-1, max-image-preview:large, max-video-preview:-1\" \/>\n<link rel=\"canonical\" href=\"https:\/\/ecosupplements.be\/fr\/produit\/super-d3-quotidien-pour-bebe-400-ui-254-ml\/\" \/>\n<meta property=\"og:locale\" content=\"fr_FR\" \/>\n<meta property=\"og:type\" content=\"article\" \/>\n<meta property=\"og:title\" content=\"Super D3 quotidien pour b\u00e9b\u00e9, 400 UI - 2,54 ml\" \/>\n<meta property=\"og:description\" content=\"Wij hebben een ruime keuze aan producten van Super D3 quotidien pour b\u00e9b\u00e9, 400 UI - 2,54 ml . Winkel bij Eco Supplements altijd gratis verzending boven 100\u20ac\" \/>\n<meta property=\"og:url\" content=\"https:\/\/ecosupplements.be\/fr\/produit\/super-d3-quotidien-pour-bebe-400-ui-254-ml\/\" \/>\n<meta property=\"og:site_name\" content=\"ECO Supplements\" \/>\n<meta property=\"article:modified_time\" content=\"2025-08-27T13:12:27+00:00\" \/>\n<meta property=\"og:image\" content=\"https:\/\/ecosupplements.be\/wp-content\/uploads\/2025\/08\/Babys-Super-Daily-D3-400-IU-2.54-ml-1.jpg\" \/>\n\t<meta property=\"og:image:width\" content=\"600\" \/>\n\t<meta property=\"og:image:height\" content=\"600\" \/>\n\t<meta property=\"og:image:type\" content=\"image\/jpeg\" \/>\n<meta name=\"twitter:card\" content=\"summary_large_image\" \/>\n<meta name=\"twitter:label1\" content=\"Prix\" \/>\n\t<meta name=\"twitter:data1\" content=\"10.13&nbsp;&euro;\" \/>\n\t<meta name=\"twitter:label2\" content=\"Disponibilit\u00e9\" \/>\n\t<meta name=\"twitter:data2\" content=\"En stock\" \/>\n<script type=\"application\/ld+json\" class=\"yoast-schema-graph\">{\"@context\":\"https:\\\/\\\/schema.org\",\"@graph\":[{\"@type\":[\"WebPage\",\"ItemPage\"],\"@id\":\"https:\\\/\\\/ecosupplements.be\\\/fr\\\/produit\\\/super-d3-quotidien-pour-bebe-400-ui-254-ml\\\/\",\"url\":\"https:\\\/\\\/ecosupplements.be\\\/fr\\\/produit\\\/super-d3-quotidien-pour-bebe-400-ui-254-ml\\\/\",\"name\":\"Super D3 quotidien pour b\u00e9b\u00e9, 400 UI - 2,54 ml - ECO Supplements\",\"isPartOf\":{\"@id\":\"https:\\\/\\\/ecosupplements.be\\\/fr\\\/#website\"},\"primaryImageOfPage\":{\"@id\":\"https:\\\/\\\/ecosupplements.be\\\/fr\\\/produit\\\/super-d3-quotidien-pour-bebe-400-ui-254-ml\\\/#primaryimage\"},\"image\":{\"@id\":\"https:\\\/\\\/ecosupplements.be\\\/fr\\\/produit\\\/super-d3-quotidien-pour-bebe-400-ui-254-ml\\\/#primaryimage\"},\"thumbnailUrl\":\"https:\\\/\\\/ecosupplements.be\\\/wp-content\\\/uploads\\\/2025\\\/08\\\/Babys-Super-Daily-D3-400-IU-2.54-ml.jpg\",\"datePublished\":\"2024-03-07T08:31:09+00:00\",\"dateModified\":\"2025-08-27T13:12:27+00:00\",\"description\":\"Wij hebben een ruime keuze aan producten van Super D3 quotidien pour b\u00e9b\u00e9, 400 UI - 2,54 ml . Winkel bij Eco Supplements altijd gratis verzending boven 100\u20ac\",\"breadcrumb\":{\"@id\":\"https:\\\/\\\/ecosupplements.be\\\/fr\\\/produit\\\/super-d3-quotidien-pour-bebe-400-ui-254-ml\\\/#breadcrumb\"},\"inLanguage\":\"fr-FR\",\"potentialAction\":[{\"@type\":\"ReadAction\",\"target\":[\"https:\\\/\\\/ecosupplements.be\\\/fr\\\/produit\\\/super-d3-quotidien-pour-bebe-400-ui-254-ml\\\/\"]}]},{\"@type\":\"ImageObject\",\"inLanguage\":\"fr-FR\",\"@id\":\"https:\\\/\\\/ecosupplements.be\\\/fr\\\/produit\\\/super-d3-quotidien-pour-bebe-400-ui-254-ml\\\/#primaryimage\",\"url\":\"https:\\\/\\\/ecosupplements.be\\\/wp-content\\\/uploads\\\/2025\\\/08\\\/Babys-Super-Daily-D3-400-IU-2.54-ml.jpg\",\"contentUrl\":\"https:\\\/\\\/ecosupplements.be\\\/wp-content\\\/uploads\\\/2025\\\/08\\\/Babys-Super-Daily-D3-400-IU-2.54-ml.jpg\",\"width\":600,\"height\":600},{\"@type\":\"BreadcrumbList\",\"@id\":\"https:\\\/\\\/ecosupplements.be\\\/fr\\\/produit\\\/super-d3-quotidien-pour-bebe-400-ui-254-ml\\\/#breadcrumb\",\"itemListElement\":[{\"@type\":\"ListItem\",\"position\":1,\"name\":\"Home\",\"item\":\"https:\\\/\\\/ecosupplements.be\\\/fr\\\/\"},{\"@type\":\"ListItem\",\"position\":2,\"name\":\"Boutique\",\"item\":\"https:\\\/\\\/ecosupplements.be\\\/fr\\\/boutique\\\/\"},{\"@type\":\"ListItem\",\"position\":3,\"name\":\"Super D3 quotidien pour b\u00e9b\u00e9, 400 UI &#8211; 2,54 ml\"}]},{\"@type\":\"WebSite\",\"@id\":\"https:\\\/\\\/ecosupplements.be\\\/fr\\\/#website\",\"url\":\"https:\\\/\\\/ecosupplements.be\\\/fr\\\/\",\"name\":\"ECO Supplements\",\"description\":\"Eco Supplements - Gezonde supplementen\",\"publisher\":{\"@id\":\"https:\\\/\\\/ecosupplements.be\\\/fr\\\/#organization\"},\"potentialAction\":[{\"@type\":\"SearchAction\",\"target\":{\"@type\":\"EntryPoint\",\"urlTemplate\":\"https:\\\/\\\/ecosupplements.be\\\/fr\\\/?s={search_term_string}\"},\"query-input\":{\"@type\":\"PropertyValueSpecification\",\"valueRequired\":true,\"valueName\":\"search_term_string\"}}],\"inLanguage\":\"fr-FR\"},{\"@type\":\"Organization\",\"@id\":\"https:\\\/\\\/ecosupplements.be\\\/fr\\\/#organization\",\"name\":\"Eco Supplements\",\"url\":\"https:\\\/\\\/ecosupplements.be\\\/fr\\\/\",\"logo\":{\"@type\":\"ImageObject\",\"inLanguage\":\"fr-FR\",\"@id\":\"https:\\\/\\\/ecosupplements.be\\\/fr\\\/#\\\/schema\\\/logo\\\/image\\\/\",\"url\":\"https:\\\/\\\/ecosupplements.be\\\/wp-content\\\/uploads\\\/2022\\\/06\\\/ecosupplement-family.png\",\"contentUrl\":\"https:\\\/\\\/ecosupplements.be\\\/wp-content\\\/uploads\\\/2022\\\/06\\\/ecosupplement-family.png\",\"width\":593,\"height\":374,\"caption\":\"Eco Supplements\"},\"image\":{\"@id\":\"https:\\\/\\\/ecosupplements.be\\\/fr\\\/#\\\/schema\\\/logo\\\/image\\\/\"}}]}<\/script>\n<meta property=\"product:brand\" content=\"Carlson Labs\" \/>\n<meta property=\"product:price:amount\" content=\"10.13\" \/>\n<meta property=\"product:price:currency\" content=\"EUR\" \/>\n<meta property=\"og:availability\" content=\"instock\" \/>\n<meta property=\"product:availability\" content=\"instock\" \/>\n<meta property=\"product:retailer_item_id\" content=\"088395125508\" \/>\n<meta property=\"product:condition\" content=\"new\" \/>\n<!-- \/ Yoast SEO Premium plugin. -->","yoast_head_json":{"title":"Super D3 quotidien pour b\u00e9b\u00e9, 400 UI - 2,54 ml - ECO Supplements","description":"Wij hebben een ruime keuze aan producten van Super D3 quotidien pour b\u00e9b\u00e9, 400 UI - 2,54 ml . Winkel bij Eco Supplements altijd gratis verzending boven 100\u20ac","robots":{"index":"index","follow":"follow","max-snippet":"max-snippet:-1","max-image-preview":"max-image-preview:large","max-video-preview":"max-video-preview:-1"},"canonical":"https:\/\/ecosupplements.be\/fr\/produit\/super-d3-quotidien-pour-bebe-400-ui-254-ml\/","og_locale":"fr_FR","og_type":"article","og_title":"Super D3 quotidien pour b\u00e9b\u00e9, 400 UI - 2,54 ml","og_description":"Wij hebben een ruime keuze aan producten van Super D3 quotidien pour b\u00e9b\u00e9, 400 UI - 2,54 ml . Winkel bij Eco Supplements altijd gratis verzending boven 100\u20ac","og_url":"https:\/\/ecosupplements.be\/fr\/produit\/super-d3-quotidien-pour-bebe-400-ui-254-ml\/","og_site_name":"ECO Supplements","article_modified_time":"2025-08-27T13:12:27+00:00","og_image":[{"width":600,"height":600,"url":"https:\/\/ecosupplements.be\/wp-content\/uploads\/2025\/08\/Babys-Super-Daily-D3-400-IU-2.54-ml-1.jpg","type":"image\/jpeg"}],"twitter_card":"summary_large_image","twitter_misc":{"Prix":"10.13&nbsp;&euro;","Disponibilit\u00e9":"En stock"},"schema":{"@context":"https:\/\/schema.org","@graph":[{"@type":["WebPage","ItemPage"],"@id":"https:\/\/ecosupplements.be\/fr\/produit\/super-d3-quotidien-pour-bebe-400-ui-254-ml\/","url":"https:\/\/ecosupplements.be\/fr\/produit\/super-d3-quotidien-pour-bebe-400-ui-254-ml\/","name":"Super D3 quotidien pour b\u00e9b\u00e9, 400 UI - 2,54 ml - ECO Supplements","isPartOf":{"@id":"https:\/\/ecosupplements.be\/fr\/#website"},"primaryImageOfPage":{"@id":"https:\/\/ecosupplements.be\/fr\/produit\/super-d3-quotidien-pour-bebe-400-ui-254-ml\/#primaryimage"},"image":{"@id":"https:\/\/ecosupplements.be\/fr\/produit\/super-d3-quotidien-pour-bebe-400-ui-254-ml\/#primaryimage"},"thumbnailUrl":"https:\/\/ecosupplements.be\/wp-content\/uploads\/2025\/08\/Babys-Super-Daily-D3-400-IU-2.54-ml.jpg","datePublished":"2024-03-07T08:31:09+00:00","dateModified":"2025-08-27T13:12:27+00:00","description":"Wij hebben een ruime keuze aan producten van Super D3 quotidien pour b\u00e9b\u00e9, 400 UI - 2,54 ml . Winkel bij Eco Supplements altijd gratis verzending boven 100\u20ac","breadcrumb":{"@id":"https:\/\/ecosupplements.be\/fr\/produit\/super-d3-quotidien-pour-bebe-400-ui-254-ml\/#breadcrumb"},"inLanguage":"fr-FR","potentialAction":[{"@type":"ReadAction","target":["https:\/\/ecosupplements.be\/fr\/produit\/super-d3-quotidien-pour-bebe-400-ui-254-ml\/"]}]},{"@type":"ImageObject","inLanguage":"fr-FR","@id":"https:\/\/ecosupplements.be\/fr\/produit\/super-d3-quotidien-pour-bebe-400-ui-254-ml\/#primaryimage","url":"https:\/\/ecosupplements.be\/wp-content\/uploads\/2025\/08\/Babys-Super-Daily-D3-400-IU-2.54-ml.jpg","contentUrl":"https:\/\/ecosupplements.be\/wp-content\/uploads\/2025\/08\/Babys-Super-Daily-D3-400-IU-2.54-ml.jpg","width":600,"height":600},{"@type":"BreadcrumbList","@id":"https:\/\/ecosupplements.be\/fr\/produit\/super-d3-quotidien-pour-bebe-400-ui-254-ml\/#breadcrumb","itemListElement":[{"@type":"ListItem","position":1,"name":"Home","item":"https:\/\/ecosupplements.be\/fr\/"},{"@type":"ListItem","position":2,"name":"Boutique","item":"https:\/\/ecosupplements.be\/fr\/boutique\/"},{"@type":"ListItem","position":3,"name":"Super D3 quotidien pour b\u00e9b\u00e9, 400 UI &#8211; 2,54 ml"}]},{"@type":"WebSite","@id":"https:\/\/ecosupplements.be\/fr\/#website","url":"https:\/\/ecosupplements.be\/fr\/","name":"ECO Supplements","description":"Eco Supplements - Gezonde supplementen","publisher":{"@id":"https:\/\/ecosupplements.be\/fr\/#organization"},"potentialAction":[{"@type":"SearchAction","target":{"@type":"EntryPoint","urlTemplate":"https:\/\/ecosupplements.be\/fr\/?s={search_term_string}"},"query-input":{"@type":"PropertyValueSpecification","valueRequired":true,"valueName":"search_term_string"}}],"inLanguage":"fr-FR"},{"@type":"Organization","@id":"https:\/\/ecosupplements.be\/fr\/#organization","name":"Eco Supplements","url":"https:\/\/ecosupplements.be\/fr\/","logo":{"@type":"ImageObject","inLanguage":"fr-FR","@id":"https:\/\/ecosupplements.be\/fr\/#\/schema\/logo\/image\/","url":"https:\/\/ecosupplements.be\/wp-content\/uploads\/2022\/06\/ecosupplement-family.png","contentUrl":"https:\/\/ecosupplements.be\/wp-content\/uploads\/2022\/06\/ecosupplement-family.png","width":593,"height":374,"caption":"Eco Supplements"},"image":{"@id":"https:\/\/ecosupplements.be\/fr\/#\/schema\/logo\/image\/"}}]},"product_brand":"Carlson Labs","product_price_amount":"10.13","product_price_currency":"EUR","og_availability":"instock","product_availability":"instock","product_retailer_item_id":"088395125508","product_condition":"new"},"_links":{"self":[{"href":"https:\/\/ecosupplements.be\/fr\/wp-json\/wp\/v2\/product\/286725","targetHints":{"allow":["GET"]}}],"collection":[{"href":"https:\/\/ecosupplements.be\/fr\/wp-json\/wp\/v2\/product"}],"about":[{"href":"https:\/\/ecosupplements.be\/fr\/wp-json\/wp\/v2\/types\/product"}],"replies":[{"embeddable":true,"href":"https:\/\/ecosupplements.be\/fr\/wp-json\/wp\/v2\/comments?post=286725"}],"wp:featuredmedia":[{"embeddable":true,"href":"https:\/\/ecosupplements.be\/fr\/wp-json\/wp\/v2\/media\/263679"}],"wp:attachment":[{"href":"https:\/\/ecosupplements.be\/fr\/wp-json\/wp\/v2\/media?parent=286725"}],"wp:term":[{"taxonomy":"product_brand","embeddable":true,"href":"https:\/\/ecosupplements.be\/fr\/wp-json\/wp\/v2\/product_brand?post=286725"},{"taxonomy":"product_cat","embeddable":true,"href":"https:\/\/ecosupplements.be\/fr\/wp-json\/wp\/v2\/product_cat?post=286725"},{"taxonomy":"product_tag","embeddable":true,"href":"https:\/\/ecosupplements.be\/fr\/wp-json\/wp\/v2\/product_tag?post=286725"}],"curies":[{"name":"wp","href":"https:\/\/api.w.org\/{rel}","templated":true}]}}