{"id":286749,"date":"2022-11-10T17:18:56","date_gmt":"2022-11-10T16:18:56","guid":{"rendered":"https:\/\/ecosupplements.be\/product\/huile-de-poisson-tres-fine-pour-enfants-800mg-de-baies-melangees-naturelles-200-ml\/"},"modified":"2025-08-27T14:12:48","modified_gmt":"2025-08-27T13:12:48","slug":"huile-de-poisson-tres-fine-pour-enfants-800mg-de-baies-melangees-naturelles-200-ml","status":"publish","type":"product","link":"https:\/\/ecosupplements.be\/fr\/produit\/huile-de-poisson-tres-fine-pour-enfants-800mg-de-baies-melangees-naturelles-200-ml\/","title":{"rendered":"Huile de poisson tr\u00e8s fine pour enfants, 800mg de baies m\u00e9lang\u00e9es naturelles &#8211; 200 ml"},"content":{"rendered":"<h1>Kid&#8217;s The Very Finest\u200c Fish Oil, 800mg Natural Mixed Berry &#8211; 200 ml<\/h1>\n<p>Offrez \u00e0 vos \u2064enfants une dose quotidienne de sant\u00e9 avec le Kid&#8217;s The Very \u200cFinest Fish Oil de Carlson Labs. Cette formule sp\u00e9cialement \u200ccon\u00e7ue pour les enfants est riche \u2063en om\u00e9ga-3 \u2062et en \u200cvitamine D pour soutenir leur\u200c croissance et leur \u2063d\u00e9veloppement.<\/p>\n<h2>Caract\u00e9ristiques sp\u00e9ciales:<\/h2>\n<ul>\n<li>Contient 800mg\u2063 d&#8217;huile de \u2063poisson de qualit\u00e9 sup\u00e9rieure par\u200b dose<\/li>\n<li>Saveur naturelle de baies m\u00e9lang\u00e9es\u200d pour une consommation agr\u00e9able<\/li>\n<li>Formule sans \u2062gluten et \u200csans conservateurs\u2062 artificiels<\/li>\n<li>Facile \u00e0 avaler \u200cpour les enfants gr\u00e2ce \u00e0 sa texture \u2064lisse et \u00e0\u200c son go\u00fbt\u200c d\u00e9licieux<\/li>\n<\/ul>\n<h2>Ingr\u00e9dients cl\u00e9s:<\/h2>\n<p>Ce suppl\u00e9ment est compos\u00e9 d&#8217;huile\u200d de\u200d poisson \u200cde qualit\u00e9 sup\u00e9rieure provenant de\u2063 poissons sauvages tels que le saumon, le maquereau \u2062et le\u2063 hareng. Ces\u200c poissons sont riches en acides gras\u2062 om\u00e9ga-3 \u200dessentiels, notamment l&#8217;EPA\u2062 et le DHA, qui sont b\u00e9n\u00e9fiques pour \u200bla sant\u00e9 du cerveau, du c\u0153ur et des yeux.<\/p>\n<p>En plus de l&#8217;huile de poisson, ce produit contient\u2064 \u00e9galement de la vitamine D, un \u200cnutriment essentiel \u200bpour la croissance et le d\u00e9veloppement des os et \u2062des \u200bdents chez les enfants.<\/p>\n<h2>Avantages uniques:<\/h2>\n<ul>\n<li>Contribue au d\u00e9veloppement sain du cerveau et du syst\u00e8me nerveux<\/li>\n<li>Soutient la sant\u00e9 cardiovasculaire et la fonction cognitive<\/li>\n<li>Renforce le syst\u00e8me \u200bimmunitaire \u200bet aide \u200d\u00e0 pr\u00e9venir les maladies<\/li>\n<li>Am\u00e9liore la sant\u00e9\u2062 des os et des dents gr\u00e2ce\u2064 \u00e0 \u2063la \u2062vitamine \u200bD<\/li>\n<\/ul>\n<h2>Principales caract\u00e9ristiques:<\/h2>\n<ul>\n<li>Contient\u200d des ingr\u00e9dients de qualit\u00e9 sup\u00e9rieure pour une efficacit\u00e9 maximale<\/li>\n<li>Saveur naturelle de\u2062 baies m\u00e9lang\u00e9es pour une \u2064consommation agr\u00e9able<\/li>\n<li>Facile \u00e0 avaler pour les enfants \u2062gr\u00e2ce \u00e0 sa \u200dtexture lisse et \u00e0 son go\u00fbt d\u00e9licieux<\/li>\n<li>Formule sans gluten et sans conservateurs artificiels pour une s\u00e9curit\u00e9 \u200doptimale<\/li>\n<li>Flacon de\u200c 200\u2063 ml pour \u200dune utilisation pratique et \u00e9conomique<\/li>\n<\/ul>\n<p>Offrez\u200d \u00e0 vos enfants une dose quotidienne de sant\u00e9 avec le Kid&#8217;s\u200c The Very Finest Fish Oil de Carlson\u2063 Labs. Avec sa formule\u2064 sp\u00e9cialement con\u00e7ue\u200b pour les enfants, ses ingr\u00e9dients de qualit\u00e9 sup\u00e9rieure et ses nombreux avantages, ce suppl\u00e9ment \u2062est un choix \u200bid\u00e9al pour \u2062soutenir la \u200csant\u00e9 et \u200dle bien-\u00eatre de vos enfants.<\/p>\n","protected":false},"excerpt":{"rendered":"<p>Kid&#8217;s The Very Finest\u200c Fish Oil, 800mg Natural Mixed Berry &#8211; 200 ml Offrez \u00e0 vos \u2064enfants une dose quotidienne de sant\u00e9 avec le Kid&#8217;s The Very \u200cFinest Fish Oil de Carlson Labs. Cette formule sp\u00e9cialement \u200ccon\u00e7ue pour les enfants est riche \u2063en om\u00e9ga-3 \u2062et en \u200cvitamine D pour soutenir leur\u200c croissance et leur \u2063d\u00e9veloppement. [&#8230;]\n","protected":false},"featured_media":261179,"comment_status":"open","ping_status":"open","template":"","meta":[],"product_brand":[4671],"product_cat":[5052],"product_tag":[],"class_list":{"0":"post-286749","1":"product","2":"type-product","3":"status-publish","4":"has-post-thumbnail","6":"product_brand-carlson-labs-2","7":"product_cat-sante-et-bien-etre","9":"first","10":"instock","11":"taxable","12":"shipping-taxable","13":"purchasable","14":"product-type-simple"},"yoast_head":"<!-- This site is optimized with the Yoast SEO Premium plugin v27.3 (Yoast SEO v27.3) - https:\/\/yoast.com\/product\/yoast-seo-premium-wordpress\/ -->\n<title>Huile de poisson tr\u00e8s fine pour enfants, 800mg de baies m\u00e9lang\u00e9es naturelles - 200 ml - ECO Supplements<\/title>\n<meta name=\"description\" content=\"Wij hebben een ruime keuze aan producten van Huile de poisson tr\u00e8s fine pour enfants, 800mg de baies m\u00e9lang\u00e9es naturelles - 200 ml . Winkel bij Eco Supplements altijd gratis verzending boven 100\u20ac\" \/>\n<meta name=\"robots\" content=\"index, follow, max-snippet:-1, max-image-preview:large, max-video-preview:-1\" \/>\n<link rel=\"canonical\" href=\"https:\/\/ecosupplements.be\/fr\/produit\/huile-de-poisson-tres-fine-pour-enfants-800mg-de-baies-melangees-naturelles-200-ml\/\" \/>\n<meta property=\"og:locale\" content=\"fr_FR\" \/>\n<meta property=\"og:type\" content=\"article\" \/>\n<meta property=\"og:title\" content=\"Huile de poisson tr\u00e8s fine pour enfants, 800mg de baies m\u00e9lang\u00e9es naturelles - 200 ml\" \/>\n<meta property=\"og:description\" content=\"Wij hebben een ruime keuze aan producten van Huile de poisson tr\u00e8s fine pour enfants, 800mg de baies m\u00e9lang\u00e9es naturelles - 200 ml . Winkel bij Eco Supplements altijd gratis verzending boven 100\u20ac\" \/>\n<meta property=\"og:url\" content=\"https:\/\/ecosupplements.be\/fr\/produit\/huile-de-poisson-tres-fine-pour-enfants-800mg-de-baies-melangees-naturelles-200-ml\/\" \/>\n<meta property=\"og:site_name\" content=\"ECO Supplements\" \/>\n<meta property=\"article:modified_time\" content=\"2025-08-27T13:12:48+00:00\" \/>\n<meta property=\"og:image\" content=\"https:\/\/ecosupplements.be\/wp-content\/uploads\/2025\/08\/Kids-The-Very-Finest-Fish-Oil-800mg-Natural-Mixed-Berry-200-ml-1.jpg\" \/>\n\t<meta property=\"og:image:width\" content=\"600\" \/>\n\t<meta property=\"og:image:height\" content=\"600\" \/>\n\t<meta property=\"og:image:type\" content=\"image\/jpeg\" \/>\n<meta name=\"twitter:card\" content=\"summary_large_image\" \/>\n<meta name=\"twitter:label1\" content=\"Prix\" \/>\n\t<meta name=\"twitter:data1\" content=\"34.40&nbsp;&euro;\" \/>\n\t<meta name=\"twitter:label2\" content=\"Disponibilit\u00e9\" \/>\n\t<meta name=\"twitter:data2\" content=\"En stock\" \/>\n<script type=\"application\/ld+json\" class=\"yoast-schema-graph\">{\"@context\":\"https:\\\/\\\/schema.org\",\"@graph\":[{\"@type\":[\"WebPage\",\"ItemPage\"],\"@id\":\"https:\\\/\\\/ecosupplements.be\\\/fr\\\/produit\\\/huile-de-poisson-tres-fine-pour-enfants-800mg-de-baies-melangees-naturelles-200-ml\\\/\",\"url\":\"https:\\\/\\\/ecosupplements.be\\\/fr\\\/produit\\\/huile-de-poisson-tres-fine-pour-enfants-800mg-de-baies-melangees-naturelles-200-ml\\\/\",\"name\":\"Huile de poisson tr\u00e8s fine pour enfants, 800mg de baies m\u00e9lang\u00e9es naturelles - 200 ml - ECO Supplements\",\"isPartOf\":{\"@id\":\"https:\\\/\\\/ecosupplements.be\\\/fr\\\/#website\"},\"primaryImageOfPage\":{\"@id\":\"https:\\\/\\\/ecosupplements.be\\\/fr\\\/produit\\\/huile-de-poisson-tres-fine-pour-enfants-800mg-de-baies-melangees-naturelles-200-ml\\\/#primaryimage\"},\"image\":{\"@id\":\"https:\\\/\\\/ecosupplements.be\\\/fr\\\/produit\\\/huile-de-poisson-tres-fine-pour-enfants-800mg-de-baies-melangees-naturelles-200-ml\\\/#primaryimage\"},\"thumbnailUrl\":\"https:\\\/\\\/ecosupplements.be\\\/wp-content\\\/uploads\\\/2025\\\/08\\\/Kids-The-Very-Finest-Fish-Oil-800mg-Natural-Mixed-Berry-200-ml.jpg\",\"datePublished\":\"2022-11-10T16:18:56+00:00\",\"dateModified\":\"2025-08-27T13:12:48+00:00\",\"description\":\"Wij hebben een ruime keuze aan producten van Huile de poisson tr\u00e8s fine pour enfants, 800mg de baies m\u00e9lang\u00e9es naturelles - 200 ml . Winkel bij Eco Supplements altijd gratis verzending boven 100\u20ac\",\"breadcrumb\":{\"@id\":\"https:\\\/\\\/ecosupplements.be\\\/fr\\\/produit\\\/huile-de-poisson-tres-fine-pour-enfants-800mg-de-baies-melangees-naturelles-200-ml\\\/#breadcrumb\"},\"inLanguage\":\"fr-FR\",\"potentialAction\":[{\"@type\":\"ReadAction\",\"target\":[\"https:\\\/\\\/ecosupplements.be\\\/fr\\\/produit\\\/huile-de-poisson-tres-fine-pour-enfants-800mg-de-baies-melangees-naturelles-200-ml\\\/\"]}]},{\"@type\":\"ImageObject\",\"inLanguage\":\"fr-FR\",\"@id\":\"https:\\\/\\\/ecosupplements.be\\\/fr\\\/produit\\\/huile-de-poisson-tres-fine-pour-enfants-800mg-de-baies-melangees-naturelles-200-ml\\\/#primaryimage\",\"url\":\"https:\\\/\\\/ecosupplements.be\\\/wp-content\\\/uploads\\\/2025\\\/08\\\/Kids-The-Very-Finest-Fish-Oil-800mg-Natural-Mixed-Berry-200-ml.jpg\",\"contentUrl\":\"https:\\\/\\\/ecosupplements.be\\\/wp-content\\\/uploads\\\/2025\\\/08\\\/Kids-The-Very-Finest-Fish-Oil-800mg-Natural-Mixed-Berry-200-ml.jpg\",\"width\":600,\"height\":600},{\"@type\":\"BreadcrumbList\",\"@id\":\"https:\\\/\\\/ecosupplements.be\\\/fr\\\/produit\\\/huile-de-poisson-tres-fine-pour-enfants-800mg-de-baies-melangees-naturelles-200-ml\\\/#breadcrumb\",\"itemListElement\":[{\"@type\":\"ListItem\",\"position\":1,\"name\":\"Home\",\"item\":\"https:\\\/\\\/ecosupplements.be\\\/fr\\\/\"},{\"@type\":\"ListItem\",\"position\":2,\"name\":\"Boutique\",\"item\":\"https:\\\/\\\/ecosupplements.be\\\/fr\\\/boutique\\\/\"},{\"@type\":\"ListItem\",\"position\":3,\"name\":\"Huile de poisson tr\u00e8s fine pour enfants, 800mg de baies m\u00e9lang\u00e9es naturelles &#8211; 200 ml\"}]},{\"@type\":\"WebSite\",\"@id\":\"https:\\\/\\\/ecosupplements.be\\\/fr\\\/#website\",\"url\":\"https:\\\/\\\/ecosupplements.be\\\/fr\\\/\",\"name\":\"ECO Supplements\",\"description\":\"Eco Supplements - Gezonde supplementen\",\"publisher\":{\"@id\":\"https:\\\/\\\/ecosupplements.be\\\/fr\\\/#organization\"},\"potentialAction\":[{\"@type\":\"SearchAction\",\"target\":{\"@type\":\"EntryPoint\",\"urlTemplate\":\"https:\\\/\\\/ecosupplements.be\\\/fr\\\/?s={search_term_string}\"},\"query-input\":{\"@type\":\"PropertyValueSpecification\",\"valueRequired\":true,\"valueName\":\"search_term_string\"}}],\"inLanguage\":\"fr-FR\"},{\"@type\":\"Organization\",\"@id\":\"https:\\\/\\\/ecosupplements.be\\\/fr\\\/#organization\",\"name\":\"Eco Supplements\",\"url\":\"https:\\\/\\\/ecosupplements.be\\\/fr\\\/\",\"logo\":{\"@type\":\"ImageObject\",\"inLanguage\":\"fr-FR\",\"@id\":\"https:\\\/\\\/ecosupplements.be\\\/fr\\\/#\\\/schema\\\/logo\\\/image\\\/\",\"url\":\"https:\\\/\\\/ecosupplements.be\\\/wp-content\\\/uploads\\\/2022\\\/06\\\/ecosupplement-family.png\",\"contentUrl\":\"https:\\\/\\\/ecosupplements.be\\\/wp-content\\\/uploads\\\/2022\\\/06\\\/ecosupplement-family.png\",\"width\":593,\"height\":374,\"caption\":\"Eco Supplements\"},\"image\":{\"@id\":\"https:\\\/\\\/ecosupplements.be\\\/fr\\\/#\\\/schema\\\/logo\\\/image\\\/\"}}]}<\/script>\n<meta property=\"product:brand\" content=\"Carlson Labs\" \/>\n<meta property=\"product:price:amount\" content=\"34.40\" \/>\n<meta property=\"product:price:currency\" content=\"EUR\" \/>\n<meta property=\"og:availability\" content=\"instock\" \/>\n<meta property=\"product:availability\" content=\"instock\" \/>\n<meta property=\"product:retailer_item_id\" content=\"088395193309\" \/>\n<meta property=\"product:condition\" content=\"new\" \/>\n<!-- \/ Yoast SEO Premium plugin. -->","yoast_head_json":{"title":"Huile de poisson tr\u00e8s fine pour enfants, 800mg de baies m\u00e9lang\u00e9es naturelles - 200 ml - ECO Supplements","description":"Wij hebben een ruime keuze aan producten van Huile de poisson tr\u00e8s fine pour enfants, 800mg de baies m\u00e9lang\u00e9es naturelles - 200 ml . Winkel bij Eco Supplements altijd gratis verzending boven 100\u20ac","robots":{"index":"index","follow":"follow","max-snippet":"max-snippet:-1","max-image-preview":"max-image-preview:large","max-video-preview":"max-video-preview:-1"},"canonical":"https:\/\/ecosupplements.be\/fr\/produit\/huile-de-poisson-tres-fine-pour-enfants-800mg-de-baies-melangees-naturelles-200-ml\/","og_locale":"fr_FR","og_type":"article","og_title":"Huile de poisson tr\u00e8s fine pour enfants, 800mg de baies m\u00e9lang\u00e9es naturelles - 200 ml","og_description":"Wij hebben een ruime keuze aan producten van Huile de poisson tr\u00e8s fine pour enfants, 800mg de baies m\u00e9lang\u00e9es naturelles - 200 ml . Winkel bij Eco Supplements altijd gratis verzending boven 100\u20ac","og_url":"https:\/\/ecosupplements.be\/fr\/produit\/huile-de-poisson-tres-fine-pour-enfants-800mg-de-baies-melangees-naturelles-200-ml\/","og_site_name":"ECO Supplements","article_modified_time":"2025-08-27T13:12:48+00:00","og_image":[{"width":600,"height":600,"url":"https:\/\/ecosupplements.be\/wp-content\/uploads\/2025\/08\/Kids-The-Very-Finest-Fish-Oil-800mg-Natural-Mixed-Berry-200-ml-1.jpg","type":"image\/jpeg"}],"twitter_card":"summary_large_image","twitter_misc":{"Prix":"34.40&nbsp;&euro;","Disponibilit\u00e9":"En stock"},"schema":{"@context":"https:\/\/schema.org","@graph":[{"@type":["WebPage","ItemPage"],"@id":"https:\/\/ecosupplements.be\/fr\/produit\/huile-de-poisson-tres-fine-pour-enfants-800mg-de-baies-melangees-naturelles-200-ml\/","url":"https:\/\/ecosupplements.be\/fr\/produit\/huile-de-poisson-tres-fine-pour-enfants-800mg-de-baies-melangees-naturelles-200-ml\/","name":"Huile de poisson tr\u00e8s fine pour enfants, 800mg de baies m\u00e9lang\u00e9es naturelles - 200 ml - ECO Supplements","isPartOf":{"@id":"https:\/\/ecosupplements.be\/fr\/#website"},"primaryImageOfPage":{"@id":"https:\/\/ecosupplements.be\/fr\/produit\/huile-de-poisson-tres-fine-pour-enfants-800mg-de-baies-melangees-naturelles-200-ml\/#primaryimage"},"image":{"@id":"https:\/\/ecosupplements.be\/fr\/produit\/huile-de-poisson-tres-fine-pour-enfants-800mg-de-baies-melangees-naturelles-200-ml\/#primaryimage"},"thumbnailUrl":"https:\/\/ecosupplements.be\/wp-content\/uploads\/2025\/08\/Kids-The-Very-Finest-Fish-Oil-800mg-Natural-Mixed-Berry-200-ml.jpg","datePublished":"2022-11-10T16:18:56+00:00","dateModified":"2025-08-27T13:12:48+00:00","description":"Wij hebben een ruime keuze aan producten van Huile de poisson tr\u00e8s fine pour enfants, 800mg de baies m\u00e9lang\u00e9es naturelles - 200 ml . Winkel bij Eco Supplements altijd gratis verzending boven 100\u20ac","breadcrumb":{"@id":"https:\/\/ecosupplements.be\/fr\/produit\/huile-de-poisson-tres-fine-pour-enfants-800mg-de-baies-melangees-naturelles-200-ml\/#breadcrumb"},"inLanguage":"fr-FR","potentialAction":[{"@type":"ReadAction","target":["https:\/\/ecosupplements.be\/fr\/produit\/huile-de-poisson-tres-fine-pour-enfants-800mg-de-baies-melangees-naturelles-200-ml\/"]}]},{"@type":"ImageObject","inLanguage":"fr-FR","@id":"https:\/\/ecosupplements.be\/fr\/produit\/huile-de-poisson-tres-fine-pour-enfants-800mg-de-baies-melangees-naturelles-200-ml\/#primaryimage","url":"https:\/\/ecosupplements.be\/wp-content\/uploads\/2025\/08\/Kids-The-Very-Finest-Fish-Oil-800mg-Natural-Mixed-Berry-200-ml.jpg","contentUrl":"https:\/\/ecosupplements.be\/wp-content\/uploads\/2025\/08\/Kids-The-Very-Finest-Fish-Oil-800mg-Natural-Mixed-Berry-200-ml.jpg","width":600,"height":600},{"@type":"BreadcrumbList","@id":"https:\/\/ecosupplements.be\/fr\/produit\/huile-de-poisson-tres-fine-pour-enfants-800mg-de-baies-melangees-naturelles-200-ml\/#breadcrumb","itemListElement":[{"@type":"ListItem","position":1,"name":"Home","item":"https:\/\/ecosupplements.be\/fr\/"},{"@type":"ListItem","position":2,"name":"Boutique","item":"https:\/\/ecosupplements.be\/fr\/boutique\/"},{"@type":"ListItem","position":3,"name":"Huile de poisson tr\u00e8s fine pour enfants, 800mg de baies m\u00e9lang\u00e9es naturelles &#8211; 200 ml"}]},{"@type":"WebSite","@id":"https:\/\/ecosupplements.be\/fr\/#website","url":"https:\/\/ecosupplements.be\/fr\/","name":"ECO Supplements","description":"Eco Supplements - Gezonde supplementen","publisher":{"@id":"https:\/\/ecosupplements.be\/fr\/#organization"},"potentialAction":[{"@type":"SearchAction","target":{"@type":"EntryPoint","urlTemplate":"https:\/\/ecosupplements.be\/fr\/?s={search_term_string}"},"query-input":{"@type":"PropertyValueSpecification","valueRequired":true,"valueName":"search_term_string"}}],"inLanguage":"fr-FR"},{"@type":"Organization","@id":"https:\/\/ecosupplements.be\/fr\/#organization","name":"Eco Supplements","url":"https:\/\/ecosupplements.be\/fr\/","logo":{"@type":"ImageObject","inLanguage":"fr-FR","@id":"https:\/\/ecosupplements.be\/fr\/#\/schema\/logo\/image\/","url":"https:\/\/ecosupplements.be\/wp-content\/uploads\/2022\/06\/ecosupplement-family.png","contentUrl":"https:\/\/ecosupplements.be\/wp-content\/uploads\/2022\/06\/ecosupplement-family.png","width":593,"height":374,"caption":"Eco Supplements"},"image":{"@id":"https:\/\/ecosupplements.be\/fr\/#\/schema\/logo\/image\/"}}]},"product_brand":"Carlson Labs","product_price_amount":"34.40","product_price_currency":"EUR","og_availability":"instock","product_availability":"instock","product_retailer_item_id":"088395193309","product_condition":"new"},"_links":{"self":[{"href":"https:\/\/ecosupplements.be\/fr\/wp-json\/wp\/v2\/product\/286749","targetHints":{"allow":["GET"]}}],"collection":[{"href":"https:\/\/ecosupplements.be\/fr\/wp-json\/wp\/v2\/product"}],"about":[{"href":"https:\/\/ecosupplements.be\/fr\/wp-json\/wp\/v2\/types\/product"}],"replies":[{"embeddable":true,"href":"https:\/\/ecosupplements.be\/fr\/wp-json\/wp\/v2\/comments?post=286749"}],"wp:featuredmedia":[{"embeddable":true,"href":"https:\/\/ecosupplements.be\/fr\/wp-json\/wp\/v2\/media\/261179"}],"wp:attachment":[{"href":"https:\/\/ecosupplements.be\/fr\/wp-json\/wp\/v2\/media?parent=286749"}],"wp:term":[{"taxonomy":"product_brand","embeddable":true,"href":"https:\/\/ecosupplements.be\/fr\/wp-json\/wp\/v2\/product_brand?post=286749"},{"taxonomy":"product_cat","embeddable":true,"href":"https:\/\/ecosupplements.be\/fr\/wp-json\/wp\/v2\/product_cat?post=286749"},{"taxonomy":"product_tag","embeddable":true,"href":"https:\/\/ecosupplements.be\/fr\/wp-json\/wp\/v2\/product_tag?post=286749"}],"curies":[{"name":"wp","href":"https:\/\/api.w.org\/{rel}","templated":true}]}}