{"id":286755,"date":"2024-03-07T10:10:17","date_gmt":"2024-03-07T09:10:17","guid":{"rendered":"https:\/\/ecosupplements.be\/product\/super-quotidien-d3-k2-2000-ui-10-ml\/"},"modified":"2025-08-27T14:12:53","modified_gmt":"2025-08-27T13:12:53","slug":"super-quotidien-d3-k2-2000-ui-10-ml","status":"publish","type":"product","link":"https:\/\/ecosupplements.be\/fr\/produit\/super-quotidien-d3-k2-2000-ui-10-ml\/","title":{"rendered":"Super Quotidien D3 + K2, 2000 UI &#8211; 10 ml"},"content":{"rendered":"<h1>Super Daily\u2064 D3 \u2064+ K2, 2000 IU &#8211; 10 \u2063ml<\/h1>\n<p>Obtenez votre dose quotidienne de vitamine D3 et\u2064 de\u200b vitamine K2 \u2062avec Super Daily D3 + \u200cK2 de Carlson \u2062Labs. Cette formule liquide pratique et facile \u00e0 utiliser fournit 2000 UI de vitamine\u2062 D3 et 90 mcg de\u2064 vitamine\u200d K2 par goutte, pour un soutien optimal de la\u200d sant\u00e9 osseuse et cardiovasculaire.<\/p>\n<h2>Caract\u00e9ristiques\u2064 sp\u00e9ciales:<\/h2>\n<ul>\n<li>Formule\u200c liquide pratique et facile \u00e0 utiliser<\/li>\n<li>2000 \u2064UI de vitamine D3 par goutte<\/li>\n<li>90 mcg\u2062 de vitamine K2 par goutte<\/li>\n<li>Soutient la sant\u00e9 osseuse et cardiovasculaire<\/li>\n<\/ul>\n<h2>Ingr\u00e9dients:<\/h2>\n<p>Chaque goutte de \u2064Super Daily D3 + K2 contient 2000\u200c UI \u200dde vitamine D3 (chol\u00e9calcif\u00e9rol) et 90 mcg de vitamine K2 (m\u00e9naquinone-7). Ces \u200ddeux vitamines sont essentielles pour \u2063maintenir des os solides et en \u200dbonne \u200csant\u00e9, ainsi qu&#8217;un syst\u00e8me cardiovasculaire fonctionnel.<\/p>\n<h2>Avantages uniques:<\/h2>\n<p>Super Daily D3 +\u2063 K2 de Carlson Labs est unique\u2063 en raison de sa formule \u2064liquide pratique et facile \u00e0 utiliser. Avec une seule goutte par jour, vous pouvez obtenir votre\u200d dose\u2064 quotidienne de vitamine D3 et de \u200cvitamine K2, sans avoir\u2063 \u00e0 \u2063avaler de grosses pilules ou \u00e0 m\u00e9langer des\u200b poudres. De plus, cette formule combine deux vitamines essentielles \u2064pour une sant\u00e9 optimale des os et du c\u0153ur, ce\u200d qui en fait un choix id\u00e9al pour ceux qui cherchent\u200d \u00e0 maintenir leur bien-\u00eatre g\u00e9n\u00e9ral.<\/p>\n<h2>Principales caract\u00e9ristiques:<\/h2>\n<ul>\n<li>Formule liquide pratique et facile \u00e0 \u2062utiliser<\/li>\n<li>2000 UI de vitamine D3 par goutte<\/li>\n<li>90\u2063 mcg de vitamine K2 par goutte<\/li>\n<li>Soutient la sant\u00e9 \u200bosseuse et cardiovasculaire<\/li>\n<li>Combin\u00e9 pour une \u2062efficacit\u00e9 maximale<\/li>\n<li>Sans gluten, \u200csans conservateurs \u200bet sans colorants artificiels<\/li>\n<\/ul>\n<p>Prenez soin de votre sant\u00e9 osseuse et cardiovasculaire avec Super Daily D3 \u2064+ K2 de Carlson Labs.\u200b Avec sa formule liquide pratique et \u200cses ingr\u00e9dients de haute qualit\u00e9,\u200c ce \u200dproduit\u2062 est un \u2062choix id\u00e9al pour ceux qui cherchent \u00e0 \u2064maintenir leur bien-\u00eatre g\u00e9n\u00e9ral. Commandez d\u00e8s maintenant et \u2062profitez des bienfaits de la vitamine D3 \u200bet de la vitamine \u2064K2 \u2063en une seule goutte\u200d par jour!<\/p>\n","protected":false},"excerpt":{"rendered":"<p>Super Daily\u2064 D3 \u2064+ K2, 2000 IU &#8211; 10 \u2063ml Obtenez votre dose quotidienne de vitamine D3 et\u2064 de\u200b vitamine K2 \u2062avec Super Daily D3 + \u200cK2 de Carlson \u2062Labs. Cette formule liquide pratique et facile \u00e0 utiliser fournit 2000 UI de vitamine\u2062 D3 et 90 mcg de\u2064 vitamine\u200d K2 par goutte, pour un soutien [&#8230;]\n","protected":false},"featured_media":263690,"comment_status":"open","ping_status":"open","template":"","meta":[],"product_brand":[4671],"product_cat":[5052,5123,5053],"product_tag":[],"class_list":{"0":"post-286755","1":"product","2":"type-product","3":"status-publish","4":"has-post-thumbnail","6":"product_brand-carlson-labs-2","7":"product_cat-sante-et-bien-etre","8":"product_cat-soutien-du-systeme-immunitaire","9":"product_cat-vitamines-et-mineraux","11":"first","12":"instock","13":"taxable","14":"shipping-taxable","15":"purchasable","16":"product-type-simple"},"yoast_head":"<!-- This site is optimized with the Yoast SEO Premium plugin v27.3 (Yoast SEO v27.3) - https:\/\/yoast.com\/product\/yoast-seo-premium-wordpress\/ -->\n<title>Super Quotidien D3 + K2, 2000 UI - 10 ml - ECO Supplements<\/title>\n<meta name=\"description\" content=\"Wij hebben een ruime keuze aan producten van Super Quotidien D3 + K2, 2000 UI - 10 ml . Winkel bij Eco Supplements altijd gratis verzending boven 100\u20ac\" \/>\n<meta name=\"robots\" content=\"index, follow, max-snippet:-1, max-image-preview:large, max-video-preview:-1\" \/>\n<link rel=\"canonical\" href=\"https:\/\/ecosupplements.be\/fr\/produit\/super-quotidien-d3-k2-2000-ui-10-ml\/\" \/>\n<meta property=\"og:locale\" content=\"fr_FR\" \/>\n<meta property=\"og:type\" content=\"article\" \/>\n<meta property=\"og:title\" content=\"Super Quotidien D3 + K2, 2000 UI - 10 ml\" \/>\n<meta property=\"og:description\" content=\"Wij hebben een ruime keuze aan producten van Super Quotidien D3 + K2, 2000 UI - 10 ml . Winkel bij Eco Supplements altijd gratis verzending boven 100\u20ac\" \/>\n<meta property=\"og:url\" content=\"https:\/\/ecosupplements.be\/fr\/produit\/super-quotidien-d3-k2-2000-ui-10-ml\/\" \/>\n<meta property=\"og:site_name\" content=\"ECO Supplements\" \/>\n<meta property=\"article:modified_time\" content=\"2025-08-27T13:12:53+00:00\" \/>\n<meta property=\"og:image\" content=\"https:\/\/ecosupplements.be\/wp-content\/uploads\/2025\/08\/Super-Daily-D3-K2-2000-IU-10-ml-1.jpg\" \/>\n\t<meta property=\"og:image:width\" content=\"600\" \/>\n\t<meta property=\"og:image:height\" content=\"600\" \/>\n\t<meta property=\"og:image:type\" content=\"image\/jpeg\" \/>\n<meta name=\"twitter:card\" content=\"summary_large_image\" \/>\n<meta name=\"twitter:label1\" content=\"Prix\" \/>\n\t<meta name=\"twitter:data1\" content=\"36.41&nbsp;&euro;\" \/>\n\t<meta name=\"twitter:label2\" content=\"Disponibilit\u00e9\" \/>\n\t<meta name=\"twitter:data2\" content=\"En stock\" \/>\n<script type=\"application\/ld+json\" class=\"yoast-schema-graph\">{\"@context\":\"https:\\\/\\\/schema.org\",\"@graph\":[{\"@type\":[\"WebPage\",\"ItemPage\"],\"@id\":\"https:\\\/\\\/ecosupplements.be\\\/fr\\\/produit\\\/super-quotidien-d3-k2-2000-ui-10-ml\\\/\",\"url\":\"https:\\\/\\\/ecosupplements.be\\\/fr\\\/produit\\\/super-quotidien-d3-k2-2000-ui-10-ml\\\/\",\"name\":\"Super Quotidien D3 + K2, 2000 UI - 10 ml - ECO Supplements\",\"isPartOf\":{\"@id\":\"https:\\\/\\\/ecosupplements.be\\\/fr\\\/#website\"},\"primaryImageOfPage\":{\"@id\":\"https:\\\/\\\/ecosupplements.be\\\/fr\\\/produit\\\/super-quotidien-d3-k2-2000-ui-10-ml\\\/#primaryimage\"},\"image\":{\"@id\":\"https:\\\/\\\/ecosupplements.be\\\/fr\\\/produit\\\/super-quotidien-d3-k2-2000-ui-10-ml\\\/#primaryimage\"},\"thumbnailUrl\":\"https:\\\/\\\/ecosupplements.be\\\/wp-content\\\/uploads\\\/2025\\\/08\\\/Super-Daily-D3-K2-2000-IU-10-ml.jpg\",\"datePublished\":\"2024-03-07T09:10:17+00:00\",\"dateModified\":\"2025-08-27T13:12:53+00:00\",\"description\":\"Wij hebben een ruime keuze aan producten van Super Quotidien D3 + K2, 2000 UI - 10 ml . Winkel bij Eco Supplements altijd gratis verzending boven 100\u20ac\",\"breadcrumb\":{\"@id\":\"https:\\\/\\\/ecosupplements.be\\\/fr\\\/produit\\\/super-quotidien-d3-k2-2000-ui-10-ml\\\/#breadcrumb\"},\"inLanguage\":\"fr-FR\",\"potentialAction\":[{\"@type\":\"ReadAction\",\"target\":[\"https:\\\/\\\/ecosupplements.be\\\/fr\\\/produit\\\/super-quotidien-d3-k2-2000-ui-10-ml\\\/\"]}]},{\"@type\":\"ImageObject\",\"inLanguage\":\"fr-FR\",\"@id\":\"https:\\\/\\\/ecosupplements.be\\\/fr\\\/produit\\\/super-quotidien-d3-k2-2000-ui-10-ml\\\/#primaryimage\",\"url\":\"https:\\\/\\\/ecosupplements.be\\\/wp-content\\\/uploads\\\/2025\\\/08\\\/Super-Daily-D3-K2-2000-IU-10-ml.jpg\",\"contentUrl\":\"https:\\\/\\\/ecosupplements.be\\\/wp-content\\\/uploads\\\/2025\\\/08\\\/Super-Daily-D3-K2-2000-IU-10-ml.jpg\",\"width\":600,\"height\":600},{\"@type\":\"BreadcrumbList\",\"@id\":\"https:\\\/\\\/ecosupplements.be\\\/fr\\\/produit\\\/super-quotidien-d3-k2-2000-ui-10-ml\\\/#breadcrumb\",\"itemListElement\":[{\"@type\":\"ListItem\",\"position\":1,\"name\":\"Home\",\"item\":\"https:\\\/\\\/ecosupplements.be\\\/fr\\\/\"},{\"@type\":\"ListItem\",\"position\":2,\"name\":\"Boutique\",\"item\":\"https:\\\/\\\/ecosupplements.be\\\/fr\\\/boutique\\\/\"},{\"@type\":\"ListItem\",\"position\":3,\"name\":\"Super Quotidien D3 + K2, 2000 UI &#8211; 10 ml\"}]},{\"@type\":\"WebSite\",\"@id\":\"https:\\\/\\\/ecosupplements.be\\\/fr\\\/#website\",\"url\":\"https:\\\/\\\/ecosupplements.be\\\/fr\\\/\",\"name\":\"ECO Supplements\",\"description\":\"Eco Supplements - Gezonde supplementen\",\"publisher\":{\"@id\":\"https:\\\/\\\/ecosupplements.be\\\/fr\\\/#organization\"},\"potentialAction\":[{\"@type\":\"SearchAction\",\"target\":{\"@type\":\"EntryPoint\",\"urlTemplate\":\"https:\\\/\\\/ecosupplements.be\\\/fr\\\/?s={search_term_string}\"},\"query-input\":{\"@type\":\"PropertyValueSpecification\",\"valueRequired\":true,\"valueName\":\"search_term_string\"}}],\"inLanguage\":\"fr-FR\"},{\"@type\":\"Organization\",\"@id\":\"https:\\\/\\\/ecosupplements.be\\\/fr\\\/#organization\",\"name\":\"Eco Supplements\",\"url\":\"https:\\\/\\\/ecosupplements.be\\\/fr\\\/\",\"logo\":{\"@type\":\"ImageObject\",\"inLanguage\":\"fr-FR\",\"@id\":\"https:\\\/\\\/ecosupplements.be\\\/fr\\\/#\\\/schema\\\/logo\\\/image\\\/\",\"url\":\"https:\\\/\\\/ecosupplements.be\\\/wp-content\\\/uploads\\\/2022\\\/06\\\/ecosupplement-family.png\",\"contentUrl\":\"https:\\\/\\\/ecosupplements.be\\\/wp-content\\\/uploads\\\/2022\\\/06\\\/ecosupplement-family.png\",\"width\":593,\"height\":374,\"caption\":\"Eco Supplements\"},\"image\":{\"@id\":\"https:\\\/\\\/ecosupplements.be\\\/fr\\\/#\\\/schema\\\/logo\\\/image\\\/\"}}]}<\/script>\n<meta property=\"product:brand\" content=\"Carlson Labs\" \/>\n<meta property=\"product:price:amount\" content=\"36.41\" \/>\n<meta property=\"product:price:currency\" content=\"EUR\" \/>\n<meta property=\"og:availability\" content=\"instock\" \/>\n<meta property=\"product:availability\" content=\"instock\" \/>\n<meta property=\"product:retailer_item_id\" content=\"088395105005\" \/>\n<meta property=\"product:condition\" content=\"new\" \/>\n<!-- \/ Yoast SEO Premium plugin. -->","yoast_head_json":{"title":"Super Quotidien D3 + K2, 2000 UI - 10 ml - ECO Supplements","description":"Wij hebben een ruime keuze aan producten van Super Quotidien D3 + K2, 2000 UI - 10 ml . Winkel bij Eco Supplements altijd gratis verzending boven 100\u20ac","robots":{"index":"index","follow":"follow","max-snippet":"max-snippet:-1","max-image-preview":"max-image-preview:large","max-video-preview":"max-video-preview:-1"},"canonical":"https:\/\/ecosupplements.be\/fr\/produit\/super-quotidien-d3-k2-2000-ui-10-ml\/","og_locale":"fr_FR","og_type":"article","og_title":"Super Quotidien D3 + K2, 2000 UI - 10 ml","og_description":"Wij hebben een ruime keuze aan producten van Super Quotidien D3 + K2, 2000 UI - 10 ml . Winkel bij Eco Supplements altijd gratis verzending boven 100\u20ac","og_url":"https:\/\/ecosupplements.be\/fr\/produit\/super-quotidien-d3-k2-2000-ui-10-ml\/","og_site_name":"ECO Supplements","article_modified_time":"2025-08-27T13:12:53+00:00","og_image":[{"width":600,"height":600,"url":"https:\/\/ecosupplements.be\/wp-content\/uploads\/2025\/08\/Super-Daily-D3-K2-2000-IU-10-ml-1.jpg","type":"image\/jpeg"}],"twitter_card":"summary_large_image","twitter_misc":{"Prix":"36.41&nbsp;&euro;","Disponibilit\u00e9":"En stock"},"schema":{"@context":"https:\/\/schema.org","@graph":[{"@type":["WebPage","ItemPage"],"@id":"https:\/\/ecosupplements.be\/fr\/produit\/super-quotidien-d3-k2-2000-ui-10-ml\/","url":"https:\/\/ecosupplements.be\/fr\/produit\/super-quotidien-d3-k2-2000-ui-10-ml\/","name":"Super Quotidien D3 + K2, 2000 UI - 10 ml - ECO Supplements","isPartOf":{"@id":"https:\/\/ecosupplements.be\/fr\/#website"},"primaryImageOfPage":{"@id":"https:\/\/ecosupplements.be\/fr\/produit\/super-quotidien-d3-k2-2000-ui-10-ml\/#primaryimage"},"image":{"@id":"https:\/\/ecosupplements.be\/fr\/produit\/super-quotidien-d3-k2-2000-ui-10-ml\/#primaryimage"},"thumbnailUrl":"https:\/\/ecosupplements.be\/wp-content\/uploads\/2025\/08\/Super-Daily-D3-K2-2000-IU-10-ml.jpg","datePublished":"2024-03-07T09:10:17+00:00","dateModified":"2025-08-27T13:12:53+00:00","description":"Wij hebben een ruime keuze aan producten van Super Quotidien D3 + K2, 2000 UI - 10 ml . Winkel bij Eco Supplements altijd gratis verzending boven 100\u20ac","breadcrumb":{"@id":"https:\/\/ecosupplements.be\/fr\/produit\/super-quotidien-d3-k2-2000-ui-10-ml\/#breadcrumb"},"inLanguage":"fr-FR","potentialAction":[{"@type":"ReadAction","target":["https:\/\/ecosupplements.be\/fr\/produit\/super-quotidien-d3-k2-2000-ui-10-ml\/"]}]},{"@type":"ImageObject","inLanguage":"fr-FR","@id":"https:\/\/ecosupplements.be\/fr\/produit\/super-quotidien-d3-k2-2000-ui-10-ml\/#primaryimage","url":"https:\/\/ecosupplements.be\/wp-content\/uploads\/2025\/08\/Super-Daily-D3-K2-2000-IU-10-ml.jpg","contentUrl":"https:\/\/ecosupplements.be\/wp-content\/uploads\/2025\/08\/Super-Daily-D3-K2-2000-IU-10-ml.jpg","width":600,"height":600},{"@type":"BreadcrumbList","@id":"https:\/\/ecosupplements.be\/fr\/produit\/super-quotidien-d3-k2-2000-ui-10-ml\/#breadcrumb","itemListElement":[{"@type":"ListItem","position":1,"name":"Home","item":"https:\/\/ecosupplements.be\/fr\/"},{"@type":"ListItem","position":2,"name":"Boutique","item":"https:\/\/ecosupplements.be\/fr\/boutique\/"},{"@type":"ListItem","position":3,"name":"Super Quotidien D3 + K2, 2000 UI &#8211; 10 ml"}]},{"@type":"WebSite","@id":"https:\/\/ecosupplements.be\/fr\/#website","url":"https:\/\/ecosupplements.be\/fr\/","name":"ECO Supplements","description":"Eco Supplements - Gezonde supplementen","publisher":{"@id":"https:\/\/ecosupplements.be\/fr\/#organization"},"potentialAction":[{"@type":"SearchAction","target":{"@type":"EntryPoint","urlTemplate":"https:\/\/ecosupplements.be\/fr\/?s={search_term_string}"},"query-input":{"@type":"PropertyValueSpecification","valueRequired":true,"valueName":"search_term_string"}}],"inLanguage":"fr-FR"},{"@type":"Organization","@id":"https:\/\/ecosupplements.be\/fr\/#organization","name":"Eco Supplements","url":"https:\/\/ecosupplements.be\/fr\/","logo":{"@type":"ImageObject","inLanguage":"fr-FR","@id":"https:\/\/ecosupplements.be\/fr\/#\/schema\/logo\/image\/","url":"https:\/\/ecosupplements.be\/wp-content\/uploads\/2022\/06\/ecosupplement-family.png","contentUrl":"https:\/\/ecosupplements.be\/wp-content\/uploads\/2022\/06\/ecosupplement-family.png","width":593,"height":374,"caption":"Eco Supplements"},"image":{"@id":"https:\/\/ecosupplements.be\/fr\/#\/schema\/logo\/image\/"}}]},"product_brand":"Carlson Labs","product_price_amount":"36.41","product_price_currency":"EUR","og_availability":"instock","product_availability":"instock","product_retailer_item_id":"088395105005","product_condition":"new"},"_links":{"self":[{"href":"https:\/\/ecosupplements.be\/fr\/wp-json\/wp\/v2\/product\/286755","targetHints":{"allow":["GET"]}}],"collection":[{"href":"https:\/\/ecosupplements.be\/fr\/wp-json\/wp\/v2\/product"}],"about":[{"href":"https:\/\/ecosupplements.be\/fr\/wp-json\/wp\/v2\/types\/product"}],"replies":[{"embeddable":true,"href":"https:\/\/ecosupplements.be\/fr\/wp-json\/wp\/v2\/comments?post=286755"}],"wp:featuredmedia":[{"embeddable":true,"href":"https:\/\/ecosupplements.be\/fr\/wp-json\/wp\/v2\/media\/263690"}],"wp:attachment":[{"href":"https:\/\/ecosupplements.be\/fr\/wp-json\/wp\/v2\/media?parent=286755"}],"wp:term":[{"taxonomy":"product_brand","embeddable":true,"href":"https:\/\/ecosupplements.be\/fr\/wp-json\/wp\/v2\/product_brand?post=286755"},{"taxonomy":"product_cat","embeddable":true,"href":"https:\/\/ecosupplements.be\/fr\/wp-json\/wp\/v2\/product_cat?post=286755"},{"taxonomy":"product_tag","embeddable":true,"href":"https:\/\/ecosupplements.be\/fr\/wp-json\/wp\/v2\/product_tag?post=286755"}],"curies":[{"name":"wp","href":"https:\/\/api.w.org\/{rel}","templated":true}]}}