{"id":286758,"date":"2024-03-07T10:11:06","date_gmt":"2024-03-07T09:11:06","guid":{"rendered":"https:\/\/ecosupplements.be\/product\/super-quotidien-d3-4000-ui-10-ml\/"},"modified":"2025-08-27T14:12:55","modified_gmt":"2025-08-27T13:12:55","slug":"super-quotidien-d3-4000-ui-10-ml","status":"publish","type":"product","link":"https:\/\/ecosupplements.be\/fr\/produit\/super-quotidien-d3-4000-ui-10-ml\/","title":{"rendered":"Super Quotidien D3, 4000 UI &#8211; 10 ml"},"content":{"rendered":"<h1>Super Daily \u200bD3, 4000 \u2063IU &#8211; 10 ml<\/h1>\n<p>Obtenez votre dose quotidienne de vitamine\u2064 D3 avec Super Daily D3 \u200dde \u2063Carlson Labs.\u200c Cette formule liquide pratique fournit 4000 UI de vitamine D3 par goutte,\u200d ce qui en fait un moyen facile et efficace de maintenir \u200ddes niveaux \u200dad\u00e9quats \u200dde\u200c cette\u200b vitamine essentielle.<\/p>\n<h2>Caract\u00e9ristiques sp\u00e9ciales:<\/h2>\n<ul>\n<li>4000 UI de vitamine D3 par goutte<\/li>\n<li>Formule liquide facile \u00e0 prendre<\/li>\n<li>Flacon de 10 ml \u2064pour une utilisation quotidienne<\/li>\n<li>Saveur neutre,\u2062 sans arri\u00e8re-go\u00fbt<\/li>\n<li>Convient aux\u200d v\u00e9g\u00e9tariens\u2064 et aux v\u00e9g\u00e9taliens<\/li>\n<\/ul>\n<h2>Ingr\u00e9dients:<\/h2>\n<p>Chaque goutte de Super\u2063 Daily \u200bD3 contient \u20634000 \u200cUI\u2062 de vitamine D3 \u200d(chol\u00e9calcif\u00e9rol) provenant de \u200bla lanoline. La vitamine D3 est la forme la plus \u200cfacilement\u200b absorb\u00e9e et utilis\u00e9e par \u2062le corps, ce qui en \u2064fait un choix id\u00e9al pour maintenir\u200c des niveaux \u2062ad\u00e9quats de vitamine D.<\/p>\n<h2>Avantages uniques:<\/h2>\n<p>La vitamine D3 est essentielle \u2062pour la sant\u00e9 des os, des\u200c dents et du syst\u00e8me \u200bimmunitaire. Elle joue \u00e9galement\u200c un r\u00f4le important dans l&#8217;absorption \u2062du calcium et du \u200cphosphore,\u2062 ce qui en fait un nutriment cl\u00e9 pour maintenir une bonne \u2063sant\u00e9 globale.\u2064 Super Daily D3 de Carlson Labs est une\u200d fa\u00e7on pratique \u200det efficace de \u2063s&#8217;assurer que vous obtenez suffisamment de vitamine D3 chaque jour.<\/p>\n<h2>Principales \u2062caract\u00e9ristiques:<\/h2>\n<ul>\n<li>Facile \u200b\u00e0 prendre &#8211; une goutte \u2063par\u2062 jour suffit<\/li>\n<li>Formule liquide pour une absorption rapide et\u200c efficace<\/li>\n<li>Convient \u00e0 toute la famille, \u2064y compris les \u200denfants\u200d et les \u2062personnes \u00e2g\u00e9es<\/li>\n<li>Flacon de 10 ml \u2062pour une utilisation\u200c quotidienne pendant un\u2064 mois<\/li>\n<li>Qualit\u00e9 \u200bsup\u00e9rieure, fabriqu\u00e9 aux \u00c9tats-Unis<\/li>\n<\/ul>\n<p>Prenez soin de votre sant\u00e9 avec Super \u2064Daily D3 de Carlson Labs. Obtenez \u2063votre dose \u2064quotidienne de vitamine D3 de mani\u00e8re\u200c pratique et efficace avec cette formule liquide \u2062de haute qualit\u00e9. Commandez d\u00e8s maintenant et profitez des bienfaits \u2064de la vitamine D3 pour une sant\u00e9 \u200coptimale.<\/p>\n","protected":false},"excerpt":{"rendered":"<p>Super Daily \u200bD3, 4000 \u2063IU &#8211; 10 ml Obtenez votre dose quotidienne de vitamine\u2064 D3 avec Super Daily D3 \u200dde \u2063Carlson Labs.\u200c Cette formule liquide pratique fournit 4000 UI de vitamine D3 par goutte,\u200d ce qui en fait un moyen facile et efficace de maintenir \u200ddes niveaux \u200dad\u00e9quats \u200dde\u200c cette\u200b vitamine essentielle. Caract\u00e9ristiques sp\u00e9ciales: 4000 [&#8230;]\n","protected":false},"featured_media":263693,"comment_status":"open","ping_status":"open","template":"","meta":[],"product_brand":[4671],"product_cat":[5052,5053,5059],"product_tag":[],"class_list":{"0":"post-286758","1":"product","2":"type-product","3":"status-publish","4":"has-post-thumbnail","6":"product_brand-carlson-labs-2","7":"product_cat-sante-et-bien-etre","8":"product_cat-vitamines-et-mineraux","9":"product_cat-vitamines-simples","11":"first","12":"instock","13":"sale","14":"taxable","15":"shipping-taxable","16":"purchasable","17":"product-type-simple"},"yoast_head":"<!-- This site is optimized with the Yoast SEO Premium plugin v27.3 (Yoast SEO v27.3) - https:\/\/yoast.com\/product\/yoast-seo-premium-wordpress\/ -->\n<title>Super Quotidien D3, 4000 UI - 10 ml - ECO Supplements<\/title>\n<meta name=\"description\" content=\"Wij hebben een ruime keuze aan producten van Super Quotidien D3, 4000 UI - 10 ml . Winkel bij Eco Supplements altijd gratis verzending boven 100\u20ac\" \/>\n<meta name=\"robots\" content=\"index, follow, max-snippet:-1, max-image-preview:large, max-video-preview:-1\" \/>\n<link rel=\"canonical\" href=\"https:\/\/ecosupplements.be\/fr\/produit\/super-quotidien-d3-4000-ui-10-ml\/\" \/>\n<meta property=\"og:locale\" content=\"fr_FR\" \/>\n<meta property=\"og:type\" content=\"article\" \/>\n<meta property=\"og:title\" content=\"Super Quotidien D3, 4000 UI - 10 ml\" \/>\n<meta property=\"og:description\" content=\"Wij hebben een ruime keuze aan producten van Super Quotidien D3, 4000 UI - 10 ml . Winkel bij Eco Supplements altijd gratis verzending boven 100\u20ac\" \/>\n<meta property=\"og:url\" content=\"https:\/\/ecosupplements.be\/fr\/produit\/super-quotidien-d3-4000-ui-10-ml\/\" \/>\n<meta property=\"og:site_name\" content=\"ECO Supplements\" \/>\n<meta property=\"article:modified_time\" content=\"2025-08-27T13:12:55+00:00\" \/>\n<meta property=\"og:image\" content=\"https:\/\/ecosupplements.be\/wp-content\/uploads\/2025\/08\/Super-Daily-D3-4000-IU-10-ml-1.jpg\" \/>\n\t<meta property=\"og:image:width\" content=\"600\" \/>\n\t<meta property=\"og:image:height\" content=\"600\" \/>\n\t<meta property=\"og:image:type\" content=\"image\/jpeg\" \/>\n<meta name=\"twitter:card\" content=\"summary_large_image\" \/>\n<meta name=\"twitter:label1\" content=\"Prix\" \/>\n\t<meta name=\"twitter:data1\" content=\"19.43&nbsp;&euro;\" \/>\n\t<meta name=\"twitter:label2\" content=\"Disponibilit\u00e9\" \/>\n\t<meta name=\"twitter:data2\" content=\"En stock\" \/>\n<script type=\"application\/ld+json\" class=\"yoast-schema-graph\">{\"@context\":\"https:\\\/\\\/schema.org\",\"@graph\":[{\"@type\":[\"WebPage\",\"ItemPage\"],\"@id\":\"https:\\\/\\\/ecosupplements.be\\\/fr\\\/produit\\\/super-quotidien-d3-4000-ui-10-ml\\\/\",\"url\":\"https:\\\/\\\/ecosupplements.be\\\/fr\\\/produit\\\/super-quotidien-d3-4000-ui-10-ml\\\/\",\"name\":\"Super Quotidien D3, 4000 UI - 10 ml - ECO Supplements\",\"isPartOf\":{\"@id\":\"https:\\\/\\\/ecosupplements.be\\\/fr\\\/#website\"},\"primaryImageOfPage\":{\"@id\":\"https:\\\/\\\/ecosupplements.be\\\/fr\\\/produit\\\/super-quotidien-d3-4000-ui-10-ml\\\/#primaryimage\"},\"image\":{\"@id\":\"https:\\\/\\\/ecosupplements.be\\\/fr\\\/produit\\\/super-quotidien-d3-4000-ui-10-ml\\\/#primaryimage\"},\"thumbnailUrl\":\"https:\\\/\\\/ecosupplements.be\\\/wp-content\\\/uploads\\\/2025\\\/08\\\/Super-Daily-D3-4000-IU-10-ml.jpg\",\"datePublished\":\"2024-03-07T09:11:06+00:00\",\"dateModified\":\"2025-08-27T13:12:55+00:00\",\"description\":\"Wij hebben een ruime keuze aan producten van Super Quotidien D3, 4000 UI - 10 ml . Winkel bij Eco Supplements altijd gratis verzending boven 100\u20ac\",\"breadcrumb\":{\"@id\":\"https:\\\/\\\/ecosupplements.be\\\/fr\\\/produit\\\/super-quotidien-d3-4000-ui-10-ml\\\/#breadcrumb\"},\"inLanguage\":\"fr-FR\",\"potentialAction\":[{\"@type\":\"ReadAction\",\"target\":[\"https:\\\/\\\/ecosupplements.be\\\/fr\\\/produit\\\/super-quotidien-d3-4000-ui-10-ml\\\/\"]}]},{\"@type\":\"ImageObject\",\"inLanguage\":\"fr-FR\",\"@id\":\"https:\\\/\\\/ecosupplements.be\\\/fr\\\/produit\\\/super-quotidien-d3-4000-ui-10-ml\\\/#primaryimage\",\"url\":\"https:\\\/\\\/ecosupplements.be\\\/wp-content\\\/uploads\\\/2025\\\/08\\\/Super-Daily-D3-4000-IU-10-ml.jpg\",\"contentUrl\":\"https:\\\/\\\/ecosupplements.be\\\/wp-content\\\/uploads\\\/2025\\\/08\\\/Super-Daily-D3-4000-IU-10-ml.jpg\",\"width\":600,\"height\":600},{\"@type\":\"BreadcrumbList\",\"@id\":\"https:\\\/\\\/ecosupplements.be\\\/fr\\\/produit\\\/super-quotidien-d3-4000-ui-10-ml\\\/#breadcrumb\",\"itemListElement\":[{\"@type\":\"ListItem\",\"position\":1,\"name\":\"Home\",\"item\":\"https:\\\/\\\/ecosupplements.be\\\/fr\\\/\"},{\"@type\":\"ListItem\",\"position\":2,\"name\":\"Boutique\",\"item\":\"https:\\\/\\\/ecosupplements.be\\\/fr\\\/boutique\\\/\"},{\"@type\":\"ListItem\",\"position\":3,\"name\":\"Super Quotidien D3, 4000 UI &#8211; 10 ml\"}]},{\"@type\":\"WebSite\",\"@id\":\"https:\\\/\\\/ecosupplements.be\\\/fr\\\/#website\",\"url\":\"https:\\\/\\\/ecosupplements.be\\\/fr\\\/\",\"name\":\"ECO Supplements\",\"description\":\"Eco Supplements - Gezonde supplementen\",\"publisher\":{\"@id\":\"https:\\\/\\\/ecosupplements.be\\\/fr\\\/#organization\"},\"potentialAction\":[{\"@type\":\"SearchAction\",\"target\":{\"@type\":\"EntryPoint\",\"urlTemplate\":\"https:\\\/\\\/ecosupplements.be\\\/fr\\\/?s={search_term_string}\"},\"query-input\":{\"@type\":\"PropertyValueSpecification\",\"valueRequired\":true,\"valueName\":\"search_term_string\"}}],\"inLanguage\":\"fr-FR\"},{\"@type\":\"Organization\",\"@id\":\"https:\\\/\\\/ecosupplements.be\\\/fr\\\/#organization\",\"name\":\"Eco Supplements\",\"url\":\"https:\\\/\\\/ecosupplements.be\\\/fr\\\/\",\"logo\":{\"@type\":\"ImageObject\",\"inLanguage\":\"fr-FR\",\"@id\":\"https:\\\/\\\/ecosupplements.be\\\/fr\\\/#\\\/schema\\\/logo\\\/image\\\/\",\"url\":\"https:\\\/\\\/ecosupplements.be\\\/wp-content\\\/uploads\\\/2022\\\/06\\\/ecosupplement-family.png\",\"contentUrl\":\"https:\\\/\\\/ecosupplements.be\\\/wp-content\\\/uploads\\\/2022\\\/06\\\/ecosupplement-family.png\",\"width\":593,\"height\":374,\"caption\":\"Eco Supplements\"},\"image\":{\"@id\":\"https:\\\/\\\/ecosupplements.be\\\/fr\\\/#\\\/schema\\\/logo\\\/image\\\/\"}}]}<\/script>\n<meta property=\"product:brand\" content=\"Carlson Labs\" \/>\n<meta property=\"product:price:amount\" content=\"19.43\" \/>\n<meta property=\"product:price:currency\" content=\"EUR\" \/>\n<meta property=\"og:availability\" content=\"instock\" \/>\n<meta property=\"product:availability\" content=\"instock\" \/>\n<meta property=\"product:retailer_item_id\" content=\"088395012907\" \/>\n<meta property=\"product:condition\" content=\"new\" \/>\n<!-- \/ Yoast SEO Premium plugin. -->","yoast_head_json":{"title":"Super Quotidien D3, 4000 UI - 10 ml - ECO Supplements","description":"Wij hebben een ruime keuze aan producten van Super Quotidien D3, 4000 UI - 10 ml . Winkel bij Eco Supplements altijd gratis verzending boven 100\u20ac","robots":{"index":"index","follow":"follow","max-snippet":"max-snippet:-1","max-image-preview":"max-image-preview:large","max-video-preview":"max-video-preview:-1"},"canonical":"https:\/\/ecosupplements.be\/fr\/produit\/super-quotidien-d3-4000-ui-10-ml\/","og_locale":"fr_FR","og_type":"article","og_title":"Super Quotidien D3, 4000 UI - 10 ml","og_description":"Wij hebben een ruime keuze aan producten van Super Quotidien D3, 4000 UI - 10 ml . Winkel bij Eco Supplements altijd gratis verzending boven 100\u20ac","og_url":"https:\/\/ecosupplements.be\/fr\/produit\/super-quotidien-d3-4000-ui-10-ml\/","og_site_name":"ECO Supplements","article_modified_time":"2025-08-27T13:12:55+00:00","og_image":[{"width":600,"height":600,"url":"https:\/\/ecosupplements.be\/wp-content\/uploads\/2025\/08\/Super-Daily-D3-4000-IU-10-ml-1.jpg","type":"image\/jpeg"}],"twitter_card":"summary_large_image","twitter_misc":{"Prix":"19.43&nbsp;&euro;","Disponibilit\u00e9":"En stock"},"schema":{"@context":"https:\/\/schema.org","@graph":[{"@type":["WebPage","ItemPage"],"@id":"https:\/\/ecosupplements.be\/fr\/produit\/super-quotidien-d3-4000-ui-10-ml\/","url":"https:\/\/ecosupplements.be\/fr\/produit\/super-quotidien-d3-4000-ui-10-ml\/","name":"Super Quotidien D3, 4000 UI - 10 ml - ECO Supplements","isPartOf":{"@id":"https:\/\/ecosupplements.be\/fr\/#website"},"primaryImageOfPage":{"@id":"https:\/\/ecosupplements.be\/fr\/produit\/super-quotidien-d3-4000-ui-10-ml\/#primaryimage"},"image":{"@id":"https:\/\/ecosupplements.be\/fr\/produit\/super-quotidien-d3-4000-ui-10-ml\/#primaryimage"},"thumbnailUrl":"https:\/\/ecosupplements.be\/wp-content\/uploads\/2025\/08\/Super-Daily-D3-4000-IU-10-ml.jpg","datePublished":"2024-03-07T09:11:06+00:00","dateModified":"2025-08-27T13:12:55+00:00","description":"Wij hebben een ruime keuze aan producten van Super Quotidien D3, 4000 UI - 10 ml . Winkel bij Eco Supplements altijd gratis verzending boven 100\u20ac","breadcrumb":{"@id":"https:\/\/ecosupplements.be\/fr\/produit\/super-quotidien-d3-4000-ui-10-ml\/#breadcrumb"},"inLanguage":"fr-FR","potentialAction":[{"@type":"ReadAction","target":["https:\/\/ecosupplements.be\/fr\/produit\/super-quotidien-d3-4000-ui-10-ml\/"]}]},{"@type":"ImageObject","inLanguage":"fr-FR","@id":"https:\/\/ecosupplements.be\/fr\/produit\/super-quotidien-d3-4000-ui-10-ml\/#primaryimage","url":"https:\/\/ecosupplements.be\/wp-content\/uploads\/2025\/08\/Super-Daily-D3-4000-IU-10-ml.jpg","contentUrl":"https:\/\/ecosupplements.be\/wp-content\/uploads\/2025\/08\/Super-Daily-D3-4000-IU-10-ml.jpg","width":600,"height":600},{"@type":"BreadcrumbList","@id":"https:\/\/ecosupplements.be\/fr\/produit\/super-quotidien-d3-4000-ui-10-ml\/#breadcrumb","itemListElement":[{"@type":"ListItem","position":1,"name":"Home","item":"https:\/\/ecosupplements.be\/fr\/"},{"@type":"ListItem","position":2,"name":"Boutique","item":"https:\/\/ecosupplements.be\/fr\/boutique\/"},{"@type":"ListItem","position":3,"name":"Super Quotidien D3, 4000 UI &#8211; 10 ml"}]},{"@type":"WebSite","@id":"https:\/\/ecosupplements.be\/fr\/#website","url":"https:\/\/ecosupplements.be\/fr\/","name":"ECO Supplements","description":"Eco Supplements - Gezonde supplementen","publisher":{"@id":"https:\/\/ecosupplements.be\/fr\/#organization"},"potentialAction":[{"@type":"SearchAction","target":{"@type":"EntryPoint","urlTemplate":"https:\/\/ecosupplements.be\/fr\/?s={search_term_string}"},"query-input":{"@type":"PropertyValueSpecification","valueRequired":true,"valueName":"search_term_string"}}],"inLanguage":"fr-FR"},{"@type":"Organization","@id":"https:\/\/ecosupplements.be\/fr\/#organization","name":"Eco Supplements","url":"https:\/\/ecosupplements.be\/fr\/","logo":{"@type":"ImageObject","inLanguage":"fr-FR","@id":"https:\/\/ecosupplements.be\/fr\/#\/schema\/logo\/image\/","url":"https:\/\/ecosupplements.be\/wp-content\/uploads\/2022\/06\/ecosupplement-family.png","contentUrl":"https:\/\/ecosupplements.be\/wp-content\/uploads\/2022\/06\/ecosupplement-family.png","width":593,"height":374,"caption":"Eco Supplements"},"image":{"@id":"https:\/\/ecosupplements.be\/fr\/#\/schema\/logo\/image\/"}}]},"product_brand":"Carlson Labs","product_price_amount":"19.43","product_price_currency":"EUR","og_availability":"instock","product_availability":"instock","product_retailer_item_id":"088395012907","product_condition":"new"},"_links":{"self":[{"href":"https:\/\/ecosupplements.be\/fr\/wp-json\/wp\/v2\/product\/286758","targetHints":{"allow":["GET"]}}],"collection":[{"href":"https:\/\/ecosupplements.be\/fr\/wp-json\/wp\/v2\/product"}],"about":[{"href":"https:\/\/ecosupplements.be\/fr\/wp-json\/wp\/v2\/types\/product"}],"replies":[{"embeddable":true,"href":"https:\/\/ecosupplements.be\/fr\/wp-json\/wp\/v2\/comments?post=286758"}],"wp:featuredmedia":[{"embeddable":true,"href":"https:\/\/ecosupplements.be\/fr\/wp-json\/wp\/v2\/media\/263693"}],"wp:attachment":[{"href":"https:\/\/ecosupplements.be\/fr\/wp-json\/wp\/v2\/media?parent=286758"}],"wp:term":[{"taxonomy":"product_brand","embeddable":true,"href":"https:\/\/ecosupplements.be\/fr\/wp-json\/wp\/v2\/product_brand?post=286758"},{"taxonomy":"product_cat","embeddable":true,"href":"https:\/\/ecosupplements.be\/fr\/wp-json\/wp\/v2\/product_cat?post=286758"},{"taxonomy":"product_tag","embeddable":true,"href":"https:\/\/ecosupplements.be\/fr\/wp-json\/wp\/v2\/product_tag?post=286758"}],"curies":[{"name":"wp","href":"https:\/\/api.w.org\/{rel}","templated":true}]}}