{"id":286767,"date":"2024-03-07T10:30:46","date_gmt":"2024-03-07T09:30:46","guid":{"rendered":"https:\/\/ecosupplements.be\/product\/aller-care-raisin-naturel-118-ml\/"},"modified":"2025-08-27T14:13:03","modified_gmt":"2025-08-27T13:13:03","slug":"aller-care-raisin-naturel-118-ml","status":"publish","type":"product","link":"https:\/\/ecosupplements.be\/fr\/produit\/aller-care-raisin-naturel-118-ml\/","title":{"rendered":"Aller-Care, raisin naturel &#8211; 118 ml"},"content":{"rendered":"<h1>Aller-Care, Natural Grape &#8211; 118 ml<\/h1>\n<p>Si\u200b votre enfant souffre d&#8217;allergies saisonni\u00e8res, il peut \u00eatre difficile de trouver un rem\u00e8de efficace\u2063 et s\u00fbr. \u2063C&#8217;est pourquoi Child Life a cr\u00e9\u00e9\u2063 Aller-Care,\u2064 un \u2064compl\u00e9ment\u2064 alimentaire \u2063naturel \u00e0 base de plantes pour aider \u00e0 soulager les sympt\u00f4mes d&#8217;allergies.<\/p>\n<h2>Caract\u00e9ristiques sp\u00e9ciales:<\/h2>\n<ul>\n<li>Formule naturelle \u00e0\u200c base\u2062 de plantes<\/li>\n<li>Saveur de raisin naturelle et d\u00e9licieuse<\/li>\n<li>Contient des ingr\u00e9dients actifs tels\u200d que la querc\u00e9tine, la brom\u00e9la\u00efne et la vitamine C<\/li>\n<li>Facile \u00e0 prendre \u2063avec une cuill\u00e8re doseuse incluse<\/li>\n<li>Convient aux enfants de \u200cplus de 2 \u200dans<\/li>\n<\/ul>\n<h2>Ingr\u00e9dients cl\u00e9s:<\/h2>\n<p>Aller-Care \u2063contient une combinaison d&#8217;ingr\u00e9dients naturels qui ont \u00e9t\u00e9 \u200dsoigneusement\u2062 s\u00e9lectionn\u00e9s pour leurs propri\u00e9t\u00e9s anti-allergiques \u200cet anti-inflammatoires. Voici quelques-uns des ingr\u00e9dients cl\u00e9s:<\/p>\n<ul>\n<li>Querc\u00e9tine: un antioxydant \u2063puissant qui aide \u00e0 r\u00e9duire l&#8217;inflammation et \u00e0 soulager les sympt\u00f4mes d&#8217;allergies<\/li>\n<li>Brom\u00e9la\u00efne: une enzyme \u200dd\u00e9riv\u00e9e de l&#8217;ananas qui aide \u00e0 r\u00e9duire l&#8217;inflammation et \u00e0 am\u00e9liorer la digestion<\/li>\n<li>Vitamine \u2064C: un nutriment essentiel qui renforce le syst\u00e8me immunitaire et aide \u00e0 combattre les\u200c allergies<\/li>\n<\/ul>\n<h2>Avantages uniques:<\/h2>\n<p>Aller-Care \u200coffre une\u2062 approche naturelle pour\u200c soulager les sympt\u00f4mes d&#8217;allergies sans les effets \u200csecondaires courants des m\u00e9dicaments en\u2064 vente libre. En plus de \u2063soulager les \u00e9ternuements,\u200c la congestion et\u2063 les d\u00e9mangeaisons, Aller-Care peut \u00e9galement\u2063 aider \u00e0 renforcer \u200dle syst\u00e8me immunitaire\u200c de votre enfant pour une meilleure \u200br\u00e9sistance aux allergies\u2064 saisonni\u00e8res.<\/p>\n<h2>Mode d&#8217;emploi:<\/h2>\n<p>Agitez bien avant utilisation. Utilisez la cuill\u00e8re doseuse \u2062incluse pour mesurer la dose appropri\u00e9e en\u2064 fonction de l&#8217;\u00e2ge de votre enfant. Prenez une \u200bfois par jour \u2062ou selon \u200dles recommandations d&#8217;un\u2063 professionnel de la \u200dsant\u00e9.<\/p>\n<p>En \u2063tant que compl\u00e9ment alimentaire, Aller-Care peut \u00eatre pris en continu pendant la saison des allergies pour un soulagement durable.<\/p>\n<h2>Child Life: \u200bune marque de confiance<\/h2>\n<p>Child Life est une\u200c marque de confiance depuis plus \u200bde 20 ans, offrant des compl\u00e9ments alimentaires de qualit\u00e9 \u2062pour les enfants. Tous\u2064 leurs produits sont formul\u00e9s avec des ingr\u00e9dients naturels et \u200bs\u00fbrs pour \u200caider \u00e0 soutenir la \u2064sant\u00e9 \u2062et le \u2063bien-\u00eatre des \u200cenfants.<\/p>\n<p>Donnez \u00e0 votre enfant le\u2064 soulagement naturel dont il\u200b a besoin avec Aller-Care de Child Life. Commandez d\u00e8s maintenant!<\/p>\n","protected":false},"excerpt":{"rendered":"<p>Aller-Care, Natural Grape &#8211; 118 ml Si\u200b votre enfant souffre d&#8217;allergies saisonni\u00e8res, il peut \u00eatre difficile de trouver un rem\u00e8de efficace\u2063 et s\u00fbr. \u2063C&#8217;est pourquoi Child Life a cr\u00e9\u00e9\u2063 Aller-Care,\u2064 un \u2064compl\u00e9ment\u2064 alimentaire \u2063naturel \u00e0 base de plantes pour aider \u00e0 soulager les sympt\u00f4mes d&#8217;allergies. Caract\u00e9ristiques sp\u00e9ciales: Formule naturelle \u00e0\u200c base\u2062 de plantes Saveur de [&#8230;]\n","protected":false},"featured_media":263699,"comment_status":"open","ping_status":"open","template":"","meta":[],"product_brand":[5262,5272],"product_cat":[5075,5116,5052],"product_tag":[],"class_list":{"0":"post-286767","1":"product","2":"type-product","3":"status-publish","4":"has-post-thumbnail","6":"product_brand-child-life-2","7":"product_brand-childlife-2","8":"product_cat-la-sante-des-enfants","9":"product_cat-sante-des-enfants","10":"product_cat-sante-et-bien-etre","12":"first","13":"instock","14":"taxable","15":"shipping-taxable","16":"purchasable","17":"product-type-simple"},"yoast_head":"<!-- This site is optimized with the Yoast SEO Premium plugin v27.3 (Yoast SEO v27.3) - https:\/\/yoast.com\/product\/yoast-seo-premium-wordpress\/ -->\n<title>Aller-Care, raisin naturel - 118 ml - ECO Supplements<\/title>\n<meta name=\"description\" content=\"Wij hebben een ruime keuze aan producten van Aller-Care, raisin naturel - 118 ml . Winkel bij Eco Supplements altijd gratis verzending boven 100\u20ac\" \/>\n<meta name=\"robots\" content=\"index, follow, max-snippet:-1, max-image-preview:large, max-video-preview:-1\" \/>\n<link rel=\"canonical\" href=\"https:\/\/ecosupplements.be\/fr\/produit\/aller-care-raisin-naturel-118-ml\/\" \/>\n<meta property=\"og:locale\" content=\"fr_FR\" \/>\n<meta property=\"og:type\" content=\"article\" \/>\n<meta property=\"og:title\" content=\"Aller-Care, raisin naturel - 118 ml\" \/>\n<meta property=\"og:description\" content=\"Wij hebben een ruime keuze aan producten van Aller-Care, raisin naturel - 118 ml . Winkel bij Eco Supplements altijd gratis verzending boven 100\u20ac\" \/>\n<meta property=\"og:url\" content=\"https:\/\/ecosupplements.be\/fr\/produit\/aller-care-raisin-naturel-118-ml\/\" \/>\n<meta property=\"og:site_name\" content=\"ECO Supplements\" \/>\n<meta property=\"article:modified_time\" content=\"2025-08-27T13:13:03+00:00\" \/>\n<meta property=\"og:image\" content=\"https:\/\/ecosupplements.be\/wp-content\/uploads\/2025\/08\/Aller-Care-Natural-Grape-118-ml-1.jpg\" \/>\n\t<meta property=\"og:image:width\" content=\"600\" \/>\n\t<meta property=\"og:image:height\" content=\"600\" \/>\n\t<meta property=\"og:image:type\" content=\"image\/jpeg\" \/>\n<meta name=\"twitter:card\" content=\"summary_large_image\" \/>\n<meta name=\"twitter:label1\" content=\"Prix\" \/>\n\t<meta name=\"twitter:data1\" content=\"18.78&nbsp;&euro;\" \/>\n\t<meta name=\"twitter:label2\" content=\"Disponibilit\u00e9\" \/>\n\t<meta name=\"twitter:data2\" content=\"En stock\" \/>\n<script type=\"application\/ld+json\" class=\"yoast-schema-graph\">{\"@context\":\"https:\\\/\\\/schema.org\",\"@graph\":[{\"@type\":[\"WebPage\",\"ItemPage\"],\"@id\":\"https:\\\/\\\/ecosupplements.be\\\/fr\\\/produit\\\/aller-care-raisin-naturel-118-ml\\\/\",\"url\":\"https:\\\/\\\/ecosupplements.be\\\/fr\\\/produit\\\/aller-care-raisin-naturel-118-ml\\\/\",\"name\":\"Aller-Care, raisin naturel - 118 ml - ECO Supplements\",\"isPartOf\":{\"@id\":\"https:\\\/\\\/ecosupplements.be\\\/fr\\\/#website\"},\"primaryImageOfPage\":{\"@id\":\"https:\\\/\\\/ecosupplements.be\\\/fr\\\/produit\\\/aller-care-raisin-naturel-118-ml\\\/#primaryimage\"},\"image\":{\"@id\":\"https:\\\/\\\/ecosupplements.be\\\/fr\\\/produit\\\/aller-care-raisin-naturel-118-ml\\\/#primaryimage\"},\"thumbnailUrl\":\"https:\\\/\\\/ecosupplements.be\\\/wp-content\\\/uploads\\\/2025\\\/08\\\/Aller-Care-Natural-Grape-118-ml.jpg\",\"datePublished\":\"2024-03-07T09:30:46+00:00\",\"dateModified\":\"2025-08-27T13:13:03+00:00\",\"description\":\"Wij hebben een ruime keuze aan producten van Aller-Care, raisin naturel - 118 ml . Winkel bij Eco Supplements altijd gratis verzending boven 100\u20ac\",\"breadcrumb\":{\"@id\":\"https:\\\/\\\/ecosupplements.be\\\/fr\\\/produit\\\/aller-care-raisin-naturel-118-ml\\\/#breadcrumb\"},\"inLanguage\":\"fr-FR\",\"potentialAction\":[{\"@type\":\"ReadAction\",\"target\":[\"https:\\\/\\\/ecosupplements.be\\\/fr\\\/produit\\\/aller-care-raisin-naturel-118-ml\\\/\"]}]},{\"@type\":\"ImageObject\",\"inLanguage\":\"fr-FR\",\"@id\":\"https:\\\/\\\/ecosupplements.be\\\/fr\\\/produit\\\/aller-care-raisin-naturel-118-ml\\\/#primaryimage\",\"url\":\"https:\\\/\\\/ecosupplements.be\\\/wp-content\\\/uploads\\\/2025\\\/08\\\/Aller-Care-Natural-Grape-118-ml.jpg\",\"contentUrl\":\"https:\\\/\\\/ecosupplements.be\\\/wp-content\\\/uploads\\\/2025\\\/08\\\/Aller-Care-Natural-Grape-118-ml.jpg\",\"width\":600,\"height\":600},{\"@type\":\"BreadcrumbList\",\"@id\":\"https:\\\/\\\/ecosupplements.be\\\/fr\\\/produit\\\/aller-care-raisin-naturel-118-ml\\\/#breadcrumb\",\"itemListElement\":[{\"@type\":\"ListItem\",\"position\":1,\"name\":\"Home\",\"item\":\"https:\\\/\\\/ecosupplements.be\\\/fr\\\/\"},{\"@type\":\"ListItem\",\"position\":2,\"name\":\"Boutique\",\"item\":\"https:\\\/\\\/ecosupplements.be\\\/fr\\\/boutique\\\/\"},{\"@type\":\"ListItem\",\"position\":3,\"name\":\"Aller-Care, raisin naturel &#8211; 118 ml\"}]},{\"@type\":\"WebSite\",\"@id\":\"https:\\\/\\\/ecosupplements.be\\\/fr\\\/#website\",\"url\":\"https:\\\/\\\/ecosupplements.be\\\/fr\\\/\",\"name\":\"ECO Supplements\",\"description\":\"Eco Supplements - Gezonde supplementen\",\"publisher\":{\"@id\":\"https:\\\/\\\/ecosupplements.be\\\/fr\\\/#organization\"},\"potentialAction\":[{\"@type\":\"SearchAction\",\"target\":{\"@type\":\"EntryPoint\",\"urlTemplate\":\"https:\\\/\\\/ecosupplements.be\\\/fr\\\/?s={search_term_string}\"},\"query-input\":{\"@type\":\"PropertyValueSpecification\",\"valueRequired\":true,\"valueName\":\"search_term_string\"}}],\"inLanguage\":\"fr-FR\"},{\"@type\":\"Organization\",\"@id\":\"https:\\\/\\\/ecosupplements.be\\\/fr\\\/#organization\",\"name\":\"Eco Supplements\",\"url\":\"https:\\\/\\\/ecosupplements.be\\\/fr\\\/\",\"logo\":{\"@type\":\"ImageObject\",\"inLanguage\":\"fr-FR\",\"@id\":\"https:\\\/\\\/ecosupplements.be\\\/fr\\\/#\\\/schema\\\/logo\\\/image\\\/\",\"url\":\"https:\\\/\\\/ecosupplements.be\\\/wp-content\\\/uploads\\\/2022\\\/06\\\/ecosupplement-family.png\",\"contentUrl\":\"https:\\\/\\\/ecosupplements.be\\\/wp-content\\\/uploads\\\/2022\\\/06\\\/ecosupplement-family.png\",\"width\":593,\"height\":374,\"caption\":\"Eco Supplements\"},\"image\":{\"@id\":\"https:\\\/\\\/ecosupplements.be\\\/fr\\\/#\\\/schema\\\/logo\\\/image\\\/\"}}]}<\/script>\n<meta property=\"product:brand\" content=\"Child Life\" \/>\n<meta property=\"product:price:amount\" content=\"18.78\" \/>\n<meta property=\"product:price:currency\" content=\"EUR\" \/>\n<meta property=\"og:availability\" content=\"instock\" \/>\n<meta property=\"product:availability\" content=\"instock\" \/>\n<meta property=\"product:retailer_item_id\" content=\"608274104501\" \/>\n<meta property=\"product:condition\" content=\"new\" \/>\n<!-- \/ Yoast SEO Premium plugin. -->","yoast_head_json":{"title":"Aller-Care, raisin naturel - 118 ml - ECO Supplements","description":"Wij hebben een ruime keuze aan producten van Aller-Care, raisin naturel - 118 ml . Winkel bij Eco Supplements altijd gratis verzending boven 100\u20ac","robots":{"index":"index","follow":"follow","max-snippet":"max-snippet:-1","max-image-preview":"max-image-preview:large","max-video-preview":"max-video-preview:-1"},"canonical":"https:\/\/ecosupplements.be\/fr\/produit\/aller-care-raisin-naturel-118-ml\/","og_locale":"fr_FR","og_type":"article","og_title":"Aller-Care, raisin naturel - 118 ml","og_description":"Wij hebben een ruime keuze aan producten van Aller-Care, raisin naturel - 118 ml . Winkel bij Eco Supplements altijd gratis verzending boven 100\u20ac","og_url":"https:\/\/ecosupplements.be\/fr\/produit\/aller-care-raisin-naturel-118-ml\/","og_site_name":"ECO Supplements","article_modified_time":"2025-08-27T13:13:03+00:00","og_image":[{"width":600,"height":600,"url":"https:\/\/ecosupplements.be\/wp-content\/uploads\/2025\/08\/Aller-Care-Natural-Grape-118-ml-1.jpg","type":"image\/jpeg"}],"twitter_card":"summary_large_image","twitter_misc":{"Prix":"18.78&nbsp;&euro;","Disponibilit\u00e9":"En stock"},"schema":{"@context":"https:\/\/schema.org","@graph":[{"@type":["WebPage","ItemPage"],"@id":"https:\/\/ecosupplements.be\/fr\/produit\/aller-care-raisin-naturel-118-ml\/","url":"https:\/\/ecosupplements.be\/fr\/produit\/aller-care-raisin-naturel-118-ml\/","name":"Aller-Care, raisin naturel - 118 ml - ECO Supplements","isPartOf":{"@id":"https:\/\/ecosupplements.be\/fr\/#website"},"primaryImageOfPage":{"@id":"https:\/\/ecosupplements.be\/fr\/produit\/aller-care-raisin-naturel-118-ml\/#primaryimage"},"image":{"@id":"https:\/\/ecosupplements.be\/fr\/produit\/aller-care-raisin-naturel-118-ml\/#primaryimage"},"thumbnailUrl":"https:\/\/ecosupplements.be\/wp-content\/uploads\/2025\/08\/Aller-Care-Natural-Grape-118-ml.jpg","datePublished":"2024-03-07T09:30:46+00:00","dateModified":"2025-08-27T13:13:03+00:00","description":"Wij hebben een ruime keuze aan producten van Aller-Care, raisin naturel - 118 ml . Winkel bij Eco Supplements altijd gratis verzending boven 100\u20ac","breadcrumb":{"@id":"https:\/\/ecosupplements.be\/fr\/produit\/aller-care-raisin-naturel-118-ml\/#breadcrumb"},"inLanguage":"fr-FR","potentialAction":[{"@type":"ReadAction","target":["https:\/\/ecosupplements.be\/fr\/produit\/aller-care-raisin-naturel-118-ml\/"]}]},{"@type":"ImageObject","inLanguage":"fr-FR","@id":"https:\/\/ecosupplements.be\/fr\/produit\/aller-care-raisin-naturel-118-ml\/#primaryimage","url":"https:\/\/ecosupplements.be\/wp-content\/uploads\/2025\/08\/Aller-Care-Natural-Grape-118-ml.jpg","contentUrl":"https:\/\/ecosupplements.be\/wp-content\/uploads\/2025\/08\/Aller-Care-Natural-Grape-118-ml.jpg","width":600,"height":600},{"@type":"BreadcrumbList","@id":"https:\/\/ecosupplements.be\/fr\/produit\/aller-care-raisin-naturel-118-ml\/#breadcrumb","itemListElement":[{"@type":"ListItem","position":1,"name":"Home","item":"https:\/\/ecosupplements.be\/fr\/"},{"@type":"ListItem","position":2,"name":"Boutique","item":"https:\/\/ecosupplements.be\/fr\/boutique\/"},{"@type":"ListItem","position":3,"name":"Aller-Care, raisin naturel &#8211; 118 ml"}]},{"@type":"WebSite","@id":"https:\/\/ecosupplements.be\/fr\/#website","url":"https:\/\/ecosupplements.be\/fr\/","name":"ECO Supplements","description":"Eco Supplements - Gezonde supplementen","publisher":{"@id":"https:\/\/ecosupplements.be\/fr\/#organization"},"potentialAction":[{"@type":"SearchAction","target":{"@type":"EntryPoint","urlTemplate":"https:\/\/ecosupplements.be\/fr\/?s={search_term_string}"},"query-input":{"@type":"PropertyValueSpecification","valueRequired":true,"valueName":"search_term_string"}}],"inLanguage":"fr-FR"},{"@type":"Organization","@id":"https:\/\/ecosupplements.be\/fr\/#organization","name":"Eco Supplements","url":"https:\/\/ecosupplements.be\/fr\/","logo":{"@type":"ImageObject","inLanguage":"fr-FR","@id":"https:\/\/ecosupplements.be\/fr\/#\/schema\/logo\/image\/","url":"https:\/\/ecosupplements.be\/wp-content\/uploads\/2022\/06\/ecosupplement-family.png","contentUrl":"https:\/\/ecosupplements.be\/wp-content\/uploads\/2022\/06\/ecosupplement-family.png","width":593,"height":374,"caption":"Eco Supplements"},"image":{"@id":"https:\/\/ecosupplements.be\/fr\/#\/schema\/logo\/image\/"}}]},"product_brand":"Child Life","product_price_amount":"18.78","product_price_currency":"EUR","og_availability":"instock","product_availability":"instock","product_retailer_item_id":"608274104501","product_condition":"new"},"_links":{"self":[{"href":"https:\/\/ecosupplements.be\/fr\/wp-json\/wp\/v2\/product\/286767","targetHints":{"allow":["GET"]}}],"collection":[{"href":"https:\/\/ecosupplements.be\/fr\/wp-json\/wp\/v2\/product"}],"about":[{"href":"https:\/\/ecosupplements.be\/fr\/wp-json\/wp\/v2\/types\/product"}],"replies":[{"embeddable":true,"href":"https:\/\/ecosupplements.be\/fr\/wp-json\/wp\/v2\/comments?post=286767"}],"wp:featuredmedia":[{"embeddable":true,"href":"https:\/\/ecosupplements.be\/fr\/wp-json\/wp\/v2\/media\/263699"}],"wp:attachment":[{"href":"https:\/\/ecosupplements.be\/fr\/wp-json\/wp\/v2\/media?parent=286767"}],"wp:term":[{"taxonomy":"product_brand","embeddable":true,"href":"https:\/\/ecosupplements.be\/fr\/wp-json\/wp\/v2\/product_brand?post=286767"},{"taxonomy":"product_cat","embeddable":true,"href":"https:\/\/ecosupplements.be\/fr\/wp-json\/wp\/v2\/product_cat?post=286767"},{"taxonomy":"product_tag","embeddable":true,"href":"https:\/\/ecosupplements.be\/fr\/wp-json\/wp\/v2\/product_tag?post=286767"}],"curies":[{"name":"wp","href":"https:\/\/api.w.org\/{rel}","templated":true}]}}