{"id":286779,"date":"2024-03-07T10:50:45","date_gmt":"2024-03-07T09:50:45","guid":{"rendered":"https:\/\/ecosupplements.be\/product\/calcium-liquide-avec-magnesium-orange-naturelle-473-ml\/"},"modified":"2025-08-27T14:13:17","modified_gmt":"2025-08-27T13:13:17","slug":"calcium-liquide-avec-magnesium-orange-naturelle-473-ml","status":"publish","type":"product","link":"https:\/\/ecosupplements.be\/fr\/produit\/calcium-liquide-avec-magnesium-orange-naturelle-473-ml\/","title":{"rendered":"Calcium liquide avec magn\u00e9sium, orange naturelle &#8211; 473 ml"},"content":{"rendered":"<h1>Liquid Calcium with Magnesium, \u200bNatural Orange &#8211; 473 ml<\/h1>\n<p>Le Liquid Calcium with Magnesium de \u2062la marque Child Life est un compl\u00e9ment alimentaire naturellement riche en\u200b calcium et\u2063 en magn\u00e9sium. Il est sp\u00e9cialement con\u00e7u pour les enfants et\u200c est\u200d disponible en format liquide de 473 ml.<\/p>\n<h2>Caract\u00e9ristiques sp\u00e9ciales:<\/h2>\n<ul>\n<li>Formule liquide facile \u00e0 prendre \u2064pour les\u2063 enfants<\/li>\n<li>Saveur \u200bnaturelle d&#8217;orange<\/li>\n<li>Contient du calcium et\u2064 du magn\u00e9sium pour une croissance et un d\u00e9veloppement osseux sains<\/li>\n<li>Sans gluten, sans colorants artificiels,\u2062 sans \u200dconservateurs\u200d et sans OGM<\/li>\n<\/ul>\n<h2>Ingr\u00e9dients:<\/h2>\n<p>Eau purifi\u00e9e, citrate de calcium, citrate \u2063de magn\u00e9sium,\u200d acide citrique, ar\u00f4me naturel d&#8217;orange, sorbate de potassium,\u2064 gomme\u200c de xanthane, l\u00e9cithine de \u2064tournesol, \u200dextrait de feuille de\u2063 st\u00e9via.<\/p>\n<h2>Avantages uniques:<\/h2>\n<p>Ce compl\u00e9ment\u200d alimentaire est sp\u00e9cialement formul\u00e9 pour \u200bles enfants \u2064afin de leur apporter les nutriments essentiels pour une croissance \u2062et un d\u00e9veloppement osseux sains. Le calcium et le \u200dmagn\u00e9sium\u2062 sont \u200cdes min\u00e9raux importants pour la sant\u00e9 des os et des dents, ainsi que pour le bon \u200cfonctionnement\u200c des\u200c muscles et du syst\u00e8me nerveux.<\/p>\n<h2>Principales caract\u00e9ristiques:<\/h2>\n<ul>\n<li>Contient 800 mg de calcium et 400 mg de magn\u00e9sium par dose \u2063de 15 ml<\/li>\n<li>Facile \u00e0 prendre gr\u00e2ce \u00e0 sa \u200bforme liquide et \u00e0 sa saveur d&#8217;orange<\/li>\n<li>Formule naturelle sans ingr\u00e9dients artificiels<\/li>\n<li>Convient aux enfants de tous \u00e2ges<\/li>\n<\/ul>\n<p>Offrez \u00e0 votre enfant les nutriments dont il a\u2064 besoin pour une croissance et un d\u00e9veloppement sains avec\u200c le Liquid Calcium with Magnesium de \u2064Child Life. N&#8217;h\u00e9sitez pas \u00e0 consulter\u200c un professionnel de \u2064la sant\u00e9 avant de commencer tout nouveau\u2064 compl\u00e9ment alimentaire.<\/p>\n","protected":false},"excerpt":{"rendered":"<p>Liquid Calcium with Magnesium, \u200bNatural Orange &#8211; 473 ml Le Liquid Calcium with Magnesium de \u2062la marque Child Life est un compl\u00e9ment alimentaire naturellement riche en\u200b calcium et\u2063 en magn\u00e9sium. Il est sp\u00e9cialement con\u00e7u pour les enfants et\u200c est\u200d disponible en format liquide de 473 ml. Caract\u00e9ristiques sp\u00e9ciales: Formule liquide facile \u00e0 prendre \u2064pour les\u2063 [&#8230;]\n","protected":false},"featured_media":263714,"comment_status":"open","ping_status":"open","template":"","meta":[],"product_brand":[5262],"product_cat":[5116,5052,5053],"product_tag":[],"class_list":{"0":"post-286779","1":"product","2":"type-product","3":"status-publish","4":"has-post-thumbnail","6":"product_brand-child-life-2","7":"product_cat-sante-des-enfants","8":"product_cat-sante-et-bien-etre","9":"product_cat-vitamines-et-mineraux","11":"first","12":"instock","13":"taxable","14":"shipping-taxable","15":"purchasable","16":"product-type-simple"},"yoast_head":"<!-- This site is optimized with the Yoast SEO Premium plugin v27.3 (Yoast SEO v27.3) - https:\/\/yoast.com\/product\/yoast-seo-premium-wordpress\/ -->\n<title>Calcium liquide avec magn\u00e9sium, orange naturelle - 473 ml - ECO Supplements<\/title>\n<meta name=\"description\" content=\"Wij hebben een ruime keuze aan producten van Calcium liquide avec magn\u00e9sium, orange naturelle - 473 ml . Winkel bij Eco Supplements altijd gratis verzending boven 100\u20ac\" \/>\n<meta name=\"robots\" content=\"index, follow, max-snippet:-1, max-image-preview:large, max-video-preview:-1\" \/>\n<link rel=\"canonical\" href=\"https:\/\/ecosupplements.be\/fr\/produit\/calcium-liquide-avec-magnesium-orange-naturelle-473-ml\/\" \/>\n<meta property=\"og:locale\" content=\"fr_FR\" \/>\n<meta property=\"og:type\" content=\"article\" \/>\n<meta property=\"og:title\" content=\"Calcium liquide avec magn\u00e9sium, orange naturelle - 473 ml\" \/>\n<meta property=\"og:description\" content=\"Wij hebben een ruime keuze aan producten van Calcium liquide avec magn\u00e9sium, orange naturelle - 473 ml . Winkel bij Eco Supplements altijd gratis verzending boven 100\u20ac\" \/>\n<meta property=\"og:url\" content=\"https:\/\/ecosupplements.be\/fr\/produit\/calcium-liquide-avec-magnesium-orange-naturelle-473-ml\/\" \/>\n<meta property=\"og:site_name\" content=\"ECO Supplements\" \/>\n<meta property=\"article:modified_time\" content=\"2025-08-27T13:13:17+00:00\" \/>\n<meta property=\"og:image\" content=\"https:\/\/ecosupplements.be\/wp-content\/uploads\/2025\/08\/Liquid-Calcium-with-Magnesium-Natural-Orange-473-ml-1.jpg\" \/>\n\t<meta property=\"og:image:width\" content=\"600\" \/>\n\t<meta property=\"og:image:height\" content=\"600\" \/>\n\t<meta property=\"og:image:type\" content=\"image\/jpeg\" \/>\n<meta name=\"twitter:card\" content=\"summary_large_image\" \/>\n<meta name=\"twitter:label1\" content=\"Prix\" \/>\n\t<meta name=\"twitter:data1\" content=\"22.90&nbsp;&euro;\" \/>\n\t<meta name=\"twitter:label2\" content=\"Disponibilit\u00e9\" \/>\n\t<meta name=\"twitter:data2\" content=\"En stock\" \/>\n<script type=\"application\/ld+json\" class=\"yoast-schema-graph\">{\"@context\":\"https:\\\/\\\/schema.org\",\"@graph\":[{\"@type\":[\"WebPage\",\"ItemPage\"],\"@id\":\"https:\\\/\\\/ecosupplements.be\\\/fr\\\/produit\\\/calcium-liquide-avec-magnesium-orange-naturelle-473-ml\\\/\",\"url\":\"https:\\\/\\\/ecosupplements.be\\\/fr\\\/produit\\\/calcium-liquide-avec-magnesium-orange-naturelle-473-ml\\\/\",\"name\":\"Calcium liquide avec magn\u00e9sium, orange naturelle - 473 ml - ECO Supplements\",\"isPartOf\":{\"@id\":\"https:\\\/\\\/ecosupplements.be\\\/fr\\\/#website\"},\"primaryImageOfPage\":{\"@id\":\"https:\\\/\\\/ecosupplements.be\\\/fr\\\/produit\\\/calcium-liquide-avec-magnesium-orange-naturelle-473-ml\\\/#primaryimage\"},\"image\":{\"@id\":\"https:\\\/\\\/ecosupplements.be\\\/fr\\\/produit\\\/calcium-liquide-avec-magnesium-orange-naturelle-473-ml\\\/#primaryimage\"},\"thumbnailUrl\":\"https:\\\/\\\/ecosupplements.be\\\/wp-content\\\/uploads\\\/2025\\\/08\\\/Liquid-Calcium-with-Magnesium-Natural-Orange-473-ml.jpg\",\"datePublished\":\"2024-03-07T09:50:45+00:00\",\"dateModified\":\"2025-08-27T13:13:17+00:00\",\"description\":\"Wij hebben een ruime keuze aan producten van Calcium liquide avec magn\u00e9sium, orange naturelle - 473 ml . Winkel bij Eco Supplements altijd gratis verzending boven 100\u20ac\",\"breadcrumb\":{\"@id\":\"https:\\\/\\\/ecosupplements.be\\\/fr\\\/produit\\\/calcium-liquide-avec-magnesium-orange-naturelle-473-ml\\\/#breadcrumb\"},\"inLanguage\":\"fr-FR\",\"potentialAction\":[{\"@type\":\"ReadAction\",\"target\":[\"https:\\\/\\\/ecosupplements.be\\\/fr\\\/produit\\\/calcium-liquide-avec-magnesium-orange-naturelle-473-ml\\\/\"]}]},{\"@type\":\"ImageObject\",\"inLanguage\":\"fr-FR\",\"@id\":\"https:\\\/\\\/ecosupplements.be\\\/fr\\\/produit\\\/calcium-liquide-avec-magnesium-orange-naturelle-473-ml\\\/#primaryimage\",\"url\":\"https:\\\/\\\/ecosupplements.be\\\/wp-content\\\/uploads\\\/2025\\\/08\\\/Liquid-Calcium-with-Magnesium-Natural-Orange-473-ml.jpg\",\"contentUrl\":\"https:\\\/\\\/ecosupplements.be\\\/wp-content\\\/uploads\\\/2025\\\/08\\\/Liquid-Calcium-with-Magnesium-Natural-Orange-473-ml.jpg\",\"width\":600,\"height\":600},{\"@type\":\"BreadcrumbList\",\"@id\":\"https:\\\/\\\/ecosupplements.be\\\/fr\\\/produit\\\/calcium-liquide-avec-magnesium-orange-naturelle-473-ml\\\/#breadcrumb\",\"itemListElement\":[{\"@type\":\"ListItem\",\"position\":1,\"name\":\"Home\",\"item\":\"https:\\\/\\\/ecosupplements.be\\\/fr\\\/\"},{\"@type\":\"ListItem\",\"position\":2,\"name\":\"Boutique\",\"item\":\"https:\\\/\\\/ecosupplements.be\\\/fr\\\/boutique\\\/\"},{\"@type\":\"ListItem\",\"position\":3,\"name\":\"Calcium liquide avec magn\u00e9sium, orange naturelle &#8211; 473 ml\"}]},{\"@type\":\"WebSite\",\"@id\":\"https:\\\/\\\/ecosupplements.be\\\/fr\\\/#website\",\"url\":\"https:\\\/\\\/ecosupplements.be\\\/fr\\\/\",\"name\":\"ECO Supplements\",\"description\":\"Eco Supplements - Gezonde supplementen\",\"publisher\":{\"@id\":\"https:\\\/\\\/ecosupplements.be\\\/fr\\\/#organization\"},\"potentialAction\":[{\"@type\":\"SearchAction\",\"target\":{\"@type\":\"EntryPoint\",\"urlTemplate\":\"https:\\\/\\\/ecosupplements.be\\\/fr\\\/?s={search_term_string}\"},\"query-input\":{\"@type\":\"PropertyValueSpecification\",\"valueRequired\":true,\"valueName\":\"search_term_string\"}}],\"inLanguage\":\"fr-FR\"},{\"@type\":\"Organization\",\"@id\":\"https:\\\/\\\/ecosupplements.be\\\/fr\\\/#organization\",\"name\":\"Eco Supplements\",\"url\":\"https:\\\/\\\/ecosupplements.be\\\/fr\\\/\",\"logo\":{\"@type\":\"ImageObject\",\"inLanguage\":\"fr-FR\",\"@id\":\"https:\\\/\\\/ecosupplements.be\\\/fr\\\/#\\\/schema\\\/logo\\\/image\\\/\",\"url\":\"https:\\\/\\\/ecosupplements.be\\\/wp-content\\\/uploads\\\/2022\\\/06\\\/ecosupplement-family.png\",\"contentUrl\":\"https:\\\/\\\/ecosupplements.be\\\/wp-content\\\/uploads\\\/2022\\\/06\\\/ecosupplement-family.png\",\"width\":593,\"height\":374,\"caption\":\"Eco Supplements\"},\"image\":{\"@id\":\"https:\\\/\\\/ecosupplements.be\\\/fr\\\/#\\\/schema\\\/logo\\\/image\\\/\"}}]}<\/script>\n<meta property=\"product:brand\" content=\"Child Life\" \/>\n<meta property=\"product:price:amount\" content=\"22.90\" \/>\n<meta property=\"product:price:currency\" content=\"EUR\" \/>\n<meta property=\"og:availability\" content=\"instock\" \/>\n<meta property=\"product:availability\" content=\"instock\" \/>\n<meta property=\"product:retailer_item_id\" content=\"608274107007\" \/>\n<meta property=\"product:condition\" content=\"new\" \/>\n<!-- \/ Yoast SEO Premium plugin. -->","yoast_head_json":{"title":"Calcium liquide avec magn\u00e9sium, orange naturelle - 473 ml - ECO Supplements","description":"Wij hebben een ruime keuze aan producten van Calcium liquide avec magn\u00e9sium, orange naturelle - 473 ml . Winkel bij Eco Supplements altijd gratis verzending boven 100\u20ac","robots":{"index":"index","follow":"follow","max-snippet":"max-snippet:-1","max-image-preview":"max-image-preview:large","max-video-preview":"max-video-preview:-1"},"canonical":"https:\/\/ecosupplements.be\/fr\/produit\/calcium-liquide-avec-magnesium-orange-naturelle-473-ml\/","og_locale":"fr_FR","og_type":"article","og_title":"Calcium liquide avec magn\u00e9sium, orange naturelle - 473 ml","og_description":"Wij hebben een ruime keuze aan producten van Calcium liquide avec magn\u00e9sium, orange naturelle - 473 ml . Winkel bij Eco Supplements altijd gratis verzending boven 100\u20ac","og_url":"https:\/\/ecosupplements.be\/fr\/produit\/calcium-liquide-avec-magnesium-orange-naturelle-473-ml\/","og_site_name":"ECO Supplements","article_modified_time":"2025-08-27T13:13:17+00:00","og_image":[{"width":600,"height":600,"url":"https:\/\/ecosupplements.be\/wp-content\/uploads\/2025\/08\/Liquid-Calcium-with-Magnesium-Natural-Orange-473-ml-1.jpg","type":"image\/jpeg"}],"twitter_card":"summary_large_image","twitter_misc":{"Prix":"22.90&nbsp;&euro;","Disponibilit\u00e9":"En stock"},"schema":{"@context":"https:\/\/schema.org","@graph":[{"@type":["WebPage","ItemPage"],"@id":"https:\/\/ecosupplements.be\/fr\/produit\/calcium-liquide-avec-magnesium-orange-naturelle-473-ml\/","url":"https:\/\/ecosupplements.be\/fr\/produit\/calcium-liquide-avec-magnesium-orange-naturelle-473-ml\/","name":"Calcium liquide avec magn\u00e9sium, orange naturelle - 473 ml - ECO Supplements","isPartOf":{"@id":"https:\/\/ecosupplements.be\/fr\/#website"},"primaryImageOfPage":{"@id":"https:\/\/ecosupplements.be\/fr\/produit\/calcium-liquide-avec-magnesium-orange-naturelle-473-ml\/#primaryimage"},"image":{"@id":"https:\/\/ecosupplements.be\/fr\/produit\/calcium-liquide-avec-magnesium-orange-naturelle-473-ml\/#primaryimage"},"thumbnailUrl":"https:\/\/ecosupplements.be\/wp-content\/uploads\/2025\/08\/Liquid-Calcium-with-Magnesium-Natural-Orange-473-ml.jpg","datePublished":"2024-03-07T09:50:45+00:00","dateModified":"2025-08-27T13:13:17+00:00","description":"Wij hebben een ruime keuze aan producten van Calcium liquide avec magn\u00e9sium, orange naturelle - 473 ml . Winkel bij Eco Supplements altijd gratis verzending boven 100\u20ac","breadcrumb":{"@id":"https:\/\/ecosupplements.be\/fr\/produit\/calcium-liquide-avec-magnesium-orange-naturelle-473-ml\/#breadcrumb"},"inLanguage":"fr-FR","potentialAction":[{"@type":"ReadAction","target":["https:\/\/ecosupplements.be\/fr\/produit\/calcium-liquide-avec-magnesium-orange-naturelle-473-ml\/"]}]},{"@type":"ImageObject","inLanguage":"fr-FR","@id":"https:\/\/ecosupplements.be\/fr\/produit\/calcium-liquide-avec-magnesium-orange-naturelle-473-ml\/#primaryimage","url":"https:\/\/ecosupplements.be\/wp-content\/uploads\/2025\/08\/Liquid-Calcium-with-Magnesium-Natural-Orange-473-ml.jpg","contentUrl":"https:\/\/ecosupplements.be\/wp-content\/uploads\/2025\/08\/Liquid-Calcium-with-Magnesium-Natural-Orange-473-ml.jpg","width":600,"height":600},{"@type":"BreadcrumbList","@id":"https:\/\/ecosupplements.be\/fr\/produit\/calcium-liquide-avec-magnesium-orange-naturelle-473-ml\/#breadcrumb","itemListElement":[{"@type":"ListItem","position":1,"name":"Home","item":"https:\/\/ecosupplements.be\/fr\/"},{"@type":"ListItem","position":2,"name":"Boutique","item":"https:\/\/ecosupplements.be\/fr\/boutique\/"},{"@type":"ListItem","position":3,"name":"Calcium liquide avec magn\u00e9sium, orange naturelle &#8211; 473 ml"}]},{"@type":"WebSite","@id":"https:\/\/ecosupplements.be\/fr\/#website","url":"https:\/\/ecosupplements.be\/fr\/","name":"ECO Supplements","description":"Eco Supplements - Gezonde supplementen","publisher":{"@id":"https:\/\/ecosupplements.be\/fr\/#organization"},"potentialAction":[{"@type":"SearchAction","target":{"@type":"EntryPoint","urlTemplate":"https:\/\/ecosupplements.be\/fr\/?s={search_term_string}"},"query-input":{"@type":"PropertyValueSpecification","valueRequired":true,"valueName":"search_term_string"}}],"inLanguage":"fr-FR"},{"@type":"Organization","@id":"https:\/\/ecosupplements.be\/fr\/#organization","name":"Eco Supplements","url":"https:\/\/ecosupplements.be\/fr\/","logo":{"@type":"ImageObject","inLanguage":"fr-FR","@id":"https:\/\/ecosupplements.be\/fr\/#\/schema\/logo\/image\/","url":"https:\/\/ecosupplements.be\/wp-content\/uploads\/2022\/06\/ecosupplement-family.png","contentUrl":"https:\/\/ecosupplements.be\/wp-content\/uploads\/2022\/06\/ecosupplement-family.png","width":593,"height":374,"caption":"Eco Supplements"},"image":{"@id":"https:\/\/ecosupplements.be\/fr\/#\/schema\/logo\/image\/"}}]},"product_brand":"Child Life","product_price_amount":"22.90","product_price_currency":"EUR","og_availability":"instock","product_availability":"instock","product_retailer_item_id":"608274107007","product_condition":"new"},"_links":{"self":[{"href":"https:\/\/ecosupplements.be\/fr\/wp-json\/wp\/v2\/product\/286779","targetHints":{"allow":["GET"]}}],"collection":[{"href":"https:\/\/ecosupplements.be\/fr\/wp-json\/wp\/v2\/product"}],"about":[{"href":"https:\/\/ecosupplements.be\/fr\/wp-json\/wp\/v2\/types\/product"}],"replies":[{"embeddable":true,"href":"https:\/\/ecosupplements.be\/fr\/wp-json\/wp\/v2\/comments?post=286779"}],"wp:featuredmedia":[{"embeddable":true,"href":"https:\/\/ecosupplements.be\/fr\/wp-json\/wp\/v2\/media\/263714"}],"wp:attachment":[{"href":"https:\/\/ecosupplements.be\/fr\/wp-json\/wp\/v2\/media?parent=286779"}],"wp:term":[{"taxonomy":"product_brand","embeddable":true,"href":"https:\/\/ecosupplements.be\/fr\/wp-json\/wp\/v2\/product_brand?post=286779"},{"taxonomy":"product_cat","embeddable":true,"href":"https:\/\/ecosupplements.be\/fr\/wp-json\/wp\/v2\/product_cat?post=286779"},{"taxonomy":"product_tag","embeddable":true,"href":"https:\/\/ecosupplements.be\/fr\/wp-json\/wp\/v2\/product_tag?post=286779"}],"curies":[{"name":"wp","href":"https:\/\/api.w.org\/{rel}","templated":true}]}}