{"id":286782,"date":"2024-03-07T11:00:32","date_gmt":"2024-03-07T10:00:32","guid":{"rendered":"https:\/\/ecosupplements.be\/product\/fer-liquide-baies-naturelles-118-ml\/"},"modified":"2025-08-27T14:13:20","modified_gmt":"2025-08-27T13:13:20","slug":"fer-liquide-baies-naturelles-118-ml","status":"publish","type":"product","link":"https:\/\/ecosupplements.be\/fr\/produit\/fer-liquide-baies-naturelles-118-ml\/","title":{"rendered":"Fer liquide, Baies naturelles &#8211; 118 ml"},"content":{"rendered":"<h1>Liquid Iron, Natural Berry &#8211; 118 ml<\/h1>\n<p>Le Liquid Iron de\u2062 Child Life est un compl\u00e9ment alimentaire naturellement riche en fer, sp\u00e9cialement con\u00e7u pour les enfants.\u200d Sa formule liquide \u00e0 base de plantes est facilement absorb\u00e9e par l&#8217;organisme \u200bet ne contient aucun colorant\u2063 artificiel,\u2063 ar\u00f4me \u200dou \u00e9dulcorant.<\/p>\n<h2>Caract\u00e9ristiques sp\u00e9ciales:<\/h2>\n<ul>\n<li>Formule liquide \u00e0 \u200dbase \u2064de plantes<\/li>\n<li>Facilement absorb\u00e9\u2063 par l&#8217;organisme<\/li>\n<li>Sans colorant artificiel, ar\u00f4me ou \u00e9dulcorant<\/li>\n<li>Sp\u00e9cialement con\u00e7u pour les enfants<\/li>\n<\/ul>\n<h2>Ingr\u00e9dients:<\/h2>\n<p>Chaque dose de\u2064 1\u2064 cuill\u00e8re \u00e0 caf\u00e9 (5 \u2062ml) contient:<\/p>\n<ul>\n<li>Fer (sous forme de\u200d gluconate de fer) &#8211; 10 mg<\/li>\n<li>Vitamine C (sous\u200b forme d&#8217;acide ascorbique) &#8211; 40 mg<\/li>\n<li>Acide folique &#8211; 100 mcg<\/li>\n<li>Vitamine B12 (sous forme de cyanocobalamine) &#8211; 10 mcg<\/li>\n<li>Autres ingr\u00e9dients: eau\u2062 purifi\u00e9e,\u200b glyc\u00e9rine v\u00e9g\u00e9tale, acide \u2063citrique, ar\u00f4me naturel de\u200c baies, gomme\u2064 xanthane, sorbate de potassium, benzoate\u200b de \u2062sodium.<\/li>\n<\/ul>\n<h2>Avantages uniques:<\/h2>\n<p>Le Liquid Iron de Child Life\u200d est \u2064sp\u00e9cialement formul\u00e9 pour r\u00e9pondre aux besoins en fer des enfants. Sa formule liquide \u00e0 base de plantes est facilement \u2063absorb\u00e9e \u200cpar l&#8217;organisme, ce qui\u200c en fait un choix id\u00e9al pour les \u2063enfants qui ont du mal \u00e0 avaler \u2064des comprim\u00e9s ou des capsules. De\u2062 plus, il ne contient aucun ingr\u00e9dient artificiel, ce qui en fait un choix s\u00fbr et \u200bnaturel\u2062 pour votre \u2062enfant.<\/p>\n<h2>Principales caract\u00e9ristiques:<\/h2>\n<ul>\n<li>Formule\u200c liquide \u00e0 base de plantes<\/li>\n<li>Facilement absorb\u00e9\u2062 par l&#8217;organisme<\/li>\n<li>Sans colorant artificiel, ar\u00f4me ou \u00e9dulcorant<\/li>\n<li>Sp\u00e9cialement\u200b con\u00e7u pour les enfants<\/li>\n<li>Contient du fer, de la vitamine C, de l&#8217;acide folique et de la vitamine B12<\/li>\n<li>Convient aux enfants de tous \u00e2ges<\/li>\n<\/ul>\n<p>Donnez \u00e0 votre \u2064enfant le soutien dont il a\u2062 besoin pour une \u2064croissance et un\u2063 d\u00e9veloppement sains avec le Liquid Iron de Child \u200bLife. Commandez d\u00e8s\u2062 maintenant et offrez \u00e0 votre\u200d enfant un compl\u00e9ment alimentaire naturel et efficace pour \u2064maintenir des niveaux de fer ad\u00e9quats.<\/p>\n","protected":false},"excerpt":{"rendered":"<p>Liquid Iron, Natural Berry &#8211; 118 ml Le Liquid Iron de\u2062 Child Life est un compl\u00e9ment alimentaire naturellement riche en fer, sp\u00e9cialement con\u00e7u pour les enfants.\u200d Sa formule liquide \u00e0 base de plantes est facilement absorb\u00e9e par l&#8217;organisme \u200bet ne contient aucun colorant\u2063 artificiel,\u2063 ar\u00f4me \u200dou \u00e9dulcorant. Caract\u00e9ristiques sp\u00e9ciales: Formule liquide \u00e0 \u200dbase \u2064de plantes [&#8230;]\n","protected":false},"featured_media":263717,"comment_status":"open","ping_status":"open","template":"","meta":[],"product_brand":[5262,5273],"product_cat":[5064,5116,5052,5053],"product_tag":[],"class_list":{"0":"post-286782","1":"product","2":"type-product","3":"status-publish","4":"has-post-thumbnail","6":"product_brand-child-life-2","7":"product_brand-child-lifechildlife-2","8":"product_cat-mineraux-simples","9":"product_cat-sante-des-enfants","10":"product_cat-sante-et-bien-etre","11":"product_cat-vitamines-et-mineraux","13":"first","14":"instock","15":"taxable","16":"shipping-taxable","17":"purchasable","18":"product-type-simple"},"yoast_head":"<!-- This site is optimized with the Yoast SEO Premium plugin v27.5 (Yoast SEO v27.5) - https:\/\/yoast.com\/product\/yoast-seo-premium-wordpress\/ -->\n<title>Fer liquide, Baies naturelles - 118 ml - ECO Supplements<\/title>\n<meta name=\"description\" content=\"Wij hebben een ruime keuze aan producten van Fer liquide, Baies naturelles - 118 ml . Winkel bij Eco Supplements altijd gratis verzending boven 100\u20ac\" \/>\n<meta name=\"robots\" content=\"index, follow, max-snippet:-1, max-image-preview:large, max-video-preview:-1\" \/>\n<link rel=\"canonical\" href=\"https:\/\/ecosupplements.be\/fr\/produit\/fer-liquide-baies-naturelles-118-ml\/\" \/>\n<meta property=\"og:locale\" content=\"fr_FR\" \/>\n<meta property=\"og:type\" content=\"article\" \/>\n<meta property=\"og:title\" content=\"Fer liquide, Baies naturelles - 118 ml\" \/>\n<meta property=\"og:description\" content=\"Wij hebben een ruime keuze aan producten van Fer liquide, Baies naturelles - 118 ml . Winkel bij Eco Supplements altijd gratis verzending boven 100\u20ac\" \/>\n<meta property=\"og:url\" content=\"https:\/\/ecosupplements.be\/fr\/produit\/fer-liquide-baies-naturelles-118-ml\/\" \/>\n<meta property=\"og:site_name\" content=\"ECO Supplements\" \/>\n<meta property=\"article:modified_time\" content=\"2025-08-27T13:13:20+00:00\" \/>\n<meta property=\"og:image\" content=\"https:\/\/ecosupplements.be\/wp-content\/uploads\/2025\/08\/Liquid-Iron-Natural-Berry-118-ml-1.jpg\" \/>\n\t<meta property=\"og:image:width\" content=\"600\" \/>\n\t<meta property=\"og:image:height\" content=\"600\" \/>\n\t<meta property=\"og:image:type\" content=\"image\/jpeg\" \/>\n<meta name=\"twitter:card\" content=\"summary_large_image\" \/>\n<meta name=\"twitter:label1\" content=\"Prix\" \/>\n\t<meta name=\"twitter:data1\" content=\"15.98&nbsp;&euro;\" \/>\n\t<meta name=\"twitter:label2\" content=\"Disponibilit\u00e9\" \/>\n\t<meta name=\"twitter:data2\" content=\"En stock\" \/>\n<script type=\"application\/ld+json\" class=\"yoast-schema-graph\">{\"@context\":\"https:\\\/\\\/schema.org\",\"@graph\":[{\"@type\":[\"WebPage\",\"ItemPage\"],\"@id\":\"https:\\\/\\\/ecosupplements.be\\\/fr\\\/produit\\\/fer-liquide-baies-naturelles-118-ml\\\/\",\"url\":\"https:\\\/\\\/ecosupplements.be\\\/fr\\\/produit\\\/fer-liquide-baies-naturelles-118-ml\\\/\",\"name\":\"Fer liquide, Baies naturelles - 118 ml - ECO Supplements\",\"isPartOf\":{\"@id\":\"https:\\\/\\\/ecosupplements.be\\\/fr\\\/#website\"},\"primaryImageOfPage\":{\"@id\":\"https:\\\/\\\/ecosupplements.be\\\/fr\\\/produit\\\/fer-liquide-baies-naturelles-118-ml\\\/#primaryimage\"},\"image\":{\"@id\":\"https:\\\/\\\/ecosupplements.be\\\/fr\\\/produit\\\/fer-liquide-baies-naturelles-118-ml\\\/#primaryimage\"},\"thumbnailUrl\":\"https:\\\/\\\/ecosupplements.be\\\/wp-content\\\/uploads\\\/2025\\\/08\\\/Liquid-Iron-Natural-Berry-118-ml.jpg\",\"datePublished\":\"2024-03-07T10:00:32+00:00\",\"dateModified\":\"2025-08-27T13:13:20+00:00\",\"description\":\"Wij hebben een ruime keuze aan producten van Fer liquide, Baies naturelles - 118 ml . Winkel bij Eco Supplements altijd gratis verzending boven 100\u20ac\",\"breadcrumb\":{\"@id\":\"https:\\\/\\\/ecosupplements.be\\\/fr\\\/produit\\\/fer-liquide-baies-naturelles-118-ml\\\/#breadcrumb\"},\"inLanguage\":\"fr-FR\",\"potentialAction\":[{\"@type\":\"ReadAction\",\"target\":[\"https:\\\/\\\/ecosupplements.be\\\/fr\\\/produit\\\/fer-liquide-baies-naturelles-118-ml\\\/\"]}]},{\"@type\":\"ImageObject\",\"inLanguage\":\"fr-FR\",\"@id\":\"https:\\\/\\\/ecosupplements.be\\\/fr\\\/produit\\\/fer-liquide-baies-naturelles-118-ml\\\/#primaryimage\",\"url\":\"https:\\\/\\\/ecosupplements.be\\\/wp-content\\\/uploads\\\/2025\\\/08\\\/Liquid-Iron-Natural-Berry-118-ml.jpg\",\"contentUrl\":\"https:\\\/\\\/ecosupplements.be\\\/wp-content\\\/uploads\\\/2025\\\/08\\\/Liquid-Iron-Natural-Berry-118-ml.jpg\",\"width\":600,\"height\":600},{\"@type\":\"BreadcrumbList\",\"@id\":\"https:\\\/\\\/ecosupplements.be\\\/fr\\\/produit\\\/fer-liquide-baies-naturelles-118-ml\\\/#breadcrumb\",\"itemListElement\":[{\"@type\":\"ListItem\",\"position\":1,\"name\":\"Home\",\"item\":\"https:\\\/\\\/ecosupplements.be\\\/fr\\\/\"},{\"@type\":\"ListItem\",\"position\":2,\"name\":\"Boutique\",\"item\":\"https:\\\/\\\/ecosupplements.be\\\/fr\\\/boutique\\\/\"},{\"@type\":\"ListItem\",\"position\":3,\"name\":\"Fer liquide, Baies naturelles &#8211; 118 ml\"}]},{\"@type\":\"WebSite\",\"@id\":\"https:\\\/\\\/ecosupplements.be\\\/fr\\\/#website\",\"url\":\"https:\\\/\\\/ecosupplements.be\\\/fr\\\/\",\"name\":\"ECO Supplements\",\"description\":\"Eco Supplements - Gezonde supplementen\",\"publisher\":{\"@id\":\"https:\\\/\\\/ecosupplements.be\\\/fr\\\/#organization\"},\"potentialAction\":[{\"@type\":\"SearchAction\",\"target\":{\"@type\":\"EntryPoint\",\"urlTemplate\":\"https:\\\/\\\/ecosupplements.be\\\/fr\\\/?s={search_term_string}\"},\"query-input\":{\"@type\":\"PropertyValueSpecification\",\"valueRequired\":true,\"valueName\":\"search_term_string\"}}],\"inLanguage\":\"fr-FR\"},{\"@type\":\"Organization\",\"@id\":\"https:\\\/\\\/ecosupplements.be\\\/fr\\\/#organization\",\"name\":\"Eco Supplements\",\"url\":\"https:\\\/\\\/ecosupplements.be\\\/fr\\\/\",\"logo\":{\"@type\":\"ImageObject\",\"inLanguage\":\"fr-FR\",\"@id\":\"https:\\\/\\\/ecosupplements.be\\\/fr\\\/#\\\/schema\\\/logo\\\/image\\\/\",\"url\":\"https:\\\/\\\/ecosupplements.be\\\/wp-content\\\/uploads\\\/2022\\\/06\\\/ecosupplement-family.png\",\"contentUrl\":\"https:\\\/\\\/ecosupplements.be\\\/wp-content\\\/uploads\\\/2022\\\/06\\\/ecosupplement-family.png\",\"width\":593,\"height\":374,\"caption\":\"Eco Supplements\"},\"image\":{\"@id\":\"https:\\\/\\\/ecosupplements.be\\\/fr\\\/#\\\/schema\\\/logo\\\/image\\\/\"}}]}<\/script>\n<meta property=\"product:brand\" content=\"Child Life\" \/>\n<meta property=\"product:price:amount\" content=\"15.98\" \/>\n<meta property=\"product:price:currency\" content=\"EUR\" \/>\n<meta property=\"og:availability\" content=\"instock\" \/>\n<meta property=\"product:availability\" content=\"instock\" \/>\n<meta property=\"product:retailer_item_id\" content=\"608274121003\" \/>\n<meta property=\"product:condition\" content=\"new\" \/>\n<!-- \/ Yoast SEO Premium plugin. -->","yoast_head_json":{"title":"Fer liquide, Baies naturelles - 118 ml - ECO Supplements","description":"Wij hebben een ruime keuze aan producten van Fer liquide, Baies naturelles - 118 ml . Winkel bij Eco Supplements altijd gratis verzending boven 100\u20ac","robots":{"index":"index","follow":"follow","max-snippet":"max-snippet:-1","max-image-preview":"max-image-preview:large","max-video-preview":"max-video-preview:-1"},"canonical":"https:\/\/ecosupplements.be\/fr\/produit\/fer-liquide-baies-naturelles-118-ml\/","og_locale":"fr_FR","og_type":"article","og_title":"Fer liquide, Baies naturelles - 118 ml","og_description":"Wij hebben een ruime keuze aan producten van Fer liquide, Baies naturelles - 118 ml . Winkel bij Eco Supplements altijd gratis verzending boven 100\u20ac","og_url":"https:\/\/ecosupplements.be\/fr\/produit\/fer-liquide-baies-naturelles-118-ml\/","og_site_name":"ECO Supplements","article_modified_time":"2025-08-27T13:13:20+00:00","og_image":[{"width":600,"height":600,"url":"https:\/\/ecosupplements.be\/wp-content\/uploads\/2025\/08\/Liquid-Iron-Natural-Berry-118-ml-1.jpg","type":"image\/jpeg"}],"twitter_card":"summary_large_image","twitter_misc":{"Prix":"15.98&nbsp;&euro;","Disponibilit\u00e9":"En stock"},"schema":{"@context":"https:\/\/schema.org","@graph":[{"@type":["WebPage","ItemPage"],"@id":"https:\/\/ecosupplements.be\/fr\/produit\/fer-liquide-baies-naturelles-118-ml\/","url":"https:\/\/ecosupplements.be\/fr\/produit\/fer-liquide-baies-naturelles-118-ml\/","name":"Fer liquide, Baies naturelles - 118 ml - ECO Supplements","isPartOf":{"@id":"https:\/\/ecosupplements.be\/fr\/#website"},"primaryImageOfPage":{"@id":"https:\/\/ecosupplements.be\/fr\/produit\/fer-liquide-baies-naturelles-118-ml\/#primaryimage"},"image":{"@id":"https:\/\/ecosupplements.be\/fr\/produit\/fer-liquide-baies-naturelles-118-ml\/#primaryimage"},"thumbnailUrl":"https:\/\/ecosupplements.be\/wp-content\/uploads\/2025\/08\/Liquid-Iron-Natural-Berry-118-ml.jpg","datePublished":"2024-03-07T10:00:32+00:00","dateModified":"2025-08-27T13:13:20+00:00","description":"Wij hebben een ruime keuze aan producten van Fer liquide, Baies naturelles - 118 ml . Winkel bij Eco Supplements altijd gratis verzending boven 100\u20ac","breadcrumb":{"@id":"https:\/\/ecosupplements.be\/fr\/produit\/fer-liquide-baies-naturelles-118-ml\/#breadcrumb"},"inLanguage":"fr-FR","potentialAction":[{"@type":"ReadAction","target":["https:\/\/ecosupplements.be\/fr\/produit\/fer-liquide-baies-naturelles-118-ml\/"]}]},{"@type":"ImageObject","inLanguage":"fr-FR","@id":"https:\/\/ecosupplements.be\/fr\/produit\/fer-liquide-baies-naturelles-118-ml\/#primaryimage","url":"https:\/\/ecosupplements.be\/wp-content\/uploads\/2025\/08\/Liquid-Iron-Natural-Berry-118-ml.jpg","contentUrl":"https:\/\/ecosupplements.be\/wp-content\/uploads\/2025\/08\/Liquid-Iron-Natural-Berry-118-ml.jpg","width":600,"height":600},{"@type":"BreadcrumbList","@id":"https:\/\/ecosupplements.be\/fr\/produit\/fer-liquide-baies-naturelles-118-ml\/#breadcrumb","itemListElement":[{"@type":"ListItem","position":1,"name":"Home","item":"https:\/\/ecosupplements.be\/fr\/"},{"@type":"ListItem","position":2,"name":"Boutique","item":"https:\/\/ecosupplements.be\/fr\/boutique\/"},{"@type":"ListItem","position":3,"name":"Fer liquide, Baies naturelles &#8211; 118 ml"}]},{"@type":"WebSite","@id":"https:\/\/ecosupplements.be\/fr\/#website","url":"https:\/\/ecosupplements.be\/fr\/","name":"ECO Supplements","description":"Eco Supplements - Gezonde supplementen","publisher":{"@id":"https:\/\/ecosupplements.be\/fr\/#organization"},"potentialAction":[{"@type":"SearchAction","target":{"@type":"EntryPoint","urlTemplate":"https:\/\/ecosupplements.be\/fr\/?s={search_term_string}"},"query-input":{"@type":"PropertyValueSpecification","valueRequired":true,"valueName":"search_term_string"}}],"inLanguage":"fr-FR"},{"@type":"Organization","@id":"https:\/\/ecosupplements.be\/fr\/#organization","name":"Eco Supplements","url":"https:\/\/ecosupplements.be\/fr\/","logo":{"@type":"ImageObject","inLanguage":"fr-FR","@id":"https:\/\/ecosupplements.be\/fr\/#\/schema\/logo\/image\/","url":"https:\/\/ecosupplements.be\/wp-content\/uploads\/2022\/06\/ecosupplement-family.png","contentUrl":"https:\/\/ecosupplements.be\/wp-content\/uploads\/2022\/06\/ecosupplement-family.png","width":593,"height":374,"caption":"Eco Supplements"},"image":{"@id":"https:\/\/ecosupplements.be\/fr\/#\/schema\/logo\/image\/"}}]},"product_brand":"Child Life","product_price_amount":"15.98","product_price_currency":"EUR","og_availability":"instock","product_availability":"instock","product_retailer_item_id":"608274121003","product_condition":"new"},"_links":{"self":[{"href":"https:\/\/ecosupplements.be\/fr\/wp-json\/wp\/v2\/product\/286782","targetHints":{"allow":["GET"]}}],"collection":[{"href":"https:\/\/ecosupplements.be\/fr\/wp-json\/wp\/v2\/product"}],"about":[{"href":"https:\/\/ecosupplements.be\/fr\/wp-json\/wp\/v2\/types\/product"}],"replies":[{"embeddable":true,"href":"https:\/\/ecosupplements.be\/fr\/wp-json\/wp\/v2\/comments?post=286782"}],"wp:featuredmedia":[{"embeddable":true,"href":"https:\/\/ecosupplements.be\/fr\/wp-json\/wp\/v2\/media\/263717"}],"wp:attachment":[{"href":"https:\/\/ecosupplements.be\/fr\/wp-json\/wp\/v2\/media?parent=286782"}],"wp:term":[{"taxonomy":"product_brand","embeddable":true,"href":"https:\/\/ecosupplements.be\/fr\/wp-json\/wp\/v2\/product_brand?post=286782"},{"taxonomy":"product_cat","embeddable":true,"href":"https:\/\/ecosupplements.be\/fr\/wp-json\/wp\/v2\/product_cat?post=286782"},{"taxonomy":"product_tag","embeddable":true,"href":"https:\/\/ecosupplements.be\/fr\/wp-json\/wp\/v2\/product_tag?post=286782"}],"curies":[{"name":"wp","href":"https:\/\/api.w.org\/{rel}","templated":true}]}}