{"id":286797,"date":"2024-03-07T11:20:43","date_gmt":"2024-03-07T10:20:43","guid":{"rendered":"https:\/\/ecosupplements.be\/product\/vitamine-d3-baies-naturelles-30-ml\/"},"modified":"2025-08-27T14:13:36","modified_gmt":"2025-08-27T13:13:36","slug":"vitamine-d3-baies-naturelles-30-ml","status":"publish","type":"product","link":"https:\/\/ecosupplements.be\/fr\/produit\/vitamine-d3-baies-naturelles-30-ml\/","title":{"rendered":"Vitamine D3, Baies Naturelles &#8211; 30 ml"},"content":{"rendered":"<h1>Vitamin D3, Natural Berry \u2064- 30 ml<\/h1>\n<p>La vitamine\u200b D3, \u00e9galement connue sous le nom de chol\u00e9calcif\u00e9rol, est une vitamine essentielle pour la sant\u00e9 et le bien-\u00eatre g\u00e9n\u00e9ral.\u200d Elle est principalement produite par notre corps lorsqu&#8217;il \u200cest \u2063expos\u00e9 \u00e0 la\u200d lumi\u00e8re du soleil, mais peut \u00e9galement \u00eatre obtenue \u2063\u00e0 partir de sources\u2063 alimentaires et de suppl\u00e9ments.<\/p>\n<p>Child Life est une marque de \u200bconfiance qui s&#8217;engage \u00e0 fournir des produits de qualit\u00e9 pour la sant\u00e9 des enfants. Leur \u2062formule \u200cde vitamine D3,\u200b Natural Berry, est sp\u00e9cialement \u2063con\u00e7ue pour les enfants et est fabriqu\u00e9e aux \u00c9tats-Unis.<\/p>\n<h2>Ingr\u00e9dients<\/h2>\n<ul>\n<li>Vitamine D3 (chol\u00e9calcif\u00e9rol)<\/li>\n<li>Eau \u2062purifi\u00e9e<\/li>\n<li>Glyc\u00e9rine\u2063 v\u00e9g\u00e9tale<\/li>\n<li>Ar\u00f4me naturel de baies<\/li>\n<li>Acide citrique<\/li>\n<li>Benzoate de sodium<\/li>\n<li>Sorbate de potassium<\/li>\n<\/ul>\n<p>Ce produit ne contient pas \u2064de gluten, de produits laitiers, de colorants \u2063artificiels, de conservateurs ou d&#8217;\u00e9dulcorants.<\/p>\n<h2>Avantages uniques<\/h2>\n<p>La vitamine D3\u2062 est \u2064essentielle pour la croissance et le d\u00e9veloppement \u200bdes os et des dents chez les enfants. Elle aide \u00e9galement \u00e0 renforcer le syst\u00e8me immunitaire et \u00e0 maintenir une bonne sant\u00e9 g\u00e9n\u00e9rale. \u2062La formule \u2064de Child Life\u200d est sp\u00e9cialement con\u00e7ue pour les enfants et\u2064 est\u200c facilement absorb\u00e9e par leur corps en pleine \u200dcroissance.<\/p>\n<p>De plus, le \u2062d\u00e9licieux ar\u00f4me naturel \u200bde baies rend la prise de vitamine D3 plus agr\u00e9able pour les enfants, ce qui en\u2062 fait un compl\u00e9ment alimentaire \u200cfacile \u00e0 int\u00e9grer dans \u200dleur\u200d routine quotidienne.<\/p>\n<h2>Caract\u00e9ristiques \u200cprincipales<\/h2>\n<ul>\n<li>Contient 500 \u200bUI de vitamine D3 \u2062par dose<\/li>\n<li>Formule sp\u00e9cialement con\u00e7ue pour \u200dles enfants<\/li>\n<li>Facilement\u2062 absorb\u00e9 par le corps<\/li>\n<li>Ar\u00f4me naturel de baies<\/li>\n<li>Fabriqu\u00e9 aux \u00c9tats-Unis<\/li>\n<li>Ne\u2062 contient pas de gluten,\u200c de produits laitiers, de colorants artificiels, de\u2062 conservateurs\u200b ou d&#8217;\u00e9dulcorants<\/li>\n<\/ul>\n<p>Donnez \u00e0 votre \u2064enfant le soutien dont il \u2063a besoin pour une\u200c croissance et\u200d un d\u00e9veloppement sains avec la vitamine D3 de \u2063Child Life. Commandez d\u00e8s maintenant et\u200b offrez \u00e0 votre enfant une dose de \u200dsant\u00e9 et de bien-\u00eatre\u2063 !<\/p>\n","protected":false},"excerpt":{"rendered":"<p>Vitamin D3, Natural Berry \u2064- 30 ml La vitamine\u200b D3, \u00e9galement connue sous le nom de chol\u00e9calcif\u00e9rol, est une vitamine essentielle pour la sant\u00e9 et le bien-\u00eatre g\u00e9n\u00e9ral.\u200d Elle est principalement produite par notre corps lorsqu&#8217;il \u200cest \u2063expos\u00e9 \u00e0 la\u200d lumi\u00e8re du soleil, mais peut \u00e9galement \u00eatre obtenue \u2063\u00e0 partir de sources\u2063 alimentaires et de [&#8230;]\n","protected":false},"featured_media":263732,"comment_status":"open","ping_status":"open","template":"","meta":[],"product_brand":[5262,5272],"product_cat":[5116,5053,5059],"product_tag":[],"class_list":{"0":"post-286797","1":"product","2":"type-product","3":"status-publish","4":"has-post-thumbnail","6":"product_brand-child-life-2","7":"product_brand-childlife-2","8":"product_cat-sante-des-enfants","9":"product_cat-vitamines-et-mineraux","10":"product_cat-vitamines-simples","12":"first","13":"instock","14":"taxable","15":"shipping-taxable","16":"purchasable","17":"product-type-simple"},"yoast_head":"<!-- This site is optimized with the Yoast SEO Premium plugin v27.3 (Yoast SEO v27.3) - https:\/\/yoast.com\/product\/yoast-seo-premium-wordpress\/ -->\n<title>Vitamine D3, Baies Naturelles - 30 ml - ECO Supplements<\/title>\n<meta name=\"description\" content=\"Wij hebben een ruime keuze aan producten van Vitamine D3, Baies Naturelles - 30 ml . Winkel bij Eco Supplements altijd gratis verzending boven 100\u20ac\" \/>\n<meta name=\"robots\" content=\"index, follow, max-snippet:-1, max-image-preview:large, max-video-preview:-1\" \/>\n<link rel=\"canonical\" href=\"https:\/\/ecosupplements.be\/fr\/produit\/vitamine-d3-baies-naturelles-30-ml\/\" \/>\n<meta property=\"og:locale\" content=\"fr_FR\" \/>\n<meta property=\"og:type\" content=\"article\" \/>\n<meta property=\"og:title\" content=\"Vitamine D3, Baies Naturelles - 30 ml\" \/>\n<meta property=\"og:description\" content=\"Wij hebben een ruime keuze aan producten van Vitamine D3, Baies Naturelles - 30 ml . Winkel bij Eco Supplements altijd gratis verzending boven 100\u20ac\" \/>\n<meta property=\"og:url\" content=\"https:\/\/ecosupplements.be\/fr\/produit\/vitamine-d3-baies-naturelles-30-ml\/\" \/>\n<meta property=\"og:site_name\" content=\"ECO Supplements\" \/>\n<meta property=\"article:modified_time\" content=\"2025-08-27T13:13:36+00:00\" \/>\n<meta property=\"og:image\" content=\"https:\/\/ecosupplements.be\/wp-content\/uploads\/2025\/08\/Vitamin-D3-Natural-Berry-30-ml-1.jpg\" \/>\n\t<meta property=\"og:image:width\" content=\"600\" \/>\n\t<meta property=\"og:image:height\" content=\"600\" \/>\n\t<meta property=\"og:image:type\" content=\"image\/jpeg\" \/>\n<meta name=\"twitter:card\" content=\"summary_large_image\" \/>\n<meta name=\"twitter:label1\" content=\"Prix\" \/>\n\t<meta name=\"twitter:data1\" content=\"9.32&nbsp;&euro;\" \/>\n\t<meta name=\"twitter:label2\" content=\"Disponibilit\u00e9\" \/>\n\t<meta name=\"twitter:data2\" content=\"En stock\" \/>\n<script type=\"application\/ld+json\" class=\"yoast-schema-graph\">{\"@context\":\"https:\\\/\\\/schema.org\",\"@graph\":[{\"@type\":[\"WebPage\",\"ItemPage\"],\"@id\":\"https:\\\/\\\/ecosupplements.be\\\/fr\\\/produit\\\/vitamine-d3-baies-naturelles-30-ml\\\/\",\"url\":\"https:\\\/\\\/ecosupplements.be\\\/fr\\\/produit\\\/vitamine-d3-baies-naturelles-30-ml\\\/\",\"name\":\"Vitamine D3, Baies Naturelles - 30 ml - ECO Supplements\",\"isPartOf\":{\"@id\":\"https:\\\/\\\/ecosupplements.be\\\/fr\\\/#website\"},\"primaryImageOfPage\":{\"@id\":\"https:\\\/\\\/ecosupplements.be\\\/fr\\\/produit\\\/vitamine-d3-baies-naturelles-30-ml\\\/#primaryimage\"},\"image\":{\"@id\":\"https:\\\/\\\/ecosupplements.be\\\/fr\\\/produit\\\/vitamine-d3-baies-naturelles-30-ml\\\/#primaryimage\"},\"thumbnailUrl\":\"https:\\\/\\\/ecosupplements.be\\\/wp-content\\\/uploads\\\/2025\\\/08\\\/Vitamin-D3-Natural-Berry-30-ml.jpg\",\"datePublished\":\"2024-03-07T10:20:43+00:00\",\"dateModified\":\"2025-08-27T13:13:36+00:00\",\"description\":\"Wij hebben een ruime keuze aan producten van Vitamine D3, Baies Naturelles - 30 ml . Winkel bij Eco Supplements altijd gratis verzending boven 100\u20ac\",\"breadcrumb\":{\"@id\":\"https:\\\/\\\/ecosupplements.be\\\/fr\\\/produit\\\/vitamine-d3-baies-naturelles-30-ml\\\/#breadcrumb\"},\"inLanguage\":\"fr-FR\",\"potentialAction\":[{\"@type\":\"ReadAction\",\"target\":[\"https:\\\/\\\/ecosupplements.be\\\/fr\\\/produit\\\/vitamine-d3-baies-naturelles-30-ml\\\/\"]}]},{\"@type\":\"ImageObject\",\"inLanguage\":\"fr-FR\",\"@id\":\"https:\\\/\\\/ecosupplements.be\\\/fr\\\/produit\\\/vitamine-d3-baies-naturelles-30-ml\\\/#primaryimage\",\"url\":\"https:\\\/\\\/ecosupplements.be\\\/wp-content\\\/uploads\\\/2025\\\/08\\\/Vitamin-D3-Natural-Berry-30-ml.jpg\",\"contentUrl\":\"https:\\\/\\\/ecosupplements.be\\\/wp-content\\\/uploads\\\/2025\\\/08\\\/Vitamin-D3-Natural-Berry-30-ml.jpg\",\"width\":600,\"height\":600},{\"@type\":\"BreadcrumbList\",\"@id\":\"https:\\\/\\\/ecosupplements.be\\\/fr\\\/produit\\\/vitamine-d3-baies-naturelles-30-ml\\\/#breadcrumb\",\"itemListElement\":[{\"@type\":\"ListItem\",\"position\":1,\"name\":\"Home\",\"item\":\"https:\\\/\\\/ecosupplements.be\\\/fr\\\/\"},{\"@type\":\"ListItem\",\"position\":2,\"name\":\"Boutique\",\"item\":\"https:\\\/\\\/ecosupplements.be\\\/fr\\\/boutique\\\/\"},{\"@type\":\"ListItem\",\"position\":3,\"name\":\"Vitamine D3, Baies Naturelles &#8211; 30 ml\"}]},{\"@type\":\"WebSite\",\"@id\":\"https:\\\/\\\/ecosupplements.be\\\/fr\\\/#website\",\"url\":\"https:\\\/\\\/ecosupplements.be\\\/fr\\\/\",\"name\":\"ECO Supplements\",\"description\":\"Eco Supplements - Gezonde supplementen\",\"publisher\":{\"@id\":\"https:\\\/\\\/ecosupplements.be\\\/fr\\\/#organization\"},\"potentialAction\":[{\"@type\":\"SearchAction\",\"target\":{\"@type\":\"EntryPoint\",\"urlTemplate\":\"https:\\\/\\\/ecosupplements.be\\\/fr\\\/?s={search_term_string}\"},\"query-input\":{\"@type\":\"PropertyValueSpecification\",\"valueRequired\":true,\"valueName\":\"search_term_string\"}}],\"inLanguage\":\"fr-FR\"},{\"@type\":\"Organization\",\"@id\":\"https:\\\/\\\/ecosupplements.be\\\/fr\\\/#organization\",\"name\":\"Eco Supplements\",\"url\":\"https:\\\/\\\/ecosupplements.be\\\/fr\\\/\",\"logo\":{\"@type\":\"ImageObject\",\"inLanguage\":\"fr-FR\",\"@id\":\"https:\\\/\\\/ecosupplements.be\\\/fr\\\/#\\\/schema\\\/logo\\\/image\\\/\",\"url\":\"https:\\\/\\\/ecosupplements.be\\\/wp-content\\\/uploads\\\/2022\\\/06\\\/ecosupplement-family.png\",\"contentUrl\":\"https:\\\/\\\/ecosupplements.be\\\/wp-content\\\/uploads\\\/2022\\\/06\\\/ecosupplement-family.png\",\"width\":593,\"height\":374,\"caption\":\"Eco Supplements\"},\"image\":{\"@id\":\"https:\\\/\\\/ecosupplements.be\\\/fr\\\/#\\\/schema\\\/logo\\\/image\\\/\"}}]}<\/script>\n<meta property=\"product:brand\" content=\"Child Life\" \/>\n<meta property=\"product:price:amount\" content=\"9.32\" \/>\n<meta property=\"product:price:currency\" content=\"EUR\" \/>\n<meta property=\"og:availability\" content=\"instock\" \/>\n<meta property=\"product:availability\" content=\"instock\" \/>\n<meta property=\"product:retailer_item_id\" content=\"608274109001\" \/>\n<meta property=\"product:condition\" content=\"new\" \/>\n<!-- \/ Yoast SEO Premium plugin. -->","yoast_head_json":{"title":"Vitamine D3, Baies Naturelles - 30 ml - ECO Supplements","description":"Wij hebben een ruime keuze aan producten van Vitamine D3, Baies Naturelles - 30 ml . Winkel bij Eco Supplements altijd gratis verzending boven 100\u20ac","robots":{"index":"index","follow":"follow","max-snippet":"max-snippet:-1","max-image-preview":"max-image-preview:large","max-video-preview":"max-video-preview:-1"},"canonical":"https:\/\/ecosupplements.be\/fr\/produit\/vitamine-d3-baies-naturelles-30-ml\/","og_locale":"fr_FR","og_type":"article","og_title":"Vitamine D3, Baies Naturelles - 30 ml","og_description":"Wij hebben een ruime keuze aan producten van Vitamine D3, Baies Naturelles - 30 ml . Winkel bij Eco Supplements altijd gratis verzending boven 100\u20ac","og_url":"https:\/\/ecosupplements.be\/fr\/produit\/vitamine-d3-baies-naturelles-30-ml\/","og_site_name":"ECO Supplements","article_modified_time":"2025-08-27T13:13:36+00:00","og_image":[{"width":600,"height":600,"url":"https:\/\/ecosupplements.be\/wp-content\/uploads\/2025\/08\/Vitamin-D3-Natural-Berry-30-ml-1.jpg","type":"image\/jpeg"}],"twitter_card":"summary_large_image","twitter_misc":{"Prix":"9.32&nbsp;&euro;","Disponibilit\u00e9":"En stock"},"schema":{"@context":"https:\/\/schema.org","@graph":[{"@type":["WebPage","ItemPage"],"@id":"https:\/\/ecosupplements.be\/fr\/produit\/vitamine-d3-baies-naturelles-30-ml\/","url":"https:\/\/ecosupplements.be\/fr\/produit\/vitamine-d3-baies-naturelles-30-ml\/","name":"Vitamine D3, Baies Naturelles - 30 ml - ECO Supplements","isPartOf":{"@id":"https:\/\/ecosupplements.be\/fr\/#website"},"primaryImageOfPage":{"@id":"https:\/\/ecosupplements.be\/fr\/produit\/vitamine-d3-baies-naturelles-30-ml\/#primaryimage"},"image":{"@id":"https:\/\/ecosupplements.be\/fr\/produit\/vitamine-d3-baies-naturelles-30-ml\/#primaryimage"},"thumbnailUrl":"https:\/\/ecosupplements.be\/wp-content\/uploads\/2025\/08\/Vitamin-D3-Natural-Berry-30-ml.jpg","datePublished":"2024-03-07T10:20:43+00:00","dateModified":"2025-08-27T13:13:36+00:00","description":"Wij hebben een ruime keuze aan producten van Vitamine D3, Baies Naturelles - 30 ml . Winkel bij Eco Supplements altijd gratis verzending boven 100\u20ac","breadcrumb":{"@id":"https:\/\/ecosupplements.be\/fr\/produit\/vitamine-d3-baies-naturelles-30-ml\/#breadcrumb"},"inLanguage":"fr-FR","potentialAction":[{"@type":"ReadAction","target":["https:\/\/ecosupplements.be\/fr\/produit\/vitamine-d3-baies-naturelles-30-ml\/"]}]},{"@type":"ImageObject","inLanguage":"fr-FR","@id":"https:\/\/ecosupplements.be\/fr\/produit\/vitamine-d3-baies-naturelles-30-ml\/#primaryimage","url":"https:\/\/ecosupplements.be\/wp-content\/uploads\/2025\/08\/Vitamin-D3-Natural-Berry-30-ml.jpg","contentUrl":"https:\/\/ecosupplements.be\/wp-content\/uploads\/2025\/08\/Vitamin-D3-Natural-Berry-30-ml.jpg","width":600,"height":600},{"@type":"BreadcrumbList","@id":"https:\/\/ecosupplements.be\/fr\/produit\/vitamine-d3-baies-naturelles-30-ml\/#breadcrumb","itemListElement":[{"@type":"ListItem","position":1,"name":"Home","item":"https:\/\/ecosupplements.be\/fr\/"},{"@type":"ListItem","position":2,"name":"Boutique","item":"https:\/\/ecosupplements.be\/fr\/boutique\/"},{"@type":"ListItem","position":3,"name":"Vitamine D3, Baies Naturelles &#8211; 30 ml"}]},{"@type":"WebSite","@id":"https:\/\/ecosupplements.be\/fr\/#website","url":"https:\/\/ecosupplements.be\/fr\/","name":"ECO Supplements","description":"Eco Supplements - Gezonde supplementen","publisher":{"@id":"https:\/\/ecosupplements.be\/fr\/#organization"},"potentialAction":[{"@type":"SearchAction","target":{"@type":"EntryPoint","urlTemplate":"https:\/\/ecosupplements.be\/fr\/?s={search_term_string}"},"query-input":{"@type":"PropertyValueSpecification","valueRequired":true,"valueName":"search_term_string"}}],"inLanguage":"fr-FR"},{"@type":"Organization","@id":"https:\/\/ecosupplements.be\/fr\/#organization","name":"Eco Supplements","url":"https:\/\/ecosupplements.be\/fr\/","logo":{"@type":"ImageObject","inLanguage":"fr-FR","@id":"https:\/\/ecosupplements.be\/fr\/#\/schema\/logo\/image\/","url":"https:\/\/ecosupplements.be\/wp-content\/uploads\/2022\/06\/ecosupplement-family.png","contentUrl":"https:\/\/ecosupplements.be\/wp-content\/uploads\/2022\/06\/ecosupplement-family.png","width":593,"height":374,"caption":"Eco Supplements"},"image":{"@id":"https:\/\/ecosupplements.be\/fr\/#\/schema\/logo\/image\/"}}]},"product_brand":"Child Life","product_price_amount":"9.32","product_price_currency":"EUR","og_availability":"instock","product_availability":"instock","product_retailer_item_id":"608274109001","product_condition":"new"},"_links":{"self":[{"href":"https:\/\/ecosupplements.be\/fr\/wp-json\/wp\/v2\/product\/286797","targetHints":{"allow":["GET"]}}],"collection":[{"href":"https:\/\/ecosupplements.be\/fr\/wp-json\/wp\/v2\/product"}],"about":[{"href":"https:\/\/ecosupplements.be\/fr\/wp-json\/wp\/v2\/types\/product"}],"replies":[{"embeddable":true,"href":"https:\/\/ecosupplements.be\/fr\/wp-json\/wp\/v2\/comments?post=286797"}],"wp:featuredmedia":[{"embeddable":true,"href":"https:\/\/ecosupplements.be\/fr\/wp-json\/wp\/v2\/media\/263732"}],"wp:attachment":[{"href":"https:\/\/ecosupplements.be\/fr\/wp-json\/wp\/v2\/media?parent=286797"}],"wp:term":[{"taxonomy":"product_brand","embeddable":true,"href":"https:\/\/ecosupplements.be\/fr\/wp-json\/wp\/v2\/product_brand?post=286797"},{"taxonomy":"product_cat","embeddable":true,"href":"https:\/\/ecosupplements.be\/fr\/wp-json\/wp\/v2\/product_cat?post=286797"},{"taxonomy":"product_tag","embeddable":true,"href":"https:\/\/ecosupplements.be\/fr\/wp-json\/wp\/v2\/product_tag?post=286797"}],"curies":[{"name":"wp","href":"https:\/\/api.w.org\/{rel}","templated":true}]}}