{"id":286800,"date":"2024-03-07T11:30:25","date_gmt":"2024-03-07T10:30:25","guid":{"rendered":"https:\/\/ecosupplements.be\/product\/zinc-plus-mangue-fraise-naturelle-118-ml\/"},"modified":"2025-08-27T14:13:38","modified_gmt":"2025-08-27T13:13:38","slug":"zinc-plus-mangue-fraise-naturelle-118-ml","status":"publish","type":"product","link":"https:\/\/ecosupplements.be\/fr\/produit\/zinc-plus-mangue-fraise-naturelle-118-ml\/","title":{"rendered":"Zinc Plus, Mangue Fraise Naturelle &#8211; 118 ml"},"content":{"rendered":"<h1>Zinc Plus, Natural Mango Strawberry &#8211; 118 ml<\/h1>\n<p>Le Zinc Plus de Child Life est un compl\u00e9ment alimentaire naturellement d\u00e9licieux pour les enfants. Cette formule unique combine du zinc avec des saveurs de mangue et\u2064 de fraise pour\u200c une exp\u00e9rience gustative agr\u00e9able. Chaque bouteille contient 118 ml de liquide, ce qui\u2063 \u00e9quivaut \u00e0 environ 24 portions.<\/p>\n<h2>Caract\u00e9ristiques sp\u00e9ciales:<\/h2>\n<ul>\n<li>Formule naturelle et d\u00e9licieuse pour les enfants<\/li>\n<li>Contient du zinc, un min\u00e9ral essentiel pour la croissance et \u2063le d\u00e9veloppement<\/li>\n<li>Saveurs de \u2063mangue et de fraise pour une exp\u00e9rience gustative agr\u00e9able<\/li>\n<li>Facile \u00e0 prendre, pas de pilules\u2063 \u00e0 avaler<\/li>\n<li>Convient aux enfants de tous \u00e2ges<\/li>\n<\/ul>\n<h2>Ingr\u00e9dients:<\/h2>\n<p>Eau purifi\u00e9e, glyc\u00e9rine v\u00e9g\u00e9tale, sorbitol, ar\u00f4mes naturels de \u200dmangue et de fraise, gomme de xanthane, acide citrique, sorbate de \u200bpotassium, benzoate de sodium, extrait\u2062 de feuille de st\u00e9via, gluconate de zinc.<\/p>\n<h2>Avantages uniques:<\/h2>\n<p>Le zinc est un min\u00e9ral essentiel pour la croissance et le \u2063d\u00e9veloppement des enfants. Il joue un r\u00f4le important dans le syst\u00e8me immunitaire, la cicatrisation des plaies\u2062 et la sant\u00e9 des os. Le Zinc Plus\u2063 de Child Life est une fa\u00e7on d\u00e9licieuse et\u200c facile de s&#8217;assurer\u200b que \u200cvotre enfant \u200dre\u00e7oit suffisamment de zinc dans son alimentation.<\/p>\n<h2>Principales caract\u00e9ristiques:<\/h2>\n<ul>\n<li>Contient du zinc, un min\u00e9ral\u2064 essentiel pour la croissance et le d\u00e9veloppement<\/li>\n<li>Saveurs de mangue et de fraise pour une exp\u00e9rience \u2062gustative \u200dagr\u00e9able<\/li>\n<li>Facile \u00e0 prendre, pas de pilules \u00e0 avaler<\/li>\n<li>Convient aux enfants de \u2064tous \u00e2ges<\/li>\n<li>Formule naturelle et d\u00e9licieuse pour les enfants<\/li>\n<\/ul>\n<p>Donnez\u200b \u00e0 votre enfant le meilleur avec le Zinc\u2063 Plus\u200c de\u200d Child Life. Commandez d\u00e8s maintenant et aidez \u00e0 soutenir sa sant\u00e9 et son bien-\u00eatre.<\/p>\n","protected":false},"excerpt":{"rendered":"<p>Zinc Plus, Natural Mango Strawberry &#8211; 118 ml Le Zinc Plus de Child Life est un compl\u00e9ment alimentaire naturellement d\u00e9licieux pour les enfants. Cette formule unique combine du zinc avec des saveurs de mangue et\u2064 de fraise pour\u200c une exp\u00e9rience gustative agr\u00e9able. Chaque bouteille contient 118 ml de liquide, ce qui\u2063 \u00e9quivaut \u00e0 environ 24 [&#8230;]\n","protected":false},"featured_media":263735,"comment_status":"open","ping_status":"open","template":"","meta":[],"product_brand":[5262,5272],"product_cat":[5116,5052,5053],"product_tag":[],"class_list":{"0":"post-286800","1":"product","2":"type-product","3":"status-publish","4":"has-post-thumbnail","6":"product_brand-child-life-2","7":"product_brand-childlife-2","8":"product_cat-sante-des-enfants","9":"product_cat-sante-et-bien-etre","10":"product_cat-vitamines-et-mineraux","12":"first","13":"instock","14":"taxable","15":"shipping-taxable","16":"purchasable","17":"product-type-simple"},"yoast_head":"<!-- This site is optimized with the Yoast SEO Premium plugin v27.3 (Yoast SEO v27.3) - https:\/\/yoast.com\/product\/yoast-seo-premium-wordpress\/ -->\n<title>Zinc Plus, Mangue Fraise Naturelle - 118 ml - ECO Supplements<\/title>\n<meta name=\"description\" content=\"Wij hebben een ruime keuze aan producten van Zinc Plus, Mangue Fraise Naturelle - 118 ml . Winkel bij Eco Supplements altijd gratis verzending boven 100\u20ac\" \/>\n<meta name=\"robots\" content=\"index, follow, max-snippet:-1, max-image-preview:large, max-video-preview:-1\" \/>\n<link rel=\"canonical\" href=\"https:\/\/ecosupplements.be\/fr\/produit\/zinc-plus-mangue-fraise-naturelle-118-ml\/\" \/>\n<meta property=\"og:locale\" content=\"fr_FR\" \/>\n<meta property=\"og:type\" content=\"article\" \/>\n<meta property=\"og:title\" content=\"Zinc Plus, Mangue Fraise Naturelle - 118 ml\" \/>\n<meta property=\"og:description\" content=\"Wij hebben een ruime keuze aan producten van Zinc Plus, Mangue Fraise Naturelle - 118 ml . Winkel bij Eco Supplements altijd gratis verzending boven 100\u20ac\" \/>\n<meta property=\"og:url\" content=\"https:\/\/ecosupplements.be\/fr\/produit\/zinc-plus-mangue-fraise-naturelle-118-ml\/\" \/>\n<meta property=\"og:site_name\" content=\"ECO Supplements\" \/>\n<meta property=\"article:modified_time\" content=\"2025-08-27T13:13:38+00:00\" \/>\n<meta property=\"og:image\" content=\"https:\/\/ecosupplements.be\/wp-content\/uploads\/2025\/08\/Zinc-Plus-Natural-Mango-Strawberry-118-ml-1.jpg\" \/>\n\t<meta property=\"og:image:width\" content=\"600\" \/>\n\t<meta property=\"og:image:height\" content=\"600\" \/>\n\t<meta property=\"og:image:type\" content=\"image\/jpeg\" \/>\n<meta name=\"twitter:card\" content=\"summary_large_image\" \/>\n<meta name=\"twitter:label1\" content=\"Prix\" \/>\n\t<meta name=\"twitter:data1\" content=\"13.71&nbsp;&euro;\" \/>\n\t<meta name=\"twitter:label2\" content=\"Disponibilit\u00e9\" \/>\n\t<meta name=\"twitter:data2\" content=\"En stock\" \/>\n<script type=\"application\/ld+json\" class=\"yoast-schema-graph\">{\"@context\":\"https:\\\/\\\/schema.org\",\"@graph\":[{\"@type\":[\"WebPage\",\"ItemPage\"],\"@id\":\"https:\\\/\\\/ecosupplements.be\\\/fr\\\/produit\\\/zinc-plus-mangue-fraise-naturelle-118-ml\\\/\",\"url\":\"https:\\\/\\\/ecosupplements.be\\\/fr\\\/produit\\\/zinc-plus-mangue-fraise-naturelle-118-ml\\\/\",\"name\":\"Zinc Plus, Mangue Fraise Naturelle - 118 ml - ECO Supplements\",\"isPartOf\":{\"@id\":\"https:\\\/\\\/ecosupplements.be\\\/fr\\\/#website\"},\"primaryImageOfPage\":{\"@id\":\"https:\\\/\\\/ecosupplements.be\\\/fr\\\/produit\\\/zinc-plus-mangue-fraise-naturelle-118-ml\\\/#primaryimage\"},\"image\":{\"@id\":\"https:\\\/\\\/ecosupplements.be\\\/fr\\\/produit\\\/zinc-plus-mangue-fraise-naturelle-118-ml\\\/#primaryimage\"},\"thumbnailUrl\":\"https:\\\/\\\/ecosupplements.be\\\/wp-content\\\/uploads\\\/2025\\\/08\\\/Zinc-Plus-Natural-Mango-Strawberry-118-ml.jpg\",\"datePublished\":\"2024-03-07T10:30:25+00:00\",\"dateModified\":\"2025-08-27T13:13:38+00:00\",\"description\":\"Wij hebben een ruime keuze aan producten van Zinc Plus, Mangue Fraise Naturelle - 118 ml . Winkel bij Eco Supplements altijd gratis verzending boven 100\u20ac\",\"breadcrumb\":{\"@id\":\"https:\\\/\\\/ecosupplements.be\\\/fr\\\/produit\\\/zinc-plus-mangue-fraise-naturelle-118-ml\\\/#breadcrumb\"},\"inLanguage\":\"fr-FR\",\"potentialAction\":[{\"@type\":\"ReadAction\",\"target\":[\"https:\\\/\\\/ecosupplements.be\\\/fr\\\/produit\\\/zinc-plus-mangue-fraise-naturelle-118-ml\\\/\"]}]},{\"@type\":\"ImageObject\",\"inLanguage\":\"fr-FR\",\"@id\":\"https:\\\/\\\/ecosupplements.be\\\/fr\\\/produit\\\/zinc-plus-mangue-fraise-naturelle-118-ml\\\/#primaryimage\",\"url\":\"https:\\\/\\\/ecosupplements.be\\\/wp-content\\\/uploads\\\/2025\\\/08\\\/Zinc-Plus-Natural-Mango-Strawberry-118-ml.jpg\",\"contentUrl\":\"https:\\\/\\\/ecosupplements.be\\\/wp-content\\\/uploads\\\/2025\\\/08\\\/Zinc-Plus-Natural-Mango-Strawberry-118-ml.jpg\",\"width\":600,\"height\":600},{\"@type\":\"BreadcrumbList\",\"@id\":\"https:\\\/\\\/ecosupplements.be\\\/fr\\\/produit\\\/zinc-plus-mangue-fraise-naturelle-118-ml\\\/#breadcrumb\",\"itemListElement\":[{\"@type\":\"ListItem\",\"position\":1,\"name\":\"Home\",\"item\":\"https:\\\/\\\/ecosupplements.be\\\/fr\\\/\"},{\"@type\":\"ListItem\",\"position\":2,\"name\":\"Boutique\",\"item\":\"https:\\\/\\\/ecosupplements.be\\\/fr\\\/boutique\\\/\"},{\"@type\":\"ListItem\",\"position\":3,\"name\":\"Zinc Plus, Mangue Fraise Naturelle &#8211; 118 ml\"}]},{\"@type\":\"WebSite\",\"@id\":\"https:\\\/\\\/ecosupplements.be\\\/fr\\\/#website\",\"url\":\"https:\\\/\\\/ecosupplements.be\\\/fr\\\/\",\"name\":\"ECO Supplements\",\"description\":\"Eco Supplements - Gezonde supplementen\",\"publisher\":{\"@id\":\"https:\\\/\\\/ecosupplements.be\\\/fr\\\/#organization\"},\"potentialAction\":[{\"@type\":\"SearchAction\",\"target\":{\"@type\":\"EntryPoint\",\"urlTemplate\":\"https:\\\/\\\/ecosupplements.be\\\/fr\\\/?s={search_term_string}\"},\"query-input\":{\"@type\":\"PropertyValueSpecification\",\"valueRequired\":true,\"valueName\":\"search_term_string\"}}],\"inLanguage\":\"fr-FR\"},{\"@type\":\"Organization\",\"@id\":\"https:\\\/\\\/ecosupplements.be\\\/fr\\\/#organization\",\"name\":\"Eco Supplements\",\"url\":\"https:\\\/\\\/ecosupplements.be\\\/fr\\\/\",\"logo\":{\"@type\":\"ImageObject\",\"inLanguage\":\"fr-FR\",\"@id\":\"https:\\\/\\\/ecosupplements.be\\\/fr\\\/#\\\/schema\\\/logo\\\/image\\\/\",\"url\":\"https:\\\/\\\/ecosupplements.be\\\/wp-content\\\/uploads\\\/2022\\\/06\\\/ecosupplement-family.png\",\"contentUrl\":\"https:\\\/\\\/ecosupplements.be\\\/wp-content\\\/uploads\\\/2022\\\/06\\\/ecosupplement-family.png\",\"width\":593,\"height\":374,\"caption\":\"Eco Supplements\"},\"image\":{\"@id\":\"https:\\\/\\\/ecosupplements.be\\\/fr\\\/#\\\/schema\\\/logo\\\/image\\\/\"}}]}<\/script>\n<meta property=\"product:brand\" content=\"Child Life\" \/>\n<meta property=\"product:price:amount\" content=\"13.71\" \/>\n<meta property=\"product:price:currency\" content=\"EUR\" \/>\n<meta property=\"og:availability\" content=\"instock\" \/>\n<meta property=\"product:availability\" content=\"instock\" \/>\n<meta property=\"product:retailer_item_id\" content=\"608274103504\" \/>\n<meta property=\"product:condition\" content=\"new\" \/>\n<!-- \/ Yoast SEO Premium plugin. -->","yoast_head_json":{"title":"Zinc Plus, Mangue Fraise Naturelle - 118 ml - ECO Supplements","description":"Wij hebben een ruime keuze aan producten van Zinc Plus, Mangue Fraise Naturelle - 118 ml . Winkel bij Eco Supplements altijd gratis verzending boven 100\u20ac","robots":{"index":"index","follow":"follow","max-snippet":"max-snippet:-1","max-image-preview":"max-image-preview:large","max-video-preview":"max-video-preview:-1"},"canonical":"https:\/\/ecosupplements.be\/fr\/produit\/zinc-plus-mangue-fraise-naturelle-118-ml\/","og_locale":"fr_FR","og_type":"article","og_title":"Zinc Plus, Mangue Fraise Naturelle - 118 ml","og_description":"Wij hebben een ruime keuze aan producten van Zinc Plus, Mangue Fraise Naturelle - 118 ml . Winkel bij Eco Supplements altijd gratis verzending boven 100\u20ac","og_url":"https:\/\/ecosupplements.be\/fr\/produit\/zinc-plus-mangue-fraise-naturelle-118-ml\/","og_site_name":"ECO Supplements","article_modified_time":"2025-08-27T13:13:38+00:00","og_image":[{"width":600,"height":600,"url":"https:\/\/ecosupplements.be\/wp-content\/uploads\/2025\/08\/Zinc-Plus-Natural-Mango-Strawberry-118-ml-1.jpg","type":"image\/jpeg"}],"twitter_card":"summary_large_image","twitter_misc":{"Prix":"13.71&nbsp;&euro;","Disponibilit\u00e9":"En stock"},"schema":{"@context":"https:\/\/schema.org","@graph":[{"@type":["WebPage","ItemPage"],"@id":"https:\/\/ecosupplements.be\/fr\/produit\/zinc-plus-mangue-fraise-naturelle-118-ml\/","url":"https:\/\/ecosupplements.be\/fr\/produit\/zinc-plus-mangue-fraise-naturelle-118-ml\/","name":"Zinc Plus, Mangue Fraise Naturelle - 118 ml - ECO Supplements","isPartOf":{"@id":"https:\/\/ecosupplements.be\/fr\/#website"},"primaryImageOfPage":{"@id":"https:\/\/ecosupplements.be\/fr\/produit\/zinc-plus-mangue-fraise-naturelle-118-ml\/#primaryimage"},"image":{"@id":"https:\/\/ecosupplements.be\/fr\/produit\/zinc-plus-mangue-fraise-naturelle-118-ml\/#primaryimage"},"thumbnailUrl":"https:\/\/ecosupplements.be\/wp-content\/uploads\/2025\/08\/Zinc-Plus-Natural-Mango-Strawberry-118-ml.jpg","datePublished":"2024-03-07T10:30:25+00:00","dateModified":"2025-08-27T13:13:38+00:00","description":"Wij hebben een ruime keuze aan producten van Zinc Plus, Mangue Fraise Naturelle - 118 ml . Winkel bij Eco Supplements altijd gratis verzending boven 100\u20ac","breadcrumb":{"@id":"https:\/\/ecosupplements.be\/fr\/produit\/zinc-plus-mangue-fraise-naturelle-118-ml\/#breadcrumb"},"inLanguage":"fr-FR","potentialAction":[{"@type":"ReadAction","target":["https:\/\/ecosupplements.be\/fr\/produit\/zinc-plus-mangue-fraise-naturelle-118-ml\/"]}]},{"@type":"ImageObject","inLanguage":"fr-FR","@id":"https:\/\/ecosupplements.be\/fr\/produit\/zinc-plus-mangue-fraise-naturelle-118-ml\/#primaryimage","url":"https:\/\/ecosupplements.be\/wp-content\/uploads\/2025\/08\/Zinc-Plus-Natural-Mango-Strawberry-118-ml.jpg","contentUrl":"https:\/\/ecosupplements.be\/wp-content\/uploads\/2025\/08\/Zinc-Plus-Natural-Mango-Strawberry-118-ml.jpg","width":600,"height":600},{"@type":"BreadcrumbList","@id":"https:\/\/ecosupplements.be\/fr\/produit\/zinc-plus-mangue-fraise-naturelle-118-ml\/#breadcrumb","itemListElement":[{"@type":"ListItem","position":1,"name":"Home","item":"https:\/\/ecosupplements.be\/fr\/"},{"@type":"ListItem","position":2,"name":"Boutique","item":"https:\/\/ecosupplements.be\/fr\/boutique\/"},{"@type":"ListItem","position":3,"name":"Zinc Plus, Mangue Fraise Naturelle &#8211; 118 ml"}]},{"@type":"WebSite","@id":"https:\/\/ecosupplements.be\/fr\/#website","url":"https:\/\/ecosupplements.be\/fr\/","name":"ECO Supplements","description":"Eco Supplements - Gezonde supplementen","publisher":{"@id":"https:\/\/ecosupplements.be\/fr\/#organization"},"potentialAction":[{"@type":"SearchAction","target":{"@type":"EntryPoint","urlTemplate":"https:\/\/ecosupplements.be\/fr\/?s={search_term_string}"},"query-input":{"@type":"PropertyValueSpecification","valueRequired":true,"valueName":"search_term_string"}}],"inLanguage":"fr-FR"},{"@type":"Organization","@id":"https:\/\/ecosupplements.be\/fr\/#organization","name":"Eco Supplements","url":"https:\/\/ecosupplements.be\/fr\/","logo":{"@type":"ImageObject","inLanguage":"fr-FR","@id":"https:\/\/ecosupplements.be\/fr\/#\/schema\/logo\/image\/","url":"https:\/\/ecosupplements.be\/wp-content\/uploads\/2022\/06\/ecosupplement-family.png","contentUrl":"https:\/\/ecosupplements.be\/wp-content\/uploads\/2022\/06\/ecosupplement-family.png","width":593,"height":374,"caption":"Eco Supplements"},"image":{"@id":"https:\/\/ecosupplements.be\/fr\/#\/schema\/logo\/image\/"}}]},"product_brand":"Child Life","product_price_amount":"13.71","product_price_currency":"EUR","og_availability":"instock","product_availability":"instock","product_retailer_item_id":"608274103504","product_condition":"new"},"_links":{"self":[{"href":"https:\/\/ecosupplements.be\/fr\/wp-json\/wp\/v2\/product\/286800","targetHints":{"allow":["GET"]}}],"collection":[{"href":"https:\/\/ecosupplements.be\/fr\/wp-json\/wp\/v2\/product"}],"about":[{"href":"https:\/\/ecosupplements.be\/fr\/wp-json\/wp\/v2\/types\/product"}],"replies":[{"embeddable":true,"href":"https:\/\/ecosupplements.be\/fr\/wp-json\/wp\/v2\/comments?post=286800"}],"wp:featuredmedia":[{"embeddable":true,"href":"https:\/\/ecosupplements.be\/fr\/wp-json\/wp\/v2\/media\/263735"}],"wp:attachment":[{"href":"https:\/\/ecosupplements.be\/fr\/wp-json\/wp\/v2\/media?parent=286800"}],"wp:term":[{"taxonomy":"product_brand","embeddable":true,"href":"https:\/\/ecosupplements.be\/fr\/wp-json\/wp\/v2\/product_brand?post=286800"},{"taxonomy":"product_cat","embeddable":true,"href":"https:\/\/ecosupplements.be\/fr\/wp-json\/wp\/v2\/product_cat?post=286800"},{"taxonomy":"product_tag","embeddable":true,"href":"https:\/\/ecosupplements.be\/fr\/wp-json\/wp\/v2\/product_tag?post=286800"}],"curies":[{"name":"wp","href":"https:\/\/api.w.org\/{rel}","templated":true}]}}