{"id":286809,"date":"2022-06-28T10:08:25","date_gmt":"2022-06-28T09:08:25","guid":{"rendered":"https:\/\/ecosupplements.be\/product\/magnesium-a-haute-absorption-105mg-120-gelules\/"},"modified":"2025-08-27T14:13:47","modified_gmt":"2025-08-27T13:13:47","slug":"magnesium-a-haute-absorption-105mg-120-gelules","status":"publish","type":"product","link":"https:\/\/ecosupplements.be\/fr\/produit\/magnesium-a-haute-absorption-105mg-120-gelules\/","title":{"rendered":"Magn\u00e9sium \u00e0 haute absorption, 105mg &#8211; 120 g\u00e9lules"},"content":{"rendered":"<h1>High Absorption Magnesium, 105mg -\u2064 120 vcaps<\/h1>\n<p>Le magn\u00e9sium est un \u2063min\u00e9ral essentiel pour le bon \u2062fonctionnement de notre corps.\u2064 Il joue un r\u00f4le important dans plus de 300 r\u00e9actions enzymatiques et est impliqu\u00e9 dans \u2062de nombreuses fonctions telles que la production d&#8217;\u00e9nergie, la r\u00e9gulation de\u2062 la\u2064 pression\u200b art\u00e9rielle, la sant\u00e9\u200d osseuse et musculaire, ainsi que\u200d la sant\u00e9 mentale et\u2062 \u00e9motionnelle.<\/p>\n<p>Le High Absorption\u2064 Magnesium de Doctor&#8217;s Best est\u2064 une formule hautement biodisponible qui fournit 105mg \u2064de magn\u00e9sium \u00e9l\u00e9mentaire par capsule. Cette formule \u2063utilise le bisglycinate \u200bde magn\u00e9sium, une forme de magn\u00e9sium ch\u00e9lat\u00e9 qui est mieux absorb\u00e9e par le corps que \u200bd&#8217;autres formes de magn\u00e9sium.<\/p>\n<h2>Ingr\u00e9dients cl\u00e9s:<\/h2>\n<ul>\n<li>Bisglycinate\u2064 de magn\u00e9sium: une \u2062forme hautement absorbable de magn\u00e9sium ch\u00e9lat\u00e9 \u200bqui est douce pour l&#8217;estomac et ne\u200b provoque pas de diarrh\u00e9e comme d&#8217;autres\u2063 formes de magn\u00e9sium.<\/li>\n<li>Cellulose microcristalline: un excipient inerte utilis\u00e9 pour \u2063remplir les capsules v\u00e9g\u00e9tales.<\/li>\n<li>St\u00e9arate de magn\u00e9sium: un lubrifiant naturel qui aide \u00e0 pr\u00e9venir\u2064 l&#8217;agglom\u00e9ration des \u2062ingr\u00e9dients.<\/li>\n<li>Cellulose modifi\u00e9e: un agent de rev\u00eatement qui aide \u00e0 prot\u00e9ger\u2062 les ingr\u00e9dients actifs de l&#8217;humidit\u00e9 et de l&#8217;oxydation.<\/li>\n<\/ul>\n<h2>Avantages uniques:<\/h2>\n<ul>\n<li>Formule hautement biodisponible pour une absorption maximale.<\/li>\n<li>Utilise une forme de magn\u00e9sium ch\u00e9lat\u00e9 douce pour l&#8217;estomac.<\/li>\n<li>Ne provoque pas de diarrh\u00e9e\u200b comme d&#8217;autres formes \u200cde \u2063magn\u00e9sium.<\/li>\n<li>Convient aux v\u00e9g\u00e9tariens et \u2063v\u00e9g\u00e9taliens.<\/li>\n<li>Ne contient pas de gluten,\u2064 de \u2063soja,\u2064 de produits laitiers ou d&#8217;OGM.<\/li>\n<\/ul>\n<h2>Conseils d&#8217;utilisation:<\/h2>\n<p>Prenez 2 capsules \u200dpar \u2063jour, de pr\u00e9f\u00e9rence \u200davec un repas.\u200b Il est recommand\u00e9 \u200bde diviser la dose en deux prises\u200d pour une meilleure \u2062absorption.<\/p>\n<p>Le High Absorption Magnesium de Doctor&#8217;s Best\u2062 est \u200dun compl\u00e9ment alimentaire s\u00fbr \u2064et efficace\u2064 pour soutenir votre sant\u00e9 \u200bglobale et\u2062 votre\u200d bien-\u00eatre. \u2064N&#8217;h\u00e9sitez pas \u00e0 l&#8217;ajouter \u00e0\u200d votre routine quotidienne pour profiter de ses nombreux bienfaits pour la sant\u00e9.<\/p>\n","protected":false},"excerpt":{"rendered":"<p>High Absorption Magnesium, 105mg -\u2064 120 vcaps Le magn\u00e9sium est un \u2063min\u00e9ral essentiel pour le bon \u2062fonctionnement de notre corps.\u2064 Il joue un r\u00f4le important dans plus de 300 r\u00e9actions enzymatiques et est impliqu\u00e9 dans \u2062de nombreuses fonctions telles que la production d&#8217;\u00e9nergie, la r\u00e9gulation de\u2062 la\u2064 pression\u200b art\u00e9rielle, la sant\u00e9\u200d osseuse et musculaire, ainsi [&#8230;]\n","protected":false},"featured_media":243243,"comment_status":"open","ping_status":"open","template":"","meta":[],"product_brand":[4674],"product_cat":[5064,5054,5055,5052,5053],"product_tag":[],"class_list":{"0":"post-286809","1":"product","2":"type-product","3":"status-publish","4":"has-post-thumbnail","6":"product_brand-doctors-best-2","7":"product_cat-mineraux-simples","8":"product_cat-nourriture-saine","9":"product_cat-produits-vegetaliens","10":"product_cat-sante-et-bien-etre","11":"product_cat-vitamines-et-mineraux","13":"first","14":"instock","15":"taxable","16":"shipping-taxable","17":"purchasable","18":"product-type-simple"},"yoast_head":"<!-- This site is optimized with the Yoast SEO Premium plugin v27.5 (Yoast SEO v27.5) - https:\/\/yoast.com\/product\/yoast-seo-premium-wordpress\/ -->\n<title>Magn\u00e9sium \u00e0 haute absorption, 105mg - 120 g\u00e9lules - ECO Supplements<\/title>\n<meta name=\"description\" content=\"Wij hebben een ruime keuze aan producten van Magn\u00e9sium \u00e0 haute absorption, 105mg - 120 g\u00e9lules . Winkel bij Eco Supplements altijd gratis verzending boven 100\u20ac\" \/>\n<meta name=\"robots\" content=\"index, follow, max-snippet:-1, max-image-preview:large, max-video-preview:-1\" \/>\n<link rel=\"canonical\" href=\"https:\/\/ecosupplements.be\/fr\/produit\/magnesium-a-haute-absorption-105mg-120-gelules\/\" \/>\n<meta property=\"og:locale\" content=\"fr_FR\" \/>\n<meta property=\"og:type\" content=\"article\" \/>\n<meta property=\"og:title\" content=\"Magn\u00e9sium \u00e0 haute absorption, 105mg - 120 g\u00e9lules\" \/>\n<meta property=\"og:description\" content=\"Wij hebben een ruime keuze aan producten van Magn\u00e9sium \u00e0 haute absorption, 105mg - 120 g\u00e9lules . Winkel bij Eco Supplements altijd gratis verzending boven 100\u20ac\" \/>\n<meta property=\"og:url\" content=\"https:\/\/ecosupplements.be\/fr\/produit\/magnesium-a-haute-absorption-105mg-120-gelules\/\" \/>\n<meta property=\"og:site_name\" content=\"ECO Supplements\" \/>\n<meta property=\"article:modified_time\" content=\"2025-08-27T13:13:47+00:00\" \/>\n<meta property=\"og:image\" content=\"https:\/\/ecosupplements.be\/wp-content\/uploads\/2025\/08\/High-Absorption-Magnesium-105mg-120-vcaps-1.jpg\" \/>\n\t<meta property=\"og:image:width\" content=\"319\" \/>\n\t<meta property=\"og:image:height\" content=\"525\" \/>\n\t<meta property=\"og:image:type\" content=\"image\/jpeg\" \/>\n<meta name=\"twitter:card\" content=\"summary_large_image\" \/>\n<meta name=\"twitter:label1\" content=\"Prix\" \/>\n\t<meta name=\"twitter:data1\" content=\"20.73&nbsp;&euro;\" \/>\n\t<meta name=\"twitter:label2\" content=\"Disponibilit\u00e9\" \/>\n\t<meta name=\"twitter:data2\" content=\"En stock\" \/>\n<script type=\"application\/ld+json\" class=\"yoast-schema-graph\">{\"@context\":\"https:\\\/\\\/schema.org\",\"@graph\":[{\"@type\":[\"WebPage\",\"ItemPage\"],\"@id\":\"https:\\\/\\\/ecosupplements.be\\\/fr\\\/produit\\\/magnesium-a-haute-absorption-105mg-120-gelules\\\/\",\"url\":\"https:\\\/\\\/ecosupplements.be\\\/fr\\\/produit\\\/magnesium-a-haute-absorption-105mg-120-gelules\\\/\",\"name\":\"Magn\u00e9sium \u00e0 haute absorption, 105mg - 120 g\u00e9lules - ECO Supplements\",\"isPartOf\":{\"@id\":\"https:\\\/\\\/ecosupplements.be\\\/fr\\\/#website\"},\"primaryImageOfPage\":{\"@id\":\"https:\\\/\\\/ecosupplements.be\\\/fr\\\/produit\\\/magnesium-a-haute-absorption-105mg-120-gelules\\\/#primaryimage\"},\"image\":{\"@id\":\"https:\\\/\\\/ecosupplements.be\\\/fr\\\/produit\\\/magnesium-a-haute-absorption-105mg-120-gelules\\\/#primaryimage\"},\"thumbnailUrl\":\"https:\\\/\\\/ecosupplements.be\\\/wp-content\\\/uploads\\\/2025\\\/08\\\/High-Absorption-Magnesium-105mg-120-vcaps.jpg\",\"datePublished\":\"2022-06-28T09:08:25+00:00\",\"dateModified\":\"2025-08-27T13:13:47+00:00\",\"description\":\"Wij hebben een ruime keuze aan producten van Magn\u00e9sium \u00e0 haute absorption, 105mg - 120 g\u00e9lules . Winkel bij Eco Supplements altijd gratis verzending boven 100\u20ac\",\"breadcrumb\":{\"@id\":\"https:\\\/\\\/ecosupplements.be\\\/fr\\\/produit\\\/magnesium-a-haute-absorption-105mg-120-gelules\\\/#breadcrumb\"},\"inLanguage\":\"fr-FR\",\"potentialAction\":[{\"@type\":\"ReadAction\",\"target\":[\"https:\\\/\\\/ecosupplements.be\\\/fr\\\/produit\\\/magnesium-a-haute-absorption-105mg-120-gelules\\\/\"]}]},{\"@type\":\"ImageObject\",\"inLanguage\":\"fr-FR\",\"@id\":\"https:\\\/\\\/ecosupplements.be\\\/fr\\\/produit\\\/magnesium-a-haute-absorption-105mg-120-gelules\\\/#primaryimage\",\"url\":\"https:\\\/\\\/ecosupplements.be\\\/wp-content\\\/uploads\\\/2025\\\/08\\\/High-Absorption-Magnesium-105mg-120-vcaps.jpg\",\"contentUrl\":\"https:\\\/\\\/ecosupplements.be\\\/wp-content\\\/uploads\\\/2025\\\/08\\\/High-Absorption-Magnesium-105mg-120-vcaps.jpg\",\"width\":319,\"height\":525},{\"@type\":\"BreadcrumbList\",\"@id\":\"https:\\\/\\\/ecosupplements.be\\\/fr\\\/produit\\\/magnesium-a-haute-absorption-105mg-120-gelules\\\/#breadcrumb\",\"itemListElement\":[{\"@type\":\"ListItem\",\"position\":1,\"name\":\"Home\",\"item\":\"https:\\\/\\\/ecosupplements.be\\\/fr\\\/\"},{\"@type\":\"ListItem\",\"position\":2,\"name\":\"Boutique\",\"item\":\"https:\\\/\\\/ecosupplements.be\\\/fr\\\/boutique\\\/\"},{\"@type\":\"ListItem\",\"position\":3,\"name\":\"Magn\u00e9sium \u00e0 haute absorption, 105mg &#8211; 120 g\u00e9lules\"}]},{\"@type\":\"WebSite\",\"@id\":\"https:\\\/\\\/ecosupplements.be\\\/fr\\\/#website\",\"url\":\"https:\\\/\\\/ecosupplements.be\\\/fr\\\/\",\"name\":\"ECO Supplements\",\"description\":\"Eco Supplements - Gezonde supplementen\",\"publisher\":{\"@id\":\"https:\\\/\\\/ecosupplements.be\\\/fr\\\/#organization\"},\"potentialAction\":[{\"@type\":\"SearchAction\",\"target\":{\"@type\":\"EntryPoint\",\"urlTemplate\":\"https:\\\/\\\/ecosupplements.be\\\/fr\\\/?s={search_term_string}\"},\"query-input\":{\"@type\":\"PropertyValueSpecification\",\"valueRequired\":true,\"valueName\":\"search_term_string\"}}],\"inLanguage\":\"fr-FR\"},{\"@type\":\"Organization\",\"@id\":\"https:\\\/\\\/ecosupplements.be\\\/fr\\\/#organization\",\"name\":\"Eco Supplements\",\"url\":\"https:\\\/\\\/ecosupplements.be\\\/fr\\\/\",\"logo\":{\"@type\":\"ImageObject\",\"inLanguage\":\"fr-FR\",\"@id\":\"https:\\\/\\\/ecosupplements.be\\\/fr\\\/#\\\/schema\\\/logo\\\/image\\\/\",\"url\":\"https:\\\/\\\/ecosupplements.be\\\/wp-content\\\/uploads\\\/2022\\\/06\\\/ecosupplement-family.png\",\"contentUrl\":\"https:\\\/\\\/ecosupplements.be\\\/wp-content\\\/uploads\\\/2022\\\/06\\\/ecosupplement-family.png\",\"width\":593,\"height\":374,\"caption\":\"Eco Supplements\"},\"image\":{\"@id\":\"https:\\\/\\\/ecosupplements.be\\\/fr\\\/#\\\/schema\\\/logo\\\/image\\\/\"}}]}<\/script>\n<meta property=\"product:brand\" content=\"Doctor&#039;s Best\" \/>\n<meta property=\"product:price:amount\" content=\"20.73\" \/>\n<meta property=\"product:price:currency\" content=\"EUR\" \/>\n<meta property=\"og:availability\" content=\"instock\" \/>\n<meta property=\"product:availability\" content=\"instock\" \/>\n<meta property=\"product:retailer_item_id\" content=\"753950005655\" \/>\n<meta property=\"product:condition\" content=\"new\" \/>\n<!-- \/ Yoast SEO Premium plugin. -->","yoast_head_json":{"title":"Magn\u00e9sium \u00e0 haute absorption, 105mg - 120 g\u00e9lules - ECO Supplements","description":"Wij hebben een ruime keuze aan producten van Magn\u00e9sium \u00e0 haute absorption, 105mg - 120 g\u00e9lules . Winkel bij Eco Supplements altijd gratis verzending boven 100\u20ac","robots":{"index":"index","follow":"follow","max-snippet":"max-snippet:-1","max-image-preview":"max-image-preview:large","max-video-preview":"max-video-preview:-1"},"canonical":"https:\/\/ecosupplements.be\/fr\/produit\/magnesium-a-haute-absorption-105mg-120-gelules\/","og_locale":"fr_FR","og_type":"article","og_title":"Magn\u00e9sium \u00e0 haute absorption, 105mg - 120 g\u00e9lules","og_description":"Wij hebben een ruime keuze aan producten van Magn\u00e9sium \u00e0 haute absorption, 105mg - 120 g\u00e9lules . Winkel bij Eco Supplements altijd gratis verzending boven 100\u20ac","og_url":"https:\/\/ecosupplements.be\/fr\/produit\/magnesium-a-haute-absorption-105mg-120-gelules\/","og_site_name":"ECO Supplements","article_modified_time":"2025-08-27T13:13:47+00:00","og_image":[{"width":319,"height":525,"url":"https:\/\/ecosupplements.be\/wp-content\/uploads\/2025\/08\/High-Absorption-Magnesium-105mg-120-vcaps-1.jpg","type":"image\/jpeg"}],"twitter_card":"summary_large_image","twitter_misc":{"Prix":"20.73&nbsp;&euro;","Disponibilit\u00e9":"En stock"},"schema":{"@context":"https:\/\/schema.org","@graph":[{"@type":["WebPage","ItemPage"],"@id":"https:\/\/ecosupplements.be\/fr\/produit\/magnesium-a-haute-absorption-105mg-120-gelules\/","url":"https:\/\/ecosupplements.be\/fr\/produit\/magnesium-a-haute-absorption-105mg-120-gelules\/","name":"Magn\u00e9sium \u00e0 haute absorption, 105mg - 120 g\u00e9lules - ECO Supplements","isPartOf":{"@id":"https:\/\/ecosupplements.be\/fr\/#website"},"primaryImageOfPage":{"@id":"https:\/\/ecosupplements.be\/fr\/produit\/magnesium-a-haute-absorption-105mg-120-gelules\/#primaryimage"},"image":{"@id":"https:\/\/ecosupplements.be\/fr\/produit\/magnesium-a-haute-absorption-105mg-120-gelules\/#primaryimage"},"thumbnailUrl":"https:\/\/ecosupplements.be\/wp-content\/uploads\/2025\/08\/High-Absorption-Magnesium-105mg-120-vcaps.jpg","datePublished":"2022-06-28T09:08:25+00:00","dateModified":"2025-08-27T13:13:47+00:00","description":"Wij hebben een ruime keuze aan producten van Magn\u00e9sium \u00e0 haute absorption, 105mg - 120 g\u00e9lules . Winkel bij Eco Supplements altijd gratis verzending boven 100\u20ac","breadcrumb":{"@id":"https:\/\/ecosupplements.be\/fr\/produit\/magnesium-a-haute-absorption-105mg-120-gelules\/#breadcrumb"},"inLanguage":"fr-FR","potentialAction":[{"@type":"ReadAction","target":["https:\/\/ecosupplements.be\/fr\/produit\/magnesium-a-haute-absorption-105mg-120-gelules\/"]}]},{"@type":"ImageObject","inLanguage":"fr-FR","@id":"https:\/\/ecosupplements.be\/fr\/produit\/magnesium-a-haute-absorption-105mg-120-gelules\/#primaryimage","url":"https:\/\/ecosupplements.be\/wp-content\/uploads\/2025\/08\/High-Absorption-Magnesium-105mg-120-vcaps.jpg","contentUrl":"https:\/\/ecosupplements.be\/wp-content\/uploads\/2025\/08\/High-Absorption-Magnesium-105mg-120-vcaps.jpg","width":319,"height":525},{"@type":"BreadcrumbList","@id":"https:\/\/ecosupplements.be\/fr\/produit\/magnesium-a-haute-absorption-105mg-120-gelules\/#breadcrumb","itemListElement":[{"@type":"ListItem","position":1,"name":"Home","item":"https:\/\/ecosupplements.be\/fr\/"},{"@type":"ListItem","position":2,"name":"Boutique","item":"https:\/\/ecosupplements.be\/fr\/boutique\/"},{"@type":"ListItem","position":3,"name":"Magn\u00e9sium \u00e0 haute absorption, 105mg &#8211; 120 g\u00e9lules"}]},{"@type":"WebSite","@id":"https:\/\/ecosupplements.be\/fr\/#website","url":"https:\/\/ecosupplements.be\/fr\/","name":"ECO Supplements","description":"Eco Supplements - Gezonde supplementen","publisher":{"@id":"https:\/\/ecosupplements.be\/fr\/#organization"},"potentialAction":[{"@type":"SearchAction","target":{"@type":"EntryPoint","urlTemplate":"https:\/\/ecosupplements.be\/fr\/?s={search_term_string}"},"query-input":{"@type":"PropertyValueSpecification","valueRequired":true,"valueName":"search_term_string"}}],"inLanguage":"fr-FR"},{"@type":"Organization","@id":"https:\/\/ecosupplements.be\/fr\/#organization","name":"Eco Supplements","url":"https:\/\/ecosupplements.be\/fr\/","logo":{"@type":"ImageObject","inLanguage":"fr-FR","@id":"https:\/\/ecosupplements.be\/fr\/#\/schema\/logo\/image\/","url":"https:\/\/ecosupplements.be\/wp-content\/uploads\/2022\/06\/ecosupplement-family.png","contentUrl":"https:\/\/ecosupplements.be\/wp-content\/uploads\/2022\/06\/ecosupplement-family.png","width":593,"height":374,"caption":"Eco Supplements"},"image":{"@id":"https:\/\/ecosupplements.be\/fr\/#\/schema\/logo\/image\/"}}]},"product_brand":"Doctor's Best","product_price_amount":"20.73","product_price_currency":"EUR","og_availability":"instock","product_availability":"instock","product_retailer_item_id":"753950005655","product_condition":"new"},"_links":{"self":[{"href":"https:\/\/ecosupplements.be\/fr\/wp-json\/wp\/v2\/product\/286809","targetHints":{"allow":["GET"]}}],"collection":[{"href":"https:\/\/ecosupplements.be\/fr\/wp-json\/wp\/v2\/product"}],"about":[{"href":"https:\/\/ecosupplements.be\/fr\/wp-json\/wp\/v2\/types\/product"}],"replies":[{"embeddable":true,"href":"https:\/\/ecosupplements.be\/fr\/wp-json\/wp\/v2\/comments?post=286809"}],"wp:featuredmedia":[{"embeddable":true,"href":"https:\/\/ecosupplements.be\/fr\/wp-json\/wp\/v2\/media\/243243"}],"wp:attachment":[{"href":"https:\/\/ecosupplements.be\/fr\/wp-json\/wp\/v2\/media?parent=286809"}],"wp:term":[{"taxonomy":"product_brand","embeddable":true,"href":"https:\/\/ecosupplements.be\/fr\/wp-json\/wp\/v2\/product_brand?post=286809"},{"taxonomy":"product_cat","embeddable":true,"href":"https:\/\/ecosupplements.be\/fr\/wp-json\/wp\/v2\/product_cat?post=286809"},{"taxonomy":"product_tag","embeddable":true,"href":"https:\/\/ecosupplements.be\/fr\/wp-json\/wp\/v2\/product_tag?post=286809"}],"curies":[{"name":"wp","href":"https:\/\/api.w.org\/{rel}","templated":true}]}}