{"id":286821,"date":"2022-06-28T10:08:48","date_gmt":"2022-06-28T09:08:48","guid":{"rendered":"https:\/\/ecosupplements.be\/product\/acide-r-lipoique-stabilise-avec-na-rala-bioameliore-200mg-60-gelules\/"},"modified":"2025-08-27T14:13:57","modified_gmt":"2025-08-27T13:13:57","slug":"acide-r-lipoique-stabilise-avec-na-rala-bioameliore-200mg-60-gelules","status":"publish","type":"product","link":"https:\/\/ecosupplements.be\/fr\/produit\/acide-r-lipoique-stabilise-avec-na-rala-bioameliore-200mg-60-gelules\/","title":{"rendered":"Acide R-lipo\u00efque stabilis\u00e9 avec Na-RALA BioAm\u00e9lior\u00e9, 200mg &#8211; 60 g\u00e9lules"},"content":{"rendered":"<h1>Stabilized R-Lipoic Acid with\u200b BioEnhanced Na-RALA, \u200c200mg -\u200c 60 \u2063vcaps<\/h1>\n<p>Le Stabilized R-Lipoic Acid with BioEnhanced Na-RALA de Doctor&#8217;s\u200b Best est un compl\u00e9ment alimentaire hautement efficace qui \u200baide\u200b \u00e0 prot\u00e9ger\u200d et \u00e0 r\u00e9g\u00e9n\u00e9rer \u2063les cellules \u200bdu corps. Cette\u2063 formule unique \u2062contient\u200b 200mg de R-Lipoic \u2063Acid, une forme stabilis\u00e9e de l&#8217;acide alpha-lipo\u00efque, ainsi que du BioEnhanced Na-RALA, une forme biodisponible de l&#8217;acide alpha-lipo\u00efque.<\/p>\n<h2>Caract\u00e9ristiques sp\u00e9ciales:<\/h2>\n<ul>\n<li>Formule hautement efficace pour prot\u00e9ger et\u2062 r\u00e9g\u00e9n\u00e9rer les cellules du corps<\/li>\n<li>Contient 200mg de \u200bR-Lipoic Acid, une\u200b forme stabilis\u00e9e de l&#8217;acide alpha-lipo\u00efque<\/li>\n<li>Utilise\u2062 du BioEnhanced Na-RALA,\u2062 une forme \u2063biodisponible de l&#8217;acide\u200c alpha-lipo\u00efque<\/li>\n<li>Convient aux v\u00e9g\u00e9tariens et v\u00e9g\u00e9taliens<\/li>\n<li>Ne contient pas de \u2063gluten, de soja, de produits\u200b laitiers ou d&#8217;OGM<\/li>\n<\/ul>\n<h2>Ingr\u00e9dients cl\u00e9s:<\/h2>\n<p>Le R-Lipoic\u200b Acid\u2064 est une forme naturelle de l&#8217;acide alpha-lipo\u00efque, un antioxydant puissant\u200c qui aide \u00e0 prot\u00e9ger les\u200b cellules\u200d contre \u2063les \u200cdommages\u200c caus\u00e9s par les radicaux libres. Cependant, le R-Lipoic Acid est souvent instable et difficile \u00e0 absorber par le corps. C&#8217;est pourquoi Doctor&#8217;s \u200cBest utilise une forme \u2064stabilis\u00e9e de R-Lipoic Acid, qui\u2064 est plus facilement absorb\u00e9e et utilis\u00e9e\u200c par le corps.<\/p>\n<p>Le BioEnhanced Na-RALA\u2063 est une\u200b forme biodisponible de l&#8217;acide alpha-lipo\u00efque qui est li\u00e9e \u00e0 du sodium pour une meilleure absorption. \u200bCette forme unique permet au corps \u200dd&#8217;utiliser plus \u2062efficacement l&#8217;acide \u2063alpha-lipo\u00efque pour \u2062prot\u00e9ger les cellules \u200cet soutenir la sant\u00e9 globale.<\/p>\n<h2>Avantages uniques:<\/h2>\n<ul>\n<li>Aide \u00e0 prot\u00e9ger les cellules contre les dommages \u2063caus\u00e9s par \u200bles \u2063radicaux libres<\/li>\n<li>Contribue \u00e0 la r\u00e9g\u00e9n\u00e9ration des antioxydants tels que la \u200bvitamine C et la\u2062 vitamine E<\/li>\n<li>Soutient la sant\u00e9 cardiovasculaire et neurologique<\/li>\n<li>Peut\u2064 aider \u00e0 maintenir un\u200c taux de sucre\u2062 sanguin sain<\/li>\n<li>Peut am\u00e9liorer la fonction mitochondriale\u2064 et l&#8217;\u00e9nergie cellulaire<\/li>\n<\/ul>\n<h2>Utilisation sugg\u00e9r\u00e9e:<\/h2>\n<p>Prenez 1 capsule v\u00e9g\u00e9tale par jour, de \u200bpr\u00e9f\u00e9rence avec un repas, ou selon les directives d&#8217;un professionnel de \u2064la \u200bsant\u00e9 qualifi\u00e9.<\/p>\n<p>Prot\u00e9gez et r\u00e9g\u00e9n\u00e9rez vos cellules avec\u200b le Stabilized R-Lipoic Acid with BioEnhanced Na-RALA\u2063 de Doctor&#8217;s Best. Commandez d\u00e8s maintenant et profitez des \u2064bienfaits de cette formule hautement efficace pour votre sant\u00e9 globale.<\/p>\n","protected":false},"excerpt":{"rendered":"<p>Stabilized R-Lipoic Acid with\u200b BioEnhanced Na-RALA, \u200c200mg -\u200c 60 \u2063vcaps Le Stabilized R-Lipoic Acid with BioEnhanced Na-RALA de Doctor&#8217;s\u200b Best est un compl\u00e9ment alimentaire hautement efficace qui \u200baide\u200b \u00e0 prot\u00e9ger\u200d et \u00e0 r\u00e9g\u00e9n\u00e9rer \u2063les cellules \u200bdu corps. Cette\u2063 formule unique \u2062contient\u200b 200mg de R-Lipoic \u2063Acid, une forme stabilis\u00e9e de l&#8217;acide alpha-lipo\u00efque, ainsi que du BioEnhanced [&#8230;]\n","protected":false},"featured_media":243572,"comment_status":"open","ping_status":"open","template":"","meta":[],"product_brand":[4674],"product_cat":[5054,5055,5052,5053],"product_tag":[],"class_list":{"0":"post-286821","1":"product","2":"type-product","3":"status-publish","4":"has-post-thumbnail","6":"product_brand-doctors-best-2","7":"product_cat-nourriture-saine","8":"product_cat-produits-vegetaliens","9":"product_cat-sante-et-bien-etre","10":"product_cat-vitamines-et-mineraux","12":"first","13":"instock","14":"taxable","15":"shipping-taxable","16":"purchasable","17":"product-type-simple"},"yoast_head":"<!-- This site is optimized with the Yoast SEO Premium plugin v27.5 (Yoast SEO v27.5) - https:\/\/yoast.com\/product\/yoast-seo-premium-wordpress\/ -->\n<title>Acide R-lipo\u00efque stabilis\u00e9 avec Na-RALA BioAm\u00e9lior\u00e9, 200mg - 60 g\u00e9lules - ECO Supplements<\/title>\n<meta name=\"description\" content=\"Wij hebben een ruime keuze aan producten van Acide R-lipo\u00efque stabilis\u00e9 avec Na-RALA BioAm\u00e9lior\u00e9, 200mg - 60 g\u00e9lules . Winkel bij Eco Supplements altijd gratis verzending boven 100\u20ac\" \/>\n<meta name=\"robots\" content=\"index, follow, max-snippet:-1, max-image-preview:large, max-video-preview:-1\" \/>\n<link rel=\"canonical\" href=\"https:\/\/ecosupplements.be\/fr\/produit\/acide-r-lipoique-stabilise-avec-na-rala-bioameliore-200mg-60-gelules\/\" \/>\n<meta property=\"og:locale\" content=\"fr_FR\" \/>\n<meta property=\"og:type\" content=\"article\" \/>\n<meta property=\"og:title\" content=\"Acide R-lipo\u00efque stabilis\u00e9 avec Na-RALA BioAm\u00e9lior\u00e9, 200mg - 60 g\u00e9lules\" \/>\n<meta property=\"og:description\" content=\"Wij hebben een ruime keuze aan producten van Acide R-lipo\u00efque stabilis\u00e9 avec Na-RALA BioAm\u00e9lior\u00e9, 200mg - 60 g\u00e9lules . Winkel bij Eco Supplements altijd gratis verzending boven 100\u20ac\" \/>\n<meta property=\"og:url\" content=\"https:\/\/ecosupplements.be\/fr\/produit\/acide-r-lipoique-stabilise-avec-na-rala-bioameliore-200mg-60-gelules\/\" \/>\n<meta property=\"og:site_name\" content=\"ECO Supplements\" \/>\n<meta property=\"article:modified_time\" content=\"2025-08-27T13:13:57+00:00\" \/>\n<meta property=\"og:image\" content=\"https:\/\/ecosupplements.be\/wp-content\/uploads\/2025\/08\/Stabilized-R-Lipoic-Acid-with-BioEnhanced-Na-RALA-200mg-60-vcaps-1.jpg\" \/>\n\t<meta property=\"og:image:width\" content=\"305\" \/>\n\t<meta property=\"og:image:height\" content=\"595\" \/>\n\t<meta property=\"og:image:type\" content=\"image\/jpeg\" \/>\n<meta name=\"twitter:card\" content=\"summary_large_image\" \/>\n<meta name=\"twitter:label1\" content=\"Prix\" \/>\n\t<meta name=\"twitter:data1\" content=\"53.54&nbsp;&euro;\" \/>\n\t<meta name=\"twitter:label2\" content=\"Disponibilit\u00e9\" \/>\n\t<meta name=\"twitter:data2\" content=\"En stock\" \/>\n<script type=\"application\/ld+json\" class=\"yoast-schema-graph\">{\"@context\":\"https:\\\/\\\/schema.org\",\"@graph\":[{\"@type\":[\"WebPage\",\"ItemPage\"],\"@id\":\"https:\\\/\\\/ecosupplements.be\\\/fr\\\/produit\\\/acide-r-lipoique-stabilise-avec-na-rala-bioameliore-200mg-60-gelules\\\/\",\"url\":\"https:\\\/\\\/ecosupplements.be\\\/fr\\\/produit\\\/acide-r-lipoique-stabilise-avec-na-rala-bioameliore-200mg-60-gelules\\\/\",\"name\":\"Acide R-lipo\u00efque stabilis\u00e9 avec Na-RALA BioAm\u00e9lior\u00e9, 200mg - 60 g\u00e9lules - ECO Supplements\",\"isPartOf\":{\"@id\":\"https:\\\/\\\/ecosupplements.be\\\/fr\\\/#website\"},\"primaryImageOfPage\":{\"@id\":\"https:\\\/\\\/ecosupplements.be\\\/fr\\\/produit\\\/acide-r-lipoique-stabilise-avec-na-rala-bioameliore-200mg-60-gelules\\\/#primaryimage\"},\"image\":{\"@id\":\"https:\\\/\\\/ecosupplements.be\\\/fr\\\/produit\\\/acide-r-lipoique-stabilise-avec-na-rala-bioameliore-200mg-60-gelules\\\/#primaryimage\"},\"thumbnailUrl\":\"https:\\\/\\\/ecosupplements.be\\\/wp-content\\\/uploads\\\/2025\\\/08\\\/Stabilized-R-Lipoic-Acid-with-BioEnhanced-Na-RALA-200mg-60-vcaps.jpg\",\"datePublished\":\"2022-06-28T09:08:48+00:00\",\"dateModified\":\"2025-08-27T13:13:57+00:00\",\"description\":\"Wij hebben een ruime keuze aan producten van Acide R-lipo\u00efque stabilis\u00e9 avec Na-RALA BioAm\u00e9lior\u00e9, 200mg - 60 g\u00e9lules . Winkel bij Eco Supplements altijd gratis verzending boven 100\u20ac\",\"breadcrumb\":{\"@id\":\"https:\\\/\\\/ecosupplements.be\\\/fr\\\/produit\\\/acide-r-lipoique-stabilise-avec-na-rala-bioameliore-200mg-60-gelules\\\/#breadcrumb\"},\"inLanguage\":\"fr-FR\",\"potentialAction\":[{\"@type\":\"ReadAction\",\"target\":[\"https:\\\/\\\/ecosupplements.be\\\/fr\\\/produit\\\/acide-r-lipoique-stabilise-avec-na-rala-bioameliore-200mg-60-gelules\\\/\"]}]},{\"@type\":\"ImageObject\",\"inLanguage\":\"fr-FR\",\"@id\":\"https:\\\/\\\/ecosupplements.be\\\/fr\\\/produit\\\/acide-r-lipoique-stabilise-avec-na-rala-bioameliore-200mg-60-gelules\\\/#primaryimage\",\"url\":\"https:\\\/\\\/ecosupplements.be\\\/wp-content\\\/uploads\\\/2025\\\/08\\\/Stabilized-R-Lipoic-Acid-with-BioEnhanced-Na-RALA-200mg-60-vcaps.jpg\",\"contentUrl\":\"https:\\\/\\\/ecosupplements.be\\\/wp-content\\\/uploads\\\/2025\\\/08\\\/Stabilized-R-Lipoic-Acid-with-BioEnhanced-Na-RALA-200mg-60-vcaps.jpg\",\"width\":305,\"height\":595},{\"@type\":\"BreadcrumbList\",\"@id\":\"https:\\\/\\\/ecosupplements.be\\\/fr\\\/produit\\\/acide-r-lipoique-stabilise-avec-na-rala-bioameliore-200mg-60-gelules\\\/#breadcrumb\",\"itemListElement\":[{\"@type\":\"ListItem\",\"position\":1,\"name\":\"Home\",\"item\":\"https:\\\/\\\/ecosupplements.be\\\/fr\\\/\"},{\"@type\":\"ListItem\",\"position\":2,\"name\":\"Boutique\",\"item\":\"https:\\\/\\\/ecosupplements.be\\\/fr\\\/boutique\\\/\"},{\"@type\":\"ListItem\",\"position\":3,\"name\":\"Acide R-lipo\u00efque stabilis\u00e9 avec Na-RALA BioAm\u00e9lior\u00e9, 200mg &#8211; 60 g\u00e9lules\"}]},{\"@type\":\"WebSite\",\"@id\":\"https:\\\/\\\/ecosupplements.be\\\/fr\\\/#website\",\"url\":\"https:\\\/\\\/ecosupplements.be\\\/fr\\\/\",\"name\":\"ECO Supplements\",\"description\":\"Eco Supplements - Gezonde supplementen\",\"publisher\":{\"@id\":\"https:\\\/\\\/ecosupplements.be\\\/fr\\\/#organization\"},\"potentialAction\":[{\"@type\":\"SearchAction\",\"target\":{\"@type\":\"EntryPoint\",\"urlTemplate\":\"https:\\\/\\\/ecosupplements.be\\\/fr\\\/?s={search_term_string}\"},\"query-input\":{\"@type\":\"PropertyValueSpecification\",\"valueRequired\":true,\"valueName\":\"search_term_string\"}}],\"inLanguage\":\"fr-FR\"},{\"@type\":\"Organization\",\"@id\":\"https:\\\/\\\/ecosupplements.be\\\/fr\\\/#organization\",\"name\":\"Eco Supplements\",\"url\":\"https:\\\/\\\/ecosupplements.be\\\/fr\\\/\",\"logo\":{\"@type\":\"ImageObject\",\"inLanguage\":\"fr-FR\",\"@id\":\"https:\\\/\\\/ecosupplements.be\\\/fr\\\/#\\\/schema\\\/logo\\\/image\\\/\",\"url\":\"https:\\\/\\\/ecosupplements.be\\\/wp-content\\\/uploads\\\/2022\\\/06\\\/ecosupplement-family.png\",\"contentUrl\":\"https:\\\/\\\/ecosupplements.be\\\/wp-content\\\/uploads\\\/2022\\\/06\\\/ecosupplement-family.png\",\"width\":593,\"height\":374,\"caption\":\"Eco Supplements\"},\"image\":{\"@id\":\"https:\\\/\\\/ecosupplements.be\\\/fr\\\/#\\\/schema\\\/logo\\\/image\\\/\"}}]}<\/script>\n<meta property=\"product:brand\" content=\"Doctor&#039;s Best\" \/>\n<meta property=\"product:price:amount\" content=\"53.54\" \/>\n<meta property=\"product:price:currency\" content=\"EUR\" \/>\n<meta property=\"og:availability\" content=\"instock\" \/>\n<meta property=\"product:availability\" content=\"instock\" \/>\n<meta property=\"product:retailer_item_id\" content=\"753950002784\" \/>\n<meta property=\"product:condition\" content=\"new\" \/>\n<!-- \/ Yoast SEO Premium plugin. -->","yoast_head_json":{"title":"Acide R-lipo\u00efque stabilis\u00e9 avec Na-RALA BioAm\u00e9lior\u00e9, 200mg - 60 g\u00e9lules - ECO Supplements","description":"Wij hebben een ruime keuze aan producten van Acide R-lipo\u00efque stabilis\u00e9 avec Na-RALA BioAm\u00e9lior\u00e9, 200mg - 60 g\u00e9lules . Winkel bij Eco Supplements altijd gratis verzending boven 100\u20ac","robots":{"index":"index","follow":"follow","max-snippet":"max-snippet:-1","max-image-preview":"max-image-preview:large","max-video-preview":"max-video-preview:-1"},"canonical":"https:\/\/ecosupplements.be\/fr\/produit\/acide-r-lipoique-stabilise-avec-na-rala-bioameliore-200mg-60-gelules\/","og_locale":"fr_FR","og_type":"article","og_title":"Acide R-lipo\u00efque stabilis\u00e9 avec Na-RALA BioAm\u00e9lior\u00e9, 200mg - 60 g\u00e9lules","og_description":"Wij hebben een ruime keuze aan producten van Acide R-lipo\u00efque stabilis\u00e9 avec Na-RALA BioAm\u00e9lior\u00e9, 200mg - 60 g\u00e9lules . Winkel bij Eco Supplements altijd gratis verzending boven 100\u20ac","og_url":"https:\/\/ecosupplements.be\/fr\/produit\/acide-r-lipoique-stabilise-avec-na-rala-bioameliore-200mg-60-gelules\/","og_site_name":"ECO Supplements","article_modified_time":"2025-08-27T13:13:57+00:00","og_image":[{"width":305,"height":595,"url":"https:\/\/ecosupplements.be\/wp-content\/uploads\/2025\/08\/Stabilized-R-Lipoic-Acid-with-BioEnhanced-Na-RALA-200mg-60-vcaps-1.jpg","type":"image\/jpeg"}],"twitter_card":"summary_large_image","twitter_misc":{"Prix":"53.54&nbsp;&euro;","Disponibilit\u00e9":"En stock"},"schema":{"@context":"https:\/\/schema.org","@graph":[{"@type":["WebPage","ItemPage"],"@id":"https:\/\/ecosupplements.be\/fr\/produit\/acide-r-lipoique-stabilise-avec-na-rala-bioameliore-200mg-60-gelules\/","url":"https:\/\/ecosupplements.be\/fr\/produit\/acide-r-lipoique-stabilise-avec-na-rala-bioameliore-200mg-60-gelules\/","name":"Acide R-lipo\u00efque stabilis\u00e9 avec Na-RALA BioAm\u00e9lior\u00e9, 200mg - 60 g\u00e9lules - ECO Supplements","isPartOf":{"@id":"https:\/\/ecosupplements.be\/fr\/#website"},"primaryImageOfPage":{"@id":"https:\/\/ecosupplements.be\/fr\/produit\/acide-r-lipoique-stabilise-avec-na-rala-bioameliore-200mg-60-gelules\/#primaryimage"},"image":{"@id":"https:\/\/ecosupplements.be\/fr\/produit\/acide-r-lipoique-stabilise-avec-na-rala-bioameliore-200mg-60-gelules\/#primaryimage"},"thumbnailUrl":"https:\/\/ecosupplements.be\/wp-content\/uploads\/2025\/08\/Stabilized-R-Lipoic-Acid-with-BioEnhanced-Na-RALA-200mg-60-vcaps.jpg","datePublished":"2022-06-28T09:08:48+00:00","dateModified":"2025-08-27T13:13:57+00:00","description":"Wij hebben een ruime keuze aan producten van Acide R-lipo\u00efque stabilis\u00e9 avec Na-RALA BioAm\u00e9lior\u00e9, 200mg - 60 g\u00e9lules . Winkel bij Eco Supplements altijd gratis verzending boven 100\u20ac","breadcrumb":{"@id":"https:\/\/ecosupplements.be\/fr\/produit\/acide-r-lipoique-stabilise-avec-na-rala-bioameliore-200mg-60-gelules\/#breadcrumb"},"inLanguage":"fr-FR","potentialAction":[{"@type":"ReadAction","target":["https:\/\/ecosupplements.be\/fr\/produit\/acide-r-lipoique-stabilise-avec-na-rala-bioameliore-200mg-60-gelules\/"]}]},{"@type":"ImageObject","inLanguage":"fr-FR","@id":"https:\/\/ecosupplements.be\/fr\/produit\/acide-r-lipoique-stabilise-avec-na-rala-bioameliore-200mg-60-gelules\/#primaryimage","url":"https:\/\/ecosupplements.be\/wp-content\/uploads\/2025\/08\/Stabilized-R-Lipoic-Acid-with-BioEnhanced-Na-RALA-200mg-60-vcaps.jpg","contentUrl":"https:\/\/ecosupplements.be\/wp-content\/uploads\/2025\/08\/Stabilized-R-Lipoic-Acid-with-BioEnhanced-Na-RALA-200mg-60-vcaps.jpg","width":305,"height":595},{"@type":"BreadcrumbList","@id":"https:\/\/ecosupplements.be\/fr\/produit\/acide-r-lipoique-stabilise-avec-na-rala-bioameliore-200mg-60-gelules\/#breadcrumb","itemListElement":[{"@type":"ListItem","position":1,"name":"Home","item":"https:\/\/ecosupplements.be\/fr\/"},{"@type":"ListItem","position":2,"name":"Boutique","item":"https:\/\/ecosupplements.be\/fr\/boutique\/"},{"@type":"ListItem","position":3,"name":"Acide R-lipo\u00efque stabilis\u00e9 avec Na-RALA BioAm\u00e9lior\u00e9, 200mg &#8211; 60 g\u00e9lules"}]},{"@type":"WebSite","@id":"https:\/\/ecosupplements.be\/fr\/#website","url":"https:\/\/ecosupplements.be\/fr\/","name":"ECO Supplements","description":"Eco Supplements - Gezonde supplementen","publisher":{"@id":"https:\/\/ecosupplements.be\/fr\/#organization"},"potentialAction":[{"@type":"SearchAction","target":{"@type":"EntryPoint","urlTemplate":"https:\/\/ecosupplements.be\/fr\/?s={search_term_string}"},"query-input":{"@type":"PropertyValueSpecification","valueRequired":true,"valueName":"search_term_string"}}],"inLanguage":"fr-FR"},{"@type":"Organization","@id":"https:\/\/ecosupplements.be\/fr\/#organization","name":"Eco Supplements","url":"https:\/\/ecosupplements.be\/fr\/","logo":{"@type":"ImageObject","inLanguage":"fr-FR","@id":"https:\/\/ecosupplements.be\/fr\/#\/schema\/logo\/image\/","url":"https:\/\/ecosupplements.be\/wp-content\/uploads\/2022\/06\/ecosupplement-family.png","contentUrl":"https:\/\/ecosupplements.be\/wp-content\/uploads\/2022\/06\/ecosupplement-family.png","width":593,"height":374,"caption":"Eco Supplements"},"image":{"@id":"https:\/\/ecosupplements.be\/fr\/#\/schema\/logo\/image\/"}}]},"product_brand":"Doctor's Best","product_price_amount":"53.54","product_price_currency":"EUR","og_availability":"instock","product_availability":"instock","product_retailer_item_id":"753950002784","product_condition":"new"},"_links":{"self":[{"href":"https:\/\/ecosupplements.be\/fr\/wp-json\/wp\/v2\/product\/286821","targetHints":{"allow":["GET"]}}],"collection":[{"href":"https:\/\/ecosupplements.be\/fr\/wp-json\/wp\/v2\/product"}],"about":[{"href":"https:\/\/ecosupplements.be\/fr\/wp-json\/wp\/v2\/types\/product"}],"replies":[{"embeddable":true,"href":"https:\/\/ecosupplements.be\/fr\/wp-json\/wp\/v2\/comments?post=286821"}],"wp:featuredmedia":[{"embeddable":true,"href":"https:\/\/ecosupplements.be\/fr\/wp-json\/wp\/v2\/media\/243572"}],"wp:attachment":[{"href":"https:\/\/ecosupplements.be\/fr\/wp-json\/wp\/v2\/media?parent=286821"}],"wp:term":[{"taxonomy":"product_brand","embeddable":true,"href":"https:\/\/ecosupplements.be\/fr\/wp-json\/wp\/v2\/product_brand?post=286821"},{"taxonomy":"product_cat","embeddable":true,"href":"https:\/\/ecosupplements.be\/fr\/wp-json\/wp\/v2\/product_cat?post=286821"},{"taxonomy":"product_tag","embeddable":true,"href":"https:\/\/ecosupplements.be\/fr\/wp-json\/wp\/v2\/product_tag?post=286821"}],"curies":[{"name":"wp","href":"https:\/\/api.w.org\/{rel}","templated":true}]}}