{"id":286827,"date":"2024-03-07T12:20:13","date_gmt":"2024-03-07T11:20:13","guid":{"rendered":"https:\/\/ecosupplements.be\/product\/vinaigre-de-cidre-de-pomme-120-capsules\/"},"modified":"2025-08-27T14:14:02","modified_gmt":"2025-08-27T13:14:02","slug":"vinaigre-de-cidre-de-pomme-120-capsules","status":"publish","type":"product","link":"https:\/\/ecosupplements.be\/fr\/produit\/vinaigre-de-cidre-de-pomme-120-capsules\/","title":{"rendered":"Vinaigre de cidre de pomme &#8211; 120 capsules"},"content":{"rendered":"<h1>Apple\u2063 Cider Vinegar \u200d- 120 caps<\/h1>\n<p>D\u00e9couvrez les bienfaits de l&#8217;Apple Cider Vinegar avec ces capsules pratiques et\u200c faciles \u00e0 prendre de la marque Enzymedica. Fabriqu\u00e9es\u200c aux \u00c9tats-Unis, ces capsules contiennent une \u200bformule\u200b unique\u2062 \u00e0 base de vinaigre de cidre de pomme \u2063biologique et d&#8217;enzymes digestives pour une efficacit\u00e9 maximale.<\/p>\n<h2>Caract\u00e9ristiques sp\u00e9ciales :<\/h2>\n<ul>\n<li>Contient du vinaigre\u2064 de cidre de pomme biologique<\/li>\n<li>Enrichi en enzymes digestives pour une meilleure\u2063 absorption<\/li>\n<li>120 capsules\u2063 par \u200bbouteille<\/li>\n<li>Facile \u00e0\u200c prendre, id\u00e9al pour les personnes en d\u00e9placement<\/li>\n<\/ul>\n<h2>Ingr\u00e9dients :<\/h2>\n<p>Chaque capsule contient 500 mg de vinaigre de cidre \u2063de pomme biologique et un m\u00e9lange d&#8217;enzymes \u200bdigestives comprenant\u2063 de l&#8217;amylase, de la prot\u00e9ase, \u2064de la lipase et de la cellulase.<\/p>\n<h2>Avantages uniques \u200c:<\/h2>\n<p>L&#8217;Apple Cider Vinegar est connu pour ses \u200dnombreux bienfaits\u200c pour \u200bla \u200dsant\u00e9, notamment pour aider \u00e0 maintenir un syst\u00e8me digestif sain, \u00e0 r\u00e9guler le taux \u2062de sucre \u2064dans le\u2064 sang et \u00e0 soutenir le syst\u00e8me immunitaire.\u2062 En ajoutant des enzymes digestives \u00e0 cette formule,\u2063 ces capsules offrent une absorption\u2063 optimale pour\u200c une\u2064 efficacit\u00e9 maximale.<\/p>\n<h2>Principales caract\u00e9ristiques :<\/h2>\n<ul>\n<li>Formule unique \u00e0 base de vinaigre de cidre de pomme biologique et d&#8217;enzymes digestives<\/li>\n<li>Facile \u00e0 prendre avec\u200c 120 capsules par bouteille<\/li>\n<li>Fabriqu\u00e9 aux \u00c9tats-Unis avec \u2063des ingr\u00e9dients de haute\u200c qualit\u00e9<\/li>\n<li>Contribue \u00e0 maintenir un syst\u00e8me digestif sain et \u00e0 soutenir le syst\u00e8me immunitaire<\/li>\n<\/ul>\n<p>Ajoutez l&#8217;Apple\u200c Cider Vinegar de la marque Enzymedica \u00e0 votre routine\u200b quotidienne pour profiter de ses nombreux bienfaits pour la sant\u00e9. Commandez d\u00e8s maintenant et d\u00e9couvrez par vous-m\u00eame pourquoi ce produit est si populaire !<\/p>\n","protected":false},"excerpt":{"rendered":"<p>Apple\u2063 Cider Vinegar \u200d- 120 caps D\u00e9couvrez les bienfaits de l&#8217;Apple Cider Vinegar avec ces capsules pratiques et\u200c faciles \u00e0 prendre de la marque Enzymedica. Fabriqu\u00e9es\u200c aux \u00c9tats-Unis, ces capsules contiennent une \u200bformule\u200b unique\u2062 \u00e0 base de vinaigre de cidre de pomme \u2063biologique et d&#8217;enzymes digestives pour une efficacit\u00e9 maximale. Caract\u00e9ristiques sp\u00e9ciales : Contient du [&#8230;]\n","protected":false},"featured_media":263750,"comment_status":"open","ping_status":"open","template":"","meta":[],"product_brand":[4678],"product_cat":[5051,5052,5053],"product_tag":[],"class_list":{"0":"post-286827","1":"product","2":"type-product","3":"status-publish","4":"has-post-thumbnail","6":"product_brand-enzymedica-2","7":"product_cat-minceur-et-gestion-du-poids","8":"product_cat-sante-et-bien-etre","9":"product_cat-vitamines-et-mineraux","11":"first","12":"instock","13":"taxable","14":"shipping-taxable","15":"purchasable","16":"product-type-simple"},"yoast_head":"<!-- This site is optimized with the Yoast SEO Premium plugin v27.3 (Yoast SEO v27.3) - https:\/\/yoast.com\/product\/yoast-seo-premium-wordpress\/ -->\n<title>Vinaigre de cidre de pomme - 120 capsules - ECO Supplements<\/title>\n<meta name=\"description\" content=\"Wij hebben een ruime keuze aan producten van Vinaigre de cidre de pomme - 120 capsules . Winkel bij Eco Supplements altijd gratis verzending boven 100\u20ac\" \/>\n<meta name=\"robots\" content=\"index, follow, max-snippet:-1, max-image-preview:large, max-video-preview:-1\" \/>\n<link rel=\"canonical\" href=\"https:\/\/ecosupplements.be\/fr\/produit\/vinaigre-de-cidre-de-pomme-120-capsules\/\" \/>\n<meta property=\"og:locale\" content=\"fr_FR\" \/>\n<meta property=\"og:type\" content=\"article\" \/>\n<meta property=\"og:title\" content=\"Vinaigre de cidre de pomme - 120 capsules\" \/>\n<meta property=\"og:description\" content=\"Wij hebben een ruime keuze aan producten van Vinaigre de cidre de pomme - 120 capsules . Winkel bij Eco Supplements altijd gratis verzending boven 100\u20ac\" \/>\n<meta property=\"og:url\" content=\"https:\/\/ecosupplements.be\/fr\/produit\/vinaigre-de-cidre-de-pomme-120-capsules\/\" \/>\n<meta property=\"og:site_name\" content=\"ECO Supplements\" \/>\n<meta property=\"article:modified_time\" content=\"2025-08-27T13:14:02+00:00\" \/>\n<meta property=\"og:image\" content=\"https:\/\/ecosupplements.be\/wp-content\/uploads\/2025\/08\/Apple-Cider-Vinegar-120-caps-1.jpg\" \/>\n\t<meta property=\"og:image:width\" content=\"560\" \/>\n\t<meta property=\"og:image:height\" content=\"560\" \/>\n\t<meta property=\"og:image:type\" content=\"image\/jpeg\" \/>\n<meta name=\"twitter:card\" content=\"summary_large_image\" \/>\n<meta name=\"twitter:label1\" content=\"Prix\" \/>\n\t<meta name=\"twitter:data1\" content=\"51.83&nbsp;&euro;\" \/>\n\t<meta name=\"twitter:label2\" content=\"Disponibilit\u00e9\" \/>\n\t<meta name=\"twitter:data2\" content=\"En stock\" \/>\n<script type=\"application\/ld+json\" class=\"yoast-schema-graph\">{\"@context\":\"https:\\\/\\\/schema.org\",\"@graph\":[{\"@type\":[\"WebPage\",\"ItemPage\"],\"@id\":\"https:\\\/\\\/ecosupplements.be\\\/fr\\\/produit\\\/vinaigre-de-cidre-de-pomme-120-capsules\\\/\",\"url\":\"https:\\\/\\\/ecosupplements.be\\\/fr\\\/produit\\\/vinaigre-de-cidre-de-pomme-120-capsules\\\/\",\"name\":\"Vinaigre de cidre de pomme - 120 capsules - ECO Supplements\",\"isPartOf\":{\"@id\":\"https:\\\/\\\/ecosupplements.be\\\/fr\\\/#website\"},\"primaryImageOfPage\":{\"@id\":\"https:\\\/\\\/ecosupplements.be\\\/fr\\\/produit\\\/vinaigre-de-cidre-de-pomme-120-capsules\\\/#primaryimage\"},\"image\":{\"@id\":\"https:\\\/\\\/ecosupplements.be\\\/fr\\\/produit\\\/vinaigre-de-cidre-de-pomme-120-capsules\\\/#primaryimage\"},\"thumbnailUrl\":\"https:\\\/\\\/ecosupplements.be\\\/wp-content\\\/uploads\\\/2025\\\/08\\\/Apple-Cider-Vinegar-120-caps.jpg\",\"datePublished\":\"2024-03-07T11:20:13+00:00\",\"dateModified\":\"2025-08-27T13:14:02+00:00\",\"description\":\"Wij hebben een ruime keuze aan producten van Vinaigre de cidre de pomme - 120 capsules . Winkel bij Eco Supplements altijd gratis verzending boven 100\u20ac\",\"breadcrumb\":{\"@id\":\"https:\\\/\\\/ecosupplements.be\\\/fr\\\/produit\\\/vinaigre-de-cidre-de-pomme-120-capsules\\\/#breadcrumb\"},\"inLanguage\":\"fr-FR\",\"potentialAction\":[{\"@type\":\"ReadAction\",\"target\":[\"https:\\\/\\\/ecosupplements.be\\\/fr\\\/produit\\\/vinaigre-de-cidre-de-pomme-120-capsules\\\/\"]}]},{\"@type\":\"ImageObject\",\"inLanguage\":\"fr-FR\",\"@id\":\"https:\\\/\\\/ecosupplements.be\\\/fr\\\/produit\\\/vinaigre-de-cidre-de-pomme-120-capsules\\\/#primaryimage\",\"url\":\"https:\\\/\\\/ecosupplements.be\\\/wp-content\\\/uploads\\\/2025\\\/08\\\/Apple-Cider-Vinegar-120-caps.jpg\",\"contentUrl\":\"https:\\\/\\\/ecosupplements.be\\\/wp-content\\\/uploads\\\/2025\\\/08\\\/Apple-Cider-Vinegar-120-caps.jpg\",\"width\":560,\"height\":560},{\"@type\":\"BreadcrumbList\",\"@id\":\"https:\\\/\\\/ecosupplements.be\\\/fr\\\/produit\\\/vinaigre-de-cidre-de-pomme-120-capsules\\\/#breadcrumb\",\"itemListElement\":[{\"@type\":\"ListItem\",\"position\":1,\"name\":\"Home\",\"item\":\"https:\\\/\\\/ecosupplements.be\\\/fr\\\/\"},{\"@type\":\"ListItem\",\"position\":2,\"name\":\"Boutique\",\"item\":\"https:\\\/\\\/ecosupplements.be\\\/fr\\\/boutique\\\/\"},{\"@type\":\"ListItem\",\"position\":3,\"name\":\"Vinaigre de cidre de pomme &#8211; 120 capsules\"}]},{\"@type\":\"WebSite\",\"@id\":\"https:\\\/\\\/ecosupplements.be\\\/fr\\\/#website\",\"url\":\"https:\\\/\\\/ecosupplements.be\\\/fr\\\/\",\"name\":\"ECO Supplements\",\"description\":\"Eco Supplements - Gezonde supplementen\",\"publisher\":{\"@id\":\"https:\\\/\\\/ecosupplements.be\\\/fr\\\/#organization\"},\"potentialAction\":[{\"@type\":\"SearchAction\",\"target\":{\"@type\":\"EntryPoint\",\"urlTemplate\":\"https:\\\/\\\/ecosupplements.be\\\/fr\\\/?s={search_term_string}\"},\"query-input\":{\"@type\":\"PropertyValueSpecification\",\"valueRequired\":true,\"valueName\":\"search_term_string\"}}],\"inLanguage\":\"fr-FR\"},{\"@type\":\"Organization\",\"@id\":\"https:\\\/\\\/ecosupplements.be\\\/fr\\\/#organization\",\"name\":\"Eco Supplements\",\"url\":\"https:\\\/\\\/ecosupplements.be\\\/fr\\\/\",\"logo\":{\"@type\":\"ImageObject\",\"inLanguage\":\"fr-FR\",\"@id\":\"https:\\\/\\\/ecosupplements.be\\\/fr\\\/#\\\/schema\\\/logo\\\/image\\\/\",\"url\":\"https:\\\/\\\/ecosupplements.be\\\/wp-content\\\/uploads\\\/2022\\\/06\\\/ecosupplement-family.png\",\"contentUrl\":\"https:\\\/\\\/ecosupplements.be\\\/wp-content\\\/uploads\\\/2022\\\/06\\\/ecosupplement-family.png\",\"width\":593,\"height\":374,\"caption\":\"Eco Supplements\"},\"image\":{\"@id\":\"https:\\\/\\\/ecosupplements.be\\\/fr\\\/#\\\/schema\\\/logo\\\/image\\\/\"}}]}<\/script>\n<meta property=\"product:brand\" content=\"Enzymedica\" \/>\n<meta property=\"product:price:amount\" content=\"51.83\" \/>\n<meta property=\"product:price:currency\" content=\"EUR\" \/>\n<meta property=\"og:availability\" content=\"instock\" \/>\n<meta property=\"product:availability\" content=\"instock\" \/>\n<meta property=\"product:retailer_item_id\" content=\"670480100998\" \/>\n<meta property=\"product:condition\" content=\"new\" \/>\n<!-- \/ Yoast SEO Premium plugin. -->","yoast_head_json":{"title":"Vinaigre de cidre de pomme - 120 capsules - ECO Supplements","description":"Wij hebben een ruime keuze aan producten van Vinaigre de cidre de pomme - 120 capsules . Winkel bij Eco Supplements altijd gratis verzending boven 100\u20ac","robots":{"index":"index","follow":"follow","max-snippet":"max-snippet:-1","max-image-preview":"max-image-preview:large","max-video-preview":"max-video-preview:-1"},"canonical":"https:\/\/ecosupplements.be\/fr\/produit\/vinaigre-de-cidre-de-pomme-120-capsules\/","og_locale":"fr_FR","og_type":"article","og_title":"Vinaigre de cidre de pomme - 120 capsules","og_description":"Wij hebben een ruime keuze aan producten van Vinaigre de cidre de pomme - 120 capsules . Winkel bij Eco Supplements altijd gratis verzending boven 100\u20ac","og_url":"https:\/\/ecosupplements.be\/fr\/produit\/vinaigre-de-cidre-de-pomme-120-capsules\/","og_site_name":"ECO Supplements","article_modified_time":"2025-08-27T13:14:02+00:00","og_image":[{"width":560,"height":560,"url":"https:\/\/ecosupplements.be\/wp-content\/uploads\/2025\/08\/Apple-Cider-Vinegar-120-caps-1.jpg","type":"image\/jpeg"}],"twitter_card":"summary_large_image","twitter_misc":{"Prix":"51.83&nbsp;&euro;","Disponibilit\u00e9":"En stock"},"schema":{"@context":"https:\/\/schema.org","@graph":[{"@type":["WebPage","ItemPage"],"@id":"https:\/\/ecosupplements.be\/fr\/produit\/vinaigre-de-cidre-de-pomme-120-capsules\/","url":"https:\/\/ecosupplements.be\/fr\/produit\/vinaigre-de-cidre-de-pomme-120-capsules\/","name":"Vinaigre de cidre de pomme - 120 capsules - ECO Supplements","isPartOf":{"@id":"https:\/\/ecosupplements.be\/fr\/#website"},"primaryImageOfPage":{"@id":"https:\/\/ecosupplements.be\/fr\/produit\/vinaigre-de-cidre-de-pomme-120-capsules\/#primaryimage"},"image":{"@id":"https:\/\/ecosupplements.be\/fr\/produit\/vinaigre-de-cidre-de-pomme-120-capsules\/#primaryimage"},"thumbnailUrl":"https:\/\/ecosupplements.be\/wp-content\/uploads\/2025\/08\/Apple-Cider-Vinegar-120-caps.jpg","datePublished":"2024-03-07T11:20:13+00:00","dateModified":"2025-08-27T13:14:02+00:00","description":"Wij hebben een ruime keuze aan producten van Vinaigre de cidre de pomme - 120 capsules . Winkel bij Eco Supplements altijd gratis verzending boven 100\u20ac","breadcrumb":{"@id":"https:\/\/ecosupplements.be\/fr\/produit\/vinaigre-de-cidre-de-pomme-120-capsules\/#breadcrumb"},"inLanguage":"fr-FR","potentialAction":[{"@type":"ReadAction","target":["https:\/\/ecosupplements.be\/fr\/produit\/vinaigre-de-cidre-de-pomme-120-capsules\/"]}]},{"@type":"ImageObject","inLanguage":"fr-FR","@id":"https:\/\/ecosupplements.be\/fr\/produit\/vinaigre-de-cidre-de-pomme-120-capsules\/#primaryimage","url":"https:\/\/ecosupplements.be\/wp-content\/uploads\/2025\/08\/Apple-Cider-Vinegar-120-caps.jpg","contentUrl":"https:\/\/ecosupplements.be\/wp-content\/uploads\/2025\/08\/Apple-Cider-Vinegar-120-caps.jpg","width":560,"height":560},{"@type":"BreadcrumbList","@id":"https:\/\/ecosupplements.be\/fr\/produit\/vinaigre-de-cidre-de-pomme-120-capsules\/#breadcrumb","itemListElement":[{"@type":"ListItem","position":1,"name":"Home","item":"https:\/\/ecosupplements.be\/fr\/"},{"@type":"ListItem","position":2,"name":"Boutique","item":"https:\/\/ecosupplements.be\/fr\/boutique\/"},{"@type":"ListItem","position":3,"name":"Vinaigre de cidre de pomme &#8211; 120 capsules"}]},{"@type":"WebSite","@id":"https:\/\/ecosupplements.be\/fr\/#website","url":"https:\/\/ecosupplements.be\/fr\/","name":"ECO Supplements","description":"Eco Supplements - Gezonde supplementen","publisher":{"@id":"https:\/\/ecosupplements.be\/fr\/#organization"},"potentialAction":[{"@type":"SearchAction","target":{"@type":"EntryPoint","urlTemplate":"https:\/\/ecosupplements.be\/fr\/?s={search_term_string}"},"query-input":{"@type":"PropertyValueSpecification","valueRequired":true,"valueName":"search_term_string"}}],"inLanguage":"fr-FR"},{"@type":"Organization","@id":"https:\/\/ecosupplements.be\/fr\/#organization","name":"Eco Supplements","url":"https:\/\/ecosupplements.be\/fr\/","logo":{"@type":"ImageObject","inLanguage":"fr-FR","@id":"https:\/\/ecosupplements.be\/fr\/#\/schema\/logo\/image\/","url":"https:\/\/ecosupplements.be\/wp-content\/uploads\/2022\/06\/ecosupplement-family.png","contentUrl":"https:\/\/ecosupplements.be\/wp-content\/uploads\/2022\/06\/ecosupplement-family.png","width":593,"height":374,"caption":"Eco Supplements"},"image":{"@id":"https:\/\/ecosupplements.be\/fr\/#\/schema\/logo\/image\/"}}]},"product_brand":"Enzymedica","product_price_amount":"51.83","product_price_currency":"EUR","og_availability":"instock","product_availability":"instock","product_retailer_item_id":"670480100998","product_condition":"new"},"_links":{"self":[{"href":"https:\/\/ecosupplements.be\/fr\/wp-json\/wp\/v2\/product\/286827","targetHints":{"allow":["GET"]}}],"collection":[{"href":"https:\/\/ecosupplements.be\/fr\/wp-json\/wp\/v2\/product"}],"about":[{"href":"https:\/\/ecosupplements.be\/fr\/wp-json\/wp\/v2\/types\/product"}],"replies":[{"embeddable":true,"href":"https:\/\/ecosupplements.be\/fr\/wp-json\/wp\/v2\/comments?post=286827"}],"wp:featuredmedia":[{"embeddable":true,"href":"https:\/\/ecosupplements.be\/fr\/wp-json\/wp\/v2\/media\/263750"}],"wp:attachment":[{"href":"https:\/\/ecosupplements.be\/fr\/wp-json\/wp\/v2\/media?parent=286827"}],"wp:term":[{"taxonomy":"product_brand","embeddable":true,"href":"https:\/\/ecosupplements.be\/fr\/wp-json\/wp\/v2\/product_brand?post=286827"},{"taxonomy":"product_cat","embeddable":true,"href":"https:\/\/ecosupplements.be\/fr\/wp-json\/wp\/v2\/product_cat?post=286827"},{"taxonomy":"product_tag","embeddable":true,"href":"https:\/\/ecosupplements.be\/fr\/wp-json\/wp\/v2\/product_tag?post=286827"}],"curies":[{"name":"wp","href":"https:\/\/api.w.org\/{rel}","templated":true}]}}