{"id":286848,"date":"2024-03-07T13:20:15","date_gmt":"2024-03-07T12:20:15","guid":{"rendered":"https:\/\/ecosupplements.be\/product\/digest-gold-avec-atpro-120-capsules\/"},"modified":"2025-08-27T14:14:22","modified_gmt":"2025-08-27T13:14:22","slug":"digest-gold-avec-atpro-120-capsules","status":"publish","type":"product","link":"https:\/\/ecosupplements.be\/fr\/produit\/digest-gold-avec-atpro-120-capsules\/","title":{"rendered":"Digest Gold avec ATPro &#8211; 120 capsules"},"content":{"rendered":"<h1>Digest Gold \u200dwith ATPro &#8211; 120 caps<\/h1>\n<p>Digest Gold\u200d with ATPro est un compl\u00e9ment alimentaire de la marque \u200dEnzymedica, originaire des \u00c9tats-Unis. Il s&#8217;agit d&#8217;une formule avanc\u00e9e d&#8217;enzymes digestives \u200bqui\u2063 aide \u00e0 am\u00e9liorer la digestion et l&#8217;absorption des nutriments dans le corps.<\/p>\n<h2>Caract\u00e9ristiques sp\u00e9ciales<\/h2>\n<ul>\n<li>Formule avanc\u00e9e d&#8217;enzymes digestives<\/li>\n<li>Contient ATPro pour une meilleure absorption des nutriments<\/li>\n<li>120 capsules\u2064 par bouteille<\/li>\n<li>Convient aux v\u00e9g\u00e9tariens et v\u00e9g\u00e9taliens<\/li>\n<li>Sans gluten,\u200d sans produits laitiers\u200d et \u200bsans OGM<\/li>\n<\/ul>\n<h2>Ingr\u00e9dients cl\u00e9s<\/h2>\n<p>Chaque capsule de Digest Gold with ATPro contient un m\u00e9lange d&#8217;enzymes digestives, notamment :<\/p>\n<ul>\n<li>Amylase\u2062 &#8211; pour d\u00e9composer les glucides<\/li>\n<li>Prot\u00e9ase &#8211; \u200dpour d\u00e9composer les prot\u00e9ines<\/li>\n<li>Lipase &#8211; pour d\u00e9composer les graisses<\/li>\n<li>Cellulase\u2062 -\u200b pour d\u00e9composer\u2064 les fibres<\/li>\n<li>Lactase &#8211; pour d\u00e9composer le lactose<\/li>\n<li>Maltase &#8211; pour d\u00e9composer le maltose<\/li>\n<li>Invertase &#8211; pour d\u00e9composer le saccharose<\/li>\n<\/ul>\n<p>Ces \u200cenzymes sont essentielles pour une digestion efficace et aident \u00e0 pr\u00e9venir les ballonnements, les gaz et les inconforts digestifs.<\/p>\n<h2>Avantages\u200c uniques<\/h2>\n<p>La formule de Digest Gold \u2063with ATPro \u2064est unique en raison de l&#8217;ajout d&#8217;ATPro, un m\u00e9lange d&#8217;antioxydants \u2064et de min\u00e9raux qui aide \u00e0 am\u00e9liorer l&#8217;absorption des nutriments dans\u200d le corps. Cela signifie que non seulement ce compl\u00e9ment alimentaire aide \u00e0 dig\u00e9rer les aliments, mais\u2064 il aide \u00e9galement \u00e0 maximiser les bienfaits nutritionnels de ces aliments.<\/p>\n<h2>Mode d&#8217;emploi<\/h2>\n<p>Il est recommand\u00e9 de prendre 1 capsule de Digest\u2063 Gold with ATPro avant chaque \u2062repas. Pour les repas plus copieux, il est possible de prendre jusqu&#8217;\u00e0\u200d 2 capsules.\u200b Les capsules peuvent \u00eatre\u200b ouvertes et m\u00e9lang\u00e9es \u00e0 de la nourriture \u200csi n\u00e9cessaire.<\/p>\n<p>Il est important de noter que ce\u200b compl\u00e9ment alimentaire ne doit\u200b pas \u00eatre utilis\u00e9 pour\u2062 remplacer une alimentation\u2064 \u00e9quilibr\u00e9e et vari\u00e9e. Il est \u00e9galement\u2063 recommand\u00e9 de consulter un professionnel de la sant\u00e9 avant de commencer tout nouveau compl\u00e9ment alimentaire.<\/p>\n<h2>Conclusion<\/h2>\n<p>Digest Gold with ATPro est un compl\u00e9ment alimentaire de haute qualit\u00e9 qui peut aider \u00e0 am\u00e9liorer la digestion et l&#8217;absorption des nutriments dans le corps. Sa formule avanc\u00e9e d&#8217;enzymes digestives et d&#8217;ATPro en fait un choix id\u00e9al pour ceux qui cherchent \u00e0 am\u00e9liorer leur sant\u00e9 digestive et leur bien-\u00eatre g\u00e9n\u00e9ral.<\/p>\n","protected":false},"excerpt":{"rendered":"<p>Digest Gold \u200dwith ATPro &#8211; 120 caps Digest Gold\u200d with ATPro est un compl\u00e9ment alimentaire de la marque \u200dEnzymedica, originaire des \u00c9tats-Unis. Il s&#8217;agit d&#8217;une formule avanc\u00e9e d&#8217;enzymes digestives \u200bqui\u2063 aide \u00e0 am\u00e9liorer la digestion et l&#8217;absorption des nutriments dans le corps. Caract\u00e9ristiques sp\u00e9ciales Formule avanc\u00e9e d&#8217;enzymes digestives Contient ATPro pour une meilleure absorption des [&#8230;]\n","protected":false},"featured_media":263774,"comment_status":"open","ping_status":"open","template":"","meta":[],"product_brand":[4678],"product_cat":[5054,5055,5052],"product_tag":[],"class_list":{"0":"post-286848","1":"product","2":"type-product","3":"status-publish","4":"has-post-thumbnail","6":"product_brand-enzymedica-2","7":"product_cat-nourriture-saine","8":"product_cat-produits-vegetaliens","9":"product_cat-sante-et-bien-etre","11":"first","12":"instock","13":"taxable","14":"shipping-taxable","15":"purchasable","16":"product-type-simple"},"yoast_head":"<!-- This site is optimized with the Yoast SEO Premium plugin v27.3 (Yoast SEO v27.3) - https:\/\/yoast.com\/product\/yoast-seo-premium-wordpress\/ -->\n<title>Digest Gold avec ATPro - 120 capsules - ECO Supplements<\/title>\n<meta name=\"description\" content=\"Wij hebben een ruime keuze aan producten van Digest Gold avec ATPro - 120 capsules . Winkel bij Eco Supplements altijd gratis verzending boven 100\u20ac\" \/>\n<meta name=\"robots\" content=\"index, follow, max-snippet:-1, max-image-preview:large, max-video-preview:-1\" \/>\n<link rel=\"canonical\" href=\"https:\/\/ecosupplements.be\/fr\/produit\/digest-gold-avec-atpro-120-capsules\/\" \/>\n<meta property=\"og:locale\" content=\"fr_FR\" \/>\n<meta property=\"og:type\" content=\"article\" \/>\n<meta property=\"og:title\" content=\"Digest Gold avec ATPro - 120 capsules\" \/>\n<meta property=\"og:description\" content=\"Wij hebben een ruime keuze aan producten van Digest Gold avec ATPro - 120 capsules . Winkel bij Eco Supplements altijd gratis verzending boven 100\u20ac\" \/>\n<meta property=\"og:url\" content=\"https:\/\/ecosupplements.be\/fr\/produit\/digest-gold-avec-atpro-120-capsules\/\" \/>\n<meta property=\"og:site_name\" content=\"ECO Supplements\" \/>\n<meta property=\"article:modified_time\" content=\"2025-08-27T13:14:22+00:00\" \/>\n<meta property=\"og:image\" content=\"https:\/\/ecosupplements.be\/wp-content\/uploads\/2025\/08\/Digest-Gold-with-ATPro-120-caps-1.jpg\" \/>\n\t<meta property=\"og:image:width\" content=\"437\" \/>\n\t<meta property=\"og:image:height\" content=\"648\" \/>\n\t<meta property=\"og:image:type\" content=\"image\/jpeg\" \/>\n<meta name=\"twitter:card\" content=\"summary_large_image\" \/>\n<meta name=\"twitter:label1\" content=\"Prix\" \/>\n\t<meta name=\"twitter:data1\" content=\"66.02&nbsp;&euro;\" \/>\n\t<meta name=\"twitter:label2\" content=\"Disponibilit\u00e9\" \/>\n\t<meta name=\"twitter:data2\" content=\"En stock\" \/>\n<script type=\"application\/ld+json\" class=\"yoast-schema-graph\">{\"@context\":\"https:\\\/\\\/schema.org\",\"@graph\":[{\"@type\":[\"WebPage\",\"ItemPage\"],\"@id\":\"https:\\\/\\\/ecosupplements.be\\\/fr\\\/produit\\\/digest-gold-avec-atpro-120-capsules\\\/\",\"url\":\"https:\\\/\\\/ecosupplements.be\\\/fr\\\/produit\\\/digest-gold-avec-atpro-120-capsules\\\/\",\"name\":\"Digest Gold avec ATPro - 120 capsules - ECO Supplements\",\"isPartOf\":{\"@id\":\"https:\\\/\\\/ecosupplements.be\\\/fr\\\/#website\"},\"primaryImageOfPage\":{\"@id\":\"https:\\\/\\\/ecosupplements.be\\\/fr\\\/produit\\\/digest-gold-avec-atpro-120-capsules\\\/#primaryimage\"},\"image\":{\"@id\":\"https:\\\/\\\/ecosupplements.be\\\/fr\\\/produit\\\/digest-gold-avec-atpro-120-capsules\\\/#primaryimage\"},\"thumbnailUrl\":\"https:\\\/\\\/ecosupplements.be\\\/wp-content\\\/uploads\\\/2025\\\/08\\\/Digest-Gold-with-ATPro-120-caps.jpg\",\"datePublished\":\"2024-03-07T12:20:15+00:00\",\"dateModified\":\"2025-08-27T13:14:22+00:00\",\"description\":\"Wij hebben een ruime keuze aan producten van Digest Gold avec ATPro - 120 capsules . Winkel bij Eco Supplements altijd gratis verzending boven 100\u20ac\",\"breadcrumb\":{\"@id\":\"https:\\\/\\\/ecosupplements.be\\\/fr\\\/produit\\\/digest-gold-avec-atpro-120-capsules\\\/#breadcrumb\"},\"inLanguage\":\"fr-FR\",\"potentialAction\":[{\"@type\":\"ReadAction\",\"target\":[\"https:\\\/\\\/ecosupplements.be\\\/fr\\\/produit\\\/digest-gold-avec-atpro-120-capsules\\\/\"]}]},{\"@type\":\"ImageObject\",\"inLanguage\":\"fr-FR\",\"@id\":\"https:\\\/\\\/ecosupplements.be\\\/fr\\\/produit\\\/digest-gold-avec-atpro-120-capsules\\\/#primaryimage\",\"url\":\"https:\\\/\\\/ecosupplements.be\\\/wp-content\\\/uploads\\\/2025\\\/08\\\/Digest-Gold-with-ATPro-120-caps.jpg\",\"contentUrl\":\"https:\\\/\\\/ecosupplements.be\\\/wp-content\\\/uploads\\\/2025\\\/08\\\/Digest-Gold-with-ATPro-120-caps.jpg\",\"width\":437,\"height\":648},{\"@type\":\"BreadcrumbList\",\"@id\":\"https:\\\/\\\/ecosupplements.be\\\/fr\\\/produit\\\/digest-gold-avec-atpro-120-capsules\\\/#breadcrumb\",\"itemListElement\":[{\"@type\":\"ListItem\",\"position\":1,\"name\":\"Home\",\"item\":\"https:\\\/\\\/ecosupplements.be\\\/fr\\\/\"},{\"@type\":\"ListItem\",\"position\":2,\"name\":\"Boutique\",\"item\":\"https:\\\/\\\/ecosupplements.be\\\/fr\\\/boutique\\\/\"},{\"@type\":\"ListItem\",\"position\":3,\"name\":\"Digest Gold avec ATPro &#8211; 120 capsules\"}]},{\"@type\":\"WebSite\",\"@id\":\"https:\\\/\\\/ecosupplements.be\\\/fr\\\/#website\",\"url\":\"https:\\\/\\\/ecosupplements.be\\\/fr\\\/\",\"name\":\"ECO Supplements\",\"description\":\"Eco Supplements - Gezonde supplementen\",\"publisher\":{\"@id\":\"https:\\\/\\\/ecosupplements.be\\\/fr\\\/#organization\"},\"potentialAction\":[{\"@type\":\"SearchAction\",\"target\":{\"@type\":\"EntryPoint\",\"urlTemplate\":\"https:\\\/\\\/ecosupplements.be\\\/fr\\\/?s={search_term_string}\"},\"query-input\":{\"@type\":\"PropertyValueSpecification\",\"valueRequired\":true,\"valueName\":\"search_term_string\"}}],\"inLanguage\":\"fr-FR\"},{\"@type\":\"Organization\",\"@id\":\"https:\\\/\\\/ecosupplements.be\\\/fr\\\/#organization\",\"name\":\"Eco Supplements\",\"url\":\"https:\\\/\\\/ecosupplements.be\\\/fr\\\/\",\"logo\":{\"@type\":\"ImageObject\",\"inLanguage\":\"fr-FR\",\"@id\":\"https:\\\/\\\/ecosupplements.be\\\/fr\\\/#\\\/schema\\\/logo\\\/image\\\/\",\"url\":\"https:\\\/\\\/ecosupplements.be\\\/wp-content\\\/uploads\\\/2022\\\/06\\\/ecosupplement-family.png\",\"contentUrl\":\"https:\\\/\\\/ecosupplements.be\\\/wp-content\\\/uploads\\\/2022\\\/06\\\/ecosupplement-family.png\",\"width\":593,\"height\":374,\"caption\":\"Eco Supplements\"},\"image\":{\"@id\":\"https:\\\/\\\/ecosupplements.be\\\/fr\\\/#\\\/schema\\\/logo\\\/image\\\/\"}}]}<\/script>\n<meta property=\"product:brand\" content=\"Enzymedica\" \/>\n<meta property=\"product:price:amount\" content=\"66.02\" \/>\n<meta property=\"product:price:currency\" content=\"EUR\" \/>\n<meta property=\"og:availability\" content=\"instock\" \/>\n<meta property=\"product:availability\" content=\"instock\" \/>\n<meta property=\"product:retailer_item_id\" content=\"670480202128\" \/>\n<meta property=\"product:condition\" content=\"new\" \/>\n<!-- \/ Yoast SEO Premium plugin. -->","yoast_head_json":{"title":"Digest Gold avec ATPro - 120 capsules - ECO Supplements","description":"Wij hebben een ruime keuze aan producten van Digest Gold avec ATPro - 120 capsules . Winkel bij Eco Supplements altijd gratis verzending boven 100\u20ac","robots":{"index":"index","follow":"follow","max-snippet":"max-snippet:-1","max-image-preview":"max-image-preview:large","max-video-preview":"max-video-preview:-1"},"canonical":"https:\/\/ecosupplements.be\/fr\/produit\/digest-gold-avec-atpro-120-capsules\/","og_locale":"fr_FR","og_type":"article","og_title":"Digest Gold avec ATPro - 120 capsules","og_description":"Wij hebben een ruime keuze aan producten van Digest Gold avec ATPro - 120 capsules . Winkel bij Eco Supplements altijd gratis verzending boven 100\u20ac","og_url":"https:\/\/ecosupplements.be\/fr\/produit\/digest-gold-avec-atpro-120-capsules\/","og_site_name":"ECO Supplements","article_modified_time":"2025-08-27T13:14:22+00:00","og_image":[{"width":437,"height":648,"url":"https:\/\/ecosupplements.be\/wp-content\/uploads\/2025\/08\/Digest-Gold-with-ATPro-120-caps-1.jpg","type":"image\/jpeg"}],"twitter_card":"summary_large_image","twitter_misc":{"Prix":"66.02&nbsp;&euro;","Disponibilit\u00e9":"En stock"},"schema":{"@context":"https:\/\/schema.org","@graph":[{"@type":["WebPage","ItemPage"],"@id":"https:\/\/ecosupplements.be\/fr\/produit\/digest-gold-avec-atpro-120-capsules\/","url":"https:\/\/ecosupplements.be\/fr\/produit\/digest-gold-avec-atpro-120-capsules\/","name":"Digest Gold avec ATPro - 120 capsules - ECO Supplements","isPartOf":{"@id":"https:\/\/ecosupplements.be\/fr\/#website"},"primaryImageOfPage":{"@id":"https:\/\/ecosupplements.be\/fr\/produit\/digest-gold-avec-atpro-120-capsules\/#primaryimage"},"image":{"@id":"https:\/\/ecosupplements.be\/fr\/produit\/digest-gold-avec-atpro-120-capsules\/#primaryimage"},"thumbnailUrl":"https:\/\/ecosupplements.be\/wp-content\/uploads\/2025\/08\/Digest-Gold-with-ATPro-120-caps.jpg","datePublished":"2024-03-07T12:20:15+00:00","dateModified":"2025-08-27T13:14:22+00:00","description":"Wij hebben een ruime keuze aan producten van Digest Gold avec ATPro - 120 capsules . Winkel bij Eco Supplements altijd gratis verzending boven 100\u20ac","breadcrumb":{"@id":"https:\/\/ecosupplements.be\/fr\/produit\/digest-gold-avec-atpro-120-capsules\/#breadcrumb"},"inLanguage":"fr-FR","potentialAction":[{"@type":"ReadAction","target":["https:\/\/ecosupplements.be\/fr\/produit\/digest-gold-avec-atpro-120-capsules\/"]}]},{"@type":"ImageObject","inLanguage":"fr-FR","@id":"https:\/\/ecosupplements.be\/fr\/produit\/digest-gold-avec-atpro-120-capsules\/#primaryimage","url":"https:\/\/ecosupplements.be\/wp-content\/uploads\/2025\/08\/Digest-Gold-with-ATPro-120-caps.jpg","contentUrl":"https:\/\/ecosupplements.be\/wp-content\/uploads\/2025\/08\/Digest-Gold-with-ATPro-120-caps.jpg","width":437,"height":648},{"@type":"BreadcrumbList","@id":"https:\/\/ecosupplements.be\/fr\/produit\/digest-gold-avec-atpro-120-capsules\/#breadcrumb","itemListElement":[{"@type":"ListItem","position":1,"name":"Home","item":"https:\/\/ecosupplements.be\/fr\/"},{"@type":"ListItem","position":2,"name":"Boutique","item":"https:\/\/ecosupplements.be\/fr\/boutique\/"},{"@type":"ListItem","position":3,"name":"Digest Gold avec ATPro &#8211; 120 capsules"}]},{"@type":"WebSite","@id":"https:\/\/ecosupplements.be\/fr\/#website","url":"https:\/\/ecosupplements.be\/fr\/","name":"ECO Supplements","description":"Eco Supplements - Gezonde supplementen","publisher":{"@id":"https:\/\/ecosupplements.be\/fr\/#organization"},"potentialAction":[{"@type":"SearchAction","target":{"@type":"EntryPoint","urlTemplate":"https:\/\/ecosupplements.be\/fr\/?s={search_term_string}"},"query-input":{"@type":"PropertyValueSpecification","valueRequired":true,"valueName":"search_term_string"}}],"inLanguage":"fr-FR"},{"@type":"Organization","@id":"https:\/\/ecosupplements.be\/fr\/#organization","name":"Eco Supplements","url":"https:\/\/ecosupplements.be\/fr\/","logo":{"@type":"ImageObject","inLanguage":"fr-FR","@id":"https:\/\/ecosupplements.be\/fr\/#\/schema\/logo\/image\/","url":"https:\/\/ecosupplements.be\/wp-content\/uploads\/2022\/06\/ecosupplement-family.png","contentUrl":"https:\/\/ecosupplements.be\/wp-content\/uploads\/2022\/06\/ecosupplement-family.png","width":593,"height":374,"caption":"Eco Supplements"},"image":{"@id":"https:\/\/ecosupplements.be\/fr\/#\/schema\/logo\/image\/"}}]},"product_brand":"Enzymedica","product_price_amount":"66.02","product_price_currency":"EUR","og_availability":"instock","product_availability":"instock","product_retailer_item_id":"670480202128","product_condition":"new"},"_links":{"self":[{"href":"https:\/\/ecosupplements.be\/fr\/wp-json\/wp\/v2\/product\/286848","targetHints":{"allow":["GET"]}}],"collection":[{"href":"https:\/\/ecosupplements.be\/fr\/wp-json\/wp\/v2\/product"}],"about":[{"href":"https:\/\/ecosupplements.be\/fr\/wp-json\/wp\/v2\/types\/product"}],"replies":[{"embeddable":true,"href":"https:\/\/ecosupplements.be\/fr\/wp-json\/wp\/v2\/comments?post=286848"}],"wp:featuredmedia":[{"embeddable":true,"href":"https:\/\/ecosupplements.be\/fr\/wp-json\/wp\/v2\/media\/263774"}],"wp:attachment":[{"href":"https:\/\/ecosupplements.be\/fr\/wp-json\/wp\/v2\/media?parent=286848"}],"wp:term":[{"taxonomy":"product_brand","embeddable":true,"href":"https:\/\/ecosupplements.be\/fr\/wp-json\/wp\/v2\/product_brand?post=286848"},{"taxonomy":"product_cat","embeddable":true,"href":"https:\/\/ecosupplements.be\/fr\/wp-json\/wp\/v2\/product_cat?post=286848"},{"taxonomy":"product_tag","embeddable":true,"href":"https:\/\/ecosupplements.be\/fr\/wp-json\/wp\/v2\/product_tag?post=286848"}],"curies":[{"name":"wp","href":"https:\/\/api.w.org\/{rel}","templated":true}]}}