{"id":286854,"date":"2024-03-07T13:30:43","date_gmt":"2024-03-07T12:30:43","guid":{"rendered":"https:\/\/ecosupplements.be\/product\/digestion-enfants-punch-aux-fruits-60-comprimes-a-macher\/"},"modified":"2025-08-27T14:14:27","modified_gmt":"2025-08-27T13:14:27","slug":"digestion-enfants-punch-aux-fruits-60-comprimes-a-macher","status":"publish","type":"product","link":"https:\/\/ecosupplements.be\/fr\/produit\/digestion-enfants-punch-aux-fruits-60-comprimes-a-macher\/","title":{"rendered":"Digestion Enfants, Punch aux Fruits &#8211; 60 comprim\u00e9s \u00e0 m\u00e2cher"},"content":{"rendered":"<h1>Kids Digest, Fruit Punch &#8211; 60\u200b chewables<\/h1>\n<p>Les\u2062 enfants ont souvent des probl\u00e8mes digestifs, que \u2064ce soit en raison d&#8217;une \u2063alimentation d\u00e9s\u00e9quilibr\u00e9e, de la consommation d&#8217;aliments gras ou \u2062de la\u200b prise d&#8217;antibiotiques. Cela peut \u200dentra\u00eener des ballonnements, des gaz, \u2063des crampes d&#8217;estomac et\u200b d&#8217;autres inconforts. C&#8217;est pourquoi Enzymedica a cr\u00e9\u00e9 Kids Digest, une formule sp\u00e9cialement con\u00e7ue pour soutenir la digestion des\u200b enfants.<\/p>\n<h2>Caract\u00e9ristiques sp\u00e9ciales:<\/h2>\n<ul>\n<li>Formule douce pour les enfants<\/li>\n<li>Saveur fruit punch \u200dd\u00e9licieuse<\/li>\n<li>60 chewables faciles \u00e0 prendre<\/li>\n<li>Contient des\u2064 enzymes digestives pour aider\u2064 \u00e0 d\u00e9composer les aliments<\/li>\n<li>Enrichi en probiotiques pour soutenir la sant\u00e9 intestinale<\/li>\n<li>Sans gluten, sans produits laitiers, sans OGM<\/li>\n<\/ul>\n<h2>Ingr\u00e9dients cl\u00e9s:<\/h2>\n<p>Kids Digest contient un m\u00e9lange d&#8217;enzymes digestives, \u2062notamment \u200dde \u200dla prot\u00e9ase, de \u200bl&#8217;amylase \u2064et de la \u2064lipase, qui aident \u2063\u00e0 d\u00e9composer les prot\u00e9ines, les glucides et les \u200cgraisses pour une\u200d digestion optimale. Il contient \u00e9galement des probiotiques, tels que \u200dLactobacillus acidophilus et Bifidobacterium lactis, qui\u2063 aident\u2063 \u00e0 maintenir un \u2063\u00e9quilibre sain de la flore intestinale.<\/p>\n<h2>Avantages \u200buniques:<\/h2>\n<p>Ce suppl\u00e9ment est sp\u00e9cialement formul\u00e9 pour\u2063 les enfants, avec une dose adapt\u00e9e \u00e0 leur \u00e2ge et \u00e0 leur poids.\u2064 Les chewables\u200d \u00e0 la saveur fruit punch \u200csont faciles\u200c \u00e0 prendre et peuvent \u00eatre\u2064 m\u00e2ch\u00e9s ou\u200b aval\u00e9s entiers. Ils sont \u200b\u00e9galement sans gluten, sans produits\u2064 laitiers et sans OGM, ce qui en fait un choix s\u00fbr pour les\u2063 enfants ayant des sensibilit\u00e9s alimentaires.<\/p>\n<h2>Principales caract\u00e9ristiques:<\/h2>\n<ul>\n<li>Formule douce pour les enfants<\/li>\n<li>Saveur fruit punch d\u00e9licieuse<\/li>\n<li>60 chewables faciles \u00e0 prendre<\/li>\n<li>Contient \u200cdes enzymes digestives \u2062et des probiotiques<\/li>\n<li>Sans gluten, sans produits\u2064 laitiers, \u200dsans OGM<\/li>\n<\/ul>\n<p>Aidez votre enfant \u00e0 \u200bavoir une digestion saine et confortable avec Kids Digest\u2063 de Enzymedica. Commandez d\u00e8s maintenant et \u200bvoyez la diff\u00e9rence que cela\u200b peut faire pour \u2064leur bien-\u00eatre g\u00e9n\u00e9ral.<\/p>\n","protected":false},"excerpt":{"rendered":"<p>Kids Digest, Fruit Punch &#8211; 60\u200b chewables Les\u2062 enfants ont souvent des probl\u00e8mes digestifs, que \u2064ce soit en raison d&#8217;une \u2063alimentation d\u00e9s\u00e9quilibr\u00e9e, de la consommation d&#8217;aliments gras ou \u2062de la\u200b prise d&#8217;antibiotiques. Cela peut \u200dentra\u00eener des ballonnements, des gaz, \u2063des crampes d&#8217;estomac et\u200b d&#8217;autres inconforts. C&#8217;est pourquoi Enzymedica a cr\u00e9\u00e9 Kids Digest, une formule sp\u00e9cialement [&#8230;]\n","protected":false},"featured_media":263777,"comment_status":"open","ping_status":"open","template":"","meta":[],"product_brand":[4678],"product_cat":[5054,5055,5052],"product_tag":[],"class_list":{"0":"post-286854","1":"product","2":"type-product","3":"status-publish","4":"has-post-thumbnail","6":"product_brand-enzymedica-2","7":"product_cat-nourriture-saine","8":"product_cat-produits-vegetaliens","9":"product_cat-sante-et-bien-etre","11":"first","12":"instock","13":"sale","14":"taxable","15":"shipping-taxable","16":"purchasable","17":"product-type-simple"},"yoast_head":"<!-- This site is optimized with the Yoast SEO Premium plugin v27.3 (Yoast SEO v27.3) - https:\/\/yoast.com\/product\/yoast-seo-premium-wordpress\/ -->\n<title>Digestion Enfants, Punch aux Fruits - 60 comprim\u00e9s \u00e0 m\u00e2cher - ECO Supplements<\/title>\n<meta name=\"description\" content=\"Wij hebben een ruime keuze aan producten van Digestion Enfants, Punch aux Fruits - 60 comprim\u00e9s \u00e0 m\u00e2cher . Winkel bij Eco Supplements altijd gratis verzending boven 100\u20ac\" \/>\n<meta name=\"robots\" content=\"index, follow, max-snippet:-1, max-image-preview:large, max-video-preview:-1\" \/>\n<link rel=\"canonical\" href=\"https:\/\/ecosupplements.be\/fr\/produit\/digestion-enfants-punch-aux-fruits-60-comprimes-a-macher\/\" \/>\n<meta property=\"og:locale\" content=\"fr_FR\" \/>\n<meta property=\"og:type\" content=\"article\" \/>\n<meta property=\"og:title\" content=\"Digestion Enfants, Punch aux Fruits - 60 comprim\u00e9s \u00e0 m\u00e2cher\" \/>\n<meta property=\"og:description\" content=\"Wij hebben een ruime keuze aan producten van Digestion Enfants, Punch aux Fruits - 60 comprim\u00e9s \u00e0 m\u00e2cher . Winkel bij Eco Supplements altijd gratis verzending boven 100\u20ac\" \/>\n<meta property=\"og:url\" content=\"https:\/\/ecosupplements.be\/fr\/produit\/digestion-enfants-punch-aux-fruits-60-comprimes-a-macher\/\" \/>\n<meta property=\"og:site_name\" content=\"ECO Supplements\" \/>\n<meta property=\"article:modified_time\" content=\"2025-08-27T13:14:27+00:00\" \/>\n<meta property=\"og:image\" content=\"https:\/\/ecosupplements.be\/wp-content\/uploads\/2025\/08\/Kids-Digest-Fruit-Punch-60-chewables-1.jpg\" \/>\n\t<meta property=\"og:image:width\" content=\"600\" \/>\n\t<meta property=\"og:image:height\" content=\"600\" \/>\n\t<meta property=\"og:image:type\" content=\"image\/jpeg\" \/>\n<meta name=\"twitter:card\" content=\"summary_large_image\" \/>\n<meta name=\"twitter:label1\" content=\"Prix\" \/>\n\t<meta name=\"twitter:data1\" content=\"18.53&nbsp;&euro;\" \/>\n\t<meta name=\"twitter:label2\" content=\"Disponibilit\u00e9\" \/>\n\t<meta name=\"twitter:data2\" content=\"En stock\" \/>\n<script type=\"application\/ld+json\" class=\"yoast-schema-graph\">{\"@context\":\"https:\\\/\\\/schema.org\",\"@graph\":[{\"@type\":[\"WebPage\",\"ItemPage\"],\"@id\":\"https:\\\/\\\/ecosupplements.be\\\/fr\\\/produit\\\/digestion-enfants-punch-aux-fruits-60-comprimes-a-macher\\\/\",\"url\":\"https:\\\/\\\/ecosupplements.be\\\/fr\\\/produit\\\/digestion-enfants-punch-aux-fruits-60-comprimes-a-macher\\\/\",\"name\":\"Digestion Enfants, Punch aux Fruits - 60 comprim\u00e9s \u00e0 m\u00e2cher - ECO Supplements\",\"isPartOf\":{\"@id\":\"https:\\\/\\\/ecosupplements.be\\\/fr\\\/#website\"},\"primaryImageOfPage\":{\"@id\":\"https:\\\/\\\/ecosupplements.be\\\/fr\\\/produit\\\/digestion-enfants-punch-aux-fruits-60-comprimes-a-macher\\\/#primaryimage\"},\"image\":{\"@id\":\"https:\\\/\\\/ecosupplements.be\\\/fr\\\/produit\\\/digestion-enfants-punch-aux-fruits-60-comprimes-a-macher\\\/#primaryimage\"},\"thumbnailUrl\":\"https:\\\/\\\/ecosupplements.be\\\/wp-content\\\/uploads\\\/2025\\\/08\\\/Kids-Digest-Fruit-Punch-60-chewables.jpg\",\"datePublished\":\"2024-03-07T12:30:43+00:00\",\"dateModified\":\"2025-08-27T13:14:27+00:00\",\"description\":\"Wij hebben een ruime keuze aan producten van Digestion Enfants, Punch aux Fruits - 60 comprim\u00e9s \u00e0 m\u00e2cher . Winkel bij Eco Supplements altijd gratis verzending boven 100\u20ac\",\"breadcrumb\":{\"@id\":\"https:\\\/\\\/ecosupplements.be\\\/fr\\\/produit\\\/digestion-enfants-punch-aux-fruits-60-comprimes-a-macher\\\/#breadcrumb\"},\"inLanguage\":\"fr-FR\",\"potentialAction\":[{\"@type\":\"ReadAction\",\"target\":[\"https:\\\/\\\/ecosupplements.be\\\/fr\\\/produit\\\/digestion-enfants-punch-aux-fruits-60-comprimes-a-macher\\\/\"]}]},{\"@type\":\"ImageObject\",\"inLanguage\":\"fr-FR\",\"@id\":\"https:\\\/\\\/ecosupplements.be\\\/fr\\\/produit\\\/digestion-enfants-punch-aux-fruits-60-comprimes-a-macher\\\/#primaryimage\",\"url\":\"https:\\\/\\\/ecosupplements.be\\\/wp-content\\\/uploads\\\/2025\\\/08\\\/Kids-Digest-Fruit-Punch-60-chewables.jpg\",\"contentUrl\":\"https:\\\/\\\/ecosupplements.be\\\/wp-content\\\/uploads\\\/2025\\\/08\\\/Kids-Digest-Fruit-Punch-60-chewables.jpg\",\"width\":600,\"height\":600},{\"@type\":\"BreadcrumbList\",\"@id\":\"https:\\\/\\\/ecosupplements.be\\\/fr\\\/produit\\\/digestion-enfants-punch-aux-fruits-60-comprimes-a-macher\\\/#breadcrumb\",\"itemListElement\":[{\"@type\":\"ListItem\",\"position\":1,\"name\":\"Home\",\"item\":\"https:\\\/\\\/ecosupplements.be\\\/fr\\\/\"},{\"@type\":\"ListItem\",\"position\":2,\"name\":\"Boutique\",\"item\":\"https:\\\/\\\/ecosupplements.be\\\/fr\\\/boutique\\\/\"},{\"@type\":\"ListItem\",\"position\":3,\"name\":\"Digestion Enfants, Punch aux Fruits &#8211; 60 comprim\u00e9s \u00e0 m\u00e2cher\"}]},{\"@type\":\"WebSite\",\"@id\":\"https:\\\/\\\/ecosupplements.be\\\/fr\\\/#website\",\"url\":\"https:\\\/\\\/ecosupplements.be\\\/fr\\\/\",\"name\":\"ECO Supplements\",\"description\":\"Eco Supplements - Gezonde supplementen\",\"publisher\":{\"@id\":\"https:\\\/\\\/ecosupplements.be\\\/fr\\\/#organization\"},\"potentialAction\":[{\"@type\":\"SearchAction\",\"target\":{\"@type\":\"EntryPoint\",\"urlTemplate\":\"https:\\\/\\\/ecosupplements.be\\\/fr\\\/?s={search_term_string}\"},\"query-input\":{\"@type\":\"PropertyValueSpecification\",\"valueRequired\":true,\"valueName\":\"search_term_string\"}}],\"inLanguage\":\"fr-FR\"},{\"@type\":\"Organization\",\"@id\":\"https:\\\/\\\/ecosupplements.be\\\/fr\\\/#organization\",\"name\":\"Eco Supplements\",\"url\":\"https:\\\/\\\/ecosupplements.be\\\/fr\\\/\",\"logo\":{\"@type\":\"ImageObject\",\"inLanguage\":\"fr-FR\",\"@id\":\"https:\\\/\\\/ecosupplements.be\\\/fr\\\/#\\\/schema\\\/logo\\\/image\\\/\",\"url\":\"https:\\\/\\\/ecosupplements.be\\\/wp-content\\\/uploads\\\/2022\\\/06\\\/ecosupplement-family.png\",\"contentUrl\":\"https:\\\/\\\/ecosupplements.be\\\/wp-content\\\/uploads\\\/2022\\\/06\\\/ecosupplement-family.png\",\"width\":593,\"height\":374,\"caption\":\"Eco Supplements\"},\"image\":{\"@id\":\"https:\\\/\\\/ecosupplements.be\\\/fr\\\/#\\\/schema\\\/logo\\\/image\\\/\"}}]}<\/script>\n<meta property=\"product:brand\" content=\"Enzymedica\" \/>\n<meta property=\"product:price:amount\" content=\"18.53\" \/>\n<meta property=\"product:price:currency\" content=\"EUR\" \/>\n<meta property=\"og:availability\" content=\"instock\" \/>\n<meta property=\"product:availability\" content=\"instock\" \/>\n<meta property=\"product:retailer_item_id\" content=\"670480110102\" \/>\n<meta property=\"product:condition\" content=\"new\" \/>\n<!-- \/ Yoast SEO Premium plugin. -->","yoast_head_json":{"title":"Digestion Enfants, Punch aux Fruits - 60 comprim\u00e9s \u00e0 m\u00e2cher - ECO Supplements","description":"Wij hebben een ruime keuze aan producten van Digestion Enfants, Punch aux Fruits - 60 comprim\u00e9s \u00e0 m\u00e2cher . Winkel bij Eco Supplements altijd gratis verzending boven 100\u20ac","robots":{"index":"index","follow":"follow","max-snippet":"max-snippet:-1","max-image-preview":"max-image-preview:large","max-video-preview":"max-video-preview:-1"},"canonical":"https:\/\/ecosupplements.be\/fr\/produit\/digestion-enfants-punch-aux-fruits-60-comprimes-a-macher\/","og_locale":"fr_FR","og_type":"article","og_title":"Digestion Enfants, Punch aux Fruits - 60 comprim\u00e9s \u00e0 m\u00e2cher","og_description":"Wij hebben een ruime keuze aan producten van Digestion Enfants, Punch aux Fruits - 60 comprim\u00e9s \u00e0 m\u00e2cher . Winkel bij Eco Supplements altijd gratis verzending boven 100\u20ac","og_url":"https:\/\/ecosupplements.be\/fr\/produit\/digestion-enfants-punch-aux-fruits-60-comprimes-a-macher\/","og_site_name":"ECO Supplements","article_modified_time":"2025-08-27T13:14:27+00:00","og_image":[{"width":600,"height":600,"url":"https:\/\/ecosupplements.be\/wp-content\/uploads\/2025\/08\/Kids-Digest-Fruit-Punch-60-chewables-1.jpg","type":"image\/jpeg"}],"twitter_card":"summary_large_image","twitter_misc":{"Prix":"18.53&nbsp;&euro;","Disponibilit\u00e9":"En stock"},"schema":{"@context":"https:\/\/schema.org","@graph":[{"@type":["WebPage","ItemPage"],"@id":"https:\/\/ecosupplements.be\/fr\/produit\/digestion-enfants-punch-aux-fruits-60-comprimes-a-macher\/","url":"https:\/\/ecosupplements.be\/fr\/produit\/digestion-enfants-punch-aux-fruits-60-comprimes-a-macher\/","name":"Digestion Enfants, Punch aux Fruits - 60 comprim\u00e9s \u00e0 m\u00e2cher - ECO Supplements","isPartOf":{"@id":"https:\/\/ecosupplements.be\/fr\/#website"},"primaryImageOfPage":{"@id":"https:\/\/ecosupplements.be\/fr\/produit\/digestion-enfants-punch-aux-fruits-60-comprimes-a-macher\/#primaryimage"},"image":{"@id":"https:\/\/ecosupplements.be\/fr\/produit\/digestion-enfants-punch-aux-fruits-60-comprimes-a-macher\/#primaryimage"},"thumbnailUrl":"https:\/\/ecosupplements.be\/wp-content\/uploads\/2025\/08\/Kids-Digest-Fruit-Punch-60-chewables.jpg","datePublished":"2024-03-07T12:30:43+00:00","dateModified":"2025-08-27T13:14:27+00:00","description":"Wij hebben een ruime keuze aan producten van Digestion Enfants, Punch aux Fruits - 60 comprim\u00e9s \u00e0 m\u00e2cher . Winkel bij Eco Supplements altijd gratis verzending boven 100\u20ac","breadcrumb":{"@id":"https:\/\/ecosupplements.be\/fr\/produit\/digestion-enfants-punch-aux-fruits-60-comprimes-a-macher\/#breadcrumb"},"inLanguage":"fr-FR","potentialAction":[{"@type":"ReadAction","target":["https:\/\/ecosupplements.be\/fr\/produit\/digestion-enfants-punch-aux-fruits-60-comprimes-a-macher\/"]}]},{"@type":"ImageObject","inLanguage":"fr-FR","@id":"https:\/\/ecosupplements.be\/fr\/produit\/digestion-enfants-punch-aux-fruits-60-comprimes-a-macher\/#primaryimage","url":"https:\/\/ecosupplements.be\/wp-content\/uploads\/2025\/08\/Kids-Digest-Fruit-Punch-60-chewables.jpg","contentUrl":"https:\/\/ecosupplements.be\/wp-content\/uploads\/2025\/08\/Kids-Digest-Fruit-Punch-60-chewables.jpg","width":600,"height":600},{"@type":"BreadcrumbList","@id":"https:\/\/ecosupplements.be\/fr\/produit\/digestion-enfants-punch-aux-fruits-60-comprimes-a-macher\/#breadcrumb","itemListElement":[{"@type":"ListItem","position":1,"name":"Home","item":"https:\/\/ecosupplements.be\/fr\/"},{"@type":"ListItem","position":2,"name":"Boutique","item":"https:\/\/ecosupplements.be\/fr\/boutique\/"},{"@type":"ListItem","position":3,"name":"Digestion Enfants, Punch aux Fruits &#8211; 60 comprim\u00e9s \u00e0 m\u00e2cher"}]},{"@type":"WebSite","@id":"https:\/\/ecosupplements.be\/fr\/#website","url":"https:\/\/ecosupplements.be\/fr\/","name":"ECO Supplements","description":"Eco Supplements - Gezonde supplementen","publisher":{"@id":"https:\/\/ecosupplements.be\/fr\/#organization"},"potentialAction":[{"@type":"SearchAction","target":{"@type":"EntryPoint","urlTemplate":"https:\/\/ecosupplements.be\/fr\/?s={search_term_string}"},"query-input":{"@type":"PropertyValueSpecification","valueRequired":true,"valueName":"search_term_string"}}],"inLanguage":"fr-FR"},{"@type":"Organization","@id":"https:\/\/ecosupplements.be\/fr\/#organization","name":"Eco Supplements","url":"https:\/\/ecosupplements.be\/fr\/","logo":{"@type":"ImageObject","inLanguage":"fr-FR","@id":"https:\/\/ecosupplements.be\/fr\/#\/schema\/logo\/image\/","url":"https:\/\/ecosupplements.be\/wp-content\/uploads\/2022\/06\/ecosupplement-family.png","contentUrl":"https:\/\/ecosupplements.be\/wp-content\/uploads\/2022\/06\/ecosupplement-family.png","width":593,"height":374,"caption":"Eco Supplements"},"image":{"@id":"https:\/\/ecosupplements.be\/fr\/#\/schema\/logo\/image\/"}}]},"product_brand":"Enzymedica","product_price_amount":"18.53","product_price_currency":"EUR","og_availability":"instock","product_availability":"instock","product_retailer_item_id":"670480110102","product_condition":"new"},"_links":{"self":[{"href":"https:\/\/ecosupplements.be\/fr\/wp-json\/wp\/v2\/product\/286854","targetHints":{"allow":["GET"]}}],"collection":[{"href":"https:\/\/ecosupplements.be\/fr\/wp-json\/wp\/v2\/product"}],"about":[{"href":"https:\/\/ecosupplements.be\/fr\/wp-json\/wp\/v2\/types\/product"}],"replies":[{"embeddable":true,"href":"https:\/\/ecosupplements.be\/fr\/wp-json\/wp\/v2\/comments?post=286854"}],"wp:featuredmedia":[{"embeddable":true,"href":"https:\/\/ecosupplements.be\/fr\/wp-json\/wp\/v2\/media\/263777"}],"wp:attachment":[{"href":"https:\/\/ecosupplements.be\/fr\/wp-json\/wp\/v2\/media?parent=286854"}],"wp:term":[{"taxonomy":"product_brand","embeddable":true,"href":"https:\/\/ecosupplements.be\/fr\/wp-json\/wp\/v2\/product_brand?post=286854"},{"taxonomy":"product_cat","embeddable":true,"href":"https:\/\/ecosupplements.be\/fr\/wp-json\/wp\/v2\/product_cat?post=286854"},{"taxonomy":"product_tag","embeddable":true,"href":"https:\/\/ecosupplements.be\/fr\/wp-json\/wp\/v2\/product_tag?post=286854"}],"curies":[{"name":"wp","href":"https:\/\/api.w.org\/{rel}","templated":true}]}}