{"id":286959,"date":"2024-03-07T15:40:15","date_gmt":"2024-03-07T14:40:15","guid":{"rendered":"https:\/\/ecosupplements.be\/product\/gummies-de-champignon-lions-mane-bleuet-et-fraise-60-gummies\/"},"modified":"2025-08-27T14:16:08","modified_gmt":"2025-08-27T13:16:08","slug":"gummies-de-champignon-lions-mane-bleuet-et-fraise-60-gummies","status":"publish","type":"product","link":"https:\/\/ecosupplements.be\/fr\/produit\/gummies-de-champignon-lions-mane-bleuet-et-fraise-60-gummies\/","title":{"rendered":"Gummies de champignon Lion&#8217;s Mane, bleuet et fraise &#8211; 60 gummies"},"content":{"rendered":"<h1>D\u00e9couvrez les bienfaits des gummies aux\u200c champignons\u200d Lion&#8217;s Mane, saveur myrtille et fraise !<\/h1>\n<p>Les gummies aux champignons Lion&#8217;s Mane de la\u2063 marque Fungies sont un moyen d\u00e9licieux et pratique de profiter des bienfaits de \u2064ce champignon puissant. Chaque bouch\u00e9e est remplie de saveurs fruit\u00e9es de myrtille et de \u2063fraise, ce \u200cqui en fait une\u2063 collation \u2064saine\u2062 et savoureuse pour toute\u2063 la\u200c famille.<\/p>\n<h2>Caract\u00e9ristiques sp\u00e9ciales :<\/h2>\n<ul>\n<li>Contient 60 gummies \u200bpar bouteille<\/li>\n<li>Saveurs naturelles de myrtille et\u2064 de \u2064fraise<\/li>\n<li>Fabriqu\u00e9 aux \u00c9tats-Unis avec des ingr\u00e9dients de qualit\u00e9 sup\u00e9rieure<\/li>\n<li>Facile \u00e0 prendre et \u00e0\u200b dig\u00e9rer<\/li>\n<li>Convient\u200d aux v\u00e9g\u00e9tariens et v\u00e9g\u00e9taliens<\/li>\n<\/ul>\n<h2>Ingr\u00e9dients cl\u00e9s :<\/h2>\n<p>Les gummies \u2062aux champignons Lion&#8217;s Mane sont formul\u00e9s\u200d avec des \u2063ingr\u00e9dients naturels et de qualit\u00e9 sup\u00e9rieure, notamment\u2064 :<\/p>\n<ul>\n<li>Extrait de champignon Lion&#8217;s Mane : riche en nutriments et \u200cen antioxydants, ce champignon est connu pour ses propri\u00e9t\u00e9s anti-inflammatoires et ses bienfaits pour la sant\u00e9 cognitive.<\/li>\n<li>Jus \u2063de myrtille \u200d: riche en vitamines et en \u200dantioxydants, ce jus aide \u00e0 renforcer\u2062 le syst\u00e8me immunitaire et \u00e0 prot\u00e9ger contre les\u200b maladies.<\/li>\n<li>Jus de fraise : riche en vitamine C et en antioxydants, ce jus aide \u00e0\u200c maintenir une peau saine et \u00e0 am\u00e9liorer \u200cla sant\u00e9 cardiovasculaire.<\/li>\n<li>Sucre de canne biologique\u200d : un \u00e9dulcorant naturel qui ajoute une touche de douceur sans les effets n\u00e9fastes du sucre raffin\u00e9.<\/li>\n<\/ul>\n<h2>Avantages uniques :<\/h2>\n<p>Les gummies aux champignons\u200c Lion&#8217;s Mane sont un moyen pratique et d\u00e9licieux de profiter des \u2064bienfaits de ce champignon\u2064 puissant. En plus de ses propri\u00e9t\u00e9s anti-inflammatoires et de ses bienfaits pour la sant\u00e9 cognitive, le champignon Lion&#8217;s Mane \u200bpeut \u00e9galement aider \u00e0 am\u00e9liorer la\u200d digestion, \u00e0 r\u00e9duire le \u2062stress et \u00e0 renforcer \u2063le syst\u00e8me \u2063immunitaire.<\/p>\n<h2>Comment les \u200cprendre\u2063 :<\/h2>\n<p>Prenez 2 gummies par jour en tant\u2064 que \u200ccompl\u00e9ment alimentaire. Les gummies peuvent \u00eatre m\u00e2ch\u00e9s\u2062 et aval\u00e9s ou laiss\u00e9s fondre dans \u2062la bouche pour une absorption plus rapide.<\/p>\n<p>Profitez des bienfaits des champignons Lion&#8217;s Mane avec ces d\u00e9licieux gummies aux saveurs de\u200d myrtille et de fraise. Commandez \u200cd\u00e8s maintenant et faites de ces gummies une partie de votre routine quotidienne pour une \u200bsant\u00e9 optimale !<\/p>\n","protected":false},"excerpt":{"rendered":"<p>D\u00e9couvrez les bienfaits des gummies aux\u200c champignons\u200d Lion&#8217;s Mane, saveur myrtille et fraise ! Les gummies aux champignons Lion&#8217;s Mane de la\u2063 marque Fungies sont un moyen d\u00e9licieux et pratique de profiter des bienfaits de \u2064ce champignon puissant. Chaque bouch\u00e9e est remplie de saveurs fruit\u00e9es de myrtille et de \u2063fraise, ce \u200cqui en fait une\u2063 [&#8230;]\n","protected":false},"featured_media":263849,"comment_status":"open","ping_status":"open","template":"","meta":[],"product_brand":[5275],"product_cat":[5054,5055,5052],"product_tag":[],"class_list":{"0":"post-286959","1":"product","2":"type-product","3":"status-publish","4":"has-post-thumbnail","6":"product_brand-fungies-2","7":"product_cat-nourriture-saine","8":"product_cat-produits-vegetaliens","9":"product_cat-sante-et-bien-etre","11":"first","12":"instock","13":"taxable","14":"shipping-taxable","15":"purchasable","16":"product-type-simple"},"yoast_head":"<!-- This site is optimized with the Yoast SEO Premium plugin v27.3 (Yoast SEO v27.3) - https:\/\/yoast.com\/product\/yoast-seo-premium-wordpress\/ -->\n<title>Gummies de champignon Lion&#039;s Mane, bleuet et fraise - 60 gummies - ECO Supplements<\/title>\n<meta name=\"description\" content=\"Wij hebben een ruime keuze aan producten van Gummies de champignon Lion&#039;s Mane, bleuet et fraise - 60 gummies . Winkel bij Eco Supplements altijd gratis verzending boven 100\u20ac\" \/>\n<meta name=\"robots\" content=\"index, follow, max-snippet:-1, max-image-preview:large, max-video-preview:-1\" \/>\n<link rel=\"canonical\" href=\"https:\/\/ecosupplements.be\/fr\/produit\/gummies-de-champignon-lions-mane-bleuet-et-fraise-60-gummies\/\" \/>\n<meta property=\"og:locale\" content=\"fr_FR\" \/>\n<meta property=\"og:type\" content=\"article\" \/>\n<meta property=\"og:title\" content=\"Gummies de champignon Lion&#039;s Mane, bleuet et fraise - 60 gummies\" \/>\n<meta property=\"og:description\" content=\"Wij hebben een ruime keuze aan producten van Gummies de champignon Lion&#039;s Mane, bleuet et fraise - 60 gummies . Winkel bij Eco Supplements altijd gratis verzending boven 100\u20ac\" \/>\n<meta property=\"og:url\" content=\"https:\/\/ecosupplements.be\/fr\/produit\/gummies-de-champignon-lions-mane-bleuet-et-fraise-60-gummies\/\" \/>\n<meta property=\"og:site_name\" content=\"ECO Supplements\" \/>\n<meta property=\"article:modified_time\" content=\"2025-08-27T13:16:08+00:00\" \/>\n<meta property=\"og:image\" content=\"https:\/\/ecosupplements.be\/wp-content\/uploads\/2025\/08\/Lions-Mane-Mushroom-Gummies-Blueberry-Strawberry-60-gummies-1.jpg\" \/>\n\t<meta property=\"og:image:width\" content=\"600\" \/>\n\t<meta property=\"og:image:height\" content=\"600\" \/>\n\t<meta property=\"og:image:type\" content=\"image\/jpeg\" \/>\n<meta name=\"twitter:card\" content=\"summary_large_image\" \/>\n<meta name=\"twitter:label1\" content=\"Prix\" \/>\n\t<meta name=\"twitter:data1\" content=\"22.41&nbsp;&euro;\" \/>\n\t<meta name=\"twitter:label2\" content=\"Disponibilit\u00e9\" \/>\n\t<meta name=\"twitter:data2\" content=\"En stock\" \/>\n<script type=\"application\/ld+json\" class=\"yoast-schema-graph\">{\"@context\":\"https:\\\/\\\/schema.org\",\"@graph\":[{\"@type\":[\"WebPage\",\"ItemPage\"],\"@id\":\"https:\\\/\\\/ecosupplements.be\\\/fr\\\/produit\\\/gummies-de-champignon-lions-mane-bleuet-et-fraise-60-gummies\\\/\",\"url\":\"https:\\\/\\\/ecosupplements.be\\\/fr\\\/produit\\\/gummies-de-champignon-lions-mane-bleuet-et-fraise-60-gummies\\\/\",\"name\":\"Gummies de champignon Lion's Mane, bleuet et fraise - 60 gummies - ECO Supplements\",\"isPartOf\":{\"@id\":\"https:\\\/\\\/ecosupplements.be\\\/fr\\\/#website\"},\"primaryImageOfPage\":{\"@id\":\"https:\\\/\\\/ecosupplements.be\\\/fr\\\/produit\\\/gummies-de-champignon-lions-mane-bleuet-et-fraise-60-gummies\\\/#primaryimage\"},\"image\":{\"@id\":\"https:\\\/\\\/ecosupplements.be\\\/fr\\\/produit\\\/gummies-de-champignon-lions-mane-bleuet-et-fraise-60-gummies\\\/#primaryimage\"},\"thumbnailUrl\":\"https:\\\/\\\/ecosupplements.be\\\/wp-content\\\/uploads\\\/2025\\\/08\\\/Lions-Mane-Mushroom-Gummies-Blueberry-Strawberry-60-gummies.jpg\",\"datePublished\":\"2024-03-07T14:40:15+00:00\",\"dateModified\":\"2025-08-27T13:16:08+00:00\",\"description\":\"Wij hebben een ruime keuze aan producten van Gummies de champignon Lion's Mane, bleuet et fraise - 60 gummies . Winkel bij Eco Supplements altijd gratis verzending boven 100\u20ac\",\"breadcrumb\":{\"@id\":\"https:\\\/\\\/ecosupplements.be\\\/fr\\\/produit\\\/gummies-de-champignon-lions-mane-bleuet-et-fraise-60-gummies\\\/#breadcrumb\"},\"inLanguage\":\"fr-FR\",\"potentialAction\":[{\"@type\":\"ReadAction\",\"target\":[\"https:\\\/\\\/ecosupplements.be\\\/fr\\\/produit\\\/gummies-de-champignon-lions-mane-bleuet-et-fraise-60-gummies\\\/\"]}]},{\"@type\":\"ImageObject\",\"inLanguage\":\"fr-FR\",\"@id\":\"https:\\\/\\\/ecosupplements.be\\\/fr\\\/produit\\\/gummies-de-champignon-lions-mane-bleuet-et-fraise-60-gummies\\\/#primaryimage\",\"url\":\"https:\\\/\\\/ecosupplements.be\\\/wp-content\\\/uploads\\\/2025\\\/08\\\/Lions-Mane-Mushroom-Gummies-Blueberry-Strawberry-60-gummies.jpg\",\"contentUrl\":\"https:\\\/\\\/ecosupplements.be\\\/wp-content\\\/uploads\\\/2025\\\/08\\\/Lions-Mane-Mushroom-Gummies-Blueberry-Strawberry-60-gummies.jpg\",\"width\":600,\"height\":600},{\"@type\":\"BreadcrumbList\",\"@id\":\"https:\\\/\\\/ecosupplements.be\\\/fr\\\/produit\\\/gummies-de-champignon-lions-mane-bleuet-et-fraise-60-gummies\\\/#breadcrumb\",\"itemListElement\":[{\"@type\":\"ListItem\",\"position\":1,\"name\":\"Home\",\"item\":\"https:\\\/\\\/ecosupplements.be\\\/fr\\\/\"},{\"@type\":\"ListItem\",\"position\":2,\"name\":\"Boutique\",\"item\":\"https:\\\/\\\/ecosupplements.be\\\/fr\\\/boutique\\\/\"},{\"@type\":\"ListItem\",\"position\":3,\"name\":\"Gummies de champignon Lion&#8217;s Mane, bleuet et fraise &#8211; 60 gummies\"}]},{\"@type\":\"WebSite\",\"@id\":\"https:\\\/\\\/ecosupplements.be\\\/fr\\\/#website\",\"url\":\"https:\\\/\\\/ecosupplements.be\\\/fr\\\/\",\"name\":\"ECO Supplements\",\"description\":\"Eco Supplements - Gezonde supplementen\",\"publisher\":{\"@id\":\"https:\\\/\\\/ecosupplements.be\\\/fr\\\/#organization\"},\"potentialAction\":[{\"@type\":\"SearchAction\",\"target\":{\"@type\":\"EntryPoint\",\"urlTemplate\":\"https:\\\/\\\/ecosupplements.be\\\/fr\\\/?s={search_term_string}\"},\"query-input\":{\"@type\":\"PropertyValueSpecification\",\"valueRequired\":true,\"valueName\":\"search_term_string\"}}],\"inLanguage\":\"fr-FR\"},{\"@type\":\"Organization\",\"@id\":\"https:\\\/\\\/ecosupplements.be\\\/fr\\\/#organization\",\"name\":\"Eco Supplements\",\"url\":\"https:\\\/\\\/ecosupplements.be\\\/fr\\\/\",\"logo\":{\"@type\":\"ImageObject\",\"inLanguage\":\"fr-FR\",\"@id\":\"https:\\\/\\\/ecosupplements.be\\\/fr\\\/#\\\/schema\\\/logo\\\/image\\\/\",\"url\":\"https:\\\/\\\/ecosupplements.be\\\/wp-content\\\/uploads\\\/2022\\\/06\\\/ecosupplement-family.png\",\"contentUrl\":\"https:\\\/\\\/ecosupplements.be\\\/wp-content\\\/uploads\\\/2022\\\/06\\\/ecosupplement-family.png\",\"width\":593,\"height\":374,\"caption\":\"Eco Supplements\"},\"image\":{\"@id\":\"https:\\\/\\\/ecosupplements.be\\\/fr\\\/#\\\/schema\\\/logo\\\/image\\\/\"}}]}<\/script>\n<meta property=\"product:brand\" content=\"Fungies\" \/>\n<meta property=\"product:price:amount\" content=\"22.41\" \/>\n<meta property=\"product:price:currency\" content=\"EUR\" \/>\n<meta property=\"og:availability\" content=\"instock\" \/>\n<meta property=\"product:availability\" content=\"instock\" \/>\n<meta property=\"product:retailer_item_id\" content=\"860006794507\" \/>\n<meta property=\"product:condition\" content=\"new\" \/>\n<!-- \/ Yoast SEO Premium plugin. -->","yoast_head_json":{"title":"Gummies de champignon Lion's Mane, bleuet et fraise - 60 gummies - ECO Supplements","description":"Wij hebben een ruime keuze aan producten van Gummies de champignon Lion's Mane, bleuet et fraise - 60 gummies . Winkel bij Eco Supplements altijd gratis verzending boven 100\u20ac","robots":{"index":"index","follow":"follow","max-snippet":"max-snippet:-1","max-image-preview":"max-image-preview:large","max-video-preview":"max-video-preview:-1"},"canonical":"https:\/\/ecosupplements.be\/fr\/produit\/gummies-de-champignon-lions-mane-bleuet-et-fraise-60-gummies\/","og_locale":"fr_FR","og_type":"article","og_title":"Gummies de champignon Lion's Mane, bleuet et fraise - 60 gummies","og_description":"Wij hebben een ruime keuze aan producten van Gummies de champignon Lion's Mane, bleuet et fraise - 60 gummies . Winkel bij Eco Supplements altijd gratis verzending boven 100\u20ac","og_url":"https:\/\/ecosupplements.be\/fr\/produit\/gummies-de-champignon-lions-mane-bleuet-et-fraise-60-gummies\/","og_site_name":"ECO Supplements","article_modified_time":"2025-08-27T13:16:08+00:00","og_image":[{"width":600,"height":600,"url":"https:\/\/ecosupplements.be\/wp-content\/uploads\/2025\/08\/Lions-Mane-Mushroom-Gummies-Blueberry-Strawberry-60-gummies-1.jpg","type":"image\/jpeg"}],"twitter_card":"summary_large_image","twitter_misc":{"Prix":"22.41&nbsp;&euro;","Disponibilit\u00e9":"En stock"},"schema":{"@context":"https:\/\/schema.org","@graph":[{"@type":["WebPage","ItemPage"],"@id":"https:\/\/ecosupplements.be\/fr\/produit\/gummies-de-champignon-lions-mane-bleuet-et-fraise-60-gummies\/","url":"https:\/\/ecosupplements.be\/fr\/produit\/gummies-de-champignon-lions-mane-bleuet-et-fraise-60-gummies\/","name":"Gummies de champignon Lion's Mane, bleuet et fraise - 60 gummies - ECO Supplements","isPartOf":{"@id":"https:\/\/ecosupplements.be\/fr\/#website"},"primaryImageOfPage":{"@id":"https:\/\/ecosupplements.be\/fr\/produit\/gummies-de-champignon-lions-mane-bleuet-et-fraise-60-gummies\/#primaryimage"},"image":{"@id":"https:\/\/ecosupplements.be\/fr\/produit\/gummies-de-champignon-lions-mane-bleuet-et-fraise-60-gummies\/#primaryimage"},"thumbnailUrl":"https:\/\/ecosupplements.be\/wp-content\/uploads\/2025\/08\/Lions-Mane-Mushroom-Gummies-Blueberry-Strawberry-60-gummies.jpg","datePublished":"2024-03-07T14:40:15+00:00","dateModified":"2025-08-27T13:16:08+00:00","description":"Wij hebben een ruime keuze aan producten van Gummies de champignon Lion's Mane, bleuet et fraise - 60 gummies . Winkel bij Eco Supplements altijd gratis verzending boven 100\u20ac","breadcrumb":{"@id":"https:\/\/ecosupplements.be\/fr\/produit\/gummies-de-champignon-lions-mane-bleuet-et-fraise-60-gummies\/#breadcrumb"},"inLanguage":"fr-FR","potentialAction":[{"@type":"ReadAction","target":["https:\/\/ecosupplements.be\/fr\/produit\/gummies-de-champignon-lions-mane-bleuet-et-fraise-60-gummies\/"]}]},{"@type":"ImageObject","inLanguage":"fr-FR","@id":"https:\/\/ecosupplements.be\/fr\/produit\/gummies-de-champignon-lions-mane-bleuet-et-fraise-60-gummies\/#primaryimage","url":"https:\/\/ecosupplements.be\/wp-content\/uploads\/2025\/08\/Lions-Mane-Mushroom-Gummies-Blueberry-Strawberry-60-gummies.jpg","contentUrl":"https:\/\/ecosupplements.be\/wp-content\/uploads\/2025\/08\/Lions-Mane-Mushroom-Gummies-Blueberry-Strawberry-60-gummies.jpg","width":600,"height":600},{"@type":"BreadcrumbList","@id":"https:\/\/ecosupplements.be\/fr\/produit\/gummies-de-champignon-lions-mane-bleuet-et-fraise-60-gummies\/#breadcrumb","itemListElement":[{"@type":"ListItem","position":1,"name":"Home","item":"https:\/\/ecosupplements.be\/fr\/"},{"@type":"ListItem","position":2,"name":"Boutique","item":"https:\/\/ecosupplements.be\/fr\/boutique\/"},{"@type":"ListItem","position":3,"name":"Gummies de champignon Lion&#8217;s Mane, bleuet et fraise &#8211; 60 gummies"}]},{"@type":"WebSite","@id":"https:\/\/ecosupplements.be\/fr\/#website","url":"https:\/\/ecosupplements.be\/fr\/","name":"ECO Supplements","description":"Eco Supplements - Gezonde supplementen","publisher":{"@id":"https:\/\/ecosupplements.be\/fr\/#organization"},"potentialAction":[{"@type":"SearchAction","target":{"@type":"EntryPoint","urlTemplate":"https:\/\/ecosupplements.be\/fr\/?s={search_term_string}"},"query-input":{"@type":"PropertyValueSpecification","valueRequired":true,"valueName":"search_term_string"}}],"inLanguage":"fr-FR"},{"@type":"Organization","@id":"https:\/\/ecosupplements.be\/fr\/#organization","name":"Eco Supplements","url":"https:\/\/ecosupplements.be\/fr\/","logo":{"@type":"ImageObject","inLanguage":"fr-FR","@id":"https:\/\/ecosupplements.be\/fr\/#\/schema\/logo\/image\/","url":"https:\/\/ecosupplements.be\/wp-content\/uploads\/2022\/06\/ecosupplement-family.png","contentUrl":"https:\/\/ecosupplements.be\/wp-content\/uploads\/2022\/06\/ecosupplement-family.png","width":593,"height":374,"caption":"Eco Supplements"},"image":{"@id":"https:\/\/ecosupplements.be\/fr\/#\/schema\/logo\/image\/"}}]},"product_brand":"Fungies","product_price_amount":"22.41","product_price_currency":"EUR","og_availability":"instock","product_availability":"instock","product_retailer_item_id":"860006794507","product_condition":"new"},"_links":{"self":[{"href":"https:\/\/ecosupplements.be\/fr\/wp-json\/wp\/v2\/product\/286959","targetHints":{"allow":["GET"]}}],"collection":[{"href":"https:\/\/ecosupplements.be\/fr\/wp-json\/wp\/v2\/product"}],"about":[{"href":"https:\/\/ecosupplements.be\/fr\/wp-json\/wp\/v2\/types\/product"}],"replies":[{"embeddable":true,"href":"https:\/\/ecosupplements.be\/fr\/wp-json\/wp\/v2\/comments?post=286959"}],"wp:featuredmedia":[{"embeddable":true,"href":"https:\/\/ecosupplements.be\/fr\/wp-json\/wp\/v2\/media\/263849"}],"wp:attachment":[{"href":"https:\/\/ecosupplements.be\/fr\/wp-json\/wp\/v2\/media?parent=286959"}],"wp:term":[{"taxonomy":"product_brand","embeddable":true,"href":"https:\/\/ecosupplements.be\/fr\/wp-json\/wp\/v2\/product_brand?post=286959"},{"taxonomy":"product_cat","embeddable":true,"href":"https:\/\/ecosupplements.be\/fr\/wp-json\/wp\/v2\/product_cat?post=286959"},{"taxonomy":"product_tag","embeddable":true,"href":"https:\/\/ecosupplements.be\/fr\/wp-json\/wp\/v2\/product_tag?post=286959"}],"curies":[{"name":"wp","href":"https:\/\/api.w.org\/{rel}","templated":true}]}}