{"id":287031,"date":"2023-01-18T22:26:42","date_gmt":"2023-01-18T21:26:42","guid":{"rendered":"https:\/\/ecosupplements.be\/product\/probiotiques-biologiques-pour-enfants-dr-formule-baies-cerises-30-comprimes-a-croquer\/"},"modified":"2025-08-27T14:17:18","modified_gmt":"2025-08-27T13:17:18","slug":"probiotiques-biologiques-pour-enfants-dr-formule-baies-cerises-30-comprimes-a-croquer","status":"publish","type":"product","link":"https:\/\/ecosupplements.be\/fr\/produit\/probiotiques-biologiques-pour-enfants-dr-formule-baies-cerises-30-comprimes-a-croquer\/","title":{"rendered":"Probiotiques biologiques pour enfants Dr. Formul\u00e9+, Baies Cerises &#8211; 30 comprim\u00e9s \u00e0 croquer"},"content":{"rendered":"<h1>Dr. Formulated Probiotics Organic Kids+, Berry Cherry &#8211; \u206230 chewables<\/h1>\n<p>Garden of Life est fier de\u200c pr\u00e9senter son nouveau produit, les probiotiques biologiques pour enfants, Berry Cherry. \u200cCes\u2063 comprim\u00e9s \u2064\u00e0\u200d m\u00e2cher sont sp\u00e9cialement con\u00e7us pour les enfants et\u200b sont formul\u00e9s par le Dr David Perlmutter, un expert en sant\u00e9 intestinale et fondateur de Garden of Life.<\/p>\n<p>Ces probiotiques biologiques pour enfants sont fabriqu\u00e9s\u2062 aux \u00c9tats-Unis et sont certifi\u00e9s biologiques par\u2064 le d\u00e9partement de l&#8217;Agriculture \u200cdes \u00c9tats-Unis (USDA). Ils\u200d sont\u200d \u00e9galement sans OGM, sans gluten et sans produits laitiers, ce qui en fait un choix s\u00fbr pour les enfants ayant des sensibilit\u00e9s alimentaires.<\/p>\n<h2>Ingr\u00e9dients cl\u00e9s<\/h2>\n<ul>\n<li>5\u2062 milliards de\u200d CFU de 14 souches de probiotiques<\/li>\n<li>Pr\u00e9biotiques organiques\u2064 pour favoriser la croissance des bonnes bact\u00e9ries<\/li>\n<li>Vitamine \u200dC pour soutenir le syst\u00e8me immunitaire<\/li>\n<li>Vitamine D pour la sant\u00e9 des os et \u200cdes dents<\/li>\n<li>Extrait \u2062de cerise pour une saveur\u200d naturelle et d\u00e9licieuse<\/li>\n<\/ul>\n<h2>Avantages uniques<\/h2>\n<p>Ces probiotiques biologiques pour enfants sont sp\u00e9cialement formul\u00e9s pour soutenir la sant\u00e9\u2062 intestinale \u200bet immunitaire des enfants. Les probiotiques \u2064aident \u2064\u00e0 \u200cmaintenir un \u00e9quilibre sain de la flore intestinale, ce qui peut\u200d am\u00e9liorer la digestion et renforcer le syst\u00e8me immunitaire. Les pr\u00e9biotiques organiques inclus\u200d dans la formule aident \u00e0 nourrir les bonnes\u200d bact\u00e9ries pour\u2063 une efficacit\u00e9 maximale.<\/p>\n<p>De plus, ces comprim\u00e9s \u00e0 m\u00e2cher ont une\u2064 d\u00e9licieuse saveur de cerise et sont faciles \u00e0 prendre pour les\u200b enfants. Ils \u2063sont \u00e9galement exempts de sucre ajout\u00e9 et de \u2062colorants artificiels, \u200bce qui en fait un choix sain pour les enfants.<\/p>\n<h2>Caract\u00e9ristiques\u2064 principales<\/h2>\n<ul>\n<li>Formul\u00e9 par le Dr David Perlmutter, expert en sant\u00e9 intestinale<\/li>\n<li>Certifi\u00e9 biologique par \u2063l&#8217;USDA<\/li>\n<li>Sans OGM, sans gluten et sans produits laitiers<\/li>\n<li>5 milliards de CFU de 14 souches de probiotiques<\/li>\n<li>Saveur naturelle de\u2062 cerise<\/li>\n<li>Facile \u00e0 prendre pour \u2063les\u200b enfants<\/li>\n<\/ul>\n<p>Offrez \u00e0 vos enfants\u200b le\u200b soutien dont ils ont besoin pour une sant\u00e9 intestinale et \u2064immunitaire optimale avec les probiotiques biologiques \u200dpour \u2063enfants, Berry Cherry de Garden of Life. Commandez d\u00e8s maintenant et voyez \u200bla diff\u00e9rence que \u200dces probiotiques\u200b peuvent faire pour votre enfant !<\/p>\n","protected":false},"excerpt":{"rendered":"<p>Dr. Formulated Probiotics Organic Kids+, Berry Cherry &#8211; \u206230 chewables Garden of Life est fier de\u200c pr\u00e9senter son nouveau produit, les probiotiques biologiques pour enfants, Berry Cherry. \u200cCes\u2063 comprim\u00e9s \u2064\u00e0\u200d m\u00e2cher sont sp\u00e9cialement con\u00e7us pour les enfants et\u200b sont formul\u00e9s par le Dr David Perlmutter, un expert en sant\u00e9 intestinale et fondateur de Garden of [&#8230;]\n","protected":false},"featured_media":261992,"comment_status":"open","ping_status":"open","template":"","meta":[],"product_brand":[4810],"product_cat":[5116,5052],"product_tag":[],"class_list":{"0":"post-287031","1":"product","2":"type-product","3":"status-publish","4":"has-post-thumbnail","6":"product_brand-garden-of-life-2","7":"product_cat-sante-des-enfants","8":"product_cat-sante-et-bien-etre","10":"first","11":"instock","12":"taxable","13":"shipping-taxable","14":"purchasable","15":"product-type-simple"},"yoast_head":"<!-- This site is optimized with the Yoast SEO Premium plugin v27.3 (Yoast SEO v27.3) - https:\/\/yoast.com\/product\/yoast-seo-premium-wordpress\/ -->\n<title>Probiotiques biologiques pour enfants Dr. Formul\u00e9+, Baies Cerises - 30 comprim\u00e9s \u00e0 croquer - ECO Supplements<\/title>\n<meta name=\"description\" content=\"Wij hebben een ruime keuze aan producten van Probiotiques biologiques pour enfants Dr. Formul\u00e9+, Baies Cerises - 30 comprim\u00e9s \u00e0 croquer . Winkel bij Eco Supplements altijd gratis verzending boven 100\u20ac\" \/>\n<meta name=\"robots\" content=\"index, follow, max-snippet:-1, max-image-preview:large, max-video-preview:-1\" \/>\n<link rel=\"canonical\" href=\"https:\/\/ecosupplements.be\/fr\/produit\/probiotiques-biologiques-pour-enfants-dr-formule-baies-cerises-30-comprimes-a-croquer\/\" \/>\n<meta property=\"og:locale\" content=\"fr_FR\" \/>\n<meta property=\"og:type\" content=\"article\" \/>\n<meta property=\"og:title\" content=\"Probiotiques biologiques pour enfants Dr. Formul\u00e9+, Baies Cerises - 30 comprim\u00e9s \u00e0 croquer\" \/>\n<meta property=\"og:description\" content=\"Wij hebben een ruime keuze aan producten van Probiotiques biologiques pour enfants Dr. Formul\u00e9+, Baies Cerises - 30 comprim\u00e9s \u00e0 croquer . Winkel bij Eco Supplements altijd gratis verzending boven 100\u20ac\" \/>\n<meta property=\"og:url\" content=\"https:\/\/ecosupplements.be\/fr\/produit\/probiotiques-biologiques-pour-enfants-dr-formule-baies-cerises-30-comprimes-a-croquer\/\" \/>\n<meta property=\"og:site_name\" content=\"ECO Supplements\" \/>\n<meta property=\"article:modified_time\" content=\"2025-08-27T13:17:18+00:00\" \/>\n<meta property=\"og:image\" content=\"https:\/\/ecosupplements.be\/wp-content\/uploads\/2025\/08\/Dr.-Formulated-Probiotics-Organic-Kids-Berry-Cherry-30-chewables-1.jpg\" \/>\n\t<meta property=\"og:image:width\" content=\"610\" \/>\n\t<meta property=\"og:image:height\" content=\"602\" \/>\n\t<meta property=\"og:image:type\" content=\"image\/jpeg\" \/>\n<meta name=\"twitter:card\" content=\"summary_large_image\" \/>\n<meta name=\"twitter:label1\" content=\"Prix\" \/>\n\t<meta name=\"twitter:data1\" content=\"29.31&nbsp;&euro;\" \/>\n\t<meta name=\"twitter:label2\" content=\"Disponibilit\u00e9\" \/>\n\t<meta name=\"twitter:data2\" content=\"En stock\" \/>\n<script type=\"application\/ld+json\" class=\"yoast-schema-graph\">{\"@context\":\"https:\\\/\\\/schema.org\",\"@graph\":[{\"@type\":[\"WebPage\",\"ItemPage\"],\"@id\":\"https:\\\/\\\/ecosupplements.be\\\/fr\\\/produit\\\/probiotiques-biologiques-pour-enfants-dr-formule-baies-cerises-30-comprimes-a-croquer\\\/\",\"url\":\"https:\\\/\\\/ecosupplements.be\\\/fr\\\/produit\\\/probiotiques-biologiques-pour-enfants-dr-formule-baies-cerises-30-comprimes-a-croquer\\\/\",\"name\":\"Probiotiques biologiques pour enfants Dr. Formul\u00e9+, Baies Cerises - 30 comprim\u00e9s \u00e0 croquer - ECO Supplements\",\"isPartOf\":{\"@id\":\"https:\\\/\\\/ecosupplements.be\\\/fr\\\/#website\"},\"primaryImageOfPage\":{\"@id\":\"https:\\\/\\\/ecosupplements.be\\\/fr\\\/produit\\\/probiotiques-biologiques-pour-enfants-dr-formule-baies-cerises-30-comprimes-a-croquer\\\/#primaryimage\"},\"image\":{\"@id\":\"https:\\\/\\\/ecosupplements.be\\\/fr\\\/produit\\\/probiotiques-biologiques-pour-enfants-dr-formule-baies-cerises-30-comprimes-a-croquer\\\/#primaryimage\"},\"thumbnailUrl\":\"https:\\\/\\\/ecosupplements.be\\\/wp-content\\\/uploads\\\/2025\\\/08\\\/Dr.-Formulated-Probiotics-Organic-Kids-Berry-Cherry-30-chewables.jpg\",\"datePublished\":\"2023-01-18T21:26:42+00:00\",\"dateModified\":\"2025-08-27T13:17:18+00:00\",\"description\":\"Wij hebben een ruime keuze aan producten van Probiotiques biologiques pour enfants Dr. Formul\u00e9+, Baies Cerises - 30 comprim\u00e9s \u00e0 croquer . Winkel bij Eco Supplements altijd gratis verzending boven 100\u20ac\",\"breadcrumb\":{\"@id\":\"https:\\\/\\\/ecosupplements.be\\\/fr\\\/produit\\\/probiotiques-biologiques-pour-enfants-dr-formule-baies-cerises-30-comprimes-a-croquer\\\/#breadcrumb\"},\"inLanguage\":\"fr-FR\",\"potentialAction\":[{\"@type\":\"ReadAction\",\"target\":[\"https:\\\/\\\/ecosupplements.be\\\/fr\\\/produit\\\/probiotiques-biologiques-pour-enfants-dr-formule-baies-cerises-30-comprimes-a-croquer\\\/\"]}]},{\"@type\":\"ImageObject\",\"inLanguage\":\"fr-FR\",\"@id\":\"https:\\\/\\\/ecosupplements.be\\\/fr\\\/produit\\\/probiotiques-biologiques-pour-enfants-dr-formule-baies-cerises-30-comprimes-a-croquer\\\/#primaryimage\",\"url\":\"https:\\\/\\\/ecosupplements.be\\\/wp-content\\\/uploads\\\/2025\\\/08\\\/Dr.-Formulated-Probiotics-Organic-Kids-Berry-Cherry-30-chewables.jpg\",\"contentUrl\":\"https:\\\/\\\/ecosupplements.be\\\/wp-content\\\/uploads\\\/2025\\\/08\\\/Dr.-Formulated-Probiotics-Organic-Kids-Berry-Cherry-30-chewables.jpg\",\"width\":610,\"height\":602},{\"@type\":\"BreadcrumbList\",\"@id\":\"https:\\\/\\\/ecosupplements.be\\\/fr\\\/produit\\\/probiotiques-biologiques-pour-enfants-dr-formule-baies-cerises-30-comprimes-a-croquer\\\/#breadcrumb\",\"itemListElement\":[{\"@type\":\"ListItem\",\"position\":1,\"name\":\"Home\",\"item\":\"https:\\\/\\\/ecosupplements.be\\\/fr\\\/\"},{\"@type\":\"ListItem\",\"position\":2,\"name\":\"Boutique\",\"item\":\"https:\\\/\\\/ecosupplements.be\\\/fr\\\/boutique\\\/\"},{\"@type\":\"ListItem\",\"position\":3,\"name\":\"Probiotiques biologiques pour enfants Dr. Formul\u00e9+, Baies Cerises &#8211; 30 comprim\u00e9s \u00e0 croquer\"}]},{\"@type\":\"WebSite\",\"@id\":\"https:\\\/\\\/ecosupplements.be\\\/fr\\\/#website\",\"url\":\"https:\\\/\\\/ecosupplements.be\\\/fr\\\/\",\"name\":\"ECO Supplements\",\"description\":\"Eco Supplements - Gezonde supplementen\",\"publisher\":{\"@id\":\"https:\\\/\\\/ecosupplements.be\\\/fr\\\/#organization\"},\"potentialAction\":[{\"@type\":\"SearchAction\",\"target\":{\"@type\":\"EntryPoint\",\"urlTemplate\":\"https:\\\/\\\/ecosupplements.be\\\/fr\\\/?s={search_term_string}\"},\"query-input\":{\"@type\":\"PropertyValueSpecification\",\"valueRequired\":true,\"valueName\":\"search_term_string\"}}],\"inLanguage\":\"fr-FR\"},{\"@type\":\"Organization\",\"@id\":\"https:\\\/\\\/ecosupplements.be\\\/fr\\\/#organization\",\"name\":\"Eco Supplements\",\"url\":\"https:\\\/\\\/ecosupplements.be\\\/fr\\\/\",\"logo\":{\"@type\":\"ImageObject\",\"inLanguage\":\"fr-FR\",\"@id\":\"https:\\\/\\\/ecosupplements.be\\\/fr\\\/#\\\/schema\\\/logo\\\/image\\\/\",\"url\":\"https:\\\/\\\/ecosupplements.be\\\/wp-content\\\/uploads\\\/2022\\\/06\\\/ecosupplement-family.png\",\"contentUrl\":\"https:\\\/\\\/ecosupplements.be\\\/wp-content\\\/uploads\\\/2022\\\/06\\\/ecosupplement-family.png\",\"width\":593,\"height\":374,\"caption\":\"Eco Supplements\"},\"image\":{\"@id\":\"https:\\\/\\\/ecosupplements.be\\\/fr\\\/#\\\/schema\\\/logo\\\/image\\\/\"}}]}<\/script>\n<meta property=\"product:brand\" content=\"Garden of Life\" \/>\n<meta property=\"product:price:amount\" content=\"29.31\" \/>\n<meta property=\"product:price:currency\" content=\"EUR\" \/>\n<meta property=\"og:availability\" content=\"instock\" \/>\n<meta property=\"product:availability\" content=\"instock\" \/>\n<meta property=\"product:retailer_item_id\" content=\"658010121194\" \/>\n<meta property=\"product:condition\" content=\"new\" \/>\n<!-- \/ Yoast SEO Premium plugin. -->","yoast_head_json":{"title":"Probiotiques biologiques pour enfants Dr. Formul\u00e9+, Baies Cerises - 30 comprim\u00e9s \u00e0 croquer - ECO Supplements","description":"Wij hebben een ruime keuze aan producten van Probiotiques biologiques pour enfants Dr. Formul\u00e9+, Baies Cerises - 30 comprim\u00e9s \u00e0 croquer . Winkel bij Eco Supplements altijd gratis verzending boven 100\u20ac","robots":{"index":"index","follow":"follow","max-snippet":"max-snippet:-1","max-image-preview":"max-image-preview:large","max-video-preview":"max-video-preview:-1"},"canonical":"https:\/\/ecosupplements.be\/fr\/produit\/probiotiques-biologiques-pour-enfants-dr-formule-baies-cerises-30-comprimes-a-croquer\/","og_locale":"fr_FR","og_type":"article","og_title":"Probiotiques biologiques pour enfants Dr. Formul\u00e9+, Baies Cerises - 30 comprim\u00e9s \u00e0 croquer","og_description":"Wij hebben een ruime keuze aan producten van Probiotiques biologiques pour enfants Dr. Formul\u00e9+, Baies Cerises - 30 comprim\u00e9s \u00e0 croquer . Winkel bij Eco Supplements altijd gratis verzending boven 100\u20ac","og_url":"https:\/\/ecosupplements.be\/fr\/produit\/probiotiques-biologiques-pour-enfants-dr-formule-baies-cerises-30-comprimes-a-croquer\/","og_site_name":"ECO Supplements","article_modified_time":"2025-08-27T13:17:18+00:00","og_image":[{"width":610,"height":602,"url":"https:\/\/ecosupplements.be\/wp-content\/uploads\/2025\/08\/Dr.-Formulated-Probiotics-Organic-Kids-Berry-Cherry-30-chewables-1.jpg","type":"image\/jpeg"}],"twitter_card":"summary_large_image","twitter_misc":{"Prix":"29.31&nbsp;&euro;","Disponibilit\u00e9":"En stock"},"schema":{"@context":"https:\/\/schema.org","@graph":[{"@type":["WebPage","ItemPage"],"@id":"https:\/\/ecosupplements.be\/fr\/produit\/probiotiques-biologiques-pour-enfants-dr-formule-baies-cerises-30-comprimes-a-croquer\/","url":"https:\/\/ecosupplements.be\/fr\/produit\/probiotiques-biologiques-pour-enfants-dr-formule-baies-cerises-30-comprimes-a-croquer\/","name":"Probiotiques biologiques pour enfants Dr. Formul\u00e9+, Baies Cerises - 30 comprim\u00e9s \u00e0 croquer - ECO Supplements","isPartOf":{"@id":"https:\/\/ecosupplements.be\/fr\/#website"},"primaryImageOfPage":{"@id":"https:\/\/ecosupplements.be\/fr\/produit\/probiotiques-biologiques-pour-enfants-dr-formule-baies-cerises-30-comprimes-a-croquer\/#primaryimage"},"image":{"@id":"https:\/\/ecosupplements.be\/fr\/produit\/probiotiques-biologiques-pour-enfants-dr-formule-baies-cerises-30-comprimes-a-croquer\/#primaryimage"},"thumbnailUrl":"https:\/\/ecosupplements.be\/wp-content\/uploads\/2025\/08\/Dr.-Formulated-Probiotics-Organic-Kids-Berry-Cherry-30-chewables.jpg","datePublished":"2023-01-18T21:26:42+00:00","dateModified":"2025-08-27T13:17:18+00:00","description":"Wij hebben een ruime keuze aan producten van Probiotiques biologiques pour enfants Dr. Formul\u00e9+, Baies Cerises - 30 comprim\u00e9s \u00e0 croquer . Winkel bij Eco Supplements altijd gratis verzending boven 100\u20ac","breadcrumb":{"@id":"https:\/\/ecosupplements.be\/fr\/produit\/probiotiques-biologiques-pour-enfants-dr-formule-baies-cerises-30-comprimes-a-croquer\/#breadcrumb"},"inLanguage":"fr-FR","potentialAction":[{"@type":"ReadAction","target":["https:\/\/ecosupplements.be\/fr\/produit\/probiotiques-biologiques-pour-enfants-dr-formule-baies-cerises-30-comprimes-a-croquer\/"]}]},{"@type":"ImageObject","inLanguage":"fr-FR","@id":"https:\/\/ecosupplements.be\/fr\/produit\/probiotiques-biologiques-pour-enfants-dr-formule-baies-cerises-30-comprimes-a-croquer\/#primaryimage","url":"https:\/\/ecosupplements.be\/wp-content\/uploads\/2025\/08\/Dr.-Formulated-Probiotics-Organic-Kids-Berry-Cherry-30-chewables.jpg","contentUrl":"https:\/\/ecosupplements.be\/wp-content\/uploads\/2025\/08\/Dr.-Formulated-Probiotics-Organic-Kids-Berry-Cherry-30-chewables.jpg","width":610,"height":602},{"@type":"BreadcrumbList","@id":"https:\/\/ecosupplements.be\/fr\/produit\/probiotiques-biologiques-pour-enfants-dr-formule-baies-cerises-30-comprimes-a-croquer\/#breadcrumb","itemListElement":[{"@type":"ListItem","position":1,"name":"Home","item":"https:\/\/ecosupplements.be\/fr\/"},{"@type":"ListItem","position":2,"name":"Boutique","item":"https:\/\/ecosupplements.be\/fr\/boutique\/"},{"@type":"ListItem","position":3,"name":"Probiotiques biologiques pour enfants Dr. Formul\u00e9+, Baies Cerises &#8211; 30 comprim\u00e9s \u00e0 croquer"}]},{"@type":"WebSite","@id":"https:\/\/ecosupplements.be\/fr\/#website","url":"https:\/\/ecosupplements.be\/fr\/","name":"ECO Supplements","description":"Eco Supplements - Gezonde supplementen","publisher":{"@id":"https:\/\/ecosupplements.be\/fr\/#organization"},"potentialAction":[{"@type":"SearchAction","target":{"@type":"EntryPoint","urlTemplate":"https:\/\/ecosupplements.be\/fr\/?s={search_term_string}"},"query-input":{"@type":"PropertyValueSpecification","valueRequired":true,"valueName":"search_term_string"}}],"inLanguage":"fr-FR"},{"@type":"Organization","@id":"https:\/\/ecosupplements.be\/fr\/#organization","name":"Eco Supplements","url":"https:\/\/ecosupplements.be\/fr\/","logo":{"@type":"ImageObject","inLanguage":"fr-FR","@id":"https:\/\/ecosupplements.be\/fr\/#\/schema\/logo\/image\/","url":"https:\/\/ecosupplements.be\/wp-content\/uploads\/2022\/06\/ecosupplement-family.png","contentUrl":"https:\/\/ecosupplements.be\/wp-content\/uploads\/2022\/06\/ecosupplement-family.png","width":593,"height":374,"caption":"Eco Supplements"},"image":{"@id":"https:\/\/ecosupplements.be\/fr\/#\/schema\/logo\/image\/"}}]},"product_brand":"Garden of Life","product_price_amount":"29.31","product_price_currency":"EUR","og_availability":"instock","product_availability":"instock","product_retailer_item_id":"658010121194","product_condition":"new"},"_links":{"self":[{"href":"https:\/\/ecosupplements.be\/fr\/wp-json\/wp\/v2\/product\/287031","targetHints":{"allow":["GET"]}}],"collection":[{"href":"https:\/\/ecosupplements.be\/fr\/wp-json\/wp\/v2\/product"}],"about":[{"href":"https:\/\/ecosupplements.be\/fr\/wp-json\/wp\/v2\/types\/product"}],"replies":[{"embeddable":true,"href":"https:\/\/ecosupplements.be\/fr\/wp-json\/wp\/v2\/comments?post=287031"}],"wp:featuredmedia":[{"embeddable":true,"href":"https:\/\/ecosupplements.be\/fr\/wp-json\/wp\/v2\/media\/261992"}],"wp:attachment":[{"href":"https:\/\/ecosupplements.be\/fr\/wp-json\/wp\/v2\/media?parent=287031"}],"wp:term":[{"taxonomy":"product_brand","embeddable":true,"href":"https:\/\/ecosupplements.be\/fr\/wp-json\/wp\/v2\/product_brand?post=287031"},{"taxonomy":"product_cat","embeddable":true,"href":"https:\/\/ecosupplements.be\/fr\/wp-json\/wp\/v2\/product_cat?post=287031"},{"taxonomy":"product_tag","embeddable":true,"href":"https:\/\/ecosupplements.be\/fr\/wp-json\/wp\/v2\/product_tag?post=287031"}],"curies":[{"name":"wp","href":"https:\/\/api.w.org\/{rel}","templated":true}]}}