{"id":287037,"date":"2023-01-18T22:26:42","date_gmt":"2023-01-18T21:26:42","guid":{"rendered":"https:\/\/ecosupplements.be\/product\/probiotiques-biologiques-pour-enfants-dr-formule-pastilles-a-la-pasteque-30-comprimes-a-croquer\/"},"modified":"2025-08-27T14:17:24","modified_gmt":"2025-08-27T13:17:24","slug":"probiotiques-biologiques-pour-enfants-dr-formule-pastilles-a-la-pasteque-30-comprimes-a-croquer","status":"publish","type":"product","link":"https:\/\/ecosupplements.be\/fr\/produit\/probiotiques-biologiques-pour-enfants-dr-formule-pastilles-a-la-pasteque-30-comprimes-a-croquer\/","title":{"rendered":"Probiotiques biologiques pour enfants Dr. Formul\u00e9+, pastilles \u00e0 la past\u00e8que &#8211; 30 comprim\u00e9s \u00e0 croquer"},"content":{"rendered":"<p>La\u200b sant\u00e9 intestinale est essentielle pour le bien-\u00eatre global de \u200dvotre enfant. C&#8217;est pourquoi \u200cGarden of Life a \u2062cr\u00e9\u00e9 le Dr. Formulated Probiotics Organic Kids+, une formule sp\u00e9cialement con\u00e7ue pour soutenir la sant\u00e9 digestive et immunitaire des enfants. Ces d\u00e9licieuses pastilles \u00e0 m\u00e2cher \u00e0 la\u200c past\u00e8que sont certifi\u00e9es \u2063biologiques et contiennent des probiotiques soigneusement s\u00e9lectionn\u00e9s pour aider \u00e0 maintenir un \u00e9quilibre sain de la flore intestinale de \u2063votre enfant.<\/p>\n<p>Chaque pastille \u00e0 m\u00e2cher contient 5 milliards de CFU (unit\u00e9s formant colonie) de 14 souches probiotiques diff\u00e9rentes, y compris Lactobacillus acidophilus, Bifidobacterium lactis et Lactobacillus plantarum. Ces souches \u200dont \u00e9t\u00e9 sp\u00e9cialement choisies pour leur capacit\u00e9 \u00e0 soutenir la sant\u00e9 digestive et immunitaire des enfants.<\/p>\n<p>En plus des probiotiques, ces pastilles \u00e0 m\u00e2cher contiennent \u00e9galement des pr\u00e9biotiques, qui aident \u00e0 nourrir \u2064les bonnes bact\u00e9ries pr\u00e9sentes dans l&#8217;intestin de votre enfant. \u2064Cela contribue \u00e0 renforcer l&#8217;efficacit\u00e9 des probiotiques et \u00e0 maintenir un \u200c\u00e9quilibre sain de la flore intestinale.<\/p>\n<p>Le Dr.\u2064 Formulated Probiotics Organic Kids+ est \u00e9galement formul\u00e9 avec des ingr\u00e9dients biologiques de haute qualit\u00e9, sans OGM, sans gluten et sans \u200dproduits laitiers.\u200b Il est \u00e9galement exempt de colorants artificiels, d&#8217;ar\u00f4mes et d&#8217;\u00e9dulcorants. Vous pouvez donc \u00eatre s\u00fbr que \u200cvotre enfant ne consomme que\u2063 des \u2063ingr\u00e9dients sains et \u200cnaturels.<\/p>\n<p>En plus de soutenir la sant\u00e9 digestive et immunitaire, ces pastilles \u00e0 m\u00e2cher peuvent \u00e9galement aider \u00e0 r\u00e9duire les sympt\u00f4mes du syndrome du c\u00f4lon irritable,\u2064 tels que les ballonnements et les douleurs abdominales. \u2064Elles peuvent \u00e9galement aider \u00e0 pr\u00e9venir les infections gastro-intestinales et \u00e0 am\u00e9liorer la digestion.<\/p>\n<p>Donnez \u00e0 votre enfant une bonne base pour une sant\u00e9 optimale avec le Dr. Formulated Probiotics Organic Kids+. \u200cCes pastilles \u00e0 m\u00e2cher d\u00e9licieuses et saines sont\u2063 faciles \u00e0 prendre et peuvent \u00eatre consomm\u00e9es quotidiennement pour\u2064 soutenir la sant\u00e9\u2062 intestinale de votre enfant. Commandez d\u00e8s\u2063 maintenant et offrez \u00e0\u200b votre enfant\u200c le meilleur de la nature pour une sant\u00e9 optimale.<\/p>\n","protected":false},"excerpt":{"rendered":"<p>La\u200b sant\u00e9 intestinale est essentielle pour le bien-\u00eatre global de \u200dvotre enfant. C&#8217;est pourquoi \u200cGarden of Life a \u2062cr\u00e9\u00e9 le Dr. Formulated Probiotics Organic Kids+, une formule sp\u00e9cialement con\u00e7ue pour soutenir la sant\u00e9 digestive et immunitaire des enfants. Ces d\u00e9licieuses pastilles \u00e0 m\u00e2cher \u00e0 la\u200c past\u00e8que sont certifi\u00e9es \u2063biologiques et contiennent des probiotiques soigneusement s\u00e9lectionn\u00e9s [&#8230;]\n","protected":false},"featured_media":261998,"comment_status":"open","ping_status":"open","template":"","meta":[],"product_brand":[4810],"product_cat":[5116,5052],"product_tag":[],"class_list":{"0":"post-287037","1":"product","2":"type-product","3":"status-publish","4":"has-post-thumbnail","6":"product_brand-garden-of-life-2","7":"product_cat-sante-des-enfants","8":"product_cat-sante-et-bien-etre","10":"first","11":"instock","12":"sale","13":"taxable","14":"shipping-taxable","15":"purchasable","16":"product-type-simple"},"yoast_head":"<!-- This site is optimized with the Yoast SEO Premium plugin v27.3 (Yoast SEO v27.3) - https:\/\/yoast.com\/product\/yoast-seo-premium-wordpress\/ -->\n<title>Probiotiques biologiques pour enfants Dr. Formul\u00e9+, pastilles \u00e0 la past\u00e8que - 30 comprim\u00e9s \u00e0 croquer - ECO Supplements<\/title>\n<meta name=\"description\" content=\"Wij hebben een ruime keuze aan producten van Probiotiques biologiques pour enfants Dr. Formul\u00e9+, pastilles \u00e0 la past\u00e8que - 30 comprim\u00e9s \u00e0 croquer . Winkel bij Eco Supplements altijd gratis verzending boven 100\u20ac\" \/>\n<meta name=\"robots\" content=\"index, follow, max-snippet:-1, max-image-preview:large, max-video-preview:-1\" \/>\n<link rel=\"canonical\" href=\"https:\/\/ecosupplements.be\/fr\/produit\/probiotiques-biologiques-pour-enfants-dr-formule-pastilles-a-la-pasteque-30-comprimes-a-croquer\/\" \/>\n<meta property=\"og:locale\" content=\"fr_FR\" \/>\n<meta property=\"og:type\" content=\"article\" \/>\n<meta property=\"og:title\" content=\"Probiotiques biologiques pour enfants Dr. Formul\u00e9+, pastilles \u00e0 la past\u00e8que - 30 comprim\u00e9s \u00e0 croquer\" \/>\n<meta property=\"og:description\" content=\"Wij hebben een ruime keuze aan producten van Probiotiques biologiques pour enfants Dr. Formul\u00e9+, pastilles \u00e0 la past\u00e8que - 30 comprim\u00e9s \u00e0 croquer . Winkel bij Eco Supplements altijd gratis verzending boven 100\u20ac\" \/>\n<meta property=\"og:url\" content=\"https:\/\/ecosupplements.be\/fr\/produit\/probiotiques-biologiques-pour-enfants-dr-formule-pastilles-a-la-pasteque-30-comprimes-a-croquer\/\" \/>\n<meta property=\"og:site_name\" content=\"ECO Supplements\" \/>\n<meta property=\"article:modified_time\" content=\"2025-08-27T13:17:24+00:00\" \/>\n<meta property=\"og:image\" content=\"https:\/\/ecosupplements.be\/wp-content\/uploads\/2025\/08\/Dr.-Formulated-Probiotics-Organic-Kids-Watermelon-30-chewables-1.jpg\" \/>\n\t<meta property=\"og:image:width\" content=\"640\" \/>\n\t<meta property=\"og:image:height\" content=\"640\" \/>\n\t<meta property=\"og:image:type\" content=\"image\/jpeg\" \/>\n<meta name=\"twitter:card\" content=\"summary_large_image\" \/>\n<meta name=\"twitter:label1\" content=\"Prix\" \/>\n\t<meta name=\"twitter:data1\" content=\"22&nbsp;&euro;\" \/>\n\t<meta name=\"twitter:label2\" content=\"Disponibilit\u00e9\" \/>\n\t<meta name=\"twitter:data2\" content=\"En stock\" \/>\n<script type=\"application\/ld+json\" class=\"yoast-schema-graph\">{\"@context\":\"https:\\\/\\\/schema.org\",\"@graph\":[{\"@type\":[\"WebPage\",\"ItemPage\"],\"@id\":\"https:\\\/\\\/ecosupplements.be\\\/fr\\\/produit\\\/probiotiques-biologiques-pour-enfants-dr-formule-pastilles-a-la-pasteque-30-comprimes-a-croquer\\\/\",\"url\":\"https:\\\/\\\/ecosupplements.be\\\/fr\\\/produit\\\/probiotiques-biologiques-pour-enfants-dr-formule-pastilles-a-la-pasteque-30-comprimes-a-croquer\\\/\",\"name\":\"Probiotiques biologiques pour enfants Dr. Formul\u00e9+, pastilles \u00e0 la past\u00e8que - 30 comprim\u00e9s \u00e0 croquer - ECO Supplements\",\"isPartOf\":{\"@id\":\"https:\\\/\\\/ecosupplements.be\\\/fr\\\/#website\"},\"primaryImageOfPage\":{\"@id\":\"https:\\\/\\\/ecosupplements.be\\\/fr\\\/produit\\\/probiotiques-biologiques-pour-enfants-dr-formule-pastilles-a-la-pasteque-30-comprimes-a-croquer\\\/#primaryimage\"},\"image\":{\"@id\":\"https:\\\/\\\/ecosupplements.be\\\/fr\\\/produit\\\/probiotiques-biologiques-pour-enfants-dr-formule-pastilles-a-la-pasteque-30-comprimes-a-croquer\\\/#primaryimage\"},\"thumbnailUrl\":\"https:\\\/\\\/ecosupplements.be\\\/wp-content\\\/uploads\\\/2025\\\/08\\\/Dr.-Formulated-Probiotics-Organic-Kids-Watermelon-30-chewables.jpg\",\"datePublished\":\"2023-01-18T21:26:42+00:00\",\"dateModified\":\"2025-08-27T13:17:24+00:00\",\"description\":\"Wij hebben een ruime keuze aan producten van Probiotiques biologiques pour enfants Dr. Formul\u00e9+, pastilles \u00e0 la past\u00e8que - 30 comprim\u00e9s \u00e0 croquer . Winkel bij Eco Supplements altijd gratis verzending boven 100\u20ac\",\"breadcrumb\":{\"@id\":\"https:\\\/\\\/ecosupplements.be\\\/fr\\\/produit\\\/probiotiques-biologiques-pour-enfants-dr-formule-pastilles-a-la-pasteque-30-comprimes-a-croquer\\\/#breadcrumb\"},\"inLanguage\":\"fr-FR\",\"potentialAction\":[{\"@type\":\"ReadAction\",\"target\":[\"https:\\\/\\\/ecosupplements.be\\\/fr\\\/produit\\\/probiotiques-biologiques-pour-enfants-dr-formule-pastilles-a-la-pasteque-30-comprimes-a-croquer\\\/\"]}]},{\"@type\":\"ImageObject\",\"inLanguage\":\"fr-FR\",\"@id\":\"https:\\\/\\\/ecosupplements.be\\\/fr\\\/produit\\\/probiotiques-biologiques-pour-enfants-dr-formule-pastilles-a-la-pasteque-30-comprimes-a-croquer\\\/#primaryimage\",\"url\":\"https:\\\/\\\/ecosupplements.be\\\/wp-content\\\/uploads\\\/2025\\\/08\\\/Dr.-Formulated-Probiotics-Organic-Kids-Watermelon-30-chewables.jpg\",\"contentUrl\":\"https:\\\/\\\/ecosupplements.be\\\/wp-content\\\/uploads\\\/2025\\\/08\\\/Dr.-Formulated-Probiotics-Organic-Kids-Watermelon-30-chewables.jpg\",\"width\":640,\"height\":640},{\"@type\":\"BreadcrumbList\",\"@id\":\"https:\\\/\\\/ecosupplements.be\\\/fr\\\/produit\\\/probiotiques-biologiques-pour-enfants-dr-formule-pastilles-a-la-pasteque-30-comprimes-a-croquer\\\/#breadcrumb\",\"itemListElement\":[{\"@type\":\"ListItem\",\"position\":1,\"name\":\"Home\",\"item\":\"https:\\\/\\\/ecosupplements.be\\\/fr\\\/\"},{\"@type\":\"ListItem\",\"position\":2,\"name\":\"Boutique\",\"item\":\"https:\\\/\\\/ecosupplements.be\\\/fr\\\/boutique\\\/\"},{\"@type\":\"ListItem\",\"position\":3,\"name\":\"Probiotiques biologiques pour enfants Dr. Formul\u00e9+, pastilles \u00e0 la past\u00e8que &#8211; 30 comprim\u00e9s \u00e0 croquer\"}]},{\"@type\":\"WebSite\",\"@id\":\"https:\\\/\\\/ecosupplements.be\\\/fr\\\/#website\",\"url\":\"https:\\\/\\\/ecosupplements.be\\\/fr\\\/\",\"name\":\"ECO Supplements\",\"description\":\"Eco Supplements - Gezonde supplementen\",\"publisher\":{\"@id\":\"https:\\\/\\\/ecosupplements.be\\\/fr\\\/#organization\"},\"potentialAction\":[{\"@type\":\"SearchAction\",\"target\":{\"@type\":\"EntryPoint\",\"urlTemplate\":\"https:\\\/\\\/ecosupplements.be\\\/fr\\\/?s={search_term_string}\"},\"query-input\":{\"@type\":\"PropertyValueSpecification\",\"valueRequired\":true,\"valueName\":\"search_term_string\"}}],\"inLanguage\":\"fr-FR\"},{\"@type\":\"Organization\",\"@id\":\"https:\\\/\\\/ecosupplements.be\\\/fr\\\/#organization\",\"name\":\"Eco Supplements\",\"url\":\"https:\\\/\\\/ecosupplements.be\\\/fr\\\/\",\"logo\":{\"@type\":\"ImageObject\",\"inLanguage\":\"fr-FR\",\"@id\":\"https:\\\/\\\/ecosupplements.be\\\/fr\\\/#\\\/schema\\\/logo\\\/image\\\/\",\"url\":\"https:\\\/\\\/ecosupplements.be\\\/wp-content\\\/uploads\\\/2022\\\/06\\\/ecosupplement-family.png\",\"contentUrl\":\"https:\\\/\\\/ecosupplements.be\\\/wp-content\\\/uploads\\\/2022\\\/06\\\/ecosupplement-family.png\",\"width\":593,\"height\":374,\"caption\":\"Eco Supplements\"},\"image\":{\"@id\":\"https:\\\/\\\/ecosupplements.be\\\/fr\\\/#\\\/schema\\\/logo\\\/image\\\/\"}}]}<\/script>\n<meta property=\"product:brand\" content=\"Garden of Life\" \/>\n<meta property=\"product:price:amount\" content=\"22.00\" \/>\n<meta property=\"product:price:currency\" content=\"EUR\" \/>\n<meta property=\"og:availability\" content=\"instock\" \/>\n<meta property=\"product:availability\" content=\"instock\" \/>\n<meta property=\"product:retailer_item_id\" content=\"658010122153\" \/>\n<meta property=\"product:condition\" content=\"new\" \/>\n<!-- \/ Yoast SEO Premium plugin. -->","yoast_head_json":{"title":"Probiotiques biologiques pour enfants Dr. Formul\u00e9+, pastilles \u00e0 la past\u00e8que - 30 comprim\u00e9s \u00e0 croquer - ECO Supplements","description":"Wij hebben een ruime keuze aan producten van Probiotiques biologiques pour enfants Dr. Formul\u00e9+, pastilles \u00e0 la past\u00e8que - 30 comprim\u00e9s \u00e0 croquer . Winkel bij Eco Supplements altijd gratis verzending boven 100\u20ac","robots":{"index":"index","follow":"follow","max-snippet":"max-snippet:-1","max-image-preview":"max-image-preview:large","max-video-preview":"max-video-preview:-1"},"canonical":"https:\/\/ecosupplements.be\/fr\/produit\/probiotiques-biologiques-pour-enfants-dr-formule-pastilles-a-la-pasteque-30-comprimes-a-croquer\/","og_locale":"fr_FR","og_type":"article","og_title":"Probiotiques biologiques pour enfants Dr. Formul\u00e9+, pastilles \u00e0 la past\u00e8que - 30 comprim\u00e9s \u00e0 croquer","og_description":"Wij hebben een ruime keuze aan producten van Probiotiques biologiques pour enfants Dr. Formul\u00e9+, pastilles \u00e0 la past\u00e8que - 30 comprim\u00e9s \u00e0 croquer . Winkel bij Eco Supplements altijd gratis verzending boven 100\u20ac","og_url":"https:\/\/ecosupplements.be\/fr\/produit\/probiotiques-biologiques-pour-enfants-dr-formule-pastilles-a-la-pasteque-30-comprimes-a-croquer\/","og_site_name":"ECO Supplements","article_modified_time":"2025-08-27T13:17:24+00:00","og_image":[{"width":640,"height":640,"url":"https:\/\/ecosupplements.be\/wp-content\/uploads\/2025\/08\/Dr.-Formulated-Probiotics-Organic-Kids-Watermelon-30-chewables-1.jpg","type":"image\/jpeg"}],"twitter_card":"summary_large_image","twitter_misc":{"Prix":"22&nbsp;&euro;","Disponibilit\u00e9":"En stock"},"schema":{"@context":"https:\/\/schema.org","@graph":[{"@type":["WebPage","ItemPage"],"@id":"https:\/\/ecosupplements.be\/fr\/produit\/probiotiques-biologiques-pour-enfants-dr-formule-pastilles-a-la-pasteque-30-comprimes-a-croquer\/","url":"https:\/\/ecosupplements.be\/fr\/produit\/probiotiques-biologiques-pour-enfants-dr-formule-pastilles-a-la-pasteque-30-comprimes-a-croquer\/","name":"Probiotiques biologiques pour enfants Dr. Formul\u00e9+, pastilles \u00e0 la past\u00e8que - 30 comprim\u00e9s \u00e0 croquer - ECO Supplements","isPartOf":{"@id":"https:\/\/ecosupplements.be\/fr\/#website"},"primaryImageOfPage":{"@id":"https:\/\/ecosupplements.be\/fr\/produit\/probiotiques-biologiques-pour-enfants-dr-formule-pastilles-a-la-pasteque-30-comprimes-a-croquer\/#primaryimage"},"image":{"@id":"https:\/\/ecosupplements.be\/fr\/produit\/probiotiques-biologiques-pour-enfants-dr-formule-pastilles-a-la-pasteque-30-comprimes-a-croquer\/#primaryimage"},"thumbnailUrl":"https:\/\/ecosupplements.be\/wp-content\/uploads\/2025\/08\/Dr.-Formulated-Probiotics-Organic-Kids-Watermelon-30-chewables.jpg","datePublished":"2023-01-18T21:26:42+00:00","dateModified":"2025-08-27T13:17:24+00:00","description":"Wij hebben een ruime keuze aan producten van Probiotiques biologiques pour enfants Dr. Formul\u00e9+, pastilles \u00e0 la past\u00e8que - 30 comprim\u00e9s \u00e0 croquer . Winkel bij Eco Supplements altijd gratis verzending boven 100\u20ac","breadcrumb":{"@id":"https:\/\/ecosupplements.be\/fr\/produit\/probiotiques-biologiques-pour-enfants-dr-formule-pastilles-a-la-pasteque-30-comprimes-a-croquer\/#breadcrumb"},"inLanguage":"fr-FR","potentialAction":[{"@type":"ReadAction","target":["https:\/\/ecosupplements.be\/fr\/produit\/probiotiques-biologiques-pour-enfants-dr-formule-pastilles-a-la-pasteque-30-comprimes-a-croquer\/"]}]},{"@type":"ImageObject","inLanguage":"fr-FR","@id":"https:\/\/ecosupplements.be\/fr\/produit\/probiotiques-biologiques-pour-enfants-dr-formule-pastilles-a-la-pasteque-30-comprimes-a-croquer\/#primaryimage","url":"https:\/\/ecosupplements.be\/wp-content\/uploads\/2025\/08\/Dr.-Formulated-Probiotics-Organic-Kids-Watermelon-30-chewables.jpg","contentUrl":"https:\/\/ecosupplements.be\/wp-content\/uploads\/2025\/08\/Dr.-Formulated-Probiotics-Organic-Kids-Watermelon-30-chewables.jpg","width":640,"height":640},{"@type":"BreadcrumbList","@id":"https:\/\/ecosupplements.be\/fr\/produit\/probiotiques-biologiques-pour-enfants-dr-formule-pastilles-a-la-pasteque-30-comprimes-a-croquer\/#breadcrumb","itemListElement":[{"@type":"ListItem","position":1,"name":"Home","item":"https:\/\/ecosupplements.be\/fr\/"},{"@type":"ListItem","position":2,"name":"Boutique","item":"https:\/\/ecosupplements.be\/fr\/boutique\/"},{"@type":"ListItem","position":3,"name":"Probiotiques biologiques pour enfants Dr. Formul\u00e9+, pastilles \u00e0 la past\u00e8que &#8211; 30 comprim\u00e9s \u00e0 croquer"}]},{"@type":"WebSite","@id":"https:\/\/ecosupplements.be\/fr\/#website","url":"https:\/\/ecosupplements.be\/fr\/","name":"ECO Supplements","description":"Eco Supplements - Gezonde supplementen","publisher":{"@id":"https:\/\/ecosupplements.be\/fr\/#organization"},"potentialAction":[{"@type":"SearchAction","target":{"@type":"EntryPoint","urlTemplate":"https:\/\/ecosupplements.be\/fr\/?s={search_term_string}"},"query-input":{"@type":"PropertyValueSpecification","valueRequired":true,"valueName":"search_term_string"}}],"inLanguage":"fr-FR"},{"@type":"Organization","@id":"https:\/\/ecosupplements.be\/fr\/#organization","name":"Eco Supplements","url":"https:\/\/ecosupplements.be\/fr\/","logo":{"@type":"ImageObject","inLanguage":"fr-FR","@id":"https:\/\/ecosupplements.be\/fr\/#\/schema\/logo\/image\/","url":"https:\/\/ecosupplements.be\/wp-content\/uploads\/2022\/06\/ecosupplement-family.png","contentUrl":"https:\/\/ecosupplements.be\/wp-content\/uploads\/2022\/06\/ecosupplement-family.png","width":593,"height":374,"caption":"Eco Supplements"},"image":{"@id":"https:\/\/ecosupplements.be\/fr\/#\/schema\/logo\/image\/"}}]},"product_brand":"Garden of Life","product_price_amount":"22.00","product_price_currency":"EUR","og_availability":"instock","product_availability":"instock","product_retailer_item_id":"658010122153","product_condition":"new"},"_links":{"self":[{"href":"https:\/\/ecosupplements.be\/fr\/wp-json\/wp\/v2\/product\/287037","targetHints":{"allow":["GET"]}}],"collection":[{"href":"https:\/\/ecosupplements.be\/fr\/wp-json\/wp\/v2\/product"}],"about":[{"href":"https:\/\/ecosupplements.be\/fr\/wp-json\/wp\/v2\/types\/product"}],"replies":[{"embeddable":true,"href":"https:\/\/ecosupplements.be\/fr\/wp-json\/wp\/v2\/comments?post=287037"}],"wp:featuredmedia":[{"embeddable":true,"href":"https:\/\/ecosupplements.be\/fr\/wp-json\/wp\/v2\/media\/261998"}],"wp:attachment":[{"href":"https:\/\/ecosupplements.be\/fr\/wp-json\/wp\/v2\/media?parent=287037"}],"wp:term":[{"taxonomy":"product_brand","embeddable":true,"href":"https:\/\/ecosupplements.be\/fr\/wp-json\/wp\/v2\/product_brand?post=287037"},{"taxonomy":"product_cat","embeddable":true,"href":"https:\/\/ecosupplements.be\/fr\/wp-json\/wp\/v2\/product_cat?post=287037"},{"taxonomy":"product_tag","embeddable":true,"href":"https:\/\/ecosupplements.be\/fr\/wp-json\/wp\/v2\/product_tag?post=287037"}],"curies":[{"name":"wp","href":"https:\/\/api.w.org\/{rel}","templated":true}]}}