{"id":287046,"date":"2022-08-25T13:11:14","date_gmt":"2022-08-25T12:11:14","guid":{"rendered":"https:\/\/ecosupplements.be\/product\/magnesium-alimentaire-complet-formule-par-le-dr-orange-197g\/"},"modified":"2025-08-27T14:17:32","modified_gmt":"2025-08-27T13:17:32","slug":"magnesium-alimentaire-complet-formule-par-le-dr-orange-197g","status":"publish","type":"product","link":"https:\/\/ecosupplements.be\/fr\/produit\/magnesium-alimentaire-complet-formule-par-le-dr-orange-197g\/","title":{"rendered":"Magn\u00e9sium alimentaire complet formul\u00e9 par le Dr, Orange &#8211; 197g"},"content":{"rendered":"<h1>Dr. Formulated\u200c Whole \u200cFood \u2063Magnesium, \u200dOrange \u200b- 197g<\/h1>\n<p>Le Dr. Formulated Whole Food Magnesium est \u200cun\u2063 compl\u00e9ment alimentaire \u00e0 base de magn\u00e9sium, formul\u00e9 par le Dr. David Perlmutter, un neurologue reconnu et expert en nutrition.\u2064 Ce produit est fabriqu\u00e9 par la marque Garden of Life, une entreprise am\u00e9ricaine sp\u00e9cialis\u00e9e dans les compl\u00e9ments alimentaires \u200c\u00e0 base d&#8217;ingr\u00e9dients\u2062 naturels \u200det biologiques.<\/p>\n<h2>Caract\u00e9ristiques sp\u00e9ciales<\/h2>\n<ul>\n<li>Formul\u00e9 par un\u2064 neurologue expert en nutrition<\/li>\n<li>Compos\u00e9 de magn\u00e9sium \u2062issu de sources alimentaires enti\u00e8res<\/li>\n<li>Contient\u2062 des probiotiques pour une meilleure absorption<\/li>\n<li>Saveur naturelle d&#8217;orange<\/li>\n<li>Certifi\u00e9 biologique et \u200cnon-OGM<\/li>\n<\/ul>\n<h2>Ingr\u00e9dients<\/h2>\n<p>Ce compl\u00e9ment alimentaire contient du magn\u00e9sium provenant de sources alimentaires enti\u00e8res telles que des graines \u200bde citrouille, des\u2063 graines de tournesol et des amandes. Il est \u00e9galement enrichi en probiotiques pour une meilleure absorption et en\u2062 vitamine D\u200b pour une \u200cmeilleure assimilation du magn\u00e9sium.<\/p>\n<h2>Avantages uniques<\/h2>\n<p>Le Dr. Formulated Whole Food Magnesium offre de nombreux avantages pour la sant\u00e9, notamment :<\/p>\n<ul>\n<li>Contribue \u00e0\u200d la sant\u00e9 des os et des dents<\/li>\n<li>Participe \u00e0 la\u200d production d&#8217;\u00e9nergie<\/li>\n<li>Contribue \u200dau bon fonctionnement du \u200csyst\u00e8me\u2062 nerveux<\/li>\n<li>Renforce le syst\u00e8me immunitaire<\/li>\n<li>Am\u00e9liore \u2064la qualit\u00e9 \u2062du\u200b sommeil<\/li>\n<\/ul>\n<h2>Principales caract\u00e9ristiques<\/h2>\n<ul>\n<li>Contient 350mg de magn\u00e9sium par portion<\/li>\n<li>Facile \u00e0 m\u00e9langer avec \u2063de l&#8217;eau ou du jus<\/li>\n<li>Saveur naturelle d&#8217;orange sans ar\u00f4mes artificiels<\/li>\n<li>Convient aux v\u00e9g\u00e9tariens et v\u00e9g\u00e9taliens<\/li>\n<li>Ne \u2062contient pas de \u2063gluten, de soja ni de produits laitiers<\/li>\n<\/ul>\n<p>En r\u00e9sum\u00e9, le Dr.\u2062 Formulated Whole Food \u200bMagnesium est un\u200c compl\u00e9ment\u2064 alimentaire de qualit\u00e9 sup\u00e9rieure, formul\u00e9\u2063 par \u2064un expert en nutrition et compos\u00e9 d&#8217;ingr\u00e9dients naturels et biologiques. Il offre de \u200bnombreux avantages pour la sant\u00e9 \u200det est facile \u00e0 int\u00e9grer dans\u200c votre\u2064 routine\u200d quotidienne.\u2064 Essayez-le d\u00e8s aujourd&#8217;hui pour am\u00e9liorer \u2062votre bien-\u00eatre g\u00e9n\u00e9ral !<\/p>\n","protected":false},"excerpt":{"rendered":"<p>Dr. Formulated\u200c Whole \u200cFood \u2063Magnesium, \u200dOrange \u200b- 197g Le Dr. Formulated Whole Food Magnesium est \u200cun\u2063 compl\u00e9ment alimentaire \u00e0 base de magn\u00e9sium, formul\u00e9 par le Dr. David Perlmutter, un neurologue reconnu et expert en nutrition.\u2064 Ce produit est fabriqu\u00e9 par la marque Garden of Life, une entreprise am\u00e9ricaine sp\u00e9cialis\u00e9e dans les compl\u00e9ments alimentaires \u200c\u00e0 base [&#8230;]\n","protected":false},"featured_media":260329,"comment_status":"open","ping_status":"open","template":"","meta":[],"product_brand":[4810],"product_cat":[5054,5055,5052,5053],"product_tag":[],"class_list":{"0":"post-287046","1":"product","2":"type-product","3":"status-publish","4":"has-post-thumbnail","6":"product_brand-garden-of-life-2","7":"product_cat-nourriture-saine","8":"product_cat-produits-vegetaliens","9":"product_cat-sante-et-bien-etre","10":"product_cat-vitamines-et-mineraux","12":"first","13":"instock","14":"taxable","15":"shipping-taxable","16":"purchasable","17":"product-type-simple"},"yoast_head":"<!-- This site is optimized with the Yoast SEO Premium plugin v27.5 (Yoast SEO v27.5) - https:\/\/yoast.com\/product\/yoast-seo-premium-wordpress\/ -->\n<title>Magn\u00e9sium alimentaire complet formul\u00e9 par le Dr, Orange - 197g - ECO Supplements<\/title>\n<meta name=\"description\" content=\"Wij hebben een ruime keuze aan producten van Magn\u00e9sium alimentaire complet formul\u00e9 par le Dr, Orange - 197g . Winkel bij Eco Supplements altijd gratis verzending boven 100\u20ac\" \/>\n<meta name=\"robots\" content=\"index, follow, max-snippet:-1, max-image-preview:large, max-video-preview:-1\" \/>\n<link rel=\"canonical\" href=\"https:\/\/ecosupplements.be\/fr\/produit\/magnesium-alimentaire-complet-formule-par-le-dr-orange-197g\/\" \/>\n<meta property=\"og:locale\" content=\"fr_FR\" \/>\n<meta property=\"og:type\" content=\"article\" \/>\n<meta property=\"og:title\" content=\"Magn\u00e9sium alimentaire complet formul\u00e9 par le Dr, Orange - 197g\" \/>\n<meta property=\"og:description\" content=\"Wij hebben een ruime keuze aan producten van Magn\u00e9sium alimentaire complet formul\u00e9 par le Dr, Orange - 197g . Winkel bij Eco Supplements altijd gratis verzending boven 100\u20ac\" \/>\n<meta property=\"og:url\" content=\"https:\/\/ecosupplements.be\/fr\/produit\/magnesium-alimentaire-complet-formule-par-le-dr-orange-197g\/\" \/>\n<meta property=\"og:site_name\" content=\"ECO Supplements\" \/>\n<meta property=\"article:modified_time\" content=\"2025-08-27T13:17:32+00:00\" \/>\n<meta property=\"og:image\" content=\"https:\/\/ecosupplements.be\/wp-content\/uploads\/2025\/08\/Dr.-Formulated-Whole-Food-Magnesium-Orange-197g-1.jpg\" \/>\n\t<meta property=\"og:image:width\" content=\"638\" \/>\n\t<meta property=\"og:image:height\" content=\"882\" \/>\n\t<meta property=\"og:image:type\" content=\"image\/jpeg\" \/>\n<meta name=\"twitter:card\" content=\"summary_large_image\" \/>\n<meta name=\"twitter:label1\" content=\"Prix\" \/>\n\t<meta name=\"twitter:data1\" content=\"26.78&nbsp;&euro;\" \/>\n\t<meta name=\"twitter:label2\" content=\"Disponibilit\u00e9\" \/>\n\t<meta name=\"twitter:data2\" content=\"En stock\" \/>\n<script type=\"application\/ld+json\" class=\"yoast-schema-graph\">{\"@context\":\"https:\\\/\\\/schema.org\",\"@graph\":[{\"@type\":[\"WebPage\",\"ItemPage\"],\"@id\":\"https:\\\/\\\/ecosupplements.be\\\/fr\\\/produit\\\/magnesium-alimentaire-complet-formule-par-le-dr-orange-197g\\\/\",\"url\":\"https:\\\/\\\/ecosupplements.be\\\/fr\\\/produit\\\/magnesium-alimentaire-complet-formule-par-le-dr-orange-197g\\\/\",\"name\":\"Magn\u00e9sium alimentaire complet formul\u00e9 par le Dr, Orange - 197g - ECO Supplements\",\"isPartOf\":{\"@id\":\"https:\\\/\\\/ecosupplements.be\\\/fr\\\/#website\"},\"primaryImageOfPage\":{\"@id\":\"https:\\\/\\\/ecosupplements.be\\\/fr\\\/produit\\\/magnesium-alimentaire-complet-formule-par-le-dr-orange-197g\\\/#primaryimage\"},\"image\":{\"@id\":\"https:\\\/\\\/ecosupplements.be\\\/fr\\\/produit\\\/magnesium-alimentaire-complet-formule-par-le-dr-orange-197g\\\/#primaryimage\"},\"thumbnailUrl\":\"https:\\\/\\\/ecosupplements.be\\\/wp-content\\\/uploads\\\/2025\\\/08\\\/Dr.-Formulated-Whole-Food-Magnesium-Orange-197g.jpg\",\"datePublished\":\"2022-08-25T12:11:14+00:00\",\"dateModified\":\"2025-08-27T13:17:32+00:00\",\"description\":\"Wij hebben een ruime keuze aan producten van Magn\u00e9sium alimentaire complet formul\u00e9 par le Dr, Orange - 197g . Winkel bij Eco Supplements altijd gratis verzending boven 100\u20ac\",\"breadcrumb\":{\"@id\":\"https:\\\/\\\/ecosupplements.be\\\/fr\\\/produit\\\/magnesium-alimentaire-complet-formule-par-le-dr-orange-197g\\\/#breadcrumb\"},\"inLanguage\":\"fr-FR\",\"potentialAction\":[{\"@type\":\"ReadAction\",\"target\":[\"https:\\\/\\\/ecosupplements.be\\\/fr\\\/produit\\\/magnesium-alimentaire-complet-formule-par-le-dr-orange-197g\\\/\"]}]},{\"@type\":\"ImageObject\",\"inLanguage\":\"fr-FR\",\"@id\":\"https:\\\/\\\/ecosupplements.be\\\/fr\\\/produit\\\/magnesium-alimentaire-complet-formule-par-le-dr-orange-197g\\\/#primaryimage\",\"url\":\"https:\\\/\\\/ecosupplements.be\\\/wp-content\\\/uploads\\\/2025\\\/08\\\/Dr.-Formulated-Whole-Food-Magnesium-Orange-197g.jpg\",\"contentUrl\":\"https:\\\/\\\/ecosupplements.be\\\/wp-content\\\/uploads\\\/2025\\\/08\\\/Dr.-Formulated-Whole-Food-Magnesium-Orange-197g.jpg\",\"width\":638,\"height\":882},{\"@type\":\"BreadcrumbList\",\"@id\":\"https:\\\/\\\/ecosupplements.be\\\/fr\\\/produit\\\/magnesium-alimentaire-complet-formule-par-le-dr-orange-197g\\\/#breadcrumb\",\"itemListElement\":[{\"@type\":\"ListItem\",\"position\":1,\"name\":\"Home\",\"item\":\"https:\\\/\\\/ecosupplements.be\\\/fr\\\/\"},{\"@type\":\"ListItem\",\"position\":2,\"name\":\"Boutique\",\"item\":\"https:\\\/\\\/ecosupplements.be\\\/fr\\\/boutique\\\/\"},{\"@type\":\"ListItem\",\"position\":3,\"name\":\"Magn\u00e9sium alimentaire complet formul\u00e9 par le Dr, Orange &#8211; 197g\"}]},{\"@type\":\"WebSite\",\"@id\":\"https:\\\/\\\/ecosupplements.be\\\/fr\\\/#website\",\"url\":\"https:\\\/\\\/ecosupplements.be\\\/fr\\\/\",\"name\":\"ECO Supplements\",\"description\":\"Eco Supplements - Gezonde supplementen\",\"publisher\":{\"@id\":\"https:\\\/\\\/ecosupplements.be\\\/fr\\\/#organization\"},\"potentialAction\":[{\"@type\":\"SearchAction\",\"target\":{\"@type\":\"EntryPoint\",\"urlTemplate\":\"https:\\\/\\\/ecosupplements.be\\\/fr\\\/?s={search_term_string}\"},\"query-input\":{\"@type\":\"PropertyValueSpecification\",\"valueRequired\":true,\"valueName\":\"search_term_string\"}}],\"inLanguage\":\"fr-FR\"},{\"@type\":\"Organization\",\"@id\":\"https:\\\/\\\/ecosupplements.be\\\/fr\\\/#organization\",\"name\":\"Eco Supplements\",\"url\":\"https:\\\/\\\/ecosupplements.be\\\/fr\\\/\",\"logo\":{\"@type\":\"ImageObject\",\"inLanguage\":\"fr-FR\",\"@id\":\"https:\\\/\\\/ecosupplements.be\\\/fr\\\/#\\\/schema\\\/logo\\\/image\\\/\",\"url\":\"https:\\\/\\\/ecosupplements.be\\\/wp-content\\\/uploads\\\/2022\\\/06\\\/ecosupplement-family.png\",\"contentUrl\":\"https:\\\/\\\/ecosupplements.be\\\/wp-content\\\/uploads\\\/2022\\\/06\\\/ecosupplement-family.png\",\"width\":593,\"height\":374,\"caption\":\"Eco Supplements\"},\"image\":{\"@id\":\"https:\\\/\\\/ecosupplements.be\\\/fr\\\/#\\\/schema\\\/logo\\\/image\\\/\"}}]}<\/script>\n<meta property=\"product:brand\" content=\"Garden of Life\" \/>\n<meta property=\"product:price:amount\" content=\"26.78\" \/>\n<meta property=\"product:price:currency\" content=\"EUR\" \/>\n<meta property=\"og:availability\" content=\"instock\" \/>\n<meta property=\"product:availability\" content=\"instock\" \/>\n<meta property=\"product:retailer_item_id\" content=\"658010122788\" \/>\n<meta property=\"product:condition\" content=\"new\" \/>\n<!-- \/ Yoast SEO Premium plugin. -->","yoast_head_json":{"title":"Magn\u00e9sium alimentaire complet formul\u00e9 par le Dr, Orange - 197g - ECO Supplements","description":"Wij hebben een ruime keuze aan producten van Magn\u00e9sium alimentaire complet formul\u00e9 par le Dr, Orange - 197g . Winkel bij Eco Supplements altijd gratis verzending boven 100\u20ac","robots":{"index":"index","follow":"follow","max-snippet":"max-snippet:-1","max-image-preview":"max-image-preview:large","max-video-preview":"max-video-preview:-1"},"canonical":"https:\/\/ecosupplements.be\/fr\/produit\/magnesium-alimentaire-complet-formule-par-le-dr-orange-197g\/","og_locale":"fr_FR","og_type":"article","og_title":"Magn\u00e9sium alimentaire complet formul\u00e9 par le Dr, Orange - 197g","og_description":"Wij hebben een ruime keuze aan producten van Magn\u00e9sium alimentaire complet formul\u00e9 par le Dr, Orange - 197g . Winkel bij Eco Supplements altijd gratis verzending boven 100\u20ac","og_url":"https:\/\/ecosupplements.be\/fr\/produit\/magnesium-alimentaire-complet-formule-par-le-dr-orange-197g\/","og_site_name":"ECO Supplements","article_modified_time":"2025-08-27T13:17:32+00:00","og_image":[{"width":638,"height":882,"url":"https:\/\/ecosupplements.be\/wp-content\/uploads\/2025\/08\/Dr.-Formulated-Whole-Food-Magnesium-Orange-197g-1.jpg","type":"image\/jpeg"}],"twitter_card":"summary_large_image","twitter_misc":{"Prix":"26.78&nbsp;&euro;","Disponibilit\u00e9":"En stock"},"schema":{"@context":"https:\/\/schema.org","@graph":[{"@type":["WebPage","ItemPage"],"@id":"https:\/\/ecosupplements.be\/fr\/produit\/magnesium-alimentaire-complet-formule-par-le-dr-orange-197g\/","url":"https:\/\/ecosupplements.be\/fr\/produit\/magnesium-alimentaire-complet-formule-par-le-dr-orange-197g\/","name":"Magn\u00e9sium alimentaire complet formul\u00e9 par le Dr, Orange - 197g - ECO Supplements","isPartOf":{"@id":"https:\/\/ecosupplements.be\/fr\/#website"},"primaryImageOfPage":{"@id":"https:\/\/ecosupplements.be\/fr\/produit\/magnesium-alimentaire-complet-formule-par-le-dr-orange-197g\/#primaryimage"},"image":{"@id":"https:\/\/ecosupplements.be\/fr\/produit\/magnesium-alimentaire-complet-formule-par-le-dr-orange-197g\/#primaryimage"},"thumbnailUrl":"https:\/\/ecosupplements.be\/wp-content\/uploads\/2025\/08\/Dr.-Formulated-Whole-Food-Magnesium-Orange-197g.jpg","datePublished":"2022-08-25T12:11:14+00:00","dateModified":"2025-08-27T13:17:32+00:00","description":"Wij hebben een ruime keuze aan producten van Magn\u00e9sium alimentaire complet formul\u00e9 par le Dr, Orange - 197g . Winkel bij Eco Supplements altijd gratis verzending boven 100\u20ac","breadcrumb":{"@id":"https:\/\/ecosupplements.be\/fr\/produit\/magnesium-alimentaire-complet-formule-par-le-dr-orange-197g\/#breadcrumb"},"inLanguage":"fr-FR","potentialAction":[{"@type":"ReadAction","target":["https:\/\/ecosupplements.be\/fr\/produit\/magnesium-alimentaire-complet-formule-par-le-dr-orange-197g\/"]}]},{"@type":"ImageObject","inLanguage":"fr-FR","@id":"https:\/\/ecosupplements.be\/fr\/produit\/magnesium-alimentaire-complet-formule-par-le-dr-orange-197g\/#primaryimage","url":"https:\/\/ecosupplements.be\/wp-content\/uploads\/2025\/08\/Dr.-Formulated-Whole-Food-Magnesium-Orange-197g.jpg","contentUrl":"https:\/\/ecosupplements.be\/wp-content\/uploads\/2025\/08\/Dr.-Formulated-Whole-Food-Magnesium-Orange-197g.jpg","width":638,"height":882},{"@type":"BreadcrumbList","@id":"https:\/\/ecosupplements.be\/fr\/produit\/magnesium-alimentaire-complet-formule-par-le-dr-orange-197g\/#breadcrumb","itemListElement":[{"@type":"ListItem","position":1,"name":"Home","item":"https:\/\/ecosupplements.be\/fr\/"},{"@type":"ListItem","position":2,"name":"Boutique","item":"https:\/\/ecosupplements.be\/fr\/boutique\/"},{"@type":"ListItem","position":3,"name":"Magn\u00e9sium alimentaire complet formul\u00e9 par le Dr, Orange &#8211; 197g"}]},{"@type":"WebSite","@id":"https:\/\/ecosupplements.be\/fr\/#website","url":"https:\/\/ecosupplements.be\/fr\/","name":"ECO Supplements","description":"Eco Supplements - Gezonde supplementen","publisher":{"@id":"https:\/\/ecosupplements.be\/fr\/#organization"},"potentialAction":[{"@type":"SearchAction","target":{"@type":"EntryPoint","urlTemplate":"https:\/\/ecosupplements.be\/fr\/?s={search_term_string}"},"query-input":{"@type":"PropertyValueSpecification","valueRequired":true,"valueName":"search_term_string"}}],"inLanguage":"fr-FR"},{"@type":"Organization","@id":"https:\/\/ecosupplements.be\/fr\/#organization","name":"Eco Supplements","url":"https:\/\/ecosupplements.be\/fr\/","logo":{"@type":"ImageObject","inLanguage":"fr-FR","@id":"https:\/\/ecosupplements.be\/fr\/#\/schema\/logo\/image\/","url":"https:\/\/ecosupplements.be\/wp-content\/uploads\/2022\/06\/ecosupplement-family.png","contentUrl":"https:\/\/ecosupplements.be\/wp-content\/uploads\/2022\/06\/ecosupplement-family.png","width":593,"height":374,"caption":"Eco Supplements"},"image":{"@id":"https:\/\/ecosupplements.be\/fr\/#\/schema\/logo\/image\/"}}]},"product_brand":"Garden of Life","product_price_amount":"26.78","product_price_currency":"EUR","og_availability":"instock","product_availability":"instock","product_retailer_item_id":"658010122788","product_condition":"new"},"_links":{"self":[{"href":"https:\/\/ecosupplements.be\/fr\/wp-json\/wp\/v2\/product\/287046","targetHints":{"allow":["GET"]}}],"collection":[{"href":"https:\/\/ecosupplements.be\/fr\/wp-json\/wp\/v2\/product"}],"about":[{"href":"https:\/\/ecosupplements.be\/fr\/wp-json\/wp\/v2\/types\/product"}],"replies":[{"embeddable":true,"href":"https:\/\/ecosupplements.be\/fr\/wp-json\/wp\/v2\/comments?post=287046"}],"wp:featuredmedia":[{"embeddable":true,"href":"https:\/\/ecosupplements.be\/fr\/wp-json\/wp\/v2\/media\/260329"}],"wp:attachment":[{"href":"https:\/\/ecosupplements.be\/fr\/wp-json\/wp\/v2\/media?parent=287046"}],"wp:term":[{"taxonomy":"product_brand","embeddable":true,"href":"https:\/\/ecosupplements.be\/fr\/wp-json\/wp\/v2\/product_brand?post=287046"},{"taxonomy":"product_cat","embeddable":true,"href":"https:\/\/ecosupplements.be\/fr\/wp-json\/wp\/v2\/product_cat?post=287046"},{"taxonomy":"product_tag","embeddable":true,"href":"https:\/\/ecosupplements.be\/fr\/wp-json\/wp\/v2\/product_tag?post=287046"}],"curies":[{"name":"wp","href":"https:\/\/api.w.org\/{rel}","templated":true}]}}