{"id":287106,"date":"2022-12-03T15:16:06","date_gmt":"2022-12-03T14:16:06","guid":{"rendered":"https:\/\/ecosupplements.be\/product\/mykind-organics-sureau-veritable-fruit-120-gouttes-gelifiees-vegetaliennes\/"},"modified":"2025-08-27T14:18:26","modified_gmt":"2025-08-27T13:18:26","slug":"mykind-organics-sureau-veritable-fruit-120-gouttes-gelifiees-vegetaliennes","status":"publish","type":"product","link":"https:\/\/ecosupplements.be\/fr\/produit\/mykind-organics-sureau-veritable-fruit-120-gouttes-gelifiees-vegetaliennes\/","title":{"rendered":"Mykind Organics Sureau, V\u00e9ritable Fruit &#8211; 120 gouttes g\u00e9lifi\u00e9es v\u00e9g\u00e9taliennes"},"content":{"rendered":"<h1>Mykind Organics Elderberry, Real Fruit &#8211; 120 vegan gummy drops<\/h1>\n<p>D\u00e9couvrez le pouvoir de la nature\u2063 avec les\u200d gouttes\u2063 g\u00e9lifi\u00e9es v\u00e9g\u00e9taliennes Mykind \u200dOrganics Elderberry. Ces d\u00e9licieuses gouttes sont fabriqu\u00e9es \u00e0 partir de vrais fruits biologiques et sont une excellente source de\u2063 vitamine C pour renforcer votre syst\u00e8me immunitaire.<\/p>\n<h2>Caract\u00e9ristiques sp\u00e9ciales:<\/h2>\n<ul>\n<li>Fabriqu\u00e9 \u00e0 partir de vrais fruits biologiques<\/li>\n<li>120 gouttes g\u00e9lifi\u00e9es v\u00e9g\u00e9taliennes par bouteille<\/li>\n<li>Excellente source de vitamine C<\/li>\n<li>Soutient le syst\u00e8me immunitaire<\/li>\n<li>Sans g\u00e9latine, sans colorants \u2064artificiels ni ar\u00f4mes<\/li>\n<\/ul>\n<h2>Ingr\u00e9dients:<\/h2>\n<p>Chaque \u2063goutte g\u00e9lifi\u00e9e contient un m\u00e9lange de fruits biologiques, notamment\u200d de l&#8217;ac\u00e9rola, de la baie d&#8217;argousier et \u200cde l&#8217;\u00e9chinac\u00e9e, pour une dose puissante de vitamine C et d&#8217;antioxydants. Les gouttes sont \u2064\u00e9galement enrichies \u2064en zinc pour renforcer encore plus votre syst\u00e8me immunitaire.<\/p>\n<h2>Avantages uniques:<\/h2>\n<p>Les gouttes g\u00e9lifi\u00e9es\u2063 v\u00e9g\u00e9taliennes Mykind Organics Elderberry\u2064 sont un moyen pratique \u200bet d\u00e9licieux de renforcer votre syst\u00e8me immunitaire. Elles sont\u200b fabriqu\u00e9es \u00e0 partir d&#8217;ingr\u00e9dients biologiques de haute qualit\u00e9 et\u2064 ne contiennent aucun ingr\u00e9dient artificiel. De plus, elles \u200bsont sans g\u00e9latine, ce\u200b qui les rend adapt\u00e9es aux v\u00e9g\u00e9taliens et v\u00e9g\u00e9tariens.<\/p>\n<h2>Principales caract\u00e9ristiques:<\/h2>\n<ul>\n<li>Renforce le syst\u00e8me immunitaire<\/li>\n<li>Fabriqu\u00e9 \u00e0 partir d&#8217;ingr\u00e9dients biologiques<\/li>\n<li>Sans g\u00e9latine, convient aux v\u00e9g\u00e9taliens et \u200bv\u00e9g\u00e9tariens<\/li>\n<li>Enrichi en vitamine C et en zinc<\/li>\n<li>D\u00e9licieux go\u00fbt de fruits<\/li>\n<\/ul>\n<p>Donnez \u00e0 votre \u2062corps le soutien dont il a besoin avec \u2062les gouttes g\u00e9lifi\u00e9es v\u00e9g\u00e9taliennes Mykind Organics Elderberry. Fabriqu\u00e9es \u00e0 partir \u200cde vrais fruits biologiques et riches en vitamine C et en zinc, ces gouttes sont un \u200dajout d\u00e9licieux et sain \u00e0 votre routine quotidienne.<\/p>\n","protected":false},"excerpt":{"rendered":"<p>Mykind Organics Elderberry, Real Fruit &#8211; 120 vegan gummy drops D\u00e9couvrez le pouvoir de la nature\u2063 avec les\u200d gouttes\u2063 g\u00e9lifi\u00e9es v\u00e9g\u00e9taliennes Mykind \u200dOrganics Elderberry. Ces d\u00e9licieuses gouttes sont fabriqu\u00e9es \u00e0 partir de vrais fruits biologiques et sont une excellente source de\u2063 vitamine C pour renforcer votre syst\u00e8me immunitaire. Caract\u00e9ristiques sp\u00e9ciales: Fabriqu\u00e9 \u00e0 partir de vrais [&#8230;]\n","protected":false},"featured_media":261283,"comment_status":"open","ping_status":"open","template":"","meta":[],"product_brand":[4810],"product_cat":[5054,5055,5052],"product_tag":[],"class_list":{"0":"post-287106","1":"product","2":"type-product","3":"status-publish","4":"has-post-thumbnail","6":"product_brand-garden-of-life-2","7":"product_cat-nourriture-saine","8":"product_cat-produits-vegetaliens","9":"product_cat-sante-et-bien-etre","11":"first","12":"instock","13":"sale","14":"taxable","15":"shipping-taxable","16":"purchasable","17":"product-type-simple"},"yoast_head":"<!-- This site is optimized with the Yoast SEO Premium plugin v27.3 (Yoast SEO v27.3) - https:\/\/yoast.com\/product\/yoast-seo-premium-wordpress\/ -->\n<title>Mykind Organics Sureau, V\u00e9ritable Fruit - 120 gouttes g\u00e9lifi\u00e9es v\u00e9g\u00e9taliennes - ECO Supplements<\/title>\n<meta name=\"description\" content=\"Wij hebben een ruime keuze aan producten van Mykind Organics Sureau, V\u00e9ritable Fruit - 120 gouttes g\u00e9lifi\u00e9es v\u00e9g\u00e9taliennes . Winkel bij Eco Supplements altijd gratis verzending boven 100\u20ac\" \/>\n<meta name=\"robots\" content=\"index, follow, max-snippet:-1, max-image-preview:large, max-video-preview:-1\" \/>\n<link rel=\"canonical\" href=\"https:\/\/ecosupplements.be\/fr\/produit\/mykind-organics-sureau-veritable-fruit-120-gouttes-gelifiees-vegetaliennes\/\" \/>\n<meta property=\"og:locale\" content=\"fr_FR\" \/>\n<meta property=\"og:type\" content=\"article\" \/>\n<meta property=\"og:title\" content=\"Mykind Organics Sureau, V\u00e9ritable Fruit - 120 gouttes g\u00e9lifi\u00e9es v\u00e9g\u00e9taliennes\" \/>\n<meta property=\"og:description\" content=\"Wij hebben een ruime keuze aan producten van Mykind Organics Sureau, V\u00e9ritable Fruit - 120 gouttes g\u00e9lifi\u00e9es v\u00e9g\u00e9taliennes . Winkel bij Eco Supplements altijd gratis verzending boven 100\u20ac\" \/>\n<meta property=\"og:url\" content=\"https:\/\/ecosupplements.be\/fr\/produit\/mykind-organics-sureau-veritable-fruit-120-gouttes-gelifiees-vegetaliennes\/\" \/>\n<meta property=\"og:site_name\" content=\"ECO Supplements\" \/>\n<meta property=\"article:modified_time\" content=\"2025-08-27T13:18:26+00:00\" \/>\n<meta property=\"og:image\" content=\"https:\/\/ecosupplements.be\/wp-content\/uploads\/2025\/08\/Mykind-Organics-Elderberry-Real-Fruit-120-vegan-gummy-drops-1.jpg\" \/>\n\t<meta property=\"og:image:width\" content=\"600\" \/>\n\t<meta property=\"og:image:height\" content=\"600\" \/>\n\t<meta property=\"og:image:type\" content=\"image\/jpeg\" \/>\n<meta name=\"twitter:card\" content=\"summary_large_image\" \/>\n<meta name=\"twitter:label1\" content=\"Prix\" \/>\n\t<meta name=\"twitter:data1\" content=\"31.61&nbsp;&euro;\" \/>\n\t<meta name=\"twitter:label2\" content=\"Disponibilit\u00e9\" \/>\n\t<meta name=\"twitter:data2\" content=\"En stock\" \/>\n<script type=\"application\/ld+json\" class=\"yoast-schema-graph\">{\"@context\":\"https:\\\/\\\/schema.org\",\"@graph\":[{\"@type\":[\"WebPage\",\"ItemPage\"],\"@id\":\"https:\\\/\\\/ecosupplements.be\\\/fr\\\/produit\\\/mykind-organics-sureau-veritable-fruit-120-gouttes-gelifiees-vegetaliennes\\\/\",\"url\":\"https:\\\/\\\/ecosupplements.be\\\/fr\\\/produit\\\/mykind-organics-sureau-veritable-fruit-120-gouttes-gelifiees-vegetaliennes\\\/\",\"name\":\"Mykind Organics Sureau, V\u00e9ritable Fruit - 120 gouttes g\u00e9lifi\u00e9es v\u00e9g\u00e9taliennes - ECO Supplements\",\"isPartOf\":{\"@id\":\"https:\\\/\\\/ecosupplements.be\\\/fr\\\/#website\"},\"primaryImageOfPage\":{\"@id\":\"https:\\\/\\\/ecosupplements.be\\\/fr\\\/produit\\\/mykind-organics-sureau-veritable-fruit-120-gouttes-gelifiees-vegetaliennes\\\/#primaryimage\"},\"image\":{\"@id\":\"https:\\\/\\\/ecosupplements.be\\\/fr\\\/produit\\\/mykind-organics-sureau-veritable-fruit-120-gouttes-gelifiees-vegetaliennes\\\/#primaryimage\"},\"thumbnailUrl\":\"https:\\\/\\\/ecosupplements.be\\\/wp-content\\\/uploads\\\/2025\\\/08\\\/Mykind-Organics-Elderberry-Real-Fruit-120-vegan-gummy-drops.jpg\",\"datePublished\":\"2022-12-03T14:16:06+00:00\",\"dateModified\":\"2025-08-27T13:18:26+00:00\",\"description\":\"Wij hebben een ruime keuze aan producten van Mykind Organics Sureau, V\u00e9ritable Fruit - 120 gouttes g\u00e9lifi\u00e9es v\u00e9g\u00e9taliennes . Winkel bij Eco Supplements altijd gratis verzending boven 100\u20ac\",\"breadcrumb\":{\"@id\":\"https:\\\/\\\/ecosupplements.be\\\/fr\\\/produit\\\/mykind-organics-sureau-veritable-fruit-120-gouttes-gelifiees-vegetaliennes\\\/#breadcrumb\"},\"inLanguage\":\"fr-FR\",\"potentialAction\":[{\"@type\":\"ReadAction\",\"target\":[\"https:\\\/\\\/ecosupplements.be\\\/fr\\\/produit\\\/mykind-organics-sureau-veritable-fruit-120-gouttes-gelifiees-vegetaliennes\\\/\"]}]},{\"@type\":\"ImageObject\",\"inLanguage\":\"fr-FR\",\"@id\":\"https:\\\/\\\/ecosupplements.be\\\/fr\\\/produit\\\/mykind-organics-sureau-veritable-fruit-120-gouttes-gelifiees-vegetaliennes\\\/#primaryimage\",\"url\":\"https:\\\/\\\/ecosupplements.be\\\/wp-content\\\/uploads\\\/2025\\\/08\\\/Mykind-Organics-Elderberry-Real-Fruit-120-vegan-gummy-drops.jpg\",\"contentUrl\":\"https:\\\/\\\/ecosupplements.be\\\/wp-content\\\/uploads\\\/2025\\\/08\\\/Mykind-Organics-Elderberry-Real-Fruit-120-vegan-gummy-drops.jpg\",\"width\":600,\"height\":600},{\"@type\":\"BreadcrumbList\",\"@id\":\"https:\\\/\\\/ecosupplements.be\\\/fr\\\/produit\\\/mykind-organics-sureau-veritable-fruit-120-gouttes-gelifiees-vegetaliennes\\\/#breadcrumb\",\"itemListElement\":[{\"@type\":\"ListItem\",\"position\":1,\"name\":\"Home\",\"item\":\"https:\\\/\\\/ecosupplements.be\\\/fr\\\/\"},{\"@type\":\"ListItem\",\"position\":2,\"name\":\"Boutique\",\"item\":\"https:\\\/\\\/ecosupplements.be\\\/fr\\\/boutique\\\/\"},{\"@type\":\"ListItem\",\"position\":3,\"name\":\"Mykind Organics Sureau, V\u00e9ritable Fruit &#8211; 120 gouttes g\u00e9lifi\u00e9es v\u00e9g\u00e9taliennes\"}]},{\"@type\":\"WebSite\",\"@id\":\"https:\\\/\\\/ecosupplements.be\\\/fr\\\/#website\",\"url\":\"https:\\\/\\\/ecosupplements.be\\\/fr\\\/\",\"name\":\"ECO Supplements\",\"description\":\"Eco Supplements - Gezonde supplementen\",\"publisher\":{\"@id\":\"https:\\\/\\\/ecosupplements.be\\\/fr\\\/#organization\"},\"potentialAction\":[{\"@type\":\"SearchAction\",\"target\":{\"@type\":\"EntryPoint\",\"urlTemplate\":\"https:\\\/\\\/ecosupplements.be\\\/fr\\\/?s={search_term_string}\"},\"query-input\":{\"@type\":\"PropertyValueSpecification\",\"valueRequired\":true,\"valueName\":\"search_term_string\"}}],\"inLanguage\":\"fr-FR\"},{\"@type\":\"Organization\",\"@id\":\"https:\\\/\\\/ecosupplements.be\\\/fr\\\/#organization\",\"name\":\"Eco Supplements\",\"url\":\"https:\\\/\\\/ecosupplements.be\\\/fr\\\/\",\"logo\":{\"@type\":\"ImageObject\",\"inLanguage\":\"fr-FR\",\"@id\":\"https:\\\/\\\/ecosupplements.be\\\/fr\\\/#\\\/schema\\\/logo\\\/image\\\/\",\"url\":\"https:\\\/\\\/ecosupplements.be\\\/wp-content\\\/uploads\\\/2022\\\/06\\\/ecosupplement-family.png\",\"contentUrl\":\"https:\\\/\\\/ecosupplements.be\\\/wp-content\\\/uploads\\\/2022\\\/06\\\/ecosupplement-family.png\",\"width\":593,\"height\":374,\"caption\":\"Eco Supplements\"},\"image\":{\"@id\":\"https:\\\/\\\/ecosupplements.be\\\/fr\\\/#\\\/schema\\\/logo\\\/image\\\/\"}}]}<\/script>\n<meta property=\"product:brand\" content=\"Garden of Life\" \/>\n<meta property=\"product:price:amount\" content=\"31.61\" \/>\n<meta property=\"product:price:currency\" content=\"EUR\" \/>\n<meta property=\"og:availability\" content=\"instock\" \/>\n<meta property=\"product:availability\" content=\"instock\" \/>\n<meta property=\"product:retailer_item_id\" content=\"658010121774\" \/>\n<meta property=\"product:condition\" content=\"new\" \/>\n<!-- \/ Yoast SEO Premium plugin. -->","yoast_head_json":{"title":"Mykind Organics Sureau, V\u00e9ritable Fruit - 120 gouttes g\u00e9lifi\u00e9es v\u00e9g\u00e9taliennes - ECO Supplements","description":"Wij hebben een ruime keuze aan producten van Mykind Organics Sureau, V\u00e9ritable Fruit - 120 gouttes g\u00e9lifi\u00e9es v\u00e9g\u00e9taliennes . Winkel bij Eco Supplements altijd gratis verzending boven 100\u20ac","robots":{"index":"index","follow":"follow","max-snippet":"max-snippet:-1","max-image-preview":"max-image-preview:large","max-video-preview":"max-video-preview:-1"},"canonical":"https:\/\/ecosupplements.be\/fr\/produit\/mykind-organics-sureau-veritable-fruit-120-gouttes-gelifiees-vegetaliennes\/","og_locale":"fr_FR","og_type":"article","og_title":"Mykind Organics Sureau, V\u00e9ritable Fruit - 120 gouttes g\u00e9lifi\u00e9es v\u00e9g\u00e9taliennes","og_description":"Wij hebben een ruime keuze aan producten van Mykind Organics Sureau, V\u00e9ritable Fruit - 120 gouttes g\u00e9lifi\u00e9es v\u00e9g\u00e9taliennes . Winkel bij Eco Supplements altijd gratis verzending boven 100\u20ac","og_url":"https:\/\/ecosupplements.be\/fr\/produit\/mykind-organics-sureau-veritable-fruit-120-gouttes-gelifiees-vegetaliennes\/","og_site_name":"ECO Supplements","article_modified_time":"2025-08-27T13:18:26+00:00","og_image":[{"width":600,"height":600,"url":"https:\/\/ecosupplements.be\/wp-content\/uploads\/2025\/08\/Mykind-Organics-Elderberry-Real-Fruit-120-vegan-gummy-drops-1.jpg","type":"image\/jpeg"}],"twitter_card":"summary_large_image","twitter_misc":{"Prix":"31.61&nbsp;&euro;","Disponibilit\u00e9":"En stock"},"schema":{"@context":"https:\/\/schema.org","@graph":[{"@type":["WebPage","ItemPage"],"@id":"https:\/\/ecosupplements.be\/fr\/produit\/mykind-organics-sureau-veritable-fruit-120-gouttes-gelifiees-vegetaliennes\/","url":"https:\/\/ecosupplements.be\/fr\/produit\/mykind-organics-sureau-veritable-fruit-120-gouttes-gelifiees-vegetaliennes\/","name":"Mykind Organics Sureau, V\u00e9ritable Fruit - 120 gouttes g\u00e9lifi\u00e9es v\u00e9g\u00e9taliennes - ECO Supplements","isPartOf":{"@id":"https:\/\/ecosupplements.be\/fr\/#website"},"primaryImageOfPage":{"@id":"https:\/\/ecosupplements.be\/fr\/produit\/mykind-organics-sureau-veritable-fruit-120-gouttes-gelifiees-vegetaliennes\/#primaryimage"},"image":{"@id":"https:\/\/ecosupplements.be\/fr\/produit\/mykind-organics-sureau-veritable-fruit-120-gouttes-gelifiees-vegetaliennes\/#primaryimage"},"thumbnailUrl":"https:\/\/ecosupplements.be\/wp-content\/uploads\/2025\/08\/Mykind-Organics-Elderberry-Real-Fruit-120-vegan-gummy-drops.jpg","datePublished":"2022-12-03T14:16:06+00:00","dateModified":"2025-08-27T13:18:26+00:00","description":"Wij hebben een ruime keuze aan producten van Mykind Organics Sureau, V\u00e9ritable Fruit - 120 gouttes g\u00e9lifi\u00e9es v\u00e9g\u00e9taliennes . Winkel bij Eco Supplements altijd gratis verzending boven 100\u20ac","breadcrumb":{"@id":"https:\/\/ecosupplements.be\/fr\/produit\/mykind-organics-sureau-veritable-fruit-120-gouttes-gelifiees-vegetaliennes\/#breadcrumb"},"inLanguage":"fr-FR","potentialAction":[{"@type":"ReadAction","target":["https:\/\/ecosupplements.be\/fr\/produit\/mykind-organics-sureau-veritable-fruit-120-gouttes-gelifiees-vegetaliennes\/"]}]},{"@type":"ImageObject","inLanguage":"fr-FR","@id":"https:\/\/ecosupplements.be\/fr\/produit\/mykind-organics-sureau-veritable-fruit-120-gouttes-gelifiees-vegetaliennes\/#primaryimage","url":"https:\/\/ecosupplements.be\/wp-content\/uploads\/2025\/08\/Mykind-Organics-Elderberry-Real-Fruit-120-vegan-gummy-drops.jpg","contentUrl":"https:\/\/ecosupplements.be\/wp-content\/uploads\/2025\/08\/Mykind-Organics-Elderberry-Real-Fruit-120-vegan-gummy-drops.jpg","width":600,"height":600},{"@type":"BreadcrumbList","@id":"https:\/\/ecosupplements.be\/fr\/produit\/mykind-organics-sureau-veritable-fruit-120-gouttes-gelifiees-vegetaliennes\/#breadcrumb","itemListElement":[{"@type":"ListItem","position":1,"name":"Home","item":"https:\/\/ecosupplements.be\/fr\/"},{"@type":"ListItem","position":2,"name":"Boutique","item":"https:\/\/ecosupplements.be\/fr\/boutique\/"},{"@type":"ListItem","position":3,"name":"Mykind Organics Sureau, V\u00e9ritable Fruit &#8211; 120 gouttes g\u00e9lifi\u00e9es v\u00e9g\u00e9taliennes"}]},{"@type":"WebSite","@id":"https:\/\/ecosupplements.be\/fr\/#website","url":"https:\/\/ecosupplements.be\/fr\/","name":"ECO Supplements","description":"Eco Supplements - Gezonde supplementen","publisher":{"@id":"https:\/\/ecosupplements.be\/fr\/#organization"},"potentialAction":[{"@type":"SearchAction","target":{"@type":"EntryPoint","urlTemplate":"https:\/\/ecosupplements.be\/fr\/?s={search_term_string}"},"query-input":{"@type":"PropertyValueSpecification","valueRequired":true,"valueName":"search_term_string"}}],"inLanguage":"fr-FR"},{"@type":"Organization","@id":"https:\/\/ecosupplements.be\/fr\/#organization","name":"Eco Supplements","url":"https:\/\/ecosupplements.be\/fr\/","logo":{"@type":"ImageObject","inLanguage":"fr-FR","@id":"https:\/\/ecosupplements.be\/fr\/#\/schema\/logo\/image\/","url":"https:\/\/ecosupplements.be\/wp-content\/uploads\/2022\/06\/ecosupplement-family.png","contentUrl":"https:\/\/ecosupplements.be\/wp-content\/uploads\/2022\/06\/ecosupplement-family.png","width":593,"height":374,"caption":"Eco Supplements"},"image":{"@id":"https:\/\/ecosupplements.be\/fr\/#\/schema\/logo\/image\/"}}]},"product_brand":"Garden of Life","product_price_amount":"31.61","product_price_currency":"EUR","og_availability":"instock","product_availability":"instock","product_retailer_item_id":"658010121774","product_condition":"new"},"_links":{"self":[{"href":"https:\/\/ecosupplements.be\/fr\/wp-json\/wp\/v2\/product\/287106","targetHints":{"allow":["GET"]}}],"collection":[{"href":"https:\/\/ecosupplements.be\/fr\/wp-json\/wp\/v2\/product"}],"about":[{"href":"https:\/\/ecosupplements.be\/fr\/wp-json\/wp\/v2\/types\/product"}],"replies":[{"embeddable":true,"href":"https:\/\/ecosupplements.be\/fr\/wp-json\/wp\/v2\/comments?post=287106"}],"wp:featuredmedia":[{"embeddable":true,"href":"https:\/\/ecosupplements.be\/fr\/wp-json\/wp\/v2\/media\/261283"}],"wp:attachment":[{"href":"https:\/\/ecosupplements.be\/fr\/wp-json\/wp\/v2\/media?parent=287106"}],"wp:term":[{"taxonomy":"product_brand","embeddable":true,"href":"https:\/\/ecosupplements.be\/fr\/wp-json\/wp\/v2\/product_brand?post=287106"},{"taxonomy":"product_cat","embeddable":true,"href":"https:\/\/ecosupplements.be\/fr\/wp-json\/wp\/v2\/product_cat?post=287106"},{"taxonomy":"product_tag","embeddable":true,"href":"https:\/\/ecosupplements.be\/fr\/wp-json\/wp\/v2\/product_tag?post=287106"}],"curies":[{"name":"wp","href":"https:\/\/api.w.org\/{rel}","templated":true}]}}